{"id":88682,"date":"2023-08-30T02:22:35","date_gmt":"2023-08-30T02:22:35","guid":{"rendered":"https:\/\/bobimarket.pl\/index.php\/produkt\/otwornica-bimetal-do-drewna-metalu-32-mm-adapter\/"},"modified":"2025-02-27T15:08:01","modified_gmt":"2025-02-27T15:08:01","slug":"otwornica-bimetal-do-drewna-metalu-32-mm-adapter","status":"publish","type":"product","link":"https:\/\/bobimarket.pl\/index.php\/produkt\/otwornica-bimetal-do-drewna-metalu-32-mm-adapter\/","title":{"rendered":"OTWORNICA BIMETAL DO DREWNA METALU 32 mm ADAPTER"},"content":{"rendered":"<section class=\"section\">\n<div class=\"item item-12\">\n<section class=\"text-item\">\n<h2>OTWORNICA BIMETALOWA KORONKA 32 mm ADAPTER<\/h2>\n<p><b>Dane techniczne otwornica:<\/b><\/p>\n<ul>\n<li>\u015arednica: <b>36<\/b><b> mm<\/b><\/li>\n<li>G\u0142\u0119boko\u015b\u0107:<b> 39 mm<\/b><\/li>\n<li>Materia\u0142: <b>stal w\u0119glowa<\/b> (korpus), <b>stal szybkotn\u0105ca\u00a0<\/b> ( z\u0119by)<\/li>\n<li><b>Przeznaczenie:<\/b> wiercenia otwor\u00f3w wmetalach czarnych i kolorowych, tworzywie sztucznym i innych materia\u0142ach.<\/li>\n<\/ul>\n<p><b>Dane techniczne adapter:<\/b><\/p>\n<ul>\n<li>Rodzaj chwytu: <b>sze\u015bciok\u0105tny <\/b><\/li>\n<li>\u015arednica otwornicy:<b>\u00a0<\/b> <b>od 14 mm do 83 mm<\/b><\/li>\n<\/ul>\n<\/section><\/div>\n<\/section>\n<section class=\"section\">\n<div class=\"item item-12\">\n<section class=\"image-item\">\n            <img decoding=\"async\" src=\"https:\/\/upload.cdn.baselinker.com\/products\/14476\/a9b86f20ac29a95e80a8a887308ca91d.jpg\" \/><br \/>\n        <\/section>\n<\/p><\/div>\n<\/section>\n<section class=\"section\">\n<div class=\"item item-12\">\n<section class=\"text-item\">\n<p>Solidna otwornica BiMetalowa.\u00a0 Popularna koronka sprawdzi si\u0119 w trakcie wszelkich prac wyko\u0144czeniowych i instalacyjnych.<\/p>\n<ul>\n<li>Wykonana ze stali w\u0119glowej (korpus) i stali szybkotn\u0105cej HSS (wieniec z\u0119b\u00f3w), kt\u00f3re tworz\u0105 tzw.<b> konstrukcje bimetaliczna<\/b>.<\/li>\n<li>Konstrukcja, uzyskana dzi\u0119ki wysokotechnologicznemu sposobowi spawania, zapewnia d\u0142u\u017cszy okres u\u017cytkowania narz\u0119dzia i zwi\u0119ksza odporno\u015b\u0107 z\u0119ba na uszkodzenia.<\/li>\n<\/ul>\n<p><b>\u2705 DO ZESTAWU DO\u0141\u0104CZONY ADAPTER!<\/b><\/p>\n<p>Adapter z wiert\u0142em prowadz\u0105cym odpowiedni do wsp\u00f3\u0142pracy z otwornicami BiMetalowymi o <b>\u015brednicy 14-83 mm.<\/b><\/p>\n<p>Adapter wyposa\u017cony jest w ko\u0144c\u00f3wk<b>\u0105 sze\u015bciok\u0105tnym <\/b>przeznaczon\u0105 do monta\u017cu w wiertarkach. Standardowa ko\u0144c\u00f3wka sprawia, \u017ce adapter b\u0119dzie pasowa\u0107 do wi\u0119kszo\u015bci dost\u0119pnych na rynku wiertarek.<\/p>\n<ul>\n<li>Precyzyjny mechanizm mocuj\u0105cy zapewnia 20-30% <b>d\u0142u\u017csz\u0105 \u017cywotno\u015bci<\/b> otwornicy.<\/li>\n<li>Dwa trzpienie blokuj\u0105ce <b>zapobiegaj\u0105 luzowanie si\u0119 otwornicy<\/b> podczas wiercenia.<\/li>\n<\/ul>\n<\/section><\/div>\n<\/section>\n<section class=\"section\">\n<div class=\"item item-12\">\n<section class=\"image-item\">\n            <img decoding=\"async\" src=\"https:\/\/upload.cdn.baselinker.com\/products\/14476\/e45740f1ca049e8258e764809a35f0da.jpg\" \/><br \/>\n        <\/section>\n<\/p><\/div>\n<\/section>\n<section class=\"section\">\n<div class=\"item item-12\">\n<section class=\"text-item\">\n<p><b>\u2705 Gruba oraz wytrzyma\u0142a podstawa<\/b><\/p>\n<p>Konstrukcja podstawy zapewnia du\u017c\u0105 trwa\u0142o\u015b\u0107 narz\u0119dzia. Dodatkowo stabilizuje proces ci\u0119cia, redukuj\u0105c do minimum szkodliwe napr\u0119\u017cenia, do kt\u00f3rych dochodzi w trakcie pracy urz\u0105dzenia.<\/p>\n<p>W centrum podstawy znajduje si\u0119 gwintowany otw\u00f3r s\u0142u\u017c\u0105cy do mocowania oprawek (zwanych te\u017c adapterami ) z 6-k\u0105tnym trzpieniem przeznaczonym do montowania otwornic w uchwytach wiertarek, wiertarko-wkr\u0119tarek i m\u0142otk\u00f3w obrotowych.<\/p>\n<p><b>\u2705 Solidny wieniec z\u0119b\u00f3w<\/b><\/p>\n<p>Z\u0119by otwornicy wykonano ze stali, kt\u00f3ry zapewnia wytrzyma\u0142o\u015b\u0107 na \u015bcieranie oraz wi\u0119ksza ich \u017cywotno\u015b\u0107.<\/p>\n<p>Dodatkowo rozwiedzione z\u0119by o nieregularnym podziale umo\u017cliwiaj\u0105 skrawanie z du\u017c\u0105 wydajno\u015bci\u0105, poniewa\u017c podczas pracy obni\u017caj\u0105 tarcie narz\u0119dzia o boki wykonywanego otworu. Ponadto redukuj\u0105 ha\u0142as i drgania.<\/p>\n<p><b>\u2705 Dwa otwory <\/b><b> wentylacyjne<\/b><\/p>\n<p>W bokach otwornicy znajduj\u0105 si\u0119 pod\u0142u\u017cne otwory, kt\u00f3re s\u0142u\u017c\u0105 do odprowadzania wi\u00f3r\u00f3w i usuwania urobku.<\/p>\n<\/section><\/div>\n<\/section>\n<section class=\"section\">\n<div class=\"item item-12\">\n<section class=\"image-item\">\n            <img decoding=\"async\" src=\"https:\/\/upload.cdn.baselinker.com\/products\/14476\/57393ece3216a7a633d9286f12ae2467.jpg\" \/><br \/>\n        <\/section>\n<\/p><\/div>\n<\/section>\n<section class=\"section\">\n<div class=\"item item-12\">\n<section class=\"text-item\">\n<p><b>\u2705Z<\/b><b>astosowanie:<\/b><\/p>\n<p>Otwornica BiMetalowa s\u0142u\u017cy do wiercenia otwor\u00f3w w:<\/p>\n<ul>\n<li>metalach czarnych i kolorowych<\/li>\n<li>tworzywie sztucznym<\/li>\n<li>i innych materia\u0142ach.<\/li>\n<\/ul>\n<p><b>ZESTAW SK\u0141ADA SI\u0118 Z OTWORNICY I ADAPTERA!<\/b><\/p>\n<\/section><\/div>\n<\/section>\n<section class=\"section\">\n<div class=\"item item-12\">\n<section class=\"image-item\">\n            <img decoding=\"async\" src=\"https:\/\/upload.cdn.baselinker.com\/products\/14476\/b5c09c2f00c00733fbf1917af0ec1e02.jpg\" \/><br \/>\n        <\/section>\n<\/p><\/div>\n<\/section>\n","protected":false},"excerpt":{"rendered":"<p>OTWORNICA BIMETALOWA KORONKA 32 mm ADAPTER Dane techniczne otwornica: \u015arednica: 36 mm G\u0142\u0119boko\u015b\u0107: 39 mm Materia\u0142: stal w\u0119glowa (korpus), stal szybkotn\u0105ca\u00a0 ( z\u0119by) Przeznaczenie: wiercenia otwor\u00f3w wmetalach czarnych i kolorowych, tworzywie sztucznym i innych materia\u0142ach. Dane techniczne adapter: Rodzaj chwytu: sze\u015bciok\u0105tny \u015arednica otwornicy:\u00a0 od 14 mm do 83 mm Solidna otwornica BiMetalowa.\u00a0 Popularna koronka sprawdzi<br \/><a class=\"more-link\" href=\"https:\/\/bobimarket.pl\/index.php\/produkt\/otwornica-bimetal-do-drewna-metalu-32-mm-adapter\/\"><br \/>\n        Czytaj wi\u0119cej<span class=\"screen-reader-text\"> &#8222;OTWORNICA BIMETAL DO DREWNA METALU 32 mm ADAPTER&#8221;<\/span><\/a><\/p>\n","protected":false},"featured_media":88674,"template":"","meta":[],"product_cat":[8107],"product_tag":[],"yoast_head":"<!-- This site is optimized with the Yoast SEO plugin v21.0 - https:\/\/yoast.com\/wordpress\/plugins\/seo\/ -->\n<title>OTWORNICA BIMETAL DO DREWNA METALU 32 mm ADAPTER - BOBIMARKET.pl - Remontuj i urz\u0105dzaj z nami<\/title>\n<meta name=\"robots\" content=\"index, follow, max-snippet:-1, max-image-preview:large, max-video-preview:-1\" \/>\n<link rel=\"canonical\" href=\"https:\/\/bobimarket.pl\/index.php\/produkt\/otwornica-bimetal-do-drewna-metalu-32-mm-adapter\/\" \/>\n<meta property=\"og:locale\" content=\"pl_PL\" \/>\n<meta property=\"og:type\" content=\"article\" \/>\n<meta property=\"og:title\" content=\"OTWORNICA BIMETAL DO DREWNA METALU 32 mm ADAPTER - BOBIMARKET.pl - Remontuj i urz\u0105dzaj z nami\" \/>\n<meta property=\"og:description\" content=\"OTWORNICA BIMETALOWA KORONKA 32 mm ADAPTER Dane techniczne otwornica: \u015arednica: 36 mm G\u0142\u0119boko\u015b\u0107: 39 mm Materia\u0142: stal w\u0119glowa (korpus), stal szybkotn\u0105ca\u00a0 ( z\u0119by) Przeznaczenie: wiercenia otwor\u00f3w wmetalach czarnych i kolorowych, tworzywie sztucznym i innych materia\u0142ach. Dane techniczne adapter: Rodzaj chwytu: sze\u015bciok\u0105tny \u015arednica otwornicy:\u00a0 od 14 mm do 83 mm Solidna otwornica BiMetalowa.\u00a0 Popularna koronka sprawdzi     Czytaj wi\u0119cej &quot;OTWORNICA BIMETAL DO DREWNA METALU 32 mm ADAPTER&quot;\" \/>\n<meta property=\"og:url\" content=\"https:\/\/bobimarket.pl\/index.php\/produkt\/otwornica-bimetal-do-drewna-metalu-32-mm-adapter\/\" \/>\n<meta property=\"og:site_name\" content=\"BOBIMARKET.pl - Remontuj i urz\u0105dzaj z nami\" \/>\n<meta property=\"article:modified_time\" content=\"2025-02-27T15:08:01+00:00\" \/>\n<meta property=\"og:image\" content=\"https:\/\/upload.cdn.baselinker.com\/products\/14476\/a9b86f20ac29a95e80a8a887308ca91d.jpg\" \/>\n<meta name=\"twitter:card\" content=\"summary_large_image\" \/>\n<meta name=\"twitter:label1\" content=\"Szacowany czas czytania\" \/>\n\t<meta name=\"twitter:data1\" content=\"2 minuty\" \/>\n<script type=\"application\/ld+json\" class=\"yoast-schema-graph\">{\"@context\":\"https:\/\/schema.org\",\"@graph\":[{\"@type\":\"WebPage\",\"@id\":\"https:\/\/bobimarket.pl\/index.php\/produkt\/otwornica-bimetal-do-drewna-metalu-32-mm-adapter\/\",\"url\":\"https:\/\/bobimarket.pl\/index.php\/produkt\/otwornica-bimetal-do-drewna-metalu-32-mm-adapter\/\",\"name\":\"OTWORNICA BIMETAL DO DREWNA METALU 32 mm ADAPTER - BOBIMARKET.pl - Remontuj i urz\u0105dzaj z nami\",\"isPartOf\":{\"@id\":\"https:\/\/bobimarket.pl\/#website\"},\"datePublished\":\"2023-08-30T02:22:35+00:00\",\"dateModified\":\"2025-02-27T15:08:01+00:00\",\"breadcrumb\":{\"@id\":\"https:\/\/bobimarket.pl\/index.php\/produkt\/otwornica-bimetal-do-drewna-metalu-32-mm-adapter\/#breadcrumb\"},\"inLanguage\":\"pl-PL\",\"potentialAction\":[{\"@type\":\"ReadAction\",\"target\":[\"https:\/\/bobimarket.pl\/index.php\/produkt\/otwornica-bimetal-do-drewna-metalu-32-mm-adapter\/\"]}]},{\"@type\":\"BreadcrumbList\",\"@id\":\"https:\/\/bobimarket.pl\/index.php\/produkt\/otwornica-bimetal-do-drewna-metalu-32-mm-adapter\/#breadcrumb\",\"itemListElement\":[{\"@type\":\"ListItem\",\"position\":1,\"name\":\"Strona g\u0142\u00f3wna\",\"item\":\"https:\/\/bobimarket.pl\/\"},{\"@type\":\"ListItem\",\"position\":2,\"name\":\"Sklep\",\"item\":\"https:\/\/bobimarket.pl\/index.php\/shop\/\"},{\"@type\":\"ListItem\",\"position\":3,\"name\":\"OTWORNICA BIMETAL DO DREWNA METALU 32 mm ADAPTER\"}]},{\"@type\":\"WebSite\",\"@id\":\"https:\/\/bobimarket.pl\/#website\",\"url\":\"https:\/\/bobimarket.pl\/\",\"name\":\"BOBIMARKET.pl - Remontuj i urz\u0105dzaj z nami\",\"description\":\"Remontuj i urz\u0105dzaj z nami\",\"publisher\":{\"@id\":\"https:\/\/bobimarket.pl\/#organization\"},\"potentialAction\":[{\"@type\":\"SearchAction\",\"target\":{\"@type\":\"EntryPoint\",\"urlTemplate\":\"https:\/\/bobimarket.pl\/?s={search_term_string}\"},\"query-input\":\"required name=search_term_string\"}],\"inLanguage\":\"pl-PL\"},{\"@type\":\"Organization\",\"@id\":\"https:\/\/bobimarket.pl\/#organization\",\"name\":\"BOBIMARKET.pl\",\"url\":\"https:\/\/bobimarket.pl\/\",\"logo\":{\"@type\":\"ImageObject\",\"inLanguage\":\"pl-PL\",\"@id\":\"https:\/\/bobimarket.pl\/#\/schema\/logo\/image\/\",\"url\":\"https:\/\/bobimarket.pl\/wp-content\/uploads\/2021\/11\/slogan.png\",\"contentUrl\":\"https:\/\/bobimarket.pl\/wp-content\/uploads\/2021\/11\/slogan.png\",\"width\":2000,\"height\":384,\"caption\":\"BOBIMARKET.pl\"},\"image\":{\"@id\":\"https:\/\/bobimarket.pl\/#\/schema\/logo\/image\/\"}}]}<\/script>\n<!-- \/ Yoast SEO plugin. -->","yoast_head_json":{"title":"OTWORNICA BIMETAL DO DREWNA METALU 32 mm ADAPTER - BOBIMARKET.pl - Remontuj i urz\u0105dzaj z nami","robots":{"index":"index","follow":"follow","max-snippet":"max-snippet:-1","max-image-preview":"max-image-preview:large","max-video-preview":"max-video-preview:-1"},"canonical":"https:\/\/bobimarket.pl\/index.php\/produkt\/otwornica-bimetal-do-drewna-metalu-32-mm-adapter\/","og_locale":"pl_PL","og_type":"article","og_title":"OTWORNICA BIMETAL DO DREWNA METALU 32 mm ADAPTER - BOBIMARKET.pl - Remontuj i urz\u0105dzaj z nami","og_description":"OTWORNICA BIMETALOWA KORONKA 32 mm ADAPTER Dane techniczne otwornica: \u015arednica: 36 mm G\u0142\u0119boko\u015b\u0107: 39 mm Materia\u0142: stal w\u0119glowa (korpus), stal szybkotn\u0105ca\u00a0 ( z\u0119by) Przeznaczenie: wiercenia otwor\u00f3w wmetalach czarnych i kolorowych, tworzywie sztucznym i innych materia\u0142ach. Dane techniczne adapter: Rodzaj chwytu: sze\u015bciok\u0105tny \u015arednica otwornicy:\u00a0 od 14 mm do 83 mm Solidna otwornica BiMetalowa.\u00a0 Popularna koronka sprawdzi     Czytaj wi\u0119cej \"OTWORNICA BIMETAL DO DREWNA METALU 32 mm ADAPTER\"","og_url":"https:\/\/bobimarket.pl\/index.php\/produkt\/otwornica-bimetal-do-drewna-metalu-32-mm-adapter\/","og_site_name":"BOBIMARKET.pl - Remontuj i urz\u0105dzaj z nami","article_modified_time":"2025-02-27T15:08:01+00:00","og_image":[{"url":"https:\/\/upload.cdn.baselinker.com\/products\/14476\/a9b86f20ac29a95e80a8a887308ca91d.jpg"}],"twitter_card":"summary_large_image","twitter_misc":{"Szacowany czas czytania":"2 minuty"},"schema":{"@context":"https:\/\/schema.org","@graph":[{"@type":"WebPage","@id":"https:\/\/bobimarket.pl\/index.php\/produkt\/otwornica-bimetal-do-drewna-metalu-32-mm-adapter\/","url":"https:\/\/bobimarket.pl\/index.php\/produkt\/otwornica-bimetal-do-drewna-metalu-32-mm-adapter\/","name":"OTWORNICA BIMETAL DO DREWNA METALU 32 mm ADAPTER - BOBIMARKET.pl - Remontuj i urz\u0105dzaj z nami","isPartOf":{"@id":"https:\/\/bobimarket.pl\/#website"},"datePublished":"2023-08-30T02:22:35+00:00","dateModified":"2025-02-27T15:08:01+00:00","breadcrumb":{"@id":"https:\/\/bobimarket.pl\/index.php\/produkt\/otwornica-bimetal-do-drewna-metalu-32-mm-adapter\/#breadcrumb"},"inLanguage":"pl-PL","potentialAction":[{"@type":"ReadAction","target":["https:\/\/bobimarket.pl\/index.php\/produkt\/otwornica-bimetal-do-drewna-metalu-32-mm-adapter\/"]}]},{"@type":"BreadcrumbList","@id":"https:\/\/bobimarket.pl\/index.php\/produkt\/otwornica-bimetal-do-drewna-metalu-32-mm-adapter\/#breadcrumb","itemListElement":[{"@type":"ListItem","position":1,"name":"Strona g\u0142\u00f3wna","item":"https:\/\/bobimarket.pl\/"},{"@type":"ListItem","position":2,"name":"Sklep","item":"https:\/\/bobimarket.pl\/index.php\/shop\/"},{"@type":"ListItem","position":3,"name":"OTWORNICA BIMETAL DO DREWNA METALU 32 mm ADAPTER"}]},{"@type":"WebSite","@id":"https:\/\/bobimarket.pl\/#website","url":"https:\/\/bobimarket.pl\/","name":"BOBIMARKET.pl - Remontuj i urz\u0105dzaj z nami","description":"Remontuj i urz\u0105dzaj z nami","publisher":{"@id":"https:\/\/bobimarket.pl\/#organization"},"potentialAction":[{"@type":"SearchAction","target":{"@type":"EntryPoint","urlTemplate":"https:\/\/bobimarket.pl\/?s={search_term_string}"},"query-input":"required name=search_term_string"}],"inLanguage":"pl-PL"},{"@type":"Organization","@id":"https:\/\/bobimarket.pl\/#organization","name":"BOBIMARKET.pl","url":"https:\/\/bobimarket.pl\/","logo":{"@type":"ImageObject","inLanguage":"pl-PL","@id":"https:\/\/bobimarket.pl\/#\/schema\/logo\/image\/","url":"https:\/\/bobimarket.pl\/wp-content\/uploads\/2021\/11\/slogan.png","contentUrl":"https:\/\/bobimarket.pl\/wp-content\/uploads\/2021\/11\/slogan.png","width":2000,"height":384,"caption":"BOBIMARKET.pl"},"image":{"@id":"https:\/\/bobimarket.pl\/#\/schema\/logo\/image\/"}}]}},"_links":{"self":[{"href":"https:\/\/bobimarket.pl\/index.php\/wp-json\/wp\/v2\/product\/88682"}],"collection":[{"href":"https:\/\/bobimarket.pl\/index.php\/wp-json\/wp\/v2\/product"}],"about":[{"href":"https:\/\/bobimarket.pl\/index.php\/wp-json\/wp\/v2\/types\/product"}],"wp:featuredmedia":[{"embeddable":true,"href":"https:\/\/bobimarket.pl\/index.php\/wp-json\/wp\/v2\/media\/88674"}],"wp:attachment":[{"href":"https:\/\/bobimarket.pl\/index.php\/wp-json\/wp\/v2\/media?parent=88682"}],"wp:term":[{"taxonomy":"product_cat","embeddable":true,"href":"https:\/\/bobimarket.pl\/index.php\/wp-json\/wp\/v2\/product_cat?post=88682"},{"taxonomy":"product_tag","embeddable":true,"href":"https:\/\/bobimarket.pl\/index.php\/wp-json\/wp\/v2\/product_tag?post=88682"}],"curies":[{"name":"wp","href":"https:\/\/api.w.org\/{rel}","templated":true}]}}