{"id":88774,"date":"2023-08-30T02:27:42","date_gmt":"2023-08-30T02:27:42","guid":{"rendered":"https:\/\/bobimarket.pl\/index.php\/produkt\/pilka-pila-do-metalu-ramka-brzeszczot-300-mm-2\/"},"modified":"2025-02-27T15:09:03","modified_gmt":"2025-02-27T15:09:03","slug":"pilka-pila-do-metalu-ramka-brzeszczot-300-mm-2","status":"publish","type":"product","link":"https:\/\/bobimarket.pl\/index.php\/produkt\/pilka-pila-do-metalu-ramka-brzeszczot-300-mm-2\/","title":{"rendered":"PI\u0141KA PI\u0141A DO METALU RAMKA + BRZESZCZOT 300 mm"},"content":{"rendered":"<section class=\"section\">\n<div class=\"item item-6\">\n<section class=\"image-item\">\n                <img decoding=\"async\" src=\"https:\/\/upload.cdn.baselinker.com\/products\/14476\/5ec9c04ff343bc677a97ff31faad7413.jpg\" \/><br \/>\n            <\/section>\n<\/p><\/div>\n<div class=\"item item-6\">\n<section class=\"text-item\">\n<h2>PI\u0141KA PI\u0141A DO METALU RAMKA + BRZESZCZOT 300 mm<\/h2>\n<p><b>Dane techniczne:<\/b><\/p>\n<ul>\n<li>D\u0142ugo\u015b\u0107: <b>300 mm<\/b><\/li>\n<li>Materia\u0142 oprawy: <b>aluminium\/metal<\/b><\/li>\n<li>Podzia\u0142ka metal:<b> 24 [TPI]<\/b><\/li>\n<li>Przeznaczenie: do metalu, \u017celaza, PCV<\/li>\n<\/ul>\n<\/section><\/div>\n<\/section>\n<section class=\"section\">\n<div class=\"item item-6\">\n<section class=\"image-item\">\n                <img decoding=\"async\" src=\"https:\/\/upload.cdn.baselinker.com\/products\/14476\/b631542b21a503ac5658a5213006a65c.jpg\" \/><br \/>\n            <\/section>\n<\/p><\/div>\n<div class=\"item item-6\">\n<section class=\"text-item\">\n<p><b>Praktyczny i przydatny element wyposa\u017cenia Twojego warsztatu!<\/b><\/p>\n<p>Solidna pi\u0142ka ramka w zestawie z brzeszczotem. Pi\u0142ka sprawdzi si\u0119 podczas ci\u0119cia materia\u0142\u00f3w metalowych tj. elementy stalowe, metale kolorowe czy blacha.<\/p>\n<ul>\n<li><b>Specjalna konstrukcja<\/b> sprawia, \u017ce narz\u0119dzie jest sztywne i lekkie. Zapewnia to maksymaln\u0105 kontrol\u0119 i u\u0142awia ci\u0119cie.<\/li>\n<li><b>Zamkni\u0119ta r\u0119koje\u015b\u0107<\/b>\u00a0 z uchwytem z tworzywa zapewnia bezpiecze\u0144stwo i komfort pracy.\u00a0 Chroni d\u0142o\u0144 przed przypadkowym zranieniem podczas wykonywania prac. Ponadto narz\u0119dzie dobrze\u00a0 trzyma si\u0119 w d\u0142oni i nie wy\u015blizguje si\u0119.\u00a0<\/li>\n<li>Dodatkowo na ko\u0144cu narz\u0119dzi znajduje si\u0119 <b>mi\u0119kki odbojnik.<\/b><\/li>\n<\/ul>\n<\/section><\/div>\n<\/section>\n<section class=\"section\">\n<div class=\"item item-6\">\n<section class=\"image-item\">\n                <img decoding=\"async\" src=\"https:\/\/upload.cdn.baselinker.com\/products\/14476\/5ec9c04ff343bc677a97ff31faad7413.jpg\" \/><br \/>\n            <\/section>\n<\/p><\/div>\n<div class=\"item item-6\">\n<section class=\"text-item\">\n<p><b>\u2705 Zastosowanie:<\/b><\/p>\n<p>Pi\u0142ka ramka to przydatne narz\u0119dzie ka\u017cdego domowego majsterkowicza b\u0105d\u017a profesjonalisty.<\/p>\n<p>Doskonale sprawdzi si\u0119 p<b>odczas wykonywania wszelkich prac budowlanych i warsztatowych.<\/b><\/p>\n<ul>\n<li>Przeznaczony do ci\u0119cia rur, pr\u0119t\u00f3w kabli itp.<\/li>\n<li>Do obr\u00f3bki element\u00f3w stalowych, metali kolorowych, blachy<\/li>\n<\/ul>\n<\/section><\/div>\n<\/section>\n","protected":false},"excerpt":{"rendered":"<p>PI\u0141KA PI\u0141A DO METALU RAMKA + BRZESZCZOT 300 mm Dane techniczne: D\u0142ugo\u015b\u0107: 300 mm Materia\u0142 oprawy: aluminium\/metal Podzia\u0142ka metal: 24 [TPI] Przeznaczenie: do metalu, \u017celaza, PCV Praktyczny i przydatny element wyposa\u017cenia Twojego warsztatu! Solidna pi\u0142ka ramka w zestawie z brzeszczotem. Pi\u0142ka sprawdzi si\u0119 podczas ci\u0119cia materia\u0142\u00f3w metalowych tj. elementy stalowe, metale kolorowe czy blacha. Specjalna<br \/><a class=\"more-link\" href=\"https:\/\/bobimarket.pl\/index.php\/produkt\/pilka-pila-do-metalu-ramka-brzeszczot-300-mm-2\/\"><br \/>\n        Czytaj wi\u0119cej<span class=\"screen-reader-text\"> &#8222;PI\u0141KA PI\u0141A DO METALU RAMKA + BRZESZCZOT 300 mm&#8221;<\/span><\/a><\/p>\n","protected":false},"featured_media":88772,"template":"","meta":[],"product_cat":[8190],"product_tag":[],"yoast_head":"<!-- This site is optimized with the Yoast SEO plugin v21.0 - https:\/\/yoast.com\/wordpress\/plugins\/seo\/ -->\n<title>PI\u0141KA PI\u0141A DO METALU RAMKA + BRZESZCZOT 300 mm - BOBIMARKET.pl - Remontuj i urz\u0105dzaj z nami<\/title>\n<meta name=\"robots\" content=\"index, follow, max-snippet:-1, max-image-preview:large, max-video-preview:-1\" \/>\n<link rel=\"canonical\" href=\"https:\/\/bobimarket.pl\/index.php\/produkt\/pilka-pila-do-metalu-ramka-brzeszczot-300-mm-2\/\" \/>\n<meta property=\"og:locale\" content=\"pl_PL\" \/>\n<meta property=\"og:type\" content=\"article\" \/>\n<meta property=\"og:title\" content=\"PI\u0141KA PI\u0141A DO METALU RAMKA + BRZESZCZOT 300 mm - BOBIMARKET.pl - Remontuj i urz\u0105dzaj z nami\" \/>\n<meta property=\"og:description\" content=\"PI\u0141KA PI\u0141A DO METALU RAMKA + BRZESZCZOT 300 mm Dane techniczne: D\u0142ugo\u015b\u0107: 300 mm Materia\u0142 oprawy: aluminium\/metal Podzia\u0142ka metal: 24 [TPI] Przeznaczenie: do metalu, \u017celaza, PCV Praktyczny i przydatny element wyposa\u017cenia Twojego warsztatu! Solidna pi\u0142ka ramka w zestawie z brzeszczotem. Pi\u0142ka sprawdzi si\u0119 podczas ci\u0119cia materia\u0142\u00f3w metalowych tj. elementy stalowe, metale kolorowe czy blacha. Specjalna     Czytaj wi\u0119cej &quot;PI\u0141KA PI\u0141A DO METALU RAMKA + BRZESZCZOT 300 mm&quot;\" \/>\n<meta property=\"og:url\" content=\"https:\/\/bobimarket.pl\/index.php\/produkt\/pilka-pila-do-metalu-ramka-brzeszczot-300-mm-2\/\" \/>\n<meta property=\"og:site_name\" content=\"BOBIMARKET.pl - Remontuj i urz\u0105dzaj z nami\" \/>\n<meta property=\"article:modified_time\" content=\"2025-02-27T15:09:03+00:00\" \/>\n<meta property=\"og:image\" content=\"https:\/\/upload.cdn.baselinker.com\/products\/14476\/5ec9c04ff343bc677a97ff31faad7413.jpg\" \/>\n<meta name=\"twitter:card\" content=\"summary_large_image\" \/>\n<meta name=\"twitter:label1\" content=\"Szacowany czas czytania\" \/>\n\t<meta name=\"twitter:data1\" content=\"1 minuta\" \/>\n<script type=\"application\/ld+json\" class=\"yoast-schema-graph\">{\"@context\":\"https:\/\/schema.org\",\"@graph\":[{\"@type\":\"WebPage\",\"@id\":\"https:\/\/bobimarket.pl\/index.php\/produkt\/pilka-pila-do-metalu-ramka-brzeszczot-300-mm-2\/\",\"url\":\"https:\/\/bobimarket.pl\/index.php\/produkt\/pilka-pila-do-metalu-ramka-brzeszczot-300-mm-2\/\",\"name\":\"PI\u0141KA PI\u0141A DO METALU RAMKA + BRZESZCZOT 300 mm - BOBIMARKET.pl - Remontuj i urz\u0105dzaj z nami\",\"isPartOf\":{\"@id\":\"https:\/\/bobimarket.pl\/#website\"},\"datePublished\":\"2023-08-30T02:27:42+00:00\",\"dateModified\":\"2025-02-27T15:09:03+00:00\",\"breadcrumb\":{\"@id\":\"https:\/\/bobimarket.pl\/index.php\/produkt\/pilka-pila-do-metalu-ramka-brzeszczot-300-mm-2\/#breadcrumb\"},\"inLanguage\":\"pl-PL\",\"potentialAction\":[{\"@type\":\"ReadAction\",\"target\":[\"https:\/\/bobimarket.pl\/index.php\/produkt\/pilka-pila-do-metalu-ramka-brzeszczot-300-mm-2\/\"]}]},{\"@type\":\"BreadcrumbList\",\"@id\":\"https:\/\/bobimarket.pl\/index.php\/produkt\/pilka-pila-do-metalu-ramka-brzeszczot-300-mm-2\/#breadcrumb\",\"itemListElement\":[{\"@type\":\"ListItem\",\"position\":1,\"name\":\"Strona g\u0142\u00f3wna\",\"item\":\"https:\/\/bobimarket.pl\/\"},{\"@type\":\"ListItem\",\"position\":2,\"name\":\"Sklep\",\"item\":\"https:\/\/bobimarket.pl\/index.php\/shop\/\"},{\"@type\":\"ListItem\",\"position\":3,\"name\":\"PI\u0141KA PI\u0141A DO METALU RAMKA + BRZESZCZOT 300 mm\"}]},{\"@type\":\"WebSite\",\"@id\":\"https:\/\/bobimarket.pl\/#website\",\"url\":\"https:\/\/bobimarket.pl\/\",\"name\":\"BOBIMARKET.pl - Remontuj i urz\u0105dzaj z nami\",\"description\":\"Remontuj i urz\u0105dzaj z nami\",\"publisher\":{\"@id\":\"https:\/\/bobimarket.pl\/#organization\"},\"potentialAction\":[{\"@type\":\"SearchAction\",\"target\":{\"@type\":\"EntryPoint\",\"urlTemplate\":\"https:\/\/bobimarket.pl\/?s={search_term_string}\"},\"query-input\":\"required name=search_term_string\"}],\"inLanguage\":\"pl-PL\"},{\"@type\":\"Organization\",\"@id\":\"https:\/\/bobimarket.pl\/#organization\",\"name\":\"BOBIMARKET.pl\",\"url\":\"https:\/\/bobimarket.pl\/\",\"logo\":{\"@type\":\"ImageObject\",\"inLanguage\":\"pl-PL\",\"@id\":\"https:\/\/bobimarket.pl\/#\/schema\/logo\/image\/\",\"url\":\"https:\/\/bobimarket.pl\/wp-content\/uploads\/2021\/11\/slogan.png\",\"contentUrl\":\"https:\/\/bobimarket.pl\/wp-content\/uploads\/2021\/11\/slogan.png\",\"width\":2000,\"height\":384,\"caption\":\"BOBIMARKET.pl\"},\"image\":{\"@id\":\"https:\/\/bobimarket.pl\/#\/schema\/logo\/image\/\"}}]}<\/script>\n<!-- \/ Yoast SEO plugin. -->","yoast_head_json":{"title":"PI\u0141KA PI\u0141A DO METALU RAMKA + BRZESZCZOT 300 mm - BOBIMARKET.pl - Remontuj i urz\u0105dzaj z nami","robots":{"index":"index","follow":"follow","max-snippet":"max-snippet:-1","max-image-preview":"max-image-preview:large","max-video-preview":"max-video-preview:-1"},"canonical":"https:\/\/bobimarket.pl\/index.php\/produkt\/pilka-pila-do-metalu-ramka-brzeszczot-300-mm-2\/","og_locale":"pl_PL","og_type":"article","og_title":"PI\u0141KA PI\u0141A DO METALU RAMKA + BRZESZCZOT 300 mm - BOBIMARKET.pl - Remontuj i urz\u0105dzaj z nami","og_description":"PI\u0141KA PI\u0141A DO METALU RAMKA + BRZESZCZOT 300 mm Dane techniczne: D\u0142ugo\u015b\u0107: 300 mm Materia\u0142 oprawy: aluminium\/metal Podzia\u0142ka metal: 24 [TPI] Przeznaczenie: do metalu, \u017celaza, PCV Praktyczny i przydatny element wyposa\u017cenia Twojego warsztatu! Solidna pi\u0142ka ramka w zestawie z brzeszczotem. Pi\u0142ka sprawdzi si\u0119 podczas ci\u0119cia materia\u0142\u00f3w metalowych tj. elementy stalowe, metale kolorowe czy blacha. Specjalna     Czytaj wi\u0119cej \"PI\u0141KA PI\u0141A DO METALU RAMKA + BRZESZCZOT 300 mm\"","og_url":"https:\/\/bobimarket.pl\/index.php\/produkt\/pilka-pila-do-metalu-ramka-brzeszczot-300-mm-2\/","og_site_name":"BOBIMARKET.pl - Remontuj i urz\u0105dzaj z nami","article_modified_time":"2025-02-27T15:09:03+00:00","og_image":[{"url":"https:\/\/upload.cdn.baselinker.com\/products\/14476\/5ec9c04ff343bc677a97ff31faad7413.jpg"}],"twitter_card":"summary_large_image","twitter_misc":{"Szacowany czas czytania":"1 minuta"},"schema":{"@context":"https:\/\/schema.org","@graph":[{"@type":"WebPage","@id":"https:\/\/bobimarket.pl\/index.php\/produkt\/pilka-pila-do-metalu-ramka-brzeszczot-300-mm-2\/","url":"https:\/\/bobimarket.pl\/index.php\/produkt\/pilka-pila-do-metalu-ramka-brzeszczot-300-mm-2\/","name":"PI\u0141KA PI\u0141A DO METALU RAMKA + BRZESZCZOT 300 mm - BOBIMARKET.pl - Remontuj i urz\u0105dzaj z nami","isPartOf":{"@id":"https:\/\/bobimarket.pl\/#website"},"datePublished":"2023-08-30T02:27:42+00:00","dateModified":"2025-02-27T15:09:03+00:00","breadcrumb":{"@id":"https:\/\/bobimarket.pl\/index.php\/produkt\/pilka-pila-do-metalu-ramka-brzeszczot-300-mm-2\/#breadcrumb"},"inLanguage":"pl-PL","potentialAction":[{"@type":"ReadAction","target":["https:\/\/bobimarket.pl\/index.php\/produkt\/pilka-pila-do-metalu-ramka-brzeszczot-300-mm-2\/"]}]},{"@type":"BreadcrumbList","@id":"https:\/\/bobimarket.pl\/index.php\/produkt\/pilka-pila-do-metalu-ramka-brzeszczot-300-mm-2\/#breadcrumb","itemListElement":[{"@type":"ListItem","position":1,"name":"Strona g\u0142\u00f3wna","item":"https:\/\/bobimarket.pl\/"},{"@type":"ListItem","position":2,"name":"Sklep","item":"https:\/\/bobimarket.pl\/index.php\/shop\/"},{"@type":"ListItem","position":3,"name":"PI\u0141KA PI\u0141A DO METALU RAMKA + BRZESZCZOT 300 mm"}]},{"@type":"WebSite","@id":"https:\/\/bobimarket.pl\/#website","url":"https:\/\/bobimarket.pl\/","name":"BOBIMARKET.pl - Remontuj i urz\u0105dzaj z nami","description":"Remontuj i urz\u0105dzaj z nami","publisher":{"@id":"https:\/\/bobimarket.pl\/#organization"},"potentialAction":[{"@type":"SearchAction","target":{"@type":"EntryPoint","urlTemplate":"https:\/\/bobimarket.pl\/?s={search_term_string}"},"query-input":"required name=search_term_string"}],"inLanguage":"pl-PL"},{"@type":"Organization","@id":"https:\/\/bobimarket.pl\/#organization","name":"BOBIMARKET.pl","url":"https:\/\/bobimarket.pl\/","logo":{"@type":"ImageObject","inLanguage":"pl-PL","@id":"https:\/\/bobimarket.pl\/#\/schema\/logo\/image\/","url":"https:\/\/bobimarket.pl\/wp-content\/uploads\/2021\/11\/slogan.png","contentUrl":"https:\/\/bobimarket.pl\/wp-content\/uploads\/2021\/11\/slogan.png","width":2000,"height":384,"caption":"BOBIMARKET.pl"},"image":{"@id":"https:\/\/bobimarket.pl\/#\/schema\/logo\/image\/"}}]}},"_links":{"self":[{"href":"https:\/\/bobimarket.pl\/index.php\/wp-json\/wp\/v2\/product\/88774"}],"collection":[{"href":"https:\/\/bobimarket.pl\/index.php\/wp-json\/wp\/v2\/product"}],"about":[{"href":"https:\/\/bobimarket.pl\/index.php\/wp-json\/wp\/v2\/types\/product"}],"wp:featuredmedia":[{"embeddable":true,"href":"https:\/\/bobimarket.pl\/index.php\/wp-json\/wp\/v2\/media\/88772"}],"wp:attachment":[{"href":"https:\/\/bobimarket.pl\/index.php\/wp-json\/wp\/v2\/media?parent=88774"}],"wp:term":[{"taxonomy":"product_cat","embeddable":true,"href":"https:\/\/bobimarket.pl\/index.php\/wp-json\/wp\/v2\/product_cat?post=88774"},{"taxonomy":"product_tag","embeddable":true,"href":"https:\/\/bobimarket.pl\/index.php\/wp-json\/wp\/v2\/product_tag?post=88774"}],"curies":[{"name":"wp","href":"https:\/\/api.w.org\/{rel}","templated":true}]}}