{"id":88788,"date":"2023-08-30T02:28:50","date_gmt":"2023-08-30T02:28:50","guid":{"rendered":"https:\/\/bobimarket.pl\/index.php\/produkt\/katownik-regulowany-nastawny-stalowy-500-mm\/"},"modified":"2026-03-16T14:33:55","modified_gmt":"2026-03-16T14:33:55","slug":"katownik-regulowany-nastawny-stalowy-500-mm","status":"publish","type":"product","link":"https:\/\/bobimarket.pl\/index.php\/produkt\/katownik-regulowany-nastawny-stalowy-500-mm\/","title":{"rendered":"K\u0104TOWNIK REGULOWANY NASTAWNY STALOWY 500 mm"},"content":{"rendered":"<section class=\"section\">\n<div class=\"item item-6\">\n<section class=\"image-item\">\n                <img decoding=\"async\" src=\"https:\/\/upload.cdn.baselinker.com\/products\/14476\/23fc5d7f3e6183bffd37efde6fdc9bfb.jpg\" \/><br \/>\n            <\/section>\n<\/p><\/div>\n<div class=\"item item-6\">\n<section class=\"text-item\">\n<h2>K\u0104TOWNIK REGULOWANY NASTAWNY STALOWY 500 mm<\/h2>\n<p><b>Dane techniczne:<\/b><\/p>\n<ul>\n<li>Materia\u0142:<b>stal, stopka aluminiowA<\/b><\/li>\n<li>Zakres pomiaru:<b> od 0<\/b><b>\u00b0 do 180\u00b0<\/b><\/li>\n<li>D\u0142ugo\u015b\u0107: <b>500 mm<\/b><\/li>\n<\/ul>\n<\/section><\/div>\n<\/section>\n<section class=\"section\">\n<div class=\"item item-6\">\n<section class=\"image-item\">\n                <img decoding=\"async\" src=\"https:\/\/upload.cdn.baselinker.com\/products\/14476\/7e75241571b510f9d8d029c66d038f67.jpg\" \/><br \/>\n            <\/section>\n<\/p><\/div>\n<div class=\"item item-6\">\n<section class=\"text-item\">\n<p><b>Idealna narz\u0119dzie, kt\u00f3re u\u0142atwi Twoj\u0105 prac\u0119! <\/b><\/p>\n<p>Praktyczny regulowany k\u0105townik o d\u0142ugo\u015bci 500 mm. Zbudowany ze stalowego ruchomego ramienia i aluminiowej stopki. Przeznaczony jest\u00a0do pomiaru k\u0105t\u00f3w w zakresie od 0\u00b0 do 180\u00b0. Rami\u0119 mo\u017cna zablokowa\u0107 na wybranym k\u0105cie &#8211; co u\u0142atwi prac\u0119.<\/p>\n<p><b>\u2705<\/b><b> Solidne wykonanie<\/b><\/p>\n<p>K\u0105townik wykonano z wysokiej jako\u015bci tworzywa, co b\u0119dzie owocowa\u0142o d\u0142ugim okresem u\u017cytkowania.<\/p>\n<p><b>\u2705<\/b><b> Czytelna i wyra\u017ana podzia\u0142ka<\/b><\/p>\n<p>Czarna skala wyra\u017anie odznacza si\u0119 na \u017c\u00f3\u0142tej powierzchni k\u0105townika.<\/p>\n<p><b>\u2705<\/b><b> Praktyczny i wielofunkcyjny<\/b><\/p>\n<p>K\u0105townik \u00a0b\u0119dzie pomocny podczas prac budowlanych, wyko\u0144czeniowych i malarskich. Przyda si\u0119 zar\u00f3wno profesjonalist\u0105 jak i amatorom.<\/p>\n<\/section><\/div>\n<\/section>\n<section class=\"section\">\n<div class=\"item item-6\">\n<section class=\"image-item\">\n                <img decoding=\"async\" src=\"https:\/\/upload.cdn.baselinker.com\/products\/14476\/7d6f9cda4443b7ae1fc2ad481e02efb8.jpg\" \/><br \/>\n            <\/section>\n<\/p><\/div>\n<div class=\"item item-6\">\n<section class=\"text-item\">\n<p><b>\u2705<\/b><b> Zastosowanie: <\/b><\/p>\n<ul>\n<li>Sprawdzi si\u0119 w sytuacjach, gdy potrzebujesz dokona\u0107 precyzyjnych pomiar\u00f3w.<\/li>\n<li>Pomocny do konstrukcji k\u0105t\u00f3w w zakresie od 0\u00b0 do 180\u00b0.<\/li>\n<\/ul>\n<ul>\n<li>Przydatny jako narz\u0119dzie pomocnicze do wyznaczania na k\u0105t\u00f3w na r\u00f3\u017cnych\u00a0 powierzchniach.<\/li>\n<\/ul>\n<ul>\n<li>Do wyznaczania i ustawiania k\u0105ta prostego.<\/li>\n<\/ul>\n<ul>\n<li>K\u0105townik mo\u017ce by\u0107 zastosowany r\u00f3wnie\u017c jako klasyczna prosta linijka.<\/li>\n<\/ul>\n<p><b>\u2705 Dla kogo ?<\/b><\/p>\n<p>Dla wszystkich, kt\u00f3rzy ceni\u0105 sobie wygod\u0119 i lubi\u0105 sprawnie i w kr\u00f3tkim czasie wykonywa\u0107 prace.<\/p>\n<ul>\n<li>Nieodzowne narz\u0119dzie ka\u017cdego rzemie\u015blnika, budowla\u0144ca i majsterkowicza.<\/li>\n<li>Przydatny r\u00f3wnie\u017c podczas wykonywania prac stolarskich i \u015blusarskich.<\/li>\n<\/ul>\n<\/section><\/div>\n<\/section>\n","protected":false},"excerpt":{"rendered":"<p>K\u0104TOWNIK REGULOWANY NASTAWNY STALOWY 500 mm Dane techniczne: Materia\u0142:stal, stopka aluminiowA Zakres pomiaru: od 0\u00b0 do 180\u00b0 D\u0142ugo\u015b\u0107: 500 mm Idealna narz\u0119dzie, kt\u00f3re u\u0142atwi Twoj\u0105 prac\u0119! Praktyczny regulowany k\u0105townik o d\u0142ugo\u015bci 500 mm. Zbudowany ze stalowego ruchomego ramienia i aluminiowej stopki. Przeznaczony jest\u00a0do pomiaru k\u0105t\u00f3w w zakresie od 0\u00b0 do 180\u00b0. Rami\u0119 mo\u017cna zablokowa\u0107 na<br \/><a class=\"more-link\" href=\"https:\/\/bobimarket.pl\/index.php\/produkt\/katownik-regulowany-nastawny-stalowy-500-mm\/\"><br \/>\n        Czytaj wi\u0119cej<span class=\"screen-reader-text\"> &#8222;K\u0104TOWNIK REGULOWANY NASTAWNY STALOWY 500 mm&#8221;<\/span><\/a><\/p>\n","protected":false},"featured_media":88784,"template":"","meta":[],"product_cat":[8193],"product_tag":[],"yoast_head":"<!-- This site is optimized with the Yoast SEO plugin v21.0 - https:\/\/yoast.com\/wordpress\/plugins\/seo\/ -->\n<title>K\u0104TOWNIK REGULOWANY NASTAWNY STALOWY 500 mm - BOBIMARKET.pl - Remontuj i urz\u0105dzaj z nami<\/title>\n<meta name=\"robots\" content=\"index, follow, max-snippet:-1, max-image-preview:large, max-video-preview:-1\" \/>\n<link rel=\"canonical\" href=\"https:\/\/bobimarket.pl\/index.php\/produkt\/katownik-regulowany-nastawny-stalowy-500-mm\/\" \/>\n<meta property=\"og:locale\" content=\"pl_PL\" \/>\n<meta property=\"og:type\" content=\"article\" \/>\n<meta property=\"og:title\" content=\"K\u0104TOWNIK REGULOWANY NASTAWNY STALOWY 500 mm - BOBIMARKET.pl - Remontuj i urz\u0105dzaj z nami\" \/>\n<meta property=\"og:description\" content=\"K\u0104TOWNIK REGULOWANY NASTAWNY STALOWY 500 mm Dane techniczne: Materia\u0142:stal, stopka aluminiowA Zakres pomiaru: od 0\u00b0 do 180\u00b0 D\u0142ugo\u015b\u0107: 500 mm Idealna narz\u0119dzie, kt\u00f3re u\u0142atwi Twoj\u0105 prac\u0119! Praktyczny regulowany k\u0105townik o d\u0142ugo\u015bci 500 mm. Zbudowany ze stalowego ruchomego ramienia i aluminiowej stopki. Przeznaczony jest\u00a0do pomiaru k\u0105t\u00f3w w zakresie od 0\u00b0 do 180\u00b0. Rami\u0119 mo\u017cna zablokowa\u0107 na     Czytaj wi\u0119cej &quot;K\u0104TOWNIK REGULOWANY NASTAWNY STALOWY 500 mm&quot;\" \/>\n<meta property=\"og:url\" content=\"https:\/\/bobimarket.pl\/index.php\/produkt\/katownik-regulowany-nastawny-stalowy-500-mm\/\" \/>\n<meta property=\"og:site_name\" content=\"BOBIMARKET.pl - Remontuj i urz\u0105dzaj z nami\" \/>\n<meta property=\"article:modified_time\" content=\"2026-03-16T14:33:55+00:00\" \/>\n<meta property=\"og:image\" content=\"https:\/\/upload.cdn.baselinker.com\/products\/14476\/23fc5d7f3e6183bffd37efde6fdc9bfb.jpg\" \/>\n<meta name=\"twitter:card\" content=\"summary_large_image\" \/>\n<meta name=\"twitter:label1\" content=\"Szacowany czas czytania\" \/>\n\t<meta name=\"twitter:data1\" content=\"1 minuta\" \/>\n<script type=\"application\/ld+json\" class=\"yoast-schema-graph\">{\"@context\":\"https:\/\/schema.org\",\"@graph\":[{\"@type\":\"WebPage\",\"@id\":\"https:\/\/bobimarket.pl\/index.php\/produkt\/katownik-regulowany-nastawny-stalowy-500-mm\/\",\"url\":\"https:\/\/bobimarket.pl\/index.php\/produkt\/katownik-regulowany-nastawny-stalowy-500-mm\/\",\"name\":\"K\u0104TOWNIK REGULOWANY NASTAWNY STALOWY 500 mm - BOBIMARKET.pl - Remontuj i urz\u0105dzaj z nami\",\"isPartOf\":{\"@id\":\"https:\/\/bobimarket.pl\/#website\"},\"datePublished\":\"2023-08-30T02:28:50+00:00\",\"dateModified\":\"2026-03-16T14:33:55+00:00\",\"breadcrumb\":{\"@id\":\"https:\/\/bobimarket.pl\/index.php\/produkt\/katownik-regulowany-nastawny-stalowy-500-mm\/#breadcrumb\"},\"inLanguage\":\"pl-PL\",\"potentialAction\":[{\"@type\":\"ReadAction\",\"target\":[\"https:\/\/bobimarket.pl\/index.php\/produkt\/katownik-regulowany-nastawny-stalowy-500-mm\/\"]}]},{\"@type\":\"BreadcrumbList\",\"@id\":\"https:\/\/bobimarket.pl\/index.php\/produkt\/katownik-regulowany-nastawny-stalowy-500-mm\/#breadcrumb\",\"itemListElement\":[{\"@type\":\"ListItem\",\"position\":1,\"name\":\"Strona g\u0142\u00f3wna\",\"item\":\"https:\/\/bobimarket.pl\/\"},{\"@type\":\"ListItem\",\"position\":2,\"name\":\"Sklep\",\"item\":\"https:\/\/bobimarket.pl\/index.php\/shop\/\"},{\"@type\":\"ListItem\",\"position\":3,\"name\":\"K\u0104TOWNIK REGULOWANY NASTAWNY STALOWY 500 mm\"}]},{\"@type\":\"WebSite\",\"@id\":\"https:\/\/bobimarket.pl\/#website\",\"url\":\"https:\/\/bobimarket.pl\/\",\"name\":\"BOBIMARKET.pl - Remontuj i urz\u0105dzaj z nami\",\"description\":\"Remontuj i urz\u0105dzaj z nami\",\"publisher\":{\"@id\":\"https:\/\/bobimarket.pl\/#organization\"},\"potentialAction\":[{\"@type\":\"SearchAction\",\"target\":{\"@type\":\"EntryPoint\",\"urlTemplate\":\"https:\/\/bobimarket.pl\/?s={search_term_string}\"},\"query-input\":\"required name=search_term_string\"}],\"inLanguage\":\"pl-PL\"},{\"@type\":\"Organization\",\"@id\":\"https:\/\/bobimarket.pl\/#organization\",\"name\":\"BOBIMARKET.pl\",\"url\":\"https:\/\/bobimarket.pl\/\",\"logo\":{\"@type\":\"ImageObject\",\"inLanguage\":\"pl-PL\",\"@id\":\"https:\/\/bobimarket.pl\/#\/schema\/logo\/image\/\",\"url\":\"https:\/\/bobimarket.pl\/wp-content\/uploads\/2021\/11\/slogan.png\",\"contentUrl\":\"https:\/\/bobimarket.pl\/wp-content\/uploads\/2021\/11\/slogan.png\",\"width\":2000,\"height\":384,\"caption\":\"BOBIMARKET.pl\"},\"image\":{\"@id\":\"https:\/\/bobimarket.pl\/#\/schema\/logo\/image\/\"}}]}<\/script>\n<!-- \/ Yoast SEO plugin. -->","yoast_head_json":{"title":"K\u0104TOWNIK REGULOWANY NASTAWNY STALOWY 500 mm - BOBIMARKET.pl - Remontuj i urz\u0105dzaj z nami","robots":{"index":"index","follow":"follow","max-snippet":"max-snippet:-1","max-image-preview":"max-image-preview:large","max-video-preview":"max-video-preview:-1"},"canonical":"https:\/\/bobimarket.pl\/index.php\/produkt\/katownik-regulowany-nastawny-stalowy-500-mm\/","og_locale":"pl_PL","og_type":"article","og_title":"K\u0104TOWNIK REGULOWANY NASTAWNY STALOWY 500 mm - BOBIMARKET.pl - Remontuj i urz\u0105dzaj z nami","og_description":"K\u0104TOWNIK REGULOWANY NASTAWNY STALOWY 500 mm Dane techniczne: Materia\u0142:stal, stopka aluminiowA Zakres pomiaru: od 0\u00b0 do 180\u00b0 D\u0142ugo\u015b\u0107: 500 mm Idealna narz\u0119dzie, kt\u00f3re u\u0142atwi Twoj\u0105 prac\u0119! Praktyczny regulowany k\u0105townik o d\u0142ugo\u015bci 500 mm. Zbudowany ze stalowego ruchomego ramienia i aluminiowej stopki. Przeznaczony jest\u00a0do pomiaru k\u0105t\u00f3w w zakresie od 0\u00b0 do 180\u00b0. Rami\u0119 mo\u017cna zablokowa\u0107 na     Czytaj wi\u0119cej \"K\u0104TOWNIK REGULOWANY NASTAWNY STALOWY 500 mm\"","og_url":"https:\/\/bobimarket.pl\/index.php\/produkt\/katownik-regulowany-nastawny-stalowy-500-mm\/","og_site_name":"BOBIMARKET.pl - Remontuj i urz\u0105dzaj z nami","article_modified_time":"2026-03-16T14:33:55+00:00","og_image":[{"url":"https:\/\/upload.cdn.baselinker.com\/products\/14476\/23fc5d7f3e6183bffd37efde6fdc9bfb.jpg"}],"twitter_card":"summary_large_image","twitter_misc":{"Szacowany czas czytania":"1 minuta"},"schema":{"@context":"https:\/\/schema.org","@graph":[{"@type":"WebPage","@id":"https:\/\/bobimarket.pl\/index.php\/produkt\/katownik-regulowany-nastawny-stalowy-500-mm\/","url":"https:\/\/bobimarket.pl\/index.php\/produkt\/katownik-regulowany-nastawny-stalowy-500-mm\/","name":"K\u0104TOWNIK REGULOWANY NASTAWNY STALOWY 500 mm - BOBIMARKET.pl - Remontuj i urz\u0105dzaj z nami","isPartOf":{"@id":"https:\/\/bobimarket.pl\/#website"},"datePublished":"2023-08-30T02:28:50+00:00","dateModified":"2026-03-16T14:33:55+00:00","breadcrumb":{"@id":"https:\/\/bobimarket.pl\/index.php\/produkt\/katownik-regulowany-nastawny-stalowy-500-mm\/#breadcrumb"},"inLanguage":"pl-PL","potentialAction":[{"@type":"ReadAction","target":["https:\/\/bobimarket.pl\/index.php\/produkt\/katownik-regulowany-nastawny-stalowy-500-mm\/"]}]},{"@type":"BreadcrumbList","@id":"https:\/\/bobimarket.pl\/index.php\/produkt\/katownik-regulowany-nastawny-stalowy-500-mm\/#breadcrumb","itemListElement":[{"@type":"ListItem","position":1,"name":"Strona g\u0142\u00f3wna","item":"https:\/\/bobimarket.pl\/"},{"@type":"ListItem","position":2,"name":"Sklep","item":"https:\/\/bobimarket.pl\/index.php\/shop\/"},{"@type":"ListItem","position":3,"name":"K\u0104TOWNIK REGULOWANY NASTAWNY STALOWY 500 mm"}]},{"@type":"WebSite","@id":"https:\/\/bobimarket.pl\/#website","url":"https:\/\/bobimarket.pl\/","name":"BOBIMARKET.pl - Remontuj i urz\u0105dzaj z nami","description":"Remontuj i urz\u0105dzaj z nami","publisher":{"@id":"https:\/\/bobimarket.pl\/#organization"},"potentialAction":[{"@type":"SearchAction","target":{"@type":"EntryPoint","urlTemplate":"https:\/\/bobimarket.pl\/?s={search_term_string}"},"query-input":"required name=search_term_string"}],"inLanguage":"pl-PL"},{"@type":"Organization","@id":"https:\/\/bobimarket.pl\/#organization","name":"BOBIMARKET.pl","url":"https:\/\/bobimarket.pl\/","logo":{"@type":"ImageObject","inLanguage":"pl-PL","@id":"https:\/\/bobimarket.pl\/#\/schema\/logo\/image\/","url":"https:\/\/bobimarket.pl\/wp-content\/uploads\/2021\/11\/slogan.png","contentUrl":"https:\/\/bobimarket.pl\/wp-content\/uploads\/2021\/11\/slogan.png","width":2000,"height":384,"caption":"BOBIMARKET.pl"},"image":{"@id":"https:\/\/bobimarket.pl\/#\/schema\/logo\/image\/"}}]}},"_links":{"self":[{"href":"https:\/\/bobimarket.pl\/index.php\/wp-json\/wp\/v2\/product\/88788"}],"collection":[{"href":"https:\/\/bobimarket.pl\/index.php\/wp-json\/wp\/v2\/product"}],"about":[{"href":"https:\/\/bobimarket.pl\/index.php\/wp-json\/wp\/v2\/types\/product"}],"wp:featuredmedia":[{"embeddable":true,"href":"https:\/\/bobimarket.pl\/index.php\/wp-json\/wp\/v2\/media\/88784"}],"wp:attachment":[{"href":"https:\/\/bobimarket.pl\/index.php\/wp-json\/wp\/v2\/media?parent=88788"}],"wp:term":[{"taxonomy":"product_cat","embeddable":true,"href":"https:\/\/bobimarket.pl\/index.php\/wp-json\/wp\/v2\/product_cat?post=88788"},{"taxonomy":"product_tag","embeddable":true,"href":"https:\/\/bobimarket.pl\/index.php\/wp-json\/wp\/v2\/product_tag?post=88788"}],"curies":[{"name":"wp","href":"https:\/\/api.w.org\/{rel}","templated":true}]}}