{"id":88794,"date":"2023-08-30T02:29:09","date_gmt":"2023-08-30T02:29:09","guid":{"rendered":"https:\/\/bobimarket.pl\/index.php\/produkt\/noz-termiczny-do-ciecia-styropianu-3-koncowki-3w1\/"},"modified":"2025-02-27T15:09:27","modified_gmt":"2025-02-27T15:09:27","slug":"noz-termiczny-do-ciecia-styropianu-3-koncowki-3w1","status":"publish","type":"product","link":"https:\/\/bobimarket.pl\/index.php\/produkt\/noz-termiczny-do-ciecia-styropianu-3-koncowki-3w1\/","title":{"rendered":"N\u00d3\u017b TERMICZNY DO CI\u0118CIA STYROPIANU 3 KO\u0143C\u00d3WKI 3w1"},"content":{"rendered":"<section class=\"section\">\n<div class=\"item item-6\">\n<section class=\"image-item\">\n            <img decoding=\"async\" src=\"https:\/\/upload.cdn.baselinker.com\/products\/14476\/b873c52f582d8eeb4a3df4eecd01708e.jpg\" \/><br \/>\n        <\/section>\n<\/p><\/div>\n<div class=\"item item-6\">\n<section class=\"text-item\">\n<h2>N\u00d3\u017b TERMICZNY DO CI\u0118CIA STYROPIANU 3 KO\u0143C\u00d3WKI 3w1<\/h2>\n<p><b>Informacje og\u00f3lne:<\/b><\/p>\n<ul>\n<li>Moc: <b>9W<\/b><\/li>\n<li>Zasilanie: <b>6V<\/b><\/li>\n<li>Ochrona przed przegrzaniem<\/li>\n<li>Szybkie nagrzewanie<\/li>\n<li>Szeroko\u015b\u0107 robocza: od ok. 8 cm do 15 cm<\/li>\n<li>G\u0142\u0119boko\u015b\u0107 robocza: 9 cm<\/li>\n<\/ul>\n<p><b>Zestaw sk\u0142ada si\u0119 z nast\u0119puj\u0105cych element\u00f3w:<\/b><\/p>\n<ul>\n<li>1 x zasilacz<\/li>\n<li>1 x uchwyt<\/li>\n<li>1 x nasadka z drutem 0,02 mm<\/li>\n<li>1 x nasadka z pr\u0119tem grzewczym 1,7 mm<\/li>\n<li>1 x nasadka do grawerowania 2,8 mm,<\/li>\n<li>1 x podstawka<\/li>\n<li>2 x zapasowy drut 0,02 mm<\/li>\n<\/ul>\n<\/section><\/div>\n<\/section>\n<section class=\"section\">\n<div class=\"item item-6\">\n<section class=\"image-item\">\n            <img decoding=\"async\" src=\"https:\/\/upload.cdn.baselinker.com\/products\/14476\/5e47bc3972dfbc686f1252060260a5a7.jpg\" \/><br \/>\n        <\/section>\n<\/p><\/div>\n<div class=\"item item-6\">\n<section class=\"text-item\">\n<h2>Urz\u0105dzenie 3 w 1<\/h2>\n<p>Praktyczny n\u00f3\u017c termiczny przeznaczony do ci\u0119cie styropianu oraz wycinanie w nim wzor\u00f3w i element\u00f3w dekoracyjnych. Narz\u0119dzie jest zasilane sieciowo. Sprawdzi si\u0119 podczas prac kt\u00f3re wymagaj\u0105 bardzo du\u017cej precyzji. Wraz z no\u017cem w zestawie znajduj\u0105 si\u0119 nasadki, zasilacza i zapasowe druty<\/p>\n<ul>\n<li>Mo\u017cliwo\u015b\u0107 od\u0142\u0105czenia od zasilania i kr\u00f3tkotrwa\u0142ej pracy bezprzewodowej.<\/li>\n<li>Automatycznie wy\u0142\u0105czenie zapobiegnie przegrzaniu si\u0119 no\u017ca.<\/li>\n<li>Komplet zawiera 3 szybko wymienne ko\u0144c\u00f3wki<\/li>\n<\/ul>\n<\/section><\/div>\n<\/section>\n<section class=\"section\">\n<div class=\"item item-6\">\n<section class=\"image-item\">\n            <img decoding=\"async\" src=\"https:\/\/upload.cdn.baselinker.com\/products\/14476\/8129876918efe478dbe341e8f70f9a27.jpg\" \/><br \/>\n        <\/section>\n<\/p><\/div>\n<div class=\"item item-6\">\n<section class=\"text-item\">\n<p><b>\u2705 Zastosowanie:<\/b><\/p>\n<p>N\u00f3\u017c przeznaczony jest to wszelkich prac ze styropianem. Umo\u017cliwia wykonanie precyzyjnych ci\u0119\u0107 i wycinanie wzor\u00f3w.<\/p>\n<ul>\n<li>Prosty i wygodny w u\u017cytkowaniu. Posiada zasilanie sieciowe, nie musisz wi\u0119c pami\u0119ta\u0107 o ci\u0105g\u0142ym \u0142adowaniu lub obawia\u0107 si\u0119 przerwania pracy.<\/li>\n<\/ul>\n<\/section><\/div>\n<\/section>\n","protected":false},"excerpt":{"rendered":"<p>N\u00d3\u017b TERMICZNY DO CI\u0118CIA STYROPIANU 3 KO\u0143C\u00d3WKI 3w1 Informacje og\u00f3lne: Moc: 9W Zasilanie: 6V Ochrona przed przegrzaniem Szybkie nagrzewanie Szeroko\u015b\u0107 robocza: od ok. 8 cm do 15 cm G\u0142\u0119boko\u015b\u0107 robocza: 9 cm Zestaw sk\u0142ada si\u0119 z nast\u0119puj\u0105cych element\u00f3w: 1 x zasilacz 1 x uchwyt 1 x nasadka z drutem 0,02 mm 1 x nasadka z<br \/><a class=\"more-link\" href=\"https:\/\/bobimarket.pl\/index.php\/produkt\/noz-termiczny-do-ciecia-styropianu-3-koncowki-3w1\/\"><br \/>\n        Czytaj wi\u0119cej<span class=\"screen-reader-text\"> &#8222;N\u00d3\u017b TERMICZNY DO CI\u0118CIA STYROPIANU 3 KO\u0143C\u00d3WKI 3w1&#8221;<\/span><\/a><\/p>\n","protected":false},"featured_media":88789,"template":"","meta":[],"product_cat":[8356],"product_tag":[],"yoast_head":"<!-- This site is optimized with the Yoast SEO plugin v21.0 - https:\/\/yoast.com\/wordpress\/plugins\/seo\/ -->\n<title>N\u00d3\u017b TERMICZNY DO CI\u0118CIA STYROPIANU 3 KO\u0143C\u00d3WKI 3w1 - BOBIMARKET.pl - Remontuj i urz\u0105dzaj z nami<\/title>\n<meta name=\"robots\" content=\"index, follow, max-snippet:-1, max-image-preview:large, max-video-preview:-1\" \/>\n<link rel=\"canonical\" href=\"https:\/\/bobimarket.pl\/index.php\/produkt\/noz-termiczny-do-ciecia-styropianu-3-koncowki-3w1\/\" \/>\n<meta property=\"og:locale\" content=\"pl_PL\" \/>\n<meta property=\"og:type\" content=\"article\" \/>\n<meta property=\"og:title\" content=\"N\u00d3\u017b TERMICZNY DO CI\u0118CIA STYROPIANU 3 KO\u0143C\u00d3WKI 3w1 - BOBIMARKET.pl - Remontuj i urz\u0105dzaj z nami\" \/>\n<meta property=\"og:description\" content=\"N\u00d3\u017b TERMICZNY DO CI\u0118CIA STYROPIANU 3 KO\u0143C\u00d3WKI 3w1 Informacje og\u00f3lne: Moc: 9W Zasilanie: 6V Ochrona przed przegrzaniem Szybkie nagrzewanie Szeroko\u015b\u0107 robocza: od ok. 8 cm do 15 cm G\u0142\u0119boko\u015b\u0107 robocza: 9 cm Zestaw sk\u0142ada si\u0119 z nast\u0119puj\u0105cych element\u00f3w: 1 x zasilacz 1 x uchwyt 1 x nasadka z drutem 0,02 mm 1 x nasadka z     Czytaj wi\u0119cej &quot;N\u00d3\u017b TERMICZNY DO CI\u0118CIA STYROPIANU 3 KO\u0143C\u00d3WKI 3w1&quot;\" \/>\n<meta property=\"og:url\" content=\"https:\/\/bobimarket.pl\/index.php\/produkt\/noz-termiczny-do-ciecia-styropianu-3-koncowki-3w1\/\" \/>\n<meta property=\"og:site_name\" content=\"BOBIMARKET.pl - Remontuj i urz\u0105dzaj z nami\" \/>\n<meta property=\"article:modified_time\" content=\"2025-02-27T15:09:27+00:00\" \/>\n<meta property=\"og:image\" content=\"https:\/\/upload.cdn.baselinker.com\/products\/14476\/b873c52f582d8eeb4a3df4eecd01708e.jpg\" \/>\n<meta name=\"twitter:card\" content=\"summary_large_image\" \/>\n<meta name=\"twitter:label1\" content=\"Szacowany czas czytania\" \/>\n\t<meta name=\"twitter:data1\" content=\"1 minuta\" \/>\n<script type=\"application\/ld+json\" class=\"yoast-schema-graph\">{\"@context\":\"https:\/\/schema.org\",\"@graph\":[{\"@type\":\"WebPage\",\"@id\":\"https:\/\/bobimarket.pl\/index.php\/produkt\/noz-termiczny-do-ciecia-styropianu-3-koncowki-3w1\/\",\"url\":\"https:\/\/bobimarket.pl\/index.php\/produkt\/noz-termiczny-do-ciecia-styropianu-3-koncowki-3w1\/\",\"name\":\"N\u00d3\u017b TERMICZNY DO CI\u0118CIA STYROPIANU 3 KO\u0143C\u00d3WKI 3w1 - BOBIMARKET.pl - Remontuj i urz\u0105dzaj z nami\",\"isPartOf\":{\"@id\":\"https:\/\/bobimarket.pl\/#website\"},\"datePublished\":\"2023-08-30T02:29:09+00:00\",\"dateModified\":\"2025-02-27T15:09:27+00:00\",\"breadcrumb\":{\"@id\":\"https:\/\/bobimarket.pl\/index.php\/produkt\/noz-termiczny-do-ciecia-styropianu-3-koncowki-3w1\/#breadcrumb\"},\"inLanguage\":\"pl-PL\",\"potentialAction\":[{\"@type\":\"ReadAction\",\"target\":[\"https:\/\/bobimarket.pl\/index.php\/produkt\/noz-termiczny-do-ciecia-styropianu-3-koncowki-3w1\/\"]}]},{\"@type\":\"BreadcrumbList\",\"@id\":\"https:\/\/bobimarket.pl\/index.php\/produkt\/noz-termiczny-do-ciecia-styropianu-3-koncowki-3w1\/#breadcrumb\",\"itemListElement\":[{\"@type\":\"ListItem\",\"position\":1,\"name\":\"Strona g\u0142\u00f3wna\",\"item\":\"https:\/\/bobimarket.pl\/\"},{\"@type\":\"ListItem\",\"position\":2,\"name\":\"Sklep\",\"item\":\"https:\/\/bobimarket.pl\/index.php\/shop\/\"},{\"@type\":\"ListItem\",\"position\":3,\"name\":\"N\u00d3\u017b TERMICZNY DO CI\u0118CIA STYROPIANU 3 KO\u0143C\u00d3WKI 3w1\"}]},{\"@type\":\"WebSite\",\"@id\":\"https:\/\/bobimarket.pl\/#website\",\"url\":\"https:\/\/bobimarket.pl\/\",\"name\":\"BOBIMARKET.pl - Remontuj i urz\u0105dzaj z nami\",\"description\":\"Remontuj i urz\u0105dzaj z nami\",\"publisher\":{\"@id\":\"https:\/\/bobimarket.pl\/#organization\"},\"potentialAction\":[{\"@type\":\"SearchAction\",\"target\":{\"@type\":\"EntryPoint\",\"urlTemplate\":\"https:\/\/bobimarket.pl\/?s={search_term_string}\"},\"query-input\":\"required name=search_term_string\"}],\"inLanguage\":\"pl-PL\"},{\"@type\":\"Organization\",\"@id\":\"https:\/\/bobimarket.pl\/#organization\",\"name\":\"BOBIMARKET.pl\",\"url\":\"https:\/\/bobimarket.pl\/\",\"logo\":{\"@type\":\"ImageObject\",\"inLanguage\":\"pl-PL\",\"@id\":\"https:\/\/bobimarket.pl\/#\/schema\/logo\/image\/\",\"url\":\"https:\/\/bobimarket.pl\/wp-content\/uploads\/2021\/11\/slogan.png\",\"contentUrl\":\"https:\/\/bobimarket.pl\/wp-content\/uploads\/2021\/11\/slogan.png\",\"width\":2000,\"height\":384,\"caption\":\"BOBIMARKET.pl\"},\"image\":{\"@id\":\"https:\/\/bobimarket.pl\/#\/schema\/logo\/image\/\"}}]}<\/script>\n<!-- \/ Yoast SEO plugin. -->","yoast_head_json":{"title":"N\u00d3\u017b TERMICZNY DO CI\u0118CIA STYROPIANU 3 KO\u0143C\u00d3WKI 3w1 - BOBIMARKET.pl - Remontuj i urz\u0105dzaj z nami","robots":{"index":"index","follow":"follow","max-snippet":"max-snippet:-1","max-image-preview":"max-image-preview:large","max-video-preview":"max-video-preview:-1"},"canonical":"https:\/\/bobimarket.pl\/index.php\/produkt\/noz-termiczny-do-ciecia-styropianu-3-koncowki-3w1\/","og_locale":"pl_PL","og_type":"article","og_title":"N\u00d3\u017b TERMICZNY DO CI\u0118CIA STYROPIANU 3 KO\u0143C\u00d3WKI 3w1 - BOBIMARKET.pl - Remontuj i urz\u0105dzaj z nami","og_description":"N\u00d3\u017b TERMICZNY DO CI\u0118CIA STYROPIANU 3 KO\u0143C\u00d3WKI 3w1 Informacje og\u00f3lne: Moc: 9W Zasilanie: 6V Ochrona przed przegrzaniem Szybkie nagrzewanie Szeroko\u015b\u0107 robocza: od ok. 8 cm do 15 cm G\u0142\u0119boko\u015b\u0107 robocza: 9 cm Zestaw sk\u0142ada si\u0119 z nast\u0119puj\u0105cych element\u00f3w: 1 x zasilacz 1 x uchwyt 1 x nasadka z drutem 0,02 mm 1 x nasadka z     Czytaj wi\u0119cej \"N\u00d3\u017b TERMICZNY DO CI\u0118CIA STYROPIANU 3 KO\u0143C\u00d3WKI 3w1\"","og_url":"https:\/\/bobimarket.pl\/index.php\/produkt\/noz-termiczny-do-ciecia-styropianu-3-koncowki-3w1\/","og_site_name":"BOBIMARKET.pl - Remontuj i urz\u0105dzaj z nami","article_modified_time":"2025-02-27T15:09:27+00:00","og_image":[{"url":"https:\/\/upload.cdn.baselinker.com\/products\/14476\/b873c52f582d8eeb4a3df4eecd01708e.jpg"}],"twitter_card":"summary_large_image","twitter_misc":{"Szacowany czas czytania":"1 minuta"},"schema":{"@context":"https:\/\/schema.org","@graph":[{"@type":"WebPage","@id":"https:\/\/bobimarket.pl\/index.php\/produkt\/noz-termiczny-do-ciecia-styropianu-3-koncowki-3w1\/","url":"https:\/\/bobimarket.pl\/index.php\/produkt\/noz-termiczny-do-ciecia-styropianu-3-koncowki-3w1\/","name":"N\u00d3\u017b TERMICZNY DO CI\u0118CIA STYROPIANU 3 KO\u0143C\u00d3WKI 3w1 - BOBIMARKET.pl - Remontuj i urz\u0105dzaj z nami","isPartOf":{"@id":"https:\/\/bobimarket.pl\/#website"},"datePublished":"2023-08-30T02:29:09+00:00","dateModified":"2025-02-27T15:09:27+00:00","breadcrumb":{"@id":"https:\/\/bobimarket.pl\/index.php\/produkt\/noz-termiczny-do-ciecia-styropianu-3-koncowki-3w1\/#breadcrumb"},"inLanguage":"pl-PL","potentialAction":[{"@type":"ReadAction","target":["https:\/\/bobimarket.pl\/index.php\/produkt\/noz-termiczny-do-ciecia-styropianu-3-koncowki-3w1\/"]}]},{"@type":"BreadcrumbList","@id":"https:\/\/bobimarket.pl\/index.php\/produkt\/noz-termiczny-do-ciecia-styropianu-3-koncowki-3w1\/#breadcrumb","itemListElement":[{"@type":"ListItem","position":1,"name":"Strona g\u0142\u00f3wna","item":"https:\/\/bobimarket.pl\/"},{"@type":"ListItem","position":2,"name":"Sklep","item":"https:\/\/bobimarket.pl\/index.php\/shop\/"},{"@type":"ListItem","position":3,"name":"N\u00d3\u017b TERMICZNY DO CI\u0118CIA STYROPIANU 3 KO\u0143C\u00d3WKI 3w1"}]},{"@type":"WebSite","@id":"https:\/\/bobimarket.pl\/#website","url":"https:\/\/bobimarket.pl\/","name":"BOBIMARKET.pl - Remontuj i urz\u0105dzaj z nami","description":"Remontuj i urz\u0105dzaj z nami","publisher":{"@id":"https:\/\/bobimarket.pl\/#organization"},"potentialAction":[{"@type":"SearchAction","target":{"@type":"EntryPoint","urlTemplate":"https:\/\/bobimarket.pl\/?s={search_term_string}"},"query-input":"required name=search_term_string"}],"inLanguage":"pl-PL"},{"@type":"Organization","@id":"https:\/\/bobimarket.pl\/#organization","name":"BOBIMARKET.pl","url":"https:\/\/bobimarket.pl\/","logo":{"@type":"ImageObject","inLanguage":"pl-PL","@id":"https:\/\/bobimarket.pl\/#\/schema\/logo\/image\/","url":"https:\/\/bobimarket.pl\/wp-content\/uploads\/2021\/11\/slogan.png","contentUrl":"https:\/\/bobimarket.pl\/wp-content\/uploads\/2021\/11\/slogan.png","width":2000,"height":384,"caption":"BOBIMARKET.pl"},"image":{"@id":"https:\/\/bobimarket.pl\/#\/schema\/logo\/image\/"}}]}},"_links":{"self":[{"href":"https:\/\/bobimarket.pl\/index.php\/wp-json\/wp\/v2\/product\/88794"}],"collection":[{"href":"https:\/\/bobimarket.pl\/index.php\/wp-json\/wp\/v2\/product"}],"about":[{"href":"https:\/\/bobimarket.pl\/index.php\/wp-json\/wp\/v2\/types\/product"}],"wp:featuredmedia":[{"embeddable":true,"href":"https:\/\/bobimarket.pl\/index.php\/wp-json\/wp\/v2\/media\/88789"}],"wp:attachment":[{"href":"https:\/\/bobimarket.pl\/index.php\/wp-json\/wp\/v2\/media?parent=88794"}],"wp:term":[{"taxonomy":"product_cat","embeddable":true,"href":"https:\/\/bobimarket.pl\/index.php\/wp-json\/wp\/v2\/product_cat?post=88794"},{"taxonomy":"product_tag","embeddable":true,"href":"https:\/\/bobimarket.pl\/index.php\/wp-json\/wp\/v2\/product_tag?post=88794"}],"curies":[{"name":"wp","href":"https:\/\/api.w.org\/{rel}","templated":true}]}}