{"id":88828,"date":"2023-08-30T02:31:03","date_gmt":"2023-08-30T02:31:03","guid":{"rendered":"https:\/\/bobimarket.pl\/index.php\/produkt\/pila-kablakowa-do-ciecia-drewna-galezi-530mm\/"},"modified":"2025-02-27T15:10:04","modified_gmt":"2025-02-27T15:10:04","slug":"pila-kablakowa-do-ciecia-drewna-galezi-530mm","status":"publish","type":"product","link":"https:\/\/bobimarket.pl\/index.php\/produkt\/pila-kablakowa-do-ciecia-drewna-galezi-530mm\/","title":{"rendered":"PI\u0141A KAB\u0141\u0104KOWA DO CI\u0118CIA DREWNA GA\u0141\u0118ZI 530MM"},"content":{"rendered":"<section class=\"section\">\n<div class=\"item item-6\">\n<section class=\"image-item\">\n            <img decoding=\"async\" src=\"https:\/\/upload.cdn.baselinker.com\/products\/14476\/32d6708db3db3c6e080783e6c302c236.jpg\" \/><br \/>\n        <\/section>\n<\/p><\/div>\n<div class=\"item item-6\">\n<section class=\"text-item\">\n<h2>PI\u0141A KAB\u0141\u0104KOWA DO CI\u0118CIA DREWNA GA\u0141\u0118ZI 530MM<\/h2>\n<p><b>Informacje og\u00f3lne:<\/b><\/p>\n<ul>\n<li>D\u0142ugo\u015b\u0107:<b> 530 mm<\/b><\/li>\n<li>Rodzaj: <b>pi\u0142a kab\u0142\u0105kowa<\/b><\/li>\n<li>Przeznaczenie:<b> do drewna<\/b><\/li>\n<li><b>Stalowa rama <\/b><\/li>\n<\/ul>\n<\/section><\/div>\n<\/section>\n<section class=\"section\">\n<div class=\"item item-6\">\n<section class=\"image-item\">\n            <img decoding=\"async\" src=\"https:\/\/upload.cdn.baselinker.com\/products\/14476\/32d6708db3db3c6e080783e6c302c236.jpg\" \/><br \/>\n        <\/section>\n<\/p><\/div>\n<div class=\"item item-6\">\n<section class=\"text-item\">\n<h2>Pi\u0142a kab\u0142\u0105kowa &#8211; narz\u0119dzie, kt\u00f3rego nie powinno zabrakn\u0105\u0107 w Twojej skrzynce narz\u0119dziowej.<\/h2>\n<p>Solidnie wykonany pi\u0142a kab\u0142\u0105k. Narz\u0119dzie uniwersalne, kt\u00f3re przyda si\u0119 podczas prac w warsztacie, ogrodzie, na dzia\u0142ce i wsz\u0119dzie tam gdzie wymagane jest ci\u0119ci\u0119 drewna lub materia\u0142\u00f3w drewnopodobnych.<\/p>\n<ul>\n<li>Profil wykonany ze stali, hartowany brzeszczot o specjalnie dobranej podzia\u0142ce i kszta\u0142cie z\u0119b\u00f3w.<\/li>\n<li>Sztywny brzeszczot umo\u017cliwia proste ci\u0119cie.<\/li>\n<li>Rozmieszczeniu z\u0119b\u00f3w sprawia, \u017ce pi\u0142a nadaje si\u0119 do ci\u0119cia suchego jak i mokrego drewna oraz innych materia\u0142\u00f3w drewnopodobnych.<\/li>\n<\/ul>\n<\/section><\/div>\n<\/section>\n<section class=\"section\">\n<div class=\"item item-6\">\n<section class=\"image-item\">\n            <img decoding=\"async\" src=\"https:\/\/upload.cdn.baselinker.com\/products\/14476\/32d6708db3db3c6e080783e6c302c236.jpg\" \/><br \/>\n        <\/section>\n<\/p><\/div>\n<div class=\"item item-6\">\n<section class=\"text-item\">\n<p>\u2705 Stalowa rama zapewnia komfort pracy. Ci\u0119cie przebiega\u0142a szybko i bez wi\u0119kszego wysi\u0142ku.<\/p>\n<p>\u2705 Narz\u0119dzie jest lekkie i posiada ergonomiczn\u0105 r\u0119koje\u015b\u0107. Odpowiednia konstrukcja sprawia, \u017ce nadaje si\u0119 do pracy w trudno dost\u0119pych miejscach.<\/p>\n<p>\u2705 Pi\u0142a jest prosta w u\u017cyciu. Wymiana brzeszczotu jest \u0142atwa i szybka.<\/p>\n<\/section><\/div>\n<\/section>\n<section class=\"section\">\n<div class=\"item item-6\">\n<section class=\"image-item\">\n            <img decoding=\"async\" src=\"https:\/\/upload.cdn.baselinker.com\/products\/14476\/32d6708db3db3c6e080783e6c302c236.jpg\" \/><br \/>\n        <\/section>\n<\/p><\/div>\n<div class=\"item item-6\">\n<section class=\"text-item\">\n<p><b>\u2705 Zastosowanie:<\/b><\/p>\n<p>Pi\u0142a kab\u0142\u0105kowa to klasyczne narz\u0119dzie o wszechstronnym zastosowaniu. Sprawdzi si\u0119 mi\u0119dzy innymi:<\/p>\n<ul>\n<li>do ci\u0119cia grubszych ga\u0142\u0119zi oraz konar\u00f3w drzew.<\/li>\n<li>do przecinanie drewnianych element\u00f3w.<\/li>\n<li>r\u00f3\u017cnorodnych prac piel\u0119gnacyjnych w ogrodzie.<\/li>\n<\/ul>\n<\/section><\/div>\n<\/section>\n","protected":false},"excerpt":{"rendered":"<p>PI\u0141A KAB\u0141\u0104KOWA DO CI\u0118CIA DREWNA GA\u0141\u0118ZI 530MM Informacje og\u00f3lne: D\u0142ugo\u015b\u0107: 530 mm Rodzaj: pi\u0142a kab\u0142\u0105kowa Przeznaczenie: do drewna Stalowa rama Pi\u0142a kab\u0142\u0105kowa &#8211; narz\u0119dzie, kt\u00f3rego nie powinno zabrakn\u0105\u0107 w Twojej skrzynce narz\u0119dziowej. Solidnie wykonany pi\u0142a kab\u0142\u0105k. Narz\u0119dzie uniwersalne, kt\u00f3re przyda si\u0119 podczas prac w warsztacie, ogrodzie, na dzia\u0142ce i wsz\u0119dzie tam gdzie wymagane jest ci\u0119ci\u0119<br \/><a class=\"more-link\" href=\"https:\/\/bobimarket.pl\/index.php\/produkt\/pila-kablakowa-do-ciecia-drewna-galezi-530mm\/\"><br \/>\n        Czytaj wi\u0119cej<span class=\"screen-reader-text\"> &#8222;PI\u0141A KAB\u0141\u0104KOWA DO CI\u0118CIA DREWNA GA\u0141\u0118ZI 530MM&#8221;<\/span><\/a><\/p>\n","protected":false},"featured_media":88827,"template":"","meta":[],"product_cat":[8110],"product_tag":[],"yoast_head":"<!-- This site is optimized with the Yoast SEO plugin v21.0 - https:\/\/yoast.com\/wordpress\/plugins\/seo\/ -->\n<title>PI\u0141A KAB\u0141\u0104KOWA DO CI\u0118CIA DREWNA GA\u0141\u0118ZI 530MM - BOBIMARKET.pl - Remontuj i urz\u0105dzaj z nami<\/title>\n<meta name=\"robots\" content=\"index, follow, max-snippet:-1, max-image-preview:large, max-video-preview:-1\" \/>\n<link rel=\"canonical\" href=\"https:\/\/bobimarket.pl\/index.php\/produkt\/pila-kablakowa-do-ciecia-drewna-galezi-530mm\/\" \/>\n<meta property=\"og:locale\" content=\"pl_PL\" \/>\n<meta property=\"og:type\" content=\"article\" \/>\n<meta property=\"og:title\" content=\"PI\u0141A KAB\u0141\u0104KOWA DO CI\u0118CIA DREWNA GA\u0141\u0118ZI 530MM - BOBIMARKET.pl - Remontuj i urz\u0105dzaj z nami\" \/>\n<meta property=\"og:description\" content=\"PI\u0141A KAB\u0141\u0104KOWA DO CI\u0118CIA DREWNA GA\u0141\u0118ZI 530MM Informacje og\u00f3lne: D\u0142ugo\u015b\u0107: 530 mm Rodzaj: pi\u0142a kab\u0142\u0105kowa Przeznaczenie: do drewna Stalowa rama Pi\u0142a kab\u0142\u0105kowa &#8211; narz\u0119dzie, kt\u00f3rego nie powinno zabrakn\u0105\u0107 w Twojej skrzynce narz\u0119dziowej. Solidnie wykonany pi\u0142a kab\u0142\u0105k. Narz\u0119dzie uniwersalne, kt\u00f3re przyda si\u0119 podczas prac w warsztacie, ogrodzie, na dzia\u0142ce i wsz\u0119dzie tam gdzie wymagane jest ci\u0119ci\u0119     Czytaj wi\u0119cej &quot;PI\u0141A KAB\u0141\u0104KOWA DO CI\u0118CIA DREWNA GA\u0141\u0118ZI 530MM&quot;\" \/>\n<meta property=\"og:url\" content=\"https:\/\/bobimarket.pl\/index.php\/produkt\/pila-kablakowa-do-ciecia-drewna-galezi-530mm\/\" \/>\n<meta property=\"og:site_name\" content=\"BOBIMARKET.pl - Remontuj i urz\u0105dzaj z nami\" \/>\n<meta property=\"article:modified_time\" content=\"2025-02-27T15:10:04+00:00\" \/>\n<meta property=\"og:image\" content=\"https:\/\/upload.cdn.baselinker.com\/products\/14476\/32d6708db3db3c6e080783e6c302c236.jpg\" \/>\n<meta name=\"twitter:card\" content=\"summary_large_image\" \/>\n<meta name=\"twitter:label1\" content=\"Szacowany czas czytania\" \/>\n\t<meta name=\"twitter:data1\" content=\"1 minuta\" \/>\n<script type=\"application\/ld+json\" class=\"yoast-schema-graph\">{\"@context\":\"https:\/\/schema.org\",\"@graph\":[{\"@type\":\"WebPage\",\"@id\":\"https:\/\/bobimarket.pl\/index.php\/produkt\/pila-kablakowa-do-ciecia-drewna-galezi-530mm\/\",\"url\":\"https:\/\/bobimarket.pl\/index.php\/produkt\/pila-kablakowa-do-ciecia-drewna-galezi-530mm\/\",\"name\":\"PI\u0141A KAB\u0141\u0104KOWA DO CI\u0118CIA DREWNA GA\u0141\u0118ZI 530MM - BOBIMARKET.pl - Remontuj i urz\u0105dzaj z nami\",\"isPartOf\":{\"@id\":\"https:\/\/bobimarket.pl\/#website\"},\"datePublished\":\"2023-08-30T02:31:03+00:00\",\"dateModified\":\"2025-02-27T15:10:04+00:00\",\"breadcrumb\":{\"@id\":\"https:\/\/bobimarket.pl\/index.php\/produkt\/pila-kablakowa-do-ciecia-drewna-galezi-530mm\/#breadcrumb\"},\"inLanguage\":\"pl-PL\",\"potentialAction\":[{\"@type\":\"ReadAction\",\"target\":[\"https:\/\/bobimarket.pl\/index.php\/produkt\/pila-kablakowa-do-ciecia-drewna-galezi-530mm\/\"]}]},{\"@type\":\"BreadcrumbList\",\"@id\":\"https:\/\/bobimarket.pl\/index.php\/produkt\/pila-kablakowa-do-ciecia-drewna-galezi-530mm\/#breadcrumb\",\"itemListElement\":[{\"@type\":\"ListItem\",\"position\":1,\"name\":\"Strona g\u0142\u00f3wna\",\"item\":\"https:\/\/bobimarket.pl\/\"},{\"@type\":\"ListItem\",\"position\":2,\"name\":\"Sklep\",\"item\":\"https:\/\/bobimarket.pl\/index.php\/shop\/\"},{\"@type\":\"ListItem\",\"position\":3,\"name\":\"PI\u0141A KAB\u0141\u0104KOWA DO CI\u0118CIA DREWNA GA\u0141\u0118ZI 530MM\"}]},{\"@type\":\"WebSite\",\"@id\":\"https:\/\/bobimarket.pl\/#website\",\"url\":\"https:\/\/bobimarket.pl\/\",\"name\":\"BOBIMARKET.pl - Remontuj i urz\u0105dzaj z nami\",\"description\":\"Remontuj i urz\u0105dzaj z nami\",\"publisher\":{\"@id\":\"https:\/\/bobimarket.pl\/#organization\"},\"potentialAction\":[{\"@type\":\"SearchAction\",\"target\":{\"@type\":\"EntryPoint\",\"urlTemplate\":\"https:\/\/bobimarket.pl\/?s={search_term_string}\"},\"query-input\":\"required name=search_term_string\"}],\"inLanguage\":\"pl-PL\"},{\"@type\":\"Organization\",\"@id\":\"https:\/\/bobimarket.pl\/#organization\",\"name\":\"BOBIMARKET.pl\",\"url\":\"https:\/\/bobimarket.pl\/\",\"logo\":{\"@type\":\"ImageObject\",\"inLanguage\":\"pl-PL\",\"@id\":\"https:\/\/bobimarket.pl\/#\/schema\/logo\/image\/\",\"url\":\"https:\/\/bobimarket.pl\/wp-content\/uploads\/2021\/11\/slogan.png\",\"contentUrl\":\"https:\/\/bobimarket.pl\/wp-content\/uploads\/2021\/11\/slogan.png\",\"width\":2000,\"height\":384,\"caption\":\"BOBIMARKET.pl\"},\"image\":{\"@id\":\"https:\/\/bobimarket.pl\/#\/schema\/logo\/image\/\"}}]}<\/script>\n<!-- \/ Yoast SEO plugin. -->","yoast_head_json":{"title":"PI\u0141A KAB\u0141\u0104KOWA DO CI\u0118CIA DREWNA GA\u0141\u0118ZI 530MM - BOBIMARKET.pl - Remontuj i urz\u0105dzaj z nami","robots":{"index":"index","follow":"follow","max-snippet":"max-snippet:-1","max-image-preview":"max-image-preview:large","max-video-preview":"max-video-preview:-1"},"canonical":"https:\/\/bobimarket.pl\/index.php\/produkt\/pila-kablakowa-do-ciecia-drewna-galezi-530mm\/","og_locale":"pl_PL","og_type":"article","og_title":"PI\u0141A KAB\u0141\u0104KOWA DO CI\u0118CIA DREWNA GA\u0141\u0118ZI 530MM - BOBIMARKET.pl - Remontuj i urz\u0105dzaj z nami","og_description":"PI\u0141A KAB\u0141\u0104KOWA DO CI\u0118CIA DREWNA GA\u0141\u0118ZI 530MM Informacje og\u00f3lne: D\u0142ugo\u015b\u0107: 530 mm Rodzaj: pi\u0142a kab\u0142\u0105kowa Przeznaczenie: do drewna Stalowa rama Pi\u0142a kab\u0142\u0105kowa &#8211; narz\u0119dzie, kt\u00f3rego nie powinno zabrakn\u0105\u0107 w Twojej skrzynce narz\u0119dziowej. Solidnie wykonany pi\u0142a kab\u0142\u0105k. Narz\u0119dzie uniwersalne, kt\u00f3re przyda si\u0119 podczas prac w warsztacie, ogrodzie, na dzia\u0142ce i wsz\u0119dzie tam gdzie wymagane jest ci\u0119ci\u0119     Czytaj wi\u0119cej \"PI\u0141A KAB\u0141\u0104KOWA DO CI\u0118CIA DREWNA GA\u0141\u0118ZI 530MM\"","og_url":"https:\/\/bobimarket.pl\/index.php\/produkt\/pila-kablakowa-do-ciecia-drewna-galezi-530mm\/","og_site_name":"BOBIMARKET.pl - Remontuj i urz\u0105dzaj z nami","article_modified_time":"2025-02-27T15:10:04+00:00","og_image":[{"url":"https:\/\/upload.cdn.baselinker.com\/products\/14476\/32d6708db3db3c6e080783e6c302c236.jpg"}],"twitter_card":"summary_large_image","twitter_misc":{"Szacowany czas czytania":"1 minuta"},"schema":{"@context":"https:\/\/schema.org","@graph":[{"@type":"WebPage","@id":"https:\/\/bobimarket.pl\/index.php\/produkt\/pila-kablakowa-do-ciecia-drewna-galezi-530mm\/","url":"https:\/\/bobimarket.pl\/index.php\/produkt\/pila-kablakowa-do-ciecia-drewna-galezi-530mm\/","name":"PI\u0141A KAB\u0141\u0104KOWA DO CI\u0118CIA DREWNA GA\u0141\u0118ZI 530MM - BOBIMARKET.pl - Remontuj i urz\u0105dzaj z nami","isPartOf":{"@id":"https:\/\/bobimarket.pl\/#website"},"datePublished":"2023-08-30T02:31:03+00:00","dateModified":"2025-02-27T15:10:04+00:00","breadcrumb":{"@id":"https:\/\/bobimarket.pl\/index.php\/produkt\/pila-kablakowa-do-ciecia-drewna-galezi-530mm\/#breadcrumb"},"inLanguage":"pl-PL","potentialAction":[{"@type":"ReadAction","target":["https:\/\/bobimarket.pl\/index.php\/produkt\/pila-kablakowa-do-ciecia-drewna-galezi-530mm\/"]}]},{"@type":"BreadcrumbList","@id":"https:\/\/bobimarket.pl\/index.php\/produkt\/pila-kablakowa-do-ciecia-drewna-galezi-530mm\/#breadcrumb","itemListElement":[{"@type":"ListItem","position":1,"name":"Strona g\u0142\u00f3wna","item":"https:\/\/bobimarket.pl\/"},{"@type":"ListItem","position":2,"name":"Sklep","item":"https:\/\/bobimarket.pl\/index.php\/shop\/"},{"@type":"ListItem","position":3,"name":"PI\u0141A KAB\u0141\u0104KOWA DO CI\u0118CIA DREWNA GA\u0141\u0118ZI 530MM"}]},{"@type":"WebSite","@id":"https:\/\/bobimarket.pl\/#website","url":"https:\/\/bobimarket.pl\/","name":"BOBIMARKET.pl - Remontuj i urz\u0105dzaj z nami","description":"Remontuj i urz\u0105dzaj z nami","publisher":{"@id":"https:\/\/bobimarket.pl\/#organization"},"potentialAction":[{"@type":"SearchAction","target":{"@type":"EntryPoint","urlTemplate":"https:\/\/bobimarket.pl\/?s={search_term_string}"},"query-input":"required name=search_term_string"}],"inLanguage":"pl-PL"},{"@type":"Organization","@id":"https:\/\/bobimarket.pl\/#organization","name":"BOBIMARKET.pl","url":"https:\/\/bobimarket.pl\/","logo":{"@type":"ImageObject","inLanguage":"pl-PL","@id":"https:\/\/bobimarket.pl\/#\/schema\/logo\/image\/","url":"https:\/\/bobimarket.pl\/wp-content\/uploads\/2021\/11\/slogan.png","contentUrl":"https:\/\/bobimarket.pl\/wp-content\/uploads\/2021\/11\/slogan.png","width":2000,"height":384,"caption":"BOBIMARKET.pl"},"image":{"@id":"https:\/\/bobimarket.pl\/#\/schema\/logo\/image\/"}}]}},"_links":{"self":[{"href":"https:\/\/bobimarket.pl\/index.php\/wp-json\/wp\/v2\/product\/88828"}],"collection":[{"href":"https:\/\/bobimarket.pl\/index.php\/wp-json\/wp\/v2\/product"}],"about":[{"href":"https:\/\/bobimarket.pl\/index.php\/wp-json\/wp\/v2\/types\/product"}],"wp:featuredmedia":[{"embeddable":true,"href":"https:\/\/bobimarket.pl\/index.php\/wp-json\/wp\/v2\/media\/88827"}],"wp:attachment":[{"href":"https:\/\/bobimarket.pl\/index.php\/wp-json\/wp\/v2\/media?parent=88828"}],"wp:term":[{"taxonomy":"product_cat","embeddable":true,"href":"https:\/\/bobimarket.pl\/index.php\/wp-json\/wp\/v2\/product_cat?post=88828"},{"taxonomy":"product_tag","embeddable":true,"href":"https:\/\/bobimarket.pl\/index.php\/wp-json\/wp\/v2\/product_tag?post=88828"}],"curies":[{"name":"wp","href":"https:\/\/api.w.org\/{rel}","templated":true}]}}