{"id":88845,"date":"2023-08-30T02:32:08","date_gmt":"2023-08-30T02:32:08","guid":{"rendered":"https:\/\/bobimarket.pl\/index.php\/produkt\/mieszanka-kwiatow-miododajnych-laka-kwiatowa-20g\/"},"modified":"2025-02-27T15:10:16","modified_gmt":"2025-02-27T15:10:16","slug":"mieszanka-kwiatow-miododajnych-laka-kwiatowa-20g","status":"publish","type":"product","link":"https:\/\/bobimarket.pl\/index.php\/produkt\/mieszanka-kwiatow-miododajnych-laka-kwiatowa-20g\/","title":{"rendered":"MIESZANKA KWIAT\u00d3W MIODODAJNYCH \u0141\u0104KA KWIATOWA 20g"},"content":{"rendered":"<section class=\"section\">\n<div class=\"item item-12\">\n<section class=\"text-item\">\n<h2>MIESZANKA KWIAT\u00d3W MIODODAJNYCH \u0141\u0104KA KWIATOWA 20g<\/h2>\n<p><b>\u2705 Dane og\u00f3lne:<\/b><\/p>\n<ul>\n<li>Rodzaj:<b> mieszanka kwiat\u00f3w miododajnych<\/b><\/li>\n<li>Cykl rozwojowy ro\u015blin:<b> jednoroczne i dwuletnie<\/b><\/li>\n<li>Waga opakowania: <b>20g<\/b><\/li>\n<\/ul>\n<\/section><\/div>\n<\/section>\n<section class=\"section\">\n<div class=\"item item-12\">\n<section class=\"image-item\">\n            <img decoding=\"async\" src=\"https:\/\/upload.cdn.baselinker.com\/products\/14476\/81efc61b23f4512c2039e1ef972e4a55.jpg\" \/><br \/>\n        <\/section>\n<\/p><\/div>\n<\/section>\n<section class=\"section\">\n<div class=\"item item-12\">\n<section class=\"text-item\">\n<h2>MIESZANKA KWIAT\u00d3W MIODODAJNYCH<\/h2>\n<p>Mix kwiat\u00f3w, w\u00a0kt\u00f3rego sk\u0142ad wchodzi wiele gatunk\u00f3w kwiat\u00f3w jednorocznych i\u00a0dwuletnich o\u00a0wysokiej wydajno\u015bci miodowej i\u00a0py\u0142kowej. Mieszanka ma d\u0142ugi okres kwitnienia, co pozwoli cieszy\u0107 si\u0119 ni\u0105 przez d\u0142ugi czas.<\/p>\n<ul>\n<li>Mieszank\u0119 t\u0119 mo\u017cna wysia\u0107 jako <b>samodzieln\u0105 rabat\u0119<\/b> lub potraktowa\u0107 j\u0105 jako wsad do trawy i\u00a0stworzy\u0107 tzw. \u201e<b>kwietny trawnik\u201d.<\/b><\/li>\n<li>Kompozycja ta obejmuje<b> bardzo kolorowe i\u00a0atrakcyjne gatunki kwiat\u00f3w,<\/b> kt\u00f3re ozdobi\u0105 niejeden ogr\u00f3d wspomagaj\u0105c tym samym owady miododajne.<\/li>\n<\/ul>\n<\/section><\/div>\n<\/section>\n<section class=\"section\">\n<div class=\"item item-12\">\n<section class=\"image-item\">\n            <img decoding=\"async\" src=\"https:\/\/upload.cdn.baselinker.com\/products\/14476\/83d3fea9f0f2b51a08b55e1a6cb10d6e.jpg\" \/><br \/>\n        <\/section>\n<\/p><\/div>\n<\/section>\n<section class=\"section\">\n<div class=\"item item-12\">\n<section class=\"text-item\">\n<h2>\u2705 Kupuj\u0105c u nas zyskujesz wi\u0119cej nasion!<\/h2>\n<p>Zwr\u00f3ci\u0107 uwag\u0119 na mas\u0119 nasion w torebce! Cz\u0119sto ta\u0144sze oferty zawieraj\u0105 jedynie kilka nasion, dlatego bardziej op\u0142acalny jest zakup wi\u0119kszej masy nasion w opakowaniu, kt\u00f3re w przeliczeniu ceny i wagi mog\u0105 okaza\u0107 si\u0119 tak naprawd\u0119 ta\u0144sze!<\/p>\n<ul>\n<li>Kupuj\u0105c wi\u0119ksze opakowanie z<b> jednej paczuszki mo\u017cesz uzyska\u0107 wi\u0119ksz\u0105 liczb\u0119 rozsad<\/b>, przy mniejszym nak\u0142adzie finansowym!<\/li>\n<\/ul>\n<\/section><\/div>\n<\/section>\n<section class=\"section\">\n<div class=\"item item-12\">\n<section class=\"text-item\">\n<h1>WI\u0118KSZE OPAKOWANIE = WI\u0118CEJ NASION = LEPSZA CENA<\/h1>\n<\/section><\/div>\n<\/section>\n<section class=\"section\">\n<div class=\"item item-12\">\n<section class=\"image-item\">\n            <img decoding=\"async\" src=\"https:\/\/upload.cdn.baselinker.com\/products\/14476\/a8a1c457dce0fa97cd591b91bfad3fda.jpg\" \/><br \/>\n        <\/section>\n<\/p><\/div>\n<\/section>\n<section class=\"section\">\n<div class=\"item item-12\">\n<section class=\"text-item\">\n<h1>Kup sprawdzone nasiona!<\/h1>\n<ul>\n<li>Nasiona renomowanego<b> POLSKIEGO PRODUCENTA<\/b>!<\/li>\n<li>Sklep wpisany do rejestru i podlegaj\u0105cy pod Wojew\u00f3dzki Inspektorat Ochrony Ro\u015blin i Nasiennictwa.<\/li>\n<li>Ka\u017cda torebka nasion posiada <b>PASZPORT RO\u015aLINY, <\/b>kt\u00f3ry jest gwarancj\u0105, \u017ce nasiona zosta\u0142y skontrolowane\u00a0 i s\u0105 wolne od organizm\u00f3w szkodliwych.<\/li>\n<li>Nasiona, z kt\u00f3rych wyrosn\u0105 Twoje ro\u015bliny powsta\u0142y w tradycyjnej hodowli <b>bez udzia\u0142u genetycznej modyfikacji (BEZ GMO!!! ).<\/b><\/li>\n<\/ul>\n<\/section><\/div>\n<\/section>\n<section class=\"section\">\n<div class=\"item item-12\">\n<section class=\"image-item\">\n            <img decoding=\"async\" src=\"https:\/\/upload.cdn.baselinker.com\/products\/14476\/039ea772092b93a735192440154b71c0.png\" \/><br \/>\n        <\/section>\n<\/p><\/div>\n<\/section>\n<section class=\"section\">\n<div class=\"item item-12\">\n<section class=\"text-item\">\n<h2>Ju\u017c nied\u0142ugo pi\u0119kne kwiaty upi\u0119ksz\u0105 Tw\u00f3j ogr\u00f3d od lipca do jesieni!<\/h2>\n<p>\u2705 <b>Wyhoduj w\u0142asne kwiaty<\/b>, kt\u00f3re b\u0119d\u0105 cudnie wygl\u0105da\u0142y na rabacie lub dzia\u0142ce. Spraw, \u017ce z ka\u017cdego nasionka wyro\u015bnie upragniona kolorowa ro\u015blina, kt\u00f3ra przyci\u0105gnie do Twojego ogrodu skrzydlatych przyjaci\u00f3\u0142.<\/p>\n<p>\u2705 <b>Stw\u00f3rz ciekaw\u0105 alternatyw\u0119<\/b> do uporz\u0105dkowanych rabat lub trawnika. Nie musisz posiada\u0107 du\u017cej przestrzeni &#8211; mieszanka kwiat\u00f3w b\u0119dzie si\u0119 \u0142adnie prezentowa\u0107 jako kawa\u0142ek trawnika lub ma\u0142ej rabacie.<\/p>\n<\/section><\/div>\n<\/section>\n<section class=\"section\">\n<div class=\"item item-12\">\n<section class=\"image-item\">\n            <img decoding=\"async\" src=\"https:\/\/upload.cdn.baselinker.com\/products\/14476\/d85f03508fa808280749a3ee0f4bfd68.jpg\" \/><br \/>\n        <\/section>\n<\/p><\/div>\n<\/section>\n","protected":false},"excerpt":{"rendered":"<p>MIESZANKA KWIAT\u00d3W MIODODAJNYCH \u0141\u0104KA KWIATOWA 20g \u2705 Dane og\u00f3lne: Rodzaj: mieszanka kwiat\u00f3w miododajnych Cykl rozwojowy ro\u015blin: jednoroczne i dwuletnie Waga opakowania: 20g MIESZANKA KWIAT\u00d3W MIODODAJNYCH Mix kwiat\u00f3w, w\u00a0kt\u00f3rego sk\u0142ad wchodzi wiele gatunk\u00f3w kwiat\u00f3w jednorocznych i\u00a0dwuletnich o\u00a0wysokiej wydajno\u015bci miodowej i\u00a0py\u0142kowej. Mieszanka ma d\u0142ugi okres kwitnienia, co pozwoli cieszy\u0107 si\u0119 ni\u0105 przez d\u0142ugi czas. Mieszank\u0119 t\u0119 mo\u017cna<br \/><a class=\"more-link\" href=\"https:\/\/bobimarket.pl\/index.php\/produkt\/mieszanka-kwiatow-miododajnych-laka-kwiatowa-20g\/\"><br \/>\n        Czytaj wi\u0119cej<span class=\"screen-reader-text\"> &#8222;MIESZANKA KWIAT\u00d3W MIODODAJNYCH \u0141\u0104KA KWIATOWA 20g&#8221;<\/span><\/a><\/p>\n","protected":false},"featured_media":88835,"template":"","meta":[],"product_cat":[8357],"product_tag":[],"yoast_head":"<!-- This site is optimized with the Yoast SEO plugin v21.0 - https:\/\/yoast.com\/wordpress\/plugins\/seo\/ -->\n<title>MIESZANKA KWIAT\u00d3W MIODODAJNYCH \u0141\u0104KA KWIATOWA 20g - BOBIMARKET.pl - Remontuj i urz\u0105dzaj z nami<\/title>\n<meta name=\"robots\" content=\"index, follow, max-snippet:-1, max-image-preview:large, max-video-preview:-1\" \/>\n<link rel=\"canonical\" href=\"https:\/\/bobimarket.pl\/index.php\/produkt\/mieszanka-kwiatow-miododajnych-laka-kwiatowa-20g\/\" \/>\n<meta property=\"og:locale\" content=\"pl_PL\" \/>\n<meta property=\"og:type\" content=\"article\" \/>\n<meta property=\"og:title\" content=\"MIESZANKA KWIAT\u00d3W MIODODAJNYCH \u0141\u0104KA KWIATOWA 20g - BOBIMARKET.pl - Remontuj i urz\u0105dzaj z nami\" \/>\n<meta property=\"og:description\" content=\"MIESZANKA KWIAT\u00d3W MIODODAJNYCH \u0141\u0104KA KWIATOWA 20g \u2705 Dane og\u00f3lne: Rodzaj: mieszanka kwiat\u00f3w miododajnych Cykl rozwojowy ro\u015blin: jednoroczne i dwuletnie Waga opakowania: 20g MIESZANKA KWIAT\u00d3W MIODODAJNYCH Mix kwiat\u00f3w, w\u00a0kt\u00f3rego sk\u0142ad wchodzi wiele gatunk\u00f3w kwiat\u00f3w jednorocznych i\u00a0dwuletnich o\u00a0wysokiej wydajno\u015bci miodowej i\u00a0py\u0142kowej. Mieszanka ma d\u0142ugi okres kwitnienia, co pozwoli cieszy\u0107 si\u0119 ni\u0105 przez d\u0142ugi czas. Mieszank\u0119 t\u0119 mo\u017cna     Czytaj wi\u0119cej &quot;MIESZANKA KWIAT\u00d3W MIODODAJNYCH \u0141\u0104KA KWIATOWA 20g&quot;\" \/>\n<meta property=\"og:url\" content=\"https:\/\/bobimarket.pl\/index.php\/produkt\/mieszanka-kwiatow-miododajnych-laka-kwiatowa-20g\/\" \/>\n<meta property=\"og:site_name\" content=\"BOBIMARKET.pl - Remontuj i urz\u0105dzaj z nami\" \/>\n<meta property=\"article:modified_time\" content=\"2025-02-27T15:10:16+00:00\" \/>\n<meta property=\"og:image\" content=\"https:\/\/upload.cdn.baselinker.com\/products\/14476\/81efc61b23f4512c2039e1ef972e4a55.jpg\" \/>\n<meta name=\"twitter:card\" content=\"summary_large_image\" \/>\n<meta name=\"twitter:label1\" content=\"Szacowany czas czytania\" \/>\n\t<meta name=\"twitter:data1\" content=\"2 minuty\" \/>\n<script type=\"application\/ld+json\" class=\"yoast-schema-graph\">{\"@context\":\"https:\/\/schema.org\",\"@graph\":[{\"@type\":\"WebPage\",\"@id\":\"https:\/\/bobimarket.pl\/index.php\/produkt\/mieszanka-kwiatow-miododajnych-laka-kwiatowa-20g\/\",\"url\":\"https:\/\/bobimarket.pl\/index.php\/produkt\/mieszanka-kwiatow-miododajnych-laka-kwiatowa-20g\/\",\"name\":\"MIESZANKA KWIAT\u00d3W MIODODAJNYCH \u0141\u0104KA KWIATOWA 20g - BOBIMARKET.pl - Remontuj i urz\u0105dzaj z nami\",\"isPartOf\":{\"@id\":\"https:\/\/bobimarket.pl\/#website\"},\"datePublished\":\"2023-08-30T02:32:08+00:00\",\"dateModified\":\"2025-02-27T15:10:16+00:00\",\"breadcrumb\":{\"@id\":\"https:\/\/bobimarket.pl\/index.php\/produkt\/mieszanka-kwiatow-miododajnych-laka-kwiatowa-20g\/#breadcrumb\"},\"inLanguage\":\"pl-PL\",\"potentialAction\":[{\"@type\":\"ReadAction\",\"target\":[\"https:\/\/bobimarket.pl\/index.php\/produkt\/mieszanka-kwiatow-miododajnych-laka-kwiatowa-20g\/\"]}]},{\"@type\":\"BreadcrumbList\",\"@id\":\"https:\/\/bobimarket.pl\/index.php\/produkt\/mieszanka-kwiatow-miododajnych-laka-kwiatowa-20g\/#breadcrumb\",\"itemListElement\":[{\"@type\":\"ListItem\",\"position\":1,\"name\":\"Strona g\u0142\u00f3wna\",\"item\":\"https:\/\/bobimarket.pl\/\"},{\"@type\":\"ListItem\",\"position\":2,\"name\":\"Sklep\",\"item\":\"https:\/\/bobimarket.pl\/index.php\/shop\/\"},{\"@type\":\"ListItem\",\"position\":3,\"name\":\"MIESZANKA KWIAT\u00d3W MIODODAJNYCH \u0141\u0104KA KWIATOWA 20g\"}]},{\"@type\":\"WebSite\",\"@id\":\"https:\/\/bobimarket.pl\/#website\",\"url\":\"https:\/\/bobimarket.pl\/\",\"name\":\"BOBIMARKET.pl - Remontuj i urz\u0105dzaj z nami\",\"description\":\"Remontuj i urz\u0105dzaj z nami\",\"publisher\":{\"@id\":\"https:\/\/bobimarket.pl\/#organization\"},\"potentialAction\":[{\"@type\":\"SearchAction\",\"target\":{\"@type\":\"EntryPoint\",\"urlTemplate\":\"https:\/\/bobimarket.pl\/?s={search_term_string}\"},\"query-input\":\"required name=search_term_string\"}],\"inLanguage\":\"pl-PL\"},{\"@type\":\"Organization\",\"@id\":\"https:\/\/bobimarket.pl\/#organization\",\"name\":\"BOBIMARKET.pl\",\"url\":\"https:\/\/bobimarket.pl\/\",\"logo\":{\"@type\":\"ImageObject\",\"inLanguage\":\"pl-PL\",\"@id\":\"https:\/\/bobimarket.pl\/#\/schema\/logo\/image\/\",\"url\":\"https:\/\/bobimarket.pl\/wp-content\/uploads\/2021\/11\/slogan.png\",\"contentUrl\":\"https:\/\/bobimarket.pl\/wp-content\/uploads\/2021\/11\/slogan.png\",\"width\":2000,\"height\":384,\"caption\":\"BOBIMARKET.pl\"},\"image\":{\"@id\":\"https:\/\/bobimarket.pl\/#\/schema\/logo\/image\/\"}}]}<\/script>\n<!-- \/ Yoast SEO plugin. -->","yoast_head_json":{"title":"MIESZANKA KWIAT\u00d3W MIODODAJNYCH \u0141\u0104KA KWIATOWA 20g - BOBIMARKET.pl - Remontuj i urz\u0105dzaj z nami","robots":{"index":"index","follow":"follow","max-snippet":"max-snippet:-1","max-image-preview":"max-image-preview:large","max-video-preview":"max-video-preview:-1"},"canonical":"https:\/\/bobimarket.pl\/index.php\/produkt\/mieszanka-kwiatow-miododajnych-laka-kwiatowa-20g\/","og_locale":"pl_PL","og_type":"article","og_title":"MIESZANKA KWIAT\u00d3W MIODODAJNYCH \u0141\u0104KA KWIATOWA 20g - BOBIMARKET.pl - Remontuj i urz\u0105dzaj z nami","og_description":"MIESZANKA KWIAT\u00d3W MIODODAJNYCH \u0141\u0104KA KWIATOWA 20g \u2705 Dane og\u00f3lne: Rodzaj: mieszanka kwiat\u00f3w miododajnych Cykl rozwojowy ro\u015blin: jednoroczne i dwuletnie Waga opakowania: 20g MIESZANKA KWIAT\u00d3W MIODODAJNYCH Mix kwiat\u00f3w, w\u00a0kt\u00f3rego sk\u0142ad wchodzi wiele gatunk\u00f3w kwiat\u00f3w jednorocznych i\u00a0dwuletnich o\u00a0wysokiej wydajno\u015bci miodowej i\u00a0py\u0142kowej. Mieszanka ma d\u0142ugi okres kwitnienia, co pozwoli cieszy\u0107 si\u0119 ni\u0105 przez d\u0142ugi czas. Mieszank\u0119 t\u0119 mo\u017cna     Czytaj wi\u0119cej \"MIESZANKA KWIAT\u00d3W MIODODAJNYCH \u0141\u0104KA KWIATOWA 20g\"","og_url":"https:\/\/bobimarket.pl\/index.php\/produkt\/mieszanka-kwiatow-miododajnych-laka-kwiatowa-20g\/","og_site_name":"BOBIMARKET.pl - Remontuj i urz\u0105dzaj z nami","article_modified_time":"2025-02-27T15:10:16+00:00","og_image":[{"url":"https:\/\/upload.cdn.baselinker.com\/products\/14476\/81efc61b23f4512c2039e1ef972e4a55.jpg"}],"twitter_card":"summary_large_image","twitter_misc":{"Szacowany czas czytania":"2 minuty"},"schema":{"@context":"https:\/\/schema.org","@graph":[{"@type":"WebPage","@id":"https:\/\/bobimarket.pl\/index.php\/produkt\/mieszanka-kwiatow-miododajnych-laka-kwiatowa-20g\/","url":"https:\/\/bobimarket.pl\/index.php\/produkt\/mieszanka-kwiatow-miododajnych-laka-kwiatowa-20g\/","name":"MIESZANKA KWIAT\u00d3W MIODODAJNYCH \u0141\u0104KA KWIATOWA 20g - BOBIMARKET.pl - Remontuj i urz\u0105dzaj z nami","isPartOf":{"@id":"https:\/\/bobimarket.pl\/#website"},"datePublished":"2023-08-30T02:32:08+00:00","dateModified":"2025-02-27T15:10:16+00:00","breadcrumb":{"@id":"https:\/\/bobimarket.pl\/index.php\/produkt\/mieszanka-kwiatow-miododajnych-laka-kwiatowa-20g\/#breadcrumb"},"inLanguage":"pl-PL","potentialAction":[{"@type":"ReadAction","target":["https:\/\/bobimarket.pl\/index.php\/produkt\/mieszanka-kwiatow-miododajnych-laka-kwiatowa-20g\/"]}]},{"@type":"BreadcrumbList","@id":"https:\/\/bobimarket.pl\/index.php\/produkt\/mieszanka-kwiatow-miododajnych-laka-kwiatowa-20g\/#breadcrumb","itemListElement":[{"@type":"ListItem","position":1,"name":"Strona g\u0142\u00f3wna","item":"https:\/\/bobimarket.pl\/"},{"@type":"ListItem","position":2,"name":"Sklep","item":"https:\/\/bobimarket.pl\/index.php\/shop\/"},{"@type":"ListItem","position":3,"name":"MIESZANKA KWIAT\u00d3W MIODODAJNYCH \u0141\u0104KA KWIATOWA 20g"}]},{"@type":"WebSite","@id":"https:\/\/bobimarket.pl\/#website","url":"https:\/\/bobimarket.pl\/","name":"BOBIMARKET.pl - Remontuj i urz\u0105dzaj z nami","description":"Remontuj i urz\u0105dzaj z nami","publisher":{"@id":"https:\/\/bobimarket.pl\/#organization"},"potentialAction":[{"@type":"SearchAction","target":{"@type":"EntryPoint","urlTemplate":"https:\/\/bobimarket.pl\/?s={search_term_string}"},"query-input":"required name=search_term_string"}],"inLanguage":"pl-PL"},{"@type":"Organization","@id":"https:\/\/bobimarket.pl\/#organization","name":"BOBIMARKET.pl","url":"https:\/\/bobimarket.pl\/","logo":{"@type":"ImageObject","inLanguage":"pl-PL","@id":"https:\/\/bobimarket.pl\/#\/schema\/logo\/image\/","url":"https:\/\/bobimarket.pl\/wp-content\/uploads\/2021\/11\/slogan.png","contentUrl":"https:\/\/bobimarket.pl\/wp-content\/uploads\/2021\/11\/slogan.png","width":2000,"height":384,"caption":"BOBIMARKET.pl"},"image":{"@id":"https:\/\/bobimarket.pl\/#\/schema\/logo\/image\/"}}]}},"_links":{"self":[{"href":"https:\/\/bobimarket.pl\/index.php\/wp-json\/wp\/v2\/product\/88845"}],"collection":[{"href":"https:\/\/bobimarket.pl\/index.php\/wp-json\/wp\/v2\/product"}],"about":[{"href":"https:\/\/bobimarket.pl\/index.php\/wp-json\/wp\/v2\/types\/product"}],"wp:featuredmedia":[{"embeddable":true,"href":"https:\/\/bobimarket.pl\/index.php\/wp-json\/wp\/v2\/media\/88835"}],"wp:attachment":[{"href":"https:\/\/bobimarket.pl\/index.php\/wp-json\/wp\/v2\/media?parent=88845"}],"wp:term":[{"taxonomy":"product_cat","embeddable":true,"href":"https:\/\/bobimarket.pl\/index.php\/wp-json\/wp\/v2\/product_cat?post=88845"},{"taxonomy":"product_tag","embeddable":true,"href":"https:\/\/bobimarket.pl\/index.php\/wp-json\/wp\/v2\/product_tag?post=88845"}],"curies":[{"name":"wp","href":"https:\/\/api.w.org\/{rel}","templated":true}]}}