{"id":88879,"date":"2023-08-30T02:34:30","date_gmt":"2023-08-30T02:34:30","guid":{"rendered":"https:\/\/bobimarket.pl\/index.php\/produkt\/uchwyt-magnetyczny-do-bitow-koncowek-1-4-125-mm\/"},"modified":"2025-02-27T15:10:36","modified_gmt":"2025-02-27T15:10:36","slug":"uchwyt-magnetyczny-do-bitow-koncowek-1-4-125-mm","status":"publish","type":"product","link":"https:\/\/bobimarket.pl\/index.php\/produkt\/uchwyt-magnetyczny-do-bitow-koncowek-1-4-125-mm\/","title":{"rendered":"UCHWYT MAGNETYCZNY DO BIT\u00d3W KO\u0143C\u00d3WEK 1\/4&#8242; 125 mm"},"content":{"rendered":"<section class=\"section\">\n<div class=\"item item-6\">\n<section class=\"image-item\">\n                <img decoding=\"async\" src=\"https:\/\/upload.cdn.baselinker.com\/products\/14476\/97e1618b53d47d8a17ff0f9c85ecdfee.JPG\" \/><br \/>\n            <\/section>\n<\/p><\/div>\n<div class=\"item item-6\">\n<section class=\"text-item\">\n<h2>UCHWYT MAGNETYCZNY DO BIT\u00d3W KO\u0143C\u00d3WEK UCHWYT 1\/4&#8242; 125 mm<\/h2>\n<p><b>Dane techniczne:<\/b><\/p>\n<ul>\n<li>Materia\u0142: Cr-V i stal narz\u0119dziowa<\/li>\n<li>D\u0142ugo\u015b\u0107:<b> 125 mm<\/b><\/li>\n<li>Przeznaczenie: do bit\u00f3w 1\/4&#8243;<\/li>\n<\/ul>\n<\/section><\/div>\n<\/section>\n<section class=\"section\">\n<div class=\"item item-6\">\n<section class=\"image-item\">\n                <img decoding=\"async\" src=\"https:\/\/upload.cdn.baselinker.com\/products\/14476\/7580ad0ad33543e88ae0bd44c222350f.jpg\" \/><br \/>\n            <\/section>\n<\/p><\/div>\n<div class=\"item item-6\">\n<section class=\"text-item\">\n<p><b>Praktyczny element wyposa\u017cenia skrzynki narz\u0119dziowej!<\/b><\/p>\n<p>Adapter na uchwyt magnetyczny o d\u0142ugo\u015bci 125 mm. Przeznaczony do bit\u00f3w 1\/4. Z jego pomoca praca w trudnych miejscach stanie si\u0119 \u0142atwiejsza.<\/p>\n<ul>\n<li>Produkt przeznaczony jest do pracy z wkr\u0119tarkami i wkr\u0119tarko-wiertarkami.<\/li>\n<\/ul>\n<\/section><\/div>\n<\/section>\n<section class=\"section\">\n<div class=\"item item-6\">\n<section class=\"image-item\">\n                <img decoding=\"async\" src=\"https:\/\/upload.cdn.baselinker.com\/products\/14476\/97e1618b53d47d8a17ff0f9c85ecdfee.JPG\" \/><br \/>\n            <\/section>\n<\/p><\/div>\n<div class=\"item item-6\">\n<section class=\"image-item\">\n                <img decoding=\"async\" src=\"https:\/\/upload.cdn.baselinker.com\/products\/14476\/7580ad0ad33543e88ae0bd44c222350f.jpg\" \/><br \/>\n            <\/section>\n<\/p><\/div>\n<\/section>\n","protected":false},"excerpt":{"rendered":"<p>UCHWYT MAGNETYCZNY DO BIT\u00d3W KO\u0143C\u00d3WEK UCHWYT 1\/4&#8242; 125 mm Dane techniczne: Materia\u0142: Cr-V i stal narz\u0119dziowa D\u0142ugo\u015b\u0107: 125 mm Przeznaczenie: do bit\u00f3w 1\/4&#8243; Praktyczny element wyposa\u017cenia skrzynki narz\u0119dziowej! Adapter na uchwyt magnetyczny o d\u0142ugo\u015bci 125 mm. Przeznaczony do bit\u00f3w 1\/4. Z jego pomoca praca w trudnych miejscach stanie si\u0119 \u0142atwiejsza. Produkt przeznaczony jest do pracy<br \/><a class=\"more-link\" href=\"https:\/\/bobimarket.pl\/index.php\/produkt\/uchwyt-magnetyczny-do-bitow-koncowek-1-4-125-mm\/\"><br \/>\n        Czytaj wi\u0119cej<span class=\"screen-reader-text\"> &#8222;UCHWYT MAGNETYCZNY DO BIT\u00d3W KO\u0143C\u00d3WEK 1\/4&#8242; 125 mm&#8221;<\/span><\/a><\/p>\n","protected":false},"featured_media":88876,"template":"","meta":[],"product_cat":[8054],"product_tag":[],"yoast_head":"<!-- This site is optimized with the Yoast SEO plugin v21.0 - https:\/\/yoast.com\/wordpress\/plugins\/seo\/ -->\n<title>UCHWYT MAGNETYCZNY DO BIT\u00d3W KO\u0143C\u00d3WEK 1\/4&#039; 125 mm - BOBIMARKET.pl - Remontuj i urz\u0105dzaj z nami<\/title>\n<meta name=\"robots\" content=\"index, follow, max-snippet:-1, max-image-preview:large, max-video-preview:-1\" \/>\n<link rel=\"canonical\" href=\"https:\/\/bobimarket.pl\/index.php\/produkt\/uchwyt-magnetyczny-do-bitow-koncowek-1-4-125-mm\/\" \/>\n<meta property=\"og:locale\" content=\"pl_PL\" \/>\n<meta property=\"og:type\" content=\"article\" \/>\n<meta property=\"og:title\" content=\"UCHWYT MAGNETYCZNY DO BIT\u00d3W KO\u0143C\u00d3WEK 1\/4&#039; 125 mm - BOBIMARKET.pl - Remontuj i urz\u0105dzaj z nami\" \/>\n<meta property=\"og:description\" content=\"UCHWYT MAGNETYCZNY DO BIT\u00d3W KO\u0143C\u00d3WEK UCHWYT 1\/4&#8242; 125 mm Dane techniczne: Materia\u0142: Cr-V i stal narz\u0119dziowa D\u0142ugo\u015b\u0107: 125 mm Przeznaczenie: do bit\u00f3w 1\/4&#8243; Praktyczny element wyposa\u017cenia skrzynki narz\u0119dziowej! Adapter na uchwyt magnetyczny o d\u0142ugo\u015bci 125 mm. Przeznaczony do bit\u00f3w 1\/4. Z jego pomoca praca w trudnych miejscach stanie si\u0119 \u0142atwiejsza. Produkt przeznaczony jest do pracy     Czytaj wi\u0119cej &quot;UCHWYT MAGNETYCZNY DO BIT\u00d3W KO\u0143C\u00d3WEK 1\/4&#8242; 125 mm&quot;\" \/>\n<meta property=\"og:url\" content=\"https:\/\/bobimarket.pl\/index.php\/produkt\/uchwyt-magnetyczny-do-bitow-koncowek-1-4-125-mm\/\" \/>\n<meta property=\"og:site_name\" content=\"BOBIMARKET.pl - Remontuj i urz\u0105dzaj z nami\" \/>\n<meta property=\"article:modified_time\" content=\"2025-02-27T15:10:36+00:00\" \/>\n<meta property=\"og:image\" content=\"https:\/\/upload.cdn.baselinker.com\/products\/14476\/97e1618b53d47d8a17ff0f9c85ecdfee.JPG\" \/>\n<meta name=\"twitter:card\" content=\"summary_large_image\" \/>\n<script type=\"application\/ld+json\" class=\"yoast-schema-graph\">{\"@context\":\"https:\/\/schema.org\",\"@graph\":[{\"@type\":\"WebPage\",\"@id\":\"https:\/\/bobimarket.pl\/index.php\/produkt\/uchwyt-magnetyczny-do-bitow-koncowek-1-4-125-mm\/\",\"url\":\"https:\/\/bobimarket.pl\/index.php\/produkt\/uchwyt-magnetyczny-do-bitow-koncowek-1-4-125-mm\/\",\"name\":\"UCHWYT MAGNETYCZNY DO BIT\u00d3W KO\u0143C\u00d3WEK 1\/4' 125 mm - BOBIMARKET.pl - Remontuj i urz\u0105dzaj z nami\",\"isPartOf\":{\"@id\":\"https:\/\/bobimarket.pl\/#website\"},\"datePublished\":\"2023-08-30T02:34:30+00:00\",\"dateModified\":\"2025-02-27T15:10:36+00:00\",\"breadcrumb\":{\"@id\":\"https:\/\/bobimarket.pl\/index.php\/produkt\/uchwyt-magnetyczny-do-bitow-koncowek-1-4-125-mm\/#breadcrumb\"},\"inLanguage\":\"pl-PL\",\"potentialAction\":[{\"@type\":\"ReadAction\",\"target\":[\"https:\/\/bobimarket.pl\/index.php\/produkt\/uchwyt-magnetyczny-do-bitow-koncowek-1-4-125-mm\/\"]}]},{\"@type\":\"BreadcrumbList\",\"@id\":\"https:\/\/bobimarket.pl\/index.php\/produkt\/uchwyt-magnetyczny-do-bitow-koncowek-1-4-125-mm\/#breadcrumb\",\"itemListElement\":[{\"@type\":\"ListItem\",\"position\":1,\"name\":\"Strona g\u0142\u00f3wna\",\"item\":\"https:\/\/bobimarket.pl\/\"},{\"@type\":\"ListItem\",\"position\":2,\"name\":\"Sklep\",\"item\":\"https:\/\/bobimarket.pl\/index.php\/shop\/\"},{\"@type\":\"ListItem\",\"position\":3,\"name\":\"UCHWYT MAGNETYCZNY DO BIT\u00d3W KO\u0143C\u00d3WEK 1\/4&#8242; 125 mm\"}]},{\"@type\":\"WebSite\",\"@id\":\"https:\/\/bobimarket.pl\/#website\",\"url\":\"https:\/\/bobimarket.pl\/\",\"name\":\"BOBIMARKET.pl - Remontuj i urz\u0105dzaj z nami\",\"description\":\"Remontuj i urz\u0105dzaj z nami\",\"publisher\":{\"@id\":\"https:\/\/bobimarket.pl\/#organization\"},\"potentialAction\":[{\"@type\":\"SearchAction\",\"target\":{\"@type\":\"EntryPoint\",\"urlTemplate\":\"https:\/\/bobimarket.pl\/?s={search_term_string}\"},\"query-input\":\"required name=search_term_string\"}],\"inLanguage\":\"pl-PL\"},{\"@type\":\"Organization\",\"@id\":\"https:\/\/bobimarket.pl\/#organization\",\"name\":\"BOBIMARKET.pl\",\"url\":\"https:\/\/bobimarket.pl\/\",\"logo\":{\"@type\":\"ImageObject\",\"inLanguage\":\"pl-PL\",\"@id\":\"https:\/\/bobimarket.pl\/#\/schema\/logo\/image\/\",\"url\":\"https:\/\/bobimarket.pl\/wp-content\/uploads\/2021\/11\/slogan.png\",\"contentUrl\":\"https:\/\/bobimarket.pl\/wp-content\/uploads\/2021\/11\/slogan.png\",\"width\":2000,\"height\":384,\"caption\":\"BOBIMARKET.pl\"},\"image\":{\"@id\":\"https:\/\/bobimarket.pl\/#\/schema\/logo\/image\/\"}}]}<\/script>\n<!-- \/ Yoast SEO plugin. -->","yoast_head_json":{"title":"UCHWYT MAGNETYCZNY DO BIT\u00d3W KO\u0143C\u00d3WEK 1\/4' 125 mm - BOBIMARKET.pl - Remontuj i urz\u0105dzaj z nami","robots":{"index":"index","follow":"follow","max-snippet":"max-snippet:-1","max-image-preview":"max-image-preview:large","max-video-preview":"max-video-preview:-1"},"canonical":"https:\/\/bobimarket.pl\/index.php\/produkt\/uchwyt-magnetyczny-do-bitow-koncowek-1-4-125-mm\/","og_locale":"pl_PL","og_type":"article","og_title":"UCHWYT MAGNETYCZNY DO BIT\u00d3W KO\u0143C\u00d3WEK 1\/4' 125 mm - BOBIMARKET.pl - Remontuj i urz\u0105dzaj z nami","og_description":"UCHWYT MAGNETYCZNY DO BIT\u00d3W KO\u0143C\u00d3WEK UCHWYT 1\/4&#8242; 125 mm Dane techniczne: Materia\u0142: Cr-V i stal narz\u0119dziowa D\u0142ugo\u015b\u0107: 125 mm Przeznaczenie: do bit\u00f3w 1\/4&#8243; Praktyczny element wyposa\u017cenia skrzynki narz\u0119dziowej! Adapter na uchwyt magnetyczny o d\u0142ugo\u015bci 125 mm. Przeznaczony do bit\u00f3w 1\/4. Z jego pomoca praca w trudnych miejscach stanie si\u0119 \u0142atwiejsza. Produkt przeznaczony jest do pracy     Czytaj wi\u0119cej \"UCHWYT MAGNETYCZNY DO BIT\u00d3W KO\u0143C\u00d3WEK 1\/4&#8242; 125 mm\"","og_url":"https:\/\/bobimarket.pl\/index.php\/produkt\/uchwyt-magnetyczny-do-bitow-koncowek-1-4-125-mm\/","og_site_name":"BOBIMARKET.pl - Remontuj i urz\u0105dzaj z nami","article_modified_time":"2025-02-27T15:10:36+00:00","og_image":[{"url":"https:\/\/upload.cdn.baselinker.com\/products\/14476\/97e1618b53d47d8a17ff0f9c85ecdfee.JPG"}],"twitter_card":"summary_large_image","schema":{"@context":"https:\/\/schema.org","@graph":[{"@type":"WebPage","@id":"https:\/\/bobimarket.pl\/index.php\/produkt\/uchwyt-magnetyczny-do-bitow-koncowek-1-4-125-mm\/","url":"https:\/\/bobimarket.pl\/index.php\/produkt\/uchwyt-magnetyczny-do-bitow-koncowek-1-4-125-mm\/","name":"UCHWYT MAGNETYCZNY DO BIT\u00d3W KO\u0143C\u00d3WEK 1\/4' 125 mm - BOBIMARKET.pl - Remontuj i urz\u0105dzaj z nami","isPartOf":{"@id":"https:\/\/bobimarket.pl\/#website"},"datePublished":"2023-08-30T02:34:30+00:00","dateModified":"2025-02-27T15:10:36+00:00","breadcrumb":{"@id":"https:\/\/bobimarket.pl\/index.php\/produkt\/uchwyt-magnetyczny-do-bitow-koncowek-1-4-125-mm\/#breadcrumb"},"inLanguage":"pl-PL","potentialAction":[{"@type":"ReadAction","target":["https:\/\/bobimarket.pl\/index.php\/produkt\/uchwyt-magnetyczny-do-bitow-koncowek-1-4-125-mm\/"]}]},{"@type":"BreadcrumbList","@id":"https:\/\/bobimarket.pl\/index.php\/produkt\/uchwyt-magnetyczny-do-bitow-koncowek-1-4-125-mm\/#breadcrumb","itemListElement":[{"@type":"ListItem","position":1,"name":"Strona g\u0142\u00f3wna","item":"https:\/\/bobimarket.pl\/"},{"@type":"ListItem","position":2,"name":"Sklep","item":"https:\/\/bobimarket.pl\/index.php\/shop\/"},{"@type":"ListItem","position":3,"name":"UCHWYT MAGNETYCZNY DO BIT\u00d3W KO\u0143C\u00d3WEK 1\/4&#8242; 125 mm"}]},{"@type":"WebSite","@id":"https:\/\/bobimarket.pl\/#website","url":"https:\/\/bobimarket.pl\/","name":"BOBIMARKET.pl - Remontuj i urz\u0105dzaj z nami","description":"Remontuj i urz\u0105dzaj z nami","publisher":{"@id":"https:\/\/bobimarket.pl\/#organization"},"potentialAction":[{"@type":"SearchAction","target":{"@type":"EntryPoint","urlTemplate":"https:\/\/bobimarket.pl\/?s={search_term_string}"},"query-input":"required name=search_term_string"}],"inLanguage":"pl-PL"},{"@type":"Organization","@id":"https:\/\/bobimarket.pl\/#organization","name":"BOBIMARKET.pl","url":"https:\/\/bobimarket.pl\/","logo":{"@type":"ImageObject","inLanguage":"pl-PL","@id":"https:\/\/bobimarket.pl\/#\/schema\/logo\/image\/","url":"https:\/\/bobimarket.pl\/wp-content\/uploads\/2021\/11\/slogan.png","contentUrl":"https:\/\/bobimarket.pl\/wp-content\/uploads\/2021\/11\/slogan.png","width":2000,"height":384,"caption":"BOBIMARKET.pl"},"image":{"@id":"https:\/\/bobimarket.pl\/#\/schema\/logo\/image\/"}}]}},"_links":{"self":[{"href":"https:\/\/bobimarket.pl\/index.php\/wp-json\/wp\/v2\/product\/88879"}],"collection":[{"href":"https:\/\/bobimarket.pl\/index.php\/wp-json\/wp\/v2\/product"}],"about":[{"href":"https:\/\/bobimarket.pl\/index.php\/wp-json\/wp\/v2\/types\/product"}],"wp:featuredmedia":[{"embeddable":true,"href":"https:\/\/bobimarket.pl\/index.php\/wp-json\/wp\/v2\/media\/88876"}],"wp:attachment":[{"href":"https:\/\/bobimarket.pl\/index.php\/wp-json\/wp\/v2\/media?parent=88879"}],"wp:term":[{"taxonomy":"product_cat","embeddable":true,"href":"https:\/\/bobimarket.pl\/index.php\/wp-json\/wp\/v2\/product_cat?post=88879"},{"taxonomy":"product_tag","embeddable":true,"href":"https:\/\/bobimarket.pl\/index.php\/wp-json\/wp\/v2\/product_tag?post=88879"}],"curies":[{"name":"wp","href":"https:\/\/api.w.org\/{rel}","templated":true}]}}