{"id":88941,"date":"2023-08-30T02:40:45","date_gmt":"2023-08-30T02:40:45","guid":{"rendered":"https:\/\/bobimarket.pl\/index.php\/produkt\/redukcja-przejsciowka-do-butli-gazowej-g3-8lxw21-8l\/"},"modified":"2025-02-27T15:11:19","modified_gmt":"2025-02-27T15:11:19","slug":"redukcja-przejsciowka-do-butli-gazowej-g3-8lxw21-8l","status":"publish","type":"product","link":"https:\/\/bobimarket.pl\/index.php\/produkt\/redukcja-przejsciowka-do-butli-gazowej-g3-8lxw21-8l\/","title":{"rendered":"REDUKCJA PRZEJ\u015aCI\u00d3WKA DO BUTLI GAZOWEJ G3\/8LxW21.8L"},"content":{"rendered":"<section class=\"section\">\n<div class=\"item item-6\">\n<section class=\"text-item\">\n<h2>REDUKCJA PRZEJ\u015aCI\u00d3WKA DO BUTLI GAZOWEJ G3\/8LxW21.8L<\/h2>\n<p><b>Informacje og\u00f3lne: <\/b><\/p>\n<ul>\n<li>Gwint zewn\u0119trzny:<b> 21,8mm L<\/b><\/li>\n<li>Gwint wewn\u0119trzny: <b>3\/8&#8243;L<\/b><\/li>\n<li>Materia\u0142:<b> mosi\u0105dz<\/b><\/li>\n<li>Przeznaczenia: <b>do butli gazowych, turystycznych<\/b><\/li>\n<\/ul>\n<\/section><\/div>\n<div class=\"item item-6\">\n<section class=\"image-item\">\n                <img decoding=\"async\" src=\"https:\/\/upload.cdn.baselinker.com\/products\/14476\/4d07430fe7b47ab029cd2d167517fc2c.jpg\" \/><br \/>\n            <\/section>\n<\/p><\/div>\n<\/section>\n<section class=\"section\">\n<div class=\"item item-6\">\n<section class=\"image-item\">\n                <img decoding=\"async\" src=\"https:\/\/upload.cdn.baselinker.com\/products\/14476\/4d07430fe7b47ab029cd2d167517fc2c.jpg\" \/><br \/>\n            <\/section>\n<\/p><\/div>\n<div class=\"item item-6\">\n<section class=\"text-item\">\n<h2><b>Niewielka, ale bardzo przydatna przej\u015bci\u00f3wka do butli gazowych!<\/b><\/h2>\n<p>Przej\u015bci\u00f3wka do butli turystycznych wykonana z mosi\u0105dzu, co b\u0119dzie owocowa\u0142o d\u0142ugim okresem u\u017cytkowania. Redukcja umo\u017cliwia zmian\u0119 wielko\u015bci gwintu butli turystycznej. Zapewnia szczelno\u015b\u0107 i zapobiega ulatnianiu si\u0119 gazu do pomieszczenia.<\/p>\n<ul>\n<li>\u0141atwy i prosty w obs\u0142udze. Za\u0142o\u017cenie adaptera jest bardzo szybkie i bezproblemowe.<\/li>\n<\/ul>\n<\/section><\/div>\n<\/section>\n","protected":false},"excerpt":{"rendered":"<p>REDUKCJA PRZEJ\u015aCI\u00d3WKA DO BUTLI GAZOWEJ G3\/8LxW21.8L Informacje og\u00f3lne: Gwint zewn\u0119trzny: 21,8mm L Gwint wewn\u0119trzny: 3\/8&#8243;L Materia\u0142: mosi\u0105dz Przeznaczenia: do butli gazowych, turystycznych Niewielka, ale bardzo przydatna przej\u015bci\u00f3wka do butli gazowych! Przej\u015bci\u00f3wka do butli turystycznych wykonana z mosi\u0105dzu, co b\u0119dzie owocowa\u0142o d\u0142ugim okresem u\u017cytkowania. Redukcja umo\u017cliwia zmian\u0119 wielko\u015bci gwintu butli turystycznej. Zapewnia szczelno\u015b\u0107 i zapobiega ulatnianiu<br \/><a class=\"more-link\" href=\"https:\/\/bobimarket.pl\/index.php\/produkt\/redukcja-przejsciowka-do-butli-gazowej-g3-8lxw21-8l\/\"><br \/>\n        Czytaj wi\u0119cej<span class=\"screen-reader-text\"> &#8222;REDUKCJA PRZEJ\u015aCI\u00d3WKA DO BUTLI GAZOWEJ G3\/8LxW21.8L&#8221;<\/span><\/a><\/p>\n","protected":false},"featured_media":88940,"template":"","meta":[],"product_cat":[8153],"product_tag":[],"yoast_head":"<!-- This site is optimized with the Yoast SEO plugin v21.0 - https:\/\/yoast.com\/wordpress\/plugins\/seo\/ -->\n<title>REDUKCJA PRZEJ\u015aCI\u00d3WKA DO BUTLI GAZOWEJ G3\/8LxW21.8L - BOBIMARKET.pl - Remontuj i urz\u0105dzaj z nami<\/title>\n<meta name=\"robots\" content=\"index, follow, max-snippet:-1, max-image-preview:large, max-video-preview:-1\" \/>\n<link rel=\"canonical\" href=\"https:\/\/bobimarket.pl\/index.php\/produkt\/redukcja-przejsciowka-do-butli-gazowej-g3-8lxw21-8l\/\" \/>\n<meta property=\"og:locale\" content=\"pl_PL\" \/>\n<meta property=\"og:type\" content=\"article\" \/>\n<meta property=\"og:title\" content=\"REDUKCJA PRZEJ\u015aCI\u00d3WKA DO BUTLI GAZOWEJ G3\/8LxW21.8L - BOBIMARKET.pl - Remontuj i urz\u0105dzaj z nami\" \/>\n<meta property=\"og:description\" content=\"REDUKCJA PRZEJ\u015aCI\u00d3WKA DO BUTLI GAZOWEJ G3\/8LxW21.8L Informacje og\u00f3lne: Gwint zewn\u0119trzny: 21,8mm L Gwint wewn\u0119trzny: 3\/8&#8243;L Materia\u0142: mosi\u0105dz Przeznaczenia: do butli gazowych, turystycznych Niewielka, ale bardzo przydatna przej\u015bci\u00f3wka do butli gazowych! Przej\u015bci\u00f3wka do butli turystycznych wykonana z mosi\u0105dzu, co b\u0119dzie owocowa\u0142o d\u0142ugim okresem u\u017cytkowania. Redukcja umo\u017cliwia zmian\u0119 wielko\u015bci gwintu butli turystycznej. Zapewnia szczelno\u015b\u0107 i zapobiega ulatnianiu     Czytaj wi\u0119cej &quot;REDUKCJA PRZEJ\u015aCI\u00d3WKA DO BUTLI GAZOWEJ G3\/8LxW21.8L&quot;\" \/>\n<meta property=\"og:url\" content=\"https:\/\/bobimarket.pl\/index.php\/produkt\/redukcja-przejsciowka-do-butli-gazowej-g3-8lxw21-8l\/\" \/>\n<meta property=\"og:site_name\" content=\"BOBIMARKET.pl - Remontuj i urz\u0105dzaj z nami\" \/>\n<meta property=\"article:modified_time\" content=\"2025-02-27T15:11:19+00:00\" \/>\n<meta property=\"og:image\" content=\"https:\/\/upload.cdn.baselinker.com\/products\/14476\/4d07430fe7b47ab029cd2d167517fc2c.jpg\" \/>\n<meta name=\"twitter:card\" content=\"summary_large_image\" \/>\n<script type=\"application\/ld+json\" class=\"yoast-schema-graph\">{\"@context\":\"https:\/\/schema.org\",\"@graph\":[{\"@type\":\"WebPage\",\"@id\":\"https:\/\/bobimarket.pl\/index.php\/produkt\/redukcja-przejsciowka-do-butli-gazowej-g3-8lxw21-8l\/\",\"url\":\"https:\/\/bobimarket.pl\/index.php\/produkt\/redukcja-przejsciowka-do-butli-gazowej-g3-8lxw21-8l\/\",\"name\":\"REDUKCJA PRZEJ\u015aCI\u00d3WKA DO BUTLI GAZOWEJ G3\/8LxW21.8L - BOBIMARKET.pl - Remontuj i urz\u0105dzaj z nami\",\"isPartOf\":{\"@id\":\"https:\/\/bobimarket.pl\/#website\"},\"datePublished\":\"2023-08-30T02:40:45+00:00\",\"dateModified\":\"2025-02-27T15:11:19+00:00\",\"breadcrumb\":{\"@id\":\"https:\/\/bobimarket.pl\/index.php\/produkt\/redukcja-przejsciowka-do-butli-gazowej-g3-8lxw21-8l\/#breadcrumb\"},\"inLanguage\":\"pl-PL\",\"potentialAction\":[{\"@type\":\"ReadAction\",\"target\":[\"https:\/\/bobimarket.pl\/index.php\/produkt\/redukcja-przejsciowka-do-butli-gazowej-g3-8lxw21-8l\/\"]}]},{\"@type\":\"BreadcrumbList\",\"@id\":\"https:\/\/bobimarket.pl\/index.php\/produkt\/redukcja-przejsciowka-do-butli-gazowej-g3-8lxw21-8l\/#breadcrumb\",\"itemListElement\":[{\"@type\":\"ListItem\",\"position\":1,\"name\":\"Strona g\u0142\u00f3wna\",\"item\":\"https:\/\/bobimarket.pl\/\"},{\"@type\":\"ListItem\",\"position\":2,\"name\":\"Sklep\",\"item\":\"https:\/\/bobimarket.pl\/index.php\/shop\/\"},{\"@type\":\"ListItem\",\"position\":3,\"name\":\"REDUKCJA PRZEJ\u015aCI\u00d3WKA DO BUTLI GAZOWEJ G3\/8LxW21.8L\"}]},{\"@type\":\"WebSite\",\"@id\":\"https:\/\/bobimarket.pl\/#website\",\"url\":\"https:\/\/bobimarket.pl\/\",\"name\":\"BOBIMARKET.pl - Remontuj i urz\u0105dzaj z nami\",\"description\":\"Remontuj i urz\u0105dzaj z nami\",\"publisher\":{\"@id\":\"https:\/\/bobimarket.pl\/#organization\"},\"potentialAction\":[{\"@type\":\"SearchAction\",\"target\":{\"@type\":\"EntryPoint\",\"urlTemplate\":\"https:\/\/bobimarket.pl\/?s={search_term_string}\"},\"query-input\":\"required name=search_term_string\"}],\"inLanguage\":\"pl-PL\"},{\"@type\":\"Organization\",\"@id\":\"https:\/\/bobimarket.pl\/#organization\",\"name\":\"BOBIMARKET.pl\",\"url\":\"https:\/\/bobimarket.pl\/\",\"logo\":{\"@type\":\"ImageObject\",\"inLanguage\":\"pl-PL\",\"@id\":\"https:\/\/bobimarket.pl\/#\/schema\/logo\/image\/\",\"url\":\"https:\/\/bobimarket.pl\/wp-content\/uploads\/2021\/11\/slogan.png\",\"contentUrl\":\"https:\/\/bobimarket.pl\/wp-content\/uploads\/2021\/11\/slogan.png\",\"width\":2000,\"height\":384,\"caption\":\"BOBIMARKET.pl\"},\"image\":{\"@id\":\"https:\/\/bobimarket.pl\/#\/schema\/logo\/image\/\"}}]}<\/script>\n<!-- \/ Yoast SEO plugin. -->","yoast_head_json":{"title":"REDUKCJA PRZEJ\u015aCI\u00d3WKA DO BUTLI GAZOWEJ G3\/8LxW21.8L - BOBIMARKET.pl - Remontuj i urz\u0105dzaj z nami","robots":{"index":"index","follow":"follow","max-snippet":"max-snippet:-1","max-image-preview":"max-image-preview:large","max-video-preview":"max-video-preview:-1"},"canonical":"https:\/\/bobimarket.pl\/index.php\/produkt\/redukcja-przejsciowka-do-butli-gazowej-g3-8lxw21-8l\/","og_locale":"pl_PL","og_type":"article","og_title":"REDUKCJA PRZEJ\u015aCI\u00d3WKA DO BUTLI GAZOWEJ G3\/8LxW21.8L - BOBIMARKET.pl - Remontuj i urz\u0105dzaj z nami","og_description":"REDUKCJA PRZEJ\u015aCI\u00d3WKA DO BUTLI GAZOWEJ G3\/8LxW21.8L Informacje og\u00f3lne: Gwint zewn\u0119trzny: 21,8mm L Gwint wewn\u0119trzny: 3\/8&#8243;L Materia\u0142: mosi\u0105dz Przeznaczenia: do butli gazowych, turystycznych Niewielka, ale bardzo przydatna przej\u015bci\u00f3wka do butli gazowych! Przej\u015bci\u00f3wka do butli turystycznych wykonana z mosi\u0105dzu, co b\u0119dzie owocowa\u0142o d\u0142ugim okresem u\u017cytkowania. Redukcja umo\u017cliwia zmian\u0119 wielko\u015bci gwintu butli turystycznej. Zapewnia szczelno\u015b\u0107 i zapobiega ulatnianiu     Czytaj wi\u0119cej \"REDUKCJA PRZEJ\u015aCI\u00d3WKA DO BUTLI GAZOWEJ G3\/8LxW21.8L\"","og_url":"https:\/\/bobimarket.pl\/index.php\/produkt\/redukcja-przejsciowka-do-butli-gazowej-g3-8lxw21-8l\/","og_site_name":"BOBIMARKET.pl - Remontuj i urz\u0105dzaj z nami","article_modified_time":"2025-02-27T15:11:19+00:00","og_image":[{"url":"https:\/\/upload.cdn.baselinker.com\/products\/14476\/4d07430fe7b47ab029cd2d167517fc2c.jpg"}],"twitter_card":"summary_large_image","schema":{"@context":"https:\/\/schema.org","@graph":[{"@type":"WebPage","@id":"https:\/\/bobimarket.pl\/index.php\/produkt\/redukcja-przejsciowka-do-butli-gazowej-g3-8lxw21-8l\/","url":"https:\/\/bobimarket.pl\/index.php\/produkt\/redukcja-przejsciowka-do-butli-gazowej-g3-8lxw21-8l\/","name":"REDUKCJA PRZEJ\u015aCI\u00d3WKA DO BUTLI GAZOWEJ G3\/8LxW21.8L - BOBIMARKET.pl - Remontuj i urz\u0105dzaj z nami","isPartOf":{"@id":"https:\/\/bobimarket.pl\/#website"},"datePublished":"2023-08-30T02:40:45+00:00","dateModified":"2025-02-27T15:11:19+00:00","breadcrumb":{"@id":"https:\/\/bobimarket.pl\/index.php\/produkt\/redukcja-przejsciowka-do-butli-gazowej-g3-8lxw21-8l\/#breadcrumb"},"inLanguage":"pl-PL","potentialAction":[{"@type":"ReadAction","target":["https:\/\/bobimarket.pl\/index.php\/produkt\/redukcja-przejsciowka-do-butli-gazowej-g3-8lxw21-8l\/"]}]},{"@type":"BreadcrumbList","@id":"https:\/\/bobimarket.pl\/index.php\/produkt\/redukcja-przejsciowka-do-butli-gazowej-g3-8lxw21-8l\/#breadcrumb","itemListElement":[{"@type":"ListItem","position":1,"name":"Strona g\u0142\u00f3wna","item":"https:\/\/bobimarket.pl\/"},{"@type":"ListItem","position":2,"name":"Sklep","item":"https:\/\/bobimarket.pl\/index.php\/shop\/"},{"@type":"ListItem","position":3,"name":"REDUKCJA PRZEJ\u015aCI\u00d3WKA DO BUTLI GAZOWEJ G3\/8LxW21.8L"}]},{"@type":"WebSite","@id":"https:\/\/bobimarket.pl\/#website","url":"https:\/\/bobimarket.pl\/","name":"BOBIMARKET.pl - Remontuj i urz\u0105dzaj z nami","description":"Remontuj i urz\u0105dzaj z nami","publisher":{"@id":"https:\/\/bobimarket.pl\/#organization"},"potentialAction":[{"@type":"SearchAction","target":{"@type":"EntryPoint","urlTemplate":"https:\/\/bobimarket.pl\/?s={search_term_string}"},"query-input":"required name=search_term_string"}],"inLanguage":"pl-PL"},{"@type":"Organization","@id":"https:\/\/bobimarket.pl\/#organization","name":"BOBIMARKET.pl","url":"https:\/\/bobimarket.pl\/","logo":{"@type":"ImageObject","inLanguage":"pl-PL","@id":"https:\/\/bobimarket.pl\/#\/schema\/logo\/image\/","url":"https:\/\/bobimarket.pl\/wp-content\/uploads\/2021\/11\/slogan.png","contentUrl":"https:\/\/bobimarket.pl\/wp-content\/uploads\/2021\/11\/slogan.png","width":2000,"height":384,"caption":"BOBIMARKET.pl"},"image":{"@id":"https:\/\/bobimarket.pl\/#\/schema\/logo\/image\/"}}]}},"_links":{"self":[{"href":"https:\/\/bobimarket.pl\/index.php\/wp-json\/wp\/v2\/product\/88941"}],"collection":[{"href":"https:\/\/bobimarket.pl\/index.php\/wp-json\/wp\/v2\/product"}],"about":[{"href":"https:\/\/bobimarket.pl\/index.php\/wp-json\/wp\/v2\/types\/product"}],"wp:featuredmedia":[{"embeddable":true,"href":"https:\/\/bobimarket.pl\/index.php\/wp-json\/wp\/v2\/media\/88940"}],"wp:attachment":[{"href":"https:\/\/bobimarket.pl\/index.php\/wp-json\/wp\/v2\/media?parent=88941"}],"wp:term":[{"taxonomy":"product_cat","embeddable":true,"href":"https:\/\/bobimarket.pl\/index.php\/wp-json\/wp\/v2\/product_cat?post=88941"},{"taxonomy":"product_tag","embeddable":true,"href":"https:\/\/bobimarket.pl\/index.php\/wp-json\/wp\/v2\/product_tag?post=88941"}],"curies":[{"name":"wp","href":"https:\/\/api.w.org\/{rel}","templated":true}]}}