{"id":89128,"date":"2023-08-30T02:55:51","date_gmt":"2023-08-30T02:55:51","guid":{"rendered":"https:\/\/bobimarket.pl\/index.php\/produkt\/lacznik-nypel-do-laczenia-2-szybkozlaczy-aqua-1-2\/"},"modified":"2025-02-27T15:12:55","modified_gmt":"2025-02-27T15:12:55","slug":"lacznik-nypel-do-laczenia-2-szybkozlaczy-aqua-1-2","status":"publish","type":"product","link":"https:\/\/bobimarket.pl\/index.php\/produkt\/lacznik-nypel-do-laczenia-2-szybkozlaczy-aqua-1-2\/","title":{"rendered":"\u0141\u0104CZNIK NYPEL DO \u0141\u0104CZENIA 2 SZYBKOZ\u0141\u0104CZY AQUA 1\/2"},"content":{"rendered":"<section class=\"section\">\n<div class=\"item item-6\">\n<section class=\"image-item\">\n            <img decoding=\"async\" src=\"https:\/\/upload.cdn.baselinker.com\/products\/14476\/f1b76cc6de941e08f96668bdde2941ac.jpg\" \/><br \/>\n        <\/section>\n<\/p><\/div>\n<div class=\"item item-6\">\n<section class=\"text-item\">\n<h2>\u0141\u0104CZNIK NYPEL DO \u0141\u0104CZENIA 2 SZYBKOZ\u0141\u0104CZY<\/h2>\n<p><b>Informacje og\u00f3lne:\u00a0<\/b><\/p>\n<ul>\n<li>Rodzaj: <b>przy\u0142\u0105cze<\/b><\/li>\n<li>Rozmiar \u0142\u0105cznika: <b>1\/2&#8243;<\/b><\/li>\n<li><b>Wysoki przep\u0142yw<\/b><\/li>\n<li>Materia\u0142: <b>tworzywo ABS<\/b><\/li>\n<\/ul>\n<\/section><\/div>\n<\/section>\n<section class=\"section\">\n<div class=\"item item-6\">\n<section class=\"image-item\">\n            <img decoding=\"async\" src=\"https:\/\/upload.cdn.baselinker.com\/products\/14476\/2f8b553218af542223c487cd6ded63ba.jpg\" \/><br \/>\n        <\/section>\n<\/p><\/div>\n<div class=\"item item-6\">\n<section class=\"text-item\">\n<p>Wysokiej jako\u015bci przy\u0142\u0105cze. Wykonane <b>z mocnego tworzywa ABS<\/b>, kt\u00f3re zapewnia d\u0142ugotrwa\u0142e dzia\u0142anie i jest odporne na uderzenia.\u00a0Pozwala na zwi\u0119kszenia d\u0142ugo\u015bci w\u0119\u017ca lub \u0142\u0105czenia r\u00f3\u017cnych typ\u00f3w w\u0119\u017cy.<\/p>\n<ul>\n<li>Nypel pozwoli ci na przy\u0142\u0105cze dw\u00f3ch szybkoz\u0142\u0105czek do siebie.<\/li>\n<li>\u0141\u0105cznik jest niezb\u0119dny do przed\u0142u\u017cenia w\u0119\u017cy ogrodowych zako\u0144czonych szybkoz\u0142\u0105czem.<\/li>\n<\/ul>\n<\/section><\/div>\n<\/section>\n<section class=\"section\">\n<div class=\"item item-6\">\n<section class=\"image-item\">\n            <img decoding=\"async\" src=\"https:\/\/upload.cdn.baselinker.com\/products\/14476\/6bf911707031e8c6afd2dd8c5cb4e0b2.jpg\" \/><br \/>\n        <\/section>\n<\/p><\/div>\n<div class=\"item item-6\">\n<section class=\"image-item\">\n            <img decoding=\"async\" src=\"https:\/\/upload.cdn.baselinker.com\/products\/14476\/1238cc8c92b4df7a1761704bb32a1801.jpg\" \/><br \/>\n        <\/section>\n<\/p><\/div>\n<\/section>\n","protected":false},"excerpt":{"rendered":"<p>\u0141\u0104CZNIK NYPEL DO \u0141\u0104CZENIA 2 SZYBKOZ\u0141\u0104CZY Informacje og\u00f3lne:\u00a0 Rodzaj: przy\u0142\u0105cze Rozmiar \u0142\u0105cznika: 1\/2&#8243; Wysoki przep\u0142yw Materia\u0142: tworzywo ABS Wysokiej jako\u015bci przy\u0142\u0105cze. Wykonane z mocnego tworzywa ABS, kt\u00f3re zapewnia d\u0142ugotrwa\u0142e dzia\u0142anie i jest odporne na uderzenia.\u00a0Pozwala na zwi\u0119kszenia d\u0142ugo\u015bci w\u0119\u017ca lub \u0142\u0105czenia r\u00f3\u017cnych typ\u00f3w w\u0119\u017cy. Nypel pozwoli ci na przy\u0142\u0105cze dw\u00f3ch szybkoz\u0142\u0105czek do siebie. \u0141\u0105cznik jest<br \/><a class=\"more-link\" href=\"https:\/\/bobimarket.pl\/index.php\/produkt\/lacznik-nypel-do-laczenia-2-szybkozlaczy-aqua-1-2\/\"><br \/>\n        Czytaj wi\u0119cej<span class=\"screen-reader-text\"> &#8222;\u0141\u0104CZNIK NYPEL DO \u0141\u0104CZENIA 2 SZYBKOZ\u0141\u0104CZY AQUA 1\/2&#8221;<\/span><\/a><\/p>\n","protected":false},"featured_media":89120,"template":"","meta":[],"product_cat":[8254],"product_tag":[],"yoast_head":"<!-- This site is optimized with the Yoast SEO plugin v21.0 - https:\/\/yoast.com\/wordpress\/plugins\/seo\/ -->\n<title>\u0141\u0104CZNIK NYPEL DO \u0141\u0104CZENIA 2 SZYBKOZ\u0141\u0104CZY AQUA 1\/2 - BOBIMARKET.pl - Remontuj i urz\u0105dzaj z nami<\/title>\n<meta name=\"robots\" content=\"index, follow, max-snippet:-1, max-image-preview:large, max-video-preview:-1\" \/>\n<link rel=\"canonical\" href=\"https:\/\/bobimarket.pl\/index.php\/produkt\/lacznik-nypel-do-laczenia-2-szybkozlaczy-aqua-1-2\/\" \/>\n<meta property=\"og:locale\" content=\"pl_PL\" \/>\n<meta property=\"og:type\" content=\"article\" \/>\n<meta property=\"og:title\" content=\"\u0141\u0104CZNIK NYPEL DO \u0141\u0104CZENIA 2 SZYBKOZ\u0141\u0104CZY AQUA 1\/2 - BOBIMARKET.pl - Remontuj i urz\u0105dzaj z nami\" \/>\n<meta property=\"og:description\" content=\"\u0141\u0104CZNIK NYPEL DO \u0141\u0104CZENIA 2 SZYBKOZ\u0141\u0104CZY Informacje og\u00f3lne:\u00a0 Rodzaj: przy\u0142\u0105cze Rozmiar \u0142\u0105cznika: 1\/2&#8243; Wysoki przep\u0142yw Materia\u0142: tworzywo ABS Wysokiej jako\u015bci przy\u0142\u0105cze. Wykonane z mocnego tworzywa ABS, kt\u00f3re zapewnia d\u0142ugotrwa\u0142e dzia\u0142anie i jest odporne na uderzenia.\u00a0Pozwala na zwi\u0119kszenia d\u0142ugo\u015bci w\u0119\u017ca lub \u0142\u0105czenia r\u00f3\u017cnych typ\u00f3w w\u0119\u017cy. Nypel pozwoli ci na przy\u0142\u0105cze dw\u00f3ch szybkoz\u0142\u0105czek do siebie. \u0141\u0105cznik jest     Czytaj wi\u0119cej &quot;\u0141\u0104CZNIK NYPEL DO \u0141\u0104CZENIA 2 SZYBKOZ\u0141\u0104CZY AQUA 1\/2&quot;\" \/>\n<meta property=\"og:url\" content=\"https:\/\/bobimarket.pl\/index.php\/produkt\/lacznik-nypel-do-laczenia-2-szybkozlaczy-aqua-1-2\/\" \/>\n<meta property=\"og:site_name\" content=\"BOBIMARKET.pl - Remontuj i urz\u0105dzaj z nami\" \/>\n<meta property=\"article:modified_time\" content=\"2025-02-27T15:12:55+00:00\" \/>\n<meta property=\"og:image\" content=\"https:\/\/upload.cdn.baselinker.com\/products\/14476\/f1b76cc6de941e08f96668bdde2941ac.jpg\" \/>\n<meta name=\"twitter:card\" content=\"summary_large_image\" \/>\n<script type=\"application\/ld+json\" class=\"yoast-schema-graph\">{\"@context\":\"https:\/\/schema.org\",\"@graph\":[{\"@type\":\"WebPage\",\"@id\":\"https:\/\/bobimarket.pl\/index.php\/produkt\/lacznik-nypel-do-laczenia-2-szybkozlaczy-aqua-1-2\/\",\"url\":\"https:\/\/bobimarket.pl\/index.php\/produkt\/lacznik-nypel-do-laczenia-2-szybkozlaczy-aqua-1-2\/\",\"name\":\"\u0141\u0104CZNIK NYPEL DO \u0141\u0104CZENIA 2 SZYBKOZ\u0141\u0104CZY AQUA 1\/2 - BOBIMARKET.pl - Remontuj i urz\u0105dzaj z nami\",\"isPartOf\":{\"@id\":\"https:\/\/bobimarket.pl\/#website\"},\"datePublished\":\"2023-08-30T02:55:51+00:00\",\"dateModified\":\"2025-02-27T15:12:55+00:00\",\"breadcrumb\":{\"@id\":\"https:\/\/bobimarket.pl\/index.php\/produkt\/lacznik-nypel-do-laczenia-2-szybkozlaczy-aqua-1-2\/#breadcrumb\"},\"inLanguage\":\"pl-PL\",\"potentialAction\":[{\"@type\":\"ReadAction\",\"target\":[\"https:\/\/bobimarket.pl\/index.php\/produkt\/lacznik-nypel-do-laczenia-2-szybkozlaczy-aqua-1-2\/\"]}]},{\"@type\":\"BreadcrumbList\",\"@id\":\"https:\/\/bobimarket.pl\/index.php\/produkt\/lacznik-nypel-do-laczenia-2-szybkozlaczy-aqua-1-2\/#breadcrumb\",\"itemListElement\":[{\"@type\":\"ListItem\",\"position\":1,\"name\":\"Strona g\u0142\u00f3wna\",\"item\":\"https:\/\/bobimarket.pl\/\"},{\"@type\":\"ListItem\",\"position\":2,\"name\":\"Sklep\",\"item\":\"https:\/\/bobimarket.pl\/index.php\/shop\/\"},{\"@type\":\"ListItem\",\"position\":3,\"name\":\"\u0141\u0104CZNIK NYPEL DO \u0141\u0104CZENIA 2 SZYBKOZ\u0141\u0104CZY AQUA 1\/2\"}]},{\"@type\":\"WebSite\",\"@id\":\"https:\/\/bobimarket.pl\/#website\",\"url\":\"https:\/\/bobimarket.pl\/\",\"name\":\"BOBIMARKET.pl - Remontuj i urz\u0105dzaj z nami\",\"description\":\"Remontuj i urz\u0105dzaj z nami\",\"publisher\":{\"@id\":\"https:\/\/bobimarket.pl\/#organization\"},\"potentialAction\":[{\"@type\":\"SearchAction\",\"target\":{\"@type\":\"EntryPoint\",\"urlTemplate\":\"https:\/\/bobimarket.pl\/?s={search_term_string}\"},\"query-input\":\"required name=search_term_string\"}],\"inLanguage\":\"pl-PL\"},{\"@type\":\"Organization\",\"@id\":\"https:\/\/bobimarket.pl\/#organization\",\"name\":\"BOBIMARKET.pl\",\"url\":\"https:\/\/bobimarket.pl\/\",\"logo\":{\"@type\":\"ImageObject\",\"inLanguage\":\"pl-PL\",\"@id\":\"https:\/\/bobimarket.pl\/#\/schema\/logo\/image\/\",\"url\":\"https:\/\/bobimarket.pl\/wp-content\/uploads\/2021\/11\/slogan.png\",\"contentUrl\":\"https:\/\/bobimarket.pl\/wp-content\/uploads\/2021\/11\/slogan.png\",\"width\":2000,\"height\":384,\"caption\":\"BOBIMARKET.pl\"},\"image\":{\"@id\":\"https:\/\/bobimarket.pl\/#\/schema\/logo\/image\/\"}}]}<\/script>\n<!-- \/ Yoast SEO plugin. -->","yoast_head_json":{"title":"\u0141\u0104CZNIK NYPEL DO \u0141\u0104CZENIA 2 SZYBKOZ\u0141\u0104CZY AQUA 1\/2 - BOBIMARKET.pl - Remontuj i urz\u0105dzaj z nami","robots":{"index":"index","follow":"follow","max-snippet":"max-snippet:-1","max-image-preview":"max-image-preview:large","max-video-preview":"max-video-preview:-1"},"canonical":"https:\/\/bobimarket.pl\/index.php\/produkt\/lacznik-nypel-do-laczenia-2-szybkozlaczy-aqua-1-2\/","og_locale":"pl_PL","og_type":"article","og_title":"\u0141\u0104CZNIK NYPEL DO \u0141\u0104CZENIA 2 SZYBKOZ\u0141\u0104CZY AQUA 1\/2 - BOBIMARKET.pl - Remontuj i urz\u0105dzaj z nami","og_description":"\u0141\u0104CZNIK NYPEL DO \u0141\u0104CZENIA 2 SZYBKOZ\u0141\u0104CZY Informacje og\u00f3lne:\u00a0 Rodzaj: przy\u0142\u0105cze Rozmiar \u0142\u0105cznika: 1\/2&#8243; Wysoki przep\u0142yw Materia\u0142: tworzywo ABS Wysokiej jako\u015bci przy\u0142\u0105cze. Wykonane z mocnego tworzywa ABS, kt\u00f3re zapewnia d\u0142ugotrwa\u0142e dzia\u0142anie i jest odporne na uderzenia.\u00a0Pozwala na zwi\u0119kszenia d\u0142ugo\u015bci w\u0119\u017ca lub \u0142\u0105czenia r\u00f3\u017cnych typ\u00f3w w\u0119\u017cy. Nypel pozwoli ci na przy\u0142\u0105cze dw\u00f3ch szybkoz\u0142\u0105czek do siebie. \u0141\u0105cznik jest     Czytaj wi\u0119cej \"\u0141\u0104CZNIK NYPEL DO \u0141\u0104CZENIA 2 SZYBKOZ\u0141\u0104CZY AQUA 1\/2\"","og_url":"https:\/\/bobimarket.pl\/index.php\/produkt\/lacznik-nypel-do-laczenia-2-szybkozlaczy-aqua-1-2\/","og_site_name":"BOBIMARKET.pl - Remontuj i urz\u0105dzaj z nami","article_modified_time":"2025-02-27T15:12:55+00:00","og_image":[{"url":"https:\/\/upload.cdn.baselinker.com\/products\/14476\/f1b76cc6de941e08f96668bdde2941ac.jpg"}],"twitter_card":"summary_large_image","schema":{"@context":"https:\/\/schema.org","@graph":[{"@type":"WebPage","@id":"https:\/\/bobimarket.pl\/index.php\/produkt\/lacznik-nypel-do-laczenia-2-szybkozlaczy-aqua-1-2\/","url":"https:\/\/bobimarket.pl\/index.php\/produkt\/lacznik-nypel-do-laczenia-2-szybkozlaczy-aqua-1-2\/","name":"\u0141\u0104CZNIK NYPEL DO \u0141\u0104CZENIA 2 SZYBKOZ\u0141\u0104CZY AQUA 1\/2 - BOBIMARKET.pl - Remontuj i urz\u0105dzaj z nami","isPartOf":{"@id":"https:\/\/bobimarket.pl\/#website"},"datePublished":"2023-08-30T02:55:51+00:00","dateModified":"2025-02-27T15:12:55+00:00","breadcrumb":{"@id":"https:\/\/bobimarket.pl\/index.php\/produkt\/lacznik-nypel-do-laczenia-2-szybkozlaczy-aqua-1-2\/#breadcrumb"},"inLanguage":"pl-PL","potentialAction":[{"@type":"ReadAction","target":["https:\/\/bobimarket.pl\/index.php\/produkt\/lacznik-nypel-do-laczenia-2-szybkozlaczy-aqua-1-2\/"]}]},{"@type":"BreadcrumbList","@id":"https:\/\/bobimarket.pl\/index.php\/produkt\/lacznik-nypel-do-laczenia-2-szybkozlaczy-aqua-1-2\/#breadcrumb","itemListElement":[{"@type":"ListItem","position":1,"name":"Strona g\u0142\u00f3wna","item":"https:\/\/bobimarket.pl\/"},{"@type":"ListItem","position":2,"name":"Sklep","item":"https:\/\/bobimarket.pl\/index.php\/shop\/"},{"@type":"ListItem","position":3,"name":"\u0141\u0104CZNIK NYPEL DO \u0141\u0104CZENIA 2 SZYBKOZ\u0141\u0104CZY AQUA 1\/2"}]},{"@type":"WebSite","@id":"https:\/\/bobimarket.pl\/#website","url":"https:\/\/bobimarket.pl\/","name":"BOBIMARKET.pl - Remontuj i urz\u0105dzaj z nami","description":"Remontuj i urz\u0105dzaj z nami","publisher":{"@id":"https:\/\/bobimarket.pl\/#organization"},"potentialAction":[{"@type":"SearchAction","target":{"@type":"EntryPoint","urlTemplate":"https:\/\/bobimarket.pl\/?s={search_term_string}"},"query-input":"required name=search_term_string"}],"inLanguage":"pl-PL"},{"@type":"Organization","@id":"https:\/\/bobimarket.pl\/#organization","name":"BOBIMARKET.pl","url":"https:\/\/bobimarket.pl\/","logo":{"@type":"ImageObject","inLanguage":"pl-PL","@id":"https:\/\/bobimarket.pl\/#\/schema\/logo\/image\/","url":"https:\/\/bobimarket.pl\/wp-content\/uploads\/2021\/11\/slogan.png","contentUrl":"https:\/\/bobimarket.pl\/wp-content\/uploads\/2021\/11\/slogan.png","width":2000,"height":384,"caption":"BOBIMARKET.pl"},"image":{"@id":"https:\/\/bobimarket.pl\/#\/schema\/logo\/image\/"}}]}},"_links":{"self":[{"href":"https:\/\/bobimarket.pl\/index.php\/wp-json\/wp\/v2\/product\/89128"}],"collection":[{"href":"https:\/\/bobimarket.pl\/index.php\/wp-json\/wp\/v2\/product"}],"about":[{"href":"https:\/\/bobimarket.pl\/index.php\/wp-json\/wp\/v2\/types\/product"}],"wp:featuredmedia":[{"embeddable":true,"href":"https:\/\/bobimarket.pl\/index.php\/wp-json\/wp\/v2\/media\/89120"}],"wp:attachment":[{"href":"https:\/\/bobimarket.pl\/index.php\/wp-json\/wp\/v2\/media?parent=89128"}],"wp:term":[{"taxonomy":"product_cat","embeddable":true,"href":"https:\/\/bobimarket.pl\/index.php\/wp-json\/wp\/v2\/product_cat?post=89128"},{"taxonomy":"product_tag","embeddable":true,"href":"https:\/\/bobimarket.pl\/index.php\/wp-json\/wp\/v2\/product_tag?post=89128"}],"curies":[{"name":"wp","href":"https:\/\/api.w.org\/{rel}","templated":true}]}}