{"id":89137,"date":"2023-08-30T02:56:23","date_gmt":"2023-08-30T02:56:23","guid":{"rendered":"https:\/\/bobimarket.pl\/index.php\/produkt\/szybkozlaczka-szybkozlacze-zlaczka-do-weza-1-2-cala\/"},"modified":"2025-02-27T15:12:59","modified_gmt":"2025-02-27T15:12:59","slug":"szybkozlaczka-szybkozlacze-zlaczka-do-weza-1-2-cala","status":"publish","type":"product","link":"https:\/\/bobimarket.pl\/index.php\/produkt\/szybkozlaczka-szybkozlacze-zlaczka-do-weza-1-2-cala\/","title":{"rendered":"SZYBKOZ\u0141\u0104CZKA SZYBKOZ\u0141\u0104CZE Z\u0141\u0104CZKA DO W\u0118\u017bA 1\/2 CALA"},"content":{"rendered":"<section class=\"section\">\n<div class=\"item item-6\">\n<section class=\"image-item\">\n            <img decoding=\"async\" src=\"https:\/\/upload.cdn.baselinker.com\/products\/14476\/c0bfcd60eb26d7f6eb92a6dc3f9f499e.jpg\" \/><br \/>\n        <\/section>\n<\/p><\/div>\n<div class=\"item item-6\">\n<section class=\"text-item\">\n<h2>SZYBKOZ\u0141\u0104CZKA SZYBKOZ\u0141\u0104CZE Z\u0141\u0104CZKA DO W\u0118\u017bA 1\/2 CALA<\/h2>\n<p>Informacje og\u00f3lne:<\/p>\n<ul>\n<li>Rodzaj: szybkoz\u0142\u0105cze<\/li>\n<li>\u015arednica: 1\/2 Cal<\/li>\n<li>Materia\u0142: tworzywo ABS<\/li>\n<\/ul>\n<\/section><\/div>\n<\/section>\n<section class=\"section\">\n<div class=\"item item-6\">\n<section class=\"image-item\">\n            <img decoding=\"async\" src=\"https:\/\/upload.cdn.baselinker.com\/products\/14476\/826b4e946361c92f5321aee944501039.jpg\" \/><br \/>\n        <\/section>\n<\/p><\/div>\n<div class=\"item item-6\">\n<section class=\"text-item\">\n<p>Wysokiej jako\u015bci szybkoz\u0142\u0105cze\u00a0o \u015brednicy osadzenia do w\u0119\u017ca 1\/2&#8243;.\u00a0Wykonane z mocnego tworzywa ABS, kt\u00f3re zapewnia d\u0142ugotrwa\u0142e dzia\u0142anie i jest odporne na uderzenia.<\/p>\n<ul>\n<li>Kompatybilna ze wszystkimi adapterami, przej\u015bci\u00f3wkami-z\u0142\u0105czami, tr\u00f3jnikami, a tak\u017ce z zestawami systemu nawadniania o tej samej \u015brednicy.\u00a0<\/li>\n<\/ul>\n<p><b>\u2705 Zastosowanie:<\/b><\/p>\n<p>Szybkoz\u0142\u0105cze pozwoli ci w szybki spos\u00f3b pod\u0142\u0105czy\u0107 w\u0105\u017c o \u015brednicy 1\/2 cala z innymi akcesoriami np z pistoletem, zraszaczem itp.\u00a0<\/p>\n<\/section><\/div>\n<\/section>\n<section class=\"section\">\n<div class=\"item item-6\">\n<section class=\"image-item\">\n            <img decoding=\"async\" src=\"https:\/\/upload.cdn.baselinker.com\/products\/14476\/ef1c63b0a3e347f58326267b02e5d24e.jpg\" \/><br \/>\n        <\/section>\n<\/p><\/div>\n<div class=\"item item-6\">\n<section class=\"image-item\">\n            <img decoding=\"async\" src=\"https:\/\/upload.cdn.baselinker.com\/products\/14476\/f26c50f29fa57f4966e554ca5e84facf.jpg\" \/><br \/>\n        <\/section>\n<\/p><\/div>\n<\/section>\n","protected":false},"excerpt":{"rendered":"<p>SZYBKOZ\u0141\u0104CZKA SZYBKOZ\u0141\u0104CZE Z\u0141\u0104CZKA DO W\u0118\u017bA 1\/2 CALA Informacje og\u00f3lne: Rodzaj: szybkoz\u0142\u0105cze \u015arednica: 1\/2 Cal Materia\u0142: tworzywo ABS Wysokiej jako\u015bci szybkoz\u0142\u0105cze\u00a0o \u015brednicy osadzenia do w\u0119\u017ca 1\/2&#8243;.\u00a0Wykonane z mocnego tworzywa ABS, kt\u00f3re zapewnia d\u0142ugotrwa\u0142e dzia\u0142anie i jest odporne na uderzenia. Kompatybilna ze wszystkimi adapterami, przej\u015bci\u00f3wkami-z\u0142\u0105czami, tr\u00f3jnikami, a tak\u017ce z zestawami systemu nawadniania o tej samej \u015brednicy.\u00a0 \u2705<br \/><a class=\"more-link\" href=\"https:\/\/bobimarket.pl\/index.php\/produkt\/szybkozlaczka-szybkozlacze-zlaczka-do-weza-1-2-cala\/\"><br \/>\n        Czytaj wi\u0119cej<span class=\"screen-reader-text\"> &#8222;SZYBKOZ\u0141\u0104CZKA SZYBKOZ\u0141\u0104CZE Z\u0141\u0104CZKA DO W\u0118\u017bA 1\/2 CALA&#8221;<\/span><\/a><\/p>\n","protected":false},"featured_media":89129,"template":"","meta":[],"product_cat":[8254],"product_tag":[],"yoast_head":"<!-- This site is optimized with the Yoast SEO plugin v21.0 - https:\/\/yoast.com\/wordpress\/plugins\/seo\/ -->\n<title>SZYBKOZ\u0141\u0104CZKA SZYBKOZ\u0141\u0104CZE Z\u0141\u0104CZKA DO W\u0118\u017bA 1\/2 CALA - BOBIMARKET.pl - Remontuj i urz\u0105dzaj z nami<\/title>\n<meta name=\"robots\" content=\"index, follow, max-snippet:-1, max-image-preview:large, max-video-preview:-1\" \/>\n<link rel=\"canonical\" href=\"https:\/\/bobimarket.pl\/index.php\/produkt\/szybkozlaczka-szybkozlacze-zlaczka-do-weza-1-2-cala\/\" \/>\n<meta property=\"og:locale\" content=\"pl_PL\" \/>\n<meta property=\"og:type\" content=\"article\" \/>\n<meta property=\"og:title\" content=\"SZYBKOZ\u0141\u0104CZKA SZYBKOZ\u0141\u0104CZE Z\u0141\u0104CZKA DO W\u0118\u017bA 1\/2 CALA - BOBIMARKET.pl - Remontuj i urz\u0105dzaj z nami\" \/>\n<meta property=\"og:description\" content=\"SZYBKOZ\u0141\u0104CZKA SZYBKOZ\u0141\u0104CZE Z\u0141\u0104CZKA DO W\u0118\u017bA 1\/2 CALA Informacje og\u00f3lne: Rodzaj: szybkoz\u0142\u0105cze \u015arednica: 1\/2 Cal Materia\u0142: tworzywo ABS Wysokiej jako\u015bci szybkoz\u0142\u0105cze\u00a0o \u015brednicy osadzenia do w\u0119\u017ca 1\/2&#8243;.\u00a0Wykonane z mocnego tworzywa ABS, kt\u00f3re zapewnia d\u0142ugotrwa\u0142e dzia\u0142anie i jest odporne na uderzenia. Kompatybilna ze wszystkimi adapterami, przej\u015bci\u00f3wkami-z\u0142\u0105czami, tr\u00f3jnikami, a tak\u017ce z zestawami systemu nawadniania o tej samej \u015brednicy.\u00a0 \u2705     Czytaj wi\u0119cej &quot;SZYBKOZ\u0141\u0104CZKA SZYBKOZ\u0141\u0104CZE Z\u0141\u0104CZKA DO W\u0118\u017bA 1\/2 CALA&quot;\" \/>\n<meta property=\"og:url\" content=\"https:\/\/bobimarket.pl\/index.php\/produkt\/szybkozlaczka-szybkozlacze-zlaczka-do-weza-1-2-cala\/\" \/>\n<meta property=\"og:site_name\" content=\"BOBIMARKET.pl - Remontuj i urz\u0105dzaj z nami\" \/>\n<meta property=\"article:modified_time\" content=\"2025-02-27T15:12:59+00:00\" \/>\n<meta property=\"og:image\" content=\"https:\/\/upload.cdn.baselinker.com\/products\/14476\/c0bfcd60eb26d7f6eb92a6dc3f9f499e.jpg\" \/>\n<meta name=\"twitter:card\" content=\"summary_large_image\" \/>\n<script type=\"application\/ld+json\" class=\"yoast-schema-graph\">{\"@context\":\"https:\/\/schema.org\",\"@graph\":[{\"@type\":\"WebPage\",\"@id\":\"https:\/\/bobimarket.pl\/index.php\/produkt\/szybkozlaczka-szybkozlacze-zlaczka-do-weza-1-2-cala\/\",\"url\":\"https:\/\/bobimarket.pl\/index.php\/produkt\/szybkozlaczka-szybkozlacze-zlaczka-do-weza-1-2-cala\/\",\"name\":\"SZYBKOZ\u0141\u0104CZKA SZYBKOZ\u0141\u0104CZE Z\u0141\u0104CZKA DO W\u0118\u017bA 1\/2 CALA - BOBIMARKET.pl - Remontuj i urz\u0105dzaj z nami\",\"isPartOf\":{\"@id\":\"https:\/\/bobimarket.pl\/#website\"},\"datePublished\":\"2023-08-30T02:56:23+00:00\",\"dateModified\":\"2025-02-27T15:12:59+00:00\",\"breadcrumb\":{\"@id\":\"https:\/\/bobimarket.pl\/index.php\/produkt\/szybkozlaczka-szybkozlacze-zlaczka-do-weza-1-2-cala\/#breadcrumb\"},\"inLanguage\":\"pl-PL\",\"potentialAction\":[{\"@type\":\"ReadAction\",\"target\":[\"https:\/\/bobimarket.pl\/index.php\/produkt\/szybkozlaczka-szybkozlacze-zlaczka-do-weza-1-2-cala\/\"]}]},{\"@type\":\"BreadcrumbList\",\"@id\":\"https:\/\/bobimarket.pl\/index.php\/produkt\/szybkozlaczka-szybkozlacze-zlaczka-do-weza-1-2-cala\/#breadcrumb\",\"itemListElement\":[{\"@type\":\"ListItem\",\"position\":1,\"name\":\"Strona g\u0142\u00f3wna\",\"item\":\"https:\/\/bobimarket.pl\/\"},{\"@type\":\"ListItem\",\"position\":2,\"name\":\"Sklep\",\"item\":\"https:\/\/bobimarket.pl\/index.php\/shop\/\"},{\"@type\":\"ListItem\",\"position\":3,\"name\":\"SZYBKOZ\u0141\u0104CZKA SZYBKOZ\u0141\u0104CZE Z\u0141\u0104CZKA DO W\u0118\u017bA 1\/2 CALA\"}]},{\"@type\":\"WebSite\",\"@id\":\"https:\/\/bobimarket.pl\/#website\",\"url\":\"https:\/\/bobimarket.pl\/\",\"name\":\"BOBIMARKET.pl - Remontuj i urz\u0105dzaj z nami\",\"description\":\"Remontuj i urz\u0105dzaj z nami\",\"publisher\":{\"@id\":\"https:\/\/bobimarket.pl\/#organization\"},\"potentialAction\":[{\"@type\":\"SearchAction\",\"target\":{\"@type\":\"EntryPoint\",\"urlTemplate\":\"https:\/\/bobimarket.pl\/?s={search_term_string}\"},\"query-input\":\"required name=search_term_string\"}],\"inLanguage\":\"pl-PL\"},{\"@type\":\"Organization\",\"@id\":\"https:\/\/bobimarket.pl\/#organization\",\"name\":\"BOBIMARKET.pl\",\"url\":\"https:\/\/bobimarket.pl\/\",\"logo\":{\"@type\":\"ImageObject\",\"inLanguage\":\"pl-PL\",\"@id\":\"https:\/\/bobimarket.pl\/#\/schema\/logo\/image\/\",\"url\":\"https:\/\/bobimarket.pl\/wp-content\/uploads\/2021\/11\/slogan.png\",\"contentUrl\":\"https:\/\/bobimarket.pl\/wp-content\/uploads\/2021\/11\/slogan.png\",\"width\":2000,\"height\":384,\"caption\":\"BOBIMARKET.pl\"},\"image\":{\"@id\":\"https:\/\/bobimarket.pl\/#\/schema\/logo\/image\/\"}}]}<\/script>\n<!-- \/ Yoast SEO plugin. -->","yoast_head_json":{"title":"SZYBKOZ\u0141\u0104CZKA SZYBKOZ\u0141\u0104CZE Z\u0141\u0104CZKA DO W\u0118\u017bA 1\/2 CALA - BOBIMARKET.pl - Remontuj i urz\u0105dzaj z nami","robots":{"index":"index","follow":"follow","max-snippet":"max-snippet:-1","max-image-preview":"max-image-preview:large","max-video-preview":"max-video-preview:-1"},"canonical":"https:\/\/bobimarket.pl\/index.php\/produkt\/szybkozlaczka-szybkozlacze-zlaczka-do-weza-1-2-cala\/","og_locale":"pl_PL","og_type":"article","og_title":"SZYBKOZ\u0141\u0104CZKA SZYBKOZ\u0141\u0104CZE Z\u0141\u0104CZKA DO W\u0118\u017bA 1\/2 CALA - BOBIMARKET.pl - Remontuj i urz\u0105dzaj z nami","og_description":"SZYBKOZ\u0141\u0104CZKA SZYBKOZ\u0141\u0104CZE Z\u0141\u0104CZKA DO W\u0118\u017bA 1\/2 CALA Informacje og\u00f3lne: Rodzaj: szybkoz\u0142\u0105cze \u015arednica: 1\/2 Cal Materia\u0142: tworzywo ABS Wysokiej jako\u015bci szybkoz\u0142\u0105cze\u00a0o \u015brednicy osadzenia do w\u0119\u017ca 1\/2&#8243;.\u00a0Wykonane z mocnego tworzywa ABS, kt\u00f3re zapewnia d\u0142ugotrwa\u0142e dzia\u0142anie i jest odporne na uderzenia. Kompatybilna ze wszystkimi adapterami, przej\u015bci\u00f3wkami-z\u0142\u0105czami, tr\u00f3jnikami, a tak\u017ce z zestawami systemu nawadniania o tej samej \u015brednicy.\u00a0 \u2705     Czytaj wi\u0119cej \"SZYBKOZ\u0141\u0104CZKA SZYBKOZ\u0141\u0104CZE Z\u0141\u0104CZKA DO W\u0118\u017bA 1\/2 CALA\"","og_url":"https:\/\/bobimarket.pl\/index.php\/produkt\/szybkozlaczka-szybkozlacze-zlaczka-do-weza-1-2-cala\/","og_site_name":"BOBIMARKET.pl - Remontuj i urz\u0105dzaj z nami","article_modified_time":"2025-02-27T15:12:59+00:00","og_image":[{"url":"https:\/\/upload.cdn.baselinker.com\/products\/14476\/c0bfcd60eb26d7f6eb92a6dc3f9f499e.jpg"}],"twitter_card":"summary_large_image","schema":{"@context":"https:\/\/schema.org","@graph":[{"@type":"WebPage","@id":"https:\/\/bobimarket.pl\/index.php\/produkt\/szybkozlaczka-szybkozlacze-zlaczka-do-weza-1-2-cala\/","url":"https:\/\/bobimarket.pl\/index.php\/produkt\/szybkozlaczka-szybkozlacze-zlaczka-do-weza-1-2-cala\/","name":"SZYBKOZ\u0141\u0104CZKA SZYBKOZ\u0141\u0104CZE Z\u0141\u0104CZKA DO W\u0118\u017bA 1\/2 CALA - BOBIMARKET.pl - Remontuj i urz\u0105dzaj z nami","isPartOf":{"@id":"https:\/\/bobimarket.pl\/#website"},"datePublished":"2023-08-30T02:56:23+00:00","dateModified":"2025-02-27T15:12:59+00:00","breadcrumb":{"@id":"https:\/\/bobimarket.pl\/index.php\/produkt\/szybkozlaczka-szybkozlacze-zlaczka-do-weza-1-2-cala\/#breadcrumb"},"inLanguage":"pl-PL","potentialAction":[{"@type":"ReadAction","target":["https:\/\/bobimarket.pl\/index.php\/produkt\/szybkozlaczka-szybkozlacze-zlaczka-do-weza-1-2-cala\/"]}]},{"@type":"BreadcrumbList","@id":"https:\/\/bobimarket.pl\/index.php\/produkt\/szybkozlaczka-szybkozlacze-zlaczka-do-weza-1-2-cala\/#breadcrumb","itemListElement":[{"@type":"ListItem","position":1,"name":"Strona g\u0142\u00f3wna","item":"https:\/\/bobimarket.pl\/"},{"@type":"ListItem","position":2,"name":"Sklep","item":"https:\/\/bobimarket.pl\/index.php\/shop\/"},{"@type":"ListItem","position":3,"name":"SZYBKOZ\u0141\u0104CZKA SZYBKOZ\u0141\u0104CZE Z\u0141\u0104CZKA DO W\u0118\u017bA 1\/2 CALA"}]},{"@type":"WebSite","@id":"https:\/\/bobimarket.pl\/#website","url":"https:\/\/bobimarket.pl\/","name":"BOBIMARKET.pl - Remontuj i urz\u0105dzaj z nami","description":"Remontuj i urz\u0105dzaj z nami","publisher":{"@id":"https:\/\/bobimarket.pl\/#organization"},"potentialAction":[{"@type":"SearchAction","target":{"@type":"EntryPoint","urlTemplate":"https:\/\/bobimarket.pl\/?s={search_term_string}"},"query-input":"required name=search_term_string"}],"inLanguage":"pl-PL"},{"@type":"Organization","@id":"https:\/\/bobimarket.pl\/#organization","name":"BOBIMARKET.pl","url":"https:\/\/bobimarket.pl\/","logo":{"@type":"ImageObject","inLanguage":"pl-PL","@id":"https:\/\/bobimarket.pl\/#\/schema\/logo\/image\/","url":"https:\/\/bobimarket.pl\/wp-content\/uploads\/2021\/11\/slogan.png","contentUrl":"https:\/\/bobimarket.pl\/wp-content\/uploads\/2021\/11\/slogan.png","width":2000,"height":384,"caption":"BOBIMARKET.pl"},"image":{"@id":"https:\/\/bobimarket.pl\/#\/schema\/logo\/image\/"}}]}},"_links":{"self":[{"href":"https:\/\/bobimarket.pl\/index.php\/wp-json\/wp\/v2\/product\/89137"}],"collection":[{"href":"https:\/\/bobimarket.pl\/index.php\/wp-json\/wp\/v2\/product"}],"about":[{"href":"https:\/\/bobimarket.pl\/index.php\/wp-json\/wp\/v2\/types\/product"}],"wp:featuredmedia":[{"embeddable":true,"href":"https:\/\/bobimarket.pl\/index.php\/wp-json\/wp\/v2\/media\/89129"}],"wp:attachment":[{"href":"https:\/\/bobimarket.pl\/index.php\/wp-json\/wp\/v2\/media?parent=89137"}],"wp:term":[{"taxonomy":"product_cat","embeddable":true,"href":"https:\/\/bobimarket.pl\/index.php\/wp-json\/wp\/v2\/product_cat?post=89137"},{"taxonomy":"product_tag","embeddable":true,"href":"https:\/\/bobimarket.pl\/index.php\/wp-json\/wp\/v2\/product_tag?post=89137"}],"curies":[{"name":"wp","href":"https:\/\/api.w.org\/{rel}","templated":true}]}}