{"id":89145,"date":"2023-08-30T02:56:45","date_gmt":"2023-08-30T02:56:45","guid":{"rendered":"https:\/\/bobimarket.pl\/index.php\/produkt\/szybkozlaczka-szybkozlacze-stop-aqua-1-2-cal-2\/"},"modified":"2025-02-27T15:13:03","modified_gmt":"2025-02-27T15:13:03","slug":"szybkozlaczka-szybkozlacze-stop-aqua-1-2-cal-2","status":"publish","type":"product","link":"https:\/\/bobimarket.pl\/index.php\/produkt\/szybkozlaczka-szybkozlacze-stop-aqua-1-2-cal-2\/","title":{"rendered":"SZYBKOZ\u0141\u0104CZKA SZYBKOZ\u0141\u0104CZE STOP AQUA 1\/2 CAL"},"content":{"rendered":"<section class=\"section\">\n<div class=\"item item-6\">\n<section class=\"image-item\">\n            <img decoding=\"async\" src=\"https:\/\/upload.cdn.baselinker.com\/products\/14476\/5e4e7c799eed083f095c7044b6581d2b.jpg\" \/><br \/>\n        <\/section>\n<\/p><\/div>\n<div class=\"item item-6\">\n<section class=\"text-item\">\n<h2>SZYBKOZ\u0141\u0104CZKA SZYBKOZ\u0141\u0104CZE STOP AQUA 1\/2 CAL<\/h2>\n<p><b>Informacje og\u00f3lne:\u00a0<\/b><\/p>\n<ul>\n<li>Rodzaj:<b> szybkoz\u0142\u0105cze<\/b><\/li>\n<li>\u015arednica: <b>1\/2 cal<\/b><\/li>\n<li>Materia\u0142: <b>tworzywo ABS<\/b><\/li>\n<li><b>Funkcja\u00a0stop<\/b><\/li>\n<\/ul>\n<\/section><\/div>\n<\/section>\n<section class=\"section\">\n<div class=\"item item-6\">\n<section class=\"image-item\">\n            <img decoding=\"async\" src=\"https:\/\/upload.cdn.baselinker.com\/products\/14476\/0f12f1b965fbbdb9f3ff7e5886c30497.jpg\" \/><br \/>\n        <\/section>\n<\/p><\/div>\n<div class=\"item item-6\">\n<section class=\"text-item\">\n<p>Wysokiej jako\u015bci szybkoz\u0142\u0105cze <b>na w\u0105\u017c 1\/2 cal<\/b> . Wykonane z mocnego tworzywa ABS, kt\u00f3re zapewnia d\u0142ugotrwa\u0142e dzia\u0142anie oraz jest odporne na uderzenia.\u00a0<\/p>\n<ul>\n<li><b>System STOP<\/b> pozwoli ci na bezproblemow\u0105 wymian\u0119 zraszacza lub zako\u0144czenie zraszania bez potrzeby zakrecania wody.<\/li>\n<\/ul>\n<p><b>\u2705 Zastosowanie:\u00a0<\/b><\/p>\n<ul>\n<li>Szybkoz\u0142\u0105cze z tej seri pozwoli ci w szybki spos\u00f3b pod\u0142\u0105czy\u0107 w\u0105\u017c o <b>\u015brednicy 1\/2 cala<\/b> z innymi akcesoriami np. z pistoletem, zraszaczem itp..<\/li>\n<li>\u0141\u0105cznik jest kompatybilny ze wszystkimi adapterami, przej\u015bci\u00f3wkami-z\u0142\u0105czami, tr\u00f3jnikami, a tak\u017ce z zestawami systemu nawadniania.<\/li>\n<\/ul>\n<\/section><\/div>\n<\/section>\n<section class=\"section\">\n<div class=\"item item-6\">\n<section class=\"image-item\">\n            <img decoding=\"async\" src=\"https:\/\/upload.cdn.baselinker.com\/products\/14476\/5abd34b045edbbdcf9d3908b2080f196.jpg\" \/><br \/>\n        <\/section>\n<\/p><\/div>\n<div class=\"item item-6\">\n<section class=\"image-item\">\n            <img decoding=\"async\" src=\"https:\/\/upload.cdn.baselinker.com\/products\/14476\/840c45777ff073fcdfeecae213aa8265.jpg\" \/><br \/>\n        <\/section>\n<\/p><\/div>\n<\/section>\n","protected":false},"excerpt":{"rendered":"<p>SZYBKOZ\u0141\u0104CZKA SZYBKOZ\u0141\u0104CZE STOP AQUA 1\/2 CAL Informacje og\u00f3lne:\u00a0 Rodzaj: szybkoz\u0142\u0105cze \u015arednica: 1\/2 cal Materia\u0142: tworzywo ABS Funkcja\u00a0stop Wysokiej jako\u015bci szybkoz\u0142\u0105cze na w\u0105\u017c 1\/2 cal . Wykonane z mocnego tworzywa ABS, kt\u00f3re zapewnia d\u0142ugotrwa\u0142e dzia\u0142anie oraz jest odporne na uderzenia.\u00a0 System STOP pozwoli ci na bezproblemow\u0105 wymian\u0119 zraszacza lub zako\u0144czenie zraszania bez potrzeby zakrecania wody. \u2705<br \/><a class=\"more-link\" href=\"https:\/\/bobimarket.pl\/index.php\/produkt\/szybkozlaczka-szybkozlacze-stop-aqua-1-2-cal-2\/\"><br \/>\n        Czytaj wi\u0119cej<span class=\"screen-reader-text\"> &#8222;SZYBKOZ\u0141\u0104CZKA SZYBKOZ\u0141\u0104CZE STOP AQUA 1\/2 CAL&#8221;<\/span><\/a><\/p>\n","protected":false},"featured_media":89138,"template":"","meta":[],"product_cat":[8254],"product_tag":[],"yoast_head":"<!-- This site is optimized with the Yoast SEO plugin v21.0 - https:\/\/yoast.com\/wordpress\/plugins\/seo\/ -->\n<title>SZYBKOZ\u0141\u0104CZKA SZYBKOZ\u0141\u0104CZE STOP AQUA 1\/2 CAL - BOBIMARKET.pl - Remontuj i urz\u0105dzaj z nami<\/title>\n<meta name=\"robots\" content=\"index, follow, max-snippet:-1, max-image-preview:large, max-video-preview:-1\" \/>\n<link rel=\"canonical\" href=\"https:\/\/bobimarket.pl\/index.php\/produkt\/szybkozlaczka-szybkozlacze-stop-aqua-1-2-cal-2\/\" \/>\n<meta property=\"og:locale\" content=\"pl_PL\" \/>\n<meta property=\"og:type\" content=\"article\" \/>\n<meta property=\"og:title\" content=\"SZYBKOZ\u0141\u0104CZKA SZYBKOZ\u0141\u0104CZE STOP AQUA 1\/2 CAL - BOBIMARKET.pl - Remontuj i urz\u0105dzaj z nami\" \/>\n<meta property=\"og:description\" content=\"SZYBKOZ\u0141\u0104CZKA SZYBKOZ\u0141\u0104CZE STOP AQUA 1\/2 CAL Informacje og\u00f3lne:\u00a0 Rodzaj: szybkoz\u0142\u0105cze \u015arednica: 1\/2 cal Materia\u0142: tworzywo ABS Funkcja\u00a0stop Wysokiej jako\u015bci szybkoz\u0142\u0105cze na w\u0105\u017c 1\/2 cal . Wykonane z mocnego tworzywa ABS, kt\u00f3re zapewnia d\u0142ugotrwa\u0142e dzia\u0142anie oraz jest odporne na uderzenia.\u00a0 System STOP pozwoli ci na bezproblemow\u0105 wymian\u0119 zraszacza lub zako\u0144czenie zraszania bez potrzeby zakrecania wody. \u2705     Czytaj wi\u0119cej &quot;SZYBKOZ\u0141\u0104CZKA SZYBKOZ\u0141\u0104CZE STOP AQUA 1\/2 CAL&quot;\" \/>\n<meta property=\"og:url\" content=\"https:\/\/bobimarket.pl\/index.php\/produkt\/szybkozlaczka-szybkozlacze-stop-aqua-1-2-cal-2\/\" \/>\n<meta property=\"og:site_name\" content=\"BOBIMARKET.pl - Remontuj i urz\u0105dzaj z nami\" \/>\n<meta property=\"article:modified_time\" content=\"2025-02-27T15:13:03+00:00\" \/>\n<meta property=\"og:image\" content=\"https:\/\/upload.cdn.baselinker.com\/products\/14476\/5e4e7c799eed083f095c7044b6581d2b.jpg\" \/>\n<meta name=\"twitter:card\" content=\"summary_large_image\" \/>\n<meta name=\"twitter:label1\" content=\"Szacowany czas czytania\" \/>\n\t<meta name=\"twitter:data1\" content=\"1 minuta\" \/>\n<script type=\"application\/ld+json\" class=\"yoast-schema-graph\">{\"@context\":\"https:\/\/schema.org\",\"@graph\":[{\"@type\":\"WebPage\",\"@id\":\"https:\/\/bobimarket.pl\/index.php\/produkt\/szybkozlaczka-szybkozlacze-stop-aqua-1-2-cal-2\/\",\"url\":\"https:\/\/bobimarket.pl\/index.php\/produkt\/szybkozlaczka-szybkozlacze-stop-aqua-1-2-cal-2\/\",\"name\":\"SZYBKOZ\u0141\u0104CZKA SZYBKOZ\u0141\u0104CZE STOP AQUA 1\/2 CAL - BOBIMARKET.pl - Remontuj i urz\u0105dzaj z nami\",\"isPartOf\":{\"@id\":\"https:\/\/bobimarket.pl\/#website\"},\"datePublished\":\"2023-08-30T02:56:45+00:00\",\"dateModified\":\"2025-02-27T15:13:03+00:00\",\"breadcrumb\":{\"@id\":\"https:\/\/bobimarket.pl\/index.php\/produkt\/szybkozlaczka-szybkozlacze-stop-aqua-1-2-cal-2\/#breadcrumb\"},\"inLanguage\":\"pl-PL\",\"potentialAction\":[{\"@type\":\"ReadAction\",\"target\":[\"https:\/\/bobimarket.pl\/index.php\/produkt\/szybkozlaczka-szybkozlacze-stop-aqua-1-2-cal-2\/\"]}]},{\"@type\":\"BreadcrumbList\",\"@id\":\"https:\/\/bobimarket.pl\/index.php\/produkt\/szybkozlaczka-szybkozlacze-stop-aqua-1-2-cal-2\/#breadcrumb\",\"itemListElement\":[{\"@type\":\"ListItem\",\"position\":1,\"name\":\"Strona g\u0142\u00f3wna\",\"item\":\"https:\/\/bobimarket.pl\/\"},{\"@type\":\"ListItem\",\"position\":2,\"name\":\"Sklep\",\"item\":\"https:\/\/bobimarket.pl\/index.php\/shop\/\"},{\"@type\":\"ListItem\",\"position\":3,\"name\":\"SZYBKOZ\u0141\u0104CZKA SZYBKOZ\u0141\u0104CZE STOP AQUA 1\/2 CAL\"}]},{\"@type\":\"WebSite\",\"@id\":\"https:\/\/bobimarket.pl\/#website\",\"url\":\"https:\/\/bobimarket.pl\/\",\"name\":\"BOBIMARKET.pl - Remontuj i urz\u0105dzaj z nami\",\"description\":\"Remontuj i urz\u0105dzaj z nami\",\"publisher\":{\"@id\":\"https:\/\/bobimarket.pl\/#organization\"},\"potentialAction\":[{\"@type\":\"SearchAction\",\"target\":{\"@type\":\"EntryPoint\",\"urlTemplate\":\"https:\/\/bobimarket.pl\/?s={search_term_string}\"},\"query-input\":\"required name=search_term_string\"}],\"inLanguage\":\"pl-PL\"},{\"@type\":\"Organization\",\"@id\":\"https:\/\/bobimarket.pl\/#organization\",\"name\":\"BOBIMARKET.pl\",\"url\":\"https:\/\/bobimarket.pl\/\",\"logo\":{\"@type\":\"ImageObject\",\"inLanguage\":\"pl-PL\",\"@id\":\"https:\/\/bobimarket.pl\/#\/schema\/logo\/image\/\",\"url\":\"https:\/\/bobimarket.pl\/wp-content\/uploads\/2021\/11\/slogan.png\",\"contentUrl\":\"https:\/\/bobimarket.pl\/wp-content\/uploads\/2021\/11\/slogan.png\",\"width\":2000,\"height\":384,\"caption\":\"BOBIMARKET.pl\"},\"image\":{\"@id\":\"https:\/\/bobimarket.pl\/#\/schema\/logo\/image\/\"}}]}<\/script>\n<!-- \/ Yoast SEO plugin. -->","yoast_head_json":{"title":"SZYBKOZ\u0141\u0104CZKA SZYBKOZ\u0141\u0104CZE STOP AQUA 1\/2 CAL - BOBIMARKET.pl - Remontuj i urz\u0105dzaj z nami","robots":{"index":"index","follow":"follow","max-snippet":"max-snippet:-1","max-image-preview":"max-image-preview:large","max-video-preview":"max-video-preview:-1"},"canonical":"https:\/\/bobimarket.pl\/index.php\/produkt\/szybkozlaczka-szybkozlacze-stop-aqua-1-2-cal-2\/","og_locale":"pl_PL","og_type":"article","og_title":"SZYBKOZ\u0141\u0104CZKA SZYBKOZ\u0141\u0104CZE STOP AQUA 1\/2 CAL - BOBIMARKET.pl - Remontuj i urz\u0105dzaj z nami","og_description":"SZYBKOZ\u0141\u0104CZKA SZYBKOZ\u0141\u0104CZE STOP AQUA 1\/2 CAL Informacje og\u00f3lne:\u00a0 Rodzaj: szybkoz\u0142\u0105cze \u015arednica: 1\/2 cal Materia\u0142: tworzywo ABS Funkcja\u00a0stop Wysokiej jako\u015bci szybkoz\u0142\u0105cze na w\u0105\u017c 1\/2 cal . Wykonane z mocnego tworzywa ABS, kt\u00f3re zapewnia d\u0142ugotrwa\u0142e dzia\u0142anie oraz jest odporne na uderzenia.\u00a0 System STOP pozwoli ci na bezproblemow\u0105 wymian\u0119 zraszacza lub zako\u0144czenie zraszania bez potrzeby zakrecania wody. \u2705     Czytaj wi\u0119cej \"SZYBKOZ\u0141\u0104CZKA SZYBKOZ\u0141\u0104CZE STOP AQUA 1\/2 CAL\"","og_url":"https:\/\/bobimarket.pl\/index.php\/produkt\/szybkozlaczka-szybkozlacze-stop-aqua-1-2-cal-2\/","og_site_name":"BOBIMARKET.pl - Remontuj i urz\u0105dzaj z nami","article_modified_time":"2025-02-27T15:13:03+00:00","og_image":[{"url":"https:\/\/upload.cdn.baselinker.com\/products\/14476\/5e4e7c799eed083f095c7044b6581d2b.jpg"}],"twitter_card":"summary_large_image","twitter_misc":{"Szacowany czas czytania":"1 minuta"},"schema":{"@context":"https:\/\/schema.org","@graph":[{"@type":"WebPage","@id":"https:\/\/bobimarket.pl\/index.php\/produkt\/szybkozlaczka-szybkozlacze-stop-aqua-1-2-cal-2\/","url":"https:\/\/bobimarket.pl\/index.php\/produkt\/szybkozlaczka-szybkozlacze-stop-aqua-1-2-cal-2\/","name":"SZYBKOZ\u0141\u0104CZKA SZYBKOZ\u0141\u0104CZE STOP AQUA 1\/2 CAL - BOBIMARKET.pl - Remontuj i urz\u0105dzaj z nami","isPartOf":{"@id":"https:\/\/bobimarket.pl\/#website"},"datePublished":"2023-08-30T02:56:45+00:00","dateModified":"2025-02-27T15:13:03+00:00","breadcrumb":{"@id":"https:\/\/bobimarket.pl\/index.php\/produkt\/szybkozlaczka-szybkozlacze-stop-aqua-1-2-cal-2\/#breadcrumb"},"inLanguage":"pl-PL","potentialAction":[{"@type":"ReadAction","target":["https:\/\/bobimarket.pl\/index.php\/produkt\/szybkozlaczka-szybkozlacze-stop-aqua-1-2-cal-2\/"]}]},{"@type":"BreadcrumbList","@id":"https:\/\/bobimarket.pl\/index.php\/produkt\/szybkozlaczka-szybkozlacze-stop-aqua-1-2-cal-2\/#breadcrumb","itemListElement":[{"@type":"ListItem","position":1,"name":"Strona g\u0142\u00f3wna","item":"https:\/\/bobimarket.pl\/"},{"@type":"ListItem","position":2,"name":"Sklep","item":"https:\/\/bobimarket.pl\/index.php\/shop\/"},{"@type":"ListItem","position":3,"name":"SZYBKOZ\u0141\u0104CZKA SZYBKOZ\u0141\u0104CZE STOP AQUA 1\/2 CAL"}]},{"@type":"WebSite","@id":"https:\/\/bobimarket.pl\/#website","url":"https:\/\/bobimarket.pl\/","name":"BOBIMARKET.pl - Remontuj i urz\u0105dzaj z nami","description":"Remontuj i urz\u0105dzaj z nami","publisher":{"@id":"https:\/\/bobimarket.pl\/#organization"},"potentialAction":[{"@type":"SearchAction","target":{"@type":"EntryPoint","urlTemplate":"https:\/\/bobimarket.pl\/?s={search_term_string}"},"query-input":"required name=search_term_string"}],"inLanguage":"pl-PL"},{"@type":"Organization","@id":"https:\/\/bobimarket.pl\/#organization","name":"BOBIMARKET.pl","url":"https:\/\/bobimarket.pl\/","logo":{"@type":"ImageObject","inLanguage":"pl-PL","@id":"https:\/\/bobimarket.pl\/#\/schema\/logo\/image\/","url":"https:\/\/bobimarket.pl\/wp-content\/uploads\/2021\/11\/slogan.png","contentUrl":"https:\/\/bobimarket.pl\/wp-content\/uploads\/2021\/11\/slogan.png","width":2000,"height":384,"caption":"BOBIMARKET.pl"},"image":{"@id":"https:\/\/bobimarket.pl\/#\/schema\/logo\/image\/"}}]}},"_links":{"self":[{"href":"https:\/\/bobimarket.pl\/index.php\/wp-json\/wp\/v2\/product\/89145"}],"collection":[{"href":"https:\/\/bobimarket.pl\/index.php\/wp-json\/wp\/v2\/product"}],"about":[{"href":"https:\/\/bobimarket.pl\/index.php\/wp-json\/wp\/v2\/types\/product"}],"wp:featuredmedia":[{"embeddable":true,"href":"https:\/\/bobimarket.pl\/index.php\/wp-json\/wp\/v2\/media\/89138"}],"wp:attachment":[{"href":"https:\/\/bobimarket.pl\/index.php\/wp-json\/wp\/v2\/media?parent=89145"}],"wp:term":[{"taxonomy":"product_cat","embeddable":true,"href":"https:\/\/bobimarket.pl\/index.php\/wp-json\/wp\/v2\/product_cat?post=89145"},{"taxonomy":"product_tag","embeddable":true,"href":"https:\/\/bobimarket.pl\/index.php\/wp-json\/wp\/v2\/product_tag?post=89145"}],"curies":[{"name":"wp","href":"https:\/\/api.w.org\/{rel}","templated":true}]}}