{"id":89167,"date":"2023-08-30T02:58:56","date_gmt":"2023-08-30T02:58:56","guid":{"rendered":"https:\/\/bobimarket.pl\/index.php\/produkt\/reparator-3-4-cal-do-weza-lacznik-zlaczka-aqua-2\/"},"modified":"2025-02-27T15:13:14","modified_gmt":"2025-02-27T15:13:14","slug":"reparator-3-4-cal-do-weza-lacznik-zlaczka-aqua-2","status":"publish","type":"product","link":"https:\/\/bobimarket.pl\/index.php\/produkt\/reparator-3-4-cal-do-weza-lacznik-zlaczka-aqua-2\/","title":{"rendered":"REPARATOR 3\/4 CAL DO W\u0118\u017bA \u0141\u0104CZNIK Z\u0141\u0104CZKA AQUA"},"content":{"rendered":"<section class=\"section\">\n<div class=\"item item-6\">\n<section class=\"image-item\">\n            <img decoding=\"async\" src=\"https:\/\/upload.cdn.baselinker.com\/products\/14476\/fbfb46d6f62e3ed418afda259c8ccb6e.jpg\" \/><br \/>\n        <\/section>\n<\/p><\/div>\n<div class=\"item item-6\">\n<section class=\"text-item\">\n<h2>REPARATOR 3\/4 CAL DO W\u0118\u017bA \u0141\u0104CZNIK Z\u0141\u0104CZKA AQUA<\/h2>\n<p><b>Informacje og\u00f3lne:<\/b><\/p>\n<ul>\n<li>Rodzaj:<b> reparator<\/b><\/li>\n<li>\u015arednica linii wej\u015bcia:<b>\u00a03\/4 cal<\/b><\/li>\n<li>\u015arednica linii wyj\u015bcia:<b>\u00a03\/4 cal<\/b><\/li>\n<li>Materia\u0142:<b> tworzywo ABS<\/b><\/li>\n<\/ul>\n<\/section><\/div>\n<\/section>\n<section class=\"section\">\n<div class=\"item item-6\">\n<section class=\"image-item\">\n            <img decoding=\"async\" src=\"https:\/\/upload.cdn.baselinker.com\/products\/14476\/d57664d2d740300c34d7420a8ba77fd5.jpg\" \/><br \/>\n        <\/section>\n<\/p><\/div>\n<div class=\"item item-6\">\n<section class=\"text-item\">\n<p>Wysokiej jako\u015bci reparator <b>na w\u0105\u017c 3\/4 cal<\/b> . Wykonane z mocnego tworzywa ABS, kt\u00f3re zapewnia d\u0142ugotrwa\u0142e dzia\u0142anie i jest odporne na uderzenia.\u00a0<\/p>\n<p>\u2705\u00a0 Zastosowanie:\u00a0<\/p>\n<ul>\n<li>Reparator z tej seri pozwoli Ci w szybki spos\u00f3b <b>pod\u0142\u0105czy\u0107 dwa ko\u0144ce w\u0119\u017cy<\/b> o \u015brednicy 1\/2 cala w celu przed\u0142u\u017cenia b\u0105dz naprawy w\u0119\u017ca.<\/li>\n<\/ul>\n<\/section><\/div>\n<\/section>\n<section class=\"section\">\n<div class=\"item item-6\">\n<section class=\"image-item\">\n            <img decoding=\"async\" src=\"https:\/\/upload.cdn.baselinker.com\/products\/14476\/fbfb46d6f62e3ed418afda259c8ccb6e.jpg\" \/><br \/>\n        <\/section>\n<\/p><\/div>\n<div class=\"item item-6\">\n<section class=\"image-item\">\n            <img decoding=\"async\" src=\"https:\/\/upload.cdn.baselinker.com\/products\/14476\/f54afd2ebf7306bb89838eedec0a7a2f.jpg\" \/><br \/>\n        <\/section>\n<\/p><\/div>\n<\/section>\n","protected":false},"excerpt":{"rendered":"<p>REPARATOR 3\/4 CAL DO W\u0118\u017bA \u0141\u0104CZNIK Z\u0141\u0104CZKA AQUA Informacje og\u00f3lne: Rodzaj: reparator \u015arednica linii wej\u015bcia:\u00a03\/4 cal \u015arednica linii wyj\u015bcia:\u00a03\/4 cal Materia\u0142: tworzywo ABS Wysokiej jako\u015bci reparator na w\u0105\u017c 3\/4 cal . Wykonane z mocnego tworzywa ABS, kt\u00f3re zapewnia d\u0142ugotrwa\u0142e dzia\u0142anie i jest odporne na uderzenia.\u00a0 \u2705\u00a0 Zastosowanie:\u00a0 Reparator z tej seri pozwoli Ci w szybki<br \/><a class=\"more-link\" href=\"https:\/\/bobimarket.pl\/index.php\/produkt\/reparator-3-4-cal-do-weza-lacznik-zlaczka-aqua-2\/\"><br \/>\n        Czytaj wi\u0119cej<span class=\"screen-reader-text\"> &#8222;REPARATOR 3\/4 CAL DO W\u0118\u017bA \u0141\u0104CZNIK Z\u0141\u0104CZKA AQUA&#8221;<\/span><\/a><\/p>\n","protected":false},"featured_media":89161,"template":"","meta":[],"product_cat":[8254],"product_tag":[],"yoast_head":"<!-- This site is optimized with the Yoast SEO plugin v21.0 - https:\/\/yoast.com\/wordpress\/plugins\/seo\/ -->\n<title>REPARATOR 3\/4 CAL DO W\u0118\u017bA \u0141\u0104CZNIK Z\u0141\u0104CZKA AQUA - BOBIMARKET.pl - Remontuj i urz\u0105dzaj z nami<\/title>\n<meta name=\"robots\" content=\"index, follow, max-snippet:-1, max-image-preview:large, max-video-preview:-1\" \/>\n<link rel=\"canonical\" href=\"https:\/\/bobimarket.pl\/index.php\/produkt\/reparator-3-4-cal-do-weza-lacznik-zlaczka-aqua-2\/\" \/>\n<meta property=\"og:locale\" content=\"pl_PL\" \/>\n<meta property=\"og:type\" content=\"article\" \/>\n<meta property=\"og:title\" content=\"REPARATOR 3\/4 CAL DO W\u0118\u017bA \u0141\u0104CZNIK Z\u0141\u0104CZKA AQUA - BOBIMARKET.pl - Remontuj i urz\u0105dzaj z nami\" \/>\n<meta property=\"og:description\" content=\"REPARATOR 3\/4 CAL DO W\u0118\u017bA \u0141\u0104CZNIK Z\u0141\u0104CZKA AQUA Informacje og\u00f3lne: Rodzaj: reparator \u015arednica linii wej\u015bcia:\u00a03\/4 cal \u015arednica linii wyj\u015bcia:\u00a03\/4 cal Materia\u0142: tworzywo ABS Wysokiej jako\u015bci reparator na w\u0105\u017c 3\/4 cal . Wykonane z mocnego tworzywa ABS, kt\u00f3re zapewnia d\u0142ugotrwa\u0142e dzia\u0142anie i jest odporne na uderzenia.\u00a0 \u2705\u00a0 Zastosowanie:\u00a0 Reparator z tej seri pozwoli Ci w szybki     Czytaj wi\u0119cej &quot;REPARATOR 3\/4 CAL DO W\u0118\u017bA \u0141\u0104CZNIK Z\u0141\u0104CZKA AQUA&quot;\" \/>\n<meta property=\"og:url\" content=\"https:\/\/bobimarket.pl\/index.php\/produkt\/reparator-3-4-cal-do-weza-lacznik-zlaczka-aqua-2\/\" \/>\n<meta property=\"og:site_name\" content=\"BOBIMARKET.pl - Remontuj i urz\u0105dzaj z nami\" \/>\n<meta property=\"article:modified_time\" content=\"2025-02-27T15:13:14+00:00\" \/>\n<meta property=\"og:image\" content=\"https:\/\/upload.cdn.baselinker.com\/products\/14476\/fbfb46d6f62e3ed418afda259c8ccb6e.jpg\" \/>\n<meta name=\"twitter:card\" content=\"summary_large_image\" \/>\n<script type=\"application\/ld+json\" class=\"yoast-schema-graph\">{\"@context\":\"https:\/\/schema.org\",\"@graph\":[{\"@type\":\"WebPage\",\"@id\":\"https:\/\/bobimarket.pl\/index.php\/produkt\/reparator-3-4-cal-do-weza-lacznik-zlaczka-aqua-2\/\",\"url\":\"https:\/\/bobimarket.pl\/index.php\/produkt\/reparator-3-4-cal-do-weza-lacznik-zlaczka-aqua-2\/\",\"name\":\"REPARATOR 3\/4 CAL DO W\u0118\u017bA \u0141\u0104CZNIK Z\u0141\u0104CZKA AQUA - BOBIMARKET.pl - Remontuj i urz\u0105dzaj z nami\",\"isPartOf\":{\"@id\":\"https:\/\/bobimarket.pl\/#website\"},\"datePublished\":\"2023-08-30T02:58:56+00:00\",\"dateModified\":\"2025-02-27T15:13:14+00:00\",\"breadcrumb\":{\"@id\":\"https:\/\/bobimarket.pl\/index.php\/produkt\/reparator-3-4-cal-do-weza-lacznik-zlaczka-aqua-2\/#breadcrumb\"},\"inLanguage\":\"pl-PL\",\"potentialAction\":[{\"@type\":\"ReadAction\",\"target\":[\"https:\/\/bobimarket.pl\/index.php\/produkt\/reparator-3-4-cal-do-weza-lacznik-zlaczka-aqua-2\/\"]}]},{\"@type\":\"BreadcrumbList\",\"@id\":\"https:\/\/bobimarket.pl\/index.php\/produkt\/reparator-3-4-cal-do-weza-lacznik-zlaczka-aqua-2\/#breadcrumb\",\"itemListElement\":[{\"@type\":\"ListItem\",\"position\":1,\"name\":\"Strona g\u0142\u00f3wna\",\"item\":\"https:\/\/bobimarket.pl\/\"},{\"@type\":\"ListItem\",\"position\":2,\"name\":\"Sklep\",\"item\":\"https:\/\/bobimarket.pl\/index.php\/shop\/\"},{\"@type\":\"ListItem\",\"position\":3,\"name\":\"REPARATOR 3\/4 CAL DO W\u0118\u017bA \u0141\u0104CZNIK Z\u0141\u0104CZKA AQUA\"}]},{\"@type\":\"WebSite\",\"@id\":\"https:\/\/bobimarket.pl\/#website\",\"url\":\"https:\/\/bobimarket.pl\/\",\"name\":\"BOBIMARKET.pl - Remontuj i urz\u0105dzaj z nami\",\"description\":\"Remontuj i urz\u0105dzaj z nami\",\"publisher\":{\"@id\":\"https:\/\/bobimarket.pl\/#organization\"},\"potentialAction\":[{\"@type\":\"SearchAction\",\"target\":{\"@type\":\"EntryPoint\",\"urlTemplate\":\"https:\/\/bobimarket.pl\/?s={search_term_string}\"},\"query-input\":\"required name=search_term_string\"}],\"inLanguage\":\"pl-PL\"},{\"@type\":\"Organization\",\"@id\":\"https:\/\/bobimarket.pl\/#organization\",\"name\":\"BOBIMARKET.pl\",\"url\":\"https:\/\/bobimarket.pl\/\",\"logo\":{\"@type\":\"ImageObject\",\"inLanguage\":\"pl-PL\",\"@id\":\"https:\/\/bobimarket.pl\/#\/schema\/logo\/image\/\",\"url\":\"https:\/\/bobimarket.pl\/wp-content\/uploads\/2021\/11\/slogan.png\",\"contentUrl\":\"https:\/\/bobimarket.pl\/wp-content\/uploads\/2021\/11\/slogan.png\",\"width\":2000,\"height\":384,\"caption\":\"BOBIMARKET.pl\"},\"image\":{\"@id\":\"https:\/\/bobimarket.pl\/#\/schema\/logo\/image\/\"}}]}<\/script>\n<!-- \/ Yoast SEO plugin. -->","yoast_head_json":{"title":"REPARATOR 3\/4 CAL DO W\u0118\u017bA \u0141\u0104CZNIK Z\u0141\u0104CZKA AQUA - BOBIMARKET.pl - Remontuj i urz\u0105dzaj z nami","robots":{"index":"index","follow":"follow","max-snippet":"max-snippet:-1","max-image-preview":"max-image-preview:large","max-video-preview":"max-video-preview:-1"},"canonical":"https:\/\/bobimarket.pl\/index.php\/produkt\/reparator-3-4-cal-do-weza-lacznik-zlaczka-aqua-2\/","og_locale":"pl_PL","og_type":"article","og_title":"REPARATOR 3\/4 CAL DO W\u0118\u017bA \u0141\u0104CZNIK Z\u0141\u0104CZKA AQUA - BOBIMARKET.pl - Remontuj i urz\u0105dzaj z nami","og_description":"REPARATOR 3\/4 CAL DO W\u0118\u017bA \u0141\u0104CZNIK Z\u0141\u0104CZKA AQUA Informacje og\u00f3lne: Rodzaj: reparator \u015arednica linii wej\u015bcia:\u00a03\/4 cal \u015arednica linii wyj\u015bcia:\u00a03\/4 cal Materia\u0142: tworzywo ABS Wysokiej jako\u015bci reparator na w\u0105\u017c 3\/4 cal . Wykonane z mocnego tworzywa ABS, kt\u00f3re zapewnia d\u0142ugotrwa\u0142e dzia\u0142anie i jest odporne na uderzenia.\u00a0 \u2705\u00a0 Zastosowanie:\u00a0 Reparator z tej seri pozwoli Ci w szybki     Czytaj wi\u0119cej \"REPARATOR 3\/4 CAL DO W\u0118\u017bA \u0141\u0104CZNIK Z\u0141\u0104CZKA AQUA\"","og_url":"https:\/\/bobimarket.pl\/index.php\/produkt\/reparator-3-4-cal-do-weza-lacznik-zlaczka-aqua-2\/","og_site_name":"BOBIMARKET.pl - Remontuj i urz\u0105dzaj z nami","article_modified_time":"2025-02-27T15:13:14+00:00","og_image":[{"url":"https:\/\/upload.cdn.baselinker.com\/products\/14476\/fbfb46d6f62e3ed418afda259c8ccb6e.jpg"}],"twitter_card":"summary_large_image","schema":{"@context":"https:\/\/schema.org","@graph":[{"@type":"WebPage","@id":"https:\/\/bobimarket.pl\/index.php\/produkt\/reparator-3-4-cal-do-weza-lacznik-zlaczka-aqua-2\/","url":"https:\/\/bobimarket.pl\/index.php\/produkt\/reparator-3-4-cal-do-weza-lacznik-zlaczka-aqua-2\/","name":"REPARATOR 3\/4 CAL DO W\u0118\u017bA \u0141\u0104CZNIK Z\u0141\u0104CZKA AQUA - BOBIMARKET.pl - Remontuj i urz\u0105dzaj z nami","isPartOf":{"@id":"https:\/\/bobimarket.pl\/#website"},"datePublished":"2023-08-30T02:58:56+00:00","dateModified":"2025-02-27T15:13:14+00:00","breadcrumb":{"@id":"https:\/\/bobimarket.pl\/index.php\/produkt\/reparator-3-4-cal-do-weza-lacznik-zlaczka-aqua-2\/#breadcrumb"},"inLanguage":"pl-PL","potentialAction":[{"@type":"ReadAction","target":["https:\/\/bobimarket.pl\/index.php\/produkt\/reparator-3-4-cal-do-weza-lacznik-zlaczka-aqua-2\/"]}]},{"@type":"BreadcrumbList","@id":"https:\/\/bobimarket.pl\/index.php\/produkt\/reparator-3-4-cal-do-weza-lacznik-zlaczka-aqua-2\/#breadcrumb","itemListElement":[{"@type":"ListItem","position":1,"name":"Strona g\u0142\u00f3wna","item":"https:\/\/bobimarket.pl\/"},{"@type":"ListItem","position":2,"name":"Sklep","item":"https:\/\/bobimarket.pl\/index.php\/shop\/"},{"@type":"ListItem","position":3,"name":"REPARATOR 3\/4 CAL DO W\u0118\u017bA \u0141\u0104CZNIK Z\u0141\u0104CZKA AQUA"}]},{"@type":"WebSite","@id":"https:\/\/bobimarket.pl\/#website","url":"https:\/\/bobimarket.pl\/","name":"BOBIMARKET.pl - Remontuj i urz\u0105dzaj z nami","description":"Remontuj i urz\u0105dzaj z nami","publisher":{"@id":"https:\/\/bobimarket.pl\/#organization"},"potentialAction":[{"@type":"SearchAction","target":{"@type":"EntryPoint","urlTemplate":"https:\/\/bobimarket.pl\/?s={search_term_string}"},"query-input":"required name=search_term_string"}],"inLanguage":"pl-PL"},{"@type":"Organization","@id":"https:\/\/bobimarket.pl\/#organization","name":"BOBIMARKET.pl","url":"https:\/\/bobimarket.pl\/","logo":{"@type":"ImageObject","inLanguage":"pl-PL","@id":"https:\/\/bobimarket.pl\/#\/schema\/logo\/image\/","url":"https:\/\/bobimarket.pl\/wp-content\/uploads\/2021\/11\/slogan.png","contentUrl":"https:\/\/bobimarket.pl\/wp-content\/uploads\/2021\/11\/slogan.png","width":2000,"height":384,"caption":"BOBIMARKET.pl"},"image":{"@id":"https:\/\/bobimarket.pl\/#\/schema\/logo\/image\/"}}]}},"_links":{"self":[{"href":"https:\/\/bobimarket.pl\/index.php\/wp-json\/wp\/v2\/product\/89167"}],"collection":[{"href":"https:\/\/bobimarket.pl\/index.php\/wp-json\/wp\/v2\/product"}],"about":[{"href":"https:\/\/bobimarket.pl\/index.php\/wp-json\/wp\/v2\/types\/product"}],"wp:featuredmedia":[{"embeddable":true,"href":"https:\/\/bobimarket.pl\/index.php\/wp-json\/wp\/v2\/media\/89161"}],"wp:attachment":[{"href":"https:\/\/bobimarket.pl\/index.php\/wp-json\/wp\/v2\/media?parent=89167"}],"wp:term":[{"taxonomy":"product_cat","embeddable":true,"href":"https:\/\/bobimarket.pl\/index.php\/wp-json\/wp\/v2\/product_cat?post=89167"},{"taxonomy":"product_tag","embeddable":true,"href":"https:\/\/bobimarket.pl\/index.php\/wp-json\/wp\/v2\/product_tag?post=89167"}],"curies":[{"name":"wp","href":"https:\/\/api.w.org\/{rel}","templated":true}]}}