{"id":89173,"date":"2023-08-30T02:59:34","date_gmt":"2023-08-30T02:59:34","guid":{"rendered":"https:\/\/bobimarket.pl\/index.php\/produkt\/zraszacz-do-ogrodu-pulsacyjny-ogrodowy-regulowany\/"},"modified":"2025-02-27T16:50:03","modified_gmt":"2025-02-27T16:50:03","slug":"zraszacz-do-ogrodu-pulsacyjny-ogrodowy-regulowany","status":"publish","type":"product","link":"https:\/\/bobimarket.pl\/index.php\/produkt\/zraszacz-do-ogrodu-pulsacyjny-ogrodowy-regulowany\/","title":{"rendered":"ZRASZACZ DO OGRODU PULSACYJNY OGRODOWY REGULOWANY"},"content":{"rendered":"<section class=\"section\">\n<div class=\"item item-12\">\n<section class=\"text-item\">\n<h2>ZRASZACZ DO OGRODU PULSACYJNY OGRODOWY REGULOWANY<\/h2>\n<p><b>Informacje og\u00f3lne:\u00a0<\/b><\/p>\n<ul>\n<li>Maksymalna odleg\u0142o\u015b\u0107 nawadniania:\u00a06 m<\/li>\n<li>Maksymalny obszar nawadniania, m\u00a0: 113<\/li>\n<li>Regulacja k\u0105ta nawadniania\u00a0: tak<\/li>\n<li>Materia\u0142:<b>\u00a0tworzywo ABS<\/b><\/li>\n<\/ul>\n<\/section><\/div>\n<\/section>\n<section class=\"section\">\n<div class=\"item item-12\">\n<section class=\"image-item\">\n            <img decoding=\"async\" src=\"https:\/\/upload.cdn.baselinker.com\/products\/14476\/7e6ad2e51fbd12072ace83670bcf3b38.png\" \/><br \/>\n        <\/section>\n<\/p><\/div>\n<\/section>\n<section class=\"section\">\n<div class=\"item item-12\">\n<section class=\"text-item\">\n<p>Zraszacz jest przede wszystkim prosty i wygodny w obs\u0142udze. Sprz\u0119t zosta\u0142 wyposa\u017cona w dodatkow\u0105 <b>regulacj\u0119 podlewania<\/b> zakresie a\u017c do 12 m. Dodatkowo\u00a0<\/p>\n<p><b>\u2705 ZASTOSOWANIE:<\/b><\/p>\n<p>Zraszacz stosuje si\u0119 do <b>podlewania trawnik\u00f3w, rabat lub niskich krzew\u00f3w<\/b>. Sprawdzi si\u0119 podczas podlewania wi\u0119kszych powierzchni. Szpilka umo\u017cliwia wbicie zraszacza w dowolnym wybranym miejscu.<\/p>\n<ul>\n<li>Ma\u0142a wra\u017cliwo\u015b\u0107 na podmuchy wiatru.<\/li>\n<li>Wysoka wydajno\u015b\u0107 i skuteczno\u015b\u0107 nawadniania.<\/li>\n<li>\u0141atwo go przemieszcza\u0107.\u00a0<\/li>\n<\/ul>\n<\/section><\/div>\n<\/section>\n<section class=\"section\">\n<div class=\"item item-12\">\n<section class=\"image-item\">\n            <img decoding=\"async\" src=\"https:\/\/upload.cdn.baselinker.com\/products\/14476\/4d2cc545dfe0b718e83b46b3c4a86724.jpg\" \/><br \/>\n        <\/section>\n<\/p><\/div>\n<\/section>\n<section class=\"section\">\n<div class=\"item item-12\">\n<section class=\"text-item\">\n<h2>Pulsacyjny zraszacz idealny do Twojego ogrodu!<\/h2>\n<p>Pulsacyjny zraszacz do ogrodu w kszta\u0142cie motylka. Solidnie wykonany z tworzywa ABS, kt\u00f3re jest wytrzyma\u0142e i odporne na uderzenia.<\/p>\n<ul>\n<li>Maksymalna odleg\u0142o\u015b\u0107 nawadniania wynosi\u00a0 6 metr\u00f3w, natomiast maksymalny obszar nawadniania to 113 metr\u00f3w.<\/li>\n<li>\u00a0Regulacyjny dla k\u0105ta poziomego g\u0142owicy spryskuj\u0105cej wody o k\u0105t od 30 do 360 \u00b0<\/li>\n<\/ul>\n<\/section><\/div>\n<\/section>\n<section class=\"section\">\n<div class=\"item item-6\">\n<section class=\"image-item\">\n            <img decoding=\"async\" src=\"https:\/\/upload.cdn.baselinker.com\/products\/14476\/d38e6e35cd0242e99e9bef47c2148011.jpg\" \/><br \/>\n        <\/section>\n<\/p><\/div>\n<div class=\"item item-6\">\n<section class=\"image-item\">\n            <img decoding=\"async\" src=\"https:\/\/upload.cdn.baselinker.com\/products\/14476\/4d2cc545dfe0b718e83b46b3c4a86724.jpg\" \/><br \/>\n        <\/section>\n<\/p><\/div>\n<\/section>\n<section class=\"section\">\n<div class=\"item item-6\">\n<section class=\"image-item\">\n            <img decoding=\"async\" src=\"https:\/\/upload.cdn.baselinker.com\/products\/14476\/913ba397d4b0b323ac45d98385a90158.jpg\" \/><br \/>\n        <\/section>\n<\/p><\/div>\n<div class=\"item item-6\">\n<section class=\"image-item\">\n            <img decoding=\"async\" src=\"https:\/\/upload.cdn.baselinker.com\/products\/14476\/60541a484077a9b2f48b377ebd5f8644.jpg\" \/><br \/>\n        <\/section>\n<\/p><\/div>\n<\/section>\n","protected":false},"excerpt":{"rendered":"<p><\/p>\n","protected":false},"featured_media":89168,"template":"","meta":[],"product_cat":[8228],"product_tag":[],"yoast_head":"<!-- This site is optimized with the Yoast SEO plugin v21.0 - https:\/\/yoast.com\/wordpress\/plugins\/seo\/ -->\n<title>ZRASZACZ DO OGRODU PULSACYJNY OGRODOWY REGULOWANY - BOBIMARKET.pl - Remontuj i urz\u0105dzaj z nami<\/title>\n<meta name=\"robots\" content=\"index, follow, max-snippet:-1, max-image-preview:large, max-video-preview:-1\" \/>\n<link rel=\"canonical\" href=\"https:\/\/bobimarket.pl\/index.php\/produkt\/zraszacz-do-ogrodu-pulsacyjny-ogrodowy-regulowany\/\" \/>\n<meta property=\"og:locale\" content=\"pl_PL\" \/>\n<meta property=\"og:type\" content=\"article\" \/>\n<meta property=\"og:title\" content=\"ZRASZACZ DO OGRODU PULSACYJNY OGRODOWY REGULOWANY - BOBIMARKET.pl - Remontuj i urz\u0105dzaj z nami\" \/>\n<meta property=\"og:url\" content=\"https:\/\/bobimarket.pl\/index.php\/produkt\/zraszacz-do-ogrodu-pulsacyjny-ogrodowy-regulowany\/\" \/>\n<meta property=\"og:site_name\" content=\"BOBIMARKET.pl - Remontuj i urz\u0105dzaj z nami\" \/>\n<meta property=\"article:modified_time\" content=\"2025-02-27T16:50:03+00:00\" \/>\n<meta property=\"og:image\" content=\"https:\/\/upload.cdn.baselinker.com\/products\/14476\/7e6ad2e51fbd12072ace83670bcf3b38.png\" \/>\n<meta name=\"twitter:card\" content=\"summary_large_image\" \/>\n<meta name=\"twitter:label1\" content=\"Szacowany czas czytania\" \/>\n\t<meta name=\"twitter:data1\" content=\"1 minuta\" \/>\n<script type=\"application\/ld+json\" class=\"yoast-schema-graph\">{\"@context\":\"https:\/\/schema.org\",\"@graph\":[{\"@type\":\"WebPage\",\"@id\":\"https:\/\/bobimarket.pl\/index.php\/produkt\/zraszacz-do-ogrodu-pulsacyjny-ogrodowy-regulowany\/\",\"url\":\"https:\/\/bobimarket.pl\/index.php\/produkt\/zraszacz-do-ogrodu-pulsacyjny-ogrodowy-regulowany\/\",\"name\":\"ZRASZACZ DO OGRODU PULSACYJNY OGRODOWY REGULOWANY - BOBIMARKET.pl - Remontuj i urz\u0105dzaj z nami\",\"isPartOf\":{\"@id\":\"https:\/\/bobimarket.pl\/#website\"},\"datePublished\":\"2023-08-30T02:59:34+00:00\",\"dateModified\":\"2025-02-27T16:50:03+00:00\",\"breadcrumb\":{\"@id\":\"https:\/\/bobimarket.pl\/index.php\/produkt\/zraszacz-do-ogrodu-pulsacyjny-ogrodowy-regulowany\/#breadcrumb\"},\"inLanguage\":\"pl-PL\",\"potentialAction\":[{\"@type\":\"ReadAction\",\"target\":[\"https:\/\/bobimarket.pl\/index.php\/produkt\/zraszacz-do-ogrodu-pulsacyjny-ogrodowy-regulowany\/\"]}]},{\"@type\":\"BreadcrumbList\",\"@id\":\"https:\/\/bobimarket.pl\/index.php\/produkt\/zraszacz-do-ogrodu-pulsacyjny-ogrodowy-regulowany\/#breadcrumb\",\"itemListElement\":[{\"@type\":\"ListItem\",\"position\":1,\"name\":\"Strona g\u0142\u00f3wna\",\"item\":\"https:\/\/bobimarket.pl\/\"},{\"@type\":\"ListItem\",\"position\":2,\"name\":\"Sklep\",\"item\":\"https:\/\/bobimarket.pl\/index.php\/shop\/\"},{\"@type\":\"ListItem\",\"position\":3,\"name\":\"ZRASZACZ DO OGRODU PULSACYJNY OGRODOWY REGULOWANY\"}]},{\"@type\":\"WebSite\",\"@id\":\"https:\/\/bobimarket.pl\/#website\",\"url\":\"https:\/\/bobimarket.pl\/\",\"name\":\"BOBIMARKET.pl - Remontuj i urz\u0105dzaj z nami\",\"description\":\"Remontuj i urz\u0105dzaj z nami\",\"publisher\":{\"@id\":\"https:\/\/bobimarket.pl\/#organization\"},\"potentialAction\":[{\"@type\":\"SearchAction\",\"target\":{\"@type\":\"EntryPoint\",\"urlTemplate\":\"https:\/\/bobimarket.pl\/?s={search_term_string}\"},\"query-input\":\"required name=search_term_string\"}],\"inLanguage\":\"pl-PL\"},{\"@type\":\"Organization\",\"@id\":\"https:\/\/bobimarket.pl\/#organization\",\"name\":\"BOBIMARKET.pl\",\"url\":\"https:\/\/bobimarket.pl\/\",\"logo\":{\"@type\":\"ImageObject\",\"inLanguage\":\"pl-PL\",\"@id\":\"https:\/\/bobimarket.pl\/#\/schema\/logo\/image\/\",\"url\":\"https:\/\/bobimarket.pl\/wp-content\/uploads\/2021\/11\/slogan.png\",\"contentUrl\":\"https:\/\/bobimarket.pl\/wp-content\/uploads\/2021\/11\/slogan.png\",\"width\":2000,\"height\":384,\"caption\":\"BOBIMARKET.pl\"},\"image\":{\"@id\":\"https:\/\/bobimarket.pl\/#\/schema\/logo\/image\/\"}}]}<\/script>\n<!-- \/ Yoast SEO plugin. -->","yoast_head_json":{"title":"ZRASZACZ DO OGRODU PULSACYJNY OGRODOWY REGULOWANY - BOBIMARKET.pl - Remontuj i urz\u0105dzaj z nami","robots":{"index":"index","follow":"follow","max-snippet":"max-snippet:-1","max-image-preview":"max-image-preview:large","max-video-preview":"max-video-preview:-1"},"canonical":"https:\/\/bobimarket.pl\/index.php\/produkt\/zraszacz-do-ogrodu-pulsacyjny-ogrodowy-regulowany\/","og_locale":"pl_PL","og_type":"article","og_title":"ZRASZACZ DO OGRODU PULSACYJNY OGRODOWY REGULOWANY - BOBIMARKET.pl - Remontuj i urz\u0105dzaj z nami","og_url":"https:\/\/bobimarket.pl\/index.php\/produkt\/zraszacz-do-ogrodu-pulsacyjny-ogrodowy-regulowany\/","og_site_name":"BOBIMARKET.pl - Remontuj i urz\u0105dzaj z nami","article_modified_time":"2025-02-27T16:50:03+00:00","og_image":[{"url":"https:\/\/upload.cdn.baselinker.com\/products\/14476\/7e6ad2e51fbd12072ace83670bcf3b38.png"}],"twitter_card":"summary_large_image","twitter_misc":{"Szacowany czas czytania":"1 minuta"},"schema":{"@context":"https:\/\/schema.org","@graph":[{"@type":"WebPage","@id":"https:\/\/bobimarket.pl\/index.php\/produkt\/zraszacz-do-ogrodu-pulsacyjny-ogrodowy-regulowany\/","url":"https:\/\/bobimarket.pl\/index.php\/produkt\/zraszacz-do-ogrodu-pulsacyjny-ogrodowy-regulowany\/","name":"ZRASZACZ DO OGRODU PULSACYJNY OGRODOWY REGULOWANY - BOBIMARKET.pl - Remontuj i urz\u0105dzaj z nami","isPartOf":{"@id":"https:\/\/bobimarket.pl\/#website"},"datePublished":"2023-08-30T02:59:34+00:00","dateModified":"2025-02-27T16:50:03+00:00","breadcrumb":{"@id":"https:\/\/bobimarket.pl\/index.php\/produkt\/zraszacz-do-ogrodu-pulsacyjny-ogrodowy-regulowany\/#breadcrumb"},"inLanguage":"pl-PL","potentialAction":[{"@type":"ReadAction","target":["https:\/\/bobimarket.pl\/index.php\/produkt\/zraszacz-do-ogrodu-pulsacyjny-ogrodowy-regulowany\/"]}]},{"@type":"BreadcrumbList","@id":"https:\/\/bobimarket.pl\/index.php\/produkt\/zraszacz-do-ogrodu-pulsacyjny-ogrodowy-regulowany\/#breadcrumb","itemListElement":[{"@type":"ListItem","position":1,"name":"Strona g\u0142\u00f3wna","item":"https:\/\/bobimarket.pl\/"},{"@type":"ListItem","position":2,"name":"Sklep","item":"https:\/\/bobimarket.pl\/index.php\/shop\/"},{"@type":"ListItem","position":3,"name":"ZRASZACZ DO OGRODU PULSACYJNY OGRODOWY REGULOWANY"}]},{"@type":"WebSite","@id":"https:\/\/bobimarket.pl\/#website","url":"https:\/\/bobimarket.pl\/","name":"BOBIMARKET.pl - Remontuj i urz\u0105dzaj z nami","description":"Remontuj i urz\u0105dzaj z nami","publisher":{"@id":"https:\/\/bobimarket.pl\/#organization"},"potentialAction":[{"@type":"SearchAction","target":{"@type":"EntryPoint","urlTemplate":"https:\/\/bobimarket.pl\/?s={search_term_string}"},"query-input":"required name=search_term_string"}],"inLanguage":"pl-PL"},{"@type":"Organization","@id":"https:\/\/bobimarket.pl\/#organization","name":"BOBIMARKET.pl","url":"https:\/\/bobimarket.pl\/","logo":{"@type":"ImageObject","inLanguage":"pl-PL","@id":"https:\/\/bobimarket.pl\/#\/schema\/logo\/image\/","url":"https:\/\/bobimarket.pl\/wp-content\/uploads\/2021\/11\/slogan.png","contentUrl":"https:\/\/bobimarket.pl\/wp-content\/uploads\/2021\/11\/slogan.png","width":2000,"height":384,"caption":"BOBIMARKET.pl"},"image":{"@id":"https:\/\/bobimarket.pl\/#\/schema\/logo\/image\/"}}]}},"_links":{"self":[{"href":"https:\/\/bobimarket.pl\/index.php\/wp-json\/wp\/v2\/product\/89173"}],"collection":[{"href":"https:\/\/bobimarket.pl\/index.php\/wp-json\/wp\/v2\/product"}],"about":[{"href":"https:\/\/bobimarket.pl\/index.php\/wp-json\/wp\/v2\/types\/product"}],"wp:featuredmedia":[{"embeddable":true,"href":"https:\/\/bobimarket.pl\/index.php\/wp-json\/wp\/v2\/media\/89168"}],"wp:attachment":[{"href":"https:\/\/bobimarket.pl\/index.php\/wp-json\/wp\/v2\/media?parent=89173"}],"wp:term":[{"taxonomy":"product_cat","embeddable":true,"href":"https:\/\/bobimarket.pl\/index.php\/wp-json\/wp\/v2\/product_cat?post=89173"},{"taxonomy":"product_tag","embeddable":true,"href":"https:\/\/bobimarket.pl\/index.php\/wp-json\/wp\/v2\/product_tag?post=89173"}],"curies":[{"name":"wp","href":"https:\/\/api.w.org\/{rel}","templated":true}]}}