{"id":89183,"date":"2023-08-30T03:00:10","date_gmt":"2023-08-30T03:00:10","guid":{"rendered":"https:\/\/bobimarket.pl\/index.php\/produkt\/zestaw-brzeszczot-do-wyrzynarki-drewno-5szt\/"},"modified":"2025-02-27T15:13:26","modified_gmt":"2025-02-27T15:13:26","slug":"zestaw-brzeszczot-do-wyrzynarki-drewno-5szt","status":"publish","type":"product","link":"https:\/\/bobimarket.pl\/index.php\/produkt\/zestaw-brzeszczot-do-wyrzynarki-drewno-5szt\/","title":{"rendered":"ZESTAW BRZESZCZOT DO WYRZYNARKI  DREWNO 5szt"},"content":{"rendered":"<section class=\"section\">\n<div class=\"item item-6\">\n<section class=\"image-item\">\n                <img decoding=\"async\" src=\"https:\/\/upload.cdn.baselinker.com\/products\/14476\/02181fb8c6ca821553f6dc74f17e951b.jpg\" \/><br \/>\n            <\/section>\n<\/p><\/div>\n<div class=\"item item-6\">\n<section class=\"text-item\">\n<h2>ZESTAW BRZESZCZOT DO WYRZYNARKI\u00a0 DREWNO 5szt.<\/h2>\n<p><b>Dane techniczne:<\/b><\/p>\n<ul>\n<li>Typ uchwytu:<b> \u02ddT\u02dd<\/b><\/li>\n<li>Materia\u0142:<b> stal narz\u0119dziowa w\u0119glowa ( HRC 45-52)<\/b><\/li>\n<li>Przeznaczenie: <b>drewno,\u00a0<\/b><\/li>\n<li>Liczba w zestawie:<b> 5\u00a0szt.<\/b><\/li>\n<\/ul>\n<p><b>Komplet sk\u0142ada si\u0119 z 5 brzeszczot\u00f3w o r\u00f3\u017cnych parametrach technicznych.\u00a0<\/b><\/p>\n<ul>\n<li>Brzeszczot T119BO 50 x2,0 mm<\/li>\n<li>Brzeszczot T244D 5 x 4,5 mm<\/li>\n<li>Brzeszczot T144D 75x 4,0 mm<\/li>\n<li>Brzeszczot T111C 75 x 3,0 mm<\/li>\n<li>Brzeszczot\u00a0 T101BR 75 x 2,5 mm<\/li>\n<\/ul>\n<\/section><\/div>\n<\/section>\n<section class=\"section\">\n<div class=\"item item-6\">\n<section class=\"image-item\">\n                <img decoding=\"async\" src=\"https:\/\/upload.cdn.baselinker.com\/products\/14476\/7969eac94b9be54828be640564e36e3b.jpg\" \/><br \/>\n            <\/section>\n<\/p><\/div>\n<div class=\"item item-6\">\n<section class=\"text-item\">\n<p>Brzeszczoty do wyrzynarek wykonane s\u0105 ze stali wysokow\u0119glowej. Wyposa\u017cony w popularny <b>uchwyt typu &#8222;T&#8221;<\/b> umo\u017cliwiaj\u0105cy ci\u0119cie za pomoc\u0105 wyrzynarek wi\u0119kszo\u015bci producent\u00f3w dost\u0119pnych na rynku.<\/p>\n<p><b>\u2705<\/b><b>\u00a0Zastosowanie:<\/b><\/p>\n<p>Zestaw sk\u0142ada si\u0119 z brzeszczot\u00f3w przeznaczonych do ci\u0119cia drewna. Pozwalaj\u0105 na szybkie i czyste ci\u0119cie, prace z laminatem, a tak\u017ce wycinanie figuralne o r\u00f3\u017cnej szybko\u015bci i precyzyjno\u015bci.<\/p>\n<ul>\n<li><b>Brzeszczot T119BO 50 x2,0 mm<\/b><\/li>\n<\/ul>\n<p>Przeznaczony do szybkiego ci\u0119cia mi\u0119kkiego drewna, sklejki czy p\u0142yt wi\u00f3rowych i pil\u015bniowych. Nadaje si\u0119 r\u00f3wnie\u017c do wykonywania ci\u0119\u0107 krzywych.<\/p>\n<ul>\n<li><b>Brzeszczot T244D 5 x 4,5 mm<\/b><\/li>\n<\/ul>\n<p>Do szybkiego ci\u0119cia drewna twardego i mi\u0119kkiego, p\u0142yty wi\u00f3rowe i pil\u015bniowej\u00a0 oraz sklejki.<\/p>\n<ul>\n<li><b>Brzeszczot T144D 75x 4,0 mm<\/b><\/li>\n<\/ul>\n<p>Do precyzyjnego ci\u0119cia mi\u0119kkiego drewna sklejki czy p\u0142yt wi\u00f3rowych i pil\u015bniowych.<\/p>\n<ul>\n<li><b>Brzeszczot T111C 75 x 3,0 mm<\/b><\/li>\n<\/ul>\n<p>Proste i precyzyjne ci\u0119cie mi\u0119kkiego drewna. p\u0142yt wi\u00f3rowych, p\u0142yt pil\u015bniowych i tworzyw sztucznych. Odwrotne ci\u0119cie mo\u017cliwe dzi\u0119ki wstecznemu u\u0142o\u017ceniu z\u0119b\u00f3w.<\/p>\n<ul>\n<li><b>Brzeszczot\u00a0 T101BR 75 x 2,5 mm<\/b><\/li>\n<\/ul>\n<p>Precyzyjne i proste ci\u0119cie w mi\u0119kkim drewnie, p\u0142ytach wi\u00f3rowych i pil\u015bniowych oraz w tworzywach sztucznych ) 3-30mm)<\/p>\n<\/section><\/div>\n<\/section>\n","protected":false},"excerpt":{"rendered":"<p>ZESTAW BRZESZCZOT DO WYRZYNARKI\u00a0 DREWNO 5szt. Dane techniczne: Typ uchwytu: \u02ddT\u02dd Materia\u0142: stal narz\u0119dziowa w\u0119glowa ( HRC 45-52) Przeznaczenie: drewno,\u00a0 Liczba w zestawie: 5\u00a0szt. Komplet sk\u0142ada si\u0119 z 5 brzeszczot\u00f3w o r\u00f3\u017cnych parametrach technicznych.\u00a0 Brzeszczot T119BO 50 x2,0 mm Brzeszczot T244D 5 x 4,5 mm Brzeszczot T144D 75x 4,0 mm Brzeszczot T111C 75 x 3,0<br \/><a class=\"more-link\" href=\"https:\/\/bobimarket.pl\/index.php\/produkt\/zestaw-brzeszczot-do-wyrzynarki-drewno-5szt\/\"><br \/>\n        Czytaj wi\u0119cej<span class=\"screen-reader-text\"> &#8222;ZESTAW BRZESZCZOT DO WYRZYNARKI  DREWNO 5szt&#8221;<\/span><\/a><\/p>\n","protected":false},"featured_media":89178,"template":"","meta":[],"product_cat":[8165],"product_tag":[],"yoast_head":"<!-- This site is optimized with the Yoast SEO plugin v21.0 - https:\/\/yoast.com\/wordpress\/plugins\/seo\/ -->\n<title>ZESTAW BRZESZCZOT DO WYRZYNARKI DREWNO 5szt - BOBIMARKET.pl - Remontuj i urz\u0105dzaj z nami<\/title>\n<meta name=\"robots\" content=\"index, follow, max-snippet:-1, max-image-preview:large, max-video-preview:-1\" \/>\n<link rel=\"canonical\" href=\"https:\/\/bobimarket.pl\/index.php\/produkt\/zestaw-brzeszczot-do-wyrzynarki-drewno-5szt\/\" \/>\n<meta property=\"og:locale\" content=\"pl_PL\" \/>\n<meta property=\"og:type\" content=\"article\" \/>\n<meta property=\"og:title\" content=\"ZESTAW BRZESZCZOT DO WYRZYNARKI DREWNO 5szt - BOBIMARKET.pl - Remontuj i urz\u0105dzaj z nami\" \/>\n<meta property=\"og:description\" content=\"ZESTAW BRZESZCZOT DO WYRZYNARKI\u00a0 DREWNO 5szt. Dane techniczne: Typ uchwytu: \u02ddT\u02dd Materia\u0142: stal narz\u0119dziowa w\u0119glowa ( HRC 45-52) Przeznaczenie: drewno,\u00a0 Liczba w zestawie: 5\u00a0szt. Komplet sk\u0142ada si\u0119 z 5 brzeszczot\u00f3w o r\u00f3\u017cnych parametrach technicznych.\u00a0 Brzeszczot T119BO 50 x2,0 mm Brzeszczot T244D 5 x 4,5 mm Brzeszczot T144D 75x 4,0 mm Brzeszczot T111C 75 x 3,0     Czytaj wi\u0119cej &quot;ZESTAW BRZESZCZOT DO WYRZYNARKI DREWNO 5szt&quot;\" \/>\n<meta property=\"og:url\" content=\"https:\/\/bobimarket.pl\/index.php\/produkt\/zestaw-brzeszczot-do-wyrzynarki-drewno-5szt\/\" \/>\n<meta property=\"og:site_name\" content=\"BOBIMARKET.pl - Remontuj i urz\u0105dzaj z nami\" \/>\n<meta property=\"article:modified_time\" content=\"2025-02-27T15:13:26+00:00\" \/>\n<meta property=\"og:image\" content=\"https:\/\/upload.cdn.baselinker.com\/products\/14476\/02181fb8c6ca821553f6dc74f17e951b.jpg\" \/>\n<meta name=\"twitter:card\" content=\"summary_large_image\" \/>\n<meta name=\"twitter:label1\" content=\"Szacowany czas czytania\" \/>\n\t<meta name=\"twitter:data1\" content=\"1 minuta\" \/>\n<script type=\"application\/ld+json\" class=\"yoast-schema-graph\">{\"@context\":\"https:\/\/schema.org\",\"@graph\":[{\"@type\":\"WebPage\",\"@id\":\"https:\/\/bobimarket.pl\/index.php\/produkt\/zestaw-brzeszczot-do-wyrzynarki-drewno-5szt\/\",\"url\":\"https:\/\/bobimarket.pl\/index.php\/produkt\/zestaw-brzeszczot-do-wyrzynarki-drewno-5szt\/\",\"name\":\"ZESTAW BRZESZCZOT DO WYRZYNARKI DREWNO 5szt - BOBIMARKET.pl - Remontuj i urz\u0105dzaj z nami\",\"isPartOf\":{\"@id\":\"https:\/\/bobimarket.pl\/#website\"},\"datePublished\":\"2023-08-30T03:00:10+00:00\",\"dateModified\":\"2025-02-27T15:13:26+00:00\",\"breadcrumb\":{\"@id\":\"https:\/\/bobimarket.pl\/index.php\/produkt\/zestaw-brzeszczot-do-wyrzynarki-drewno-5szt\/#breadcrumb\"},\"inLanguage\":\"pl-PL\",\"potentialAction\":[{\"@type\":\"ReadAction\",\"target\":[\"https:\/\/bobimarket.pl\/index.php\/produkt\/zestaw-brzeszczot-do-wyrzynarki-drewno-5szt\/\"]}]},{\"@type\":\"BreadcrumbList\",\"@id\":\"https:\/\/bobimarket.pl\/index.php\/produkt\/zestaw-brzeszczot-do-wyrzynarki-drewno-5szt\/#breadcrumb\",\"itemListElement\":[{\"@type\":\"ListItem\",\"position\":1,\"name\":\"Strona g\u0142\u00f3wna\",\"item\":\"https:\/\/bobimarket.pl\/\"},{\"@type\":\"ListItem\",\"position\":2,\"name\":\"Sklep\",\"item\":\"https:\/\/bobimarket.pl\/index.php\/shop\/\"},{\"@type\":\"ListItem\",\"position\":3,\"name\":\"ZESTAW BRZESZCZOT DO WYRZYNARKI DREWNO 5szt\"}]},{\"@type\":\"WebSite\",\"@id\":\"https:\/\/bobimarket.pl\/#website\",\"url\":\"https:\/\/bobimarket.pl\/\",\"name\":\"BOBIMARKET.pl - Remontuj i urz\u0105dzaj z nami\",\"description\":\"Remontuj i urz\u0105dzaj z nami\",\"publisher\":{\"@id\":\"https:\/\/bobimarket.pl\/#organization\"},\"potentialAction\":[{\"@type\":\"SearchAction\",\"target\":{\"@type\":\"EntryPoint\",\"urlTemplate\":\"https:\/\/bobimarket.pl\/?s={search_term_string}\"},\"query-input\":\"required name=search_term_string\"}],\"inLanguage\":\"pl-PL\"},{\"@type\":\"Organization\",\"@id\":\"https:\/\/bobimarket.pl\/#organization\",\"name\":\"BOBIMARKET.pl\",\"url\":\"https:\/\/bobimarket.pl\/\",\"logo\":{\"@type\":\"ImageObject\",\"inLanguage\":\"pl-PL\",\"@id\":\"https:\/\/bobimarket.pl\/#\/schema\/logo\/image\/\",\"url\":\"https:\/\/bobimarket.pl\/wp-content\/uploads\/2021\/11\/slogan.png\",\"contentUrl\":\"https:\/\/bobimarket.pl\/wp-content\/uploads\/2021\/11\/slogan.png\",\"width\":2000,\"height\":384,\"caption\":\"BOBIMARKET.pl\"},\"image\":{\"@id\":\"https:\/\/bobimarket.pl\/#\/schema\/logo\/image\/\"}}]}<\/script>\n<!-- \/ Yoast SEO plugin. -->","yoast_head_json":{"title":"ZESTAW BRZESZCZOT DO WYRZYNARKI DREWNO 5szt - BOBIMARKET.pl - Remontuj i urz\u0105dzaj z nami","robots":{"index":"index","follow":"follow","max-snippet":"max-snippet:-1","max-image-preview":"max-image-preview:large","max-video-preview":"max-video-preview:-1"},"canonical":"https:\/\/bobimarket.pl\/index.php\/produkt\/zestaw-brzeszczot-do-wyrzynarki-drewno-5szt\/","og_locale":"pl_PL","og_type":"article","og_title":"ZESTAW BRZESZCZOT DO WYRZYNARKI DREWNO 5szt - BOBIMARKET.pl - Remontuj i urz\u0105dzaj z nami","og_description":"ZESTAW BRZESZCZOT DO WYRZYNARKI\u00a0 DREWNO 5szt. Dane techniczne: Typ uchwytu: \u02ddT\u02dd Materia\u0142: stal narz\u0119dziowa w\u0119glowa ( HRC 45-52) Przeznaczenie: drewno,\u00a0 Liczba w zestawie: 5\u00a0szt. Komplet sk\u0142ada si\u0119 z 5 brzeszczot\u00f3w o r\u00f3\u017cnych parametrach technicznych.\u00a0 Brzeszczot T119BO 50 x2,0 mm Brzeszczot T244D 5 x 4,5 mm Brzeszczot T144D 75x 4,0 mm Brzeszczot T111C 75 x 3,0     Czytaj wi\u0119cej \"ZESTAW BRZESZCZOT DO WYRZYNARKI DREWNO 5szt\"","og_url":"https:\/\/bobimarket.pl\/index.php\/produkt\/zestaw-brzeszczot-do-wyrzynarki-drewno-5szt\/","og_site_name":"BOBIMARKET.pl - Remontuj i urz\u0105dzaj z nami","article_modified_time":"2025-02-27T15:13:26+00:00","og_image":[{"url":"https:\/\/upload.cdn.baselinker.com\/products\/14476\/02181fb8c6ca821553f6dc74f17e951b.jpg"}],"twitter_card":"summary_large_image","twitter_misc":{"Szacowany czas czytania":"1 minuta"},"schema":{"@context":"https:\/\/schema.org","@graph":[{"@type":"WebPage","@id":"https:\/\/bobimarket.pl\/index.php\/produkt\/zestaw-brzeszczot-do-wyrzynarki-drewno-5szt\/","url":"https:\/\/bobimarket.pl\/index.php\/produkt\/zestaw-brzeszczot-do-wyrzynarki-drewno-5szt\/","name":"ZESTAW BRZESZCZOT DO WYRZYNARKI DREWNO 5szt - BOBIMARKET.pl - Remontuj i urz\u0105dzaj z nami","isPartOf":{"@id":"https:\/\/bobimarket.pl\/#website"},"datePublished":"2023-08-30T03:00:10+00:00","dateModified":"2025-02-27T15:13:26+00:00","breadcrumb":{"@id":"https:\/\/bobimarket.pl\/index.php\/produkt\/zestaw-brzeszczot-do-wyrzynarki-drewno-5szt\/#breadcrumb"},"inLanguage":"pl-PL","potentialAction":[{"@type":"ReadAction","target":["https:\/\/bobimarket.pl\/index.php\/produkt\/zestaw-brzeszczot-do-wyrzynarki-drewno-5szt\/"]}]},{"@type":"BreadcrumbList","@id":"https:\/\/bobimarket.pl\/index.php\/produkt\/zestaw-brzeszczot-do-wyrzynarki-drewno-5szt\/#breadcrumb","itemListElement":[{"@type":"ListItem","position":1,"name":"Strona g\u0142\u00f3wna","item":"https:\/\/bobimarket.pl\/"},{"@type":"ListItem","position":2,"name":"Sklep","item":"https:\/\/bobimarket.pl\/index.php\/shop\/"},{"@type":"ListItem","position":3,"name":"ZESTAW BRZESZCZOT DO WYRZYNARKI DREWNO 5szt"}]},{"@type":"WebSite","@id":"https:\/\/bobimarket.pl\/#website","url":"https:\/\/bobimarket.pl\/","name":"BOBIMARKET.pl - Remontuj i urz\u0105dzaj z nami","description":"Remontuj i urz\u0105dzaj z nami","publisher":{"@id":"https:\/\/bobimarket.pl\/#organization"},"potentialAction":[{"@type":"SearchAction","target":{"@type":"EntryPoint","urlTemplate":"https:\/\/bobimarket.pl\/?s={search_term_string}"},"query-input":"required name=search_term_string"}],"inLanguage":"pl-PL"},{"@type":"Organization","@id":"https:\/\/bobimarket.pl\/#organization","name":"BOBIMARKET.pl","url":"https:\/\/bobimarket.pl\/","logo":{"@type":"ImageObject","inLanguage":"pl-PL","@id":"https:\/\/bobimarket.pl\/#\/schema\/logo\/image\/","url":"https:\/\/bobimarket.pl\/wp-content\/uploads\/2021\/11\/slogan.png","contentUrl":"https:\/\/bobimarket.pl\/wp-content\/uploads\/2021\/11\/slogan.png","width":2000,"height":384,"caption":"BOBIMARKET.pl"},"image":{"@id":"https:\/\/bobimarket.pl\/#\/schema\/logo\/image\/"}}]}},"_links":{"self":[{"href":"https:\/\/bobimarket.pl\/index.php\/wp-json\/wp\/v2\/product\/89183"}],"collection":[{"href":"https:\/\/bobimarket.pl\/index.php\/wp-json\/wp\/v2\/product"}],"about":[{"href":"https:\/\/bobimarket.pl\/index.php\/wp-json\/wp\/v2\/types\/product"}],"wp:featuredmedia":[{"embeddable":true,"href":"https:\/\/bobimarket.pl\/index.php\/wp-json\/wp\/v2\/media\/89178"}],"wp:attachment":[{"href":"https:\/\/bobimarket.pl\/index.php\/wp-json\/wp\/v2\/media?parent=89183"}],"wp:term":[{"taxonomy":"product_cat","embeddable":true,"href":"https:\/\/bobimarket.pl\/index.php\/wp-json\/wp\/v2\/product_cat?post=89183"},{"taxonomy":"product_tag","embeddable":true,"href":"https:\/\/bobimarket.pl\/index.php\/wp-json\/wp\/v2\/product_tag?post=89183"}],"curies":[{"name":"wp","href":"https:\/\/api.w.org\/{rel}","templated":true}]}}