{"id":89202,"date":"2023-08-30T03:01:44","date_gmt":"2023-08-30T03:01:44","guid":{"rendered":"https:\/\/bobimarket.pl\/index.php\/produkt\/lacznik-zlaczka-do-weza-1-2-gwint-zewnetrzny-3-4\/"},"modified":"2025-02-27T15:13:38","modified_gmt":"2025-02-27T15:13:38","slug":"lacznik-zlaczka-do-weza-1-2-gwint-zewnetrzny-3-4","status":"publish","type":"product","link":"https:\/\/bobimarket.pl\/index.php\/produkt\/lacznik-zlaczka-do-weza-1-2-gwint-zewnetrzny-3-4\/","title":{"rendered":"\u0141\u0104CZNIK Z\u0141\u0104CZKA DO W\u0118\u017bA 1\/2&#8242; GWINT ZEWN\u0118TRZNY 3\/4&#8242;"},"content":{"rendered":"<section class=\"section\">\n<div class=\"item item-6\">\n<section class=\"image-item\">\n            <img decoding=\"async\" src=\"https:\/\/upload.cdn.baselinker.com\/products\/14476\/e503f2174d4256ac17551a60e1a14148.jpg\" \/><br \/>\n        <\/section>\n<\/p><\/div>\n<div class=\"item item-6\">\n<section class=\"text-item\">\n<h2>\u0141\u0104CZNIK Z\u0141\u0104CZKA DO W\u0118\u017bA 1\/2&#8242; GWINT ZEWN\u0118TRZNY 3\/4&#8242;<\/h2>\n<p><b>Informacje og\u00f3lne:<\/b><\/p>\n<ul>\n<li>Rodzaj:<b> \u0142\u0105cznik <\/b><\/li>\n<li>\u015arednica linii wej\u015bcia: <b>3\/4 cal <\/b><\/li>\n<li>\u015arednica linii wyj\u015bcia: <b>1\/2 cal <\/b><\/li>\n<li>Materia\u0142:<b> tworzywo ABS<\/b><\/li>\n<\/ul>\n<\/section><\/div>\n<\/section>\n<section class=\"section\">\n<div class=\"item item-6\">\n<section class=\"image-item\">\n            <img decoding=\"async\" src=\"https:\/\/upload.cdn.baselinker.com\/products\/14476\/67cb706b1c5c5f291fba701171f7e72a.jpg\" \/><br \/>\n        <\/section>\n<\/p><\/div>\n<div class=\"item item-6\">\n<section class=\"text-item\">\n<p>Wysokiej jako\u015bci <b>z\u0142\u0105czka na w\u0105\u017c 1\/2 cala, gwint zewn\u0105trzny 3\/4 cala.\u00a0<\/b> Wykonane z mocnego tworzywa ABS, kt\u00f3re zapewnia d\u0142ugotrwa\u0142e dzia\u0142anie i jest odporne na uderzenia.\u00a0<\/p>\n<ul>\n<li>Kompatybilna ze wszystkimi adapterami, przej\u015bci\u00f3wkami-z\u0142\u0105czami, tr\u00f3jnikami, a tak\u017ce z zestawami systemu nawadniania.<\/li>\n<\/ul>\n<\/section><\/div>\n<\/section>\n<section class=\"section\">\n<div class=\"item item-6\">\n<section class=\"image-item\">\n            <img decoding=\"async\" src=\"https:\/\/upload.cdn.baselinker.com\/products\/14476\/e503f2174d4256ac17551a60e1a14148.jpg\" \/><br \/>\n        <\/section>\n<\/p><\/div>\n<div class=\"item item-6\">\n<section class=\"image-item\">\n            <img decoding=\"async\" src=\"https:\/\/upload.cdn.baselinker.com\/products\/14476\/d49ae374ee98b2203f23c8c5d9b63f36.jpg\" \/><br \/>\n        <\/section>\n<\/p><\/div>\n<\/section>\n<section class=\"section\">\n<div class=\"item item-6\">\n<section class=\"image-item\">\n            <img decoding=\"async\" src=\"https:\/\/upload.cdn.baselinker.com\/products\/14476\/67cb706b1c5c5f291fba701171f7e72a.jpg\" \/><br \/>\n        <\/section>\n<\/p><\/div>\n<div class=\"item item-6\">\n<section class=\"image-item\">\n            <img decoding=\"async\" src=\"https:\/\/upload.cdn.baselinker.com\/products\/14476\/f9ee728cd2cf18c3cca2ef11c97dc2cd.jpg\" \/><br \/>\n        <\/section>\n<\/p><\/div>\n<\/section>\n","protected":false},"excerpt":{"rendered":"<p>\u0141\u0104CZNIK Z\u0141\u0104CZKA DO W\u0118\u017bA 1\/2&#8242; GWINT ZEWN\u0118TRZNY 3\/4&#8242; Informacje og\u00f3lne: Rodzaj: \u0142\u0105cznik \u015arednica linii wej\u015bcia: 3\/4 cal \u015arednica linii wyj\u015bcia: 1\/2 cal Materia\u0142: tworzywo ABS Wysokiej jako\u015bci z\u0142\u0105czka na w\u0105\u017c 1\/2 cala, gwint zewn\u0105trzny 3\/4 cala.\u00a0 Wykonane z mocnego tworzywa ABS, kt\u00f3re zapewnia d\u0142ugotrwa\u0142e dzia\u0142anie i jest odporne na uderzenia.\u00a0 Kompatybilna ze wszystkimi adapterami, przej\u015bci\u00f3wkami-z\u0142\u0105czami,<br \/><a class=\"more-link\" href=\"https:\/\/bobimarket.pl\/index.php\/produkt\/lacznik-zlaczka-do-weza-1-2-gwint-zewnetrzny-3-4\/\"><br \/>\n        Czytaj wi\u0119cej<span class=\"screen-reader-text\"> &#8222;\u0141\u0104CZNIK Z\u0141\u0104CZKA DO W\u0118\u017bA 1\/2&#8242; GWINT ZEWN\u0118TRZNY 3\/4&#8242;&#8221;<\/span><\/a><\/p>\n","protected":false},"featured_media":89196,"template":"","meta":[],"product_cat":[8254],"product_tag":[],"yoast_head":"<!-- This site is optimized with the Yoast SEO plugin v21.0 - https:\/\/yoast.com\/wordpress\/plugins\/seo\/ -->\n<title>\u0141\u0104CZNIK Z\u0141\u0104CZKA DO W\u0118\u017bA 1\/2&#039; GWINT ZEWN\u0118TRZNY 3\/4&#039; - BOBIMARKET.pl - Remontuj i urz\u0105dzaj z nami<\/title>\n<meta name=\"robots\" content=\"index, follow, max-snippet:-1, max-image-preview:large, max-video-preview:-1\" \/>\n<link rel=\"canonical\" href=\"https:\/\/bobimarket.pl\/index.php\/produkt\/lacznik-zlaczka-do-weza-1-2-gwint-zewnetrzny-3-4\/\" \/>\n<meta property=\"og:locale\" content=\"pl_PL\" \/>\n<meta property=\"og:type\" content=\"article\" \/>\n<meta property=\"og:title\" content=\"\u0141\u0104CZNIK Z\u0141\u0104CZKA DO W\u0118\u017bA 1\/2&#039; GWINT ZEWN\u0118TRZNY 3\/4&#039; - BOBIMARKET.pl - Remontuj i urz\u0105dzaj z nami\" \/>\n<meta property=\"og:description\" content=\"\u0141\u0104CZNIK Z\u0141\u0104CZKA DO W\u0118\u017bA 1\/2&#8242; GWINT ZEWN\u0118TRZNY 3\/4&#8242; Informacje og\u00f3lne: Rodzaj: \u0142\u0105cznik \u015arednica linii wej\u015bcia: 3\/4 cal \u015arednica linii wyj\u015bcia: 1\/2 cal Materia\u0142: tworzywo ABS Wysokiej jako\u015bci z\u0142\u0105czka na w\u0105\u017c 1\/2 cala, gwint zewn\u0105trzny 3\/4 cala.\u00a0 Wykonane z mocnego tworzywa ABS, kt\u00f3re zapewnia d\u0142ugotrwa\u0142e dzia\u0142anie i jest odporne na uderzenia.\u00a0 Kompatybilna ze wszystkimi adapterami, przej\u015bci\u00f3wkami-z\u0142\u0105czami,     Czytaj wi\u0119cej &quot;\u0141\u0104CZNIK Z\u0141\u0104CZKA DO W\u0118\u017bA 1\/2&#8242; GWINT ZEWN\u0118TRZNY 3\/4&#8242;&quot;\" \/>\n<meta property=\"og:url\" content=\"https:\/\/bobimarket.pl\/index.php\/produkt\/lacznik-zlaczka-do-weza-1-2-gwint-zewnetrzny-3-4\/\" \/>\n<meta property=\"og:site_name\" content=\"BOBIMARKET.pl - Remontuj i urz\u0105dzaj z nami\" \/>\n<meta property=\"article:modified_time\" content=\"2025-02-27T15:13:38+00:00\" \/>\n<meta property=\"og:image\" content=\"https:\/\/upload.cdn.baselinker.com\/products\/14476\/e503f2174d4256ac17551a60e1a14148.jpg\" \/>\n<meta name=\"twitter:card\" content=\"summary_large_image\" \/>\n<script type=\"application\/ld+json\" class=\"yoast-schema-graph\">{\"@context\":\"https:\/\/schema.org\",\"@graph\":[{\"@type\":\"WebPage\",\"@id\":\"https:\/\/bobimarket.pl\/index.php\/produkt\/lacznik-zlaczka-do-weza-1-2-gwint-zewnetrzny-3-4\/\",\"url\":\"https:\/\/bobimarket.pl\/index.php\/produkt\/lacznik-zlaczka-do-weza-1-2-gwint-zewnetrzny-3-4\/\",\"name\":\"\u0141\u0104CZNIK Z\u0141\u0104CZKA DO W\u0118\u017bA 1\/2' GWINT ZEWN\u0118TRZNY 3\/4' - BOBIMARKET.pl - Remontuj i urz\u0105dzaj z nami\",\"isPartOf\":{\"@id\":\"https:\/\/bobimarket.pl\/#website\"},\"datePublished\":\"2023-08-30T03:01:44+00:00\",\"dateModified\":\"2025-02-27T15:13:38+00:00\",\"breadcrumb\":{\"@id\":\"https:\/\/bobimarket.pl\/index.php\/produkt\/lacznik-zlaczka-do-weza-1-2-gwint-zewnetrzny-3-4\/#breadcrumb\"},\"inLanguage\":\"pl-PL\",\"potentialAction\":[{\"@type\":\"ReadAction\",\"target\":[\"https:\/\/bobimarket.pl\/index.php\/produkt\/lacznik-zlaczka-do-weza-1-2-gwint-zewnetrzny-3-4\/\"]}]},{\"@type\":\"BreadcrumbList\",\"@id\":\"https:\/\/bobimarket.pl\/index.php\/produkt\/lacznik-zlaczka-do-weza-1-2-gwint-zewnetrzny-3-4\/#breadcrumb\",\"itemListElement\":[{\"@type\":\"ListItem\",\"position\":1,\"name\":\"Strona g\u0142\u00f3wna\",\"item\":\"https:\/\/bobimarket.pl\/\"},{\"@type\":\"ListItem\",\"position\":2,\"name\":\"Sklep\",\"item\":\"https:\/\/bobimarket.pl\/index.php\/shop\/\"},{\"@type\":\"ListItem\",\"position\":3,\"name\":\"\u0141\u0104CZNIK Z\u0141\u0104CZKA DO W\u0118\u017bA 1\/2&#8242; GWINT ZEWN\u0118TRZNY 3\/4&#8242;\"}]},{\"@type\":\"WebSite\",\"@id\":\"https:\/\/bobimarket.pl\/#website\",\"url\":\"https:\/\/bobimarket.pl\/\",\"name\":\"BOBIMARKET.pl - Remontuj i urz\u0105dzaj z nami\",\"description\":\"Remontuj i urz\u0105dzaj z nami\",\"publisher\":{\"@id\":\"https:\/\/bobimarket.pl\/#organization\"},\"potentialAction\":[{\"@type\":\"SearchAction\",\"target\":{\"@type\":\"EntryPoint\",\"urlTemplate\":\"https:\/\/bobimarket.pl\/?s={search_term_string}\"},\"query-input\":\"required name=search_term_string\"}],\"inLanguage\":\"pl-PL\"},{\"@type\":\"Organization\",\"@id\":\"https:\/\/bobimarket.pl\/#organization\",\"name\":\"BOBIMARKET.pl\",\"url\":\"https:\/\/bobimarket.pl\/\",\"logo\":{\"@type\":\"ImageObject\",\"inLanguage\":\"pl-PL\",\"@id\":\"https:\/\/bobimarket.pl\/#\/schema\/logo\/image\/\",\"url\":\"https:\/\/bobimarket.pl\/wp-content\/uploads\/2021\/11\/slogan.png\",\"contentUrl\":\"https:\/\/bobimarket.pl\/wp-content\/uploads\/2021\/11\/slogan.png\",\"width\":2000,\"height\":384,\"caption\":\"BOBIMARKET.pl\"},\"image\":{\"@id\":\"https:\/\/bobimarket.pl\/#\/schema\/logo\/image\/\"}}]}<\/script>\n<!-- \/ Yoast SEO plugin. -->","yoast_head_json":{"title":"\u0141\u0104CZNIK Z\u0141\u0104CZKA DO W\u0118\u017bA 1\/2' GWINT ZEWN\u0118TRZNY 3\/4' - BOBIMARKET.pl - Remontuj i urz\u0105dzaj z nami","robots":{"index":"index","follow":"follow","max-snippet":"max-snippet:-1","max-image-preview":"max-image-preview:large","max-video-preview":"max-video-preview:-1"},"canonical":"https:\/\/bobimarket.pl\/index.php\/produkt\/lacznik-zlaczka-do-weza-1-2-gwint-zewnetrzny-3-4\/","og_locale":"pl_PL","og_type":"article","og_title":"\u0141\u0104CZNIK Z\u0141\u0104CZKA DO W\u0118\u017bA 1\/2' GWINT ZEWN\u0118TRZNY 3\/4' - BOBIMARKET.pl - Remontuj i urz\u0105dzaj z nami","og_description":"\u0141\u0104CZNIK Z\u0141\u0104CZKA DO W\u0118\u017bA 1\/2&#8242; GWINT ZEWN\u0118TRZNY 3\/4&#8242; Informacje og\u00f3lne: Rodzaj: \u0142\u0105cznik \u015arednica linii wej\u015bcia: 3\/4 cal \u015arednica linii wyj\u015bcia: 1\/2 cal Materia\u0142: tworzywo ABS Wysokiej jako\u015bci z\u0142\u0105czka na w\u0105\u017c 1\/2 cala, gwint zewn\u0105trzny 3\/4 cala.\u00a0 Wykonane z mocnego tworzywa ABS, kt\u00f3re zapewnia d\u0142ugotrwa\u0142e dzia\u0142anie i jest odporne na uderzenia.\u00a0 Kompatybilna ze wszystkimi adapterami, przej\u015bci\u00f3wkami-z\u0142\u0105czami,     Czytaj wi\u0119cej \"\u0141\u0104CZNIK Z\u0141\u0104CZKA DO W\u0118\u017bA 1\/2&#8242; GWINT ZEWN\u0118TRZNY 3\/4&#8242;\"","og_url":"https:\/\/bobimarket.pl\/index.php\/produkt\/lacznik-zlaczka-do-weza-1-2-gwint-zewnetrzny-3-4\/","og_site_name":"BOBIMARKET.pl - Remontuj i urz\u0105dzaj z nami","article_modified_time":"2025-02-27T15:13:38+00:00","og_image":[{"url":"https:\/\/upload.cdn.baselinker.com\/products\/14476\/e503f2174d4256ac17551a60e1a14148.jpg"}],"twitter_card":"summary_large_image","schema":{"@context":"https:\/\/schema.org","@graph":[{"@type":"WebPage","@id":"https:\/\/bobimarket.pl\/index.php\/produkt\/lacznik-zlaczka-do-weza-1-2-gwint-zewnetrzny-3-4\/","url":"https:\/\/bobimarket.pl\/index.php\/produkt\/lacznik-zlaczka-do-weza-1-2-gwint-zewnetrzny-3-4\/","name":"\u0141\u0104CZNIK Z\u0141\u0104CZKA DO W\u0118\u017bA 1\/2' GWINT ZEWN\u0118TRZNY 3\/4' - BOBIMARKET.pl - Remontuj i urz\u0105dzaj z nami","isPartOf":{"@id":"https:\/\/bobimarket.pl\/#website"},"datePublished":"2023-08-30T03:01:44+00:00","dateModified":"2025-02-27T15:13:38+00:00","breadcrumb":{"@id":"https:\/\/bobimarket.pl\/index.php\/produkt\/lacznik-zlaczka-do-weza-1-2-gwint-zewnetrzny-3-4\/#breadcrumb"},"inLanguage":"pl-PL","potentialAction":[{"@type":"ReadAction","target":["https:\/\/bobimarket.pl\/index.php\/produkt\/lacznik-zlaczka-do-weza-1-2-gwint-zewnetrzny-3-4\/"]}]},{"@type":"BreadcrumbList","@id":"https:\/\/bobimarket.pl\/index.php\/produkt\/lacznik-zlaczka-do-weza-1-2-gwint-zewnetrzny-3-4\/#breadcrumb","itemListElement":[{"@type":"ListItem","position":1,"name":"Strona g\u0142\u00f3wna","item":"https:\/\/bobimarket.pl\/"},{"@type":"ListItem","position":2,"name":"Sklep","item":"https:\/\/bobimarket.pl\/index.php\/shop\/"},{"@type":"ListItem","position":3,"name":"\u0141\u0104CZNIK Z\u0141\u0104CZKA DO W\u0118\u017bA 1\/2&#8242; GWINT ZEWN\u0118TRZNY 3\/4&#8242;"}]},{"@type":"WebSite","@id":"https:\/\/bobimarket.pl\/#website","url":"https:\/\/bobimarket.pl\/","name":"BOBIMARKET.pl - Remontuj i urz\u0105dzaj z nami","description":"Remontuj i urz\u0105dzaj z nami","publisher":{"@id":"https:\/\/bobimarket.pl\/#organization"},"potentialAction":[{"@type":"SearchAction","target":{"@type":"EntryPoint","urlTemplate":"https:\/\/bobimarket.pl\/?s={search_term_string}"},"query-input":"required name=search_term_string"}],"inLanguage":"pl-PL"},{"@type":"Organization","@id":"https:\/\/bobimarket.pl\/#organization","name":"BOBIMARKET.pl","url":"https:\/\/bobimarket.pl\/","logo":{"@type":"ImageObject","inLanguage":"pl-PL","@id":"https:\/\/bobimarket.pl\/#\/schema\/logo\/image\/","url":"https:\/\/bobimarket.pl\/wp-content\/uploads\/2021\/11\/slogan.png","contentUrl":"https:\/\/bobimarket.pl\/wp-content\/uploads\/2021\/11\/slogan.png","width":2000,"height":384,"caption":"BOBIMARKET.pl"},"image":{"@id":"https:\/\/bobimarket.pl\/#\/schema\/logo\/image\/"}}]}},"_links":{"self":[{"href":"https:\/\/bobimarket.pl\/index.php\/wp-json\/wp\/v2\/product\/89202"}],"collection":[{"href":"https:\/\/bobimarket.pl\/index.php\/wp-json\/wp\/v2\/product"}],"about":[{"href":"https:\/\/bobimarket.pl\/index.php\/wp-json\/wp\/v2\/types\/product"}],"wp:featuredmedia":[{"embeddable":true,"href":"https:\/\/bobimarket.pl\/index.php\/wp-json\/wp\/v2\/media\/89196"}],"wp:attachment":[{"href":"https:\/\/bobimarket.pl\/index.php\/wp-json\/wp\/v2\/media?parent=89202"}],"wp:term":[{"taxonomy":"product_cat","embeddable":true,"href":"https:\/\/bobimarket.pl\/index.php\/wp-json\/wp\/v2\/product_cat?post=89202"},{"taxonomy":"product_tag","embeddable":true,"href":"https:\/\/bobimarket.pl\/index.php\/wp-json\/wp\/v2\/product_tag?post=89202"}],"curies":[{"name":"wp","href":"https:\/\/api.w.org\/{rel}","templated":true}]}}