{"id":89263,"date":"2023-08-30T03:06:27","date_gmt":"2023-08-30T03:06:27","guid":{"rendered":"https:\/\/bobimarket.pl\/index.php\/produkt\/nitownica-reczna-do-nitonakretek-zestaw-24-48-mm\/"},"modified":"2025-02-27T15:14:16","modified_gmt":"2025-02-27T15:14:16","slug":"nitownica-reczna-do-nitonakretek-zestaw-24-48-mm","status":"publish","type":"product","link":"https:\/\/bobimarket.pl\/index.php\/produkt\/nitownica-reczna-do-nitonakretek-zestaw-24-48-mm\/","title":{"rendered":"NITOWNICA R\u0118CZNA DO NITONAKR\u0118TEK ZESTAW 2,4-4,8 mm"},"content":{"rendered":"<section class=\"section\">\n<div class=\"item item-6\">\n<section class=\"image-item\">\n            <img decoding=\"async\" src=\"https:\/\/upload.cdn.baselinker.com\/products\/14476\/507d50f13ca5bbaa5d59da16d0436927.jpg\" \/><br \/>\n        <\/section>\n<\/p><\/div>\n<div class=\"item item-6\">\n<section class=\"text-item\">\n<h2>NITOWNICA R\u0118CZNA DO NITONAKR\u0118TEK ZESTAW 2,4-4,8 mm<\/h2>\n<p><b>Dane techniczne:<\/b><\/p>\n<ul>\n<li>Rozmiar: <b>258 mm<\/b><\/li>\n<li>Zakres nitonakr\u0119tek:<b> 2,4 &#8211; 4,8 mm<\/b><\/li>\n<li>Typ narz\u0119dzia: <b>nitownica r\u0119czna<\/b><\/li>\n<\/ul>\n<p><b>Zestaw sk\u0142ada si\u0119 z: <\/b><\/p>\n<ul>\n<li>Nitownica<\/li>\n<li>Wymienne ko\u0144c\u00f3wki do pracy z nitami stalowymi, aluminiowymi i nierdzewnymi (o \u03a6 2.4 mm, 3.2 mm, 4.0 mm, 4.8 mm)<\/li>\n<li>Klucz do ich wymiany ko\u0144c\u00f3wek<\/li>\n<\/ul>\n<\/section><\/div>\n<\/section>\n<section class=\"section\">\n<div class=\"item item-6\">\n<section class=\"image-item\">\n            <img decoding=\"async\" src=\"https:\/\/upload.cdn.baselinker.com\/products\/14476\/d4f84aa09ade5847564929519b730b47.jpg\" \/><br \/>\n        <\/section>\n<\/p><\/div>\n<div class=\"item item-6\">\n<section class=\"text-item\">\n<p>Solidna nitownica wsp\u00f3\u0142pracuj\u0105ca z nitami wykonanymi ze stali nierdzewnej, stali i aluminium. Konstrukcja umo\u017cliwia prac\u0119 jedna r\u0119k\u0105.<\/p>\n<ul>\n<li>Komplet wyposa\u017cono w dodatkowe rozmiary ko\u0144c\u00f3wek. Z ty\u0142u R\u0119koje\u015bci znajduje si\u0119 otw\u00f3r do sprawdzenia \u015brednic nit\u00f3w.<\/li>\n<li>D\u0142ugie ramiona oraz gumowa r\u0119koje\u015b\u0107 zapewniaj\u0105 komfort pracy.<\/li>\n<li>Ponadto nitownica ma niewielkie rozmiary i jest bardzo por\u0119czna. Z \u0142atwo\u015bci\u0105 mo\u017cna ni\u0105 pracowa\u0107 w trudno dost\u0119pnych miejscach.<\/li>\n<\/ul>\n<\/section><\/div>\n<\/section>\n<section class=\"section\">\n<div class=\"item item-6\">\n<section class=\"image-item\">\n            <img decoding=\"async\" src=\"https:\/\/upload.cdn.baselinker.com\/products\/14476\/532644603c5d21c7ef6f834e8ab41922.jpg\" \/><br \/>\n        <\/section>\n<\/p><\/div>\n<div class=\"item item-6\">\n<section class=\"text-item\">\n<p><b>\u2705 Zastosowanie:<\/b><\/p>\n<p>Nitownica jest przeznaczona do prac polegaj\u0105cych na \u0142\u0105czeniu blach, r\u00f3\u017cnych konstrukcji cienko\u015bciennych i kszta\u0142townik\u00f3w metalowych.<\/p>\n<ul>\n<li>W narz\u0119dziu jest zastosowany zaciskowy mechanizm uchwycenia nit\u00f3w z tulej\u0105 spr\u0119\u017cynuj\u0105c\u0105, wykonany ze stali chromowo-molibdenowej.<\/li>\n<\/ul>\n<\/section><\/div>\n<\/section>\n<section class=\"section\">\n<div class=\"item item-6\">\n<section class=\"image-item\">\n            <img decoding=\"async\" src=\"https:\/\/upload.cdn.baselinker.com\/products\/14476\/e06f641afb6cc3608ca5097ffe657d1f.jpg\" \/><br \/>\n        <\/section>\n<\/p><\/div>\n<div class=\"item item-6\">\n<section class=\"image-item\">\n            <img decoding=\"async\" src=\"https:\/\/upload.cdn.baselinker.com\/products\/14476\/1d288474cda252a1f9db4b3c7c4be847.jpg\" \/><br \/>\n        <\/section>\n<\/p><\/div>\n<\/section>\n","protected":false},"excerpt":{"rendered":"<p>NITOWNICA R\u0118CZNA DO NITONAKR\u0118TEK ZESTAW 2,4-4,8 mm Dane techniczne: Rozmiar: 258 mm Zakres nitonakr\u0119tek: 2,4 &#8211; 4,8 mm Typ narz\u0119dzia: nitownica r\u0119czna Zestaw sk\u0142ada si\u0119 z: Nitownica Wymienne ko\u0144c\u00f3wki do pracy z nitami stalowymi, aluminiowymi i nierdzewnymi (o \u03a6 2.4 mm, 3.2 mm, 4.0 mm, 4.8 mm) Klucz do ich wymiany ko\u0144c\u00f3wek Solidna nitownica wsp\u00f3\u0142pracuj\u0105ca<br \/><a class=\"more-link\" href=\"https:\/\/bobimarket.pl\/index.php\/produkt\/nitownica-reczna-do-nitonakretek-zestaw-24-48-mm\/\"><br \/>\n        Czytaj wi\u0119cej<span class=\"screen-reader-text\"> &#8222;NITOWNICA R\u0118CZNA DO NITONAKR\u0118TEK ZESTAW 2,4-4,8 mm&#8221;<\/span><\/a><\/p>\n","protected":false},"featured_media":89252,"template":"","meta":[],"product_cat":[8358],"product_tag":[],"yoast_head":"<!-- This site is optimized with the Yoast SEO plugin v21.0 - https:\/\/yoast.com\/wordpress\/plugins\/seo\/ -->\n<title>NITOWNICA R\u0118CZNA DO NITONAKR\u0118TEK ZESTAW 2,4-4,8 mm - BOBIMARKET.pl - Remontuj i urz\u0105dzaj z nami<\/title>\n<meta name=\"robots\" content=\"index, follow, max-snippet:-1, max-image-preview:large, max-video-preview:-1\" \/>\n<link rel=\"canonical\" href=\"https:\/\/bobimarket.pl\/index.php\/produkt\/nitownica-reczna-do-nitonakretek-zestaw-24-48-mm\/\" \/>\n<meta property=\"og:locale\" content=\"pl_PL\" \/>\n<meta property=\"og:type\" content=\"article\" \/>\n<meta property=\"og:title\" content=\"NITOWNICA R\u0118CZNA DO NITONAKR\u0118TEK ZESTAW 2,4-4,8 mm - BOBIMARKET.pl - Remontuj i urz\u0105dzaj z nami\" \/>\n<meta property=\"og:description\" content=\"NITOWNICA R\u0118CZNA DO NITONAKR\u0118TEK ZESTAW 2,4-4,8 mm Dane techniczne: Rozmiar: 258 mm Zakres nitonakr\u0119tek: 2,4 &#8211; 4,8 mm Typ narz\u0119dzia: nitownica r\u0119czna Zestaw sk\u0142ada si\u0119 z: Nitownica Wymienne ko\u0144c\u00f3wki do pracy z nitami stalowymi, aluminiowymi i nierdzewnymi (o \u03a6 2.4 mm, 3.2 mm, 4.0 mm, 4.8 mm) Klucz do ich wymiany ko\u0144c\u00f3wek Solidna nitownica wsp\u00f3\u0142pracuj\u0105ca     Czytaj wi\u0119cej &quot;NITOWNICA R\u0118CZNA DO NITONAKR\u0118TEK ZESTAW 2,4-4,8 mm&quot;\" \/>\n<meta property=\"og:url\" content=\"https:\/\/bobimarket.pl\/index.php\/produkt\/nitownica-reczna-do-nitonakretek-zestaw-24-48-mm\/\" \/>\n<meta property=\"og:site_name\" content=\"BOBIMARKET.pl - Remontuj i urz\u0105dzaj z nami\" \/>\n<meta property=\"article:modified_time\" content=\"2025-02-27T15:14:16+00:00\" \/>\n<meta property=\"og:image\" content=\"https:\/\/upload.cdn.baselinker.com\/products\/14476\/507d50f13ca5bbaa5d59da16d0436927.jpg\" \/>\n<meta name=\"twitter:card\" content=\"summary_large_image\" \/>\n<meta name=\"twitter:label1\" content=\"Szacowany czas czytania\" \/>\n\t<meta name=\"twitter:data1\" content=\"1 minuta\" \/>\n<script type=\"application\/ld+json\" class=\"yoast-schema-graph\">{\"@context\":\"https:\/\/schema.org\",\"@graph\":[{\"@type\":\"WebPage\",\"@id\":\"https:\/\/bobimarket.pl\/index.php\/produkt\/nitownica-reczna-do-nitonakretek-zestaw-24-48-mm\/\",\"url\":\"https:\/\/bobimarket.pl\/index.php\/produkt\/nitownica-reczna-do-nitonakretek-zestaw-24-48-mm\/\",\"name\":\"NITOWNICA R\u0118CZNA DO NITONAKR\u0118TEK ZESTAW 2,4-4,8 mm - BOBIMARKET.pl - Remontuj i urz\u0105dzaj z nami\",\"isPartOf\":{\"@id\":\"https:\/\/bobimarket.pl\/#website\"},\"datePublished\":\"2023-08-30T03:06:27+00:00\",\"dateModified\":\"2025-02-27T15:14:16+00:00\",\"breadcrumb\":{\"@id\":\"https:\/\/bobimarket.pl\/index.php\/produkt\/nitownica-reczna-do-nitonakretek-zestaw-24-48-mm\/#breadcrumb\"},\"inLanguage\":\"pl-PL\",\"potentialAction\":[{\"@type\":\"ReadAction\",\"target\":[\"https:\/\/bobimarket.pl\/index.php\/produkt\/nitownica-reczna-do-nitonakretek-zestaw-24-48-mm\/\"]}]},{\"@type\":\"BreadcrumbList\",\"@id\":\"https:\/\/bobimarket.pl\/index.php\/produkt\/nitownica-reczna-do-nitonakretek-zestaw-24-48-mm\/#breadcrumb\",\"itemListElement\":[{\"@type\":\"ListItem\",\"position\":1,\"name\":\"Strona g\u0142\u00f3wna\",\"item\":\"https:\/\/bobimarket.pl\/\"},{\"@type\":\"ListItem\",\"position\":2,\"name\":\"Sklep\",\"item\":\"https:\/\/bobimarket.pl\/index.php\/shop\/\"},{\"@type\":\"ListItem\",\"position\":3,\"name\":\"NITOWNICA R\u0118CZNA DO NITONAKR\u0118TEK ZESTAW 2,4-4,8 mm\"}]},{\"@type\":\"WebSite\",\"@id\":\"https:\/\/bobimarket.pl\/#website\",\"url\":\"https:\/\/bobimarket.pl\/\",\"name\":\"BOBIMARKET.pl - Remontuj i urz\u0105dzaj z nami\",\"description\":\"Remontuj i urz\u0105dzaj z nami\",\"publisher\":{\"@id\":\"https:\/\/bobimarket.pl\/#organization\"},\"potentialAction\":[{\"@type\":\"SearchAction\",\"target\":{\"@type\":\"EntryPoint\",\"urlTemplate\":\"https:\/\/bobimarket.pl\/?s={search_term_string}\"},\"query-input\":\"required name=search_term_string\"}],\"inLanguage\":\"pl-PL\"},{\"@type\":\"Organization\",\"@id\":\"https:\/\/bobimarket.pl\/#organization\",\"name\":\"BOBIMARKET.pl\",\"url\":\"https:\/\/bobimarket.pl\/\",\"logo\":{\"@type\":\"ImageObject\",\"inLanguage\":\"pl-PL\",\"@id\":\"https:\/\/bobimarket.pl\/#\/schema\/logo\/image\/\",\"url\":\"https:\/\/bobimarket.pl\/wp-content\/uploads\/2021\/11\/slogan.png\",\"contentUrl\":\"https:\/\/bobimarket.pl\/wp-content\/uploads\/2021\/11\/slogan.png\",\"width\":2000,\"height\":384,\"caption\":\"BOBIMARKET.pl\"},\"image\":{\"@id\":\"https:\/\/bobimarket.pl\/#\/schema\/logo\/image\/\"}}]}<\/script>\n<!-- \/ Yoast SEO plugin. -->","yoast_head_json":{"title":"NITOWNICA R\u0118CZNA DO NITONAKR\u0118TEK ZESTAW 2,4-4,8 mm - BOBIMARKET.pl - Remontuj i urz\u0105dzaj z nami","robots":{"index":"index","follow":"follow","max-snippet":"max-snippet:-1","max-image-preview":"max-image-preview:large","max-video-preview":"max-video-preview:-1"},"canonical":"https:\/\/bobimarket.pl\/index.php\/produkt\/nitownica-reczna-do-nitonakretek-zestaw-24-48-mm\/","og_locale":"pl_PL","og_type":"article","og_title":"NITOWNICA R\u0118CZNA DO NITONAKR\u0118TEK ZESTAW 2,4-4,8 mm - BOBIMARKET.pl - Remontuj i urz\u0105dzaj z nami","og_description":"NITOWNICA R\u0118CZNA DO NITONAKR\u0118TEK ZESTAW 2,4-4,8 mm Dane techniczne: Rozmiar: 258 mm Zakres nitonakr\u0119tek: 2,4 &#8211; 4,8 mm Typ narz\u0119dzia: nitownica r\u0119czna Zestaw sk\u0142ada si\u0119 z: Nitownica Wymienne ko\u0144c\u00f3wki do pracy z nitami stalowymi, aluminiowymi i nierdzewnymi (o \u03a6 2.4 mm, 3.2 mm, 4.0 mm, 4.8 mm) Klucz do ich wymiany ko\u0144c\u00f3wek Solidna nitownica wsp\u00f3\u0142pracuj\u0105ca     Czytaj wi\u0119cej \"NITOWNICA R\u0118CZNA DO NITONAKR\u0118TEK ZESTAW 2,4-4,8 mm\"","og_url":"https:\/\/bobimarket.pl\/index.php\/produkt\/nitownica-reczna-do-nitonakretek-zestaw-24-48-mm\/","og_site_name":"BOBIMARKET.pl - Remontuj i urz\u0105dzaj z nami","article_modified_time":"2025-02-27T15:14:16+00:00","og_image":[{"url":"https:\/\/upload.cdn.baselinker.com\/products\/14476\/507d50f13ca5bbaa5d59da16d0436927.jpg"}],"twitter_card":"summary_large_image","twitter_misc":{"Szacowany czas czytania":"1 minuta"},"schema":{"@context":"https:\/\/schema.org","@graph":[{"@type":"WebPage","@id":"https:\/\/bobimarket.pl\/index.php\/produkt\/nitownica-reczna-do-nitonakretek-zestaw-24-48-mm\/","url":"https:\/\/bobimarket.pl\/index.php\/produkt\/nitownica-reczna-do-nitonakretek-zestaw-24-48-mm\/","name":"NITOWNICA R\u0118CZNA DO NITONAKR\u0118TEK ZESTAW 2,4-4,8 mm - BOBIMARKET.pl - Remontuj i urz\u0105dzaj z nami","isPartOf":{"@id":"https:\/\/bobimarket.pl\/#website"},"datePublished":"2023-08-30T03:06:27+00:00","dateModified":"2025-02-27T15:14:16+00:00","breadcrumb":{"@id":"https:\/\/bobimarket.pl\/index.php\/produkt\/nitownica-reczna-do-nitonakretek-zestaw-24-48-mm\/#breadcrumb"},"inLanguage":"pl-PL","potentialAction":[{"@type":"ReadAction","target":["https:\/\/bobimarket.pl\/index.php\/produkt\/nitownica-reczna-do-nitonakretek-zestaw-24-48-mm\/"]}]},{"@type":"BreadcrumbList","@id":"https:\/\/bobimarket.pl\/index.php\/produkt\/nitownica-reczna-do-nitonakretek-zestaw-24-48-mm\/#breadcrumb","itemListElement":[{"@type":"ListItem","position":1,"name":"Strona g\u0142\u00f3wna","item":"https:\/\/bobimarket.pl\/"},{"@type":"ListItem","position":2,"name":"Sklep","item":"https:\/\/bobimarket.pl\/index.php\/shop\/"},{"@type":"ListItem","position":3,"name":"NITOWNICA R\u0118CZNA DO NITONAKR\u0118TEK ZESTAW 2,4-4,8 mm"}]},{"@type":"WebSite","@id":"https:\/\/bobimarket.pl\/#website","url":"https:\/\/bobimarket.pl\/","name":"BOBIMARKET.pl - Remontuj i urz\u0105dzaj z nami","description":"Remontuj i urz\u0105dzaj z nami","publisher":{"@id":"https:\/\/bobimarket.pl\/#organization"},"potentialAction":[{"@type":"SearchAction","target":{"@type":"EntryPoint","urlTemplate":"https:\/\/bobimarket.pl\/?s={search_term_string}"},"query-input":"required name=search_term_string"}],"inLanguage":"pl-PL"},{"@type":"Organization","@id":"https:\/\/bobimarket.pl\/#organization","name":"BOBIMARKET.pl","url":"https:\/\/bobimarket.pl\/","logo":{"@type":"ImageObject","inLanguage":"pl-PL","@id":"https:\/\/bobimarket.pl\/#\/schema\/logo\/image\/","url":"https:\/\/bobimarket.pl\/wp-content\/uploads\/2021\/11\/slogan.png","contentUrl":"https:\/\/bobimarket.pl\/wp-content\/uploads\/2021\/11\/slogan.png","width":2000,"height":384,"caption":"BOBIMARKET.pl"},"image":{"@id":"https:\/\/bobimarket.pl\/#\/schema\/logo\/image\/"}}]}},"_links":{"self":[{"href":"https:\/\/bobimarket.pl\/index.php\/wp-json\/wp\/v2\/product\/89263"}],"collection":[{"href":"https:\/\/bobimarket.pl\/index.php\/wp-json\/wp\/v2\/product"}],"about":[{"href":"https:\/\/bobimarket.pl\/index.php\/wp-json\/wp\/v2\/types\/product"}],"wp:featuredmedia":[{"embeddable":true,"href":"https:\/\/bobimarket.pl\/index.php\/wp-json\/wp\/v2\/media\/89252"}],"wp:attachment":[{"href":"https:\/\/bobimarket.pl\/index.php\/wp-json\/wp\/v2\/media?parent=89263"}],"wp:term":[{"taxonomy":"product_cat","embeddable":true,"href":"https:\/\/bobimarket.pl\/index.php\/wp-json\/wp\/v2\/product_cat?post=89263"},{"taxonomy":"product_tag","embeddable":true,"href":"https:\/\/bobimarket.pl\/index.php\/wp-json\/wp\/v2\/product_tag?post=89263"}],"curies":[{"name":"wp","href":"https:\/\/api.w.org\/{rel}","templated":true}]}}