{"id":89314,"date":"2023-08-30T03:09:22","date_gmt":"2023-08-30T03:09:22","guid":{"rendered":"https:\/\/bobimarket.pl\/index.php\/produkt\/wiertlo-do-drewna-sekownik-flekownik-20-mm\/"},"modified":"2025-02-27T15:14:48","modified_gmt":"2025-02-27T15:14:48","slug":"wiertlo-do-drewna-sekownik-flekownik-20-mm","status":"publish","type":"product","link":"https:\/\/bobimarket.pl\/index.php\/produkt\/wiertlo-do-drewna-sekownik-flekownik-20-mm\/","title":{"rendered":"WIERT\u0141O DO DREWNA S\u0118KOWNIK FLEKOWNIK 20 mm"},"content":{"rendered":"<section class=\"section\">\n<div class=\"item item-6\">\n<section class=\"image-item\">\n                <img decoding=\"async\" src=\"https:\/\/upload.cdn.baselinker.com\/products\/14476\/9ad82e86b0ce5b9c08a08c4a090127be.jpg\" \/><br \/>\n            <\/section>\n<\/p><\/div>\n<div class=\"item item-6\">\n<section class=\"text-item\">\n<h2>WIERT\u0141O FREZ DO DREWNA S\u0118KOWNIK FLEKOWNIK 20 mm\u00a0<\/h2>\n<p><b>Wymiary s\u0119kownika:<\/b><\/p>\n<ul>\n<li>\u015arednica: <b>20 mm<\/b><\/li>\n<li>Wysoko\u015b\u0107 frezu: <b>11 mm<\/b><\/li>\n<li>D\u0142ugo\u015b\u0107 ca\u0142kowita: <b>95 mm<\/b><\/li>\n<li>Trzpie\u0144 mocuj\u0105cy: <b>10 mm<\/b><\/li>\n<\/ul>\n<p><b>Wymiary flekownika:<\/b><\/p>\n<ul>\n<li>\u015arednica wycinanego elementu: <b>20 mm<\/b><\/li>\n<li>G\u0142\u0119boko\u015b\u0107 freza: <b>57 mm<\/b><\/li>\n<li>D\u0142ugo\u015b\u0107 ca\u0142kowita: <b>111 mm<\/b><\/li>\n<li>\u015arednica zewn\u0119trzna: <b>25,5 mm<\/b><\/li>\n<li>Trzpie\u0144 mocuj\u0105cy: <b>10 mm<\/b><\/li>\n<\/ul>\n<\/section><\/div>\n<\/section>\n<section class=\"section\">\n<div class=\"item item-6\">\n<section class=\"image-item\">\n                <img decoding=\"async\" src=\"https:\/\/upload.cdn.baselinker.com\/products\/14476\/d73bfdd9dd23a12d3591b25a79cad2b5.jpg\" \/><br \/>\n            <\/section>\n<\/p><\/div>\n<div class=\"item item-6\">\n<section class=\"text-item\">\n<p><b>Praktyczny element wyposa\u017cenia Twojej skrzynki narz\u0119dziowej!<\/b><\/p>\n<p>S\u0119kownik-flekownik to narz\u0119dzie <b>przeznaczone do materia\u0142\u00f3w drewnianych i drewnopodobnych<\/b>. Komplet sprawdzi si\u0119 do wycinania otwor\u00f3w oraz umo\u017cliwi pozbycie si\u0119 s\u0119k\u00f3w lub innych defekt\u00f3w przy u\u017cyciu wiertarki sto\u0142owej lub r\u0119cznej.<\/p>\n<\/section><\/div>\n<\/section>\n<section class=\"section\">\n<div class=\"item item-6\">\n<section class=\"image-item\">\n                <img decoding=\"async\" src=\"https:\/\/upload.cdn.baselinker.com\/products\/14476\/d73bfdd9dd23a12d3591b25a79cad2b5.jpg\" \/><br \/>\n            <\/section>\n<\/p><\/div>\n<div class=\"item item-6\">\n<section class=\"text-item\">\n<p><b>\u2705 Zastosowanie:<\/b><\/p>\n<p>Praktyczne wiert\u0142o przydatne podczas prac stolarskich \u00a0i ciesielskich.<\/p>\n<ul>\n<li><b>S\u0119kownik<\/b> przeznaczony jest do wycinania otwor\u00f3w o wyznaczonej \u015brednicy.<\/li>\n<li><b>Flekownik <\/b>wykorzystywany do wykrawania czop\u00f3w, kt\u00f3re wchodz\u0105 w otw\u00f3r wykrojony przez s\u0119kownik.<\/li>\n<\/ul>\n<p><b>\u2705 Przeznaczone do:<\/b><\/p>\n<ol>\n<li>Wycinania otwor\u00f3w o odpowiedniej \u015brednicy.<\/li>\n<li>Pozbywania si\u0119 s\u0119k\u00f3w\/defekt\u00f3w widocznych w drewnie i zast\u0119powania ich innym odpowiednio wybranym materia\u0142em<\/li>\n<li>Przydatny r\u00f3wnie\u017c podczas wykonywania wpust\u00f3w pod puszki zawias\u00f3w.<\/li>\n<\/ol>\n<\/section><\/div>\n<\/section>\n","protected":false},"excerpt":{"rendered":"<p>WIERT\u0141O FREZ DO DREWNA S\u0118KOWNIK FLEKOWNIK 20 mm\u00a0 Wymiary s\u0119kownika: \u015arednica: 20 mm Wysoko\u015b\u0107 frezu: 11 mm D\u0142ugo\u015b\u0107 ca\u0142kowita: 95 mm Trzpie\u0144 mocuj\u0105cy: 10 mm Wymiary flekownika: \u015arednica wycinanego elementu: 20 mm G\u0142\u0119boko\u015b\u0107 freza: 57 mm D\u0142ugo\u015b\u0107 ca\u0142kowita: 111 mm \u015arednica zewn\u0119trzna: 25,5 mm Trzpie\u0144 mocuj\u0105cy: 10 mm Praktyczny element wyposa\u017cenia Twojej skrzynki narz\u0119dziowej! S\u0119kownik-flekownik<br \/><a class=\"more-link\" href=\"https:\/\/bobimarket.pl\/index.php\/produkt\/wiertlo-do-drewna-sekownik-flekownik-20-mm\/\"><br \/>\n        Czytaj wi\u0119cej<span class=\"screen-reader-text\"> &#8222;WIERT\u0141O DO DREWNA S\u0118KOWNIK FLEKOWNIK 20 mm&#8221;<\/span><\/a><\/p>\n","protected":false},"featured_media":89311,"template":"","meta":[],"product_cat":[8108],"product_tag":[],"yoast_head":"<!-- This site is optimized with the Yoast SEO plugin v21.0 - https:\/\/yoast.com\/wordpress\/plugins\/seo\/ -->\n<title>WIERT\u0141O DO DREWNA S\u0118KOWNIK FLEKOWNIK 20 mm - BOBIMARKET.pl - Remontuj i urz\u0105dzaj z nami<\/title>\n<meta name=\"robots\" content=\"index, follow, max-snippet:-1, max-image-preview:large, max-video-preview:-1\" \/>\n<link rel=\"canonical\" href=\"https:\/\/bobimarket.pl\/index.php\/produkt\/wiertlo-do-drewna-sekownik-flekownik-20-mm\/\" \/>\n<meta property=\"og:locale\" content=\"pl_PL\" \/>\n<meta property=\"og:type\" content=\"article\" \/>\n<meta property=\"og:title\" content=\"WIERT\u0141O DO DREWNA S\u0118KOWNIK FLEKOWNIK 20 mm - BOBIMARKET.pl - Remontuj i urz\u0105dzaj z nami\" \/>\n<meta property=\"og:description\" content=\"WIERT\u0141O FREZ DO DREWNA S\u0118KOWNIK FLEKOWNIK 20 mm\u00a0 Wymiary s\u0119kownika: \u015arednica: 20 mm Wysoko\u015b\u0107 frezu: 11 mm D\u0142ugo\u015b\u0107 ca\u0142kowita: 95 mm Trzpie\u0144 mocuj\u0105cy: 10 mm Wymiary flekownika: \u015arednica wycinanego elementu: 20 mm G\u0142\u0119boko\u015b\u0107 freza: 57 mm D\u0142ugo\u015b\u0107 ca\u0142kowita: 111 mm \u015arednica zewn\u0119trzna: 25,5 mm Trzpie\u0144 mocuj\u0105cy: 10 mm Praktyczny element wyposa\u017cenia Twojej skrzynki narz\u0119dziowej! S\u0119kownik-flekownik     Czytaj wi\u0119cej &quot;WIERT\u0141O DO DREWNA S\u0118KOWNIK FLEKOWNIK 20 mm&quot;\" \/>\n<meta property=\"og:url\" content=\"https:\/\/bobimarket.pl\/index.php\/produkt\/wiertlo-do-drewna-sekownik-flekownik-20-mm\/\" \/>\n<meta property=\"og:site_name\" content=\"BOBIMARKET.pl - Remontuj i urz\u0105dzaj z nami\" \/>\n<meta property=\"article:modified_time\" content=\"2025-02-27T15:14:48+00:00\" \/>\n<meta property=\"og:image\" content=\"https:\/\/upload.cdn.baselinker.com\/products\/14476\/9ad82e86b0ce5b9c08a08c4a090127be.jpg\" \/>\n<meta name=\"twitter:card\" content=\"summary_large_image\" \/>\n<meta name=\"twitter:label1\" content=\"Szacowany czas czytania\" \/>\n\t<meta name=\"twitter:data1\" content=\"1 minuta\" \/>\n<script type=\"application\/ld+json\" class=\"yoast-schema-graph\">{\"@context\":\"https:\/\/schema.org\",\"@graph\":[{\"@type\":\"WebPage\",\"@id\":\"https:\/\/bobimarket.pl\/index.php\/produkt\/wiertlo-do-drewna-sekownik-flekownik-20-mm\/\",\"url\":\"https:\/\/bobimarket.pl\/index.php\/produkt\/wiertlo-do-drewna-sekownik-flekownik-20-mm\/\",\"name\":\"WIERT\u0141O DO DREWNA S\u0118KOWNIK FLEKOWNIK 20 mm - BOBIMARKET.pl - Remontuj i urz\u0105dzaj z nami\",\"isPartOf\":{\"@id\":\"https:\/\/bobimarket.pl\/#website\"},\"datePublished\":\"2023-08-30T03:09:22+00:00\",\"dateModified\":\"2025-02-27T15:14:48+00:00\",\"breadcrumb\":{\"@id\":\"https:\/\/bobimarket.pl\/index.php\/produkt\/wiertlo-do-drewna-sekownik-flekownik-20-mm\/#breadcrumb\"},\"inLanguage\":\"pl-PL\",\"potentialAction\":[{\"@type\":\"ReadAction\",\"target\":[\"https:\/\/bobimarket.pl\/index.php\/produkt\/wiertlo-do-drewna-sekownik-flekownik-20-mm\/\"]}]},{\"@type\":\"BreadcrumbList\",\"@id\":\"https:\/\/bobimarket.pl\/index.php\/produkt\/wiertlo-do-drewna-sekownik-flekownik-20-mm\/#breadcrumb\",\"itemListElement\":[{\"@type\":\"ListItem\",\"position\":1,\"name\":\"Strona g\u0142\u00f3wna\",\"item\":\"https:\/\/bobimarket.pl\/\"},{\"@type\":\"ListItem\",\"position\":2,\"name\":\"Sklep\",\"item\":\"https:\/\/bobimarket.pl\/index.php\/shop\/\"},{\"@type\":\"ListItem\",\"position\":3,\"name\":\"WIERT\u0141O DO DREWNA S\u0118KOWNIK FLEKOWNIK 20 mm\"}]},{\"@type\":\"WebSite\",\"@id\":\"https:\/\/bobimarket.pl\/#website\",\"url\":\"https:\/\/bobimarket.pl\/\",\"name\":\"BOBIMARKET.pl - Remontuj i urz\u0105dzaj z nami\",\"description\":\"Remontuj i urz\u0105dzaj z nami\",\"publisher\":{\"@id\":\"https:\/\/bobimarket.pl\/#organization\"},\"potentialAction\":[{\"@type\":\"SearchAction\",\"target\":{\"@type\":\"EntryPoint\",\"urlTemplate\":\"https:\/\/bobimarket.pl\/?s={search_term_string}\"},\"query-input\":\"required name=search_term_string\"}],\"inLanguage\":\"pl-PL\"},{\"@type\":\"Organization\",\"@id\":\"https:\/\/bobimarket.pl\/#organization\",\"name\":\"BOBIMARKET.pl\",\"url\":\"https:\/\/bobimarket.pl\/\",\"logo\":{\"@type\":\"ImageObject\",\"inLanguage\":\"pl-PL\",\"@id\":\"https:\/\/bobimarket.pl\/#\/schema\/logo\/image\/\",\"url\":\"https:\/\/bobimarket.pl\/wp-content\/uploads\/2021\/11\/slogan.png\",\"contentUrl\":\"https:\/\/bobimarket.pl\/wp-content\/uploads\/2021\/11\/slogan.png\",\"width\":2000,\"height\":384,\"caption\":\"BOBIMARKET.pl\"},\"image\":{\"@id\":\"https:\/\/bobimarket.pl\/#\/schema\/logo\/image\/\"}}]}<\/script>\n<!-- \/ Yoast SEO plugin. -->","yoast_head_json":{"title":"WIERT\u0141O DO DREWNA S\u0118KOWNIK FLEKOWNIK 20 mm - BOBIMARKET.pl - Remontuj i urz\u0105dzaj z nami","robots":{"index":"index","follow":"follow","max-snippet":"max-snippet:-1","max-image-preview":"max-image-preview:large","max-video-preview":"max-video-preview:-1"},"canonical":"https:\/\/bobimarket.pl\/index.php\/produkt\/wiertlo-do-drewna-sekownik-flekownik-20-mm\/","og_locale":"pl_PL","og_type":"article","og_title":"WIERT\u0141O DO DREWNA S\u0118KOWNIK FLEKOWNIK 20 mm - BOBIMARKET.pl - Remontuj i urz\u0105dzaj z nami","og_description":"WIERT\u0141O FREZ DO DREWNA S\u0118KOWNIK FLEKOWNIK 20 mm\u00a0 Wymiary s\u0119kownika: \u015arednica: 20 mm Wysoko\u015b\u0107 frezu: 11 mm D\u0142ugo\u015b\u0107 ca\u0142kowita: 95 mm Trzpie\u0144 mocuj\u0105cy: 10 mm Wymiary flekownika: \u015arednica wycinanego elementu: 20 mm G\u0142\u0119boko\u015b\u0107 freza: 57 mm D\u0142ugo\u015b\u0107 ca\u0142kowita: 111 mm \u015arednica zewn\u0119trzna: 25,5 mm Trzpie\u0144 mocuj\u0105cy: 10 mm Praktyczny element wyposa\u017cenia Twojej skrzynki narz\u0119dziowej! S\u0119kownik-flekownik     Czytaj wi\u0119cej \"WIERT\u0141O DO DREWNA S\u0118KOWNIK FLEKOWNIK 20 mm\"","og_url":"https:\/\/bobimarket.pl\/index.php\/produkt\/wiertlo-do-drewna-sekownik-flekownik-20-mm\/","og_site_name":"BOBIMARKET.pl - Remontuj i urz\u0105dzaj z nami","article_modified_time":"2025-02-27T15:14:48+00:00","og_image":[{"url":"https:\/\/upload.cdn.baselinker.com\/products\/14476\/9ad82e86b0ce5b9c08a08c4a090127be.jpg"}],"twitter_card":"summary_large_image","twitter_misc":{"Szacowany czas czytania":"1 minuta"},"schema":{"@context":"https:\/\/schema.org","@graph":[{"@type":"WebPage","@id":"https:\/\/bobimarket.pl\/index.php\/produkt\/wiertlo-do-drewna-sekownik-flekownik-20-mm\/","url":"https:\/\/bobimarket.pl\/index.php\/produkt\/wiertlo-do-drewna-sekownik-flekownik-20-mm\/","name":"WIERT\u0141O DO DREWNA S\u0118KOWNIK FLEKOWNIK 20 mm - BOBIMARKET.pl - Remontuj i urz\u0105dzaj z nami","isPartOf":{"@id":"https:\/\/bobimarket.pl\/#website"},"datePublished":"2023-08-30T03:09:22+00:00","dateModified":"2025-02-27T15:14:48+00:00","breadcrumb":{"@id":"https:\/\/bobimarket.pl\/index.php\/produkt\/wiertlo-do-drewna-sekownik-flekownik-20-mm\/#breadcrumb"},"inLanguage":"pl-PL","potentialAction":[{"@type":"ReadAction","target":["https:\/\/bobimarket.pl\/index.php\/produkt\/wiertlo-do-drewna-sekownik-flekownik-20-mm\/"]}]},{"@type":"BreadcrumbList","@id":"https:\/\/bobimarket.pl\/index.php\/produkt\/wiertlo-do-drewna-sekownik-flekownik-20-mm\/#breadcrumb","itemListElement":[{"@type":"ListItem","position":1,"name":"Strona g\u0142\u00f3wna","item":"https:\/\/bobimarket.pl\/"},{"@type":"ListItem","position":2,"name":"Sklep","item":"https:\/\/bobimarket.pl\/index.php\/shop\/"},{"@type":"ListItem","position":3,"name":"WIERT\u0141O DO DREWNA S\u0118KOWNIK FLEKOWNIK 20 mm"}]},{"@type":"WebSite","@id":"https:\/\/bobimarket.pl\/#website","url":"https:\/\/bobimarket.pl\/","name":"BOBIMARKET.pl - Remontuj i urz\u0105dzaj z nami","description":"Remontuj i urz\u0105dzaj z nami","publisher":{"@id":"https:\/\/bobimarket.pl\/#organization"},"potentialAction":[{"@type":"SearchAction","target":{"@type":"EntryPoint","urlTemplate":"https:\/\/bobimarket.pl\/?s={search_term_string}"},"query-input":"required name=search_term_string"}],"inLanguage":"pl-PL"},{"@type":"Organization","@id":"https:\/\/bobimarket.pl\/#organization","name":"BOBIMARKET.pl","url":"https:\/\/bobimarket.pl\/","logo":{"@type":"ImageObject","inLanguage":"pl-PL","@id":"https:\/\/bobimarket.pl\/#\/schema\/logo\/image\/","url":"https:\/\/bobimarket.pl\/wp-content\/uploads\/2021\/11\/slogan.png","contentUrl":"https:\/\/bobimarket.pl\/wp-content\/uploads\/2021\/11\/slogan.png","width":2000,"height":384,"caption":"BOBIMARKET.pl"},"image":{"@id":"https:\/\/bobimarket.pl\/#\/schema\/logo\/image\/"}}]}},"_links":{"self":[{"href":"https:\/\/bobimarket.pl\/index.php\/wp-json\/wp\/v2\/product\/89314"}],"collection":[{"href":"https:\/\/bobimarket.pl\/index.php\/wp-json\/wp\/v2\/product"}],"about":[{"href":"https:\/\/bobimarket.pl\/index.php\/wp-json\/wp\/v2\/types\/product"}],"wp:featuredmedia":[{"embeddable":true,"href":"https:\/\/bobimarket.pl\/index.php\/wp-json\/wp\/v2\/media\/89311"}],"wp:attachment":[{"href":"https:\/\/bobimarket.pl\/index.php\/wp-json\/wp\/v2\/media?parent=89314"}],"wp:term":[{"taxonomy":"product_cat","embeddable":true,"href":"https:\/\/bobimarket.pl\/index.php\/wp-json\/wp\/v2\/product_cat?post=89314"},{"taxonomy":"product_tag","embeddable":true,"href":"https:\/\/bobimarket.pl\/index.php\/wp-json\/wp\/v2\/product_tag?post=89314"}],"curies":[{"name":"wp","href":"https:\/\/api.w.org\/{rel}","templated":true}]}}