{"id":89336,"date":"2023-08-30T03:11:31","date_gmt":"2023-08-30T03:11:31","guid":{"rendered":"https:\/\/bobimarket.pl\/index.php\/produkt\/tasma-ostrzegawcza-bialo-czerwona-80mmx200m\/"},"modified":"2025-02-27T15:15:03","modified_gmt":"2025-02-27T15:15:03","slug":"tasma-ostrzegawcza-bialo-czerwona-80mmx200m","status":"publish","type":"product","link":"https:\/\/bobimarket.pl\/index.php\/produkt\/tasma-ostrzegawcza-bialo-czerwona-80mmx200m\/","title":{"rendered":"TA\u015aMA OSTRZEGAWCZA BIA\u0141O CZERWONA  80mmx200m"},"content":{"rendered":"<section class=\"section\">\n<div class=\"item item-6\">\n<section class=\"image-item\">\n            <img decoding=\"async\" src=\"https:\/\/upload.cdn.baselinker.com\/products\/14476\/9aaca3d0c7cc557299ed0f9104b2da76.jpg\" \/><br \/>\n        <\/section>\n<\/p><\/div>\n<div class=\"item item-6\">\n<section class=\"text-item\">\n<h2>TA\u015aMA OSTRZEGAWCZA BIA\u0141O CZERWONA\u00a0 80mmx200m<\/h2>\n<p><b>Informacje og\u00f3lne: <\/b><\/p>\n<ul>\n<li>D\u0142ugo\u015b\u0107:<b> 200 m<\/b><\/li>\n<li>Szeroko\u015b\u0107: <b>80 mm<\/b><\/li>\n<li>Rodzaj: <b>ostrzegawcza<\/b><\/li>\n<li>Kolor: <b>bia\u0142o-czerwony<\/b><\/li>\n<\/ul>\n<\/section><\/div>\n<\/section>\n<section class=\"section\">\n<div class=\"item item-6\">\n<section class=\"image-item\">\n            <img decoding=\"async\" src=\"https:\/\/upload.cdn.baselinker.com\/products\/14476\/2a78d0c0c8cf7447b944b204c862bf1e.jpg\" \/><br \/>\n        <\/section>\n<\/p><\/div>\n<div class=\"item item-6\">\n<section class=\"text-item\">\n<h2>Ta\u015bma ostrzegawcza o uniwersalnym zastosowaniu!<\/h2>\n<p>Klasyczna bia\u0142o-czerwona ta\u015bma ostrzegawcza. Przyda si\u0119 do wyznaczania konkretnego obszaru np. strefy przy robotach drogowych oraz na halach produkcyjnych.<\/p>\n<ul>\n<li>Ta\u015bm\u0119 w \u0142atwy spos\u00f3b mo\u017cna przymocowa\u0107 np. do drzewa, rega\u0142u itp.<\/li>\n<li>Wyra\u017ane kolory sprawiaj\u0105, \u017ce ta\u015bma jest widoczna i nie zlewa si\u0119 z otoczeniem.<\/li>\n<\/ul>\n<\/section><\/div>\n<\/section>\n<section class=\"section\">\n<div class=\"item item-6\">\n<section class=\"image-item\">\n            <img decoding=\"async\" src=\"https:\/\/upload.cdn.baselinker.com\/products\/14476\/9aaca3d0c7cc557299ed0f9104b2da76.jpg\" \/><br \/>\n        <\/section>\n<\/p><\/div>\n<div class=\"item item-6\">\n<section class=\"text-item\">\n<p><b>\u2705 Ta\u015bm\u0119 mo\u017cesz wykorzysta\u0107 do:<\/b><\/p>\n<ul>\n<li>zabezpieczania r\u00f3\u017cnego rodzaju teren\u00f3w<\/li>\n<li>ogradzania konkretnych obszar\u00f3w<\/li>\n<li>oznaczania konkretnych stref na halach produkcyjnych.<\/li>\n<\/ul>\n<\/section><\/div>\n<\/section>\n","protected":false},"excerpt":{"rendered":"<p>TA\u015aMA OSTRZEGAWCZA BIA\u0141O CZERWONA\u00a0 80mmx200m Informacje og\u00f3lne: D\u0142ugo\u015b\u0107: 200 m Szeroko\u015b\u0107: 80 mm Rodzaj: ostrzegawcza Kolor: bia\u0142o-czerwony Ta\u015bma ostrzegawcza o uniwersalnym zastosowaniu! Klasyczna bia\u0142o-czerwona ta\u015bma ostrzegawcza. Przyda si\u0119 do wyznaczania konkretnego obszaru np. strefy przy robotach drogowych oraz na halach produkcyjnych. Ta\u015bm\u0119 w \u0142atwy spos\u00f3b mo\u017cna przymocowa\u0107 np. do drzewa, rega\u0142u itp. Wyra\u017ane kolory sprawiaj\u0105,<br \/><a class=\"more-link\" href=\"https:\/\/bobimarket.pl\/index.php\/produkt\/tasma-ostrzegawcza-bialo-czerwona-80mmx200m\/\"><br \/>\n        Czytaj wi\u0119cej<span class=\"screen-reader-text\"> &#8222;TA\u015aMA OSTRZEGAWCZA BIA\u0141O CZERWONA  80mmx200m&#8221;<\/span><\/a><\/p>\n","protected":false},"featured_media":89334,"template":"","meta":[],"product_cat":[8361],"product_tag":[],"yoast_head":"<!-- This site is optimized with the Yoast SEO plugin v21.0 - https:\/\/yoast.com\/wordpress\/plugins\/seo\/ -->\n<title>TA\u015aMA OSTRZEGAWCZA BIA\u0141O CZERWONA 80mmx200m - BOBIMARKET.pl - Remontuj i urz\u0105dzaj z nami<\/title>\n<meta name=\"robots\" content=\"index, follow, max-snippet:-1, max-image-preview:large, max-video-preview:-1\" \/>\n<link rel=\"canonical\" href=\"https:\/\/bobimarket.pl\/index.php\/produkt\/tasma-ostrzegawcza-bialo-czerwona-80mmx200m\/\" \/>\n<meta property=\"og:locale\" content=\"pl_PL\" \/>\n<meta property=\"og:type\" content=\"article\" \/>\n<meta property=\"og:title\" content=\"TA\u015aMA OSTRZEGAWCZA BIA\u0141O CZERWONA 80mmx200m - BOBIMARKET.pl - Remontuj i urz\u0105dzaj z nami\" \/>\n<meta property=\"og:description\" content=\"TA\u015aMA OSTRZEGAWCZA BIA\u0141O CZERWONA\u00a0 80mmx200m Informacje og\u00f3lne: D\u0142ugo\u015b\u0107: 200 m Szeroko\u015b\u0107: 80 mm Rodzaj: ostrzegawcza Kolor: bia\u0142o-czerwony Ta\u015bma ostrzegawcza o uniwersalnym zastosowaniu! Klasyczna bia\u0142o-czerwona ta\u015bma ostrzegawcza. Przyda si\u0119 do wyznaczania konkretnego obszaru np. strefy przy robotach drogowych oraz na halach produkcyjnych. Ta\u015bm\u0119 w \u0142atwy spos\u00f3b mo\u017cna przymocowa\u0107 np. do drzewa, rega\u0142u itp. Wyra\u017ane kolory sprawiaj\u0105,     Czytaj wi\u0119cej &quot;TA\u015aMA OSTRZEGAWCZA BIA\u0141O CZERWONA 80mmx200m&quot;\" \/>\n<meta property=\"og:url\" content=\"https:\/\/bobimarket.pl\/index.php\/produkt\/tasma-ostrzegawcza-bialo-czerwona-80mmx200m\/\" \/>\n<meta property=\"og:site_name\" content=\"BOBIMARKET.pl - Remontuj i urz\u0105dzaj z nami\" \/>\n<meta property=\"article:modified_time\" content=\"2025-02-27T15:15:03+00:00\" \/>\n<meta property=\"og:image\" content=\"https:\/\/upload.cdn.baselinker.com\/products\/14476\/9aaca3d0c7cc557299ed0f9104b2da76.jpg\" \/>\n<meta name=\"twitter:card\" content=\"summary_large_image\" \/>\n<script type=\"application\/ld+json\" class=\"yoast-schema-graph\">{\"@context\":\"https:\/\/schema.org\",\"@graph\":[{\"@type\":\"WebPage\",\"@id\":\"https:\/\/bobimarket.pl\/index.php\/produkt\/tasma-ostrzegawcza-bialo-czerwona-80mmx200m\/\",\"url\":\"https:\/\/bobimarket.pl\/index.php\/produkt\/tasma-ostrzegawcza-bialo-czerwona-80mmx200m\/\",\"name\":\"TA\u015aMA OSTRZEGAWCZA BIA\u0141O CZERWONA 80mmx200m - BOBIMARKET.pl - Remontuj i urz\u0105dzaj z nami\",\"isPartOf\":{\"@id\":\"https:\/\/bobimarket.pl\/#website\"},\"datePublished\":\"2023-08-30T03:11:31+00:00\",\"dateModified\":\"2025-02-27T15:15:03+00:00\",\"breadcrumb\":{\"@id\":\"https:\/\/bobimarket.pl\/index.php\/produkt\/tasma-ostrzegawcza-bialo-czerwona-80mmx200m\/#breadcrumb\"},\"inLanguage\":\"pl-PL\",\"potentialAction\":[{\"@type\":\"ReadAction\",\"target\":[\"https:\/\/bobimarket.pl\/index.php\/produkt\/tasma-ostrzegawcza-bialo-czerwona-80mmx200m\/\"]}]},{\"@type\":\"BreadcrumbList\",\"@id\":\"https:\/\/bobimarket.pl\/index.php\/produkt\/tasma-ostrzegawcza-bialo-czerwona-80mmx200m\/#breadcrumb\",\"itemListElement\":[{\"@type\":\"ListItem\",\"position\":1,\"name\":\"Strona g\u0142\u00f3wna\",\"item\":\"https:\/\/bobimarket.pl\/\"},{\"@type\":\"ListItem\",\"position\":2,\"name\":\"Sklep\",\"item\":\"https:\/\/bobimarket.pl\/index.php\/shop\/\"},{\"@type\":\"ListItem\",\"position\":3,\"name\":\"TA\u015aMA OSTRZEGAWCZA BIA\u0141O CZERWONA 80mmx200m\"}]},{\"@type\":\"WebSite\",\"@id\":\"https:\/\/bobimarket.pl\/#website\",\"url\":\"https:\/\/bobimarket.pl\/\",\"name\":\"BOBIMARKET.pl - Remontuj i urz\u0105dzaj z nami\",\"description\":\"Remontuj i urz\u0105dzaj z nami\",\"publisher\":{\"@id\":\"https:\/\/bobimarket.pl\/#organization\"},\"potentialAction\":[{\"@type\":\"SearchAction\",\"target\":{\"@type\":\"EntryPoint\",\"urlTemplate\":\"https:\/\/bobimarket.pl\/?s={search_term_string}\"},\"query-input\":\"required name=search_term_string\"}],\"inLanguage\":\"pl-PL\"},{\"@type\":\"Organization\",\"@id\":\"https:\/\/bobimarket.pl\/#organization\",\"name\":\"BOBIMARKET.pl\",\"url\":\"https:\/\/bobimarket.pl\/\",\"logo\":{\"@type\":\"ImageObject\",\"inLanguage\":\"pl-PL\",\"@id\":\"https:\/\/bobimarket.pl\/#\/schema\/logo\/image\/\",\"url\":\"https:\/\/bobimarket.pl\/wp-content\/uploads\/2021\/11\/slogan.png\",\"contentUrl\":\"https:\/\/bobimarket.pl\/wp-content\/uploads\/2021\/11\/slogan.png\",\"width\":2000,\"height\":384,\"caption\":\"BOBIMARKET.pl\"},\"image\":{\"@id\":\"https:\/\/bobimarket.pl\/#\/schema\/logo\/image\/\"}}]}<\/script>\n<!-- \/ Yoast SEO plugin. -->","yoast_head_json":{"title":"TA\u015aMA OSTRZEGAWCZA BIA\u0141O CZERWONA 80mmx200m - BOBIMARKET.pl - Remontuj i urz\u0105dzaj z nami","robots":{"index":"index","follow":"follow","max-snippet":"max-snippet:-1","max-image-preview":"max-image-preview:large","max-video-preview":"max-video-preview:-1"},"canonical":"https:\/\/bobimarket.pl\/index.php\/produkt\/tasma-ostrzegawcza-bialo-czerwona-80mmx200m\/","og_locale":"pl_PL","og_type":"article","og_title":"TA\u015aMA OSTRZEGAWCZA BIA\u0141O CZERWONA 80mmx200m - BOBIMARKET.pl - Remontuj i urz\u0105dzaj z nami","og_description":"TA\u015aMA OSTRZEGAWCZA BIA\u0141O CZERWONA\u00a0 80mmx200m Informacje og\u00f3lne: D\u0142ugo\u015b\u0107: 200 m Szeroko\u015b\u0107: 80 mm Rodzaj: ostrzegawcza Kolor: bia\u0142o-czerwony Ta\u015bma ostrzegawcza o uniwersalnym zastosowaniu! Klasyczna bia\u0142o-czerwona ta\u015bma ostrzegawcza. Przyda si\u0119 do wyznaczania konkretnego obszaru np. strefy przy robotach drogowych oraz na halach produkcyjnych. Ta\u015bm\u0119 w \u0142atwy spos\u00f3b mo\u017cna przymocowa\u0107 np. do drzewa, rega\u0142u itp. Wyra\u017ane kolory sprawiaj\u0105,     Czytaj wi\u0119cej \"TA\u015aMA OSTRZEGAWCZA BIA\u0141O CZERWONA 80mmx200m\"","og_url":"https:\/\/bobimarket.pl\/index.php\/produkt\/tasma-ostrzegawcza-bialo-czerwona-80mmx200m\/","og_site_name":"BOBIMARKET.pl - Remontuj i urz\u0105dzaj z nami","article_modified_time":"2025-02-27T15:15:03+00:00","og_image":[{"url":"https:\/\/upload.cdn.baselinker.com\/products\/14476\/9aaca3d0c7cc557299ed0f9104b2da76.jpg"}],"twitter_card":"summary_large_image","schema":{"@context":"https:\/\/schema.org","@graph":[{"@type":"WebPage","@id":"https:\/\/bobimarket.pl\/index.php\/produkt\/tasma-ostrzegawcza-bialo-czerwona-80mmx200m\/","url":"https:\/\/bobimarket.pl\/index.php\/produkt\/tasma-ostrzegawcza-bialo-czerwona-80mmx200m\/","name":"TA\u015aMA OSTRZEGAWCZA BIA\u0141O CZERWONA 80mmx200m - BOBIMARKET.pl - Remontuj i urz\u0105dzaj z nami","isPartOf":{"@id":"https:\/\/bobimarket.pl\/#website"},"datePublished":"2023-08-30T03:11:31+00:00","dateModified":"2025-02-27T15:15:03+00:00","breadcrumb":{"@id":"https:\/\/bobimarket.pl\/index.php\/produkt\/tasma-ostrzegawcza-bialo-czerwona-80mmx200m\/#breadcrumb"},"inLanguage":"pl-PL","potentialAction":[{"@type":"ReadAction","target":["https:\/\/bobimarket.pl\/index.php\/produkt\/tasma-ostrzegawcza-bialo-czerwona-80mmx200m\/"]}]},{"@type":"BreadcrumbList","@id":"https:\/\/bobimarket.pl\/index.php\/produkt\/tasma-ostrzegawcza-bialo-czerwona-80mmx200m\/#breadcrumb","itemListElement":[{"@type":"ListItem","position":1,"name":"Strona g\u0142\u00f3wna","item":"https:\/\/bobimarket.pl\/"},{"@type":"ListItem","position":2,"name":"Sklep","item":"https:\/\/bobimarket.pl\/index.php\/shop\/"},{"@type":"ListItem","position":3,"name":"TA\u015aMA OSTRZEGAWCZA BIA\u0141O CZERWONA 80mmx200m"}]},{"@type":"WebSite","@id":"https:\/\/bobimarket.pl\/#website","url":"https:\/\/bobimarket.pl\/","name":"BOBIMARKET.pl - Remontuj i urz\u0105dzaj z nami","description":"Remontuj i urz\u0105dzaj z nami","publisher":{"@id":"https:\/\/bobimarket.pl\/#organization"},"potentialAction":[{"@type":"SearchAction","target":{"@type":"EntryPoint","urlTemplate":"https:\/\/bobimarket.pl\/?s={search_term_string}"},"query-input":"required name=search_term_string"}],"inLanguage":"pl-PL"},{"@type":"Organization","@id":"https:\/\/bobimarket.pl\/#organization","name":"BOBIMARKET.pl","url":"https:\/\/bobimarket.pl\/","logo":{"@type":"ImageObject","inLanguage":"pl-PL","@id":"https:\/\/bobimarket.pl\/#\/schema\/logo\/image\/","url":"https:\/\/bobimarket.pl\/wp-content\/uploads\/2021\/11\/slogan.png","contentUrl":"https:\/\/bobimarket.pl\/wp-content\/uploads\/2021\/11\/slogan.png","width":2000,"height":384,"caption":"BOBIMARKET.pl"},"image":{"@id":"https:\/\/bobimarket.pl\/#\/schema\/logo\/image\/"}}]}},"_links":{"self":[{"href":"https:\/\/bobimarket.pl\/index.php\/wp-json\/wp\/v2\/product\/89336"}],"collection":[{"href":"https:\/\/bobimarket.pl\/index.php\/wp-json\/wp\/v2\/product"}],"about":[{"href":"https:\/\/bobimarket.pl\/index.php\/wp-json\/wp\/v2\/types\/product"}],"wp:featuredmedia":[{"embeddable":true,"href":"https:\/\/bobimarket.pl\/index.php\/wp-json\/wp\/v2\/media\/89334"}],"wp:attachment":[{"href":"https:\/\/bobimarket.pl\/index.php\/wp-json\/wp\/v2\/media?parent=89336"}],"wp:term":[{"taxonomy":"product_cat","embeddable":true,"href":"https:\/\/bobimarket.pl\/index.php\/wp-json\/wp\/v2\/product_cat?post=89336"},{"taxonomy":"product_tag","embeddable":true,"href":"https:\/\/bobimarket.pl\/index.php\/wp-json\/wp\/v2\/product_tag?post=89336"}],"curies":[{"name":"wp","href":"https:\/\/api.w.org\/{rel}","templated":true}]}}