{"id":89342,"date":"2023-08-30T03:12:11","date_gmt":"2023-08-30T03:12:11","guid":{"rendered":"https:\/\/bobimarket.pl\/index.php\/produkt\/przebijak-wycinak-dziurkacz-otworow-w-skorze-9el\/"},"modified":"2025-02-27T15:15:11","modified_gmt":"2025-02-27T15:15:11","slug":"przebijak-wycinak-dziurkacz-otworow-w-skorze-9el","status":"publish","type":"product","link":"https:\/\/bobimarket.pl\/index.php\/produkt\/przebijak-wycinak-dziurkacz-otworow-w-skorze-9el\/","title":{"rendered":"PRZEBIJAK WYCINAK DZIURKACZ OTWOR\u00d3W W SK\u00d3RZE 9EL"},"content":{"rendered":"<section class=\"section\">\n<div class=\"item item-12\">\n<section class=\"text-item\">\n<h2>PRZEBIJAK WYCINAK DZIURKACZ OTWOR\u00d3W W SK\u00d3RZE 6EL<\/h2>\n<p><b>Dane techniczne:<\/b><\/p>\n<ul>\n<li>Materia\u0142:<b> stal w\u0119glowa<\/b><\/li>\n<li><b>\u015arednice otwor\u00f3w:\u00a0<\/b> 2,5, 3, 4, 5, 6, 7, 8, 9, 10 mm<\/li>\n<\/ul>\n<\/section><\/div>\n<\/section>\n<section class=\"section\">\n<div class=\"item item-12\">\n<section class=\"image-item\">\n            <img decoding=\"async\" src=\"https:\/\/upload.cdn.baselinker.com\/products\/14476\/d957768aa2288445e78abe1a967d3db5.jpg\" \/><br \/>\n        <\/section>\n<\/p><\/div>\n<\/section>\n<section class=\"section\">\n<div class=\"item item-12\">\n<section class=\"text-item\">\n<h2>Praktyczny element wyposa\u017cenia Twojej skrzynki narz\u0119dziowej!<\/h2>\n<p>Solidny komplet wybijak\u00f3w wykonany ze stali w\u0119glowej Elementy zestawu s\u0105 wytrzyma\u0142e i nie odkszta\u0142caj\u0105 si\u0119. Dodatkowo rade\u0142kowana obudowa zapewnia lepszy i pewniejszy chwyt.<\/p>\n<h2>\u2705 Zastosowanie:<\/h2>\n<p>Wybijaki s\u0105 narz\u0119dziem manualnym. Pozwala na wykonywanie otwor\u00f3w o r\u00f3\u017cnej \u015brednicy poprzez uderzenie w g\u0142\u00f3wk\u0119 wycinaka m\u0142otkiem.<\/p>\n<p>Zestaw przyda si\u0119 do wycinania okr\u0105g\u0142ych otwor\u00f3w w takich materia\u0142ach jak:<\/p>\n<ul>\n<li>sk\u00f3ra,<\/li>\n<li>guma,<\/li>\n<li>inne mi\u0119kkie tworzywa sztuczne,<\/li>\n<li>tekstylia,<\/li>\n<li>kartony.<\/li>\n<\/ul>\n<\/section><\/div>\n<\/section>\n<section class=\"section\">\n<div class=\"item item-12\">\n<section class=\"image-item\">\n            <img decoding=\"async\" src=\"https:\/\/upload.cdn.baselinker.com\/products\/14476\/3a5f4403ee1b29657f21deeb2b75f84a.jpg\" \/><br \/>\n        <\/section>\n<\/p><\/div>\n<\/section>\n<section class=\"section\">\n<div class=\"item item-12\">\n<section class=\"text-item\">\n<p><b>\u2705 <\/b>Zestaw sk\u0142ada si\u0119 z <b>9 element\u00f3w<\/b> o r\u00f3\u017cnych parametrach technicznych:<\/p>\n<ul>\n<li>2,5 mm<\/li>\n<li>3 mm<\/li>\n<li>4 mm<\/li>\n<li>5 mm<\/li>\n<li>6 mm<\/li>\n<li>7 mm<\/li>\n<li>8 mm<\/li>\n<li>9 mm<\/li>\n<li>10 mm<\/li>\n<\/ul>\n<\/section><\/div>\n<\/section>\n","protected":false},"excerpt":{"rendered":"<p>PRZEBIJAK WYCINAK DZIURKACZ OTWOR\u00d3W W SK\u00d3RZE 6EL Dane techniczne: Materia\u0142: stal w\u0119glowa \u015arednice otwor\u00f3w:\u00a0 2,5, 3, 4, 5, 6, 7, 8, 9, 10 mm Praktyczny element wyposa\u017cenia Twojej skrzynki narz\u0119dziowej! Solidny komplet wybijak\u00f3w wykonany ze stali w\u0119glowej Elementy zestawu s\u0105 wytrzyma\u0142e i nie odkszta\u0142caj\u0105 si\u0119. Dodatkowo rade\u0142kowana obudowa zapewnia lepszy i pewniejszy chwyt. \u2705 Zastosowanie:<br \/><a class=\"more-link\" href=\"https:\/\/bobimarket.pl\/index.php\/produkt\/przebijak-wycinak-dziurkacz-otworow-w-skorze-9el\/\"><br \/>\n        Czytaj wi\u0119cej<span class=\"screen-reader-text\"> &#8222;PRZEBIJAK WYCINAK DZIURKACZ OTWOR\u00d3W W SK\u00d3RZE 9EL&#8221;<\/span><\/a><\/p>\n","protected":false},"featured_media":89339,"template":"","meta":[],"product_cat":[8227],"product_tag":[],"yoast_head":"<!-- This site is optimized with the Yoast SEO plugin v21.0 - https:\/\/yoast.com\/wordpress\/plugins\/seo\/ -->\n<title>PRZEBIJAK WYCINAK DZIURKACZ OTWOR\u00d3W W SK\u00d3RZE 9EL - BOBIMARKET.pl - Remontuj i urz\u0105dzaj z nami<\/title>\n<meta name=\"robots\" content=\"index, follow, max-snippet:-1, max-image-preview:large, max-video-preview:-1\" \/>\n<link rel=\"canonical\" href=\"https:\/\/bobimarket.pl\/index.php\/produkt\/przebijak-wycinak-dziurkacz-otworow-w-skorze-9el\/\" \/>\n<meta property=\"og:locale\" content=\"pl_PL\" \/>\n<meta property=\"og:type\" content=\"article\" \/>\n<meta property=\"og:title\" content=\"PRZEBIJAK WYCINAK DZIURKACZ OTWOR\u00d3W W SK\u00d3RZE 9EL - BOBIMARKET.pl - Remontuj i urz\u0105dzaj z nami\" \/>\n<meta property=\"og:description\" content=\"PRZEBIJAK WYCINAK DZIURKACZ OTWOR\u00d3W W SK\u00d3RZE 6EL Dane techniczne: Materia\u0142: stal w\u0119glowa \u015arednice otwor\u00f3w:\u00a0 2,5, 3, 4, 5, 6, 7, 8, 9, 10 mm Praktyczny element wyposa\u017cenia Twojej skrzynki narz\u0119dziowej! Solidny komplet wybijak\u00f3w wykonany ze stali w\u0119glowej Elementy zestawu s\u0105 wytrzyma\u0142e i nie odkszta\u0142caj\u0105 si\u0119. Dodatkowo rade\u0142kowana obudowa zapewnia lepszy i pewniejszy chwyt. \u2705 Zastosowanie:     Czytaj wi\u0119cej &quot;PRZEBIJAK WYCINAK DZIURKACZ OTWOR\u00d3W W SK\u00d3RZE 9EL&quot;\" \/>\n<meta property=\"og:url\" content=\"https:\/\/bobimarket.pl\/index.php\/produkt\/przebijak-wycinak-dziurkacz-otworow-w-skorze-9el\/\" \/>\n<meta property=\"og:site_name\" content=\"BOBIMARKET.pl - Remontuj i urz\u0105dzaj z nami\" \/>\n<meta property=\"article:modified_time\" content=\"2025-02-27T15:15:11+00:00\" \/>\n<meta property=\"og:image\" content=\"https:\/\/upload.cdn.baselinker.com\/products\/14476\/d957768aa2288445e78abe1a967d3db5.jpg\" \/>\n<meta name=\"twitter:card\" content=\"summary_large_image\" \/>\n<meta name=\"twitter:label1\" content=\"Szacowany czas czytania\" \/>\n\t<meta name=\"twitter:data1\" content=\"1 minuta\" \/>\n<script type=\"application\/ld+json\" class=\"yoast-schema-graph\">{\"@context\":\"https:\/\/schema.org\",\"@graph\":[{\"@type\":\"WebPage\",\"@id\":\"https:\/\/bobimarket.pl\/index.php\/produkt\/przebijak-wycinak-dziurkacz-otworow-w-skorze-9el\/\",\"url\":\"https:\/\/bobimarket.pl\/index.php\/produkt\/przebijak-wycinak-dziurkacz-otworow-w-skorze-9el\/\",\"name\":\"PRZEBIJAK WYCINAK DZIURKACZ OTWOR\u00d3W W SK\u00d3RZE 9EL - BOBIMARKET.pl - Remontuj i urz\u0105dzaj z nami\",\"isPartOf\":{\"@id\":\"https:\/\/bobimarket.pl\/#website\"},\"datePublished\":\"2023-08-30T03:12:11+00:00\",\"dateModified\":\"2025-02-27T15:15:11+00:00\",\"breadcrumb\":{\"@id\":\"https:\/\/bobimarket.pl\/index.php\/produkt\/przebijak-wycinak-dziurkacz-otworow-w-skorze-9el\/#breadcrumb\"},\"inLanguage\":\"pl-PL\",\"potentialAction\":[{\"@type\":\"ReadAction\",\"target\":[\"https:\/\/bobimarket.pl\/index.php\/produkt\/przebijak-wycinak-dziurkacz-otworow-w-skorze-9el\/\"]}]},{\"@type\":\"BreadcrumbList\",\"@id\":\"https:\/\/bobimarket.pl\/index.php\/produkt\/przebijak-wycinak-dziurkacz-otworow-w-skorze-9el\/#breadcrumb\",\"itemListElement\":[{\"@type\":\"ListItem\",\"position\":1,\"name\":\"Strona g\u0142\u00f3wna\",\"item\":\"https:\/\/bobimarket.pl\/\"},{\"@type\":\"ListItem\",\"position\":2,\"name\":\"Sklep\",\"item\":\"https:\/\/bobimarket.pl\/index.php\/shop\/\"},{\"@type\":\"ListItem\",\"position\":3,\"name\":\"PRZEBIJAK WYCINAK DZIURKACZ OTWOR\u00d3W W SK\u00d3RZE 9EL\"}]},{\"@type\":\"WebSite\",\"@id\":\"https:\/\/bobimarket.pl\/#website\",\"url\":\"https:\/\/bobimarket.pl\/\",\"name\":\"BOBIMARKET.pl - Remontuj i urz\u0105dzaj z nami\",\"description\":\"Remontuj i urz\u0105dzaj z nami\",\"publisher\":{\"@id\":\"https:\/\/bobimarket.pl\/#organization\"},\"potentialAction\":[{\"@type\":\"SearchAction\",\"target\":{\"@type\":\"EntryPoint\",\"urlTemplate\":\"https:\/\/bobimarket.pl\/?s={search_term_string}\"},\"query-input\":\"required name=search_term_string\"}],\"inLanguage\":\"pl-PL\"},{\"@type\":\"Organization\",\"@id\":\"https:\/\/bobimarket.pl\/#organization\",\"name\":\"BOBIMARKET.pl\",\"url\":\"https:\/\/bobimarket.pl\/\",\"logo\":{\"@type\":\"ImageObject\",\"inLanguage\":\"pl-PL\",\"@id\":\"https:\/\/bobimarket.pl\/#\/schema\/logo\/image\/\",\"url\":\"https:\/\/bobimarket.pl\/wp-content\/uploads\/2021\/11\/slogan.png\",\"contentUrl\":\"https:\/\/bobimarket.pl\/wp-content\/uploads\/2021\/11\/slogan.png\",\"width\":2000,\"height\":384,\"caption\":\"BOBIMARKET.pl\"},\"image\":{\"@id\":\"https:\/\/bobimarket.pl\/#\/schema\/logo\/image\/\"}}]}<\/script>\n<!-- \/ Yoast SEO plugin. -->","yoast_head_json":{"title":"PRZEBIJAK WYCINAK DZIURKACZ OTWOR\u00d3W W SK\u00d3RZE 9EL - BOBIMARKET.pl - Remontuj i urz\u0105dzaj z nami","robots":{"index":"index","follow":"follow","max-snippet":"max-snippet:-1","max-image-preview":"max-image-preview:large","max-video-preview":"max-video-preview:-1"},"canonical":"https:\/\/bobimarket.pl\/index.php\/produkt\/przebijak-wycinak-dziurkacz-otworow-w-skorze-9el\/","og_locale":"pl_PL","og_type":"article","og_title":"PRZEBIJAK WYCINAK DZIURKACZ OTWOR\u00d3W W SK\u00d3RZE 9EL - BOBIMARKET.pl - Remontuj i urz\u0105dzaj z nami","og_description":"PRZEBIJAK WYCINAK DZIURKACZ OTWOR\u00d3W W SK\u00d3RZE 6EL Dane techniczne: Materia\u0142: stal w\u0119glowa \u015arednice otwor\u00f3w:\u00a0 2,5, 3, 4, 5, 6, 7, 8, 9, 10 mm Praktyczny element wyposa\u017cenia Twojej skrzynki narz\u0119dziowej! Solidny komplet wybijak\u00f3w wykonany ze stali w\u0119glowej Elementy zestawu s\u0105 wytrzyma\u0142e i nie odkszta\u0142caj\u0105 si\u0119. Dodatkowo rade\u0142kowana obudowa zapewnia lepszy i pewniejszy chwyt. \u2705 Zastosowanie:     Czytaj wi\u0119cej \"PRZEBIJAK WYCINAK DZIURKACZ OTWOR\u00d3W W SK\u00d3RZE 9EL\"","og_url":"https:\/\/bobimarket.pl\/index.php\/produkt\/przebijak-wycinak-dziurkacz-otworow-w-skorze-9el\/","og_site_name":"BOBIMARKET.pl - Remontuj i urz\u0105dzaj z nami","article_modified_time":"2025-02-27T15:15:11+00:00","og_image":[{"url":"https:\/\/upload.cdn.baselinker.com\/products\/14476\/d957768aa2288445e78abe1a967d3db5.jpg"}],"twitter_card":"summary_large_image","twitter_misc":{"Szacowany czas czytania":"1 minuta"},"schema":{"@context":"https:\/\/schema.org","@graph":[{"@type":"WebPage","@id":"https:\/\/bobimarket.pl\/index.php\/produkt\/przebijak-wycinak-dziurkacz-otworow-w-skorze-9el\/","url":"https:\/\/bobimarket.pl\/index.php\/produkt\/przebijak-wycinak-dziurkacz-otworow-w-skorze-9el\/","name":"PRZEBIJAK WYCINAK DZIURKACZ OTWOR\u00d3W W SK\u00d3RZE 9EL - BOBIMARKET.pl - Remontuj i urz\u0105dzaj z nami","isPartOf":{"@id":"https:\/\/bobimarket.pl\/#website"},"datePublished":"2023-08-30T03:12:11+00:00","dateModified":"2025-02-27T15:15:11+00:00","breadcrumb":{"@id":"https:\/\/bobimarket.pl\/index.php\/produkt\/przebijak-wycinak-dziurkacz-otworow-w-skorze-9el\/#breadcrumb"},"inLanguage":"pl-PL","potentialAction":[{"@type":"ReadAction","target":["https:\/\/bobimarket.pl\/index.php\/produkt\/przebijak-wycinak-dziurkacz-otworow-w-skorze-9el\/"]}]},{"@type":"BreadcrumbList","@id":"https:\/\/bobimarket.pl\/index.php\/produkt\/przebijak-wycinak-dziurkacz-otworow-w-skorze-9el\/#breadcrumb","itemListElement":[{"@type":"ListItem","position":1,"name":"Strona g\u0142\u00f3wna","item":"https:\/\/bobimarket.pl\/"},{"@type":"ListItem","position":2,"name":"Sklep","item":"https:\/\/bobimarket.pl\/index.php\/shop\/"},{"@type":"ListItem","position":3,"name":"PRZEBIJAK WYCINAK DZIURKACZ OTWOR\u00d3W W SK\u00d3RZE 9EL"}]},{"@type":"WebSite","@id":"https:\/\/bobimarket.pl\/#website","url":"https:\/\/bobimarket.pl\/","name":"BOBIMARKET.pl - Remontuj i urz\u0105dzaj z nami","description":"Remontuj i urz\u0105dzaj z nami","publisher":{"@id":"https:\/\/bobimarket.pl\/#organization"},"potentialAction":[{"@type":"SearchAction","target":{"@type":"EntryPoint","urlTemplate":"https:\/\/bobimarket.pl\/?s={search_term_string}"},"query-input":"required name=search_term_string"}],"inLanguage":"pl-PL"},{"@type":"Organization","@id":"https:\/\/bobimarket.pl\/#organization","name":"BOBIMARKET.pl","url":"https:\/\/bobimarket.pl\/","logo":{"@type":"ImageObject","inLanguage":"pl-PL","@id":"https:\/\/bobimarket.pl\/#\/schema\/logo\/image\/","url":"https:\/\/bobimarket.pl\/wp-content\/uploads\/2021\/11\/slogan.png","contentUrl":"https:\/\/bobimarket.pl\/wp-content\/uploads\/2021\/11\/slogan.png","width":2000,"height":384,"caption":"BOBIMARKET.pl"},"image":{"@id":"https:\/\/bobimarket.pl\/#\/schema\/logo\/image\/"}}]}},"_links":{"self":[{"href":"https:\/\/bobimarket.pl\/index.php\/wp-json\/wp\/v2\/product\/89342"}],"collection":[{"href":"https:\/\/bobimarket.pl\/index.php\/wp-json\/wp\/v2\/product"}],"about":[{"href":"https:\/\/bobimarket.pl\/index.php\/wp-json\/wp\/v2\/types\/product"}],"wp:featuredmedia":[{"embeddable":true,"href":"https:\/\/bobimarket.pl\/index.php\/wp-json\/wp\/v2\/media\/89339"}],"wp:attachment":[{"href":"https:\/\/bobimarket.pl\/index.php\/wp-json\/wp\/v2\/media?parent=89342"}],"wp:term":[{"taxonomy":"product_cat","embeddable":true,"href":"https:\/\/bobimarket.pl\/index.php\/wp-json\/wp\/v2\/product_cat?post=89342"},{"taxonomy":"product_tag","embeddable":true,"href":"https:\/\/bobimarket.pl\/index.php\/wp-json\/wp\/v2\/product_tag?post=89342"}],"curies":[{"name":"wp","href":"https:\/\/api.w.org\/{rel}","templated":true}]}}