{"id":89413,"date":"2023-08-30T03:16:35","date_gmt":"2023-08-30T03:16:35","guid":{"rendered":"https:\/\/bobimarket.pl\/index.php\/produkt\/przylacze-na-kran-gwint-we-3-4-cal-aqua-zlaczka\/"},"modified":"2025-02-27T15:16:11","modified_gmt":"2025-02-27T15:16:11","slug":"przylacze-na-kran-gwint-we-3-4-cal-aqua-zlaczka","status":"publish","type":"product","link":"https:\/\/bobimarket.pl\/index.php\/produkt\/przylacze-na-kran-gwint-we-3-4-cal-aqua-zlaczka\/","title":{"rendered":"PRZY\u0141\u0104CZE NA KRAN GWINT WE. 3\/4 CAL AQUA Z\u0141\u0104CZKA"},"content":{"rendered":"<section class=\"section\">\n<div class=\"item item-12\">\n<section class=\"text-item\">\n<h2>PRZY\u0141\u0104CZE NA KRAN GWINT\u00a0 WEW. 3\/4 CAL AQUA SZYBKOZ\u0141\u0104CZKA<\/h2>\n<p><b>Informacje og\u00f3lne:<\/b><\/p>\n<ul>\n<li>Rodzaj: <b>z\u0142\u0105cze<\/b><\/li>\n<li>Materia\u0142: <b>tworzywo ABS<\/b><\/li>\n<li>\u015arednica linii wej\u015bcia: <b>3\/4 cal <\/b><\/li>\n<li>Gwint wewn\u0119trzny<\/li>\n<\/ul>\n<\/section><\/div>\n<\/section>\n<section class=\"section\">\n<div class=\"item item-12\">\n<section class=\"image-item\">\n            <img decoding=\"async\" src=\"https:\/\/upload.cdn.baselinker.com\/products\/14476\/6e31ca2dbd6a278bdecce45ad324ed4f.jpg\" \/><br \/>\n        <\/section>\n<\/p><\/div>\n<\/section>\n<section class=\"section\">\n<div class=\"item item-12\">\n<section class=\"text-item\">\n<p>Wysokiej jako\u015bci z\u0142\u0105cze z gwintem wewn\u0119trznym 3\/4 cal. Wykonane z mocnego tworzywa ABS, o b\u0119dzie owocowa\u0142o d\u0142ugim okresem u\u017cytkowania.<\/p>\n<ul>\n<li>S\u0142u\u017c\u0105 <b>do po\u0142\u0105czenia systemu nawadniania z zaworami gwintowanymi<\/b>, rozdzielaczami i rozpylaczami, kt\u00f3re maj\u0105 wyj\u015bcie gwintowane.<\/li>\n<li>\u015arednica osadzenia z <b>gwintem wewn\u0119trznym<\/b>, z drugiej strony adaptera \u2013 kr\u00f3ciec (szybkoz\u0142\u0105czka).<\/li>\n<li>\u015arednica osadzenia adaptera i kr\u00f3ciec s\u0105 <b>kompatybilne ze wi\u0119kszo\u015bci\u0105 element\u00f3w<\/b> r\u00f3\u017cnego rodzaju system\u00f3w nawadniania.\u00a0<\/li>\n<\/ul>\n<\/section><\/div>\n<\/section>\n","protected":false},"excerpt":{"rendered":"<p>PRZY\u0141\u0104CZE NA KRAN GWINT\u00a0 WEW. 3\/4 CAL AQUA SZYBKOZ\u0141\u0104CZKA Informacje og\u00f3lne: Rodzaj: z\u0142\u0105cze Materia\u0142: tworzywo ABS \u015arednica linii wej\u015bcia: 3\/4 cal Gwint wewn\u0119trzny Wysokiej jako\u015bci z\u0142\u0105cze z gwintem wewn\u0119trznym 3\/4 cal. Wykonane z mocnego tworzywa ABS, o b\u0119dzie owocowa\u0142o d\u0142ugim okresem u\u017cytkowania. S\u0142u\u017c\u0105 do po\u0142\u0105czenia systemu nawadniania z zaworami gwintowanymi, rozdzielaczami i rozpylaczami, kt\u00f3re maj\u0105<br \/><a class=\"more-link\" href=\"https:\/\/bobimarket.pl\/index.php\/produkt\/przylacze-na-kran-gwint-we-3-4-cal-aqua-zlaczka\/\"><br \/>\n        Czytaj wi\u0119cej<span class=\"screen-reader-text\"> &#8222;PRZY\u0141\u0104CZE NA KRAN GWINT WE. 3\/4 CAL AQUA Z\u0141\u0104CZKA&#8221;<\/span><\/a><\/p>\n","protected":false},"featured_media":89411,"template":"","meta":[],"product_cat":[8254],"product_tag":[],"yoast_head":"<!-- This site is optimized with the Yoast SEO plugin v21.0 - https:\/\/yoast.com\/wordpress\/plugins\/seo\/ -->\n<title>PRZY\u0141\u0104CZE NA KRAN GWINT WE. 3\/4 CAL AQUA Z\u0141\u0104CZKA - BOBIMARKET.pl - Remontuj i urz\u0105dzaj z nami<\/title>\n<meta name=\"robots\" content=\"index, follow, max-snippet:-1, max-image-preview:large, max-video-preview:-1\" \/>\n<link rel=\"canonical\" href=\"https:\/\/bobimarket.pl\/index.php\/produkt\/przylacze-na-kran-gwint-we-3-4-cal-aqua-zlaczka\/\" \/>\n<meta property=\"og:locale\" content=\"pl_PL\" \/>\n<meta property=\"og:type\" content=\"article\" \/>\n<meta property=\"og:title\" content=\"PRZY\u0141\u0104CZE NA KRAN GWINT WE. 3\/4 CAL AQUA Z\u0141\u0104CZKA - BOBIMARKET.pl - Remontuj i urz\u0105dzaj z nami\" \/>\n<meta property=\"og:description\" content=\"PRZY\u0141\u0104CZE NA KRAN GWINT\u00a0 WEW. 3\/4 CAL AQUA SZYBKOZ\u0141\u0104CZKA Informacje og\u00f3lne: Rodzaj: z\u0142\u0105cze Materia\u0142: tworzywo ABS \u015arednica linii wej\u015bcia: 3\/4 cal Gwint wewn\u0119trzny Wysokiej jako\u015bci z\u0142\u0105cze z gwintem wewn\u0119trznym 3\/4 cal. Wykonane z mocnego tworzywa ABS, o b\u0119dzie owocowa\u0142o d\u0142ugim okresem u\u017cytkowania. S\u0142u\u017c\u0105 do po\u0142\u0105czenia systemu nawadniania z zaworami gwintowanymi, rozdzielaczami i rozpylaczami, kt\u00f3re maj\u0105     Czytaj wi\u0119cej &quot;PRZY\u0141\u0104CZE NA KRAN GWINT WE. 3\/4 CAL AQUA Z\u0141\u0104CZKA&quot;\" \/>\n<meta property=\"og:url\" content=\"https:\/\/bobimarket.pl\/index.php\/produkt\/przylacze-na-kran-gwint-we-3-4-cal-aqua-zlaczka\/\" \/>\n<meta property=\"og:site_name\" content=\"BOBIMARKET.pl - Remontuj i urz\u0105dzaj z nami\" \/>\n<meta property=\"article:modified_time\" content=\"2025-02-27T15:16:11+00:00\" \/>\n<meta property=\"og:image\" content=\"https:\/\/upload.cdn.baselinker.com\/products\/14476\/6e31ca2dbd6a278bdecce45ad324ed4f.jpg\" \/>\n<meta name=\"twitter:card\" content=\"summary_large_image\" \/>\n<meta name=\"twitter:label1\" content=\"Szacowany czas czytania\" \/>\n\t<meta name=\"twitter:data1\" content=\"1 minuta\" \/>\n<script type=\"application\/ld+json\" class=\"yoast-schema-graph\">{\"@context\":\"https:\/\/schema.org\",\"@graph\":[{\"@type\":\"WebPage\",\"@id\":\"https:\/\/bobimarket.pl\/index.php\/produkt\/przylacze-na-kran-gwint-we-3-4-cal-aqua-zlaczka\/\",\"url\":\"https:\/\/bobimarket.pl\/index.php\/produkt\/przylacze-na-kran-gwint-we-3-4-cal-aqua-zlaczka\/\",\"name\":\"PRZY\u0141\u0104CZE NA KRAN GWINT WE. 3\/4 CAL AQUA Z\u0141\u0104CZKA - BOBIMARKET.pl - Remontuj i urz\u0105dzaj z nami\",\"isPartOf\":{\"@id\":\"https:\/\/bobimarket.pl\/#website\"},\"datePublished\":\"2023-08-30T03:16:35+00:00\",\"dateModified\":\"2025-02-27T15:16:11+00:00\",\"breadcrumb\":{\"@id\":\"https:\/\/bobimarket.pl\/index.php\/produkt\/przylacze-na-kran-gwint-we-3-4-cal-aqua-zlaczka\/#breadcrumb\"},\"inLanguage\":\"pl-PL\",\"potentialAction\":[{\"@type\":\"ReadAction\",\"target\":[\"https:\/\/bobimarket.pl\/index.php\/produkt\/przylacze-na-kran-gwint-we-3-4-cal-aqua-zlaczka\/\"]}]},{\"@type\":\"BreadcrumbList\",\"@id\":\"https:\/\/bobimarket.pl\/index.php\/produkt\/przylacze-na-kran-gwint-we-3-4-cal-aqua-zlaczka\/#breadcrumb\",\"itemListElement\":[{\"@type\":\"ListItem\",\"position\":1,\"name\":\"Strona g\u0142\u00f3wna\",\"item\":\"https:\/\/bobimarket.pl\/\"},{\"@type\":\"ListItem\",\"position\":2,\"name\":\"Sklep\",\"item\":\"https:\/\/bobimarket.pl\/index.php\/shop\/\"},{\"@type\":\"ListItem\",\"position\":3,\"name\":\"PRZY\u0141\u0104CZE NA KRAN GWINT WE. 3\/4 CAL AQUA Z\u0141\u0104CZKA\"}]},{\"@type\":\"WebSite\",\"@id\":\"https:\/\/bobimarket.pl\/#website\",\"url\":\"https:\/\/bobimarket.pl\/\",\"name\":\"BOBIMARKET.pl - Remontuj i urz\u0105dzaj z nami\",\"description\":\"Remontuj i urz\u0105dzaj z nami\",\"publisher\":{\"@id\":\"https:\/\/bobimarket.pl\/#organization\"},\"potentialAction\":[{\"@type\":\"SearchAction\",\"target\":{\"@type\":\"EntryPoint\",\"urlTemplate\":\"https:\/\/bobimarket.pl\/?s={search_term_string}\"},\"query-input\":\"required name=search_term_string\"}],\"inLanguage\":\"pl-PL\"},{\"@type\":\"Organization\",\"@id\":\"https:\/\/bobimarket.pl\/#organization\",\"name\":\"BOBIMARKET.pl\",\"url\":\"https:\/\/bobimarket.pl\/\",\"logo\":{\"@type\":\"ImageObject\",\"inLanguage\":\"pl-PL\",\"@id\":\"https:\/\/bobimarket.pl\/#\/schema\/logo\/image\/\",\"url\":\"https:\/\/bobimarket.pl\/wp-content\/uploads\/2021\/11\/slogan.png\",\"contentUrl\":\"https:\/\/bobimarket.pl\/wp-content\/uploads\/2021\/11\/slogan.png\",\"width\":2000,\"height\":384,\"caption\":\"BOBIMARKET.pl\"},\"image\":{\"@id\":\"https:\/\/bobimarket.pl\/#\/schema\/logo\/image\/\"}}]}<\/script>\n<!-- \/ Yoast SEO plugin. -->","yoast_head_json":{"title":"PRZY\u0141\u0104CZE NA KRAN GWINT WE. 3\/4 CAL AQUA Z\u0141\u0104CZKA - BOBIMARKET.pl - Remontuj i urz\u0105dzaj z nami","robots":{"index":"index","follow":"follow","max-snippet":"max-snippet:-1","max-image-preview":"max-image-preview:large","max-video-preview":"max-video-preview:-1"},"canonical":"https:\/\/bobimarket.pl\/index.php\/produkt\/przylacze-na-kran-gwint-we-3-4-cal-aqua-zlaczka\/","og_locale":"pl_PL","og_type":"article","og_title":"PRZY\u0141\u0104CZE NA KRAN GWINT WE. 3\/4 CAL AQUA Z\u0141\u0104CZKA - BOBIMARKET.pl - Remontuj i urz\u0105dzaj z nami","og_description":"PRZY\u0141\u0104CZE NA KRAN GWINT\u00a0 WEW. 3\/4 CAL AQUA SZYBKOZ\u0141\u0104CZKA Informacje og\u00f3lne: Rodzaj: z\u0142\u0105cze Materia\u0142: tworzywo ABS \u015arednica linii wej\u015bcia: 3\/4 cal Gwint wewn\u0119trzny Wysokiej jako\u015bci z\u0142\u0105cze z gwintem wewn\u0119trznym 3\/4 cal. Wykonane z mocnego tworzywa ABS, o b\u0119dzie owocowa\u0142o d\u0142ugim okresem u\u017cytkowania. S\u0142u\u017c\u0105 do po\u0142\u0105czenia systemu nawadniania z zaworami gwintowanymi, rozdzielaczami i rozpylaczami, kt\u00f3re maj\u0105     Czytaj wi\u0119cej \"PRZY\u0141\u0104CZE NA KRAN GWINT WE. 3\/4 CAL AQUA Z\u0141\u0104CZKA\"","og_url":"https:\/\/bobimarket.pl\/index.php\/produkt\/przylacze-na-kran-gwint-we-3-4-cal-aqua-zlaczka\/","og_site_name":"BOBIMARKET.pl - Remontuj i urz\u0105dzaj z nami","article_modified_time":"2025-02-27T15:16:11+00:00","og_image":[{"url":"https:\/\/upload.cdn.baselinker.com\/products\/14476\/6e31ca2dbd6a278bdecce45ad324ed4f.jpg"}],"twitter_card":"summary_large_image","twitter_misc":{"Szacowany czas czytania":"1 minuta"},"schema":{"@context":"https:\/\/schema.org","@graph":[{"@type":"WebPage","@id":"https:\/\/bobimarket.pl\/index.php\/produkt\/przylacze-na-kran-gwint-we-3-4-cal-aqua-zlaczka\/","url":"https:\/\/bobimarket.pl\/index.php\/produkt\/przylacze-na-kran-gwint-we-3-4-cal-aqua-zlaczka\/","name":"PRZY\u0141\u0104CZE NA KRAN GWINT WE. 3\/4 CAL AQUA Z\u0141\u0104CZKA - BOBIMARKET.pl - Remontuj i urz\u0105dzaj z nami","isPartOf":{"@id":"https:\/\/bobimarket.pl\/#website"},"datePublished":"2023-08-30T03:16:35+00:00","dateModified":"2025-02-27T15:16:11+00:00","breadcrumb":{"@id":"https:\/\/bobimarket.pl\/index.php\/produkt\/przylacze-na-kran-gwint-we-3-4-cal-aqua-zlaczka\/#breadcrumb"},"inLanguage":"pl-PL","potentialAction":[{"@type":"ReadAction","target":["https:\/\/bobimarket.pl\/index.php\/produkt\/przylacze-na-kran-gwint-we-3-4-cal-aqua-zlaczka\/"]}]},{"@type":"BreadcrumbList","@id":"https:\/\/bobimarket.pl\/index.php\/produkt\/przylacze-na-kran-gwint-we-3-4-cal-aqua-zlaczka\/#breadcrumb","itemListElement":[{"@type":"ListItem","position":1,"name":"Strona g\u0142\u00f3wna","item":"https:\/\/bobimarket.pl\/"},{"@type":"ListItem","position":2,"name":"Sklep","item":"https:\/\/bobimarket.pl\/index.php\/shop\/"},{"@type":"ListItem","position":3,"name":"PRZY\u0141\u0104CZE NA KRAN GWINT WE. 3\/4 CAL AQUA Z\u0141\u0104CZKA"}]},{"@type":"WebSite","@id":"https:\/\/bobimarket.pl\/#website","url":"https:\/\/bobimarket.pl\/","name":"BOBIMARKET.pl - Remontuj i urz\u0105dzaj z nami","description":"Remontuj i urz\u0105dzaj z nami","publisher":{"@id":"https:\/\/bobimarket.pl\/#organization"},"potentialAction":[{"@type":"SearchAction","target":{"@type":"EntryPoint","urlTemplate":"https:\/\/bobimarket.pl\/?s={search_term_string}"},"query-input":"required name=search_term_string"}],"inLanguage":"pl-PL"},{"@type":"Organization","@id":"https:\/\/bobimarket.pl\/#organization","name":"BOBIMARKET.pl","url":"https:\/\/bobimarket.pl\/","logo":{"@type":"ImageObject","inLanguage":"pl-PL","@id":"https:\/\/bobimarket.pl\/#\/schema\/logo\/image\/","url":"https:\/\/bobimarket.pl\/wp-content\/uploads\/2021\/11\/slogan.png","contentUrl":"https:\/\/bobimarket.pl\/wp-content\/uploads\/2021\/11\/slogan.png","width":2000,"height":384,"caption":"BOBIMARKET.pl"},"image":{"@id":"https:\/\/bobimarket.pl\/#\/schema\/logo\/image\/"}}]}},"_links":{"self":[{"href":"https:\/\/bobimarket.pl\/index.php\/wp-json\/wp\/v2\/product\/89413"}],"collection":[{"href":"https:\/\/bobimarket.pl\/index.php\/wp-json\/wp\/v2\/product"}],"about":[{"href":"https:\/\/bobimarket.pl\/index.php\/wp-json\/wp\/v2\/types\/product"}],"wp:featuredmedia":[{"embeddable":true,"href":"https:\/\/bobimarket.pl\/index.php\/wp-json\/wp\/v2\/media\/89411"}],"wp:attachment":[{"href":"https:\/\/bobimarket.pl\/index.php\/wp-json\/wp\/v2\/media?parent=89413"}],"wp:term":[{"taxonomy":"product_cat","embeddable":true,"href":"https:\/\/bobimarket.pl\/index.php\/wp-json\/wp\/v2\/product_cat?post=89413"},{"taxonomy":"product_tag","embeddable":true,"href":"https:\/\/bobimarket.pl\/index.php\/wp-json\/wp\/v2\/product_tag?post=89413"}],"curies":[{"name":"wp","href":"https:\/\/api.w.org\/{rel}","templated":true}]}}