{"id":89419,"date":"2023-08-30T03:16:54","date_gmt":"2023-08-30T03:16:54","guid":{"rendered":"https:\/\/bobimarket.pl\/index.php\/produkt\/zraszacz-wody-pistolet-regulowany\/"},"modified":"2025-02-27T15:16:19","modified_gmt":"2025-02-27T15:16:19","slug":"zraszacz-wody-pistolet-regulowany","status":"publish","type":"product","link":"https:\/\/bobimarket.pl\/index.php\/produkt\/zraszacz-wody-pistolet-regulowany\/","title":{"rendered":"ZRASZACZ WODY PISTOLET REGULOWANY"},"content":{"rendered":"<section class=\"section\">\n<div class=\"item item-6\">\n<section class=\"image-item\">\n            <img decoding=\"async\" src=\"https:\/\/upload.cdn.baselinker.com\/products\/14476\/5c2fe4d52d54e890f7e237976425b655.jpg\" \/><br \/>\n        <\/section>\n<\/p><\/div>\n<div class=\"item item-6\">\n<section class=\"text-item\">\n<h2>ZRASZACZ WODY PISTOLET REGULOWANY ZESTAW<\/h2>\n<p><b>Informacje og\u00f3lne:<\/b><\/p>\n<ul>\n<li>Rodzaj: <b>pistolet o pryskania<\/b><\/li>\n<li>Materia\u0142: <b>tworzywo ABS, guma<\/b><\/li>\n<li>Regulowany<\/li>\n<\/ul>\n<\/section><\/div>\n<\/section>\n<section class=\"section\">\n<div class=\"item item-6\">\n<section class=\"image-item\">\n            <img decoding=\"async\" src=\"https:\/\/upload.cdn.baselinker.com\/products\/14476\/5c2fe4d52d54e890f7e237976425b655.jpg\" \/><br \/>\n        <\/section>\n<\/p><\/div>\n<div class=\"item item-6\">\n<section class=\"text-item\">\n<p><b>Klasyczny regulowany pistolet do pryskania!<\/b><\/p>\n<p>W tym sezonie zadbaj o sw\u00f3j ogr\u00f3d z praktycznym pistoletem natryskowy z mo\u017cliwo\u015bci\u0105 regulacji. Pistolet wykonano z mocnego tworzywa ABS, co b\u0119dzie owocowa\u0142o d\u0142ugim okresem u\u017cytkowania.<\/p>\n<ul>\n<li>Uchwyt pokryty gum\u0105, co zapewnia maksymalny komfort podczas pracy z narz\u0119dziem.<\/li>\n<\/ul>\n<\/section><\/div>\n<\/section>\n<section class=\"section\">\n<div class=\"item item-6\">\n<section class=\"image-item\">\n            <img decoding=\"async\" src=\"https:\/\/upload.cdn.baselinker.com\/products\/14476\/105012a648f6ea65f23a91282ff894fb.jpg\" \/><br \/>\n        <\/section>\n<\/p><\/div>\n<div class=\"item item-6\">\n<section class=\"text-item\">\n<p>\u2705 Posiada <b>blokad\u0119 spustu do pracy ci\u0105g\u0142ej.<\/b><\/p>\n<p>\u2705 Pistolet wyposa\u017cono w regulowan\u0105 dysz\u0119, co zapewnia <b>trzy tryby nawadniania:<\/b><\/p>\n<ul>\n<li>strumie\u0144 sztywny,<\/li>\n<li>strumie\u0144 typu &#8222;mg\u0142a&#8221;<\/li>\n<li>strumie\u0144 sto\u017ckowy.<\/li>\n<\/ul>\n<\/section><\/div>\n<\/section>\n<section class=\"section\">\n<div class=\"item item-6\">\n<section class=\"image-item\">\n            <img decoding=\"async\" src=\"https:\/\/upload.cdn.baselinker.com\/products\/14476\/5c2fe4d52d54e890f7e237976425b655.jpg\" \/><br \/>\n        <\/section>\n<\/p><\/div>\n<div class=\"item item-6\">\n<section class=\"text-item\">\n<p>Pistolet natryskowy o bardzo przydatny<b> element wyposa\u017cenia ka\u017cdego w\u0142a\u015bciciele ogr\u00f3dka<\/b>. Sprawdzi si\u0119 zar\u00f3wno u dobrze do\u015bwiadczonych jak i dopiero zaczynaj\u0105cych swoj\u0105 przygod\u0119 z ogrodnictwem.\u00a0<\/p>\n<ul>\n<li>Sprz\u0119t <b>u\u0142atwi podlewania<\/b> wcze\u015bniej posadzonych kwiat\u00f3w. Prace przebiegn\u0105 szybko i sprawnie, a Ty b\u0119dziesz m\u00f3g\u0142 si\u0119 cieszy\u0107 czasem wolnym.<\/li>\n<li>Pistolet przyda si\u0119 niezale\u017cnie od wielko\u015bci ogrodu. Sprawdzi si\u0119 do podlewania rabatek kwiatowych, zielnik\u00f3w czy r\u00f3\u017cnego rodzaju krzew\u00f3w i nie tylko. Nada si\u0119 do nawadniania na terenach podmiejskich, parkach i skwerach.<\/li>\n<li>Mo\u017cna go r\u00f3wnie\u017c wykorzysta\u0107 jako<b> pomocnika przy czyszczeniu narz\u0119dzi ogrodowych<\/b> itp.<\/li>\n<\/ul>\n<\/section><\/div>\n<\/section>\n","protected":false},"excerpt":{"rendered":"<p>ZRASZACZ WODY PISTOLET REGULOWANY ZESTAW Informacje og\u00f3lne: Rodzaj: pistolet o pryskania Materia\u0142: tworzywo ABS, guma Regulowany Klasyczny regulowany pistolet do pryskania! W tym sezonie zadbaj o sw\u00f3j ogr\u00f3d z praktycznym pistoletem natryskowy z mo\u017cliwo\u015bci\u0105 regulacji. Pistolet wykonano z mocnego tworzywa ABS, co b\u0119dzie owocowa\u0142o d\u0142ugim okresem u\u017cytkowania. Uchwyt pokryty gum\u0105, co zapewnia maksymalny komfort podczas<br \/><a class=\"more-link\" href=\"https:\/\/bobimarket.pl\/index.php\/produkt\/zraszacz-wody-pistolet-regulowany\/\"><br \/>\n        Czytaj wi\u0119cej<span class=\"screen-reader-text\"> &#8222;ZRASZACZ WODY PISTOLET REGULOWANY&#8221;<\/span><\/a><\/p>\n","protected":false},"featured_media":89417,"template":"","meta":[],"product_cat":[8228],"product_tag":[],"yoast_head":"<!-- This site is optimized with the Yoast SEO plugin v21.0 - https:\/\/yoast.com\/wordpress\/plugins\/seo\/ -->\n<title>ZRASZACZ WODY PISTOLET REGULOWANY - BOBIMARKET.pl - Remontuj i urz\u0105dzaj z nami<\/title>\n<meta name=\"robots\" content=\"index, follow, max-snippet:-1, max-image-preview:large, max-video-preview:-1\" \/>\n<link rel=\"canonical\" href=\"https:\/\/bobimarket.pl\/index.php\/produkt\/zraszacz-wody-pistolet-regulowany\/\" \/>\n<meta property=\"og:locale\" content=\"pl_PL\" \/>\n<meta property=\"og:type\" content=\"article\" \/>\n<meta property=\"og:title\" content=\"ZRASZACZ WODY PISTOLET REGULOWANY - BOBIMARKET.pl - Remontuj i urz\u0105dzaj z nami\" \/>\n<meta property=\"og:description\" content=\"ZRASZACZ WODY PISTOLET REGULOWANY ZESTAW Informacje og\u00f3lne: Rodzaj: pistolet o pryskania Materia\u0142: tworzywo ABS, guma Regulowany Klasyczny regulowany pistolet do pryskania! W tym sezonie zadbaj o sw\u00f3j ogr\u00f3d z praktycznym pistoletem natryskowy z mo\u017cliwo\u015bci\u0105 regulacji. Pistolet wykonano z mocnego tworzywa ABS, co b\u0119dzie owocowa\u0142o d\u0142ugim okresem u\u017cytkowania. Uchwyt pokryty gum\u0105, co zapewnia maksymalny komfort podczas     Czytaj wi\u0119cej &quot;ZRASZACZ WODY PISTOLET REGULOWANY&quot;\" \/>\n<meta property=\"og:url\" content=\"https:\/\/bobimarket.pl\/index.php\/produkt\/zraszacz-wody-pistolet-regulowany\/\" \/>\n<meta property=\"og:site_name\" content=\"BOBIMARKET.pl - Remontuj i urz\u0105dzaj z nami\" \/>\n<meta property=\"article:modified_time\" content=\"2025-02-27T15:16:19+00:00\" \/>\n<meta property=\"og:image\" content=\"https:\/\/upload.cdn.baselinker.com\/products\/14476\/5c2fe4d52d54e890f7e237976425b655.jpg\" \/>\n<meta name=\"twitter:card\" content=\"summary_large_image\" \/>\n<meta name=\"twitter:label1\" content=\"Szacowany czas czytania\" \/>\n\t<meta name=\"twitter:data1\" content=\"1 minuta\" \/>\n<script type=\"application\/ld+json\" class=\"yoast-schema-graph\">{\"@context\":\"https:\/\/schema.org\",\"@graph\":[{\"@type\":\"WebPage\",\"@id\":\"https:\/\/bobimarket.pl\/index.php\/produkt\/zraszacz-wody-pistolet-regulowany\/\",\"url\":\"https:\/\/bobimarket.pl\/index.php\/produkt\/zraszacz-wody-pistolet-regulowany\/\",\"name\":\"ZRASZACZ WODY PISTOLET REGULOWANY - BOBIMARKET.pl - Remontuj i urz\u0105dzaj z nami\",\"isPartOf\":{\"@id\":\"https:\/\/bobimarket.pl\/#website\"},\"datePublished\":\"2023-08-30T03:16:54+00:00\",\"dateModified\":\"2025-02-27T15:16:19+00:00\",\"breadcrumb\":{\"@id\":\"https:\/\/bobimarket.pl\/index.php\/produkt\/zraszacz-wody-pistolet-regulowany\/#breadcrumb\"},\"inLanguage\":\"pl-PL\",\"potentialAction\":[{\"@type\":\"ReadAction\",\"target\":[\"https:\/\/bobimarket.pl\/index.php\/produkt\/zraszacz-wody-pistolet-regulowany\/\"]}]},{\"@type\":\"BreadcrumbList\",\"@id\":\"https:\/\/bobimarket.pl\/index.php\/produkt\/zraszacz-wody-pistolet-regulowany\/#breadcrumb\",\"itemListElement\":[{\"@type\":\"ListItem\",\"position\":1,\"name\":\"Strona g\u0142\u00f3wna\",\"item\":\"https:\/\/bobimarket.pl\/\"},{\"@type\":\"ListItem\",\"position\":2,\"name\":\"Sklep\",\"item\":\"https:\/\/bobimarket.pl\/index.php\/shop\/\"},{\"@type\":\"ListItem\",\"position\":3,\"name\":\"ZRASZACZ WODY PISTOLET REGULOWANY\"}]},{\"@type\":\"WebSite\",\"@id\":\"https:\/\/bobimarket.pl\/#website\",\"url\":\"https:\/\/bobimarket.pl\/\",\"name\":\"BOBIMARKET.pl - Remontuj i urz\u0105dzaj z nami\",\"description\":\"Remontuj i urz\u0105dzaj z nami\",\"publisher\":{\"@id\":\"https:\/\/bobimarket.pl\/#organization\"},\"potentialAction\":[{\"@type\":\"SearchAction\",\"target\":{\"@type\":\"EntryPoint\",\"urlTemplate\":\"https:\/\/bobimarket.pl\/?s={search_term_string}\"},\"query-input\":\"required name=search_term_string\"}],\"inLanguage\":\"pl-PL\"},{\"@type\":\"Organization\",\"@id\":\"https:\/\/bobimarket.pl\/#organization\",\"name\":\"BOBIMARKET.pl\",\"url\":\"https:\/\/bobimarket.pl\/\",\"logo\":{\"@type\":\"ImageObject\",\"inLanguage\":\"pl-PL\",\"@id\":\"https:\/\/bobimarket.pl\/#\/schema\/logo\/image\/\",\"url\":\"https:\/\/bobimarket.pl\/wp-content\/uploads\/2021\/11\/slogan.png\",\"contentUrl\":\"https:\/\/bobimarket.pl\/wp-content\/uploads\/2021\/11\/slogan.png\",\"width\":2000,\"height\":384,\"caption\":\"BOBIMARKET.pl\"},\"image\":{\"@id\":\"https:\/\/bobimarket.pl\/#\/schema\/logo\/image\/\"}}]}<\/script>\n<!-- \/ Yoast SEO plugin. -->","yoast_head_json":{"title":"ZRASZACZ WODY PISTOLET REGULOWANY - BOBIMARKET.pl - Remontuj i urz\u0105dzaj z nami","robots":{"index":"index","follow":"follow","max-snippet":"max-snippet:-1","max-image-preview":"max-image-preview:large","max-video-preview":"max-video-preview:-1"},"canonical":"https:\/\/bobimarket.pl\/index.php\/produkt\/zraszacz-wody-pistolet-regulowany\/","og_locale":"pl_PL","og_type":"article","og_title":"ZRASZACZ WODY PISTOLET REGULOWANY - BOBIMARKET.pl - Remontuj i urz\u0105dzaj z nami","og_description":"ZRASZACZ WODY PISTOLET REGULOWANY ZESTAW Informacje og\u00f3lne: Rodzaj: pistolet o pryskania Materia\u0142: tworzywo ABS, guma Regulowany Klasyczny regulowany pistolet do pryskania! W tym sezonie zadbaj o sw\u00f3j ogr\u00f3d z praktycznym pistoletem natryskowy z mo\u017cliwo\u015bci\u0105 regulacji. Pistolet wykonano z mocnego tworzywa ABS, co b\u0119dzie owocowa\u0142o d\u0142ugim okresem u\u017cytkowania. Uchwyt pokryty gum\u0105, co zapewnia maksymalny komfort podczas     Czytaj wi\u0119cej \"ZRASZACZ WODY PISTOLET REGULOWANY\"","og_url":"https:\/\/bobimarket.pl\/index.php\/produkt\/zraszacz-wody-pistolet-regulowany\/","og_site_name":"BOBIMARKET.pl - Remontuj i urz\u0105dzaj z nami","article_modified_time":"2025-02-27T15:16:19+00:00","og_image":[{"url":"https:\/\/upload.cdn.baselinker.com\/products\/14476\/5c2fe4d52d54e890f7e237976425b655.jpg"}],"twitter_card":"summary_large_image","twitter_misc":{"Szacowany czas czytania":"1 minuta"},"schema":{"@context":"https:\/\/schema.org","@graph":[{"@type":"WebPage","@id":"https:\/\/bobimarket.pl\/index.php\/produkt\/zraszacz-wody-pistolet-regulowany\/","url":"https:\/\/bobimarket.pl\/index.php\/produkt\/zraszacz-wody-pistolet-regulowany\/","name":"ZRASZACZ WODY PISTOLET REGULOWANY - BOBIMARKET.pl - Remontuj i urz\u0105dzaj z nami","isPartOf":{"@id":"https:\/\/bobimarket.pl\/#website"},"datePublished":"2023-08-30T03:16:54+00:00","dateModified":"2025-02-27T15:16:19+00:00","breadcrumb":{"@id":"https:\/\/bobimarket.pl\/index.php\/produkt\/zraszacz-wody-pistolet-regulowany\/#breadcrumb"},"inLanguage":"pl-PL","potentialAction":[{"@type":"ReadAction","target":["https:\/\/bobimarket.pl\/index.php\/produkt\/zraszacz-wody-pistolet-regulowany\/"]}]},{"@type":"BreadcrumbList","@id":"https:\/\/bobimarket.pl\/index.php\/produkt\/zraszacz-wody-pistolet-regulowany\/#breadcrumb","itemListElement":[{"@type":"ListItem","position":1,"name":"Strona g\u0142\u00f3wna","item":"https:\/\/bobimarket.pl\/"},{"@type":"ListItem","position":2,"name":"Sklep","item":"https:\/\/bobimarket.pl\/index.php\/shop\/"},{"@type":"ListItem","position":3,"name":"ZRASZACZ WODY PISTOLET REGULOWANY"}]},{"@type":"WebSite","@id":"https:\/\/bobimarket.pl\/#website","url":"https:\/\/bobimarket.pl\/","name":"BOBIMARKET.pl - Remontuj i urz\u0105dzaj z nami","description":"Remontuj i urz\u0105dzaj z nami","publisher":{"@id":"https:\/\/bobimarket.pl\/#organization"},"potentialAction":[{"@type":"SearchAction","target":{"@type":"EntryPoint","urlTemplate":"https:\/\/bobimarket.pl\/?s={search_term_string}"},"query-input":"required name=search_term_string"}],"inLanguage":"pl-PL"},{"@type":"Organization","@id":"https:\/\/bobimarket.pl\/#organization","name":"BOBIMARKET.pl","url":"https:\/\/bobimarket.pl\/","logo":{"@type":"ImageObject","inLanguage":"pl-PL","@id":"https:\/\/bobimarket.pl\/#\/schema\/logo\/image\/","url":"https:\/\/bobimarket.pl\/wp-content\/uploads\/2021\/11\/slogan.png","contentUrl":"https:\/\/bobimarket.pl\/wp-content\/uploads\/2021\/11\/slogan.png","width":2000,"height":384,"caption":"BOBIMARKET.pl"},"image":{"@id":"https:\/\/bobimarket.pl\/#\/schema\/logo\/image\/"}}]}},"_links":{"self":[{"href":"https:\/\/bobimarket.pl\/index.php\/wp-json\/wp\/v2\/product\/89419"}],"collection":[{"href":"https:\/\/bobimarket.pl\/index.php\/wp-json\/wp\/v2\/product"}],"about":[{"href":"https:\/\/bobimarket.pl\/index.php\/wp-json\/wp\/v2\/types\/product"}],"wp:featuredmedia":[{"embeddable":true,"href":"https:\/\/bobimarket.pl\/index.php\/wp-json\/wp\/v2\/media\/89417"}],"wp:attachment":[{"href":"https:\/\/bobimarket.pl\/index.php\/wp-json\/wp\/v2\/media?parent=89419"}],"wp:term":[{"taxonomy":"product_cat","embeddable":true,"href":"https:\/\/bobimarket.pl\/index.php\/wp-json\/wp\/v2\/product_cat?post=89419"},{"taxonomy":"product_tag","embeddable":true,"href":"https:\/\/bobimarket.pl\/index.php\/wp-json\/wp\/v2\/product_tag?post=89419"}],"curies":[{"name":"wp","href":"https:\/\/api.w.org\/{rel}","templated":true}]}}