{"id":89425,"date":"2023-08-30T03:17:15","date_gmt":"2023-08-30T03:17:15","guid":{"rendered":"https:\/\/bobimarket.pl\/index.php\/produkt\/kamienie-szlifierskie-do-wiertarki-wiertla-5-szt\/"},"modified":"2025-02-27T15:16:27","modified_gmt":"2025-02-27T15:16:27","slug":"kamienie-szlifierskie-do-wiertarki-wiertla-5-szt","status":"publish","type":"product","link":"https:\/\/bobimarket.pl\/index.php\/produkt\/kamienie-szlifierskie-do-wiertarki-wiertla-5-szt\/","title":{"rendered":"KAMIENIE SZLIFIERSKIE DO WIERTARKI WIERT\u0141A 5 szt."},"content":{"rendered":"<section class=\"section\">\n<div class=\"item item-6\">\n<section class=\"image-item\">\n            <img decoding=\"async\" src=\"https:\/\/upload.cdn.baselinker.com\/products\/14476\/599456416cc8c0f1b71a35487f54c9fe.jpg\" \/><br \/>\n        <\/section>\n<\/p><\/div>\n<div class=\"item item-6\">\n<section class=\"text-item\">\n<h2>KAMIENIE SZLIFIERSKIE DO WIERTARKI WIERT\u0141A 5 szt.<\/h2>\n<p><b>Informacje og\u00f3lne:\u00a0<\/b><\/p>\n<ul>\n<li>Materia\u0142:<b> stal <\/b><\/li>\n<li>\u015arednica trzpienia:<b> 6 mm<\/b><\/li>\n<li>Zamocowane <b>na trzpieniu<\/b><\/li>\n<li>Zastosowanie:<b> do wiertarek <\/b><\/li>\n<\/ul>\n<p>Zestaw zawiera 5 szt. wierte\u0142 o r\u00f3\u017cnych parametrach technicznych.<\/p>\n<\/section><\/div>\n<\/section>\n<section class=\"section\">\n<div class=\"item item-6\">\n<section class=\"image-item\">\n            <img decoding=\"async\" src=\"https:\/\/upload.cdn.baselinker.com\/products\/14476\/599456416cc8c0f1b71a35487f54c9fe.jpg\" \/><br \/>\n        <\/section>\n<\/p><\/div>\n<div class=\"item item-6\">\n<section class=\"text-item\">\n<p><b>Przydatny element wyposa\u017cenia Twojej skrzynki narz\u0119dziowej!<\/b><\/p>\n<p>Solidne <b>kamienie szlifierskie<\/b> wykonane ze stali. Zestaw zawiera 5 wierte\u0142 o r\u00f3\u017cnych parametrach technicznych. Wiert\u0142a mocowane s\u0105 na trzpieniu.<\/p>\n<ul>\n<li>Posiadaj\u0105 <b>specjaln\u0105 pow\u0142ok\u0119 z naniesionym \u015bcierniwem<\/b> ( tlenek glinu, w\u0119glik krzemu ).<\/li>\n<\/ul>\n<\/section><\/div>\n<\/section>\n<section class=\"section\">\n<div class=\"item item-6\">\n<section class=\"image-item\">\n            <img decoding=\"async\" src=\"https:\/\/upload.cdn.baselinker.com\/products\/14476\/599456416cc8c0f1b71a35487f54c9fe.jpg\" \/><br \/>\n        <\/section>\n<\/p><\/div>\n<div class=\"item item-6\">\n<section class=\"text-item\">\n<p><b>\u2705 Zastosowanie: <\/b><\/p>\n<p>Przeznaczone do prac szlifierskich i wyprostowania za pomoc\u0105 wiertarki elektrycznej.<\/p>\n<p><b>\u2705\u00a0 Zestaw zawiera 5 szt. wierte\u0142 o r\u00f3\u017cnych parametrach technicznych. <\/b><\/p>\n<ul>\n<li>Kamie\u0144 kulisty<\/li>\n<li>Kamie\u0144 sto\u017ckowy<\/li>\n<li>Kamie\u0144 sko\u015bny<\/li>\n<li>Kamie\u0144 sto\u017ckowy<\/li>\n<li>Kamie\u0144 cylindryczny<\/li>\n<\/ul>\n<\/section><\/div>\n<\/section>\n","protected":false},"excerpt":{"rendered":"<p>KAMIENIE SZLIFIERSKIE DO WIERTARKI WIERT\u0141A 5 szt. Informacje og\u00f3lne:\u00a0 Materia\u0142: stal \u015arednica trzpienia: 6 mm Zamocowane na trzpieniu Zastosowanie: do wiertarek Zestaw zawiera 5 szt. wierte\u0142 o r\u00f3\u017cnych parametrach technicznych. Przydatny element wyposa\u017cenia Twojej skrzynki narz\u0119dziowej! Solidne kamienie szlifierskie wykonane ze stali. Zestaw zawiera 5 wierte\u0142 o r\u00f3\u017cnych parametrach technicznych. Wiert\u0142a mocowane s\u0105 na trzpieniu.<br \/><a class=\"more-link\" href=\"https:\/\/bobimarket.pl\/index.php\/produkt\/kamienie-szlifierskie-do-wiertarki-wiertla-5-szt\/\"><br \/>\n        Czytaj wi\u0119cej<span class=\"screen-reader-text\"> &#8222;KAMIENIE SZLIFIERSKIE DO WIERTARKI WIERT\u0141A 5 szt.&#8221;<\/span><\/a><\/p>\n","protected":false},"featured_media":89424,"template":"","meta":[],"product_cat":[8108],"product_tag":[],"yoast_head":"<!-- This site is optimized with the Yoast SEO plugin v21.0 - https:\/\/yoast.com\/wordpress\/plugins\/seo\/ -->\n<title>KAMIENIE SZLIFIERSKIE DO WIERTARKI WIERT\u0141A 5 szt. - BOBIMARKET.pl - Remontuj i urz\u0105dzaj z nami<\/title>\n<meta name=\"robots\" content=\"index, follow, max-snippet:-1, max-image-preview:large, max-video-preview:-1\" \/>\n<link rel=\"canonical\" href=\"https:\/\/bobimarket.pl\/index.php\/produkt\/kamienie-szlifierskie-do-wiertarki-wiertla-5-szt\/\" \/>\n<meta property=\"og:locale\" content=\"pl_PL\" \/>\n<meta property=\"og:type\" content=\"article\" \/>\n<meta property=\"og:title\" content=\"KAMIENIE SZLIFIERSKIE DO WIERTARKI WIERT\u0141A 5 szt. - BOBIMARKET.pl - Remontuj i urz\u0105dzaj z nami\" \/>\n<meta property=\"og:description\" content=\"KAMIENIE SZLIFIERSKIE DO WIERTARKI WIERT\u0141A 5 szt. Informacje og\u00f3lne:\u00a0 Materia\u0142: stal \u015arednica trzpienia: 6 mm Zamocowane na trzpieniu Zastosowanie: do wiertarek Zestaw zawiera 5 szt. wierte\u0142 o r\u00f3\u017cnych parametrach technicznych. Przydatny element wyposa\u017cenia Twojej skrzynki narz\u0119dziowej! Solidne kamienie szlifierskie wykonane ze stali. Zestaw zawiera 5 wierte\u0142 o r\u00f3\u017cnych parametrach technicznych. Wiert\u0142a mocowane s\u0105 na trzpieniu.     Czytaj wi\u0119cej &quot;KAMIENIE SZLIFIERSKIE DO WIERTARKI WIERT\u0141A 5 szt.&quot;\" \/>\n<meta property=\"og:url\" content=\"https:\/\/bobimarket.pl\/index.php\/produkt\/kamienie-szlifierskie-do-wiertarki-wiertla-5-szt\/\" \/>\n<meta property=\"og:site_name\" content=\"BOBIMARKET.pl - Remontuj i urz\u0105dzaj z nami\" \/>\n<meta property=\"article:modified_time\" content=\"2025-02-27T15:16:27+00:00\" \/>\n<meta property=\"og:image\" content=\"https:\/\/upload.cdn.baselinker.com\/products\/14476\/599456416cc8c0f1b71a35487f54c9fe.jpg\" \/>\n<meta name=\"twitter:card\" content=\"summary_large_image\" \/>\n<script type=\"application\/ld+json\" class=\"yoast-schema-graph\">{\"@context\":\"https:\/\/schema.org\",\"@graph\":[{\"@type\":\"WebPage\",\"@id\":\"https:\/\/bobimarket.pl\/index.php\/produkt\/kamienie-szlifierskie-do-wiertarki-wiertla-5-szt\/\",\"url\":\"https:\/\/bobimarket.pl\/index.php\/produkt\/kamienie-szlifierskie-do-wiertarki-wiertla-5-szt\/\",\"name\":\"KAMIENIE SZLIFIERSKIE DO WIERTARKI WIERT\u0141A 5 szt. - BOBIMARKET.pl - Remontuj i urz\u0105dzaj z nami\",\"isPartOf\":{\"@id\":\"https:\/\/bobimarket.pl\/#website\"},\"datePublished\":\"2023-08-30T03:17:15+00:00\",\"dateModified\":\"2025-02-27T15:16:27+00:00\",\"breadcrumb\":{\"@id\":\"https:\/\/bobimarket.pl\/index.php\/produkt\/kamienie-szlifierskie-do-wiertarki-wiertla-5-szt\/#breadcrumb\"},\"inLanguage\":\"pl-PL\",\"potentialAction\":[{\"@type\":\"ReadAction\",\"target\":[\"https:\/\/bobimarket.pl\/index.php\/produkt\/kamienie-szlifierskie-do-wiertarki-wiertla-5-szt\/\"]}]},{\"@type\":\"BreadcrumbList\",\"@id\":\"https:\/\/bobimarket.pl\/index.php\/produkt\/kamienie-szlifierskie-do-wiertarki-wiertla-5-szt\/#breadcrumb\",\"itemListElement\":[{\"@type\":\"ListItem\",\"position\":1,\"name\":\"Strona g\u0142\u00f3wna\",\"item\":\"https:\/\/bobimarket.pl\/\"},{\"@type\":\"ListItem\",\"position\":2,\"name\":\"Sklep\",\"item\":\"https:\/\/bobimarket.pl\/index.php\/shop\/\"},{\"@type\":\"ListItem\",\"position\":3,\"name\":\"KAMIENIE SZLIFIERSKIE DO WIERTARKI WIERT\u0141A 5 szt.\"}]},{\"@type\":\"WebSite\",\"@id\":\"https:\/\/bobimarket.pl\/#website\",\"url\":\"https:\/\/bobimarket.pl\/\",\"name\":\"BOBIMARKET.pl - Remontuj i urz\u0105dzaj z nami\",\"description\":\"Remontuj i urz\u0105dzaj z nami\",\"publisher\":{\"@id\":\"https:\/\/bobimarket.pl\/#organization\"},\"potentialAction\":[{\"@type\":\"SearchAction\",\"target\":{\"@type\":\"EntryPoint\",\"urlTemplate\":\"https:\/\/bobimarket.pl\/?s={search_term_string}\"},\"query-input\":\"required name=search_term_string\"}],\"inLanguage\":\"pl-PL\"},{\"@type\":\"Organization\",\"@id\":\"https:\/\/bobimarket.pl\/#organization\",\"name\":\"BOBIMARKET.pl\",\"url\":\"https:\/\/bobimarket.pl\/\",\"logo\":{\"@type\":\"ImageObject\",\"inLanguage\":\"pl-PL\",\"@id\":\"https:\/\/bobimarket.pl\/#\/schema\/logo\/image\/\",\"url\":\"https:\/\/bobimarket.pl\/wp-content\/uploads\/2021\/11\/slogan.png\",\"contentUrl\":\"https:\/\/bobimarket.pl\/wp-content\/uploads\/2021\/11\/slogan.png\",\"width\":2000,\"height\":384,\"caption\":\"BOBIMARKET.pl\"},\"image\":{\"@id\":\"https:\/\/bobimarket.pl\/#\/schema\/logo\/image\/\"}}]}<\/script>\n<!-- \/ Yoast SEO plugin. -->","yoast_head_json":{"title":"KAMIENIE SZLIFIERSKIE DO WIERTARKI WIERT\u0141A 5 szt. - BOBIMARKET.pl - Remontuj i urz\u0105dzaj z nami","robots":{"index":"index","follow":"follow","max-snippet":"max-snippet:-1","max-image-preview":"max-image-preview:large","max-video-preview":"max-video-preview:-1"},"canonical":"https:\/\/bobimarket.pl\/index.php\/produkt\/kamienie-szlifierskie-do-wiertarki-wiertla-5-szt\/","og_locale":"pl_PL","og_type":"article","og_title":"KAMIENIE SZLIFIERSKIE DO WIERTARKI WIERT\u0141A 5 szt. - BOBIMARKET.pl - Remontuj i urz\u0105dzaj z nami","og_description":"KAMIENIE SZLIFIERSKIE DO WIERTARKI WIERT\u0141A 5 szt. Informacje og\u00f3lne:\u00a0 Materia\u0142: stal \u015arednica trzpienia: 6 mm Zamocowane na trzpieniu Zastosowanie: do wiertarek Zestaw zawiera 5 szt. wierte\u0142 o r\u00f3\u017cnych parametrach technicznych. Przydatny element wyposa\u017cenia Twojej skrzynki narz\u0119dziowej! Solidne kamienie szlifierskie wykonane ze stali. Zestaw zawiera 5 wierte\u0142 o r\u00f3\u017cnych parametrach technicznych. Wiert\u0142a mocowane s\u0105 na trzpieniu.     Czytaj wi\u0119cej \"KAMIENIE SZLIFIERSKIE DO WIERTARKI WIERT\u0141A 5 szt.\"","og_url":"https:\/\/bobimarket.pl\/index.php\/produkt\/kamienie-szlifierskie-do-wiertarki-wiertla-5-szt\/","og_site_name":"BOBIMARKET.pl - Remontuj i urz\u0105dzaj z nami","article_modified_time":"2025-02-27T15:16:27+00:00","og_image":[{"url":"https:\/\/upload.cdn.baselinker.com\/products\/14476\/599456416cc8c0f1b71a35487f54c9fe.jpg"}],"twitter_card":"summary_large_image","schema":{"@context":"https:\/\/schema.org","@graph":[{"@type":"WebPage","@id":"https:\/\/bobimarket.pl\/index.php\/produkt\/kamienie-szlifierskie-do-wiertarki-wiertla-5-szt\/","url":"https:\/\/bobimarket.pl\/index.php\/produkt\/kamienie-szlifierskie-do-wiertarki-wiertla-5-szt\/","name":"KAMIENIE SZLIFIERSKIE DO WIERTARKI WIERT\u0141A 5 szt. - BOBIMARKET.pl - Remontuj i urz\u0105dzaj z nami","isPartOf":{"@id":"https:\/\/bobimarket.pl\/#website"},"datePublished":"2023-08-30T03:17:15+00:00","dateModified":"2025-02-27T15:16:27+00:00","breadcrumb":{"@id":"https:\/\/bobimarket.pl\/index.php\/produkt\/kamienie-szlifierskie-do-wiertarki-wiertla-5-szt\/#breadcrumb"},"inLanguage":"pl-PL","potentialAction":[{"@type":"ReadAction","target":["https:\/\/bobimarket.pl\/index.php\/produkt\/kamienie-szlifierskie-do-wiertarki-wiertla-5-szt\/"]}]},{"@type":"BreadcrumbList","@id":"https:\/\/bobimarket.pl\/index.php\/produkt\/kamienie-szlifierskie-do-wiertarki-wiertla-5-szt\/#breadcrumb","itemListElement":[{"@type":"ListItem","position":1,"name":"Strona g\u0142\u00f3wna","item":"https:\/\/bobimarket.pl\/"},{"@type":"ListItem","position":2,"name":"Sklep","item":"https:\/\/bobimarket.pl\/index.php\/shop\/"},{"@type":"ListItem","position":3,"name":"KAMIENIE SZLIFIERSKIE DO WIERTARKI WIERT\u0141A 5 szt."}]},{"@type":"WebSite","@id":"https:\/\/bobimarket.pl\/#website","url":"https:\/\/bobimarket.pl\/","name":"BOBIMARKET.pl - Remontuj i urz\u0105dzaj z nami","description":"Remontuj i urz\u0105dzaj z nami","publisher":{"@id":"https:\/\/bobimarket.pl\/#organization"},"potentialAction":[{"@type":"SearchAction","target":{"@type":"EntryPoint","urlTemplate":"https:\/\/bobimarket.pl\/?s={search_term_string}"},"query-input":"required name=search_term_string"}],"inLanguage":"pl-PL"},{"@type":"Organization","@id":"https:\/\/bobimarket.pl\/#organization","name":"BOBIMARKET.pl","url":"https:\/\/bobimarket.pl\/","logo":{"@type":"ImageObject","inLanguage":"pl-PL","@id":"https:\/\/bobimarket.pl\/#\/schema\/logo\/image\/","url":"https:\/\/bobimarket.pl\/wp-content\/uploads\/2021\/11\/slogan.png","contentUrl":"https:\/\/bobimarket.pl\/wp-content\/uploads\/2021\/11\/slogan.png","width":2000,"height":384,"caption":"BOBIMARKET.pl"},"image":{"@id":"https:\/\/bobimarket.pl\/#\/schema\/logo\/image\/"}}]}},"_links":{"self":[{"href":"https:\/\/bobimarket.pl\/index.php\/wp-json\/wp\/v2\/product\/89425"}],"collection":[{"href":"https:\/\/bobimarket.pl\/index.php\/wp-json\/wp\/v2\/product"}],"about":[{"href":"https:\/\/bobimarket.pl\/index.php\/wp-json\/wp\/v2\/types\/product"}],"wp:featuredmedia":[{"embeddable":true,"href":"https:\/\/bobimarket.pl\/index.php\/wp-json\/wp\/v2\/media\/89424"}],"wp:attachment":[{"href":"https:\/\/bobimarket.pl\/index.php\/wp-json\/wp\/v2\/media?parent=89425"}],"wp:term":[{"taxonomy":"product_cat","embeddable":true,"href":"https:\/\/bobimarket.pl\/index.php\/wp-json\/wp\/v2\/product_cat?post=89425"},{"taxonomy":"product_tag","embeddable":true,"href":"https:\/\/bobimarket.pl\/index.php\/wp-json\/wp\/v2\/product_tag?post=89425"}],"curies":[{"name":"wp","href":"https:\/\/api.w.org\/{rel}","templated":true}]}}