{"id":89448,"date":"2023-08-30T03:18:48","date_gmt":"2023-08-30T03:18:48","guid":{"rendered":"https:\/\/bobimarket.pl\/index.php\/produkt\/aksamitka-pelna-niska-petite-zolta-kwiat-nasiona\/"},"modified":"2025-02-27T15:16:35","modified_gmt":"2025-02-27T15:16:35","slug":"aksamitka-pelna-niska-petite-zolta-kwiat-nasiona","status":"publish","type":"product","link":"https:\/\/bobimarket.pl\/index.php\/produkt\/aksamitka-pelna-niska-petite-zolta-kwiat-nasiona\/","title":{"rendered":"AKSAMITKA PE\u0141NA NISKA PETITE \u017b\u00d3\u0141TA KWIAT NASIONA"},"content":{"rendered":"<section class=\"section\">\n<div class=\"item item-12\">\n<section class=\"text-item\">\n<h2>AKSAMITKA PE\u0141NA NISKA PETITE \u017b\u00d3\u0141TA KWIAT NASIONA<\/h2>\n<p><b>\u2705 Informacje og\u00f3lne:<\/b><\/p>\n<ul>\n<li>Stanowisko: s\u0142oneczne i p\u00f3\u0142cie\u0144<\/li>\n<li>Liczba nasion: 300-700 szt. w gramie<\/li>\n<li>Wysoko\u015b\u0107: 20-25cm<\/li>\n<\/ul>\n<p><b>\u2705 Terminy wysiewu\/zbioru:<\/b><\/p>\n<ul>\n<li>Wysiew: IV pod os\u0142onami V wprost do gruntu<\/li>\n<li>Sadzenie: V<\/li>\n<li>Rozstawa: 15x30cm<\/li>\n<li>Kwitnienie: VI-X<\/li>\n<\/ul>\n<p><b>\u2705 <\/b>Opakowanie:<b> 1g<\/b><\/p>\n<h1>NASIONA OD POLSKIEGO PRODUCENTA!<\/h1>\n<\/section><\/div>\n<\/section>\n<section class=\"section\">\n<div class=\"item item-12\">\n<section class=\"image-item\">\n            <img decoding=\"async\" src=\"https:\/\/upload.cdn.baselinker.com\/products\/14476\/d283f55f38f7605c2390f804e0fa9ad0.png\" \/><br \/>\n        <\/section>\n<\/p><\/div>\n<\/section>\n<section class=\"section\">\n<div class=\"item item-12\">\n<section class=\"text-item\">\n<h1>AKSAMITKA PE\u0141NA NISKA PETITE &#8211; nasiona<\/h1>\n<p>Aksamitka &#8222;PETITE&#8221; to ro\u015blina<b> jednoroczna kar\u0142owa<\/b>. Charakteryzuje si\u0119 pe\u0142nymi <b>jednobarwnymi kwiatami<\/b> o \u015brednicy 4-5 cm. Odmiana wczesna, kt\u00f3ra obficie i r\u00f3wnomiernie kwitnie.<\/p>\n<ul>\n<li>Kwitnie od czerwca do pa\u017adziernika.<\/li>\n<li>Doskona\u0142a na rabaty, obw\u00f3dki, kwietniki i balkony.<\/li>\n<li>Nadaje si\u0119 do ka\u017cdej gleby ogrodowej.<\/li>\n<\/ul>\n<p>\u2705 Barwa kwiatu: <b>z\u0142ocisto\u017c\u00f3\u0142ta<\/b><\/p>\n<\/section><\/div>\n<\/section>\n<section class=\"section\">\n<div class=\"item item-12\">\n<section class=\"image-item\">\n            <img decoding=\"async\" src=\"https:\/\/upload.cdn.baselinker.com\/products\/14476\/cec6a6bd07fa34ab39111b597a025211.jpg\" \/><br \/>\n        <\/section>\n<\/p><\/div>\n<\/section>\n<section class=\"section\">\n<div class=\"item item-12\">\n<section class=\"text-item\">\n<h2>\u2705 Kupuj\u0105c u nas zyskujesz wi\u0119cej nasion!<\/h2>\n<p>Zwr\u00f3ci\u0107 uwag\u0119 na mas\u0119 nasion w torebce! Cz\u0119sto ta\u0144sze oferty zawieraj\u0105 jedynie kilka nasion, dlatego bardziej op\u0142acalny jest zakup wi\u0119kszej masy nasion w opakowaniu, kt\u00f3re w przeliczeniu ceny i wagi mog\u0105 okaza\u0107 si\u0119 tak naprawd\u0119 ta\u0144sze!<\/p>\n<ul>\n<li>Kupuj\u0105c wi\u0119ksze opakowanie z<b> jednej paczuszki mo\u017cesz uzyska\u0107 wi\u0119ksz\u0105 liczb\u0119 rozsad<\/b>, przy mniejszym nak\u0142adzie finansowym!<\/li>\n<\/ul>\n<\/section><\/div>\n<\/section>\n<section class=\"section\">\n<div class=\"item item-12\">\n<section class=\"text-item\">\n<h1>WI\u0118KSZE OPAKOWANIE = WI\u0118CEJ NASION = LEPSZA CENA<\/h1>\n<\/p>\n<\/section><\/div>\n<\/section>\n<section class=\"section\">\n<div class=\"item item-12\">\n<section class=\"image-item\">\n            <img decoding=\"async\" src=\"https:\/\/upload.cdn.baselinker.com\/products\/14476\/f922ace1e747ae05a870f71d72203ae8.jpg\" \/><br \/>\n        <\/section>\n<\/p><\/div>\n<\/section>\n<section class=\"section\">\n<div class=\"item item-12\">\n<section class=\"text-item\">\n<h1>Kup sprawdzone nasiona!<\/h1>\n<ul>\n<li>Nasiona renomowanego<b> POLSKIEGO PRODUCENTA<\/b>!<\/li>\n<li>Sklep wpisany do rejestru i podlegaj\u0105cy pod Wojew\u00f3dzki Inspektorat Ochrony Ro\u015blin i Nasiennictwa.<\/li>\n<li>Ka\u017cda torebka nasion posiada <b>PASZPORT RO\u015aLINY, <\/b>kt\u00f3ry jest gwarancj\u0105, \u017ce nasiona zosta\u0142y skontrolowane\u00a0 i s\u0105 wolne od organizm\u00f3w szkodliwych.<\/li>\n<li>Nasiona, z kt\u00f3rych wyrosn\u0105 Twoje ro\u015bliny powsta\u0142y w tradycyjnej hodowli <b>bez udzia\u0142u genetycznej modyfikacji (BEZ GMO!!! ).<\/b><\/li>\n<\/ul>\n<\/section><\/div>\n<\/section>\n<section class=\"section\">\n<div class=\"item item-12\">\n<section class=\"image-item\">\n            <img decoding=\"async\" src=\"https:\/\/upload.cdn.baselinker.com\/products\/14476\/698a300a3c2c864c5b6c97c3c7bcf93b.png\" \/><br \/>\n        <\/section>\n<\/p><\/div>\n<\/section>\n<section class=\"section\">\n<div class=\"item item-12\">\n<section class=\"text-item\">\n<h1>Ju\u017c nied\u0142ugo puste grz\u0105dki zape\u0142ni\u0105 si\u0119 kolorowymi kwiatami!<\/h1>\n<p>\u2705 <b>Wyhoduj w\u0142asne ro\u015bliny<\/b>, kt\u00f3re upi\u0119ksz\u0105 Tw\u00f3j ogr\u00f3d, taras lub balkon. Spraw, \u017ce z ka\u017cdego nasionka wyro\u015bnie pi\u0119kny kwiat, kt\u00f3ry stanie si\u0119 idealnym dope\u0142nieniem ogrodowych kompozycji.<\/p>\n<p>\u2705 Pi\u0119kne drobne kwiaty upi\u0119ksz\u0105 Tw\u00f3j ogr\u00f3d przez ca\u0142y sezon, a Ty sp\u0119dzisz mi\u0142o czas na \u015bwie\u017cym powietrzu opiekuj\u0105c si\u0119 swoimi ro\u015blinami.<\/p>\n<\/section><\/div>\n<\/section>\n<section class=\"section\">\n<div class=\"item item-12\">\n<section class=\"image-item\">\n            <img decoding=\"async\" src=\"https:\/\/upload.cdn.baselinker.com\/products\/14476\/76d3cd1d16b13f76541cbb12f7b8b724.jpg\" \/><br \/>\n        <\/section>\n<\/p><\/div>\n<\/section>\n","protected":false},"excerpt":{"rendered":"<p>AKSAMITKA PE\u0141NA NISKA PETITE \u017b\u00d3\u0141TA KWIAT NASIONA \u2705 Informacje og\u00f3lne: Stanowisko: s\u0142oneczne i p\u00f3\u0142cie\u0144 Liczba nasion: 300-700 szt. w gramie Wysoko\u015b\u0107: 20-25cm \u2705 Terminy wysiewu\/zbioru: Wysiew: IV pod os\u0142onami V wprost do gruntu Sadzenie: V Rozstawa: 15x30cm Kwitnienie: VI-X \u2705 Opakowanie: 1g NASIONA OD POLSKIEGO PRODUCENTA! AKSAMITKA PE\u0141NA NISKA PETITE &#8211; nasiona Aksamitka &#8222;PETITE&#8221; to<br \/><a class=\"more-link\" href=\"https:\/\/bobimarket.pl\/index.php\/produkt\/aksamitka-pelna-niska-petite-zolta-kwiat-nasiona\/\"><br \/>\n        Czytaj wi\u0119cej<span class=\"screen-reader-text\"> &#8222;AKSAMITKA PE\u0141NA NISKA PETITE \u017b\u00d3\u0141TA KWIAT NASIONA&#8221;<\/span><\/a><\/p>\n","protected":false},"featured_media":89438,"template":"","meta":[],"product_cat":[8357],"product_tag":[],"yoast_head":"<!-- This site is optimized with the Yoast SEO plugin v21.0 - https:\/\/yoast.com\/wordpress\/plugins\/seo\/ -->\n<title>AKSAMITKA PE\u0141NA NISKA PETITE \u017b\u00d3\u0141TA KWIAT NASIONA - BOBIMARKET.pl - Remontuj i urz\u0105dzaj z nami<\/title>\n<meta name=\"robots\" content=\"index, follow, max-snippet:-1, max-image-preview:large, max-video-preview:-1\" \/>\n<link rel=\"canonical\" href=\"https:\/\/bobimarket.pl\/index.php\/produkt\/aksamitka-pelna-niska-petite-zolta-kwiat-nasiona\/\" \/>\n<meta property=\"og:locale\" content=\"pl_PL\" \/>\n<meta property=\"og:type\" content=\"article\" \/>\n<meta property=\"og:title\" content=\"AKSAMITKA PE\u0141NA NISKA PETITE \u017b\u00d3\u0141TA KWIAT NASIONA - BOBIMARKET.pl - Remontuj i urz\u0105dzaj z nami\" \/>\n<meta property=\"og:description\" content=\"AKSAMITKA PE\u0141NA NISKA PETITE \u017b\u00d3\u0141TA KWIAT NASIONA \u2705 Informacje og\u00f3lne: Stanowisko: s\u0142oneczne i p\u00f3\u0142cie\u0144 Liczba nasion: 300-700 szt. w gramie Wysoko\u015b\u0107: 20-25cm \u2705 Terminy wysiewu\/zbioru: Wysiew: IV pod os\u0142onami V wprost do gruntu Sadzenie: V Rozstawa: 15x30cm Kwitnienie: VI-X \u2705 Opakowanie: 1g NASIONA OD POLSKIEGO PRODUCENTA! AKSAMITKA PE\u0141NA NISKA PETITE &#8211; nasiona Aksamitka &#8222;PETITE&#8221; to     Czytaj wi\u0119cej &quot;AKSAMITKA PE\u0141NA NISKA PETITE \u017b\u00d3\u0141TA KWIAT NASIONA&quot;\" \/>\n<meta property=\"og:url\" content=\"https:\/\/bobimarket.pl\/index.php\/produkt\/aksamitka-pelna-niska-petite-zolta-kwiat-nasiona\/\" \/>\n<meta property=\"og:site_name\" content=\"BOBIMARKET.pl - Remontuj i urz\u0105dzaj z nami\" \/>\n<meta property=\"article:modified_time\" content=\"2025-02-27T15:16:35+00:00\" \/>\n<meta property=\"og:image\" content=\"https:\/\/upload.cdn.baselinker.com\/products\/14476\/d283f55f38f7605c2390f804e0fa9ad0.png\" \/>\n<meta name=\"twitter:card\" content=\"summary_large_image\" \/>\n<meta name=\"twitter:label1\" content=\"Szacowany czas czytania\" \/>\n\t<meta name=\"twitter:data1\" content=\"2 minuty\" \/>\n<script type=\"application\/ld+json\" class=\"yoast-schema-graph\">{\"@context\":\"https:\/\/schema.org\",\"@graph\":[{\"@type\":\"WebPage\",\"@id\":\"https:\/\/bobimarket.pl\/index.php\/produkt\/aksamitka-pelna-niska-petite-zolta-kwiat-nasiona\/\",\"url\":\"https:\/\/bobimarket.pl\/index.php\/produkt\/aksamitka-pelna-niska-petite-zolta-kwiat-nasiona\/\",\"name\":\"AKSAMITKA PE\u0141NA NISKA PETITE \u017b\u00d3\u0141TA KWIAT NASIONA - BOBIMARKET.pl - Remontuj i urz\u0105dzaj z nami\",\"isPartOf\":{\"@id\":\"https:\/\/bobimarket.pl\/#website\"},\"datePublished\":\"2023-08-30T03:18:48+00:00\",\"dateModified\":\"2025-02-27T15:16:35+00:00\",\"breadcrumb\":{\"@id\":\"https:\/\/bobimarket.pl\/index.php\/produkt\/aksamitka-pelna-niska-petite-zolta-kwiat-nasiona\/#breadcrumb\"},\"inLanguage\":\"pl-PL\",\"potentialAction\":[{\"@type\":\"ReadAction\",\"target\":[\"https:\/\/bobimarket.pl\/index.php\/produkt\/aksamitka-pelna-niska-petite-zolta-kwiat-nasiona\/\"]}]},{\"@type\":\"BreadcrumbList\",\"@id\":\"https:\/\/bobimarket.pl\/index.php\/produkt\/aksamitka-pelna-niska-petite-zolta-kwiat-nasiona\/#breadcrumb\",\"itemListElement\":[{\"@type\":\"ListItem\",\"position\":1,\"name\":\"Strona g\u0142\u00f3wna\",\"item\":\"https:\/\/bobimarket.pl\/\"},{\"@type\":\"ListItem\",\"position\":2,\"name\":\"Sklep\",\"item\":\"https:\/\/bobimarket.pl\/index.php\/shop\/\"},{\"@type\":\"ListItem\",\"position\":3,\"name\":\"AKSAMITKA PE\u0141NA NISKA PETITE \u017b\u00d3\u0141TA KWIAT NASIONA\"}]},{\"@type\":\"WebSite\",\"@id\":\"https:\/\/bobimarket.pl\/#website\",\"url\":\"https:\/\/bobimarket.pl\/\",\"name\":\"BOBIMARKET.pl - Remontuj i urz\u0105dzaj z nami\",\"description\":\"Remontuj i urz\u0105dzaj z nami\",\"publisher\":{\"@id\":\"https:\/\/bobimarket.pl\/#organization\"},\"potentialAction\":[{\"@type\":\"SearchAction\",\"target\":{\"@type\":\"EntryPoint\",\"urlTemplate\":\"https:\/\/bobimarket.pl\/?s={search_term_string}\"},\"query-input\":\"required name=search_term_string\"}],\"inLanguage\":\"pl-PL\"},{\"@type\":\"Organization\",\"@id\":\"https:\/\/bobimarket.pl\/#organization\",\"name\":\"BOBIMARKET.pl\",\"url\":\"https:\/\/bobimarket.pl\/\",\"logo\":{\"@type\":\"ImageObject\",\"inLanguage\":\"pl-PL\",\"@id\":\"https:\/\/bobimarket.pl\/#\/schema\/logo\/image\/\",\"url\":\"https:\/\/bobimarket.pl\/wp-content\/uploads\/2021\/11\/slogan.png\",\"contentUrl\":\"https:\/\/bobimarket.pl\/wp-content\/uploads\/2021\/11\/slogan.png\",\"width\":2000,\"height\":384,\"caption\":\"BOBIMARKET.pl\"},\"image\":{\"@id\":\"https:\/\/bobimarket.pl\/#\/schema\/logo\/image\/\"}}]}<\/script>\n<!-- \/ Yoast SEO plugin. -->","yoast_head_json":{"title":"AKSAMITKA PE\u0141NA NISKA PETITE \u017b\u00d3\u0141TA KWIAT NASIONA - BOBIMARKET.pl - Remontuj i urz\u0105dzaj z nami","robots":{"index":"index","follow":"follow","max-snippet":"max-snippet:-1","max-image-preview":"max-image-preview:large","max-video-preview":"max-video-preview:-1"},"canonical":"https:\/\/bobimarket.pl\/index.php\/produkt\/aksamitka-pelna-niska-petite-zolta-kwiat-nasiona\/","og_locale":"pl_PL","og_type":"article","og_title":"AKSAMITKA PE\u0141NA NISKA PETITE \u017b\u00d3\u0141TA KWIAT NASIONA - BOBIMARKET.pl - Remontuj i urz\u0105dzaj z nami","og_description":"AKSAMITKA PE\u0141NA NISKA PETITE \u017b\u00d3\u0141TA KWIAT NASIONA \u2705 Informacje og\u00f3lne: Stanowisko: s\u0142oneczne i p\u00f3\u0142cie\u0144 Liczba nasion: 300-700 szt. w gramie Wysoko\u015b\u0107: 20-25cm \u2705 Terminy wysiewu\/zbioru: Wysiew: IV pod os\u0142onami V wprost do gruntu Sadzenie: V Rozstawa: 15x30cm Kwitnienie: VI-X \u2705 Opakowanie: 1g NASIONA OD POLSKIEGO PRODUCENTA! AKSAMITKA PE\u0141NA NISKA PETITE &#8211; nasiona Aksamitka &#8222;PETITE&#8221; to     Czytaj wi\u0119cej \"AKSAMITKA PE\u0141NA NISKA PETITE \u017b\u00d3\u0141TA KWIAT NASIONA\"","og_url":"https:\/\/bobimarket.pl\/index.php\/produkt\/aksamitka-pelna-niska-petite-zolta-kwiat-nasiona\/","og_site_name":"BOBIMARKET.pl - Remontuj i urz\u0105dzaj z nami","article_modified_time":"2025-02-27T15:16:35+00:00","og_image":[{"url":"https:\/\/upload.cdn.baselinker.com\/products\/14476\/d283f55f38f7605c2390f804e0fa9ad0.png"}],"twitter_card":"summary_large_image","twitter_misc":{"Szacowany czas czytania":"2 minuty"},"schema":{"@context":"https:\/\/schema.org","@graph":[{"@type":"WebPage","@id":"https:\/\/bobimarket.pl\/index.php\/produkt\/aksamitka-pelna-niska-petite-zolta-kwiat-nasiona\/","url":"https:\/\/bobimarket.pl\/index.php\/produkt\/aksamitka-pelna-niska-petite-zolta-kwiat-nasiona\/","name":"AKSAMITKA PE\u0141NA NISKA PETITE \u017b\u00d3\u0141TA KWIAT NASIONA - BOBIMARKET.pl - Remontuj i urz\u0105dzaj z nami","isPartOf":{"@id":"https:\/\/bobimarket.pl\/#website"},"datePublished":"2023-08-30T03:18:48+00:00","dateModified":"2025-02-27T15:16:35+00:00","breadcrumb":{"@id":"https:\/\/bobimarket.pl\/index.php\/produkt\/aksamitka-pelna-niska-petite-zolta-kwiat-nasiona\/#breadcrumb"},"inLanguage":"pl-PL","potentialAction":[{"@type":"ReadAction","target":["https:\/\/bobimarket.pl\/index.php\/produkt\/aksamitka-pelna-niska-petite-zolta-kwiat-nasiona\/"]}]},{"@type":"BreadcrumbList","@id":"https:\/\/bobimarket.pl\/index.php\/produkt\/aksamitka-pelna-niska-petite-zolta-kwiat-nasiona\/#breadcrumb","itemListElement":[{"@type":"ListItem","position":1,"name":"Strona g\u0142\u00f3wna","item":"https:\/\/bobimarket.pl\/"},{"@type":"ListItem","position":2,"name":"Sklep","item":"https:\/\/bobimarket.pl\/index.php\/shop\/"},{"@type":"ListItem","position":3,"name":"AKSAMITKA PE\u0141NA NISKA PETITE \u017b\u00d3\u0141TA KWIAT NASIONA"}]},{"@type":"WebSite","@id":"https:\/\/bobimarket.pl\/#website","url":"https:\/\/bobimarket.pl\/","name":"BOBIMARKET.pl - Remontuj i urz\u0105dzaj z nami","description":"Remontuj i urz\u0105dzaj z nami","publisher":{"@id":"https:\/\/bobimarket.pl\/#organization"},"potentialAction":[{"@type":"SearchAction","target":{"@type":"EntryPoint","urlTemplate":"https:\/\/bobimarket.pl\/?s={search_term_string}"},"query-input":"required name=search_term_string"}],"inLanguage":"pl-PL"},{"@type":"Organization","@id":"https:\/\/bobimarket.pl\/#organization","name":"BOBIMARKET.pl","url":"https:\/\/bobimarket.pl\/","logo":{"@type":"ImageObject","inLanguage":"pl-PL","@id":"https:\/\/bobimarket.pl\/#\/schema\/logo\/image\/","url":"https:\/\/bobimarket.pl\/wp-content\/uploads\/2021\/11\/slogan.png","contentUrl":"https:\/\/bobimarket.pl\/wp-content\/uploads\/2021\/11\/slogan.png","width":2000,"height":384,"caption":"BOBIMARKET.pl"},"image":{"@id":"https:\/\/bobimarket.pl\/#\/schema\/logo\/image\/"}}]}},"_links":{"self":[{"href":"https:\/\/bobimarket.pl\/index.php\/wp-json\/wp\/v2\/product\/89448"}],"collection":[{"href":"https:\/\/bobimarket.pl\/index.php\/wp-json\/wp\/v2\/product"}],"about":[{"href":"https:\/\/bobimarket.pl\/index.php\/wp-json\/wp\/v2\/types\/product"}],"wp:featuredmedia":[{"embeddable":true,"href":"https:\/\/bobimarket.pl\/index.php\/wp-json\/wp\/v2\/media\/89438"}],"wp:attachment":[{"href":"https:\/\/bobimarket.pl\/index.php\/wp-json\/wp\/v2\/media?parent=89448"}],"wp:term":[{"taxonomy":"product_cat","embeddable":true,"href":"https:\/\/bobimarket.pl\/index.php\/wp-json\/wp\/v2\/product_cat?post=89448"},{"taxonomy":"product_tag","embeddable":true,"href":"https:\/\/bobimarket.pl\/index.php\/wp-json\/wp\/v2\/product_tag?post=89448"}],"curies":[{"name":"wp","href":"https:\/\/api.w.org\/{rel}","templated":true}]}}