{"id":89511,"date":"2023-08-30T03:22:28","date_gmt":"2023-08-30T03:22:28","guid":{"rendered":"https:\/\/bobimarket.pl\/index.php\/produkt\/aster-karlowy-rozowy-na-rabaty-kwiat-nasiona\/"},"modified":"2025-02-27T15:16:57","modified_gmt":"2025-02-27T15:16:57","slug":"aster-karlowy-rozowy-na-rabaty-kwiat-nasiona","status":"publish","type":"product","link":"https:\/\/bobimarket.pl\/index.php\/produkt\/aster-karlowy-rozowy-na-rabaty-kwiat-nasiona\/","title":{"rendered":"ASTER KAR\u0141OWY R\u00d3\u017bOWY NA RABATY KWIAT NASIONA"},"content":{"rendered":"<section class=\"section\">\n<div class=\"item item-12\">\n<section class=\"text-item\">\n<h2>ASTER KAR\u0141OWY R\u00d3\u017bOWY NA RABATY KWIAT NASIONA<\/h2>\n<p><b>\u2705 Informacje og\u00f3lne:<\/b><\/p>\n<ul>\n<li>Wysoko\u015b\u0107: 25cm<\/li>\n<li>Kwitnienie: VII-XI<\/li>\n<li>Stanowisko: s\u0142oneczne<\/li>\n<li>Liczba nasion: 400-500 szt. w gramie<\/li>\n<\/ul>\n<p><b>\u2705 Terminy wysiewu\/zbioru:<\/b><\/p>\n<ul>\n<li>Wysiew: III-IV pod os\u0142onami lub IV-V wprost do gruntu<\/li>\n<li>Sadzenie: V<\/li>\n<li>Rozstawa: 20x30cm<\/li>\n<\/ul>\n<p><b>\u2705 <\/b>Opakowanie:<b> 0,8 g<\/b><\/p>\n<h1>NASIONA OD POLSKIEGO PRODUCENTA!<\/h1>\n<\/section><\/div>\n<\/section>\n<section class=\"section\">\n<div class=\"item item-12\">\n<section class=\"image-item\">\n            <img decoding=\"async\" src=\"https:\/\/upload.cdn.baselinker.com\/products\/14476\/aa1e711034531de6242da49224b46917.png\" \/><br \/>\n        <\/section>\n<\/p><\/div>\n<\/section>\n<section class=\"section\">\n<div class=\"item item-12\">\n<section class=\"text-item\">\n<h1>ASTER KAR\u0141OWY MIESZANY<\/h1>\n<p>Aster kar\u0142owy to ro\u015blina jednoroczna obficie kwitn\u0105ca. Kwiaty du\u017ce, kolorowe. Lubi gleby \u017cyzne, \u015bredniowilgotne.<\/p>\n<ul>\n<li>Kwitnie od lipiec do pa\u017adziernik.<\/li>\n<li>Polecany na rabaty, obw\u00f3dki, do skrzynek i pojemnik\u00f3w.<\/li>\n<\/ul>\n<p>\u2705 Barwa kwiatu: <b>r\u00f3\u017cowy<\/b><\/p>\n<\/section><\/div>\n<\/section>\n<section class=\"section\">\n<div class=\"item item-12\">\n<section class=\"image-item\">\n            <img decoding=\"async\" src=\"https:\/\/upload.cdn.baselinker.com\/products\/14476\/37653e8bcb04de0b3ad4359801fc8a8d.jpg\" \/><br \/>\n        <\/section>\n<\/p><\/div>\n<\/section>\n<section class=\"section\">\n<div class=\"item item-12\">\n<section class=\"text-item\">\n<h1>Kup sprawdzone nasiona!<\/h1>\n<ul>\n<li>Nasiona renomowanego<b> POLSKIEGO PRODUCENTA<\/b>!<\/li>\n<li>Ka\u017cda torebka nasion poddana restrykcyjnym kontrolom, posiada numer partii produktu oraz dat\u0119 wa\u017cno\u015bci. Gwarancja <b>jako\u015b\u0107 i oryginalno\u015b\u0107 nasion.<\/b><\/li>\n<li>Sklep wpisany do rejestru i podlegaj\u0105cy pod Wojew\u00f3dzki Inspektorat Ochrony Ro\u015blin i Nasiennictwa.<\/li>\n<\/ul>\n<\/section><\/div>\n<\/section>\n<section class=\"section\">\n<div class=\"item item-12\">\n<section class=\"text-item\">\n<h1>WI\u0118KSZE OPAKOWANIE = WI\u0118CEJ NASION = LEPSZA CENA<\/h1>\n<\/section><\/div>\n<\/section>\n<section class=\"section\">\n<div class=\"item item-12\">\n<section class=\"image-item\">\n            <img decoding=\"async\" src=\"https:\/\/upload.cdn.baselinker.com\/products\/14476\/d3af95a833bf43eafb64777331936d81.jpg\" \/><br \/>\n        <\/section>\n<\/p><\/div>\n<\/section>\n<section class=\"section\">\n<div class=\"item item-12\">\n<section class=\"text-item\">\n<h1>Kup sprawdzone nasiona!<\/h1>\n<ul>\n<li>Nasiona renomowanego<b> POLSKIEGO PRODUCENTA<\/b>!<\/li>\n<li>Sklep wpisany do rejestru i podlegaj\u0105cy pod Wojew\u00f3dzki Inspektorat Ochrony Ro\u015blin i Nasiennictwa.<\/li>\n<li>Ka\u017cda torebka nasion posiada <b>PASZPORT RO\u015aLINY, <\/b>kt\u00f3ry jest gwarancj\u0105, \u017ce nasiona zosta\u0142y skontrolowane\u00a0 i s\u0105 wolne od organizm\u00f3w szkodliwych.<\/li>\n<li>Nasiona, z kt\u00f3rych wyrosn\u0105 Twoje ro\u015bliny powsta\u0142y w tradycyjnej hodowli <b>bez udzia\u0142u genetycznej modyfikacji (BEZ GMO!!! ).<\/b><\/li>\n<\/ul>\n<\/section><\/div>\n<\/section>\n<section class=\"section\">\n<div class=\"item item-12\">\n<section class=\"image-item\">\n            <img decoding=\"async\" src=\"https:\/\/upload.cdn.baselinker.com\/products\/14476\/204b2d12f2fa2557f2443c672598796a.png\" \/><br \/>\n        <\/section>\n<\/p><\/div>\n<\/section>\n<section class=\"section\">\n<div class=\"item item-12\">\n<section class=\"text-item\">\n<h1>Ju\u017c nied\u0142ugo puste grz\u0105dki zape\u0142ni\u0105 si\u0119 kolorowymi kwiatami!<\/h1>\n<p>\u2705 <b>Wyhoduj w\u0142asne ro\u015bliny<\/b>, kt\u00f3re upi\u0119ksz\u0105 Tw\u00f3j ogr\u00f3d, taras lub balkon. Spraw, \u017ce z ka\u017cdego nasionka wyro\u015bnie pi\u0119kny kwiat, kt\u00f3ry stanie si\u0119 idealnym dope\u0142nieniem ogrodowych kompozycji.<\/p>\n<p>\u2705 Pi\u0119kne drobne kwiaty upi\u0119ksz\u0105 Tw\u00f3j ogr\u00f3d przez ca\u0142y sezon, a Ty sp\u0119dzisz mi\u0142o czas na \u015bwie\u017cym powietrzu opiekuj\u0105c si\u0119 swoimi ro\u015blinami.<\/p>\n<\/section><\/div>\n<\/section>\n<section class=\"section\">\n<div class=\"item item-12\">\n<section class=\"image-item\">\n            <img decoding=\"async\" src=\"https:\/\/upload.cdn.baselinker.com\/products\/14476\/f1133045169dff52d02741578fd3829d.jpg\" \/><br \/>\n        <\/section>\n<\/p><\/div>\n<\/section>\n","protected":false},"excerpt":{"rendered":"<p>ASTER KAR\u0141OWY R\u00d3\u017bOWY NA RABATY KWIAT NASIONA \u2705 Informacje og\u00f3lne: Wysoko\u015b\u0107: 25cm Kwitnienie: VII-XI Stanowisko: s\u0142oneczne Liczba nasion: 400-500 szt. w gramie \u2705 Terminy wysiewu\/zbioru: Wysiew: III-IV pod os\u0142onami lub IV-V wprost do gruntu Sadzenie: V Rozstawa: 20x30cm \u2705 Opakowanie: 0,8 g NASIONA OD POLSKIEGO PRODUCENTA! ASTER KAR\u0141OWY MIESZANY Aster kar\u0142owy to ro\u015blina jednoroczna obficie<br \/><a class=\"more-link\" href=\"https:\/\/bobimarket.pl\/index.php\/produkt\/aster-karlowy-rozowy-na-rabaty-kwiat-nasiona\/\"><br \/>\n        Czytaj wi\u0119cej<span class=\"screen-reader-text\"> &#8222;ASTER KAR\u0141OWY R\u00d3\u017bOWY NA RABATY KWIAT NASIONA&#8221;<\/span><\/a><\/p>\n","protected":false},"featured_media":89504,"template":"","meta":[],"product_cat":[8357],"product_tag":[],"yoast_head":"<!-- This site is optimized with the Yoast SEO plugin v21.0 - https:\/\/yoast.com\/wordpress\/plugins\/seo\/ -->\n<title>ASTER KAR\u0141OWY R\u00d3\u017bOWY NA RABATY KWIAT NASIONA - BOBIMARKET.pl - Remontuj i urz\u0105dzaj z nami<\/title>\n<meta name=\"robots\" content=\"index, follow, max-snippet:-1, max-image-preview:large, max-video-preview:-1\" \/>\n<link rel=\"canonical\" href=\"https:\/\/bobimarket.pl\/index.php\/produkt\/aster-karlowy-rozowy-na-rabaty-kwiat-nasiona\/\" \/>\n<meta property=\"og:locale\" content=\"pl_PL\" \/>\n<meta property=\"og:type\" content=\"article\" \/>\n<meta property=\"og:title\" content=\"ASTER KAR\u0141OWY R\u00d3\u017bOWY NA RABATY KWIAT NASIONA - BOBIMARKET.pl - Remontuj i urz\u0105dzaj z nami\" \/>\n<meta property=\"og:description\" content=\"ASTER KAR\u0141OWY R\u00d3\u017bOWY NA RABATY KWIAT NASIONA \u2705 Informacje og\u00f3lne: Wysoko\u015b\u0107: 25cm Kwitnienie: VII-XI Stanowisko: s\u0142oneczne Liczba nasion: 400-500 szt. w gramie \u2705 Terminy wysiewu\/zbioru: Wysiew: III-IV pod os\u0142onami lub IV-V wprost do gruntu Sadzenie: V Rozstawa: 20x30cm \u2705 Opakowanie: 0,8 g NASIONA OD POLSKIEGO PRODUCENTA! ASTER KAR\u0141OWY MIESZANY Aster kar\u0142owy to ro\u015blina jednoroczna obficie     Czytaj wi\u0119cej &quot;ASTER KAR\u0141OWY R\u00d3\u017bOWY NA RABATY KWIAT NASIONA&quot;\" \/>\n<meta property=\"og:url\" content=\"https:\/\/bobimarket.pl\/index.php\/produkt\/aster-karlowy-rozowy-na-rabaty-kwiat-nasiona\/\" \/>\n<meta property=\"og:site_name\" content=\"BOBIMARKET.pl - Remontuj i urz\u0105dzaj z nami\" \/>\n<meta property=\"article:modified_time\" content=\"2025-02-27T15:16:57+00:00\" \/>\n<meta property=\"og:image\" content=\"https:\/\/upload.cdn.baselinker.com\/products\/14476\/aa1e711034531de6242da49224b46917.png\" \/>\n<meta name=\"twitter:card\" content=\"summary_large_image\" \/>\n<meta name=\"twitter:label1\" content=\"Szacowany czas czytania\" \/>\n\t<meta name=\"twitter:data1\" content=\"1 minuta\" \/>\n<script type=\"application\/ld+json\" class=\"yoast-schema-graph\">{\"@context\":\"https:\/\/schema.org\",\"@graph\":[{\"@type\":\"WebPage\",\"@id\":\"https:\/\/bobimarket.pl\/index.php\/produkt\/aster-karlowy-rozowy-na-rabaty-kwiat-nasiona\/\",\"url\":\"https:\/\/bobimarket.pl\/index.php\/produkt\/aster-karlowy-rozowy-na-rabaty-kwiat-nasiona\/\",\"name\":\"ASTER KAR\u0141OWY R\u00d3\u017bOWY NA RABATY KWIAT NASIONA - BOBIMARKET.pl - Remontuj i urz\u0105dzaj z nami\",\"isPartOf\":{\"@id\":\"https:\/\/bobimarket.pl\/#website\"},\"datePublished\":\"2023-08-30T03:22:28+00:00\",\"dateModified\":\"2025-02-27T15:16:57+00:00\",\"breadcrumb\":{\"@id\":\"https:\/\/bobimarket.pl\/index.php\/produkt\/aster-karlowy-rozowy-na-rabaty-kwiat-nasiona\/#breadcrumb\"},\"inLanguage\":\"pl-PL\",\"potentialAction\":[{\"@type\":\"ReadAction\",\"target\":[\"https:\/\/bobimarket.pl\/index.php\/produkt\/aster-karlowy-rozowy-na-rabaty-kwiat-nasiona\/\"]}]},{\"@type\":\"BreadcrumbList\",\"@id\":\"https:\/\/bobimarket.pl\/index.php\/produkt\/aster-karlowy-rozowy-na-rabaty-kwiat-nasiona\/#breadcrumb\",\"itemListElement\":[{\"@type\":\"ListItem\",\"position\":1,\"name\":\"Strona g\u0142\u00f3wna\",\"item\":\"https:\/\/bobimarket.pl\/\"},{\"@type\":\"ListItem\",\"position\":2,\"name\":\"Sklep\",\"item\":\"https:\/\/bobimarket.pl\/index.php\/shop\/\"},{\"@type\":\"ListItem\",\"position\":3,\"name\":\"ASTER KAR\u0141OWY R\u00d3\u017bOWY NA RABATY KWIAT NASIONA\"}]},{\"@type\":\"WebSite\",\"@id\":\"https:\/\/bobimarket.pl\/#website\",\"url\":\"https:\/\/bobimarket.pl\/\",\"name\":\"BOBIMARKET.pl - Remontuj i urz\u0105dzaj z nami\",\"description\":\"Remontuj i urz\u0105dzaj z nami\",\"publisher\":{\"@id\":\"https:\/\/bobimarket.pl\/#organization\"},\"potentialAction\":[{\"@type\":\"SearchAction\",\"target\":{\"@type\":\"EntryPoint\",\"urlTemplate\":\"https:\/\/bobimarket.pl\/?s={search_term_string}\"},\"query-input\":\"required name=search_term_string\"}],\"inLanguage\":\"pl-PL\"},{\"@type\":\"Organization\",\"@id\":\"https:\/\/bobimarket.pl\/#organization\",\"name\":\"BOBIMARKET.pl\",\"url\":\"https:\/\/bobimarket.pl\/\",\"logo\":{\"@type\":\"ImageObject\",\"inLanguage\":\"pl-PL\",\"@id\":\"https:\/\/bobimarket.pl\/#\/schema\/logo\/image\/\",\"url\":\"https:\/\/bobimarket.pl\/wp-content\/uploads\/2021\/11\/slogan.png\",\"contentUrl\":\"https:\/\/bobimarket.pl\/wp-content\/uploads\/2021\/11\/slogan.png\",\"width\":2000,\"height\":384,\"caption\":\"BOBIMARKET.pl\"},\"image\":{\"@id\":\"https:\/\/bobimarket.pl\/#\/schema\/logo\/image\/\"}}]}<\/script>\n<!-- \/ Yoast SEO plugin. -->","yoast_head_json":{"title":"ASTER KAR\u0141OWY R\u00d3\u017bOWY NA RABATY KWIAT NASIONA - BOBIMARKET.pl - Remontuj i urz\u0105dzaj z nami","robots":{"index":"index","follow":"follow","max-snippet":"max-snippet:-1","max-image-preview":"max-image-preview:large","max-video-preview":"max-video-preview:-1"},"canonical":"https:\/\/bobimarket.pl\/index.php\/produkt\/aster-karlowy-rozowy-na-rabaty-kwiat-nasiona\/","og_locale":"pl_PL","og_type":"article","og_title":"ASTER KAR\u0141OWY R\u00d3\u017bOWY NA RABATY KWIAT NASIONA - BOBIMARKET.pl - Remontuj i urz\u0105dzaj z nami","og_description":"ASTER KAR\u0141OWY R\u00d3\u017bOWY NA RABATY KWIAT NASIONA \u2705 Informacje og\u00f3lne: Wysoko\u015b\u0107: 25cm Kwitnienie: VII-XI Stanowisko: s\u0142oneczne Liczba nasion: 400-500 szt. w gramie \u2705 Terminy wysiewu\/zbioru: Wysiew: III-IV pod os\u0142onami lub IV-V wprost do gruntu Sadzenie: V Rozstawa: 20x30cm \u2705 Opakowanie: 0,8 g NASIONA OD POLSKIEGO PRODUCENTA! ASTER KAR\u0141OWY MIESZANY Aster kar\u0142owy to ro\u015blina jednoroczna obficie     Czytaj wi\u0119cej \"ASTER KAR\u0141OWY R\u00d3\u017bOWY NA RABATY KWIAT NASIONA\"","og_url":"https:\/\/bobimarket.pl\/index.php\/produkt\/aster-karlowy-rozowy-na-rabaty-kwiat-nasiona\/","og_site_name":"BOBIMARKET.pl - Remontuj i urz\u0105dzaj z nami","article_modified_time":"2025-02-27T15:16:57+00:00","og_image":[{"url":"https:\/\/upload.cdn.baselinker.com\/products\/14476\/aa1e711034531de6242da49224b46917.png"}],"twitter_card":"summary_large_image","twitter_misc":{"Szacowany czas czytania":"1 minuta"},"schema":{"@context":"https:\/\/schema.org","@graph":[{"@type":"WebPage","@id":"https:\/\/bobimarket.pl\/index.php\/produkt\/aster-karlowy-rozowy-na-rabaty-kwiat-nasiona\/","url":"https:\/\/bobimarket.pl\/index.php\/produkt\/aster-karlowy-rozowy-na-rabaty-kwiat-nasiona\/","name":"ASTER KAR\u0141OWY R\u00d3\u017bOWY NA RABATY KWIAT NASIONA - BOBIMARKET.pl - Remontuj i urz\u0105dzaj z nami","isPartOf":{"@id":"https:\/\/bobimarket.pl\/#website"},"datePublished":"2023-08-30T03:22:28+00:00","dateModified":"2025-02-27T15:16:57+00:00","breadcrumb":{"@id":"https:\/\/bobimarket.pl\/index.php\/produkt\/aster-karlowy-rozowy-na-rabaty-kwiat-nasiona\/#breadcrumb"},"inLanguage":"pl-PL","potentialAction":[{"@type":"ReadAction","target":["https:\/\/bobimarket.pl\/index.php\/produkt\/aster-karlowy-rozowy-na-rabaty-kwiat-nasiona\/"]}]},{"@type":"BreadcrumbList","@id":"https:\/\/bobimarket.pl\/index.php\/produkt\/aster-karlowy-rozowy-na-rabaty-kwiat-nasiona\/#breadcrumb","itemListElement":[{"@type":"ListItem","position":1,"name":"Strona g\u0142\u00f3wna","item":"https:\/\/bobimarket.pl\/"},{"@type":"ListItem","position":2,"name":"Sklep","item":"https:\/\/bobimarket.pl\/index.php\/shop\/"},{"@type":"ListItem","position":3,"name":"ASTER KAR\u0141OWY R\u00d3\u017bOWY NA RABATY KWIAT NASIONA"}]},{"@type":"WebSite","@id":"https:\/\/bobimarket.pl\/#website","url":"https:\/\/bobimarket.pl\/","name":"BOBIMARKET.pl - Remontuj i urz\u0105dzaj z nami","description":"Remontuj i urz\u0105dzaj z nami","publisher":{"@id":"https:\/\/bobimarket.pl\/#organization"},"potentialAction":[{"@type":"SearchAction","target":{"@type":"EntryPoint","urlTemplate":"https:\/\/bobimarket.pl\/?s={search_term_string}"},"query-input":"required name=search_term_string"}],"inLanguage":"pl-PL"},{"@type":"Organization","@id":"https:\/\/bobimarket.pl\/#organization","name":"BOBIMARKET.pl","url":"https:\/\/bobimarket.pl\/","logo":{"@type":"ImageObject","inLanguage":"pl-PL","@id":"https:\/\/bobimarket.pl\/#\/schema\/logo\/image\/","url":"https:\/\/bobimarket.pl\/wp-content\/uploads\/2021\/11\/slogan.png","contentUrl":"https:\/\/bobimarket.pl\/wp-content\/uploads\/2021\/11\/slogan.png","width":2000,"height":384,"caption":"BOBIMARKET.pl"},"image":{"@id":"https:\/\/bobimarket.pl\/#\/schema\/logo\/image\/"}}]}},"_links":{"self":[{"href":"https:\/\/bobimarket.pl\/index.php\/wp-json\/wp\/v2\/product\/89511"}],"collection":[{"href":"https:\/\/bobimarket.pl\/index.php\/wp-json\/wp\/v2\/product"}],"about":[{"href":"https:\/\/bobimarket.pl\/index.php\/wp-json\/wp\/v2\/types\/product"}],"wp:featuredmedia":[{"embeddable":true,"href":"https:\/\/bobimarket.pl\/index.php\/wp-json\/wp\/v2\/media\/89504"}],"wp:attachment":[{"href":"https:\/\/bobimarket.pl\/index.php\/wp-json\/wp\/v2\/media?parent=89511"}],"wp:term":[{"taxonomy":"product_cat","embeddable":true,"href":"https:\/\/bobimarket.pl\/index.php\/wp-json\/wp\/v2\/product_cat?post=89511"},{"taxonomy":"product_tag","embeddable":true,"href":"https:\/\/bobimarket.pl\/index.php\/wp-json\/wp\/v2\/product_tag?post=89511"}],"curies":[{"name":"wp","href":"https:\/\/api.w.org\/{rel}","templated":true}]}}