{"id":89717,"date":"2023-08-30T03:35:18","date_gmt":"2023-08-30T03:35:18","guid":{"rendered":"https:\/\/bobimarket.pl\/index.php\/produkt\/przypoludnik-mieszany-na-rabaty-kwiat-nasiona\/"},"modified":"2025-02-27T15:18:05","modified_gmt":"2025-02-27T15:18:05","slug":"przypoludnik-mieszany-na-rabaty-kwiat-nasiona","status":"publish","type":"product","link":"https:\/\/bobimarket.pl\/index.php\/produkt\/przypoludnik-mieszany-na-rabaty-kwiat-nasiona\/","title":{"rendered":"PRZYPO\u0141UDNIK  MIESZANY NA RABATY KWIAT NASIONA"},"content":{"rendered":"<section class=\"section\">\n<div class=\"item item-12\">\n<section class=\"text-item\">\n<h2>PRZYPO\u0141UDNIK\u00a0 MIESZANY NA RABATY KWIAT NASIONA<\/h2>\n<p><b>\u2705 Informacje og\u00f3lne:<\/b><\/p>\n<ul>\n<li>Wysoko\u015b\u0107: 10-20cm<\/li>\n<li>Kwitnienie: VI-IX<\/li>\n<li>Stanowisko: s\u0142oneczne<\/li>\n<li>Liczba nasion: 3000-4000 szt. w gramie<\/li>\n<\/ul>\n<p><b>\u2705 Terminy wysiewu\/zbioru:<\/b><\/p>\n<ul>\n<li>Wysiew: III-IV pod os\u0142onami<\/li>\n<li>Sadzenie: V<\/li>\n<li>Rozstawa: 15x20cm<\/li>\n<\/ul>\n<p><b>\u2705 <\/b>Opakowanie:<b> 0,5 g<\/b><\/p>\n<h1>NASIONA OD POLSKIEGO PRODUCENTA!<\/h1>\n<\/section><\/div>\n<\/section>\n<section class=\"section\">\n<div class=\"item item-12\">\n<section class=\"image-item\">\n            <img decoding=\"async\" src=\"https:\/\/upload.cdn.baselinker.com\/products\/14476\/63c18bbf3cf3e131d9db51f5ab728e30.png\" \/><br \/>\n        <\/section>\n<\/p><\/div>\n<\/section>\n<section class=\"section\">\n<div class=\"item item-12\">\n<section class=\"text-item\">\n<h2>PRZYPO\u0141UDNIK MIESZANY<\/h2>\n<p>Przypo\u0142udnik to ro\u015blina o p\u0142o\u017c\u0105cych si\u0119 p\u0119dach i drobnych, lancetowatych, mi\u0119sistych li\u015bciach. Kwiaty du\u017ce, stokrotkowate zmykaj\u0105 si\u0119 w dni pochmurne.<\/p>\n<ul>\n<li>Lubi gleby \u017cyzne, przepuszczalne.<\/li>\n<li>Kwitnie obficie od czerwca do wrze\u015bnia.<\/li>\n<li>Idealny na rabaty, obw\u00f3dki i do ogr\u00f3dk\u00f3w skalnych.<\/li>\n<\/ul>\n<p>\u2705 Barwa kwiatu: <b>mieszana<\/b><\/p>\n<\/section><\/div>\n<\/section>\n<section class=\"section\">\n<div class=\"item item-12\">\n<section class=\"image-item\">\n            <img decoding=\"async\" src=\"https:\/\/upload.cdn.baselinker.com\/products\/14476\/5da70cb491359f3cf159c7288188ca88.jpg\" \/><br \/>\n        <\/section>\n<\/p><\/div>\n<\/section>\n<section class=\"section\">\n<div class=\"item item-12\">\n<section class=\"text-item\">\n<h2>\u2705 Kupuj\u0105c u nas zyskujesz wi\u0119cej nasion!<\/h2>\n<p>Zwr\u00f3ci\u0107 uwag\u0119 na mas\u0119 nasion w torebce! Cz\u0119sto ta\u0144sze oferty zawieraj\u0105 jedynie kilka nasion, dlatego bardziej op\u0142acalny jest zakup wi\u0119kszej masy nasion w opakowaniu, kt\u00f3re w przeliczeniu ceny i wagi mog\u0105 okaza\u0107 si\u0119 tak naprawd\u0119 ta\u0144sze!<\/p>\n<ul>\n<li>Kupuj\u0105c wi\u0119ksze opakowanie z<b> jednej paczuszki mo\u017cesz uzyska\u0107 wi\u0119ksz\u0105 liczb\u0119 rozsad<\/b>, przy mniejszym nak\u0142adzie finansowym!<\/li>\n<\/ul>\n<\/section><\/div>\n<\/section>\n<section class=\"section\">\n<div class=\"item item-12\">\n<section class=\"text-item\">\n<h1>WI\u0118KSZE OPAKOWANIE = WI\u0118CEJ NASION = LEPSZA CENA<\/h1>\n<\/section><\/div>\n<\/section>\n<section class=\"section\">\n<div class=\"item item-12\">\n<section class=\"image-item\">\n            <img decoding=\"async\" src=\"https:\/\/upload.cdn.baselinker.com\/products\/14476\/2b1b9ff941ff548632d8410477c51b6b.jpg\" \/><br \/>\n        <\/section>\n<\/p><\/div>\n<\/section>\n<section class=\"section\">\n<div class=\"item item-12\">\n<section class=\"text-item\">\n<h1>Kup sprawdzone nasiona!<\/h1>\n<ul>\n<li>Nasiona renomowanego<b> POLSKIEGO PRODUCENTA<\/b>!<\/li>\n<li>Sklep wpisany do rejestru i podlegaj\u0105cy pod Wojew\u00f3dzki Inspektorat Ochrony Ro\u015blin i Nasiennictwa.<\/li>\n<li>Ka\u017cda torebka nasion posiada <b>PASZPORT RO\u015aLINY, <\/b>kt\u00f3ry jest gwarancj\u0105, \u017ce nasiona zosta\u0142y skontrolowane\u00a0 i s\u0105 wolne od organizm\u00f3w szkodliwych.<\/li>\n<li>Nasiona, z kt\u00f3rych wyrosn\u0105 Twoje ro\u015bliny powsta\u0142y w tradycyjnej hodowli <b>bez udzia\u0142u genetycznej modyfikacji (BEZ GMO!!! ).<\/b><\/li>\n<\/ul>\n<\/section><\/div>\n<\/section>\n<section class=\"section\">\n<div class=\"item item-12\">\n<section class=\"image-item\">\n            <img decoding=\"async\" src=\"https:\/\/upload.cdn.baselinker.com\/products\/14476\/908926b61895a198ad95f2282928e71a.png\" \/><br \/>\n        <\/section>\n<\/p><\/div>\n<\/section>\n<section class=\"section\">\n<div class=\"item item-12\">\n<section class=\"text-item\">\n<h1>Ju\u017c nied\u0142ugo puste grz\u0105dki zape\u0142ni\u0105 si\u0119 kolorowymi kwiatami!<\/h1>\n<p>\u2705 <b>Wyhoduj w\u0142asne ro\u015bliny<\/b>, kt\u00f3re upi\u0119ksz\u0105 Tw\u00f3j ogr\u00f3d, taras lub balkon. Spraw, \u017ce z ka\u017cdego nasionka wyro\u015bnie pi\u0119kny kwiat, kt\u00f3ry stanie si\u0119 idealnym dope\u0142nieniem ogrodowych kompozycji.<\/p>\n<p>\u2705 Pi\u0119kne drobne kwiaty upi\u0119ksz\u0105 Tw\u00f3j ogr\u00f3d przez ca\u0142y sezon, a Ty sp\u0119dzisz mi\u0142o czas na \u015bwie\u017cym powietrzu opiekuj\u0105c si\u0119 swoimi ro\u015blinami.<\/p>\n<\/section><\/div>\n<\/section>\n<section class=\"section\">\n<div class=\"item item-12\">\n<section class=\"image-item\">\n            <img decoding=\"async\" src=\"https:\/\/upload.cdn.baselinker.com\/products\/14476\/60143d6a2f5c0c0001a55e9320d43793.jpg\" \/><br \/>\n        <\/section>\n<\/p><\/div>\n<\/section>\n","protected":false},"excerpt":{"rendered":"<p>PRZYPO\u0141UDNIK\u00a0 MIESZANY NA RABATY KWIAT NASIONA \u2705 Informacje og\u00f3lne: Wysoko\u015b\u0107: 10-20cm Kwitnienie: VI-IX Stanowisko: s\u0142oneczne Liczba nasion: 3000-4000 szt. w gramie \u2705 Terminy wysiewu\/zbioru: Wysiew: III-IV pod os\u0142onami Sadzenie: V Rozstawa: 15x20cm \u2705 Opakowanie: 0,5 g NASIONA OD POLSKIEGO PRODUCENTA! PRZYPO\u0141UDNIK MIESZANY Przypo\u0142udnik to ro\u015blina o p\u0142o\u017c\u0105cych si\u0119 p\u0119dach i drobnych, lancetowatych, mi\u0119sistych li\u015bciach. Kwiaty<br \/><a class=\"more-link\" href=\"https:\/\/bobimarket.pl\/index.php\/produkt\/przypoludnik-mieszany-na-rabaty-kwiat-nasiona\/\"><br \/>\n        Czytaj wi\u0119cej<span class=\"screen-reader-text\"> &#8222;PRZYPO\u0141UDNIK  MIESZANY NA RABATY KWIAT NASIONA&#8221;<\/span><\/a><\/p>\n","protected":false},"featured_media":89709,"template":"","meta":[],"product_cat":[8357],"product_tag":[],"yoast_head":"<!-- This site is optimized with the Yoast SEO plugin v21.0 - https:\/\/yoast.com\/wordpress\/plugins\/seo\/ -->\n<title>PRZYPO\u0141UDNIK MIESZANY NA RABATY KWIAT NASIONA - BOBIMARKET.pl - Remontuj i urz\u0105dzaj z nami<\/title>\n<meta name=\"robots\" content=\"index, follow, max-snippet:-1, max-image-preview:large, max-video-preview:-1\" \/>\n<link rel=\"canonical\" href=\"https:\/\/bobimarket.pl\/index.php\/produkt\/przypoludnik-mieszany-na-rabaty-kwiat-nasiona\/\" \/>\n<meta property=\"og:locale\" content=\"pl_PL\" \/>\n<meta property=\"og:type\" content=\"article\" \/>\n<meta property=\"og:title\" content=\"PRZYPO\u0141UDNIK MIESZANY NA RABATY KWIAT NASIONA - BOBIMARKET.pl - Remontuj i urz\u0105dzaj z nami\" \/>\n<meta property=\"og:description\" content=\"PRZYPO\u0141UDNIK\u00a0 MIESZANY NA RABATY KWIAT NASIONA \u2705 Informacje og\u00f3lne: Wysoko\u015b\u0107: 10-20cm Kwitnienie: VI-IX Stanowisko: s\u0142oneczne Liczba nasion: 3000-4000 szt. w gramie \u2705 Terminy wysiewu\/zbioru: Wysiew: III-IV pod os\u0142onami Sadzenie: V Rozstawa: 15x20cm \u2705 Opakowanie: 0,5 g NASIONA OD POLSKIEGO PRODUCENTA! PRZYPO\u0141UDNIK MIESZANY Przypo\u0142udnik to ro\u015blina o p\u0142o\u017c\u0105cych si\u0119 p\u0119dach i drobnych, lancetowatych, mi\u0119sistych li\u015bciach. Kwiaty     Czytaj wi\u0119cej &quot;PRZYPO\u0141UDNIK MIESZANY NA RABATY KWIAT NASIONA&quot;\" \/>\n<meta property=\"og:url\" content=\"https:\/\/bobimarket.pl\/index.php\/produkt\/przypoludnik-mieszany-na-rabaty-kwiat-nasiona\/\" \/>\n<meta property=\"og:site_name\" content=\"BOBIMARKET.pl - Remontuj i urz\u0105dzaj z nami\" \/>\n<meta property=\"article:modified_time\" content=\"2025-02-27T15:18:05+00:00\" \/>\n<meta property=\"og:image\" content=\"https:\/\/upload.cdn.baselinker.com\/products\/14476\/63c18bbf3cf3e131d9db51f5ab728e30.png\" \/>\n<meta name=\"twitter:card\" content=\"summary_large_image\" \/>\n<meta name=\"twitter:label1\" content=\"Szacowany czas czytania\" \/>\n\t<meta name=\"twitter:data1\" content=\"2 minuty\" \/>\n<script type=\"application\/ld+json\" class=\"yoast-schema-graph\">{\"@context\":\"https:\/\/schema.org\",\"@graph\":[{\"@type\":\"WebPage\",\"@id\":\"https:\/\/bobimarket.pl\/index.php\/produkt\/przypoludnik-mieszany-na-rabaty-kwiat-nasiona\/\",\"url\":\"https:\/\/bobimarket.pl\/index.php\/produkt\/przypoludnik-mieszany-na-rabaty-kwiat-nasiona\/\",\"name\":\"PRZYPO\u0141UDNIK MIESZANY NA RABATY KWIAT NASIONA - BOBIMARKET.pl - Remontuj i urz\u0105dzaj z nami\",\"isPartOf\":{\"@id\":\"https:\/\/bobimarket.pl\/#website\"},\"datePublished\":\"2023-08-30T03:35:18+00:00\",\"dateModified\":\"2025-02-27T15:18:05+00:00\",\"breadcrumb\":{\"@id\":\"https:\/\/bobimarket.pl\/index.php\/produkt\/przypoludnik-mieszany-na-rabaty-kwiat-nasiona\/#breadcrumb\"},\"inLanguage\":\"pl-PL\",\"potentialAction\":[{\"@type\":\"ReadAction\",\"target\":[\"https:\/\/bobimarket.pl\/index.php\/produkt\/przypoludnik-mieszany-na-rabaty-kwiat-nasiona\/\"]}]},{\"@type\":\"BreadcrumbList\",\"@id\":\"https:\/\/bobimarket.pl\/index.php\/produkt\/przypoludnik-mieszany-na-rabaty-kwiat-nasiona\/#breadcrumb\",\"itemListElement\":[{\"@type\":\"ListItem\",\"position\":1,\"name\":\"Strona g\u0142\u00f3wna\",\"item\":\"https:\/\/bobimarket.pl\/\"},{\"@type\":\"ListItem\",\"position\":2,\"name\":\"Sklep\",\"item\":\"https:\/\/bobimarket.pl\/index.php\/shop\/\"},{\"@type\":\"ListItem\",\"position\":3,\"name\":\"PRZYPO\u0141UDNIK MIESZANY NA RABATY KWIAT NASIONA\"}]},{\"@type\":\"WebSite\",\"@id\":\"https:\/\/bobimarket.pl\/#website\",\"url\":\"https:\/\/bobimarket.pl\/\",\"name\":\"BOBIMARKET.pl - Remontuj i urz\u0105dzaj z nami\",\"description\":\"Remontuj i urz\u0105dzaj z nami\",\"publisher\":{\"@id\":\"https:\/\/bobimarket.pl\/#organization\"},\"potentialAction\":[{\"@type\":\"SearchAction\",\"target\":{\"@type\":\"EntryPoint\",\"urlTemplate\":\"https:\/\/bobimarket.pl\/?s={search_term_string}\"},\"query-input\":\"required name=search_term_string\"}],\"inLanguage\":\"pl-PL\"},{\"@type\":\"Organization\",\"@id\":\"https:\/\/bobimarket.pl\/#organization\",\"name\":\"BOBIMARKET.pl\",\"url\":\"https:\/\/bobimarket.pl\/\",\"logo\":{\"@type\":\"ImageObject\",\"inLanguage\":\"pl-PL\",\"@id\":\"https:\/\/bobimarket.pl\/#\/schema\/logo\/image\/\",\"url\":\"https:\/\/bobimarket.pl\/wp-content\/uploads\/2021\/11\/slogan.png\",\"contentUrl\":\"https:\/\/bobimarket.pl\/wp-content\/uploads\/2021\/11\/slogan.png\",\"width\":2000,\"height\":384,\"caption\":\"BOBIMARKET.pl\"},\"image\":{\"@id\":\"https:\/\/bobimarket.pl\/#\/schema\/logo\/image\/\"}}]}<\/script>\n<!-- \/ Yoast SEO plugin. -->","yoast_head_json":{"title":"PRZYPO\u0141UDNIK MIESZANY NA RABATY KWIAT NASIONA - BOBIMARKET.pl - Remontuj i urz\u0105dzaj z nami","robots":{"index":"index","follow":"follow","max-snippet":"max-snippet:-1","max-image-preview":"max-image-preview:large","max-video-preview":"max-video-preview:-1"},"canonical":"https:\/\/bobimarket.pl\/index.php\/produkt\/przypoludnik-mieszany-na-rabaty-kwiat-nasiona\/","og_locale":"pl_PL","og_type":"article","og_title":"PRZYPO\u0141UDNIK MIESZANY NA RABATY KWIAT NASIONA - BOBIMARKET.pl - Remontuj i urz\u0105dzaj z nami","og_description":"PRZYPO\u0141UDNIK\u00a0 MIESZANY NA RABATY KWIAT NASIONA \u2705 Informacje og\u00f3lne: Wysoko\u015b\u0107: 10-20cm Kwitnienie: VI-IX Stanowisko: s\u0142oneczne Liczba nasion: 3000-4000 szt. w gramie \u2705 Terminy wysiewu\/zbioru: Wysiew: III-IV pod os\u0142onami Sadzenie: V Rozstawa: 15x20cm \u2705 Opakowanie: 0,5 g NASIONA OD POLSKIEGO PRODUCENTA! PRZYPO\u0141UDNIK MIESZANY Przypo\u0142udnik to ro\u015blina o p\u0142o\u017c\u0105cych si\u0119 p\u0119dach i drobnych, lancetowatych, mi\u0119sistych li\u015bciach. Kwiaty     Czytaj wi\u0119cej \"PRZYPO\u0141UDNIK MIESZANY NA RABATY KWIAT NASIONA\"","og_url":"https:\/\/bobimarket.pl\/index.php\/produkt\/przypoludnik-mieszany-na-rabaty-kwiat-nasiona\/","og_site_name":"BOBIMARKET.pl - Remontuj i urz\u0105dzaj z nami","article_modified_time":"2025-02-27T15:18:05+00:00","og_image":[{"url":"https:\/\/upload.cdn.baselinker.com\/products\/14476\/63c18bbf3cf3e131d9db51f5ab728e30.png"}],"twitter_card":"summary_large_image","twitter_misc":{"Szacowany czas czytania":"2 minuty"},"schema":{"@context":"https:\/\/schema.org","@graph":[{"@type":"WebPage","@id":"https:\/\/bobimarket.pl\/index.php\/produkt\/przypoludnik-mieszany-na-rabaty-kwiat-nasiona\/","url":"https:\/\/bobimarket.pl\/index.php\/produkt\/przypoludnik-mieszany-na-rabaty-kwiat-nasiona\/","name":"PRZYPO\u0141UDNIK MIESZANY NA RABATY KWIAT NASIONA - BOBIMARKET.pl - Remontuj i urz\u0105dzaj z nami","isPartOf":{"@id":"https:\/\/bobimarket.pl\/#website"},"datePublished":"2023-08-30T03:35:18+00:00","dateModified":"2025-02-27T15:18:05+00:00","breadcrumb":{"@id":"https:\/\/bobimarket.pl\/index.php\/produkt\/przypoludnik-mieszany-na-rabaty-kwiat-nasiona\/#breadcrumb"},"inLanguage":"pl-PL","potentialAction":[{"@type":"ReadAction","target":["https:\/\/bobimarket.pl\/index.php\/produkt\/przypoludnik-mieszany-na-rabaty-kwiat-nasiona\/"]}]},{"@type":"BreadcrumbList","@id":"https:\/\/bobimarket.pl\/index.php\/produkt\/przypoludnik-mieszany-na-rabaty-kwiat-nasiona\/#breadcrumb","itemListElement":[{"@type":"ListItem","position":1,"name":"Strona g\u0142\u00f3wna","item":"https:\/\/bobimarket.pl\/"},{"@type":"ListItem","position":2,"name":"Sklep","item":"https:\/\/bobimarket.pl\/index.php\/shop\/"},{"@type":"ListItem","position":3,"name":"PRZYPO\u0141UDNIK MIESZANY NA RABATY KWIAT NASIONA"}]},{"@type":"WebSite","@id":"https:\/\/bobimarket.pl\/#website","url":"https:\/\/bobimarket.pl\/","name":"BOBIMARKET.pl - Remontuj i urz\u0105dzaj z nami","description":"Remontuj i urz\u0105dzaj z nami","publisher":{"@id":"https:\/\/bobimarket.pl\/#organization"},"potentialAction":[{"@type":"SearchAction","target":{"@type":"EntryPoint","urlTemplate":"https:\/\/bobimarket.pl\/?s={search_term_string}"},"query-input":"required name=search_term_string"}],"inLanguage":"pl-PL"},{"@type":"Organization","@id":"https:\/\/bobimarket.pl\/#organization","name":"BOBIMARKET.pl","url":"https:\/\/bobimarket.pl\/","logo":{"@type":"ImageObject","inLanguage":"pl-PL","@id":"https:\/\/bobimarket.pl\/#\/schema\/logo\/image\/","url":"https:\/\/bobimarket.pl\/wp-content\/uploads\/2021\/11\/slogan.png","contentUrl":"https:\/\/bobimarket.pl\/wp-content\/uploads\/2021\/11\/slogan.png","width":2000,"height":384,"caption":"BOBIMARKET.pl"},"image":{"@id":"https:\/\/bobimarket.pl\/#\/schema\/logo\/image\/"}}]}},"_links":{"self":[{"href":"https:\/\/bobimarket.pl\/index.php\/wp-json\/wp\/v2\/product\/89717"}],"collection":[{"href":"https:\/\/bobimarket.pl\/index.php\/wp-json\/wp\/v2\/product"}],"about":[{"href":"https:\/\/bobimarket.pl\/index.php\/wp-json\/wp\/v2\/types\/product"}],"wp:featuredmedia":[{"embeddable":true,"href":"https:\/\/bobimarket.pl\/index.php\/wp-json\/wp\/v2\/media\/89709"}],"wp:attachment":[{"href":"https:\/\/bobimarket.pl\/index.php\/wp-json\/wp\/v2\/media?parent=89717"}],"wp:term":[{"taxonomy":"product_cat","embeddable":true,"href":"https:\/\/bobimarket.pl\/index.php\/wp-json\/wp\/v2\/product_cat?post=89717"},{"taxonomy":"product_tag","embeddable":true,"href":"https:\/\/bobimarket.pl\/index.php\/wp-json\/wp\/v2\/product_tag?post=89717"}],"curies":[{"name":"wp","href":"https:\/\/api.w.org\/{rel}","templated":true}]}}