{"id":89760,"date":"2023-08-30T03:37:57","date_gmt":"2023-08-30T03:37:57","guid":{"rendered":"https:\/\/bobimarket.pl\/index.php\/produkt\/dmuchana-poduszka-fala-na-plaze-nad-wode-kolory\/"},"modified":"2025-02-27T15:18:29","modified_gmt":"2025-02-27T15:18:29","slug":"dmuchana-poduszka-fala-na-plaze-nad-wode-kolory","status":"publish","type":"product","link":"https:\/\/bobimarket.pl\/index.php\/produkt\/dmuchana-poduszka-fala-na-plaze-nad-wode-kolory\/","title":{"rendered":"DMUCHANA PODUSZKA FALA NA PLA\u017bE NAD WOD\u0118 KOLORY"},"content":{"rendered":"<section class=\"section\">\n<div class=\"item item-12\">\n<section class=\"text-item\">\n<h2>DMUCHANA PODUSZKA FALA NA PLA\u017bE NAD WOD\u0118<\/h2>\n<p><b>Informacje og\u00f3lne:<\/b><\/p>\n<ul>\n<li>Wymiary:<b> 38 cm x 25 cm x 5 cm <\/b><\/li>\n<li>Materia\u0142: <b>winyl<\/b><\/li>\n<li>Wiek:<b> powy\u017cej 3 lat <\/b><\/li>\n<li><b>Kolor: r\u00f3\u017cowy <\/b><\/li>\n<li>Marka: <b>BESTWAY<\/b><\/li>\n<\/ul>\n<p><b>UWAGA! <\/b><\/p>\n<p>Poduszka jest dost\u0119pna w <b>4 wersjach kolorystycznych. <\/b>Koniecznie sprawd\u017a wszystkie dost\u0119pne wzory i wybierz jeden dla siebie!<\/p>\n<\/section><\/div>\n<\/section>\n<section class=\"section\">\n<div class=\"item item-12\">\n<section class=\"image-item\">\n            <img decoding=\"async\" src=\"https:\/\/upload.cdn.baselinker.com\/products\/14476\/aba69bfb99c514202febe8d4ca087b5c.jpg\" \/><br \/>\n        <\/section>\n<\/p><\/div>\n<\/section>\n<section class=\"section\">\n<div class=\"item item-12\">\n<section class=\"text-item\">\n<h1>Wygodny odpoczynek nad wod\u0105 i nie tylko!<\/h1>\n<p><b>Kolorowa dmuchana poduszka\u00a0 <\/b>to wakacyjny gad\u017cet, kt\u00f3ry doskonale sprawdzi si\u0119 podczas upalnych, letnich dni! Idealnie nadaje si\u0119 zar\u00f3wno dla dzieci jak i doros\u0142ych.\u00a0Gwarantuje komfortowy wypoczynek i mile sp\u0119dzony czas! Pozwala jeszcze bardziej nacieszy\u0107 si\u0119 czasem sp\u0119dzonym na \u015bwie\u017cym powietrzu.<\/p>\n<ul>\n<li>Dmuchan\u0105 poduszk\u0119 mo\u017cna ze sob\u0105 zabra\u0107 na <b>wakacyjne wyjazdy<\/b> czy <b>weekendowy wycieczki<\/b>.<\/li>\n<li>Sprawdzi si\u0119 na pla\u017cy lub na basenie.<\/li>\n<li>Mo\u017cesz j\u0105 ze sob\u0105 zabra\u0107 r\u00f3wnie\u017c nad jezioro lub wykorzysta\u0107 w ogrodzie.<\/li>\n<\/ul>\n<\/section><\/div>\n<\/section>\n<section class=\"section\">\n<div class=\"item item-12\">\n<section class=\"image-item\">\n            <img decoding=\"async\" src=\"https:\/\/upload.cdn.baselinker.com\/products\/14476\/417e65142cc6baf84a5c23949aaf98c5.jpg\" \/><br \/>\n        <\/section>\n<\/p><\/div>\n<\/section>\n<section class=\"section\">\n<div class=\"item item-12\">\n<section class=\"text-item\">\n<h2>\u2705\u00a0Komfortowa<\/h2>\n<ul>\n<li>Poduszka zapewnia komfortowy wypoczynek na \u0142onie natury. Odpowiednia wielko\u015b\u0107 sprawia, \u017ce nadaje si\u0119 zar\u00f3wno do dzieci jak i doros\u0142ych.<\/li>\n<li>Idealna nie tylko do le\u017cenia, ale r\u00f3wnie\u017c do siedzenia. Zapewnia izolowa\u0107 przed wilgoci\u0105 i zimnem pod\u0142o\u017ca. Poduszk\u0119 pokocha ka\u017cdy kto ceni sobie wygod\u0119 podczas wypoczynku!<\/li>\n<\/ul>\n<h2>\u2705\u00a0Praktyczna<\/h2>\n<ul>\n<li>Dmuchane poduszka pla\u017cowe jest\u00a0<b>lekka i \u0142atwa w obs\u0142udze<\/b>. Szybko i bez trudu mo\u017cna j\u0105 napompowa\u0107 i wypompowa\u0107 z niej powietrze.<\/li>\n<li><b>Nie zajmuje du\u017co miejsca<\/b>\u00a0i mo\u017cna j\u0105 ze sob\u0105 zabra\u0107 w dowolnie wybran\u0105 lokalizacj\u0119 i cieszy\u0107 si\u0119 urokami lata.<\/li>\n<\/ul>\n<\/section><\/div>\n<\/section>\n<section class=\"section\">\n<div class=\"item item-12\">\n<section class=\"image-item\">\n            <img decoding=\"async\" src=\"https:\/\/upload.cdn.baselinker.com\/products\/14476\/aba69bfb99c514202febe8d4ca087b5c.jpg\" \/><br \/>\n        <\/section>\n<\/p><\/div>\n<\/section>\n<section class=\"section\">\n<div class=\"item item-12\">\n<section class=\"text-item\">\n<h1>Zabierz j\u0105 ze sob\u0105 gdzie tylko chcesz i baw si\u0119 dobrze!<\/h1>\n<ul>\n<li>Poduszka nadaje si\u0119 na pla\u017ce lub nad jezioro. Doskonale sprawdzi si\u0119 r\u00f3wnie\u017c w basenie ogrodowym.<\/li>\n<li>Pozwoli Ci wygodnie odpocz\u0105\u0107 i w pe\u0142ni wykorzysta\u0107 wakacyjn\u0105, s\u0142oneczn\u0105 pogod\u0119.\u00a0<\/li>\n<li>Weso\u0142y, kolorowy wz\u00f3r sprawia, \u017ce mi\u0142o\u015bnicy s\u0142o\u0144ca mog\u0105 sp\u0119dzi\u0107 dzie\u0144 w dobrym stylu.<\/li>\n<\/ul>\n<\/section><\/div>\n<\/section>\n<section class=\"section\">\n<div class=\"item item-12\">\n<section class=\"text-item\">\n<h1>Wakacyjny hit! Je\u017celi szukasz niebanalnego gad\u017cetu &#8211; nie czekaj i ju\u017c dzi\u015b zam\u00f3w kolorow\u0105 dmuchan\u0105 poduszk\u0119!<\/h1>\n<\/section><\/div>\n<\/section>\n","protected":false},"excerpt":{"rendered":"<p>DMUCHANA PODUSZKA FALA NA PLA\u017bE NAD WOD\u0118 Informacje og\u00f3lne: Wymiary: 38 cm x 25 cm x 5 cm Materia\u0142: winyl Wiek: powy\u017cej 3 lat Kolor: r\u00f3\u017cowy Marka: BESTWAY UWAGA! Poduszka jest dost\u0119pna w 4 wersjach kolorystycznych. Koniecznie sprawd\u017a wszystkie dost\u0119pne wzory i wybierz jeden dla siebie! Wygodny odpoczynek nad wod\u0105 i nie tylko! Kolorowa dmuchana<br \/><a class=\"more-link\" href=\"https:\/\/bobimarket.pl\/index.php\/produkt\/dmuchana-poduszka-fala-na-plaze-nad-wode-kolory\/\"><br \/>\n        Czytaj wi\u0119cej<span class=\"screen-reader-text\"> &#8222;DMUCHANA PODUSZKA FALA NA PLA\u017bE NAD WOD\u0118 KOLORY&#8221;<\/span><\/a><\/p>\n","protected":false},"featured_media":89758,"template":"","meta":[],"product_cat":[8106],"product_tag":[],"yoast_head":"<!-- This site is optimized with the Yoast SEO plugin v21.0 - https:\/\/yoast.com\/wordpress\/plugins\/seo\/ -->\n<title>DMUCHANA PODUSZKA FALA NA PLA\u017bE NAD WOD\u0118 KOLORY - BOBIMARKET.pl - Remontuj i urz\u0105dzaj z nami<\/title>\n<meta name=\"robots\" content=\"index, follow, max-snippet:-1, max-image-preview:large, max-video-preview:-1\" \/>\n<link rel=\"canonical\" href=\"https:\/\/bobimarket.pl\/index.php\/produkt\/dmuchana-poduszka-fala-na-plaze-nad-wode-kolory\/\" \/>\n<meta property=\"og:locale\" content=\"pl_PL\" \/>\n<meta property=\"og:type\" content=\"article\" \/>\n<meta property=\"og:title\" content=\"DMUCHANA PODUSZKA FALA NA PLA\u017bE NAD WOD\u0118 KOLORY - BOBIMARKET.pl - Remontuj i urz\u0105dzaj z nami\" \/>\n<meta property=\"og:description\" content=\"DMUCHANA PODUSZKA FALA NA PLA\u017bE NAD WOD\u0118 Informacje og\u00f3lne: Wymiary: 38 cm x 25 cm x 5 cm Materia\u0142: winyl Wiek: powy\u017cej 3 lat Kolor: r\u00f3\u017cowy Marka: BESTWAY UWAGA! Poduszka jest dost\u0119pna w 4 wersjach kolorystycznych. Koniecznie sprawd\u017a wszystkie dost\u0119pne wzory i wybierz jeden dla siebie! Wygodny odpoczynek nad wod\u0105 i nie tylko! Kolorowa dmuchana     Czytaj wi\u0119cej &quot;DMUCHANA PODUSZKA FALA NA PLA\u017bE NAD WOD\u0118 KOLORY&quot;\" \/>\n<meta property=\"og:url\" content=\"https:\/\/bobimarket.pl\/index.php\/produkt\/dmuchana-poduszka-fala-na-plaze-nad-wode-kolory\/\" \/>\n<meta property=\"og:site_name\" content=\"BOBIMARKET.pl - Remontuj i urz\u0105dzaj z nami\" \/>\n<meta property=\"article:modified_time\" content=\"2025-02-27T15:18:29+00:00\" \/>\n<meta property=\"og:image\" content=\"https:\/\/upload.cdn.baselinker.com\/products\/14476\/aba69bfb99c514202febe8d4ca087b5c.jpg\" \/>\n<meta name=\"twitter:card\" content=\"summary_large_image\" \/>\n<meta name=\"twitter:label1\" content=\"Szacowany czas czytania\" \/>\n\t<meta name=\"twitter:data1\" content=\"2 minuty\" \/>\n<script type=\"application\/ld+json\" class=\"yoast-schema-graph\">{\"@context\":\"https:\/\/schema.org\",\"@graph\":[{\"@type\":\"WebPage\",\"@id\":\"https:\/\/bobimarket.pl\/index.php\/produkt\/dmuchana-poduszka-fala-na-plaze-nad-wode-kolory\/\",\"url\":\"https:\/\/bobimarket.pl\/index.php\/produkt\/dmuchana-poduszka-fala-na-plaze-nad-wode-kolory\/\",\"name\":\"DMUCHANA PODUSZKA FALA NA PLA\u017bE NAD WOD\u0118 KOLORY - BOBIMARKET.pl - Remontuj i urz\u0105dzaj z nami\",\"isPartOf\":{\"@id\":\"https:\/\/bobimarket.pl\/#website\"},\"datePublished\":\"2023-08-30T03:37:57+00:00\",\"dateModified\":\"2025-02-27T15:18:29+00:00\",\"breadcrumb\":{\"@id\":\"https:\/\/bobimarket.pl\/index.php\/produkt\/dmuchana-poduszka-fala-na-plaze-nad-wode-kolory\/#breadcrumb\"},\"inLanguage\":\"pl-PL\",\"potentialAction\":[{\"@type\":\"ReadAction\",\"target\":[\"https:\/\/bobimarket.pl\/index.php\/produkt\/dmuchana-poduszka-fala-na-plaze-nad-wode-kolory\/\"]}]},{\"@type\":\"BreadcrumbList\",\"@id\":\"https:\/\/bobimarket.pl\/index.php\/produkt\/dmuchana-poduszka-fala-na-plaze-nad-wode-kolory\/#breadcrumb\",\"itemListElement\":[{\"@type\":\"ListItem\",\"position\":1,\"name\":\"Strona g\u0142\u00f3wna\",\"item\":\"https:\/\/bobimarket.pl\/\"},{\"@type\":\"ListItem\",\"position\":2,\"name\":\"Sklep\",\"item\":\"https:\/\/bobimarket.pl\/index.php\/shop\/\"},{\"@type\":\"ListItem\",\"position\":3,\"name\":\"DMUCHANA PODUSZKA FALA NA PLA\u017bE NAD WOD\u0118 KOLORY\"}]},{\"@type\":\"WebSite\",\"@id\":\"https:\/\/bobimarket.pl\/#website\",\"url\":\"https:\/\/bobimarket.pl\/\",\"name\":\"BOBIMARKET.pl - Remontuj i urz\u0105dzaj z nami\",\"description\":\"Remontuj i urz\u0105dzaj z nami\",\"publisher\":{\"@id\":\"https:\/\/bobimarket.pl\/#organization\"},\"potentialAction\":[{\"@type\":\"SearchAction\",\"target\":{\"@type\":\"EntryPoint\",\"urlTemplate\":\"https:\/\/bobimarket.pl\/?s={search_term_string}\"},\"query-input\":\"required name=search_term_string\"}],\"inLanguage\":\"pl-PL\"},{\"@type\":\"Organization\",\"@id\":\"https:\/\/bobimarket.pl\/#organization\",\"name\":\"BOBIMARKET.pl\",\"url\":\"https:\/\/bobimarket.pl\/\",\"logo\":{\"@type\":\"ImageObject\",\"inLanguage\":\"pl-PL\",\"@id\":\"https:\/\/bobimarket.pl\/#\/schema\/logo\/image\/\",\"url\":\"https:\/\/bobimarket.pl\/wp-content\/uploads\/2021\/11\/slogan.png\",\"contentUrl\":\"https:\/\/bobimarket.pl\/wp-content\/uploads\/2021\/11\/slogan.png\",\"width\":2000,\"height\":384,\"caption\":\"BOBIMARKET.pl\"},\"image\":{\"@id\":\"https:\/\/bobimarket.pl\/#\/schema\/logo\/image\/\"}}]}<\/script>\n<!-- \/ Yoast SEO plugin. -->","yoast_head_json":{"title":"DMUCHANA PODUSZKA FALA NA PLA\u017bE NAD WOD\u0118 KOLORY - BOBIMARKET.pl - Remontuj i urz\u0105dzaj z nami","robots":{"index":"index","follow":"follow","max-snippet":"max-snippet:-1","max-image-preview":"max-image-preview:large","max-video-preview":"max-video-preview:-1"},"canonical":"https:\/\/bobimarket.pl\/index.php\/produkt\/dmuchana-poduszka-fala-na-plaze-nad-wode-kolory\/","og_locale":"pl_PL","og_type":"article","og_title":"DMUCHANA PODUSZKA FALA NA PLA\u017bE NAD WOD\u0118 KOLORY - BOBIMARKET.pl - Remontuj i urz\u0105dzaj z nami","og_description":"DMUCHANA PODUSZKA FALA NA PLA\u017bE NAD WOD\u0118 Informacje og\u00f3lne: Wymiary: 38 cm x 25 cm x 5 cm Materia\u0142: winyl Wiek: powy\u017cej 3 lat Kolor: r\u00f3\u017cowy Marka: BESTWAY UWAGA! Poduszka jest dost\u0119pna w 4 wersjach kolorystycznych. Koniecznie sprawd\u017a wszystkie dost\u0119pne wzory i wybierz jeden dla siebie! Wygodny odpoczynek nad wod\u0105 i nie tylko! Kolorowa dmuchana     Czytaj wi\u0119cej \"DMUCHANA PODUSZKA FALA NA PLA\u017bE NAD WOD\u0118 KOLORY\"","og_url":"https:\/\/bobimarket.pl\/index.php\/produkt\/dmuchana-poduszka-fala-na-plaze-nad-wode-kolory\/","og_site_name":"BOBIMARKET.pl - Remontuj i urz\u0105dzaj z nami","article_modified_time":"2025-02-27T15:18:29+00:00","og_image":[{"url":"https:\/\/upload.cdn.baselinker.com\/products\/14476\/aba69bfb99c514202febe8d4ca087b5c.jpg"}],"twitter_card":"summary_large_image","twitter_misc":{"Szacowany czas czytania":"2 minuty"},"schema":{"@context":"https:\/\/schema.org","@graph":[{"@type":"WebPage","@id":"https:\/\/bobimarket.pl\/index.php\/produkt\/dmuchana-poduszka-fala-na-plaze-nad-wode-kolory\/","url":"https:\/\/bobimarket.pl\/index.php\/produkt\/dmuchana-poduszka-fala-na-plaze-nad-wode-kolory\/","name":"DMUCHANA PODUSZKA FALA NA PLA\u017bE NAD WOD\u0118 KOLORY - BOBIMARKET.pl - Remontuj i urz\u0105dzaj z nami","isPartOf":{"@id":"https:\/\/bobimarket.pl\/#website"},"datePublished":"2023-08-30T03:37:57+00:00","dateModified":"2025-02-27T15:18:29+00:00","breadcrumb":{"@id":"https:\/\/bobimarket.pl\/index.php\/produkt\/dmuchana-poduszka-fala-na-plaze-nad-wode-kolory\/#breadcrumb"},"inLanguage":"pl-PL","potentialAction":[{"@type":"ReadAction","target":["https:\/\/bobimarket.pl\/index.php\/produkt\/dmuchana-poduszka-fala-na-plaze-nad-wode-kolory\/"]}]},{"@type":"BreadcrumbList","@id":"https:\/\/bobimarket.pl\/index.php\/produkt\/dmuchana-poduszka-fala-na-plaze-nad-wode-kolory\/#breadcrumb","itemListElement":[{"@type":"ListItem","position":1,"name":"Strona g\u0142\u00f3wna","item":"https:\/\/bobimarket.pl\/"},{"@type":"ListItem","position":2,"name":"Sklep","item":"https:\/\/bobimarket.pl\/index.php\/shop\/"},{"@type":"ListItem","position":3,"name":"DMUCHANA PODUSZKA FALA NA PLA\u017bE NAD WOD\u0118 KOLORY"}]},{"@type":"WebSite","@id":"https:\/\/bobimarket.pl\/#website","url":"https:\/\/bobimarket.pl\/","name":"BOBIMARKET.pl - Remontuj i urz\u0105dzaj z nami","description":"Remontuj i urz\u0105dzaj z nami","publisher":{"@id":"https:\/\/bobimarket.pl\/#organization"},"potentialAction":[{"@type":"SearchAction","target":{"@type":"EntryPoint","urlTemplate":"https:\/\/bobimarket.pl\/?s={search_term_string}"},"query-input":"required name=search_term_string"}],"inLanguage":"pl-PL"},{"@type":"Organization","@id":"https:\/\/bobimarket.pl\/#organization","name":"BOBIMARKET.pl","url":"https:\/\/bobimarket.pl\/","logo":{"@type":"ImageObject","inLanguage":"pl-PL","@id":"https:\/\/bobimarket.pl\/#\/schema\/logo\/image\/","url":"https:\/\/bobimarket.pl\/wp-content\/uploads\/2021\/11\/slogan.png","contentUrl":"https:\/\/bobimarket.pl\/wp-content\/uploads\/2021\/11\/slogan.png","width":2000,"height":384,"caption":"BOBIMARKET.pl"},"image":{"@id":"https:\/\/bobimarket.pl\/#\/schema\/logo\/image\/"}}]}},"_links":{"self":[{"href":"https:\/\/bobimarket.pl\/index.php\/wp-json\/wp\/v2\/product\/89760"}],"collection":[{"href":"https:\/\/bobimarket.pl\/index.php\/wp-json\/wp\/v2\/product"}],"about":[{"href":"https:\/\/bobimarket.pl\/index.php\/wp-json\/wp\/v2\/types\/product"}],"wp:featuredmedia":[{"embeddable":true,"href":"https:\/\/bobimarket.pl\/index.php\/wp-json\/wp\/v2\/media\/89758"}],"wp:attachment":[{"href":"https:\/\/bobimarket.pl\/index.php\/wp-json\/wp\/v2\/media?parent=89760"}],"wp:term":[{"taxonomy":"product_cat","embeddable":true,"href":"https:\/\/bobimarket.pl\/index.php\/wp-json\/wp\/v2\/product_cat?post=89760"},{"taxonomy":"product_tag","embeddable":true,"href":"https:\/\/bobimarket.pl\/index.php\/wp-json\/wp\/v2\/product_tag?post=89760"}],"curies":[{"name":"wp","href":"https:\/\/api.w.org\/{rel}","templated":true}]}}