{"id":89882,"date":"2023-08-30T03:48:34","date_gmt":"2023-08-30T03:48:34","guid":{"rendered":"https:\/\/bobimarket.pl\/index.php\/produkt\/sekator-ogrodowy-nozyce-do-galezi-mocny-70cm\/"},"modified":"2025-02-27T15:19:40","modified_gmt":"2025-02-27T15:19:40","slug":"sekator-ogrodowy-nozyce-do-galezi-mocny-70cm","status":"publish","type":"product","link":"https:\/\/bobimarket.pl\/index.php\/produkt\/sekator-ogrodowy-nozyce-do-galezi-mocny-70cm\/","title":{"rendered":"SEKATOR OGRODOWY NO\u017bYCE DO GA\u0141\u0118ZI MOCNY 70cm"},"content":{"rendered":"<section class=\"section\">\n<div class=\"item item-6\">\n<section class=\"image-item\">\n            <img decoding=\"async\" src=\"https:\/\/upload.cdn.baselinker.com\/products\/14476\/424e5aaf82e70db18860374d7cc76e1c.jpg\" \/><br \/>\n        <\/section>\n<\/p><\/div>\n<div class=\"item item-6\">\n<section class=\"text-item\">\n<h2>SEKATOR OGRODOWY NO\u017bYCE DO GA\u0141\u0118ZI MOCNY 70cm<\/h2>\n<p><b>Dane techniczne:<\/b><\/p>\n<ul>\n<li>D\u0142ugo\u015b\u0107 ca\u0142kowita:<b> 700mm<\/b><\/li>\n<li>\u015arednica ci\u0119cia:<b> 30 mm<\/b><\/li>\n<li>Materia\u0142 ostrza:<b> stal w\u0119glowa<\/b><\/li>\n<li>Stalowy uchwyt z uchwytami z PCW<\/li>\n<\/ul>\n<p>Na sekatorze mo\u017ce wyst\u0119powa\u0107 niewielka ilo\u015b\u0107 smaru, kt\u00f3ra jest nak\u0142adana w czasie produkcji.<\/p>\n<\/section><\/div>\n<\/section>\n<section class=\"section\">\n<div class=\"item item-6\">\n<section class=\"image-item\">\n            <img decoding=\"async\" src=\"https:\/\/upload.cdn.baselinker.com\/products\/14476\/424e5aaf82e70db18860374d7cc76e1c.jpg\" \/><br \/>\n        <\/section>\n<\/p><\/div>\n<div class=\"item item-6\">\n<section class=\"text-item\">\n<h1>Pomocnik przy pracach w ogrodzie, dzia\u0142ce lub sadzie!<\/h1>\n<p>Praktyczny i przydatny\u00a0 dwur\u0119czny kowade\u0142kowy sekator.\u00a0 Wykonany ze stali w\u0119glowej , co b\u0119dzie owocowa\u0142o d\u0142ugim okresem u\u017cytkowania.\u00a0 R\u0105czki powlekane s\u0105 tworzywem antypo\u015blizgowym, kt\u00f3ry zapewnia pewny chwyt narz\u0119dzia i bezpieczn\u0105 prac\u0119.<\/p>\n<ul>\n<li>Narz\u0119dzie jest lekkie ( wa\u017cy 1 kg), a wi\u0119c r\u0119ce nie m\u0119cz\u0105 si\u0119 podczas wykonywanej pracy.<\/li>\n<li>Wbudowany bufor stop wykonany ze specjalnego tworzywa sztucznego chroni\u00a0 nadgarstki poprzez amortyzowanie wstrz\u0105s\u00f3w.<\/li>\n<li>Oszcz\u0119dzaj\u0105cy tryb przycinania, ograniczaj\u0105cy do minimum uszkodzenia ro\u015blin.<\/li>\n<\/ul>\n<\/section><\/div>\n<\/section>\n<section class=\"section\">\n<div class=\"item item-6\">\n<section class=\"image-item\">\n            <img decoding=\"async\" src=\"https:\/\/upload.cdn.baselinker.com\/products\/14476\/424e5aaf82e70db18860374d7cc76e1c.jpg\" \/><br \/>\n        <\/section>\n<\/p><\/div>\n<div class=\"item item-6\">\n<section class=\"text-item\">\n<h2>W tym sezonie zadbaj\u00a0 o sw\u00f3j ogr\u00f3d z solidnym sekatorem!<\/h2>\n<p>Sekator sprawdzi si\u0119 podczas przeprowadzania wszelkich prac w ogrodzie, dzia\u0142ce i innych pracach przy ro\u015blinach . Dzi\u0119ki nowoczesnemu i ergonomicznemu\u00a0kszta\u0142towi umo\u017cliwia\u00a0sprawne ci\u0119cie.<\/p>\n<ul>\n<li>Dobrze sprawdza si\u0119 podczas ci\u0119cia krzew\u00f3w lub ga\u0142\u0119zi o \u015brednicy do 30 mm.<\/li>\n<li>D\u0142ugie r\u0105czki gwarantuj\u0105 wygodn\u0105 prac\u0119 w trudno dost\u0119pnych miejscach.<\/li>\n<li>Z jego pomoc\u0105 z \u0142atwo\u015bci\u0105 przytniesz wy\u017csze partie drzew.<\/li>\n<\/ul>\n<p><b>Narz\u0119dzia przydatne w ka\u017cdym ogrodzie niezale\u017cnie od jego wielko\u015bci.<\/b><\/p>\n<\/section><\/div>\n<\/section>\n<section class=\"section\">\n<div class=\"item item-12\">\n<section class=\"image-item\">\n<\/section><\/div>\n<\/section>\n","protected":false},"excerpt":{"rendered":"<p>SEKATOR OGRODOWY NO\u017bYCE DO GA\u0141\u0118ZI MOCNY 70cm Dane techniczne: D\u0142ugo\u015b\u0107 ca\u0142kowita: 700mm \u015arednica ci\u0119cia: 30 mm Materia\u0142 ostrza: stal w\u0119glowa Stalowy uchwyt z uchwytami z PCW Na sekatorze mo\u017ce wyst\u0119powa\u0107 niewielka ilo\u015b\u0107 smaru, kt\u00f3ra jest nak\u0142adana w czasie produkcji. Pomocnik przy pracach w ogrodzie, dzia\u0142ce lub sadzie! Praktyczny i przydatny\u00a0 dwur\u0119czny kowade\u0142kowy sekator.\u00a0 Wykonany ze<br \/><a class=\"more-link\" href=\"https:\/\/bobimarket.pl\/index.php\/produkt\/sekator-ogrodowy-nozyce-do-galezi-mocny-70cm\/\"><br \/>\n        Czytaj wi\u0119cej<span class=\"screen-reader-text\"> &#8222;SEKATOR OGRODOWY NO\u017bYCE DO GA\u0141\u0118ZI MOCNY 70cm&#8221;<\/span><\/a><\/p>\n","protected":false},"featured_media":89881,"template":"","meta":[],"product_cat":[8226],"product_tag":[],"yoast_head":"<!-- This site is optimized with the Yoast SEO plugin v21.0 - https:\/\/yoast.com\/wordpress\/plugins\/seo\/ -->\n<title>SEKATOR OGRODOWY NO\u017bYCE DO GA\u0141\u0118ZI MOCNY 70cm - BOBIMARKET.pl - Remontuj i urz\u0105dzaj z nami<\/title>\n<meta name=\"robots\" content=\"index, follow, max-snippet:-1, max-image-preview:large, max-video-preview:-1\" \/>\n<link rel=\"canonical\" href=\"https:\/\/bobimarket.pl\/index.php\/produkt\/sekator-ogrodowy-nozyce-do-galezi-mocny-70cm\/\" \/>\n<meta property=\"og:locale\" content=\"pl_PL\" \/>\n<meta property=\"og:type\" content=\"article\" \/>\n<meta property=\"og:title\" content=\"SEKATOR OGRODOWY NO\u017bYCE DO GA\u0141\u0118ZI MOCNY 70cm - BOBIMARKET.pl - Remontuj i urz\u0105dzaj z nami\" \/>\n<meta property=\"og:description\" content=\"SEKATOR OGRODOWY NO\u017bYCE DO GA\u0141\u0118ZI MOCNY 70cm Dane techniczne: D\u0142ugo\u015b\u0107 ca\u0142kowita: 700mm \u015arednica ci\u0119cia: 30 mm Materia\u0142 ostrza: stal w\u0119glowa Stalowy uchwyt z uchwytami z PCW Na sekatorze mo\u017ce wyst\u0119powa\u0107 niewielka ilo\u015b\u0107 smaru, kt\u00f3ra jest nak\u0142adana w czasie produkcji. Pomocnik przy pracach w ogrodzie, dzia\u0142ce lub sadzie! Praktyczny i przydatny\u00a0 dwur\u0119czny kowade\u0142kowy sekator.\u00a0 Wykonany ze     Czytaj wi\u0119cej &quot;SEKATOR OGRODOWY NO\u017bYCE DO GA\u0141\u0118ZI MOCNY 70cm&quot;\" \/>\n<meta property=\"og:url\" content=\"https:\/\/bobimarket.pl\/index.php\/produkt\/sekator-ogrodowy-nozyce-do-galezi-mocny-70cm\/\" \/>\n<meta property=\"og:site_name\" content=\"BOBIMARKET.pl - Remontuj i urz\u0105dzaj z nami\" \/>\n<meta property=\"article:modified_time\" content=\"2025-02-27T15:19:40+00:00\" \/>\n<meta property=\"og:image\" content=\"https:\/\/upload.cdn.baselinker.com\/products\/14476\/424e5aaf82e70db18860374d7cc76e1c.jpg\" \/>\n<meta name=\"twitter:card\" content=\"summary_large_image\" \/>\n<meta name=\"twitter:label1\" content=\"Szacowany czas czytania\" \/>\n\t<meta name=\"twitter:data1\" content=\"1 minuta\" \/>\n<script type=\"application\/ld+json\" class=\"yoast-schema-graph\">{\"@context\":\"https:\/\/schema.org\",\"@graph\":[{\"@type\":\"WebPage\",\"@id\":\"https:\/\/bobimarket.pl\/index.php\/produkt\/sekator-ogrodowy-nozyce-do-galezi-mocny-70cm\/\",\"url\":\"https:\/\/bobimarket.pl\/index.php\/produkt\/sekator-ogrodowy-nozyce-do-galezi-mocny-70cm\/\",\"name\":\"SEKATOR OGRODOWY NO\u017bYCE DO GA\u0141\u0118ZI MOCNY 70cm - BOBIMARKET.pl - Remontuj i urz\u0105dzaj z nami\",\"isPartOf\":{\"@id\":\"https:\/\/bobimarket.pl\/#website\"},\"datePublished\":\"2023-08-30T03:48:34+00:00\",\"dateModified\":\"2025-02-27T15:19:40+00:00\",\"breadcrumb\":{\"@id\":\"https:\/\/bobimarket.pl\/index.php\/produkt\/sekator-ogrodowy-nozyce-do-galezi-mocny-70cm\/#breadcrumb\"},\"inLanguage\":\"pl-PL\",\"potentialAction\":[{\"@type\":\"ReadAction\",\"target\":[\"https:\/\/bobimarket.pl\/index.php\/produkt\/sekator-ogrodowy-nozyce-do-galezi-mocny-70cm\/\"]}]},{\"@type\":\"BreadcrumbList\",\"@id\":\"https:\/\/bobimarket.pl\/index.php\/produkt\/sekator-ogrodowy-nozyce-do-galezi-mocny-70cm\/#breadcrumb\",\"itemListElement\":[{\"@type\":\"ListItem\",\"position\":1,\"name\":\"Strona g\u0142\u00f3wna\",\"item\":\"https:\/\/bobimarket.pl\/\"},{\"@type\":\"ListItem\",\"position\":2,\"name\":\"Sklep\",\"item\":\"https:\/\/bobimarket.pl\/index.php\/shop\/\"},{\"@type\":\"ListItem\",\"position\":3,\"name\":\"SEKATOR OGRODOWY NO\u017bYCE DO GA\u0141\u0118ZI MOCNY 70cm\"}]},{\"@type\":\"WebSite\",\"@id\":\"https:\/\/bobimarket.pl\/#website\",\"url\":\"https:\/\/bobimarket.pl\/\",\"name\":\"BOBIMARKET.pl - Remontuj i urz\u0105dzaj z nami\",\"description\":\"Remontuj i urz\u0105dzaj z nami\",\"publisher\":{\"@id\":\"https:\/\/bobimarket.pl\/#organization\"},\"potentialAction\":[{\"@type\":\"SearchAction\",\"target\":{\"@type\":\"EntryPoint\",\"urlTemplate\":\"https:\/\/bobimarket.pl\/?s={search_term_string}\"},\"query-input\":\"required name=search_term_string\"}],\"inLanguage\":\"pl-PL\"},{\"@type\":\"Organization\",\"@id\":\"https:\/\/bobimarket.pl\/#organization\",\"name\":\"BOBIMARKET.pl\",\"url\":\"https:\/\/bobimarket.pl\/\",\"logo\":{\"@type\":\"ImageObject\",\"inLanguage\":\"pl-PL\",\"@id\":\"https:\/\/bobimarket.pl\/#\/schema\/logo\/image\/\",\"url\":\"https:\/\/bobimarket.pl\/wp-content\/uploads\/2021\/11\/slogan.png\",\"contentUrl\":\"https:\/\/bobimarket.pl\/wp-content\/uploads\/2021\/11\/slogan.png\",\"width\":2000,\"height\":384,\"caption\":\"BOBIMARKET.pl\"},\"image\":{\"@id\":\"https:\/\/bobimarket.pl\/#\/schema\/logo\/image\/\"}}]}<\/script>\n<!-- \/ Yoast SEO plugin. -->","yoast_head_json":{"title":"SEKATOR OGRODOWY NO\u017bYCE DO GA\u0141\u0118ZI MOCNY 70cm - BOBIMARKET.pl - Remontuj i urz\u0105dzaj z nami","robots":{"index":"index","follow":"follow","max-snippet":"max-snippet:-1","max-image-preview":"max-image-preview:large","max-video-preview":"max-video-preview:-1"},"canonical":"https:\/\/bobimarket.pl\/index.php\/produkt\/sekator-ogrodowy-nozyce-do-galezi-mocny-70cm\/","og_locale":"pl_PL","og_type":"article","og_title":"SEKATOR OGRODOWY NO\u017bYCE DO GA\u0141\u0118ZI MOCNY 70cm - BOBIMARKET.pl - Remontuj i urz\u0105dzaj z nami","og_description":"SEKATOR OGRODOWY NO\u017bYCE DO GA\u0141\u0118ZI MOCNY 70cm Dane techniczne: D\u0142ugo\u015b\u0107 ca\u0142kowita: 700mm \u015arednica ci\u0119cia: 30 mm Materia\u0142 ostrza: stal w\u0119glowa Stalowy uchwyt z uchwytami z PCW Na sekatorze mo\u017ce wyst\u0119powa\u0107 niewielka ilo\u015b\u0107 smaru, kt\u00f3ra jest nak\u0142adana w czasie produkcji. Pomocnik przy pracach w ogrodzie, dzia\u0142ce lub sadzie! Praktyczny i przydatny\u00a0 dwur\u0119czny kowade\u0142kowy sekator.\u00a0 Wykonany ze     Czytaj wi\u0119cej \"SEKATOR OGRODOWY NO\u017bYCE DO GA\u0141\u0118ZI MOCNY 70cm\"","og_url":"https:\/\/bobimarket.pl\/index.php\/produkt\/sekator-ogrodowy-nozyce-do-galezi-mocny-70cm\/","og_site_name":"BOBIMARKET.pl - Remontuj i urz\u0105dzaj z nami","article_modified_time":"2025-02-27T15:19:40+00:00","og_image":[{"url":"https:\/\/upload.cdn.baselinker.com\/products\/14476\/424e5aaf82e70db18860374d7cc76e1c.jpg"}],"twitter_card":"summary_large_image","twitter_misc":{"Szacowany czas czytania":"1 minuta"},"schema":{"@context":"https:\/\/schema.org","@graph":[{"@type":"WebPage","@id":"https:\/\/bobimarket.pl\/index.php\/produkt\/sekator-ogrodowy-nozyce-do-galezi-mocny-70cm\/","url":"https:\/\/bobimarket.pl\/index.php\/produkt\/sekator-ogrodowy-nozyce-do-galezi-mocny-70cm\/","name":"SEKATOR OGRODOWY NO\u017bYCE DO GA\u0141\u0118ZI MOCNY 70cm - BOBIMARKET.pl - Remontuj i urz\u0105dzaj z nami","isPartOf":{"@id":"https:\/\/bobimarket.pl\/#website"},"datePublished":"2023-08-30T03:48:34+00:00","dateModified":"2025-02-27T15:19:40+00:00","breadcrumb":{"@id":"https:\/\/bobimarket.pl\/index.php\/produkt\/sekator-ogrodowy-nozyce-do-galezi-mocny-70cm\/#breadcrumb"},"inLanguage":"pl-PL","potentialAction":[{"@type":"ReadAction","target":["https:\/\/bobimarket.pl\/index.php\/produkt\/sekator-ogrodowy-nozyce-do-galezi-mocny-70cm\/"]}]},{"@type":"BreadcrumbList","@id":"https:\/\/bobimarket.pl\/index.php\/produkt\/sekator-ogrodowy-nozyce-do-galezi-mocny-70cm\/#breadcrumb","itemListElement":[{"@type":"ListItem","position":1,"name":"Strona g\u0142\u00f3wna","item":"https:\/\/bobimarket.pl\/"},{"@type":"ListItem","position":2,"name":"Sklep","item":"https:\/\/bobimarket.pl\/index.php\/shop\/"},{"@type":"ListItem","position":3,"name":"SEKATOR OGRODOWY NO\u017bYCE DO GA\u0141\u0118ZI MOCNY 70cm"}]},{"@type":"WebSite","@id":"https:\/\/bobimarket.pl\/#website","url":"https:\/\/bobimarket.pl\/","name":"BOBIMARKET.pl - Remontuj i urz\u0105dzaj z nami","description":"Remontuj i urz\u0105dzaj z nami","publisher":{"@id":"https:\/\/bobimarket.pl\/#organization"},"potentialAction":[{"@type":"SearchAction","target":{"@type":"EntryPoint","urlTemplate":"https:\/\/bobimarket.pl\/?s={search_term_string}"},"query-input":"required name=search_term_string"}],"inLanguage":"pl-PL"},{"@type":"Organization","@id":"https:\/\/bobimarket.pl\/#organization","name":"BOBIMARKET.pl","url":"https:\/\/bobimarket.pl\/","logo":{"@type":"ImageObject","inLanguage":"pl-PL","@id":"https:\/\/bobimarket.pl\/#\/schema\/logo\/image\/","url":"https:\/\/bobimarket.pl\/wp-content\/uploads\/2021\/11\/slogan.png","contentUrl":"https:\/\/bobimarket.pl\/wp-content\/uploads\/2021\/11\/slogan.png","width":2000,"height":384,"caption":"BOBIMARKET.pl"},"image":{"@id":"https:\/\/bobimarket.pl\/#\/schema\/logo\/image\/"}}]}},"_links":{"self":[{"href":"https:\/\/bobimarket.pl\/index.php\/wp-json\/wp\/v2\/product\/89882"}],"collection":[{"href":"https:\/\/bobimarket.pl\/index.php\/wp-json\/wp\/v2\/product"}],"about":[{"href":"https:\/\/bobimarket.pl\/index.php\/wp-json\/wp\/v2\/types\/product"}],"wp:featuredmedia":[{"embeddable":true,"href":"https:\/\/bobimarket.pl\/index.php\/wp-json\/wp\/v2\/media\/89881"}],"wp:attachment":[{"href":"https:\/\/bobimarket.pl\/index.php\/wp-json\/wp\/v2\/media?parent=89882"}],"wp:term":[{"taxonomy":"product_cat","embeddable":true,"href":"https:\/\/bobimarket.pl\/index.php\/wp-json\/wp\/v2\/product_cat?post=89882"},{"taxonomy":"product_tag","embeddable":true,"href":"https:\/\/bobimarket.pl\/index.php\/wp-json\/wp\/v2\/product_tag?post=89882"}],"curies":[{"name":"wp","href":"https:\/\/api.w.org\/{rel}","templated":true}]}}