{"id":89888,"date":"2023-08-30T03:48:54","date_gmt":"2023-08-30T03:48:54","guid":{"rendered":"https:\/\/bobimarket.pl\/index.php\/produkt\/noz-metalowy-uniwersalny-25-mm-do-tapet-wykladzin\/"},"modified":"2025-09-01T09:03:10","modified_gmt":"2025-09-01T09:03:10","slug":"noz-metalowy-uniwersalny-25-mm-do-tapet-wykladzin","status":"publish","type":"product","link":"https:\/\/bobimarket.pl\/index.php\/produkt\/noz-metalowy-uniwersalny-25-mm-do-tapet-wykladzin\/","title":{"rendered":"N\u00d3\u017b METALOWY UNIWERSALNY 25 MM DO TAPET WYK\u0141ADZIN"},"content":{"rendered":"<section class=\"section\">\n<div class=\"item item-6\">\n<section class=\"image-item\">\n            <img decoding=\"async\" src=\"https:\/\/upload.cdn.baselinker.com\/products\/14476\/1be6e1634920566d6dd14ae92932c0e6.jpg\" \/><br \/>\n        <\/section>\n<\/p><\/div>\n<div class=\"item item-6\">\n<section class=\"text-item\">\n<h1>N\u00d3\u017b METALOWY UNIWERSALNY 25MM DO TAPET WYK\u0141ADZIN<\/h1>\n<p><b>Informacje og\u00f3ln: <\/b><\/p>\n<ul>\n<li>Materia\u0142: <b>metalowy korpus i prowadnica<\/b><\/li>\n<li>Szeroko\u015b\u0107 ostrza: <b>25 mm<\/b><\/li>\n<li>Antypo\u015blizgowy uchwyt<\/li>\n<li>\u0141amacz zu\u017cytego ostrza<\/li>\n<li>Blokowanie ostrza<\/li>\n<\/ul>\n<p><b>W zestawie z no\u017ce 1 szt. wysuwanego, \u0142amanego ostrze wykonanego ze stali w\u0119glowej!<\/b><\/p>\n<\/section><\/div>\n<\/section>\n<section class=\"section\">\n<div class=\"item item-6\">\n<section class=\"image-item\">\n            <img decoding=\"async\" src=\"https:\/\/upload.cdn.baselinker.com\/products\/14476\/1be6e1634920566d6dd14ae92932c0e6.jpg\" \/><br \/>\n        <\/section>\n<\/p><\/div>\n<div class=\"item item-6\">\n<section class=\"text-item\">\n<h2>Klasyczny n\u00f3\u017c z \u0142amanym ostrzem o uniwersalnym zastosowaniu!<\/h2>\n<p>N\u00f3\u017c z metalow\u0105 prowadnic\u0105 i korpusem to <b>praktyczny<\/b> element wyposa\u017cenia domu, warsztatu czy magazynu. Doskona\u0142y do wykorzystania przy remontach, pakowaniu r\u00f3\u017cnego rodzaju rzeczy oraz innych pracach wymagaj\u0105cych zastosowania<b> precyzyjnych, ostrych ci\u0119\u0107.<\/b><\/p>\n<p><b>\u2705 Do no\u017ca pasuj\u0105 klasyczne \u0142amane ostrza<\/b> o szeroko\u015bci 25mm.<\/p>\n<p><b>\u2705 Wyprofilowana r\u0105czka<\/b> sprawia, \u017ce n\u00f3\u017c pewnie trzyma si\u0119 d\u0142oni, nie wy\u015blizguje si\u0119, a r\u0119ka nie m\u0119czy si\u0119 podczas wykonywanych prac.<\/p>\n<p><b>\u2705 Solidne wykonanie<\/b> b\u0119dzie owocowa\u0142o d\u0142ugim okresem u\u017cytkowania.<\/p>\n<p><b>\u2705<\/b> \u0141amacz zu\u017cytego ostrza oraz mo\u017cliwo\u015bc zawieszenia na tablicy narz\u0119dziowej lub haczyku.<\/p>\n<\/section><\/div>\n<\/section>\n<section class=\"section\">\n<div class=\"item item-6\">\n<section class=\"image-item\">\n            <img decoding=\"async\" src=\"https:\/\/upload.cdn.baselinker.com\/products\/14476\/1be6e1634920566d6dd14ae92932c0e6.jpg\" \/><br \/>\n        <\/section>\n<\/p><\/div>\n<div class=\"item item-6\">\n<section class=\"text-item\">\n<p>\u2705 \u015awietnie sprawdz\u0105 si\u0119 do ci\u0119cia mi\u0119kkich materia\u0142\u00f3w ( np. kartonu, papieru, korka, sznurk\u00f3w, ta\u015bmy, tkaniny, styropian).<\/p>\n<p>\u2705 Przyda si\u0119\u00a0 podczas wszelkich prac:<\/p>\n<ul>\n<li>w warsztacie<\/li>\n<li>budowlanych<\/li>\n<li>wyko\u0144czeniowych<\/li>\n<li>remontowych<\/li>\n<li>artystycznych i DIY<\/li>\n<li>na magazynach<\/li>\n<\/ul>\n<\/section><\/div>\n<\/section>\n","protected":false},"excerpt":{"rendered":"<p>N\u00d3\u017b METALOWY UNIWERSALNY 25MM DO TAPET WYK\u0141ADZIN Informacje og\u00f3ln: Materia\u0142: metalowy korpus i prowadnica Szeroko\u015b\u0107 ostrza: 25 mm Antypo\u015blizgowy uchwyt \u0141amacz zu\u017cytego ostrza Blokowanie ostrza W zestawie z no\u017ce 1 szt. wysuwanego, \u0142amanego ostrze wykonanego ze stali w\u0119glowej! Klasyczny n\u00f3\u017c z \u0142amanym ostrzem o uniwersalnym zastosowaniu! N\u00f3\u017c z metalow\u0105 prowadnic\u0105 i korpusem to praktyczny element<br \/><a class=\"more-link\" href=\"https:\/\/bobimarket.pl\/index.php\/produkt\/noz-metalowy-uniwersalny-25-mm-do-tapet-wykladzin\/\"><br \/>\n        Czytaj wi\u0119cej<span class=\"screen-reader-text\"> &#8222;N\u00d3\u017b METALOWY UNIWERSALNY 25 MM DO TAPET WYK\u0141ADZIN&#8221;<\/span><\/a><\/p>\n","protected":false},"featured_media":89887,"template":"","meta":[],"product_cat":[8259],"product_tag":[],"yoast_head":"<!-- This site is optimized with the Yoast SEO plugin v21.0 - https:\/\/yoast.com\/wordpress\/plugins\/seo\/ -->\n<title>N\u00d3\u017b METALOWY UNIWERSALNY 25 MM DO TAPET WYK\u0141ADZIN - BOBIMARKET.pl - Remontuj i urz\u0105dzaj z nami<\/title>\n<meta name=\"robots\" content=\"index, follow, max-snippet:-1, max-image-preview:large, max-video-preview:-1\" \/>\n<link rel=\"canonical\" href=\"https:\/\/bobimarket.pl\/index.php\/produkt\/noz-metalowy-uniwersalny-25-mm-do-tapet-wykladzin\/\" \/>\n<meta property=\"og:locale\" content=\"pl_PL\" \/>\n<meta property=\"og:type\" content=\"article\" \/>\n<meta property=\"og:title\" content=\"N\u00d3\u017b METALOWY UNIWERSALNY 25 MM DO TAPET WYK\u0141ADZIN - BOBIMARKET.pl - Remontuj i urz\u0105dzaj z nami\" \/>\n<meta property=\"og:description\" content=\"N\u00d3\u017b METALOWY UNIWERSALNY 25MM DO TAPET WYK\u0141ADZIN Informacje og\u00f3ln: Materia\u0142: metalowy korpus i prowadnica Szeroko\u015b\u0107 ostrza: 25 mm Antypo\u015blizgowy uchwyt \u0141amacz zu\u017cytego ostrza Blokowanie ostrza W zestawie z no\u017ce 1 szt. wysuwanego, \u0142amanego ostrze wykonanego ze stali w\u0119glowej! Klasyczny n\u00f3\u017c z \u0142amanym ostrzem o uniwersalnym zastosowaniu! N\u00f3\u017c z metalow\u0105 prowadnic\u0105 i korpusem to praktyczny element     Czytaj wi\u0119cej &quot;N\u00d3\u017b METALOWY UNIWERSALNY 25 MM DO TAPET WYK\u0141ADZIN&quot;\" \/>\n<meta property=\"og:url\" content=\"https:\/\/bobimarket.pl\/index.php\/produkt\/noz-metalowy-uniwersalny-25-mm-do-tapet-wykladzin\/\" \/>\n<meta property=\"og:site_name\" content=\"BOBIMARKET.pl - Remontuj i urz\u0105dzaj z nami\" \/>\n<meta property=\"article:modified_time\" content=\"2025-09-01T09:03:10+00:00\" \/>\n<meta property=\"og:image\" content=\"https:\/\/upload.cdn.baselinker.com\/products\/14476\/1be6e1634920566d6dd14ae92932c0e6.jpg\" \/>\n<meta name=\"twitter:card\" content=\"summary_large_image\" \/>\n<meta name=\"twitter:label1\" content=\"Szacowany czas czytania\" \/>\n\t<meta name=\"twitter:data1\" content=\"1 minuta\" \/>\n<script type=\"application\/ld+json\" class=\"yoast-schema-graph\">{\"@context\":\"https:\/\/schema.org\",\"@graph\":[{\"@type\":\"WebPage\",\"@id\":\"https:\/\/bobimarket.pl\/index.php\/produkt\/noz-metalowy-uniwersalny-25-mm-do-tapet-wykladzin\/\",\"url\":\"https:\/\/bobimarket.pl\/index.php\/produkt\/noz-metalowy-uniwersalny-25-mm-do-tapet-wykladzin\/\",\"name\":\"N\u00d3\u017b METALOWY UNIWERSALNY 25 MM DO TAPET WYK\u0141ADZIN - BOBIMARKET.pl - Remontuj i urz\u0105dzaj z nami\",\"isPartOf\":{\"@id\":\"https:\/\/bobimarket.pl\/#website\"},\"datePublished\":\"2023-08-30T03:48:54+00:00\",\"dateModified\":\"2025-09-01T09:03:10+00:00\",\"breadcrumb\":{\"@id\":\"https:\/\/bobimarket.pl\/index.php\/produkt\/noz-metalowy-uniwersalny-25-mm-do-tapet-wykladzin\/#breadcrumb\"},\"inLanguage\":\"pl-PL\",\"potentialAction\":[{\"@type\":\"ReadAction\",\"target\":[\"https:\/\/bobimarket.pl\/index.php\/produkt\/noz-metalowy-uniwersalny-25-mm-do-tapet-wykladzin\/\"]}]},{\"@type\":\"BreadcrumbList\",\"@id\":\"https:\/\/bobimarket.pl\/index.php\/produkt\/noz-metalowy-uniwersalny-25-mm-do-tapet-wykladzin\/#breadcrumb\",\"itemListElement\":[{\"@type\":\"ListItem\",\"position\":1,\"name\":\"Strona g\u0142\u00f3wna\",\"item\":\"https:\/\/bobimarket.pl\/\"},{\"@type\":\"ListItem\",\"position\":2,\"name\":\"Sklep\",\"item\":\"https:\/\/bobimarket.pl\/index.php\/shop\/\"},{\"@type\":\"ListItem\",\"position\":3,\"name\":\"N\u00d3\u017b METALOWY UNIWERSALNY 25 MM DO TAPET WYK\u0141ADZIN\"}]},{\"@type\":\"WebSite\",\"@id\":\"https:\/\/bobimarket.pl\/#website\",\"url\":\"https:\/\/bobimarket.pl\/\",\"name\":\"BOBIMARKET.pl - Remontuj i urz\u0105dzaj z nami\",\"description\":\"Remontuj i urz\u0105dzaj z nami\",\"publisher\":{\"@id\":\"https:\/\/bobimarket.pl\/#organization\"},\"potentialAction\":[{\"@type\":\"SearchAction\",\"target\":{\"@type\":\"EntryPoint\",\"urlTemplate\":\"https:\/\/bobimarket.pl\/?s={search_term_string}\"},\"query-input\":\"required name=search_term_string\"}],\"inLanguage\":\"pl-PL\"},{\"@type\":\"Organization\",\"@id\":\"https:\/\/bobimarket.pl\/#organization\",\"name\":\"BOBIMARKET.pl\",\"url\":\"https:\/\/bobimarket.pl\/\",\"logo\":{\"@type\":\"ImageObject\",\"inLanguage\":\"pl-PL\",\"@id\":\"https:\/\/bobimarket.pl\/#\/schema\/logo\/image\/\",\"url\":\"https:\/\/bobimarket.pl\/wp-content\/uploads\/2021\/11\/slogan.png\",\"contentUrl\":\"https:\/\/bobimarket.pl\/wp-content\/uploads\/2021\/11\/slogan.png\",\"width\":2000,\"height\":384,\"caption\":\"BOBIMARKET.pl\"},\"image\":{\"@id\":\"https:\/\/bobimarket.pl\/#\/schema\/logo\/image\/\"}}]}<\/script>\n<!-- \/ Yoast SEO plugin. -->","yoast_head_json":{"title":"N\u00d3\u017b METALOWY UNIWERSALNY 25 MM DO TAPET WYK\u0141ADZIN - BOBIMARKET.pl - Remontuj i urz\u0105dzaj z nami","robots":{"index":"index","follow":"follow","max-snippet":"max-snippet:-1","max-image-preview":"max-image-preview:large","max-video-preview":"max-video-preview:-1"},"canonical":"https:\/\/bobimarket.pl\/index.php\/produkt\/noz-metalowy-uniwersalny-25-mm-do-tapet-wykladzin\/","og_locale":"pl_PL","og_type":"article","og_title":"N\u00d3\u017b METALOWY UNIWERSALNY 25 MM DO TAPET WYK\u0141ADZIN - BOBIMARKET.pl - Remontuj i urz\u0105dzaj z nami","og_description":"N\u00d3\u017b METALOWY UNIWERSALNY 25MM DO TAPET WYK\u0141ADZIN Informacje og\u00f3ln: Materia\u0142: metalowy korpus i prowadnica Szeroko\u015b\u0107 ostrza: 25 mm Antypo\u015blizgowy uchwyt \u0141amacz zu\u017cytego ostrza Blokowanie ostrza W zestawie z no\u017ce 1 szt. wysuwanego, \u0142amanego ostrze wykonanego ze stali w\u0119glowej! Klasyczny n\u00f3\u017c z \u0142amanym ostrzem o uniwersalnym zastosowaniu! N\u00f3\u017c z metalow\u0105 prowadnic\u0105 i korpusem to praktyczny element     Czytaj wi\u0119cej \"N\u00d3\u017b METALOWY UNIWERSALNY 25 MM DO TAPET WYK\u0141ADZIN\"","og_url":"https:\/\/bobimarket.pl\/index.php\/produkt\/noz-metalowy-uniwersalny-25-mm-do-tapet-wykladzin\/","og_site_name":"BOBIMARKET.pl - Remontuj i urz\u0105dzaj z nami","article_modified_time":"2025-09-01T09:03:10+00:00","og_image":[{"url":"https:\/\/upload.cdn.baselinker.com\/products\/14476\/1be6e1634920566d6dd14ae92932c0e6.jpg"}],"twitter_card":"summary_large_image","twitter_misc":{"Szacowany czas czytania":"1 minuta"},"schema":{"@context":"https:\/\/schema.org","@graph":[{"@type":"WebPage","@id":"https:\/\/bobimarket.pl\/index.php\/produkt\/noz-metalowy-uniwersalny-25-mm-do-tapet-wykladzin\/","url":"https:\/\/bobimarket.pl\/index.php\/produkt\/noz-metalowy-uniwersalny-25-mm-do-tapet-wykladzin\/","name":"N\u00d3\u017b METALOWY UNIWERSALNY 25 MM DO TAPET WYK\u0141ADZIN - BOBIMARKET.pl - Remontuj i urz\u0105dzaj z nami","isPartOf":{"@id":"https:\/\/bobimarket.pl\/#website"},"datePublished":"2023-08-30T03:48:54+00:00","dateModified":"2025-09-01T09:03:10+00:00","breadcrumb":{"@id":"https:\/\/bobimarket.pl\/index.php\/produkt\/noz-metalowy-uniwersalny-25-mm-do-tapet-wykladzin\/#breadcrumb"},"inLanguage":"pl-PL","potentialAction":[{"@type":"ReadAction","target":["https:\/\/bobimarket.pl\/index.php\/produkt\/noz-metalowy-uniwersalny-25-mm-do-tapet-wykladzin\/"]}]},{"@type":"BreadcrumbList","@id":"https:\/\/bobimarket.pl\/index.php\/produkt\/noz-metalowy-uniwersalny-25-mm-do-tapet-wykladzin\/#breadcrumb","itemListElement":[{"@type":"ListItem","position":1,"name":"Strona g\u0142\u00f3wna","item":"https:\/\/bobimarket.pl\/"},{"@type":"ListItem","position":2,"name":"Sklep","item":"https:\/\/bobimarket.pl\/index.php\/shop\/"},{"@type":"ListItem","position":3,"name":"N\u00d3\u017b METALOWY UNIWERSALNY 25 MM DO TAPET WYK\u0141ADZIN"}]},{"@type":"WebSite","@id":"https:\/\/bobimarket.pl\/#website","url":"https:\/\/bobimarket.pl\/","name":"BOBIMARKET.pl - Remontuj i urz\u0105dzaj z nami","description":"Remontuj i urz\u0105dzaj z nami","publisher":{"@id":"https:\/\/bobimarket.pl\/#organization"},"potentialAction":[{"@type":"SearchAction","target":{"@type":"EntryPoint","urlTemplate":"https:\/\/bobimarket.pl\/?s={search_term_string}"},"query-input":"required name=search_term_string"}],"inLanguage":"pl-PL"},{"@type":"Organization","@id":"https:\/\/bobimarket.pl\/#organization","name":"BOBIMARKET.pl","url":"https:\/\/bobimarket.pl\/","logo":{"@type":"ImageObject","inLanguage":"pl-PL","@id":"https:\/\/bobimarket.pl\/#\/schema\/logo\/image\/","url":"https:\/\/bobimarket.pl\/wp-content\/uploads\/2021\/11\/slogan.png","contentUrl":"https:\/\/bobimarket.pl\/wp-content\/uploads\/2021\/11\/slogan.png","width":2000,"height":384,"caption":"BOBIMARKET.pl"},"image":{"@id":"https:\/\/bobimarket.pl\/#\/schema\/logo\/image\/"}}]}},"_links":{"self":[{"href":"https:\/\/bobimarket.pl\/index.php\/wp-json\/wp\/v2\/product\/89888"}],"collection":[{"href":"https:\/\/bobimarket.pl\/index.php\/wp-json\/wp\/v2\/product"}],"about":[{"href":"https:\/\/bobimarket.pl\/index.php\/wp-json\/wp\/v2\/types\/product"}],"wp:featuredmedia":[{"embeddable":true,"href":"https:\/\/bobimarket.pl\/index.php\/wp-json\/wp\/v2\/media\/89887"}],"wp:attachment":[{"href":"https:\/\/bobimarket.pl\/index.php\/wp-json\/wp\/v2\/media?parent=89888"}],"wp:term":[{"taxonomy":"product_cat","embeddable":true,"href":"https:\/\/bobimarket.pl\/index.php\/wp-json\/wp\/v2\/product_cat?post=89888"},{"taxonomy":"product_tag","embeddable":true,"href":"https:\/\/bobimarket.pl\/index.php\/wp-json\/wp\/v2\/product_tag?post=89888"}],"curies":[{"name":"wp","href":"https:\/\/api.w.org\/{rel}","templated":true}]}}