{"id":89981,"date":"2023-08-30T03:53:15","date_gmt":"2023-08-30T03:53:15","guid":{"rendered":"https:\/\/bobimarket.pl\/index.php\/produkt\/wiertlo-do-drewna-lopatkowe-wiertla-hex-16-mm\/"},"modified":"2025-02-27T15:21:28","modified_gmt":"2025-02-27T15:21:28","slug":"wiertlo-do-drewna-lopatkowe-wiertla-hex-16-mm","status":"publish","type":"product","link":"https:\/\/bobimarket.pl\/index.php\/produkt\/wiertlo-do-drewna-lopatkowe-wiertla-hex-16-mm\/","title":{"rendered":"WIERT\u0141O DO DREWNA \u0141OPATKOWE WIERT\u0141A HEX 16 mm"},"content":{"rendered":"<section class=\"section\">\n<div class=\"item item-6\">\n<section class=\"image-item\">\n                <img decoding=\"async\" src=\"https:\/\/upload.cdn.baselinker.com\/products\/14476\/557d4b690945f01298f6caceea9f709e.jpg\" \/><br \/>\n            <\/section>\n<\/p><\/div>\n<div class=\"item item-6\">\n<section class=\"text-item\">\n<h2>WIERT\u0141O DO DREWNA \u0141OPATKOWE WIERT\u0141A HEX 16 mm<\/h2>\n<p><b>Informacje og\u00f3lne:<\/b><\/p>\n<ul>\n<li>\u015arednica wiert\u0142a: <b>16 mm<\/b><\/li>\n<li>Rodzaj: <b>\u0142opatkowe<\/b><\/li>\n<li>Tym mocowania: <b>HEX<\/b><\/li>\n<li>Przeznaczenie:<b> do drewna <\/b><\/li>\n<\/ul>\n<\/section><\/div>\n<\/section>\n<section class=\"section\">\n<div class=\"item item-6\">\n<section class=\"image-item\">\n                <img decoding=\"async\" src=\"https:\/\/upload.cdn.baselinker.com\/products\/14476\/da9e46876ac1ed9f3c1cff5956ca1c32.jpg\" \/><br \/>\n            <\/section>\n<\/p><\/div>\n<div class=\"item item-6\">\n<section class=\"text-item\">\n<p><b>Przydatny element wyposa\u017cenia Twojej skrzynki narz\u0119dziowej!<\/b><\/p>\n<p>Wiert\u0142a \u0142opatkowe inaczej zwane pi\u00f3rkowym lub p\u0142askim. Wykonane z stali narz\u0119dziowej<b>. <\/b>Materia\u0142 ten charakteryzuje si\u0119 du\u017c\u0105 wytrzyma\u0142o\u015bci\u0105. Charakterystyczna budowa <b>z ostrym wierzcho\u0142kiem u\u0142atwia pozycjonowanie wiert\u0142a. <\/b><\/p>\n<ul>\n<li>Cz\u0119\u015b\u0107 robocza jest sp\u0142aszczona i posiada dwie proste kraw\u0119dzie skrawaj\u0105ce.<\/li>\n<li>Chwyt ma profil sze\u015bciok\u0105ta dla pewnego zamocowania w uchwycie wiertarskim.<\/li>\n<\/ul>\n<p><b>\u2705 Zastosowanie:<\/b><\/p>\n<p>Wiert\u0142o \u0142opatkowe sprawdzi si\u0119 u profesjonalist\u00f3w i majsterkowicz\u00f3w. Stosowane g\u0142\u00f3wnie <b>do wiercenia otwor\u00f3w o wi\u0119kszych \u015brednicach.\u00a0<\/b><\/p>\n<p>Przeznaczone do obr\u00f3bki drewna i materia\u0142\u00f3w drewnopodobnych tj.:<\/p>\n<ul>\n<li>naturalne drewno mi\u0119kki i twarde<\/li>\n<li>sklejka<\/li>\n<li>p\u0142yty kartonowo-gipsowe<\/li>\n<li>inne drewniane materia\u0142y budowlane.<\/li>\n<\/ul>\n<\/section><\/div>\n<\/section>\n","protected":false},"excerpt":{"rendered":"<p>WIERT\u0141O DO DREWNA \u0141OPATKOWE WIERT\u0141A HEX 16 mm Informacje og\u00f3lne: \u015arednica wiert\u0142a: 16 mm Rodzaj: \u0142opatkowe Tym mocowania: HEX Przeznaczenie: do drewna Przydatny element wyposa\u017cenia Twojej skrzynki narz\u0119dziowej! Wiert\u0142a \u0142opatkowe inaczej zwane pi\u00f3rkowym lub p\u0142askim. Wykonane z stali narz\u0119dziowej. Materia\u0142 ten charakteryzuje si\u0119 du\u017c\u0105 wytrzyma\u0142o\u015bci\u0105. Charakterystyczna budowa z ostrym wierzcho\u0142kiem u\u0142atwia pozycjonowanie wiert\u0142a. Cz\u0119\u015b\u0107 robocza<br \/><a class=\"more-link\" href=\"https:\/\/bobimarket.pl\/index.php\/produkt\/wiertlo-do-drewna-lopatkowe-wiertla-hex-16-mm\/\"><br \/>\n        Czytaj wi\u0119cej<span class=\"screen-reader-text\"> &#8222;WIERT\u0141O DO DREWNA \u0141OPATKOWE WIERT\u0141A HEX 16 mm&#8221;<\/span><\/a><\/p>\n","protected":false},"featured_media":89978,"template":"","meta":[],"product_cat":[8108],"product_tag":[],"yoast_head":"<!-- This site is optimized with the Yoast SEO plugin v21.0 - https:\/\/yoast.com\/wordpress\/plugins\/seo\/ -->\n<title>WIERT\u0141O DO DREWNA \u0141OPATKOWE WIERT\u0141A HEX 16 mm - BOBIMARKET.pl - Remontuj i urz\u0105dzaj z nami<\/title>\n<meta name=\"robots\" content=\"index, follow, max-snippet:-1, max-image-preview:large, max-video-preview:-1\" \/>\n<link rel=\"canonical\" href=\"https:\/\/bobimarket.pl\/index.php\/produkt\/wiertlo-do-drewna-lopatkowe-wiertla-hex-16-mm\/\" \/>\n<meta property=\"og:locale\" content=\"pl_PL\" \/>\n<meta property=\"og:type\" content=\"article\" \/>\n<meta property=\"og:title\" content=\"WIERT\u0141O DO DREWNA \u0141OPATKOWE WIERT\u0141A HEX 16 mm - BOBIMARKET.pl - Remontuj i urz\u0105dzaj z nami\" \/>\n<meta property=\"og:description\" content=\"WIERT\u0141O DO DREWNA \u0141OPATKOWE WIERT\u0141A HEX 16 mm Informacje og\u00f3lne: \u015arednica wiert\u0142a: 16 mm Rodzaj: \u0142opatkowe Tym mocowania: HEX Przeznaczenie: do drewna Przydatny element wyposa\u017cenia Twojej skrzynki narz\u0119dziowej! Wiert\u0142a \u0142opatkowe inaczej zwane pi\u00f3rkowym lub p\u0142askim. Wykonane z stali narz\u0119dziowej. Materia\u0142 ten charakteryzuje si\u0119 du\u017c\u0105 wytrzyma\u0142o\u015bci\u0105. Charakterystyczna budowa z ostrym wierzcho\u0142kiem u\u0142atwia pozycjonowanie wiert\u0142a. Cz\u0119\u015b\u0107 robocza     Czytaj wi\u0119cej &quot;WIERT\u0141O DO DREWNA \u0141OPATKOWE WIERT\u0141A HEX 16 mm&quot;\" \/>\n<meta property=\"og:url\" content=\"https:\/\/bobimarket.pl\/index.php\/produkt\/wiertlo-do-drewna-lopatkowe-wiertla-hex-16-mm\/\" \/>\n<meta property=\"og:site_name\" content=\"BOBIMARKET.pl - Remontuj i urz\u0105dzaj z nami\" \/>\n<meta property=\"article:modified_time\" content=\"2025-02-27T15:21:28+00:00\" \/>\n<meta property=\"og:image\" content=\"https:\/\/upload.cdn.baselinker.com\/products\/14476\/557d4b690945f01298f6caceea9f709e.jpg\" \/>\n<meta name=\"twitter:card\" content=\"summary_large_image\" \/>\n<meta name=\"twitter:label1\" content=\"Szacowany czas czytania\" \/>\n\t<meta name=\"twitter:data1\" content=\"1 minuta\" \/>\n<script type=\"application\/ld+json\" class=\"yoast-schema-graph\">{\"@context\":\"https:\/\/schema.org\",\"@graph\":[{\"@type\":\"WebPage\",\"@id\":\"https:\/\/bobimarket.pl\/index.php\/produkt\/wiertlo-do-drewna-lopatkowe-wiertla-hex-16-mm\/\",\"url\":\"https:\/\/bobimarket.pl\/index.php\/produkt\/wiertlo-do-drewna-lopatkowe-wiertla-hex-16-mm\/\",\"name\":\"WIERT\u0141O DO DREWNA \u0141OPATKOWE WIERT\u0141A HEX 16 mm - BOBIMARKET.pl - Remontuj i urz\u0105dzaj z nami\",\"isPartOf\":{\"@id\":\"https:\/\/bobimarket.pl\/#website\"},\"datePublished\":\"2023-08-30T03:53:15+00:00\",\"dateModified\":\"2025-02-27T15:21:28+00:00\",\"breadcrumb\":{\"@id\":\"https:\/\/bobimarket.pl\/index.php\/produkt\/wiertlo-do-drewna-lopatkowe-wiertla-hex-16-mm\/#breadcrumb\"},\"inLanguage\":\"pl-PL\",\"potentialAction\":[{\"@type\":\"ReadAction\",\"target\":[\"https:\/\/bobimarket.pl\/index.php\/produkt\/wiertlo-do-drewna-lopatkowe-wiertla-hex-16-mm\/\"]}]},{\"@type\":\"BreadcrumbList\",\"@id\":\"https:\/\/bobimarket.pl\/index.php\/produkt\/wiertlo-do-drewna-lopatkowe-wiertla-hex-16-mm\/#breadcrumb\",\"itemListElement\":[{\"@type\":\"ListItem\",\"position\":1,\"name\":\"Strona g\u0142\u00f3wna\",\"item\":\"https:\/\/bobimarket.pl\/\"},{\"@type\":\"ListItem\",\"position\":2,\"name\":\"Sklep\",\"item\":\"https:\/\/bobimarket.pl\/index.php\/shop\/\"},{\"@type\":\"ListItem\",\"position\":3,\"name\":\"WIERT\u0141O DO DREWNA \u0141OPATKOWE WIERT\u0141A HEX 16 mm\"}]},{\"@type\":\"WebSite\",\"@id\":\"https:\/\/bobimarket.pl\/#website\",\"url\":\"https:\/\/bobimarket.pl\/\",\"name\":\"BOBIMARKET.pl - Remontuj i urz\u0105dzaj z nami\",\"description\":\"Remontuj i urz\u0105dzaj z nami\",\"publisher\":{\"@id\":\"https:\/\/bobimarket.pl\/#organization\"},\"potentialAction\":[{\"@type\":\"SearchAction\",\"target\":{\"@type\":\"EntryPoint\",\"urlTemplate\":\"https:\/\/bobimarket.pl\/?s={search_term_string}\"},\"query-input\":\"required name=search_term_string\"}],\"inLanguage\":\"pl-PL\"},{\"@type\":\"Organization\",\"@id\":\"https:\/\/bobimarket.pl\/#organization\",\"name\":\"BOBIMARKET.pl\",\"url\":\"https:\/\/bobimarket.pl\/\",\"logo\":{\"@type\":\"ImageObject\",\"inLanguage\":\"pl-PL\",\"@id\":\"https:\/\/bobimarket.pl\/#\/schema\/logo\/image\/\",\"url\":\"https:\/\/bobimarket.pl\/wp-content\/uploads\/2021\/11\/slogan.png\",\"contentUrl\":\"https:\/\/bobimarket.pl\/wp-content\/uploads\/2021\/11\/slogan.png\",\"width\":2000,\"height\":384,\"caption\":\"BOBIMARKET.pl\"},\"image\":{\"@id\":\"https:\/\/bobimarket.pl\/#\/schema\/logo\/image\/\"}}]}<\/script>\n<!-- \/ Yoast SEO plugin. -->","yoast_head_json":{"title":"WIERT\u0141O DO DREWNA \u0141OPATKOWE WIERT\u0141A HEX 16 mm - BOBIMARKET.pl - Remontuj i urz\u0105dzaj z nami","robots":{"index":"index","follow":"follow","max-snippet":"max-snippet:-1","max-image-preview":"max-image-preview:large","max-video-preview":"max-video-preview:-1"},"canonical":"https:\/\/bobimarket.pl\/index.php\/produkt\/wiertlo-do-drewna-lopatkowe-wiertla-hex-16-mm\/","og_locale":"pl_PL","og_type":"article","og_title":"WIERT\u0141O DO DREWNA \u0141OPATKOWE WIERT\u0141A HEX 16 mm - BOBIMARKET.pl - Remontuj i urz\u0105dzaj z nami","og_description":"WIERT\u0141O DO DREWNA \u0141OPATKOWE WIERT\u0141A HEX 16 mm Informacje og\u00f3lne: \u015arednica wiert\u0142a: 16 mm Rodzaj: \u0142opatkowe Tym mocowania: HEX Przeznaczenie: do drewna Przydatny element wyposa\u017cenia Twojej skrzynki narz\u0119dziowej! Wiert\u0142a \u0142opatkowe inaczej zwane pi\u00f3rkowym lub p\u0142askim. Wykonane z stali narz\u0119dziowej. Materia\u0142 ten charakteryzuje si\u0119 du\u017c\u0105 wytrzyma\u0142o\u015bci\u0105. Charakterystyczna budowa z ostrym wierzcho\u0142kiem u\u0142atwia pozycjonowanie wiert\u0142a. Cz\u0119\u015b\u0107 robocza     Czytaj wi\u0119cej \"WIERT\u0141O DO DREWNA \u0141OPATKOWE WIERT\u0141A HEX 16 mm\"","og_url":"https:\/\/bobimarket.pl\/index.php\/produkt\/wiertlo-do-drewna-lopatkowe-wiertla-hex-16-mm\/","og_site_name":"BOBIMARKET.pl - Remontuj i urz\u0105dzaj z nami","article_modified_time":"2025-02-27T15:21:28+00:00","og_image":[{"url":"https:\/\/upload.cdn.baselinker.com\/products\/14476\/557d4b690945f01298f6caceea9f709e.jpg"}],"twitter_card":"summary_large_image","twitter_misc":{"Szacowany czas czytania":"1 minuta"},"schema":{"@context":"https:\/\/schema.org","@graph":[{"@type":"WebPage","@id":"https:\/\/bobimarket.pl\/index.php\/produkt\/wiertlo-do-drewna-lopatkowe-wiertla-hex-16-mm\/","url":"https:\/\/bobimarket.pl\/index.php\/produkt\/wiertlo-do-drewna-lopatkowe-wiertla-hex-16-mm\/","name":"WIERT\u0141O DO DREWNA \u0141OPATKOWE WIERT\u0141A HEX 16 mm - BOBIMARKET.pl - Remontuj i urz\u0105dzaj z nami","isPartOf":{"@id":"https:\/\/bobimarket.pl\/#website"},"datePublished":"2023-08-30T03:53:15+00:00","dateModified":"2025-02-27T15:21:28+00:00","breadcrumb":{"@id":"https:\/\/bobimarket.pl\/index.php\/produkt\/wiertlo-do-drewna-lopatkowe-wiertla-hex-16-mm\/#breadcrumb"},"inLanguage":"pl-PL","potentialAction":[{"@type":"ReadAction","target":["https:\/\/bobimarket.pl\/index.php\/produkt\/wiertlo-do-drewna-lopatkowe-wiertla-hex-16-mm\/"]}]},{"@type":"BreadcrumbList","@id":"https:\/\/bobimarket.pl\/index.php\/produkt\/wiertlo-do-drewna-lopatkowe-wiertla-hex-16-mm\/#breadcrumb","itemListElement":[{"@type":"ListItem","position":1,"name":"Strona g\u0142\u00f3wna","item":"https:\/\/bobimarket.pl\/"},{"@type":"ListItem","position":2,"name":"Sklep","item":"https:\/\/bobimarket.pl\/index.php\/shop\/"},{"@type":"ListItem","position":3,"name":"WIERT\u0141O DO DREWNA \u0141OPATKOWE WIERT\u0141A HEX 16 mm"}]},{"@type":"WebSite","@id":"https:\/\/bobimarket.pl\/#website","url":"https:\/\/bobimarket.pl\/","name":"BOBIMARKET.pl - Remontuj i urz\u0105dzaj z nami","description":"Remontuj i urz\u0105dzaj z nami","publisher":{"@id":"https:\/\/bobimarket.pl\/#organization"},"potentialAction":[{"@type":"SearchAction","target":{"@type":"EntryPoint","urlTemplate":"https:\/\/bobimarket.pl\/?s={search_term_string}"},"query-input":"required name=search_term_string"}],"inLanguage":"pl-PL"},{"@type":"Organization","@id":"https:\/\/bobimarket.pl\/#organization","name":"BOBIMARKET.pl","url":"https:\/\/bobimarket.pl\/","logo":{"@type":"ImageObject","inLanguage":"pl-PL","@id":"https:\/\/bobimarket.pl\/#\/schema\/logo\/image\/","url":"https:\/\/bobimarket.pl\/wp-content\/uploads\/2021\/11\/slogan.png","contentUrl":"https:\/\/bobimarket.pl\/wp-content\/uploads\/2021\/11\/slogan.png","width":2000,"height":384,"caption":"BOBIMARKET.pl"},"image":{"@id":"https:\/\/bobimarket.pl\/#\/schema\/logo\/image\/"}}]}},"_links":{"self":[{"href":"https:\/\/bobimarket.pl\/index.php\/wp-json\/wp\/v2\/product\/89981"}],"collection":[{"href":"https:\/\/bobimarket.pl\/index.php\/wp-json\/wp\/v2\/product"}],"about":[{"href":"https:\/\/bobimarket.pl\/index.php\/wp-json\/wp\/v2\/types\/product"}],"wp:featuredmedia":[{"embeddable":true,"href":"https:\/\/bobimarket.pl\/index.php\/wp-json\/wp\/v2\/media\/89978"}],"wp:attachment":[{"href":"https:\/\/bobimarket.pl\/index.php\/wp-json\/wp\/v2\/media?parent=89981"}],"wp:term":[{"taxonomy":"product_cat","embeddable":true,"href":"https:\/\/bobimarket.pl\/index.php\/wp-json\/wp\/v2\/product_cat?post=89981"},{"taxonomy":"product_tag","embeddable":true,"href":"https:\/\/bobimarket.pl\/index.php\/wp-json\/wp\/v2\/product_tag?post=89981"}],"curies":[{"name":"wp","href":"https:\/\/api.w.org\/{rel}","templated":true}]}}