{"id":90013,"date":"2023-08-30T03:54:36","date_gmt":"2023-08-30T03:54:36","guid":{"rendered":"https:\/\/bobimarket.pl\/index.php\/produkt\/krazek-scierny-papier-na-rzep-125-mm-gr240-5-szt\/"},"modified":"2025-02-27T15:22:08","modified_gmt":"2025-02-27T15:22:08","slug":"krazek-scierny-papier-na-rzep-125-mm-gr240-5-szt","status":"publish","type":"product","link":"https:\/\/bobimarket.pl\/index.php\/produkt\/krazek-scierny-papier-na-rzep-125-mm-gr240-5-szt\/","title":{"rendered":"KR\u0104\u017bEK \u015aCIERNY PAPIER NA RZEP 125 mm GR240 5 szt."},"content":{"rendered":"<section class=\"section\">\n<div class=\"item item-12\">\n<section class=\"text-item\">\n<h2>KR\u0104\u017bEK \u015aCIERNY PAPIER NA RZEP 125 mm GR240 5 szt.<\/h2>\n<p><b>Informacje og\u00f3lne:<\/b><\/p>\n<ul>\n<li>\u015arednica:<b> 125 mm<\/b><\/li>\n<li>Gradacja: <b>240<\/b><\/li>\n<li>Rodzaj: kr\u0105\u017cek \u015bcierny z otworami<\/li>\n<\/ul>\n<h2>Zestaw zawiera 5 szt. kr\u0105\u017ck\u00f3w!<\/h2>\n<\/section><\/div>\n<\/section>\n<section class=\"section\">\n<div class=\"item item-12\">\n<section class=\"image-item\">\n            <img decoding=\"async\" src=\"https:\/\/upload.cdn.baselinker.com\/products\/14476\/196e62fd2bb11b77d54b391e3967f743.jpg\" \/><br \/>\n        <\/section>\n<\/p><\/div>\n<\/section>\n<section class=\"section\">\n<div class=\"item item-12\">\n<section class=\"text-item\">\n<p>Praktyczny zestaw <b>5 szt. papieru \u015bciernego <\/b>na rzep! Kr\u0105\u017cki \u015bcierne mog\u0105 pos\u0142u\u017cy\u0107 do pracy w profesjonalnym lub przydomowym warsztacie! Wykorzystasz je jako idealne uzupe\u0142nienie Twojej szlifierki, zapewniaj\u0105c jej wydajniejsz\u0105 prac\u0119.<\/p>\n<ul>\n<li>Przyda si\u0119 do wyg\u0142adzania r\u00f3\u017cnego rodzaju powierzchni.<\/li>\n<li>Ka\u017cdy kr\u0105\u017cek posiada <b>rzep<\/b>, kt\u00f3ry pozwala na szybk\u0105 wymian\u0119 zu\u017cytego papieru na nowy.<\/li>\n<\/ul>\n<\/section><\/div>\n<\/section>\n<section class=\"section\">\n<div class=\"item item-12\">\n<section class=\"image-item\">\n            <img decoding=\"async\" src=\"https:\/\/upload.cdn.baselinker.com\/products\/14476\/c43a7b4a9904acdc39e6dbd234659404.jpg\" \/><br \/>\n        <\/section>\n<\/p><\/div>\n<\/section>\n<section class=\"section\">\n<div class=\"item item-12\">\n<section class=\"text-item\">\n<h2>Zastosowanie:<\/h2>\n<p>\u2611\ufe0f\u00a0 Produkt pozwoli Ci <b>przygotowa\u0107 materia\u0142 drewniane do malowania<\/b> \u2013 dzi\u0119ki niemu usuniesz zabrudzenia oraz wyr\u00f3wnasz powierzchni\u0119, tak by aplikowana farba wch\u0142ania\u0142a si\u0119 r\u00f3wnomiernie.<\/p>\n<p>\u2611\ufe0f Kr\u0105\u017cek umo\u017cliwi Ci tak\u017ce <b>usuni\u0119cie pozosta\u0142o\u015bci farby<\/b> lub <b>rdzy z metalowych powierzchni.<\/b><\/p>\n<p>Przeznaczony do obr\u00f3bki materia\u0142\u00f3w takich jak:<\/p>\n<ul>\n<li>drewno<\/li>\n<li>materia\u0142y drewnopochodne<\/li>\n<li>p\u0142yty wi\u00f3rowy i budowlane<\/li>\n<li>metal i innych materia\u0142\u00f3w.<\/li>\n<\/ul>\n<p><b>W zestawie znajdziesz 5 sztuk kr\u0105\u017ck\u00f3w,\u00a0 masz wi\u0119c mo\u017cliwo\u015b\u0107 jego wymiany w przypadku wytarcia lub\u00a0 pracy na du\u017cych powierzchniach.<\/b><\/p>\n<\/section><\/div>\n<\/section>\n<section class=\"section\">\n<div class=\"item item-12\">\n<section class=\"image-item\">\n            <img decoding=\"async\" src=\"https:\/\/upload.cdn.baselinker.com\/products\/14476\/196e62fd2bb11b77d54b391e3967f743.jpg\" \/><br \/>\n        <\/section>\n<\/p><\/div>\n<\/section>\n","protected":false},"excerpt":{"rendered":"<p>KR\u0104\u017bEK \u015aCIERNY PAPIER NA RZEP 125 mm GR240 5 szt. Informacje og\u00f3lne: \u015arednica: 125 mm Gradacja: 240 Rodzaj: kr\u0105\u017cek \u015bcierny z otworami Zestaw zawiera 5 szt. kr\u0105\u017ck\u00f3w! Praktyczny zestaw 5 szt. papieru \u015bciernego na rzep! Kr\u0105\u017cki \u015bcierne mog\u0105 pos\u0142u\u017cy\u0107 do pracy w profesjonalnym lub przydomowym warsztacie! Wykorzystasz je jako idealne uzupe\u0142nienie Twojej szlifierki, zapewniaj\u0105c jej<br \/><a class=\"more-link\" href=\"https:\/\/bobimarket.pl\/index.php\/produkt\/krazek-scierny-papier-na-rzep-125-mm-gr240-5-szt\/\"><br \/>\n        Czytaj wi\u0119cej<span class=\"screen-reader-text\"> &#8222;KR\u0104\u017bEK \u015aCIERNY PAPIER NA RZEP 125 mm GR240 5 szt.&#8221;<\/span><\/a><\/p>\n","protected":false},"featured_media":90011,"template":"","meta":[],"product_cat":[8138],"product_tag":[],"yoast_head":"<!-- This site is optimized with the Yoast SEO plugin v21.0 - https:\/\/yoast.com\/wordpress\/plugins\/seo\/ -->\n<title>KR\u0104\u017bEK \u015aCIERNY PAPIER NA RZEP 125 mm GR240 5 szt. - BOBIMARKET.pl - Remontuj i urz\u0105dzaj z nami<\/title>\n<meta name=\"robots\" content=\"index, follow, max-snippet:-1, max-image-preview:large, max-video-preview:-1\" \/>\n<link rel=\"canonical\" href=\"https:\/\/bobimarket.pl\/index.php\/produkt\/krazek-scierny-papier-na-rzep-125-mm-gr240-5-szt\/\" \/>\n<meta property=\"og:locale\" content=\"pl_PL\" \/>\n<meta property=\"og:type\" content=\"article\" \/>\n<meta property=\"og:title\" content=\"KR\u0104\u017bEK \u015aCIERNY PAPIER NA RZEP 125 mm GR240 5 szt. - BOBIMARKET.pl - Remontuj i urz\u0105dzaj z nami\" \/>\n<meta property=\"og:description\" content=\"KR\u0104\u017bEK \u015aCIERNY PAPIER NA RZEP 125 mm GR240 5 szt. Informacje og\u00f3lne: \u015arednica: 125 mm Gradacja: 240 Rodzaj: kr\u0105\u017cek \u015bcierny z otworami Zestaw zawiera 5 szt. kr\u0105\u017ck\u00f3w! Praktyczny zestaw 5 szt. papieru \u015bciernego na rzep! Kr\u0105\u017cki \u015bcierne mog\u0105 pos\u0142u\u017cy\u0107 do pracy w profesjonalnym lub przydomowym warsztacie! Wykorzystasz je jako idealne uzupe\u0142nienie Twojej szlifierki, zapewniaj\u0105c jej     Czytaj wi\u0119cej &quot;KR\u0104\u017bEK \u015aCIERNY PAPIER NA RZEP 125 mm GR240 5 szt.&quot;\" \/>\n<meta property=\"og:url\" content=\"https:\/\/bobimarket.pl\/index.php\/produkt\/krazek-scierny-papier-na-rzep-125-mm-gr240-5-szt\/\" \/>\n<meta property=\"og:site_name\" content=\"BOBIMARKET.pl - Remontuj i urz\u0105dzaj z nami\" \/>\n<meta property=\"article:modified_time\" content=\"2025-02-27T15:22:08+00:00\" \/>\n<meta property=\"og:image\" content=\"https:\/\/upload.cdn.baselinker.com\/products\/14476\/196e62fd2bb11b77d54b391e3967f743.jpg\" \/>\n<meta name=\"twitter:card\" content=\"summary_large_image\" \/>\n<meta name=\"twitter:label1\" content=\"Szacowany czas czytania\" \/>\n\t<meta name=\"twitter:data1\" content=\"1 minuta\" \/>\n<script type=\"application\/ld+json\" class=\"yoast-schema-graph\">{\"@context\":\"https:\/\/schema.org\",\"@graph\":[{\"@type\":\"WebPage\",\"@id\":\"https:\/\/bobimarket.pl\/index.php\/produkt\/krazek-scierny-papier-na-rzep-125-mm-gr240-5-szt\/\",\"url\":\"https:\/\/bobimarket.pl\/index.php\/produkt\/krazek-scierny-papier-na-rzep-125-mm-gr240-5-szt\/\",\"name\":\"KR\u0104\u017bEK \u015aCIERNY PAPIER NA RZEP 125 mm GR240 5 szt. - BOBIMARKET.pl - Remontuj i urz\u0105dzaj z nami\",\"isPartOf\":{\"@id\":\"https:\/\/bobimarket.pl\/#website\"},\"datePublished\":\"2023-08-30T03:54:36+00:00\",\"dateModified\":\"2025-02-27T15:22:08+00:00\",\"breadcrumb\":{\"@id\":\"https:\/\/bobimarket.pl\/index.php\/produkt\/krazek-scierny-papier-na-rzep-125-mm-gr240-5-szt\/#breadcrumb\"},\"inLanguage\":\"pl-PL\",\"potentialAction\":[{\"@type\":\"ReadAction\",\"target\":[\"https:\/\/bobimarket.pl\/index.php\/produkt\/krazek-scierny-papier-na-rzep-125-mm-gr240-5-szt\/\"]}]},{\"@type\":\"BreadcrumbList\",\"@id\":\"https:\/\/bobimarket.pl\/index.php\/produkt\/krazek-scierny-papier-na-rzep-125-mm-gr240-5-szt\/#breadcrumb\",\"itemListElement\":[{\"@type\":\"ListItem\",\"position\":1,\"name\":\"Strona g\u0142\u00f3wna\",\"item\":\"https:\/\/bobimarket.pl\/\"},{\"@type\":\"ListItem\",\"position\":2,\"name\":\"Sklep\",\"item\":\"https:\/\/bobimarket.pl\/index.php\/shop\/\"},{\"@type\":\"ListItem\",\"position\":3,\"name\":\"KR\u0104\u017bEK \u015aCIERNY PAPIER NA RZEP 125 mm GR240 5 szt.\"}]},{\"@type\":\"WebSite\",\"@id\":\"https:\/\/bobimarket.pl\/#website\",\"url\":\"https:\/\/bobimarket.pl\/\",\"name\":\"BOBIMARKET.pl - Remontuj i urz\u0105dzaj z nami\",\"description\":\"Remontuj i urz\u0105dzaj z nami\",\"publisher\":{\"@id\":\"https:\/\/bobimarket.pl\/#organization\"},\"potentialAction\":[{\"@type\":\"SearchAction\",\"target\":{\"@type\":\"EntryPoint\",\"urlTemplate\":\"https:\/\/bobimarket.pl\/?s={search_term_string}\"},\"query-input\":\"required name=search_term_string\"}],\"inLanguage\":\"pl-PL\"},{\"@type\":\"Organization\",\"@id\":\"https:\/\/bobimarket.pl\/#organization\",\"name\":\"BOBIMARKET.pl\",\"url\":\"https:\/\/bobimarket.pl\/\",\"logo\":{\"@type\":\"ImageObject\",\"inLanguage\":\"pl-PL\",\"@id\":\"https:\/\/bobimarket.pl\/#\/schema\/logo\/image\/\",\"url\":\"https:\/\/bobimarket.pl\/wp-content\/uploads\/2021\/11\/slogan.png\",\"contentUrl\":\"https:\/\/bobimarket.pl\/wp-content\/uploads\/2021\/11\/slogan.png\",\"width\":2000,\"height\":384,\"caption\":\"BOBIMARKET.pl\"},\"image\":{\"@id\":\"https:\/\/bobimarket.pl\/#\/schema\/logo\/image\/\"}}]}<\/script>\n<!-- \/ Yoast SEO plugin. -->","yoast_head_json":{"title":"KR\u0104\u017bEK \u015aCIERNY PAPIER NA RZEP 125 mm GR240 5 szt. - BOBIMARKET.pl - Remontuj i urz\u0105dzaj z nami","robots":{"index":"index","follow":"follow","max-snippet":"max-snippet:-1","max-image-preview":"max-image-preview:large","max-video-preview":"max-video-preview:-1"},"canonical":"https:\/\/bobimarket.pl\/index.php\/produkt\/krazek-scierny-papier-na-rzep-125-mm-gr240-5-szt\/","og_locale":"pl_PL","og_type":"article","og_title":"KR\u0104\u017bEK \u015aCIERNY PAPIER NA RZEP 125 mm GR240 5 szt. - BOBIMARKET.pl - Remontuj i urz\u0105dzaj z nami","og_description":"KR\u0104\u017bEK \u015aCIERNY PAPIER NA RZEP 125 mm GR240 5 szt. Informacje og\u00f3lne: \u015arednica: 125 mm Gradacja: 240 Rodzaj: kr\u0105\u017cek \u015bcierny z otworami Zestaw zawiera 5 szt. kr\u0105\u017ck\u00f3w! Praktyczny zestaw 5 szt. papieru \u015bciernego na rzep! Kr\u0105\u017cki \u015bcierne mog\u0105 pos\u0142u\u017cy\u0107 do pracy w profesjonalnym lub przydomowym warsztacie! Wykorzystasz je jako idealne uzupe\u0142nienie Twojej szlifierki, zapewniaj\u0105c jej     Czytaj wi\u0119cej \"KR\u0104\u017bEK \u015aCIERNY PAPIER NA RZEP 125 mm GR240 5 szt.\"","og_url":"https:\/\/bobimarket.pl\/index.php\/produkt\/krazek-scierny-papier-na-rzep-125-mm-gr240-5-szt\/","og_site_name":"BOBIMARKET.pl - Remontuj i urz\u0105dzaj z nami","article_modified_time":"2025-02-27T15:22:08+00:00","og_image":[{"url":"https:\/\/upload.cdn.baselinker.com\/products\/14476\/196e62fd2bb11b77d54b391e3967f743.jpg"}],"twitter_card":"summary_large_image","twitter_misc":{"Szacowany czas czytania":"1 minuta"},"schema":{"@context":"https:\/\/schema.org","@graph":[{"@type":"WebPage","@id":"https:\/\/bobimarket.pl\/index.php\/produkt\/krazek-scierny-papier-na-rzep-125-mm-gr240-5-szt\/","url":"https:\/\/bobimarket.pl\/index.php\/produkt\/krazek-scierny-papier-na-rzep-125-mm-gr240-5-szt\/","name":"KR\u0104\u017bEK \u015aCIERNY PAPIER NA RZEP 125 mm GR240 5 szt. - BOBIMARKET.pl - Remontuj i urz\u0105dzaj z nami","isPartOf":{"@id":"https:\/\/bobimarket.pl\/#website"},"datePublished":"2023-08-30T03:54:36+00:00","dateModified":"2025-02-27T15:22:08+00:00","breadcrumb":{"@id":"https:\/\/bobimarket.pl\/index.php\/produkt\/krazek-scierny-papier-na-rzep-125-mm-gr240-5-szt\/#breadcrumb"},"inLanguage":"pl-PL","potentialAction":[{"@type":"ReadAction","target":["https:\/\/bobimarket.pl\/index.php\/produkt\/krazek-scierny-papier-na-rzep-125-mm-gr240-5-szt\/"]}]},{"@type":"BreadcrumbList","@id":"https:\/\/bobimarket.pl\/index.php\/produkt\/krazek-scierny-papier-na-rzep-125-mm-gr240-5-szt\/#breadcrumb","itemListElement":[{"@type":"ListItem","position":1,"name":"Strona g\u0142\u00f3wna","item":"https:\/\/bobimarket.pl\/"},{"@type":"ListItem","position":2,"name":"Sklep","item":"https:\/\/bobimarket.pl\/index.php\/shop\/"},{"@type":"ListItem","position":3,"name":"KR\u0104\u017bEK \u015aCIERNY PAPIER NA RZEP 125 mm GR240 5 szt."}]},{"@type":"WebSite","@id":"https:\/\/bobimarket.pl\/#website","url":"https:\/\/bobimarket.pl\/","name":"BOBIMARKET.pl - Remontuj i urz\u0105dzaj z nami","description":"Remontuj i urz\u0105dzaj z nami","publisher":{"@id":"https:\/\/bobimarket.pl\/#organization"},"potentialAction":[{"@type":"SearchAction","target":{"@type":"EntryPoint","urlTemplate":"https:\/\/bobimarket.pl\/?s={search_term_string}"},"query-input":"required name=search_term_string"}],"inLanguage":"pl-PL"},{"@type":"Organization","@id":"https:\/\/bobimarket.pl\/#organization","name":"BOBIMARKET.pl","url":"https:\/\/bobimarket.pl\/","logo":{"@type":"ImageObject","inLanguage":"pl-PL","@id":"https:\/\/bobimarket.pl\/#\/schema\/logo\/image\/","url":"https:\/\/bobimarket.pl\/wp-content\/uploads\/2021\/11\/slogan.png","contentUrl":"https:\/\/bobimarket.pl\/wp-content\/uploads\/2021\/11\/slogan.png","width":2000,"height":384,"caption":"BOBIMARKET.pl"},"image":{"@id":"https:\/\/bobimarket.pl\/#\/schema\/logo\/image\/"}}]}},"_links":{"self":[{"href":"https:\/\/bobimarket.pl\/index.php\/wp-json\/wp\/v2\/product\/90013"}],"collection":[{"href":"https:\/\/bobimarket.pl\/index.php\/wp-json\/wp\/v2\/product"}],"about":[{"href":"https:\/\/bobimarket.pl\/index.php\/wp-json\/wp\/v2\/types\/product"}],"wp:featuredmedia":[{"embeddable":true,"href":"https:\/\/bobimarket.pl\/index.php\/wp-json\/wp\/v2\/media\/90011"}],"wp:attachment":[{"href":"https:\/\/bobimarket.pl\/index.php\/wp-json\/wp\/v2\/media?parent=90013"}],"wp:term":[{"taxonomy":"product_cat","embeddable":true,"href":"https:\/\/bobimarket.pl\/index.php\/wp-json\/wp\/v2\/product_cat?post=90013"},{"taxonomy":"product_tag","embeddable":true,"href":"https:\/\/bobimarket.pl\/index.php\/wp-json\/wp\/v2\/product_tag?post=90013"}],"curies":[{"name":"wp","href":"https:\/\/api.w.org\/{rel}","templated":true}]}}