{"id":90100,"date":"2023-08-30T03:58:42","date_gmt":"2023-08-30T03:58:42","guid":{"rendered":"https:\/\/bobimarket.pl\/index.php\/produkt\/wiertlo-do-ceramiki-gresu-plytek-6x100-mm\/"},"modified":"2025-02-27T15:23:48","modified_gmt":"2025-02-27T15:23:48","slug":"wiertlo-do-ceramiki-gresu-plytek-6x100-mm","status":"publish","type":"product","link":"https:\/\/bobimarket.pl\/index.php\/produkt\/wiertlo-do-ceramiki-gresu-plytek-6x100-mm\/","title":{"rendered":"WIERT\u0141O DO CERAMIKI GRESU P\u0141YTEK 6&#215;100 mm"},"content":{"rendered":"<section class=\"section\">\n<div class=\"item item-6\">\n<section class=\"image-item\">\n                <img decoding=\"async\" src=\"https:\/\/upload.cdn.baselinker.com\/products\/14476\/b0892334b6ffd94e1fb077c9089b2b7d.jpg\" \/><br \/>\n            <\/section>\n<\/p><\/div>\n<div class=\"item item-6\">\n<section class=\"text-item\">\n<h2>WIERT\u0141O DO CERAMIKI GRESU P\u0141YTEK 6&#215;100 mm<\/h2>\n<p><b>Informacje og\u00f3lne: <\/b><\/p>\n<ul>\n<li>\u015arednica: <b>6 mm<\/b><\/li>\n<li>D\u0142ugo\u015b\u0107 ca\u0142kowita wiert\u0142a: <b>110 mm <\/b><\/li>\n<li>Typ mocowanie: <b>cylindryczny\u00a0<\/b><\/li>\n<li>Przeznaczenie: <b>do p\u0142ytek ceramicznych i gresu<\/b><\/li>\n<\/ul>\n<\/section><\/div>\n<\/section>\n<section class=\"section\">\n<div class=\"item item-6\">\n<section class=\"image-item\">\n                <img decoding=\"async\" src=\"https:\/\/upload.cdn.baselinker.com\/products\/14476\/4f83b5e7c7033a6d55a75fcb10b431f9.jpg\" \/><br \/>\n            <\/section>\n<\/p><\/div>\n<div class=\"item item-6\">\n<section class=\"text-item\">\n<p><b>Niezb\u0119dny element wyposa\u017cenia Twojej skrzynki narz\u0119dziowej!<\/b><\/p>\n<p>Wiert\u0142a do ceramiki i gresu o \u015brednicy 6 mm. Specjalnie skonstruowana <b>wk\u0142adka widiowa<\/b> sprawia, \u017ce wiert\u0142o charakteryzuje si\u0119 d\u0142u\u017csz\u0105 \u017cywotno\u015bci\u0105 i wysok\u0105 wydajno\u015bci\u0105.\u00a0<\/p>\n<p><b>\u2705 Zastosowanie:<\/b><\/p>\n<p>Przydatne podczas wykonywania profesjonalnych prac. Sprawdz\u0105 si\u0119 r\u00f3wnie\u017c u majsterkowicz\u00f3w w przydomowych warsztatach.Wiert\u0142a przeznaczone do stosowania z wy\u0142\u0105czonym udarem.\u00a0 S\u0142u\u017c\u0105 do obr\u00f3bki:\u00a0<\/p>\n<ul>\n<li>p\u0142ytek ceramicznych<\/li>\n<li>gresu<\/li>\n<li>ceramiki<\/li>\n<\/ul>\n<\/section><\/div>\n<\/section>\n<section class=\"section\">\n<div class=\"item item-6\">\n<section class=\"image-item\">\n                <img decoding=\"async\" src=\"https:\/\/upload.cdn.baselinker.com\/products\/14476\/3f742b2236774985475b1b5f2332cc9c.jpg\" \/><br \/>\n            <\/section>\n<\/p><\/div>\n<div class=\"item item-6\">\n<section class=\"text-item\">\n<p><b>\u2705 Jeszcze wi\u0119cej zalet:<\/b><\/p>\n<p>Wiert\u0142a znajduj\u0105 si\u0119 w opakowaniu z zawieszk\u0105. Mo\u017cesz wi\u0119c przechowywa\u0107 je w bezpieczny spos\u00f3b.<\/p>\n<ul>\n<li>Szczelnie zamykane pude\u0142ko zapobiega gubieniu si\u0119 wiert\u0142a<\/li>\n<li>Ponadto u\u0142atwia utrzymanie porz\u0105dku w warsztacie<\/li>\n<\/ul>\n<\/section><\/div>\n<\/section>\n","protected":false},"excerpt":{"rendered":"<p>WIERT\u0141O DO CERAMIKI GRESU P\u0141YTEK 6&#215;100 mm Informacje og\u00f3lne: \u015arednica: 6 mm D\u0142ugo\u015b\u0107 ca\u0142kowita wiert\u0142a: 110 mm Typ mocowanie: cylindryczny\u00a0 Przeznaczenie: do p\u0142ytek ceramicznych i gresu Niezb\u0119dny element wyposa\u017cenia Twojej skrzynki narz\u0119dziowej! Wiert\u0142a do ceramiki i gresu o \u015brednicy 6 mm. Specjalnie skonstruowana wk\u0142adka widiowa sprawia, \u017ce wiert\u0142o charakteryzuje si\u0119 d\u0142u\u017csz\u0105 \u017cywotno\u015bci\u0105 i wysok\u0105 wydajno\u015bci\u0105.\u00a0<br \/><a class=\"more-link\" href=\"https:\/\/bobimarket.pl\/index.php\/produkt\/wiertlo-do-ceramiki-gresu-plytek-6x100-mm\/\"><br \/>\n        Czytaj wi\u0119cej<span class=\"screen-reader-text\"> &#8222;WIERT\u0141O DO CERAMIKI GRESU P\u0141YTEK 6&#215;100 mm&#8221;<\/span><\/a><\/p>\n","protected":false},"featured_media":90097,"template":"","meta":[],"product_cat":[8108],"product_tag":[],"yoast_head":"<!-- This site is optimized with the Yoast SEO plugin v21.0 - https:\/\/yoast.com\/wordpress\/plugins\/seo\/ -->\n<title>WIERT\u0141O DO CERAMIKI GRESU P\u0141YTEK 6x100 mm - BOBIMARKET.pl - Remontuj i urz\u0105dzaj z nami<\/title>\n<meta name=\"robots\" content=\"index, follow, max-snippet:-1, max-image-preview:large, max-video-preview:-1\" \/>\n<link rel=\"canonical\" href=\"https:\/\/bobimarket.pl\/index.php\/produkt\/wiertlo-do-ceramiki-gresu-plytek-6x100-mm\/\" \/>\n<meta property=\"og:locale\" content=\"pl_PL\" \/>\n<meta property=\"og:type\" content=\"article\" \/>\n<meta property=\"og:title\" content=\"WIERT\u0141O DO CERAMIKI GRESU P\u0141YTEK 6x100 mm - BOBIMARKET.pl - Remontuj i urz\u0105dzaj z nami\" \/>\n<meta property=\"og:description\" content=\"WIERT\u0141O DO CERAMIKI GRESU P\u0141YTEK 6&#215;100 mm Informacje og\u00f3lne: \u015arednica: 6 mm D\u0142ugo\u015b\u0107 ca\u0142kowita wiert\u0142a: 110 mm Typ mocowanie: cylindryczny\u00a0 Przeznaczenie: do p\u0142ytek ceramicznych i gresu Niezb\u0119dny element wyposa\u017cenia Twojej skrzynki narz\u0119dziowej! Wiert\u0142a do ceramiki i gresu o \u015brednicy 6 mm. Specjalnie skonstruowana wk\u0142adka widiowa sprawia, \u017ce wiert\u0142o charakteryzuje si\u0119 d\u0142u\u017csz\u0105 \u017cywotno\u015bci\u0105 i wysok\u0105 wydajno\u015bci\u0105.\u00a0     Czytaj wi\u0119cej &quot;WIERT\u0141O DO CERAMIKI GRESU P\u0141YTEK 6&#215;100 mm&quot;\" \/>\n<meta property=\"og:url\" content=\"https:\/\/bobimarket.pl\/index.php\/produkt\/wiertlo-do-ceramiki-gresu-plytek-6x100-mm\/\" \/>\n<meta property=\"og:site_name\" content=\"BOBIMARKET.pl - Remontuj i urz\u0105dzaj z nami\" \/>\n<meta property=\"article:modified_time\" content=\"2025-02-27T15:23:48+00:00\" \/>\n<meta property=\"og:image\" content=\"https:\/\/upload.cdn.baselinker.com\/products\/14476\/b0892334b6ffd94e1fb077c9089b2b7d.jpg\" \/>\n<meta name=\"twitter:card\" content=\"summary_large_image\" \/>\n<meta name=\"twitter:label1\" content=\"Szacowany czas czytania\" \/>\n\t<meta name=\"twitter:data1\" content=\"1 minuta\" \/>\n<script type=\"application\/ld+json\" class=\"yoast-schema-graph\">{\"@context\":\"https:\/\/schema.org\",\"@graph\":[{\"@type\":\"WebPage\",\"@id\":\"https:\/\/bobimarket.pl\/index.php\/produkt\/wiertlo-do-ceramiki-gresu-plytek-6x100-mm\/\",\"url\":\"https:\/\/bobimarket.pl\/index.php\/produkt\/wiertlo-do-ceramiki-gresu-plytek-6x100-mm\/\",\"name\":\"WIERT\u0141O DO CERAMIKI GRESU P\u0141YTEK 6x100 mm - BOBIMARKET.pl - Remontuj i urz\u0105dzaj z nami\",\"isPartOf\":{\"@id\":\"https:\/\/bobimarket.pl\/#website\"},\"datePublished\":\"2023-08-30T03:58:42+00:00\",\"dateModified\":\"2025-02-27T15:23:48+00:00\",\"breadcrumb\":{\"@id\":\"https:\/\/bobimarket.pl\/index.php\/produkt\/wiertlo-do-ceramiki-gresu-plytek-6x100-mm\/#breadcrumb\"},\"inLanguage\":\"pl-PL\",\"potentialAction\":[{\"@type\":\"ReadAction\",\"target\":[\"https:\/\/bobimarket.pl\/index.php\/produkt\/wiertlo-do-ceramiki-gresu-plytek-6x100-mm\/\"]}]},{\"@type\":\"BreadcrumbList\",\"@id\":\"https:\/\/bobimarket.pl\/index.php\/produkt\/wiertlo-do-ceramiki-gresu-plytek-6x100-mm\/#breadcrumb\",\"itemListElement\":[{\"@type\":\"ListItem\",\"position\":1,\"name\":\"Strona g\u0142\u00f3wna\",\"item\":\"https:\/\/bobimarket.pl\/\"},{\"@type\":\"ListItem\",\"position\":2,\"name\":\"Sklep\",\"item\":\"https:\/\/bobimarket.pl\/index.php\/shop\/\"},{\"@type\":\"ListItem\",\"position\":3,\"name\":\"WIERT\u0141O DO CERAMIKI GRESU P\u0141YTEK 6&#215;100 mm\"}]},{\"@type\":\"WebSite\",\"@id\":\"https:\/\/bobimarket.pl\/#website\",\"url\":\"https:\/\/bobimarket.pl\/\",\"name\":\"BOBIMARKET.pl - Remontuj i urz\u0105dzaj z nami\",\"description\":\"Remontuj i urz\u0105dzaj z nami\",\"publisher\":{\"@id\":\"https:\/\/bobimarket.pl\/#organization\"},\"potentialAction\":[{\"@type\":\"SearchAction\",\"target\":{\"@type\":\"EntryPoint\",\"urlTemplate\":\"https:\/\/bobimarket.pl\/?s={search_term_string}\"},\"query-input\":\"required name=search_term_string\"}],\"inLanguage\":\"pl-PL\"},{\"@type\":\"Organization\",\"@id\":\"https:\/\/bobimarket.pl\/#organization\",\"name\":\"BOBIMARKET.pl\",\"url\":\"https:\/\/bobimarket.pl\/\",\"logo\":{\"@type\":\"ImageObject\",\"inLanguage\":\"pl-PL\",\"@id\":\"https:\/\/bobimarket.pl\/#\/schema\/logo\/image\/\",\"url\":\"https:\/\/bobimarket.pl\/wp-content\/uploads\/2021\/11\/slogan.png\",\"contentUrl\":\"https:\/\/bobimarket.pl\/wp-content\/uploads\/2021\/11\/slogan.png\",\"width\":2000,\"height\":384,\"caption\":\"BOBIMARKET.pl\"},\"image\":{\"@id\":\"https:\/\/bobimarket.pl\/#\/schema\/logo\/image\/\"}}]}<\/script>\n<!-- \/ Yoast SEO plugin. -->","yoast_head_json":{"title":"WIERT\u0141O DO CERAMIKI GRESU P\u0141YTEK 6x100 mm - BOBIMARKET.pl - Remontuj i urz\u0105dzaj z nami","robots":{"index":"index","follow":"follow","max-snippet":"max-snippet:-1","max-image-preview":"max-image-preview:large","max-video-preview":"max-video-preview:-1"},"canonical":"https:\/\/bobimarket.pl\/index.php\/produkt\/wiertlo-do-ceramiki-gresu-plytek-6x100-mm\/","og_locale":"pl_PL","og_type":"article","og_title":"WIERT\u0141O DO CERAMIKI GRESU P\u0141YTEK 6x100 mm - BOBIMARKET.pl - Remontuj i urz\u0105dzaj z nami","og_description":"WIERT\u0141O DO CERAMIKI GRESU P\u0141YTEK 6&#215;100 mm Informacje og\u00f3lne: \u015arednica: 6 mm D\u0142ugo\u015b\u0107 ca\u0142kowita wiert\u0142a: 110 mm Typ mocowanie: cylindryczny\u00a0 Przeznaczenie: do p\u0142ytek ceramicznych i gresu Niezb\u0119dny element wyposa\u017cenia Twojej skrzynki narz\u0119dziowej! Wiert\u0142a do ceramiki i gresu o \u015brednicy 6 mm. Specjalnie skonstruowana wk\u0142adka widiowa sprawia, \u017ce wiert\u0142o charakteryzuje si\u0119 d\u0142u\u017csz\u0105 \u017cywotno\u015bci\u0105 i wysok\u0105 wydajno\u015bci\u0105.\u00a0     Czytaj wi\u0119cej \"WIERT\u0141O DO CERAMIKI GRESU P\u0141YTEK 6&#215;100 mm\"","og_url":"https:\/\/bobimarket.pl\/index.php\/produkt\/wiertlo-do-ceramiki-gresu-plytek-6x100-mm\/","og_site_name":"BOBIMARKET.pl - Remontuj i urz\u0105dzaj z nami","article_modified_time":"2025-02-27T15:23:48+00:00","og_image":[{"url":"https:\/\/upload.cdn.baselinker.com\/products\/14476\/b0892334b6ffd94e1fb077c9089b2b7d.jpg"}],"twitter_card":"summary_large_image","twitter_misc":{"Szacowany czas czytania":"1 minuta"},"schema":{"@context":"https:\/\/schema.org","@graph":[{"@type":"WebPage","@id":"https:\/\/bobimarket.pl\/index.php\/produkt\/wiertlo-do-ceramiki-gresu-plytek-6x100-mm\/","url":"https:\/\/bobimarket.pl\/index.php\/produkt\/wiertlo-do-ceramiki-gresu-plytek-6x100-mm\/","name":"WIERT\u0141O DO CERAMIKI GRESU P\u0141YTEK 6x100 mm - BOBIMARKET.pl - Remontuj i urz\u0105dzaj z nami","isPartOf":{"@id":"https:\/\/bobimarket.pl\/#website"},"datePublished":"2023-08-30T03:58:42+00:00","dateModified":"2025-02-27T15:23:48+00:00","breadcrumb":{"@id":"https:\/\/bobimarket.pl\/index.php\/produkt\/wiertlo-do-ceramiki-gresu-plytek-6x100-mm\/#breadcrumb"},"inLanguage":"pl-PL","potentialAction":[{"@type":"ReadAction","target":["https:\/\/bobimarket.pl\/index.php\/produkt\/wiertlo-do-ceramiki-gresu-plytek-6x100-mm\/"]}]},{"@type":"BreadcrumbList","@id":"https:\/\/bobimarket.pl\/index.php\/produkt\/wiertlo-do-ceramiki-gresu-plytek-6x100-mm\/#breadcrumb","itemListElement":[{"@type":"ListItem","position":1,"name":"Strona g\u0142\u00f3wna","item":"https:\/\/bobimarket.pl\/"},{"@type":"ListItem","position":2,"name":"Sklep","item":"https:\/\/bobimarket.pl\/index.php\/shop\/"},{"@type":"ListItem","position":3,"name":"WIERT\u0141O DO CERAMIKI GRESU P\u0141YTEK 6&#215;100 mm"}]},{"@type":"WebSite","@id":"https:\/\/bobimarket.pl\/#website","url":"https:\/\/bobimarket.pl\/","name":"BOBIMARKET.pl - Remontuj i urz\u0105dzaj z nami","description":"Remontuj i urz\u0105dzaj z nami","publisher":{"@id":"https:\/\/bobimarket.pl\/#organization"},"potentialAction":[{"@type":"SearchAction","target":{"@type":"EntryPoint","urlTemplate":"https:\/\/bobimarket.pl\/?s={search_term_string}"},"query-input":"required name=search_term_string"}],"inLanguage":"pl-PL"},{"@type":"Organization","@id":"https:\/\/bobimarket.pl\/#organization","name":"BOBIMARKET.pl","url":"https:\/\/bobimarket.pl\/","logo":{"@type":"ImageObject","inLanguage":"pl-PL","@id":"https:\/\/bobimarket.pl\/#\/schema\/logo\/image\/","url":"https:\/\/bobimarket.pl\/wp-content\/uploads\/2021\/11\/slogan.png","contentUrl":"https:\/\/bobimarket.pl\/wp-content\/uploads\/2021\/11\/slogan.png","width":2000,"height":384,"caption":"BOBIMARKET.pl"},"image":{"@id":"https:\/\/bobimarket.pl\/#\/schema\/logo\/image\/"}}]}},"_links":{"self":[{"href":"https:\/\/bobimarket.pl\/index.php\/wp-json\/wp\/v2\/product\/90100"}],"collection":[{"href":"https:\/\/bobimarket.pl\/index.php\/wp-json\/wp\/v2\/product"}],"about":[{"href":"https:\/\/bobimarket.pl\/index.php\/wp-json\/wp\/v2\/types\/product"}],"wp:featuredmedia":[{"embeddable":true,"href":"https:\/\/bobimarket.pl\/index.php\/wp-json\/wp\/v2\/media\/90097"}],"wp:attachment":[{"href":"https:\/\/bobimarket.pl\/index.php\/wp-json\/wp\/v2\/media?parent=90100"}],"wp:term":[{"taxonomy":"product_cat","embeddable":true,"href":"https:\/\/bobimarket.pl\/index.php\/wp-json\/wp\/v2\/product_cat?post=90100"},{"taxonomy":"product_tag","embeddable":true,"href":"https:\/\/bobimarket.pl\/index.php\/wp-json\/wp\/v2\/product_tag?post=90100"}],"curies":[{"name":"wp","href":"https:\/\/api.w.org\/{rel}","templated":true}]}}