{"id":90164,"date":"2023-08-30T04:04:40","date_gmt":"2023-08-30T04:04:40","guid":{"rendered":"https:\/\/bobimarket.pl\/index.php\/produkt\/karabinczyk-karabinek-uchwyt-niklowany-a-67mm\/"},"modified":"2025-02-27T15:24:48","modified_gmt":"2025-02-27T15:24:48","slug":"karabinczyk-karabinek-uchwyt-niklowany-a-67mm","status":"publish","type":"product","link":"https:\/\/bobimarket.pl\/index.php\/produkt\/karabinczyk-karabinek-uchwyt-niklowany-a-67mm\/","title":{"rendered":"KARABI\u0143CZYK KARABINEK UCHWYT NIKLOWANY A 67mm"},"content":{"rendered":"<section class=\"section\">\n<div class=\"item item-6\">\n<section class=\"image-item\">\n            <img decoding=\"async\" src=\"https:\/\/upload.cdn.baselinker.com\/products\/14476\/44ccdca97951f1e396ac2ac8ceeabe17.jpg\" \/><br \/>\n        <\/section>\n<\/p><\/div>\n<div class=\"item item-6\">\n<section class=\"text-item\">\n<h2>KARABI\u0143CZYK KARABINEK UCHWYT NIKLOWANY A 67mm<\/h2>\n<p><b>Informacje og\u00f3lne:<\/b><\/p>\n<ul>\n<li>Rozmiar: <b>A 67mm<\/b><\/li>\n<li>Materia\u0142: <b>stal nikiel<\/b><\/li>\n<\/ul>\n<\/section><\/div>\n<\/section>\n<section class=\"section\">\n<div class=\"item item-6\">\n<section class=\"image-item\">\n            <img decoding=\"async\" src=\"https:\/\/upload.cdn.baselinker.com\/products\/14476\/44ccdca97951f1e396ac2ac8ceeabe17.jpg\" \/><br \/>\n        <\/section>\n<\/p><\/div>\n<div class=\"item item-6\">\n<section class=\"text-item\">\n<p><b>Praktyczny i funkcjonalny gad\u017cet, kt\u00f3ry u\u0142atwi Twoje \u017cycie!<\/b><\/p>\n<p>U\u0142atwiaj\u0105cy funkcjonowanie karabi\u0144czyk niklowany wykonany ze stali. Wyposa\u017cony w <b>karabi\u0144czyk spr\u0119\u017cynowy oraz kr\u0119tlik,<\/b> dzi\u0119ki kt\u00f3remu klucze lub smycz nie b\u0119d\u0105 si\u0119 kr\u0119ci\u0107.Jest prosty w obs\u0142udze. Z jego pomoc\u0105 w szybki i \u0142atwy spos\u00f3b mo\u017cesz po\u0142\u0105czy\u0107 ze sob\u0105 dwa elementy.\u00a0<\/p>\n<ul>\n<li>Stosowany jako element \u0142\u0105czny do lin.<\/li>\n<li>U\u017cywany do zabezpiecze\u0144, breloczk\u00f3w, kluczy itp.<\/li>\n<\/ul>\n<\/section><\/div>\n<\/section>\n","protected":false},"excerpt":{"rendered":"<p>KARABI\u0143CZYK KARABINEK UCHWYT NIKLOWANY A 67mm Informacje og\u00f3lne: Rozmiar: A 67mm Materia\u0142: stal nikiel Praktyczny i funkcjonalny gad\u017cet, kt\u00f3ry u\u0142atwi Twoje \u017cycie! U\u0142atwiaj\u0105cy funkcjonowanie karabi\u0144czyk niklowany wykonany ze stali. Wyposa\u017cony w karabi\u0144czyk spr\u0119\u017cynowy oraz kr\u0119tlik, dzi\u0119ki kt\u00f3remu klucze lub smycz nie b\u0119d\u0105 si\u0119 kr\u0119ci\u0107.Jest prosty w obs\u0142udze. Z jego pomoc\u0105 w szybki i \u0142atwy spos\u00f3b<br \/><a class=\"more-link\" href=\"https:\/\/bobimarket.pl\/index.php\/produkt\/karabinczyk-karabinek-uchwyt-niklowany-a-67mm\/\"><br \/>\n        Czytaj wi\u0119cej<span class=\"screen-reader-text\"> &#8222;KARABI\u0143CZYK KARABINEK UCHWYT NIKLOWANY A 67mm&#8221;<\/span><\/a><\/p>\n","protected":false},"featured_media":90162,"template":"","meta":[],"product_cat":[8289],"product_tag":[],"yoast_head":"<!-- This site is optimized with the Yoast SEO plugin v21.0 - https:\/\/yoast.com\/wordpress\/plugins\/seo\/ -->\n<title>KARABI\u0143CZYK KARABINEK UCHWYT NIKLOWANY A 67mm - BOBIMARKET.pl - Remontuj i urz\u0105dzaj z nami<\/title>\n<meta name=\"robots\" content=\"index, follow, max-snippet:-1, max-image-preview:large, max-video-preview:-1\" \/>\n<link rel=\"canonical\" href=\"https:\/\/bobimarket.pl\/index.php\/produkt\/karabinczyk-karabinek-uchwyt-niklowany-a-67mm\/\" \/>\n<meta property=\"og:locale\" content=\"pl_PL\" \/>\n<meta property=\"og:type\" content=\"article\" \/>\n<meta property=\"og:title\" content=\"KARABI\u0143CZYK KARABINEK UCHWYT NIKLOWANY A 67mm - BOBIMARKET.pl - Remontuj i urz\u0105dzaj z nami\" \/>\n<meta property=\"og:description\" content=\"KARABI\u0143CZYK KARABINEK UCHWYT NIKLOWANY A 67mm Informacje og\u00f3lne: Rozmiar: A 67mm Materia\u0142: stal nikiel Praktyczny i funkcjonalny gad\u017cet, kt\u00f3ry u\u0142atwi Twoje \u017cycie! U\u0142atwiaj\u0105cy funkcjonowanie karabi\u0144czyk niklowany wykonany ze stali. Wyposa\u017cony w karabi\u0144czyk spr\u0119\u017cynowy oraz kr\u0119tlik, dzi\u0119ki kt\u00f3remu klucze lub smycz nie b\u0119d\u0105 si\u0119 kr\u0119ci\u0107.Jest prosty w obs\u0142udze. Z jego pomoc\u0105 w szybki i \u0142atwy spos\u00f3b     Czytaj wi\u0119cej &quot;KARABI\u0143CZYK KARABINEK UCHWYT NIKLOWANY A 67mm&quot;\" \/>\n<meta property=\"og:url\" content=\"https:\/\/bobimarket.pl\/index.php\/produkt\/karabinczyk-karabinek-uchwyt-niklowany-a-67mm\/\" \/>\n<meta property=\"og:site_name\" content=\"BOBIMARKET.pl - Remontuj i urz\u0105dzaj z nami\" \/>\n<meta property=\"article:modified_time\" content=\"2025-02-27T15:24:48+00:00\" \/>\n<meta property=\"og:image\" content=\"https:\/\/upload.cdn.baselinker.com\/products\/14476\/44ccdca97951f1e396ac2ac8ceeabe17.jpg\" \/>\n<meta name=\"twitter:card\" content=\"summary_large_image\" \/>\n<script type=\"application\/ld+json\" class=\"yoast-schema-graph\">{\"@context\":\"https:\/\/schema.org\",\"@graph\":[{\"@type\":\"WebPage\",\"@id\":\"https:\/\/bobimarket.pl\/index.php\/produkt\/karabinczyk-karabinek-uchwyt-niklowany-a-67mm\/\",\"url\":\"https:\/\/bobimarket.pl\/index.php\/produkt\/karabinczyk-karabinek-uchwyt-niklowany-a-67mm\/\",\"name\":\"KARABI\u0143CZYK KARABINEK UCHWYT NIKLOWANY A 67mm - BOBIMARKET.pl - Remontuj i urz\u0105dzaj z nami\",\"isPartOf\":{\"@id\":\"https:\/\/bobimarket.pl\/#website\"},\"datePublished\":\"2023-08-30T04:04:40+00:00\",\"dateModified\":\"2025-02-27T15:24:48+00:00\",\"breadcrumb\":{\"@id\":\"https:\/\/bobimarket.pl\/index.php\/produkt\/karabinczyk-karabinek-uchwyt-niklowany-a-67mm\/#breadcrumb\"},\"inLanguage\":\"pl-PL\",\"potentialAction\":[{\"@type\":\"ReadAction\",\"target\":[\"https:\/\/bobimarket.pl\/index.php\/produkt\/karabinczyk-karabinek-uchwyt-niklowany-a-67mm\/\"]}]},{\"@type\":\"BreadcrumbList\",\"@id\":\"https:\/\/bobimarket.pl\/index.php\/produkt\/karabinczyk-karabinek-uchwyt-niklowany-a-67mm\/#breadcrumb\",\"itemListElement\":[{\"@type\":\"ListItem\",\"position\":1,\"name\":\"Strona g\u0142\u00f3wna\",\"item\":\"https:\/\/bobimarket.pl\/\"},{\"@type\":\"ListItem\",\"position\":2,\"name\":\"Sklep\",\"item\":\"https:\/\/bobimarket.pl\/index.php\/shop\/\"},{\"@type\":\"ListItem\",\"position\":3,\"name\":\"KARABI\u0143CZYK KARABINEK UCHWYT NIKLOWANY A 67mm\"}]},{\"@type\":\"WebSite\",\"@id\":\"https:\/\/bobimarket.pl\/#website\",\"url\":\"https:\/\/bobimarket.pl\/\",\"name\":\"BOBIMARKET.pl - Remontuj i urz\u0105dzaj z nami\",\"description\":\"Remontuj i urz\u0105dzaj z nami\",\"publisher\":{\"@id\":\"https:\/\/bobimarket.pl\/#organization\"},\"potentialAction\":[{\"@type\":\"SearchAction\",\"target\":{\"@type\":\"EntryPoint\",\"urlTemplate\":\"https:\/\/bobimarket.pl\/?s={search_term_string}\"},\"query-input\":\"required name=search_term_string\"}],\"inLanguage\":\"pl-PL\"},{\"@type\":\"Organization\",\"@id\":\"https:\/\/bobimarket.pl\/#organization\",\"name\":\"BOBIMARKET.pl\",\"url\":\"https:\/\/bobimarket.pl\/\",\"logo\":{\"@type\":\"ImageObject\",\"inLanguage\":\"pl-PL\",\"@id\":\"https:\/\/bobimarket.pl\/#\/schema\/logo\/image\/\",\"url\":\"https:\/\/bobimarket.pl\/wp-content\/uploads\/2021\/11\/slogan.png\",\"contentUrl\":\"https:\/\/bobimarket.pl\/wp-content\/uploads\/2021\/11\/slogan.png\",\"width\":2000,\"height\":384,\"caption\":\"BOBIMARKET.pl\"},\"image\":{\"@id\":\"https:\/\/bobimarket.pl\/#\/schema\/logo\/image\/\"}}]}<\/script>\n<!-- \/ Yoast SEO plugin. -->","yoast_head_json":{"title":"KARABI\u0143CZYK KARABINEK UCHWYT NIKLOWANY A 67mm - BOBIMARKET.pl - Remontuj i urz\u0105dzaj z nami","robots":{"index":"index","follow":"follow","max-snippet":"max-snippet:-1","max-image-preview":"max-image-preview:large","max-video-preview":"max-video-preview:-1"},"canonical":"https:\/\/bobimarket.pl\/index.php\/produkt\/karabinczyk-karabinek-uchwyt-niklowany-a-67mm\/","og_locale":"pl_PL","og_type":"article","og_title":"KARABI\u0143CZYK KARABINEK UCHWYT NIKLOWANY A 67mm - BOBIMARKET.pl - Remontuj i urz\u0105dzaj z nami","og_description":"KARABI\u0143CZYK KARABINEK UCHWYT NIKLOWANY A 67mm Informacje og\u00f3lne: Rozmiar: A 67mm Materia\u0142: stal nikiel Praktyczny i funkcjonalny gad\u017cet, kt\u00f3ry u\u0142atwi Twoje \u017cycie! U\u0142atwiaj\u0105cy funkcjonowanie karabi\u0144czyk niklowany wykonany ze stali. Wyposa\u017cony w karabi\u0144czyk spr\u0119\u017cynowy oraz kr\u0119tlik, dzi\u0119ki kt\u00f3remu klucze lub smycz nie b\u0119d\u0105 si\u0119 kr\u0119ci\u0107.Jest prosty w obs\u0142udze. Z jego pomoc\u0105 w szybki i \u0142atwy spos\u00f3b     Czytaj wi\u0119cej \"KARABI\u0143CZYK KARABINEK UCHWYT NIKLOWANY A 67mm\"","og_url":"https:\/\/bobimarket.pl\/index.php\/produkt\/karabinczyk-karabinek-uchwyt-niklowany-a-67mm\/","og_site_name":"BOBIMARKET.pl - Remontuj i urz\u0105dzaj z nami","article_modified_time":"2025-02-27T15:24:48+00:00","og_image":[{"url":"https:\/\/upload.cdn.baselinker.com\/products\/14476\/44ccdca97951f1e396ac2ac8ceeabe17.jpg"}],"twitter_card":"summary_large_image","schema":{"@context":"https:\/\/schema.org","@graph":[{"@type":"WebPage","@id":"https:\/\/bobimarket.pl\/index.php\/produkt\/karabinczyk-karabinek-uchwyt-niklowany-a-67mm\/","url":"https:\/\/bobimarket.pl\/index.php\/produkt\/karabinczyk-karabinek-uchwyt-niklowany-a-67mm\/","name":"KARABI\u0143CZYK KARABINEK UCHWYT NIKLOWANY A 67mm - BOBIMARKET.pl - Remontuj i urz\u0105dzaj z nami","isPartOf":{"@id":"https:\/\/bobimarket.pl\/#website"},"datePublished":"2023-08-30T04:04:40+00:00","dateModified":"2025-02-27T15:24:48+00:00","breadcrumb":{"@id":"https:\/\/bobimarket.pl\/index.php\/produkt\/karabinczyk-karabinek-uchwyt-niklowany-a-67mm\/#breadcrumb"},"inLanguage":"pl-PL","potentialAction":[{"@type":"ReadAction","target":["https:\/\/bobimarket.pl\/index.php\/produkt\/karabinczyk-karabinek-uchwyt-niklowany-a-67mm\/"]}]},{"@type":"BreadcrumbList","@id":"https:\/\/bobimarket.pl\/index.php\/produkt\/karabinczyk-karabinek-uchwyt-niklowany-a-67mm\/#breadcrumb","itemListElement":[{"@type":"ListItem","position":1,"name":"Strona g\u0142\u00f3wna","item":"https:\/\/bobimarket.pl\/"},{"@type":"ListItem","position":2,"name":"Sklep","item":"https:\/\/bobimarket.pl\/index.php\/shop\/"},{"@type":"ListItem","position":3,"name":"KARABI\u0143CZYK KARABINEK UCHWYT NIKLOWANY A 67mm"}]},{"@type":"WebSite","@id":"https:\/\/bobimarket.pl\/#website","url":"https:\/\/bobimarket.pl\/","name":"BOBIMARKET.pl - Remontuj i urz\u0105dzaj z nami","description":"Remontuj i urz\u0105dzaj z nami","publisher":{"@id":"https:\/\/bobimarket.pl\/#organization"},"potentialAction":[{"@type":"SearchAction","target":{"@type":"EntryPoint","urlTemplate":"https:\/\/bobimarket.pl\/?s={search_term_string}"},"query-input":"required name=search_term_string"}],"inLanguage":"pl-PL"},{"@type":"Organization","@id":"https:\/\/bobimarket.pl\/#organization","name":"BOBIMARKET.pl","url":"https:\/\/bobimarket.pl\/","logo":{"@type":"ImageObject","inLanguage":"pl-PL","@id":"https:\/\/bobimarket.pl\/#\/schema\/logo\/image\/","url":"https:\/\/bobimarket.pl\/wp-content\/uploads\/2021\/11\/slogan.png","contentUrl":"https:\/\/bobimarket.pl\/wp-content\/uploads\/2021\/11\/slogan.png","width":2000,"height":384,"caption":"BOBIMARKET.pl"},"image":{"@id":"https:\/\/bobimarket.pl\/#\/schema\/logo\/image\/"}}]}},"_links":{"self":[{"href":"https:\/\/bobimarket.pl\/index.php\/wp-json\/wp\/v2\/product\/90164"}],"collection":[{"href":"https:\/\/bobimarket.pl\/index.php\/wp-json\/wp\/v2\/product"}],"about":[{"href":"https:\/\/bobimarket.pl\/index.php\/wp-json\/wp\/v2\/types\/product"}],"wp:featuredmedia":[{"embeddable":true,"href":"https:\/\/bobimarket.pl\/index.php\/wp-json\/wp\/v2\/media\/90162"}],"wp:attachment":[{"href":"https:\/\/bobimarket.pl\/index.php\/wp-json\/wp\/v2\/media?parent=90164"}],"wp:term":[{"taxonomy":"product_cat","embeddable":true,"href":"https:\/\/bobimarket.pl\/index.php\/wp-json\/wp\/v2\/product_cat?post=90164"},{"taxonomy":"product_tag","embeddable":true,"href":"https:\/\/bobimarket.pl\/index.php\/wp-json\/wp\/v2\/product_tag?post=90164"}],"curies":[{"name":"wp","href":"https:\/\/api.w.org\/{rel}","templated":true}]}}