{"id":90194,"date":"2023-08-30T04:07:08","date_gmt":"2023-08-30T04:07:08","guid":{"rendered":"https:\/\/bobimarket.pl\/index.php\/produkt\/zacisk-do-lin-linowy-kablakowy-5-mm\/"},"modified":"2025-02-27T15:25:24","modified_gmt":"2025-02-27T15:25:24","slug":"zacisk-do-lin-linowy-kablakowy-5-mm","status":"publish","type":"product","link":"https:\/\/bobimarket.pl\/index.php\/produkt\/zacisk-do-lin-linowy-kablakowy-5-mm\/","title":{"rendered":"ZACISK DO LIN LINOWY KAB\u0141\u0104KOWY 5 mm"},"content":{"rendered":"<section class=\"section\">\n<div class=\"item item-6\">\n<section class=\"image-item\">\n            <img decoding=\"async\" src=\"https:\/\/upload.cdn.baselinker.com\/products\/14476\/1fa0553446947489f4068094c6f8cc58.jpg\" \/><br \/>\n        <\/section>\n<\/p><\/div>\n<div class=\"item item-6\">\n<section class=\"text-item\">\n<h2>ZACISK DO LIN LINOWY KAB\u0141\u0104KOWY 5 mm<\/h2>\n<p><b>Informacje og\u00f3lne:<\/b><\/p>\n<ul>\n<li>Rozmiar: <b>\u00d8 5 mm<\/b><\/li>\n<li>Materia\u0142: <b>stal ocynk<\/b><\/li>\n<\/ul>\n<\/section><\/div>\n<\/section>\n<section class=\"section\">\n<div class=\"item item-6\">\n<section class=\"image-item\">\n            <img decoding=\"async\" src=\"https:\/\/upload.cdn.baselinker.com\/products\/14476\/cb415796268506a6430063a371eee2a5.jpg\" \/><br \/>\n        <\/section>\n<\/p><\/div>\n<div class=\"item item-6\">\n<section class=\"text-item\">\n<p><b>Praktyczny i funkcjonalny gad\u017cet, kt\u00f3ry u\u0142atwi Twoje \u017cycie!<\/b><\/p>\n<p>U\u0142atwiaj\u0105cy funkcjonowanie zacisk do lin wykonany ze stali, ocynkowany. S\u0142u\u017cy do \u0142\u0105czenia, przytrzymywania i do zaciskania p\u0119tli na linie.\u00a0Stosowane w budownictwie, ogrodnictwie oraz bran\u017cy reklamowej.<\/p>\n<\/section><\/div>\n<\/section>\n","protected":false},"excerpt":{"rendered":"<p>ZACISK DO LIN LINOWY KAB\u0141\u0104KOWY 5 mm Informacje og\u00f3lne: Rozmiar: \u00d8 5 mm Materia\u0142: stal ocynk Praktyczny i funkcjonalny gad\u017cet, kt\u00f3ry u\u0142atwi Twoje \u017cycie! U\u0142atwiaj\u0105cy funkcjonowanie zacisk do lin wykonany ze stali, ocynkowany. S\u0142u\u017cy do \u0142\u0105czenia, przytrzymywania i do zaciskania p\u0119tli na linie.\u00a0Stosowane w budownictwie, ogrodnictwie oraz bran\u017cy reklamowej.<\/p>\n","protected":false},"featured_media":90190,"template":"","meta":[],"product_cat":[8289],"product_tag":[],"yoast_head":"<!-- This site is optimized with the Yoast SEO plugin v21.0 - https:\/\/yoast.com\/wordpress\/plugins\/seo\/ -->\n<title>ZACISK DO LIN LINOWY KAB\u0141\u0104KOWY 5 mm - BOBIMARKET.pl - Remontuj i urz\u0105dzaj z nami<\/title>\n<meta name=\"robots\" content=\"index, follow, max-snippet:-1, max-image-preview:large, max-video-preview:-1\" \/>\n<link rel=\"canonical\" href=\"https:\/\/bobimarket.pl\/index.php\/produkt\/zacisk-do-lin-linowy-kablakowy-5-mm\/\" \/>\n<meta property=\"og:locale\" content=\"pl_PL\" \/>\n<meta property=\"og:type\" content=\"article\" \/>\n<meta property=\"og:title\" content=\"ZACISK DO LIN LINOWY KAB\u0141\u0104KOWY 5 mm - BOBIMARKET.pl - Remontuj i urz\u0105dzaj z nami\" \/>\n<meta property=\"og:description\" content=\"ZACISK DO LIN LINOWY KAB\u0141\u0104KOWY 5 mm Informacje og\u00f3lne: Rozmiar: \u00d8 5 mm Materia\u0142: stal ocynk Praktyczny i funkcjonalny gad\u017cet, kt\u00f3ry u\u0142atwi Twoje \u017cycie! U\u0142atwiaj\u0105cy funkcjonowanie zacisk do lin wykonany ze stali, ocynkowany. S\u0142u\u017cy do \u0142\u0105czenia, przytrzymywania i do zaciskania p\u0119tli na linie.\u00a0Stosowane w budownictwie, ogrodnictwie oraz bran\u017cy reklamowej.\" \/>\n<meta property=\"og:url\" content=\"https:\/\/bobimarket.pl\/index.php\/produkt\/zacisk-do-lin-linowy-kablakowy-5-mm\/\" \/>\n<meta property=\"og:site_name\" content=\"BOBIMARKET.pl - Remontuj i urz\u0105dzaj z nami\" \/>\n<meta property=\"article:modified_time\" content=\"2025-02-27T15:25:24+00:00\" \/>\n<meta property=\"og:image\" content=\"https:\/\/upload.cdn.baselinker.com\/products\/14476\/1fa0553446947489f4068094c6f8cc58.jpg\" \/>\n<meta name=\"twitter:card\" content=\"summary_large_image\" \/>\n<script type=\"application\/ld+json\" class=\"yoast-schema-graph\">{\"@context\":\"https:\/\/schema.org\",\"@graph\":[{\"@type\":\"WebPage\",\"@id\":\"https:\/\/bobimarket.pl\/index.php\/produkt\/zacisk-do-lin-linowy-kablakowy-5-mm\/\",\"url\":\"https:\/\/bobimarket.pl\/index.php\/produkt\/zacisk-do-lin-linowy-kablakowy-5-mm\/\",\"name\":\"ZACISK DO LIN LINOWY KAB\u0141\u0104KOWY 5 mm - BOBIMARKET.pl - Remontuj i urz\u0105dzaj z nami\",\"isPartOf\":{\"@id\":\"https:\/\/bobimarket.pl\/#website\"},\"datePublished\":\"2023-08-30T04:07:08+00:00\",\"dateModified\":\"2025-02-27T15:25:24+00:00\",\"breadcrumb\":{\"@id\":\"https:\/\/bobimarket.pl\/index.php\/produkt\/zacisk-do-lin-linowy-kablakowy-5-mm\/#breadcrumb\"},\"inLanguage\":\"pl-PL\",\"potentialAction\":[{\"@type\":\"ReadAction\",\"target\":[\"https:\/\/bobimarket.pl\/index.php\/produkt\/zacisk-do-lin-linowy-kablakowy-5-mm\/\"]}]},{\"@type\":\"BreadcrumbList\",\"@id\":\"https:\/\/bobimarket.pl\/index.php\/produkt\/zacisk-do-lin-linowy-kablakowy-5-mm\/#breadcrumb\",\"itemListElement\":[{\"@type\":\"ListItem\",\"position\":1,\"name\":\"Strona g\u0142\u00f3wna\",\"item\":\"https:\/\/bobimarket.pl\/\"},{\"@type\":\"ListItem\",\"position\":2,\"name\":\"Sklep\",\"item\":\"https:\/\/bobimarket.pl\/index.php\/shop\/\"},{\"@type\":\"ListItem\",\"position\":3,\"name\":\"ZACISK DO LIN LINOWY KAB\u0141\u0104KOWY 5 mm\"}]},{\"@type\":\"WebSite\",\"@id\":\"https:\/\/bobimarket.pl\/#website\",\"url\":\"https:\/\/bobimarket.pl\/\",\"name\":\"BOBIMARKET.pl - Remontuj i urz\u0105dzaj z nami\",\"description\":\"Remontuj i urz\u0105dzaj z nami\",\"publisher\":{\"@id\":\"https:\/\/bobimarket.pl\/#organization\"},\"potentialAction\":[{\"@type\":\"SearchAction\",\"target\":{\"@type\":\"EntryPoint\",\"urlTemplate\":\"https:\/\/bobimarket.pl\/?s={search_term_string}\"},\"query-input\":\"required name=search_term_string\"}],\"inLanguage\":\"pl-PL\"},{\"@type\":\"Organization\",\"@id\":\"https:\/\/bobimarket.pl\/#organization\",\"name\":\"BOBIMARKET.pl\",\"url\":\"https:\/\/bobimarket.pl\/\",\"logo\":{\"@type\":\"ImageObject\",\"inLanguage\":\"pl-PL\",\"@id\":\"https:\/\/bobimarket.pl\/#\/schema\/logo\/image\/\",\"url\":\"https:\/\/bobimarket.pl\/wp-content\/uploads\/2021\/11\/slogan.png\",\"contentUrl\":\"https:\/\/bobimarket.pl\/wp-content\/uploads\/2021\/11\/slogan.png\",\"width\":2000,\"height\":384,\"caption\":\"BOBIMARKET.pl\"},\"image\":{\"@id\":\"https:\/\/bobimarket.pl\/#\/schema\/logo\/image\/\"}}]}<\/script>\n<!-- \/ Yoast SEO plugin. -->","yoast_head_json":{"title":"ZACISK DO LIN LINOWY KAB\u0141\u0104KOWY 5 mm - BOBIMARKET.pl - Remontuj i urz\u0105dzaj z nami","robots":{"index":"index","follow":"follow","max-snippet":"max-snippet:-1","max-image-preview":"max-image-preview:large","max-video-preview":"max-video-preview:-1"},"canonical":"https:\/\/bobimarket.pl\/index.php\/produkt\/zacisk-do-lin-linowy-kablakowy-5-mm\/","og_locale":"pl_PL","og_type":"article","og_title":"ZACISK DO LIN LINOWY KAB\u0141\u0104KOWY 5 mm - BOBIMARKET.pl - Remontuj i urz\u0105dzaj z nami","og_description":"ZACISK DO LIN LINOWY KAB\u0141\u0104KOWY 5 mm Informacje og\u00f3lne: Rozmiar: \u00d8 5 mm Materia\u0142: stal ocynk Praktyczny i funkcjonalny gad\u017cet, kt\u00f3ry u\u0142atwi Twoje \u017cycie! U\u0142atwiaj\u0105cy funkcjonowanie zacisk do lin wykonany ze stali, ocynkowany. S\u0142u\u017cy do \u0142\u0105czenia, przytrzymywania i do zaciskania p\u0119tli na linie.\u00a0Stosowane w budownictwie, ogrodnictwie oraz bran\u017cy reklamowej.","og_url":"https:\/\/bobimarket.pl\/index.php\/produkt\/zacisk-do-lin-linowy-kablakowy-5-mm\/","og_site_name":"BOBIMARKET.pl - Remontuj i urz\u0105dzaj z nami","article_modified_time":"2025-02-27T15:25:24+00:00","og_image":[{"url":"https:\/\/upload.cdn.baselinker.com\/products\/14476\/1fa0553446947489f4068094c6f8cc58.jpg"}],"twitter_card":"summary_large_image","schema":{"@context":"https:\/\/schema.org","@graph":[{"@type":"WebPage","@id":"https:\/\/bobimarket.pl\/index.php\/produkt\/zacisk-do-lin-linowy-kablakowy-5-mm\/","url":"https:\/\/bobimarket.pl\/index.php\/produkt\/zacisk-do-lin-linowy-kablakowy-5-mm\/","name":"ZACISK DO LIN LINOWY KAB\u0141\u0104KOWY 5 mm - BOBIMARKET.pl - Remontuj i urz\u0105dzaj z nami","isPartOf":{"@id":"https:\/\/bobimarket.pl\/#website"},"datePublished":"2023-08-30T04:07:08+00:00","dateModified":"2025-02-27T15:25:24+00:00","breadcrumb":{"@id":"https:\/\/bobimarket.pl\/index.php\/produkt\/zacisk-do-lin-linowy-kablakowy-5-mm\/#breadcrumb"},"inLanguage":"pl-PL","potentialAction":[{"@type":"ReadAction","target":["https:\/\/bobimarket.pl\/index.php\/produkt\/zacisk-do-lin-linowy-kablakowy-5-mm\/"]}]},{"@type":"BreadcrumbList","@id":"https:\/\/bobimarket.pl\/index.php\/produkt\/zacisk-do-lin-linowy-kablakowy-5-mm\/#breadcrumb","itemListElement":[{"@type":"ListItem","position":1,"name":"Strona g\u0142\u00f3wna","item":"https:\/\/bobimarket.pl\/"},{"@type":"ListItem","position":2,"name":"Sklep","item":"https:\/\/bobimarket.pl\/index.php\/shop\/"},{"@type":"ListItem","position":3,"name":"ZACISK DO LIN LINOWY KAB\u0141\u0104KOWY 5 mm"}]},{"@type":"WebSite","@id":"https:\/\/bobimarket.pl\/#website","url":"https:\/\/bobimarket.pl\/","name":"BOBIMARKET.pl - Remontuj i urz\u0105dzaj z nami","description":"Remontuj i urz\u0105dzaj z nami","publisher":{"@id":"https:\/\/bobimarket.pl\/#organization"},"potentialAction":[{"@type":"SearchAction","target":{"@type":"EntryPoint","urlTemplate":"https:\/\/bobimarket.pl\/?s={search_term_string}"},"query-input":"required name=search_term_string"}],"inLanguage":"pl-PL"},{"@type":"Organization","@id":"https:\/\/bobimarket.pl\/#organization","name":"BOBIMARKET.pl","url":"https:\/\/bobimarket.pl\/","logo":{"@type":"ImageObject","inLanguage":"pl-PL","@id":"https:\/\/bobimarket.pl\/#\/schema\/logo\/image\/","url":"https:\/\/bobimarket.pl\/wp-content\/uploads\/2021\/11\/slogan.png","contentUrl":"https:\/\/bobimarket.pl\/wp-content\/uploads\/2021\/11\/slogan.png","width":2000,"height":384,"caption":"BOBIMARKET.pl"},"image":{"@id":"https:\/\/bobimarket.pl\/#\/schema\/logo\/image\/"}}]}},"_links":{"self":[{"href":"https:\/\/bobimarket.pl\/index.php\/wp-json\/wp\/v2\/product\/90194"}],"collection":[{"href":"https:\/\/bobimarket.pl\/index.php\/wp-json\/wp\/v2\/product"}],"about":[{"href":"https:\/\/bobimarket.pl\/index.php\/wp-json\/wp\/v2\/types\/product"}],"wp:featuredmedia":[{"embeddable":true,"href":"https:\/\/bobimarket.pl\/index.php\/wp-json\/wp\/v2\/media\/90190"}],"wp:attachment":[{"href":"https:\/\/bobimarket.pl\/index.php\/wp-json\/wp\/v2\/media?parent=90194"}],"wp:term":[{"taxonomy":"product_cat","embeddable":true,"href":"https:\/\/bobimarket.pl\/index.php\/wp-json\/wp\/v2\/product_cat?post=90194"},{"taxonomy":"product_tag","embeddable":true,"href":"https:\/\/bobimarket.pl\/index.php\/wp-json\/wp\/v2\/product_tag?post=90194"}],"curies":[{"name":"wp","href":"https:\/\/api.w.org\/{rel}","templated":true}]}}