{"id":90319,"date":"2023-08-30T04:16:33","date_gmt":"2023-08-30T04:16:33","guid":{"rendered":"https:\/\/bobimarket.pl\/index.php\/produkt\/nakretka-z-uchem-oczkowa-ocynk-din582-8mm\/"},"modified":"2025-02-27T15:27:47","modified_gmt":"2025-02-27T15:27:47","slug":"nakretka-z-uchem-oczkowa-ocynk-din582-8mm","status":"publish","type":"product","link":"https:\/\/bobimarket.pl\/index.php\/produkt\/nakretka-z-uchem-oczkowa-ocynk-din582-8mm\/","title":{"rendered":"NAKR\u0118TKA Z UCHEM OCZKOWA OCYNK DIN582 8mm"},"content":{"rendered":"<section class=\"section\">\n<div class=\"item item-6\">\n<section class=\"text-item\">\n<h2>NAKR\u0118TKA Z UCHEM OCZKOWA OCYNK DIN582 8mm<\/h2>\n<p><b>Informacje og\u00f3lne:<\/b><\/p>\n<ul>\n<li>Rozmiar: <b>M8<\/b><\/li>\n<li>Materia\u0142:<b> stal w\u0119glowa kuta, ocynkowana<\/b><\/li>\n<li>Aukcja dotyczy 1 szt.<\/li>\n<\/ul>\n<p><b>\u2705 Praktyczny i funkcjonalny gad\u017cet, kt\u00f3ry u\u0142atwi Twoje \u017cycie!<\/b><\/p>\n<p>\u015aruba wykonana ze stali w\u0119glowej kutej, ocynkowanej. Wyprodukowana zgodnie z DIN 582.<\/p>\n<ul>\n<li>Cz\u0119sto wykorzystywana w lawetach, naczepach oraz podwieszeniach mechanicznych i elektrycznych.<\/li>\n<\/ul>\n<\/section><\/div>\n<div class=\"item item-6\">\n<section class=\"image-item\">\n                <img decoding=\"async\" src=\"https:\/\/upload.cdn.baselinker.com\/products\/14476\/24e36adfd26f751b2bab76bd6f4df877.jpg\" \/><br \/>\n            <\/section>\n<\/p><\/div>\n<\/section>\n<section class=\"section\">\n<div class=\"item item-6\">\n<section class=\"image-item\">\n                <img decoding=\"async\" src=\"https:\/\/upload.cdn.baselinker.com\/products\/14476\/d3bba732cf9e42bee5243da2f0441695.jpg\" \/><br \/>\n            <\/section>\n<\/p><\/div>\n<div class=\"item item-6\">\n<section class=\"image-item\">\n                <img decoding=\"async\" src=\"https:\/\/upload.cdn.baselinker.com\/products\/14476\/1e91252c12cb9f6c5c4df082c7204359.jpg\" \/><br \/>\n            <\/section>\n<\/p><\/div>\n<\/section>\n","protected":false},"excerpt":{"rendered":"<p>NAKR\u0118TKA Z UCHEM OCZKOWA OCYNK DIN582 8mm Informacje og\u00f3lne: Rozmiar: M8 Materia\u0142: stal w\u0119glowa kuta, ocynkowana Aukcja dotyczy 1 szt. \u2705 Praktyczny i funkcjonalny gad\u017cet, kt\u00f3ry u\u0142atwi Twoje \u017cycie! \u015aruba wykonana ze stali w\u0119glowej kutej, ocynkowanej. Wyprodukowana zgodnie z DIN 582. Cz\u0119sto wykorzystywana w lawetach, naczepach oraz podwieszeniach mechanicznych i elektrycznych.<\/p>\n","protected":false},"featured_media":90316,"template":"","meta":[],"product_cat":[8289],"product_tag":[],"yoast_head":"<!-- This site is optimized with the Yoast SEO plugin v21.0 - https:\/\/yoast.com\/wordpress\/plugins\/seo\/ -->\n<title>NAKR\u0118TKA Z UCHEM OCZKOWA OCYNK DIN582 8mm - BOBIMARKET.pl - Remontuj i urz\u0105dzaj z nami<\/title>\n<meta name=\"robots\" content=\"index, follow, max-snippet:-1, max-image-preview:large, max-video-preview:-1\" \/>\n<link rel=\"canonical\" href=\"https:\/\/bobimarket.pl\/index.php\/produkt\/nakretka-z-uchem-oczkowa-ocynk-din582-8mm\/\" \/>\n<meta property=\"og:locale\" content=\"pl_PL\" \/>\n<meta property=\"og:type\" content=\"article\" \/>\n<meta property=\"og:title\" content=\"NAKR\u0118TKA Z UCHEM OCZKOWA OCYNK DIN582 8mm - BOBIMARKET.pl - Remontuj i urz\u0105dzaj z nami\" \/>\n<meta property=\"og:description\" content=\"NAKR\u0118TKA Z UCHEM OCZKOWA OCYNK DIN582 8mm Informacje og\u00f3lne: Rozmiar: M8 Materia\u0142: stal w\u0119glowa kuta, ocynkowana Aukcja dotyczy 1 szt. \u2705 Praktyczny i funkcjonalny gad\u017cet, kt\u00f3ry u\u0142atwi Twoje \u017cycie! \u015aruba wykonana ze stali w\u0119glowej kutej, ocynkowanej. Wyprodukowana zgodnie z DIN 582. Cz\u0119sto wykorzystywana w lawetach, naczepach oraz podwieszeniach mechanicznych i elektrycznych.\" \/>\n<meta property=\"og:url\" content=\"https:\/\/bobimarket.pl\/index.php\/produkt\/nakretka-z-uchem-oczkowa-ocynk-din582-8mm\/\" \/>\n<meta property=\"og:site_name\" content=\"BOBIMARKET.pl - Remontuj i urz\u0105dzaj z nami\" \/>\n<meta property=\"article:modified_time\" content=\"2025-02-27T15:27:47+00:00\" \/>\n<meta property=\"og:image\" content=\"https:\/\/upload.cdn.baselinker.com\/products\/14476\/24e36adfd26f751b2bab76bd6f4df877.jpg\" \/>\n<meta name=\"twitter:card\" content=\"summary_large_image\" \/>\n<script type=\"application\/ld+json\" class=\"yoast-schema-graph\">{\"@context\":\"https:\/\/schema.org\",\"@graph\":[{\"@type\":\"WebPage\",\"@id\":\"https:\/\/bobimarket.pl\/index.php\/produkt\/nakretka-z-uchem-oczkowa-ocynk-din582-8mm\/\",\"url\":\"https:\/\/bobimarket.pl\/index.php\/produkt\/nakretka-z-uchem-oczkowa-ocynk-din582-8mm\/\",\"name\":\"NAKR\u0118TKA Z UCHEM OCZKOWA OCYNK DIN582 8mm - BOBIMARKET.pl - Remontuj i urz\u0105dzaj z nami\",\"isPartOf\":{\"@id\":\"https:\/\/bobimarket.pl\/#website\"},\"datePublished\":\"2023-08-30T04:16:33+00:00\",\"dateModified\":\"2025-02-27T15:27:47+00:00\",\"breadcrumb\":{\"@id\":\"https:\/\/bobimarket.pl\/index.php\/produkt\/nakretka-z-uchem-oczkowa-ocynk-din582-8mm\/#breadcrumb\"},\"inLanguage\":\"pl-PL\",\"potentialAction\":[{\"@type\":\"ReadAction\",\"target\":[\"https:\/\/bobimarket.pl\/index.php\/produkt\/nakretka-z-uchem-oczkowa-ocynk-din582-8mm\/\"]}]},{\"@type\":\"BreadcrumbList\",\"@id\":\"https:\/\/bobimarket.pl\/index.php\/produkt\/nakretka-z-uchem-oczkowa-ocynk-din582-8mm\/#breadcrumb\",\"itemListElement\":[{\"@type\":\"ListItem\",\"position\":1,\"name\":\"Strona g\u0142\u00f3wna\",\"item\":\"https:\/\/bobimarket.pl\/\"},{\"@type\":\"ListItem\",\"position\":2,\"name\":\"Sklep\",\"item\":\"https:\/\/bobimarket.pl\/index.php\/shop\/\"},{\"@type\":\"ListItem\",\"position\":3,\"name\":\"NAKR\u0118TKA Z UCHEM OCZKOWA OCYNK DIN582 8mm\"}]},{\"@type\":\"WebSite\",\"@id\":\"https:\/\/bobimarket.pl\/#website\",\"url\":\"https:\/\/bobimarket.pl\/\",\"name\":\"BOBIMARKET.pl - Remontuj i urz\u0105dzaj z nami\",\"description\":\"Remontuj i urz\u0105dzaj z nami\",\"publisher\":{\"@id\":\"https:\/\/bobimarket.pl\/#organization\"},\"potentialAction\":[{\"@type\":\"SearchAction\",\"target\":{\"@type\":\"EntryPoint\",\"urlTemplate\":\"https:\/\/bobimarket.pl\/?s={search_term_string}\"},\"query-input\":\"required name=search_term_string\"}],\"inLanguage\":\"pl-PL\"},{\"@type\":\"Organization\",\"@id\":\"https:\/\/bobimarket.pl\/#organization\",\"name\":\"BOBIMARKET.pl\",\"url\":\"https:\/\/bobimarket.pl\/\",\"logo\":{\"@type\":\"ImageObject\",\"inLanguage\":\"pl-PL\",\"@id\":\"https:\/\/bobimarket.pl\/#\/schema\/logo\/image\/\",\"url\":\"https:\/\/bobimarket.pl\/wp-content\/uploads\/2021\/11\/slogan.png\",\"contentUrl\":\"https:\/\/bobimarket.pl\/wp-content\/uploads\/2021\/11\/slogan.png\",\"width\":2000,\"height\":384,\"caption\":\"BOBIMARKET.pl\"},\"image\":{\"@id\":\"https:\/\/bobimarket.pl\/#\/schema\/logo\/image\/\"}}]}<\/script>\n<!-- \/ Yoast SEO plugin. -->","yoast_head_json":{"title":"NAKR\u0118TKA Z UCHEM OCZKOWA OCYNK DIN582 8mm - BOBIMARKET.pl - Remontuj i urz\u0105dzaj z nami","robots":{"index":"index","follow":"follow","max-snippet":"max-snippet:-1","max-image-preview":"max-image-preview:large","max-video-preview":"max-video-preview:-1"},"canonical":"https:\/\/bobimarket.pl\/index.php\/produkt\/nakretka-z-uchem-oczkowa-ocynk-din582-8mm\/","og_locale":"pl_PL","og_type":"article","og_title":"NAKR\u0118TKA Z UCHEM OCZKOWA OCYNK DIN582 8mm - BOBIMARKET.pl - Remontuj i urz\u0105dzaj z nami","og_description":"NAKR\u0118TKA Z UCHEM OCZKOWA OCYNK DIN582 8mm Informacje og\u00f3lne: Rozmiar: M8 Materia\u0142: stal w\u0119glowa kuta, ocynkowana Aukcja dotyczy 1 szt. \u2705 Praktyczny i funkcjonalny gad\u017cet, kt\u00f3ry u\u0142atwi Twoje \u017cycie! \u015aruba wykonana ze stali w\u0119glowej kutej, ocynkowanej. Wyprodukowana zgodnie z DIN 582. Cz\u0119sto wykorzystywana w lawetach, naczepach oraz podwieszeniach mechanicznych i elektrycznych.","og_url":"https:\/\/bobimarket.pl\/index.php\/produkt\/nakretka-z-uchem-oczkowa-ocynk-din582-8mm\/","og_site_name":"BOBIMARKET.pl - Remontuj i urz\u0105dzaj z nami","article_modified_time":"2025-02-27T15:27:47+00:00","og_image":[{"url":"https:\/\/upload.cdn.baselinker.com\/products\/14476\/24e36adfd26f751b2bab76bd6f4df877.jpg"}],"twitter_card":"summary_large_image","schema":{"@context":"https:\/\/schema.org","@graph":[{"@type":"WebPage","@id":"https:\/\/bobimarket.pl\/index.php\/produkt\/nakretka-z-uchem-oczkowa-ocynk-din582-8mm\/","url":"https:\/\/bobimarket.pl\/index.php\/produkt\/nakretka-z-uchem-oczkowa-ocynk-din582-8mm\/","name":"NAKR\u0118TKA Z UCHEM OCZKOWA OCYNK DIN582 8mm - BOBIMARKET.pl - Remontuj i urz\u0105dzaj z nami","isPartOf":{"@id":"https:\/\/bobimarket.pl\/#website"},"datePublished":"2023-08-30T04:16:33+00:00","dateModified":"2025-02-27T15:27:47+00:00","breadcrumb":{"@id":"https:\/\/bobimarket.pl\/index.php\/produkt\/nakretka-z-uchem-oczkowa-ocynk-din582-8mm\/#breadcrumb"},"inLanguage":"pl-PL","potentialAction":[{"@type":"ReadAction","target":["https:\/\/bobimarket.pl\/index.php\/produkt\/nakretka-z-uchem-oczkowa-ocynk-din582-8mm\/"]}]},{"@type":"BreadcrumbList","@id":"https:\/\/bobimarket.pl\/index.php\/produkt\/nakretka-z-uchem-oczkowa-ocynk-din582-8mm\/#breadcrumb","itemListElement":[{"@type":"ListItem","position":1,"name":"Strona g\u0142\u00f3wna","item":"https:\/\/bobimarket.pl\/"},{"@type":"ListItem","position":2,"name":"Sklep","item":"https:\/\/bobimarket.pl\/index.php\/shop\/"},{"@type":"ListItem","position":3,"name":"NAKR\u0118TKA Z UCHEM OCZKOWA OCYNK DIN582 8mm"}]},{"@type":"WebSite","@id":"https:\/\/bobimarket.pl\/#website","url":"https:\/\/bobimarket.pl\/","name":"BOBIMARKET.pl - Remontuj i urz\u0105dzaj z nami","description":"Remontuj i urz\u0105dzaj z nami","publisher":{"@id":"https:\/\/bobimarket.pl\/#organization"},"potentialAction":[{"@type":"SearchAction","target":{"@type":"EntryPoint","urlTemplate":"https:\/\/bobimarket.pl\/?s={search_term_string}"},"query-input":"required name=search_term_string"}],"inLanguage":"pl-PL"},{"@type":"Organization","@id":"https:\/\/bobimarket.pl\/#organization","name":"BOBIMARKET.pl","url":"https:\/\/bobimarket.pl\/","logo":{"@type":"ImageObject","inLanguage":"pl-PL","@id":"https:\/\/bobimarket.pl\/#\/schema\/logo\/image\/","url":"https:\/\/bobimarket.pl\/wp-content\/uploads\/2021\/11\/slogan.png","contentUrl":"https:\/\/bobimarket.pl\/wp-content\/uploads\/2021\/11\/slogan.png","width":2000,"height":384,"caption":"BOBIMARKET.pl"},"image":{"@id":"https:\/\/bobimarket.pl\/#\/schema\/logo\/image\/"}}]}},"_links":{"self":[{"href":"https:\/\/bobimarket.pl\/index.php\/wp-json\/wp\/v2\/product\/90319"}],"collection":[{"href":"https:\/\/bobimarket.pl\/index.php\/wp-json\/wp\/v2\/product"}],"about":[{"href":"https:\/\/bobimarket.pl\/index.php\/wp-json\/wp\/v2\/types\/product"}],"wp:featuredmedia":[{"embeddable":true,"href":"https:\/\/bobimarket.pl\/index.php\/wp-json\/wp\/v2\/media\/90316"}],"wp:attachment":[{"href":"https:\/\/bobimarket.pl\/index.php\/wp-json\/wp\/v2\/media?parent=90319"}],"wp:term":[{"taxonomy":"product_cat","embeddable":true,"href":"https:\/\/bobimarket.pl\/index.php\/wp-json\/wp\/v2\/product_cat?post=90319"},{"taxonomy":"product_tag","embeddable":true,"href":"https:\/\/bobimarket.pl\/index.php\/wp-json\/wp\/v2\/product_tag?post=90319"}],"curies":[{"name":"wp","href":"https:\/\/api.w.org\/{rel}","templated":true}]}}