{"id":90461,"date":"2023-08-30T04:26:27","date_gmt":"2023-08-30T04:26:27","guid":{"rendered":"https:\/\/bobimarket.pl\/index.php\/produkt\/opaska-slimakowa-obejma-skrecana-40-60-mm\/"},"modified":"2025-02-27T15:31:11","modified_gmt":"2025-02-27T15:31:11","slug":"opaska-slimakowa-obejma-skrecana-40-60-mm","status":"publish","type":"product","link":"https:\/\/bobimarket.pl\/index.php\/produkt\/opaska-slimakowa-obejma-skrecana-40-60-mm\/","title":{"rendered":"OPASKA \u015aLIMAKOWA OBEJMA SKR\u0118CANA 40-60 mm"},"content":{"rendered":"<section class=\"section\">\n<div class=\"item item-6\">\n<section class=\"image-item\">\n            <img decoding=\"async\" src=\"https:\/\/upload.cdn.baselinker.com\/products\/14476\/375154d690d71ff879d29b055cb45095.jpg\" \/><br \/>\n        <\/section>\n<\/p><\/div>\n<div class=\"item item-6\">\n<section class=\"text-item\">\n<h2>OPASKA \u015aLIMAKOWA OBEJMA SKR\u0118CANA 40-60 mm<\/h2>\n<p><b>Informacje og\u00f3lne:<\/b><\/p>\n<ul>\n<li>Rozmiar: <b>40-60 mm<\/b><\/li>\n<li>Rodzaj:<b> opaska \u015blimakowa <\/b><\/li>\n<li>Materia\u0142:<b> stal ocynkowana <\/b><\/li>\n<li>Ilo\u015b\u0107: <b>1 sztuka<\/b><\/li>\n<\/ul>\n<p><b>Praktyczny i funkcjonalny obejma, kt\u00f3ry u\u0142atwi Twoje \u017cycie!<\/b><\/p>\n<p>Popularna opaska \u015blimakowa. Solidnie wykonana, do produkcji u\u017cyto stali ocynkowanej. Obejma jest prosta i wygodna w monta\u017cu. Dodatkowo charakteryzuje si\u0119 <b>wytrzyma\u0142o\u015bci\u0105 mechaniczn\u0105 i termiczn\u0105.<\/b><\/p>\n<ul>\n<li>Przeznaczona do mocowania w wi\u0105zki przewod\u00f3w elektrycznych, kabli, w\u0119\u017cy, itp.<\/li>\n<\/ul>\n<\/section><\/div>\n<\/section>\n<section class=\"section\">\n<div class=\"item item-12\">\n<section class=\"image-item\">\n            <img decoding=\"async\" src=\"https:\/\/upload.cdn.baselinker.com\/products\/14476\/6c3037cf78e2a0fda26d2baba818e65a.jpg\" \/><br \/>\n        <\/section>\n<\/p><\/div>\n<\/section>\n","protected":false},"excerpt":{"rendered":"<p>OPASKA \u015aLIMAKOWA OBEJMA SKR\u0118CANA 40-60 mm Informacje og\u00f3lne: Rozmiar: 40-60 mm Rodzaj: opaska \u015blimakowa Materia\u0142: stal ocynkowana Ilo\u015b\u0107: 1 sztuka Praktyczny i funkcjonalny obejma, kt\u00f3ry u\u0142atwi Twoje \u017cycie! Popularna opaska \u015blimakowa. Solidnie wykonana, do produkcji u\u017cyto stali ocynkowanej. Obejma jest prosta i wygodna w monta\u017cu. Dodatkowo charakteryzuje si\u0119 wytrzyma\u0142o\u015bci\u0105 mechaniczn\u0105 i termiczn\u0105. Przeznaczona do mocowania<br \/><a class=\"more-link\" href=\"https:\/\/bobimarket.pl\/index.php\/produkt\/opaska-slimakowa-obejma-skrecana-40-60-mm\/\"><br \/>\n        Czytaj wi\u0119cej<span class=\"screen-reader-text\"> &#8222;OPASKA \u015aLIMAKOWA OBEJMA SKR\u0118CANA 40-60 mm&#8221;<\/span><\/a><\/p>\n","protected":false},"featured_media":90458,"template":"","meta":[],"product_cat":[8289],"product_tag":[],"yoast_head":"<!-- This site is optimized with the Yoast SEO plugin v21.0 - https:\/\/yoast.com\/wordpress\/plugins\/seo\/ -->\n<title>OPASKA \u015aLIMAKOWA OBEJMA SKR\u0118CANA 40-60 mm - BOBIMARKET.pl - Remontuj i urz\u0105dzaj z nami<\/title>\n<meta name=\"robots\" content=\"index, follow, max-snippet:-1, max-image-preview:large, max-video-preview:-1\" \/>\n<link rel=\"canonical\" href=\"https:\/\/bobimarket.pl\/index.php\/produkt\/opaska-slimakowa-obejma-skrecana-40-60-mm\/\" \/>\n<meta property=\"og:locale\" content=\"pl_PL\" \/>\n<meta property=\"og:type\" content=\"article\" \/>\n<meta property=\"og:title\" content=\"OPASKA \u015aLIMAKOWA OBEJMA SKR\u0118CANA 40-60 mm - BOBIMARKET.pl - Remontuj i urz\u0105dzaj z nami\" \/>\n<meta property=\"og:description\" content=\"OPASKA \u015aLIMAKOWA OBEJMA SKR\u0118CANA 40-60 mm Informacje og\u00f3lne: Rozmiar: 40-60 mm Rodzaj: opaska \u015blimakowa Materia\u0142: stal ocynkowana Ilo\u015b\u0107: 1 sztuka Praktyczny i funkcjonalny obejma, kt\u00f3ry u\u0142atwi Twoje \u017cycie! Popularna opaska \u015blimakowa. Solidnie wykonana, do produkcji u\u017cyto stali ocynkowanej. Obejma jest prosta i wygodna w monta\u017cu. Dodatkowo charakteryzuje si\u0119 wytrzyma\u0142o\u015bci\u0105 mechaniczn\u0105 i termiczn\u0105. Przeznaczona do mocowania     Czytaj wi\u0119cej &quot;OPASKA \u015aLIMAKOWA OBEJMA SKR\u0118CANA 40-60 mm&quot;\" \/>\n<meta property=\"og:url\" content=\"https:\/\/bobimarket.pl\/index.php\/produkt\/opaska-slimakowa-obejma-skrecana-40-60-mm\/\" \/>\n<meta property=\"og:site_name\" content=\"BOBIMARKET.pl - Remontuj i urz\u0105dzaj z nami\" \/>\n<meta property=\"article:modified_time\" content=\"2025-02-27T15:31:11+00:00\" \/>\n<meta property=\"og:image\" content=\"https:\/\/upload.cdn.baselinker.com\/products\/14476\/375154d690d71ff879d29b055cb45095.jpg\" \/>\n<meta name=\"twitter:card\" content=\"summary_large_image\" \/>\n<script type=\"application\/ld+json\" class=\"yoast-schema-graph\">{\"@context\":\"https:\/\/schema.org\",\"@graph\":[{\"@type\":\"WebPage\",\"@id\":\"https:\/\/bobimarket.pl\/index.php\/produkt\/opaska-slimakowa-obejma-skrecana-40-60-mm\/\",\"url\":\"https:\/\/bobimarket.pl\/index.php\/produkt\/opaska-slimakowa-obejma-skrecana-40-60-mm\/\",\"name\":\"OPASKA \u015aLIMAKOWA OBEJMA SKR\u0118CANA 40-60 mm - BOBIMARKET.pl - Remontuj i urz\u0105dzaj z nami\",\"isPartOf\":{\"@id\":\"https:\/\/bobimarket.pl\/#website\"},\"datePublished\":\"2023-08-30T04:26:27+00:00\",\"dateModified\":\"2025-02-27T15:31:11+00:00\",\"breadcrumb\":{\"@id\":\"https:\/\/bobimarket.pl\/index.php\/produkt\/opaska-slimakowa-obejma-skrecana-40-60-mm\/#breadcrumb\"},\"inLanguage\":\"pl-PL\",\"potentialAction\":[{\"@type\":\"ReadAction\",\"target\":[\"https:\/\/bobimarket.pl\/index.php\/produkt\/opaska-slimakowa-obejma-skrecana-40-60-mm\/\"]}]},{\"@type\":\"BreadcrumbList\",\"@id\":\"https:\/\/bobimarket.pl\/index.php\/produkt\/opaska-slimakowa-obejma-skrecana-40-60-mm\/#breadcrumb\",\"itemListElement\":[{\"@type\":\"ListItem\",\"position\":1,\"name\":\"Strona g\u0142\u00f3wna\",\"item\":\"https:\/\/bobimarket.pl\/\"},{\"@type\":\"ListItem\",\"position\":2,\"name\":\"Sklep\",\"item\":\"https:\/\/bobimarket.pl\/index.php\/shop\/\"},{\"@type\":\"ListItem\",\"position\":3,\"name\":\"OPASKA \u015aLIMAKOWA OBEJMA SKR\u0118CANA 40-60 mm\"}]},{\"@type\":\"WebSite\",\"@id\":\"https:\/\/bobimarket.pl\/#website\",\"url\":\"https:\/\/bobimarket.pl\/\",\"name\":\"BOBIMARKET.pl - Remontuj i urz\u0105dzaj z nami\",\"description\":\"Remontuj i urz\u0105dzaj z nami\",\"publisher\":{\"@id\":\"https:\/\/bobimarket.pl\/#organization\"},\"potentialAction\":[{\"@type\":\"SearchAction\",\"target\":{\"@type\":\"EntryPoint\",\"urlTemplate\":\"https:\/\/bobimarket.pl\/?s={search_term_string}\"},\"query-input\":\"required name=search_term_string\"}],\"inLanguage\":\"pl-PL\"},{\"@type\":\"Organization\",\"@id\":\"https:\/\/bobimarket.pl\/#organization\",\"name\":\"BOBIMARKET.pl\",\"url\":\"https:\/\/bobimarket.pl\/\",\"logo\":{\"@type\":\"ImageObject\",\"inLanguage\":\"pl-PL\",\"@id\":\"https:\/\/bobimarket.pl\/#\/schema\/logo\/image\/\",\"url\":\"https:\/\/bobimarket.pl\/wp-content\/uploads\/2021\/11\/slogan.png\",\"contentUrl\":\"https:\/\/bobimarket.pl\/wp-content\/uploads\/2021\/11\/slogan.png\",\"width\":2000,\"height\":384,\"caption\":\"BOBIMARKET.pl\"},\"image\":{\"@id\":\"https:\/\/bobimarket.pl\/#\/schema\/logo\/image\/\"}}]}<\/script>\n<!-- \/ Yoast SEO plugin. -->","yoast_head_json":{"title":"OPASKA \u015aLIMAKOWA OBEJMA SKR\u0118CANA 40-60 mm - BOBIMARKET.pl - Remontuj i urz\u0105dzaj z nami","robots":{"index":"index","follow":"follow","max-snippet":"max-snippet:-1","max-image-preview":"max-image-preview:large","max-video-preview":"max-video-preview:-1"},"canonical":"https:\/\/bobimarket.pl\/index.php\/produkt\/opaska-slimakowa-obejma-skrecana-40-60-mm\/","og_locale":"pl_PL","og_type":"article","og_title":"OPASKA \u015aLIMAKOWA OBEJMA SKR\u0118CANA 40-60 mm - BOBIMARKET.pl - Remontuj i urz\u0105dzaj z nami","og_description":"OPASKA \u015aLIMAKOWA OBEJMA SKR\u0118CANA 40-60 mm Informacje og\u00f3lne: Rozmiar: 40-60 mm Rodzaj: opaska \u015blimakowa Materia\u0142: stal ocynkowana Ilo\u015b\u0107: 1 sztuka Praktyczny i funkcjonalny obejma, kt\u00f3ry u\u0142atwi Twoje \u017cycie! Popularna opaska \u015blimakowa. Solidnie wykonana, do produkcji u\u017cyto stali ocynkowanej. Obejma jest prosta i wygodna w monta\u017cu. Dodatkowo charakteryzuje si\u0119 wytrzyma\u0142o\u015bci\u0105 mechaniczn\u0105 i termiczn\u0105. Przeznaczona do mocowania     Czytaj wi\u0119cej \"OPASKA \u015aLIMAKOWA OBEJMA SKR\u0118CANA 40-60 mm\"","og_url":"https:\/\/bobimarket.pl\/index.php\/produkt\/opaska-slimakowa-obejma-skrecana-40-60-mm\/","og_site_name":"BOBIMARKET.pl - Remontuj i urz\u0105dzaj z nami","article_modified_time":"2025-02-27T15:31:11+00:00","og_image":[{"url":"https:\/\/upload.cdn.baselinker.com\/products\/14476\/375154d690d71ff879d29b055cb45095.jpg"}],"twitter_card":"summary_large_image","schema":{"@context":"https:\/\/schema.org","@graph":[{"@type":"WebPage","@id":"https:\/\/bobimarket.pl\/index.php\/produkt\/opaska-slimakowa-obejma-skrecana-40-60-mm\/","url":"https:\/\/bobimarket.pl\/index.php\/produkt\/opaska-slimakowa-obejma-skrecana-40-60-mm\/","name":"OPASKA \u015aLIMAKOWA OBEJMA SKR\u0118CANA 40-60 mm - BOBIMARKET.pl - Remontuj i urz\u0105dzaj z nami","isPartOf":{"@id":"https:\/\/bobimarket.pl\/#website"},"datePublished":"2023-08-30T04:26:27+00:00","dateModified":"2025-02-27T15:31:11+00:00","breadcrumb":{"@id":"https:\/\/bobimarket.pl\/index.php\/produkt\/opaska-slimakowa-obejma-skrecana-40-60-mm\/#breadcrumb"},"inLanguage":"pl-PL","potentialAction":[{"@type":"ReadAction","target":["https:\/\/bobimarket.pl\/index.php\/produkt\/opaska-slimakowa-obejma-skrecana-40-60-mm\/"]}]},{"@type":"BreadcrumbList","@id":"https:\/\/bobimarket.pl\/index.php\/produkt\/opaska-slimakowa-obejma-skrecana-40-60-mm\/#breadcrumb","itemListElement":[{"@type":"ListItem","position":1,"name":"Strona g\u0142\u00f3wna","item":"https:\/\/bobimarket.pl\/"},{"@type":"ListItem","position":2,"name":"Sklep","item":"https:\/\/bobimarket.pl\/index.php\/shop\/"},{"@type":"ListItem","position":3,"name":"OPASKA \u015aLIMAKOWA OBEJMA SKR\u0118CANA 40-60 mm"}]},{"@type":"WebSite","@id":"https:\/\/bobimarket.pl\/#website","url":"https:\/\/bobimarket.pl\/","name":"BOBIMARKET.pl - Remontuj i urz\u0105dzaj z nami","description":"Remontuj i urz\u0105dzaj z nami","publisher":{"@id":"https:\/\/bobimarket.pl\/#organization"},"potentialAction":[{"@type":"SearchAction","target":{"@type":"EntryPoint","urlTemplate":"https:\/\/bobimarket.pl\/?s={search_term_string}"},"query-input":"required name=search_term_string"}],"inLanguage":"pl-PL"},{"@type":"Organization","@id":"https:\/\/bobimarket.pl\/#organization","name":"BOBIMARKET.pl","url":"https:\/\/bobimarket.pl\/","logo":{"@type":"ImageObject","inLanguage":"pl-PL","@id":"https:\/\/bobimarket.pl\/#\/schema\/logo\/image\/","url":"https:\/\/bobimarket.pl\/wp-content\/uploads\/2021\/11\/slogan.png","contentUrl":"https:\/\/bobimarket.pl\/wp-content\/uploads\/2021\/11\/slogan.png","width":2000,"height":384,"caption":"BOBIMARKET.pl"},"image":{"@id":"https:\/\/bobimarket.pl\/#\/schema\/logo\/image\/"}}]}},"_links":{"self":[{"href":"https:\/\/bobimarket.pl\/index.php\/wp-json\/wp\/v2\/product\/90461"}],"collection":[{"href":"https:\/\/bobimarket.pl\/index.php\/wp-json\/wp\/v2\/product"}],"about":[{"href":"https:\/\/bobimarket.pl\/index.php\/wp-json\/wp\/v2\/types\/product"}],"wp:featuredmedia":[{"embeddable":true,"href":"https:\/\/bobimarket.pl\/index.php\/wp-json\/wp\/v2\/media\/90458"}],"wp:attachment":[{"href":"https:\/\/bobimarket.pl\/index.php\/wp-json\/wp\/v2\/media?parent=90461"}],"wp:term":[{"taxonomy":"product_cat","embeddable":true,"href":"https:\/\/bobimarket.pl\/index.php\/wp-json\/wp\/v2\/product_cat?post=90461"},{"taxonomy":"product_tag","embeddable":true,"href":"https:\/\/bobimarket.pl\/index.php\/wp-json\/wp\/v2\/product_tag?post=90461"}],"curies":[{"name":"wp","href":"https:\/\/api.w.org\/{rel}","templated":true}]}}