{"id":90521,"date":"2023-08-30T04:30:05","date_gmt":"2023-08-30T04:30:05","guid":{"rendered":"https:\/\/bobimarket.pl\/index.php\/produkt\/grabie-areator-ogrodowe-metalowe-16-zebow\/"},"modified":"2025-02-27T15:32:35","modified_gmt":"2025-02-27T15:32:35","slug":"grabie-areator-ogrodowe-metalowe-16-zebow","status":"publish","type":"product","link":"https:\/\/bobimarket.pl\/index.php\/produkt\/grabie-areator-ogrodowe-metalowe-16-zebow\/","title":{"rendered":"GRABIE AREATOR OGRODOWE METALOWE 16 Z\u0118B\u00d3W"},"content":{"rendered":"<section class=\"section\">\n<div class=\"item item-6\">\n<section class=\"image-item\">\n            <img decoding=\"async\" src=\"https:\/\/upload.cdn.baselinker.com\/products\/14476\/5d2f49c9962049bd331ffce5aca92bf7.jpg\" \/><br \/>\n        <\/section>\n<\/p><\/div>\n<div class=\"item item-6\">\n<section class=\"text-item\">\n<h2>GRABIE AERATOR OGRODOWE METALOWE 16 Z\u0118B\u00d3W<\/h2>\n<p><b>Informacje og\u00f3lne:<\/b><\/p>\n<ul>\n<li>Ilo\u015b\u0107 z\u0119b\u00f3w: <b>16<\/b><\/li>\n<li>Szeroko\u015b\u0107 robocza:<b> 400 mm<\/b><\/li>\n<li>\u015arednica trzonka: +\/- 3 cm<\/li>\n<li>Materia\u0142: stal<\/li>\n<li>Bez trzona<\/li>\n<\/ul>\n<\/section><\/div>\n<\/section>\n<section class=\"section\">\n<div class=\"item item-6\">\n<section class=\"image-item\">\n            <img decoding=\"async\" src=\"https:\/\/upload.cdn.baselinker.com\/products\/14476\/5d2f49c9962049bd331ffce5aca92bf7.jpg\" \/><br \/>\n        <\/section>\n<\/p><\/div>\n<div class=\"item item-6\">\n<section class=\"text-item\">\n<h2>Idealny zestaw do prac w ogrodzie o ka\u017cdej porze roku!<\/h2>\n<p>Praktyczne i solidne grabie, kt\u00f3ra przydadz\u0105 si\u0119 o ka\u017cdej porze roku. W sezonie letnim pomog\u0105 w dbaniu o trawnik, a w sezonie jesiennym przydadz\u0105 si\u0119 to porz\u0105dkowania ogrodu.\u00a0<\/p>\n<p>Grabie sprawdz\u0105 si\u0119 podczas przeprowadzania wszelkich prac w ogrodzie, dzia\u0142ce lub sadzie. Twoja praca b\u0119dzie przebiega\u0142a sprawnie i szybko.<\/p>\n<ul>\n<li><b>Wytrzyma\u0142e i solidnie<\/b> wykonane, co b\u0119dzie owocowa\u0142o d\u0142ugim okresem u\u017cytkowania.<\/li>\n<li><b>Lekkie i por\u0119czne.<\/b> Dodatkowo z \u0142atwo\u015bci\u0105 zamontujesz do nich uniwersalny trzonek, kt\u00f3ry mo\u017cesz dobra\u0107 do swojego wzrostu i potrzeb.<\/li>\n<\/ul>\n<\/section><\/div>\n<\/section>\n<section class=\"section\">\n<div class=\"item item-6\">\n<section class=\"image-item\">\n            <img decoding=\"async\" src=\"https:\/\/upload.cdn.baselinker.com\/products\/14476\/8812e62676c9026ebd1235d41d708486.jpg\" \/><br \/>\n        <\/section>\n<\/p><\/div>\n<div class=\"item item-6\">\n<section class=\"text-item\">\n<h1>Pomocnik przy pracach w ogrodzie!<\/h1>\n<p>\u2705 Grabie ogrodowe wyposa\u017cone w 16 z\u0119b\u00f3w doskonale sprawdz\u0105 si\u0119 <b>do grabienia trawy, li\u015bcie lub siana<\/b>. Du\u017ca powierzchnia robocza u\u0142atwia zagarnianie wi\u0119kszej ilo\u015bci pozosta\u0142o\u015bci ro\u015blinnych.<\/p>\n<p>\u2705 Na niewielkich terenach poro\u015bni\u0119tych traw\u0105 mo\u017ce zosta\u0107<b> u\u017cyty jako aerator<\/b> i zast\u0105pi\u0107 wi\u0119kszy i dro\u017cszy sprz\u0119t. Sprawdzi si\u0119 do rozlu\u017ania gleby &#8211;\u00a0 napowietrzy j\u0105 i u\u0142atwi wnikanie w ni\u0105 sk\u0142adnik\u00f3w od\u017cywczych.<\/p>\n<p>\u2705 Grabie dzi\u0119ki specjalnej konstrukcji mog\u0105 zosta\u0107 wykorzystane <b>do <\/b><b> pozbycia si\u0119 obumar\u0142ych korzeni,chwast\u00f3w itp.\u00a0<\/b><\/p>\n<\/section><\/div>\n<\/section>\n<section class=\"section\">\n<div class=\"item item-12\">\n<section class=\"text-item\">\n<h1>Tego lata zadbaj\u00a0 o sw\u00f3j ogr\u00f3d z wielofunkcyjnymi grabiami!<\/h1>\n<\/section><\/div>\n<\/section>\n","protected":false},"excerpt":{"rendered":"<p>GRABIE AERATOR OGRODOWE METALOWE 16 Z\u0118B\u00d3W Informacje og\u00f3lne: Ilo\u015b\u0107 z\u0119b\u00f3w: 16 Szeroko\u015b\u0107 robocza: 400 mm \u015arednica trzonka: +\/- 3 cm Materia\u0142: stal Bez trzona Idealny zestaw do prac w ogrodzie o ka\u017cdej porze roku! Praktyczne i solidne grabie, kt\u00f3ra przydadz\u0105 si\u0119 o ka\u017cdej porze roku. W sezonie letnim pomog\u0105 w dbaniu o trawnik, a w<br \/><a class=\"more-link\" href=\"https:\/\/bobimarket.pl\/index.php\/produkt\/grabie-areator-ogrodowe-metalowe-16-zebow\/\"><br \/>\n        Czytaj wi\u0119cej<span class=\"screen-reader-text\"> &#8222;GRABIE AREATOR OGRODOWE METALOWE 16 Z\u0118B\u00d3W&#8221;<\/span><\/a><\/p>\n","protected":false},"featured_media":90518,"template":"","meta":[],"product_cat":[8166],"product_tag":[],"yoast_head":"<!-- This site is optimized with the Yoast SEO plugin v21.0 - https:\/\/yoast.com\/wordpress\/plugins\/seo\/ -->\n<title>GRABIE AREATOR OGRODOWE METALOWE 16 Z\u0118B\u00d3W - BOBIMARKET.pl - Remontuj i urz\u0105dzaj z nami<\/title>\n<meta name=\"robots\" content=\"index, follow, max-snippet:-1, max-image-preview:large, max-video-preview:-1\" \/>\n<link rel=\"canonical\" href=\"https:\/\/bobimarket.pl\/index.php\/produkt\/grabie-areator-ogrodowe-metalowe-16-zebow\/\" \/>\n<meta property=\"og:locale\" content=\"pl_PL\" \/>\n<meta property=\"og:type\" content=\"article\" \/>\n<meta property=\"og:title\" content=\"GRABIE AREATOR OGRODOWE METALOWE 16 Z\u0118B\u00d3W - BOBIMARKET.pl - Remontuj i urz\u0105dzaj z nami\" \/>\n<meta property=\"og:description\" content=\"GRABIE AERATOR OGRODOWE METALOWE 16 Z\u0118B\u00d3W Informacje og\u00f3lne: Ilo\u015b\u0107 z\u0119b\u00f3w: 16 Szeroko\u015b\u0107 robocza: 400 mm \u015arednica trzonka: +\/- 3 cm Materia\u0142: stal Bez trzona Idealny zestaw do prac w ogrodzie o ka\u017cdej porze roku! Praktyczne i solidne grabie, kt\u00f3ra przydadz\u0105 si\u0119 o ka\u017cdej porze roku. W sezonie letnim pomog\u0105 w dbaniu o trawnik, a w     Czytaj wi\u0119cej &quot;GRABIE AREATOR OGRODOWE METALOWE 16 Z\u0118B\u00d3W&quot;\" \/>\n<meta property=\"og:url\" content=\"https:\/\/bobimarket.pl\/index.php\/produkt\/grabie-areator-ogrodowe-metalowe-16-zebow\/\" \/>\n<meta property=\"og:site_name\" content=\"BOBIMARKET.pl - Remontuj i urz\u0105dzaj z nami\" \/>\n<meta property=\"article:modified_time\" content=\"2025-02-27T15:32:35+00:00\" \/>\n<meta property=\"og:image\" content=\"https:\/\/upload.cdn.baselinker.com\/products\/14476\/5d2f49c9962049bd331ffce5aca92bf7.jpg\" \/>\n<meta name=\"twitter:card\" content=\"summary_large_image\" \/>\n<meta name=\"twitter:label1\" content=\"Szacowany czas czytania\" \/>\n\t<meta name=\"twitter:data1\" content=\"1 minuta\" \/>\n<script type=\"application\/ld+json\" class=\"yoast-schema-graph\">{\"@context\":\"https:\/\/schema.org\",\"@graph\":[{\"@type\":\"WebPage\",\"@id\":\"https:\/\/bobimarket.pl\/index.php\/produkt\/grabie-areator-ogrodowe-metalowe-16-zebow\/\",\"url\":\"https:\/\/bobimarket.pl\/index.php\/produkt\/grabie-areator-ogrodowe-metalowe-16-zebow\/\",\"name\":\"GRABIE AREATOR OGRODOWE METALOWE 16 Z\u0118B\u00d3W - BOBIMARKET.pl - Remontuj i urz\u0105dzaj z nami\",\"isPartOf\":{\"@id\":\"https:\/\/bobimarket.pl\/#website\"},\"datePublished\":\"2023-08-30T04:30:05+00:00\",\"dateModified\":\"2025-02-27T15:32:35+00:00\",\"breadcrumb\":{\"@id\":\"https:\/\/bobimarket.pl\/index.php\/produkt\/grabie-areator-ogrodowe-metalowe-16-zebow\/#breadcrumb\"},\"inLanguage\":\"pl-PL\",\"potentialAction\":[{\"@type\":\"ReadAction\",\"target\":[\"https:\/\/bobimarket.pl\/index.php\/produkt\/grabie-areator-ogrodowe-metalowe-16-zebow\/\"]}]},{\"@type\":\"BreadcrumbList\",\"@id\":\"https:\/\/bobimarket.pl\/index.php\/produkt\/grabie-areator-ogrodowe-metalowe-16-zebow\/#breadcrumb\",\"itemListElement\":[{\"@type\":\"ListItem\",\"position\":1,\"name\":\"Strona g\u0142\u00f3wna\",\"item\":\"https:\/\/bobimarket.pl\/\"},{\"@type\":\"ListItem\",\"position\":2,\"name\":\"Sklep\",\"item\":\"https:\/\/bobimarket.pl\/index.php\/shop\/\"},{\"@type\":\"ListItem\",\"position\":3,\"name\":\"GRABIE AREATOR OGRODOWE METALOWE 16 Z\u0118B\u00d3W\"}]},{\"@type\":\"WebSite\",\"@id\":\"https:\/\/bobimarket.pl\/#website\",\"url\":\"https:\/\/bobimarket.pl\/\",\"name\":\"BOBIMARKET.pl - Remontuj i urz\u0105dzaj z nami\",\"description\":\"Remontuj i urz\u0105dzaj z nami\",\"publisher\":{\"@id\":\"https:\/\/bobimarket.pl\/#organization\"},\"potentialAction\":[{\"@type\":\"SearchAction\",\"target\":{\"@type\":\"EntryPoint\",\"urlTemplate\":\"https:\/\/bobimarket.pl\/?s={search_term_string}\"},\"query-input\":\"required name=search_term_string\"}],\"inLanguage\":\"pl-PL\"},{\"@type\":\"Organization\",\"@id\":\"https:\/\/bobimarket.pl\/#organization\",\"name\":\"BOBIMARKET.pl\",\"url\":\"https:\/\/bobimarket.pl\/\",\"logo\":{\"@type\":\"ImageObject\",\"inLanguage\":\"pl-PL\",\"@id\":\"https:\/\/bobimarket.pl\/#\/schema\/logo\/image\/\",\"url\":\"https:\/\/bobimarket.pl\/wp-content\/uploads\/2021\/11\/slogan.png\",\"contentUrl\":\"https:\/\/bobimarket.pl\/wp-content\/uploads\/2021\/11\/slogan.png\",\"width\":2000,\"height\":384,\"caption\":\"BOBIMARKET.pl\"},\"image\":{\"@id\":\"https:\/\/bobimarket.pl\/#\/schema\/logo\/image\/\"}}]}<\/script>\n<!-- \/ Yoast SEO plugin. -->","yoast_head_json":{"title":"GRABIE AREATOR OGRODOWE METALOWE 16 Z\u0118B\u00d3W - BOBIMARKET.pl - Remontuj i urz\u0105dzaj z nami","robots":{"index":"index","follow":"follow","max-snippet":"max-snippet:-1","max-image-preview":"max-image-preview:large","max-video-preview":"max-video-preview:-1"},"canonical":"https:\/\/bobimarket.pl\/index.php\/produkt\/grabie-areator-ogrodowe-metalowe-16-zebow\/","og_locale":"pl_PL","og_type":"article","og_title":"GRABIE AREATOR OGRODOWE METALOWE 16 Z\u0118B\u00d3W - BOBIMARKET.pl - Remontuj i urz\u0105dzaj z nami","og_description":"GRABIE AERATOR OGRODOWE METALOWE 16 Z\u0118B\u00d3W Informacje og\u00f3lne: Ilo\u015b\u0107 z\u0119b\u00f3w: 16 Szeroko\u015b\u0107 robocza: 400 mm \u015arednica trzonka: +\/- 3 cm Materia\u0142: stal Bez trzona Idealny zestaw do prac w ogrodzie o ka\u017cdej porze roku! Praktyczne i solidne grabie, kt\u00f3ra przydadz\u0105 si\u0119 o ka\u017cdej porze roku. W sezonie letnim pomog\u0105 w dbaniu o trawnik, a w     Czytaj wi\u0119cej \"GRABIE AREATOR OGRODOWE METALOWE 16 Z\u0118B\u00d3W\"","og_url":"https:\/\/bobimarket.pl\/index.php\/produkt\/grabie-areator-ogrodowe-metalowe-16-zebow\/","og_site_name":"BOBIMARKET.pl - Remontuj i urz\u0105dzaj z nami","article_modified_time":"2025-02-27T15:32:35+00:00","og_image":[{"url":"https:\/\/upload.cdn.baselinker.com\/products\/14476\/5d2f49c9962049bd331ffce5aca92bf7.jpg"}],"twitter_card":"summary_large_image","twitter_misc":{"Szacowany czas czytania":"1 minuta"},"schema":{"@context":"https:\/\/schema.org","@graph":[{"@type":"WebPage","@id":"https:\/\/bobimarket.pl\/index.php\/produkt\/grabie-areator-ogrodowe-metalowe-16-zebow\/","url":"https:\/\/bobimarket.pl\/index.php\/produkt\/grabie-areator-ogrodowe-metalowe-16-zebow\/","name":"GRABIE AREATOR OGRODOWE METALOWE 16 Z\u0118B\u00d3W - BOBIMARKET.pl - Remontuj i urz\u0105dzaj z nami","isPartOf":{"@id":"https:\/\/bobimarket.pl\/#website"},"datePublished":"2023-08-30T04:30:05+00:00","dateModified":"2025-02-27T15:32:35+00:00","breadcrumb":{"@id":"https:\/\/bobimarket.pl\/index.php\/produkt\/grabie-areator-ogrodowe-metalowe-16-zebow\/#breadcrumb"},"inLanguage":"pl-PL","potentialAction":[{"@type":"ReadAction","target":["https:\/\/bobimarket.pl\/index.php\/produkt\/grabie-areator-ogrodowe-metalowe-16-zebow\/"]}]},{"@type":"BreadcrumbList","@id":"https:\/\/bobimarket.pl\/index.php\/produkt\/grabie-areator-ogrodowe-metalowe-16-zebow\/#breadcrumb","itemListElement":[{"@type":"ListItem","position":1,"name":"Strona g\u0142\u00f3wna","item":"https:\/\/bobimarket.pl\/"},{"@type":"ListItem","position":2,"name":"Sklep","item":"https:\/\/bobimarket.pl\/index.php\/shop\/"},{"@type":"ListItem","position":3,"name":"GRABIE AREATOR OGRODOWE METALOWE 16 Z\u0118B\u00d3W"}]},{"@type":"WebSite","@id":"https:\/\/bobimarket.pl\/#website","url":"https:\/\/bobimarket.pl\/","name":"BOBIMARKET.pl - Remontuj i urz\u0105dzaj z nami","description":"Remontuj i urz\u0105dzaj z nami","publisher":{"@id":"https:\/\/bobimarket.pl\/#organization"},"potentialAction":[{"@type":"SearchAction","target":{"@type":"EntryPoint","urlTemplate":"https:\/\/bobimarket.pl\/?s={search_term_string}"},"query-input":"required name=search_term_string"}],"inLanguage":"pl-PL"},{"@type":"Organization","@id":"https:\/\/bobimarket.pl\/#organization","name":"BOBIMARKET.pl","url":"https:\/\/bobimarket.pl\/","logo":{"@type":"ImageObject","inLanguage":"pl-PL","@id":"https:\/\/bobimarket.pl\/#\/schema\/logo\/image\/","url":"https:\/\/bobimarket.pl\/wp-content\/uploads\/2021\/11\/slogan.png","contentUrl":"https:\/\/bobimarket.pl\/wp-content\/uploads\/2021\/11\/slogan.png","width":2000,"height":384,"caption":"BOBIMARKET.pl"},"image":{"@id":"https:\/\/bobimarket.pl\/#\/schema\/logo\/image\/"}}]}},"_links":{"self":[{"href":"https:\/\/bobimarket.pl\/index.php\/wp-json\/wp\/v2\/product\/90521"}],"collection":[{"href":"https:\/\/bobimarket.pl\/index.php\/wp-json\/wp\/v2\/product"}],"about":[{"href":"https:\/\/bobimarket.pl\/index.php\/wp-json\/wp\/v2\/types\/product"}],"wp:featuredmedia":[{"embeddable":true,"href":"https:\/\/bobimarket.pl\/index.php\/wp-json\/wp\/v2\/media\/90518"}],"wp:attachment":[{"href":"https:\/\/bobimarket.pl\/index.php\/wp-json\/wp\/v2\/media?parent=90521"}],"wp:term":[{"taxonomy":"product_cat","embeddable":true,"href":"https:\/\/bobimarket.pl\/index.php\/wp-json\/wp\/v2\/product_cat?post=90521"},{"taxonomy":"product_tag","embeddable":true,"href":"https:\/\/bobimarket.pl\/index.php\/wp-json\/wp\/v2\/product_tag?post=90521"}],"curies":[{"name":"wp","href":"https:\/\/api.w.org\/{rel}","templated":true}]}}