{"id":90535,"date":"2023-08-30T04:30:48","date_gmt":"2023-08-30T04:30:48","guid":{"rendered":"https:\/\/bobimarket.pl\/index.php\/produkt\/zraszacz-wody-pistolet-6-funkcji-zestaw-4cz-3-4\/"},"modified":"2025-02-27T15:32:49","modified_gmt":"2025-02-27T15:32:49","slug":"zraszacz-wody-pistolet-6-funkcji-zestaw-4cz-3-4","status":"publish","type":"product","link":"https:\/\/bobimarket.pl\/index.php\/produkt\/zraszacz-wody-pistolet-6-funkcji-zestaw-4cz-3-4\/","title":{"rendered":"ZRASZACZ WODY PISTOLET 6 FUNKCJI ZESTAW 4CZ. 3\/4&#8242;"},"content":{"rendered":"<section class=\"section\">\n<div class=\"item item-6\">\n<section class=\"image-item\">\n            <img decoding=\"async\" src=\"https:\/\/upload.cdn.baselinker.com\/products\/14476\/ebfe92be3c60ca34de2ba4880b21d8ec.jpg\" \/><br \/>\n        <\/section>\n<\/p><\/div>\n<div class=\"item item-6\">\n<section class=\"text-item\">\n<h2>ZRASZACZ WODY PISTOLET 6 FUNKCJI ZESTAW 4CZ. 3\/4&#8242;<\/h2>\n<p><b>Informacje og\u00f3lne:<\/b><\/p>\n<ul>\n<li>Rodzaj: <b>pistolet o pryskania<\/b><\/li>\n<li>Materia\u0142: <b>tworzywo ABS, guma<\/b><\/li>\n<li>Przeznaczenie: <b>do po\u0142\u0105czenia w\u0119\u017ca 3\/4&#8243; do systemu nawadniania<\/b><\/li>\n<\/ul>\n<p><b>Zestaw sk\u0142ada si\u0119 z 4 element\u00f3w: <\/b><\/p>\n<ul>\n<li>Zraszacz regulowany<\/li>\n<li>Szybkoz\u0142\u0105czka 3\/4&#8243;<\/li>\n<li>Szybkoz\u0142\u0105czka 3\/4&#8243; z funkcj\u0105 auqastop<\/li>\n<li>Adapter-przej\u015bci\u00f3wka 1\/2&#8243;-3\/4&#8243;, gwint wewn\u0119trzny<\/li>\n<\/ul>\n<\/section><\/div>\n<\/section>\n<section class=\"section\">\n<div class=\"item item-6\">\n<section class=\"image-item\">\n            <img decoding=\"async\" src=\"https:\/\/upload.cdn.baselinker.com\/products\/14476\/ebfe92be3c60ca34de2ba4880b21d8ec.jpg\" \/><br \/>\n        <\/section>\n<\/p><\/div>\n<div class=\"item item-6\">\n<section class=\"text-item\">\n<h2>Klasyczny regulowany pistolet do pryskania!<\/h2>\n<p>W tym sezonie zadbaj o sw\u00f3j ogr\u00f3d z praktycznym pistoletem natryskowy z mo\u017cliwo\u015bci\u0105 regulacji. Pistolet posiada <b>a\u017c 6 tryb\u00f3w nawadniania.<\/b> Dodatkowo do\u0142\u0105czona do niego 2 szybkoz\u0142\u0105czki oraz adapter.<\/p>\n<ul>\n<li>Pistolet wykonano z <b>mocnego tworzywa ABS<\/b>, co b\u0119dzie owocowa\u0142o d\u0142ugim okresem u\u017cytkowania.<\/li>\n<li>Uchwyt pokryty gum\u0105, co zapewnia maksymalny komfort podczas pracy z narz\u0119dziem.<\/li>\n<\/ul>\n<\/section><\/div>\n<\/section>\n<section class=\"section\">\n<div class=\"item item-6\">\n<section class=\"image-item\">\n            <img decoding=\"async\" src=\"https:\/\/upload.cdn.baselinker.com\/products\/14476\/ebfe92be3c60ca34de2ba4880b21d8ec.jpg\" \/><br \/>\n        <\/section>\n<\/p><\/div>\n<div class=\"item item-6\">\n<section class=\"text-item\">\n<h2>Idealny pomocnik ka\u017cdego ogrodnika!<\/h2>\n<p>W zestawie znajduj\u0105 si\u0119 <b>wszystkie potrzebne elementy<\/b>, aby stworzy\u0107 system nawadniania. Po\u0142\u0105cz je z w\u0119\u017cem ogrodowym i zadbaj o sw\u00f3j ogr\u00f3d.<\/p>\n<p><b>\u2705Regulowany zraszacz wody 6 funkcji<\/b><\/p>\n<p>Regulowana dysza zosta\u0142a wyposa\u017cona w<b> r\u00f3\u017cne tryby nawadniania<\/b>, co pozwala wybra\u0107 najbardziej odpowiedni tryb do ka\u017cdego rodzaju nasadze\u0144, jak r\u00f3wnie\u017c do czyszczenia. Pistolet dodatkowo posiada <b>blokad\u0119 spustu do pracy ci\u0105g\u0142ej.<\/b><\/p>\n<p>Zraszacz wyposa\u017cono w regulowan\u0105 dysz\u0119, co zapewnia <b>6 tryb\u00f3w nawadniania:<\/b><\/p>\n<ul>\n<li>mg\u0142a<\/li>\n<li>prysznic<\/li>\n<li>strumie\u0144 sto\u017ckowy<\/li>\n<li>strumie\u0144 centralny<\/li>\n<li>strumie\u0144 p\u0142asko-poziomy<\/li>\n<li>strumie\u0144 twardy<\/li>\n<\/ul>\n<\/section><\/div>\n<\/section>\n<section class=\"section\">\n<div class=\"item item-6\">\n<section class=\"image-item\">\n            <img decoding=\"async\" src=\"https:\/\/upload.cdn.baselinker.com\/products\/14476\/ebfe92be3c60ca34de2ba4880b21d8ec.jpg\" \/><br \/>\n        <\/section>\n<\/p><\/div>\n<div class=\"item item-6\">\n<section class=\"text-item\">\n<p><b>\u2705 Do dyszy do\u0142\u0105czona adapter oraz dwa r\u00f3\u017cne rodzaje szybkoz\u0142\u0105czek<\/b>.<\/p>\n<ul>\n<li><b>Szybkoz\u0142\u0105czka 1\/2&#8242;<\/b> zak\u0142adany na w\u0105\u017c. Pozwala szybko i wielokrotnie pod\u0142\u0105cza\u0107\/od\u0142\u0105cza\u0107 w\u0105\u017c do systemu nawadniania za pomoc\u0105 adaptera-przej\u015bci\u00f3wki.<\/li>\n<li><b>Szybkoz\u0142\u0105czka 1\/2&#8242; z funkcj\u0105 auqastop<\/b> r\u00f3wnie\u017c zak\u0142adana na w\u0105\u017c. Pozwala szybko i wielokrotnie pod\u0142\u0105cza\u0107\/od\u0142\u0105cza\u0107 rozpylacz do w\u0119\u017ca. Dzi\u0119ki funkcji auqastop podawanie ci\u015bnienia zatrzymuje si\u0119 automatycznie po od\u0142\u0105czeniu rozpylacza od w\u0119\u017ca i wznowione po pod\u0142\u0105czeniu.<\/li>\n<li><b>Adapter-przej\u015bci\u00f3wka 1\/2<\/b> (3\/4, gwint zewn\u0119trzny). Nakr\u0119cany na g\u0142\u00f3wn\u0105 rur\u0119 wodoci\u0105gow\u0105 o odpowiedniej \u015brednicy.<\/li>\n<\/ul>\n<\/section><\/div>\n<\/section>\n<section class=\"section\">\n<div class=\"item item-6\">\n<section class=\"image-item\">\n            <img decoding=\"async\" src=\"https:\/\/upload.cdn.baselinker.com\/products\/14476\/ebfe92be3c60ca34de2ba4880b21d8ec.jpg\" \/><br \/>\n        <\/section>\n<\/p><\/div>\n<div class=\"item item-6\">\n<section class=\"text-item\">\n<p>Pistolet natryskowy o bardzo przydatny<b> element wyposa\u017cenia ka\u017cdego w\u0142a\u015bciciele ogr\u00f3dka<\/b>. Sprawdzi si\u0119 zar\u00f3wno u dobrze do\u015bwiadczonych jak i dopiero zaczynaj\u0105cych swoj\u0105 przygod\u0119 z ogrodnictwem.\u00a0<\/p>\n<ul>\n<li>Sprz\u0119t <b>u\u0142atwi podlewania<\/b> wcze\u015bniej posadzonych kwiat\u00f3w. Prace przebiegn\u0105 szybko i sprawnie, a Ty b\u0119dziesz m\u00f3g\u0142 si\u0119 cieszy\u0107 czasem wolnym.<\/li>\n<li>Pistolet przyda si\u0119 <b>niezale\u017cnie od wielko\u015bci ogrodu.<\/b> Sprawdzi si\u0119 do podlewania rabatek kwiatowych, zielnik\u00f3w czy r\u00f3\u017cnego rodzaju krzew\u00f3w i nie tylko. Nada si\u0119 do nawadniania na terenach podmiejskich, parkach i skwerach.<\/li>\n<li>Mo\u017cna go r\u00f3wnie\u017c wykorzysta\u0107 jako<b> pomocnika przy czyszczeniu narz\u0119dzi ogrodowyc<\/b>h itp.<\/li>\n<\/ul>\n<\/section><\/div>\n<\/section>\n","protected":false},"excerpt":{"rendered":"<p>ZRASZACZ WODY PISTOLET 6 FUNKCJI ZESTAW 4CZ. 3\/4&#8242; Informacje og\u00f3lne: Rodzaj: pistolet o pryskania Materia\u0142: tworzywo ABS, guma Przeznaczenie: do po\u0142\u0105czenia w\u0119\u017ca 3\/4&#8243; do systemu nawadniania Zestaw sk\u0142ada si\u0119 z 4 element\u00f3w: Zraszacz regulowany Szybkoz\u0142\u0105czka 3\/4&#8243; Szybkoz\u0142\u0105czka 3\/4&#8243; z funkcj\u0105 auqastop Adapter-przej\u015bci\u00f3wka 1\/2&#8243;-3\/4&#8243;, gwint wewn\u0119trzny Klasyczny regulowany pistolet do pryskania! W tym sezonie zadbaj o<br \/><a class=\"more-link\" href=\"https:\/\/bobimarket.pl\/index.php\/produkt\/zraszacz-wody-pistolet-6-funkcji-zestaw-4cz-3-4\/\"><br \/>\n        Czytaj wi\u0119cej<span class=\"screen-reader-text\"> &#8222;ZRASZACZ WODY PISTOLET 6 FUNKCJI ZESTAW 4CZ. 3\/4&#8242;&#8221;<\/span><\/a><\/p>\n","protected":false},"featured_media":90534,"template":"","meta":[],"product_cat":[8228],"product_tag":[],"yoast_head":"<!-- This site is optimized with the Yoast SEO plugin v21.0 - https:\/\/yoast.com\/wordpress\/plugins\/seo\/ -->\n<title>ZRASZACZ WODY PISTOLET 6 FUNKCJI ZESTAW 4CZ. 3\/4&#039; - BOBIMARKET.pl - Remontuj i urz\u0105dzaj z nami<\/title>\n<meta name=\"robots\" content=\"index, follow, max-snippet:-1, max-image-preview:large, max-video-preview:-1\" \/>\n<link rel=\"canonical\" href=\"https:\/\/bobimarket.pl\/index.php\/produkt\/zraszacz-wody-pistolet-6-funkcji-zestaw-4cz-3-4\/\" \/>\n<meta property=\"og:locale\" content=\"pl_PL\" \/>\n<meta property=\"og:type\" content=\"article\" \/>\n<meta property=\"og:title\" content=\"ZRASZACZ WODY PISTOLET 6 FUNKCJI ZESTAW 4CZ. 3\/4&#039; - BOBIMARKET.pl - Remontuj i urz\u0105dzaj z nami\" \/>\n<meta property=\"og:description\" content=\"ZRASZACZ WODY PISTOLET 6 FUNKCJI ZESTAW 4CZ. 3\/4&#8242; Informacje og\u00f3lne: Rodzaj: pistolet o pryskania Materia\u0142: tworzywo ABS, guma Przeznaczenie: do po\u0142\u0105czenia w\u0119\u017ca 3\/4&#8243; do systemu nawadniania Zestaw sk\u0142ada si\u0119 z 4 element\u00f3w: Zraszacz regulowany Szybkoz\u0142\u0105czka 3\/4&#8243; Szybkoz\u0142\u0105czka 3\/4&#8243; z funkcj\u0105 auqastop Adapter-przej\u015bci\u00f3wka 1\/2&#8243;-3\/4&#8243;, gwint wewn\u0119trzny Klasyczny regulowany pistolet do pryskania! W tym sezonie zadbaj o     Czytaj wi\u0119cej &quot;ZRASZACZ WODY PISTOLET 6 FUNKCJI ZESTAW 4CZ. 3\/4&#8242;&quot;\" \/>\n<meta property=\"og:url\" content=\"https:\/\/bobimarket.pl\/index.php\/produkt\/zraszacz-wody-pistolet-6-funkcji-zestaw-4cz-3-4\/\" \/>\n<meta property=\"og:site_name\" content=\"BOBIMARKET.pl - Remontuj i urz\u0105dzaj z nami\" \/>\n<meta property=\"article:modified_time\" content=\"2025-02-27T15:32:49+00:00\" \/>\n<meta property=\"og:image\" content=\"https:\/\/upload.cdn.baselinker.com\/products\/14476\/ebfe92be3c60ca34de2ba4880b21d8ec.jpg\" \/>\n<meta name=\"twitter:card\" content=\"summary_large_image\" \/>\n<meta name=\"twitter:label1\" content=\"Szacowany czas czytania\" \/>\n\t<meta name=\"twitter:data1\" content=\"2 minuty\" \/>\n<script type=\"application\/ld+json\" class=\"yoast-schema-graph\">{\"@context\":\"https:\/\/schema.org\",\"@graph\":[{\"@type\":\"WebPage\",\"@id\":\"https:\/\/bobimarket.pl\/index.php\/produkt\/zraszacz-wody-pistolet-6-funkcji-zestaw-4cz-3-4\/\",\"url\":\"https:\/\/bobimarket.pl\/index.php\/produkt\/zraszacz-wody-pistolet-6-funkcji-zestaw-4cz-3-4\/\",\"name\":\"ZRASZACZ WODY PISTOLET 6 FUNKCJI ZESTAW 4CZ. 3\/4' - BOBIMARKET.pl - Remontuj i urz\u0105dzaj z nami\",\"isPartOf\":{\"@id\":\"https:\/\/bobimarket.pl\/#website\"},\"datePublished\":\"2023-08-30T04:30:48+00:00\",\"dateModified\":\"2025-02-27T15:32:49+00:00\",\"breadcrumb\":{\"@id\":\"https:\/\/bobimarket.pl\/index.php\/produkt\/zraszacz-wody-pistolet-6-funkcji-zestaw-4cz-3-4\/#breadcrumb\"},\"inLanguage\":\"pl-PL\",\"potentialAction\":[{\"@type\":\"ReadAction\",\"target\":[\"https:\/\/bobimarket.pl\/index.php\/produkt\/zraszacz-wody-pistolet-6-funkcji-zestaw-4cz-3-4\/\"]}]},{\"@type\":\"BreadcrumbList\",\"@id\":\"https:\/\/bobimarket.pl\/index.php\/produkt\/zraszacz-wody-pistolet-6-funkcji-zestaw-4cz-3-4\/#breadcrumb\",\"itemListElement\":[{\"@type\":\"ListItem\",\"position\":1,\"name\":\"Strona g\u0142\u00f3wna\",\"item\":\"https:\/\/bobimarket.pl\/\"},{\"@type\":\"ListItem\",\"position\":2,\"name\":\"Sklep\",\"item\":\"https:\/\/bobimarket.pl\/index.php\/shop\/\"},{\"@type\":\"ListItem\",\"position\":3,\"name\":\"ZRASZACZ WODY PISTOLET 6 FUNKCJI ZESTAW 4CZ. 3\/4&#8242;\"}]},{\"@type\":\"WebSite\",\"@id\":\"https:\/\/bobimarket.pl\/#website\",\"url\":\"https:\/\/bobimarket.pl\/\",\"name\":\"BOBIMARKET.pl - Remontuj i urz\u0105dzaj z nami\",\"description\":\"Remontuj i urz\u0105dzaj z nami\",\"publisher\":{\"@id\":\"https:\/\/bobimarket.pl\/#organization\"},\"potentialAction\":[{\"@type\":\"SearchAction\",\"target\":{\"@type\":\"EntryPoint\",\"urlTemplate\":\"https:\/\/bobimarket.pl\/?s={search_term_string}\"},\"query-input\":\"required name=search_term_string\"}],\"inLanguage\":\"pl-PL\"},{\"@type\":\"Organization\",\"@id\":\"https:\/\/bobimarket.pl\/#organization\",\"name\":\"BOBIMARKET.pl\",\"url\":\"https:\/\/bobimarket.pl\/\",\"logo\":{\"@type\":\"ImageObject\",\"inLanguage\":\"pl-PL\",\"@id\":\"https:\/\/bobimarket.pl\/#\/schema\/logo\/image\/\",\"url\":\"https:\/\/bobimarket.pl\/wp-content\/uploads\/2021\/11\/slogan.png\",\"contentUrl\":\"https:\/\/bobimarket.pl\/wp-content\/uploads\/2021\/11\/slogan.png\",\"width\":2000,\"height\":384,\"caption\":\"BOBIMARKET.pl\"},\"image\":{\"@id\":\"https:\/\/bobimarket.pl\/#\/schema\/logo\/image\/\"}}]}<\/script>\n<!-- \/ Yoast SEO plugin. -->","yoast_head_json":{"title":"ZRASZACZ WODY PISTOLET 6 FUNKCJI ZESTAW 4CZ. 3\/4' - BOBIMARKET.pl - Remontuj i urz\u0105dzaj z nami","robots":{"index":"index","follow":"follow","max-snippet":"max-snippet:-1","max-image-preview":"max-image-preview:large","max-video-preview":"max-video-preview:-1"},"canonical":"https:\/\/bobimarket.pl\/index.php\/produkt\/zraszacz-wody-pistolet-6-funkcji-zestaw-4cz-3-4\/","og_locale":"pl_PL","og_type":"article","og_title":"ZRASZACZ WODY PISTOLET 6 FUNKCJI ZESTAW 4CZ. 3\/4' - BOBIMARKET.pl - Remontuj i urz\u0105dzaj z nami","og_description":"ZRASZACZ WODY PISTOLET 6 FUNKCJI ZESTAW 4CZ. 3\/4&#8242; Informacje og\u00f3lne: Rodzaj: pistolet o pryskania Materia\u0142: tworzywo ABS, guma Przeznaczenie: do po\u0142\u0105czenia w\u0119\u017ca 3\/4&#8243; do systemu nawadniania Zestaw sk\u0142ada si\u0119 z 4 element\u00f3w: Zraszacz regulowany Szybkoz\u0142\u0105czka 3\/4&#8243; Szybkoz\u0142\u0105czka 3\/4&#8243; z funkcj\u0105 auqastop Adapter-przej\u015bci\u00f3wka 1\/2&#8243;-3\/4&#8243;, gwint wewn\u0119trzny Klasyczny regulowany pistolet do pryskania! W tym sezonie zadbaj o     Czytaj wi\u0119cej \"ZRASZACZ WODY PISTOLET 6 FUNKCJI ZESTAW 4CZ. 3\/4&#8242;\"","og_url":"https:\/\/bobimarket.pl\/index.php\/produkt\/zraszacz-wody-pistolet-6-funkcji-zestaw-4cz-3-4\/","og_site_name":"BOBIMARKET.pl - Remontuj i urz\u0105dzaj z nami","article_modified_time":"2025-02-27T15:32:49+00:00","og_image":[{"url":"https:\/\/upload.cdn.baselinker.com\/products\/14476\/ebfe92be3c60ca34de2ba4880b21d8ec.jpg"}],"twitter_card":"summary_large_image","twitter_misc":{"Szacowany czas czytania":"2 minuty"},"schema":{"@context":"https:\/\/schema.org","@graph":[{"@type":"WebPage","@id":"https:\/\/bobimarket.pl\/index.php\/produkt\/zraszacz-wody-pistolet-6-funkcji-zestaw-4cz-3-4\/","url":"https:\/\/bobimarket.pl\/index.php\/produkt\/zraszacz-wody-pistolet-6-funkcji-zestaw-4cz-3-4\/","name":"ZRASZACZ WODY PISTOLET 6 FUNKCJI ZESTAW 4CZ. 3\/4' - BOBIMARKET.pl - Remontuj i urz\u0105dzaj z nami","isPartOf":{"@id":"https:\/\/bobimarket.pl\/#website"},"datePublished":"2023-08-30T04:30:48+00:00","dateModified":"2025-02-27T15:32:49+00:00","breadcrumb":{"@id":"https:\/\/bobimarket.pl\/index.php\/produkt\/zraszacz-wody-pistolet-6-funkcji-zestaw-4cz-3-4\/#breadcrumb"},"inLanguage":"pl-PL","potentialAction":[{"@type":"ReadAction","target":["https:\/\/bobimarket.pl\/index.php\/produkt\/zraszacz-wody-pistolet-6-funkcji-zestaw-4cz-3-4\/"]}]},{"@type":"BreadcrumbList","@id":"https:\/\/bobimarket.pl\/index.php\/produkt\/zraszacz-wody-pistolet-6-funkcji-zestaw-4cz-3-4\/#breadcrumb","itemListElement":[{"@type":"ListItem","position":1,"name":"Strona g\u0142\u00f3wna","item":"https:\/\/bobimarket.pl\/"},{"@type":"ListItem","position":2,"name":"Sklep","item":"https:\/\/bobimarket.pl\/index.php\/shop\/"},{"@type":"ListItem","position":3,"name":"ZRASZACZ WODY PISTOLET 6 FUNKCJI ZESTAW 4CZ. 3\/4&#8242;"}]},{"@type":"WebSite","@id":"https:\/\/bobimarket.pl\/#website","url":"https:\/\/bobimarket.pl\/","name":"BOBIMARKET.pl - Remontuj i urz\u0105dzaj z nami","description":"Remontuj i urz\u0105dzaj z nami","publisher":{"@id":"https:\/\/bobimarket.pl\/#organization"},"potentialAction":[{"@type":"SearchAction","target":{"@type":"EntryPoint","urlTemplate":"https:\/\/bobimarket.pl\/?s={search_term_string}"},"query-input":"required name=search_term_string"}],"inLanguage":"pl-PL"},{"@type":"Organization","@id":"https:\/\/bobimarket.pl\/#organization","name":"BOBIMARKET.pl","url":"https:\/\/bobimarket.pl\/","logo":{"@type":"ImageObject","inLanguage":"pl-PL","@id":"https:\/\/bobimarket.pl\/#\/schema\/logo\/image\/","url":"https:\/\/bobimarket.pl\/wp-content\/uploads\/2021\/11\/slogan.png","contentUrl":"https:\/\/bobimarket.pl\/wp-content\/uploads\/2021\/11\/slogan.png","width":2000,"height":384,"caption":"BOBIMARKET.pl"},"image":{"@id":"https:\/\/bobimarket.pl\/#\/schema\/logo\/image\/"}}]}},"_links":{"self":[{"href":"https:\/\/bobimarket.pl\/index.php\/wp-json\/wp\/v2\/product\/90535"}],"collection":[{"href":"https:\/\/bobimarket.pl\/index.php\/wp-json\/wp\/v2\/product"}],"about":[{"href":"https:\/\/bobimarket.pl\/index.php\/wp-json\/wp\/v2\/types\/product"}],"wp:featuredmedia":[{"embeddable":true,"href":"https:\/\/bobimarket.pl\/index.php\/wp-json\/wp\/v2\/media\/90534"}],"wp:attachment":[{"href":"https:\/\/bobimarket.pl\/index.php\/wp-json\/wp\/v2\/media?parent=90535"}],"wp:term":[{"taxonomy":"product_cat","embeddable":true,"href":"https:\/\/bobimarket.pl\/index.php\/wp-json\/wp\/v2\/product_cat?post=90535"},{"taxonomy":"product_tag","embeddable":true,"href":"https:\/\/bobimarket.pl\/index.php\/wp-json\/wp\/v2\/product_tag?post=90535"}],"curies":[{"name":"wp","href":"https:\/\/api.w.org\/{rel}","templated":true}]}}