{"id":90537,"date":"2023-08-30T04:30:55","date_gmt":"2023-08-30T04:30:55","guid":{"rendered":"https:\/\/bobimarket.pl\/index.php\/produkt\/zraszacz-wody-pistolet-dysza-na-waz-ogrodowy-2\/"},"modified":"2025-02-27T15:32:53","modified_gmt":"2025-02-27T15:32:53","slug":"zraszacz-wody-pistolet-dysza-na-waz-ogrodowy-2","status":"publish","type":"product","link":"https:\/\/bobimarket.pl\/index.php\/produkt\/zraszacz-wody-pistolet-dysza-na-waz-ogrodowy-2\/","title":{"rendered":"ZRASZACZ WODY PISTOLET DYSZA NA W\u0104\u017b OGRODOWY"},"content":{"rendered":"<section class=\"section\">\n<div class=\"item item-6\">\n<section class=\"image-item\">\n            <img decoding=\"async\" src=\"https:\/\/upload.cdn.baselinker.com\/products\/14476\/a9b9172bc066fec009afa8bd4a49f65a.jpg\" \/><br \/>\n        <\/section>\n<\/p><\/div>\n<div class=\"item item-6\">\n<section class=\"text-item\">\n<h2>ZRASZACZ WODY PISTOLET DYSZA NA W\u0104\u017b OGRODOWY<\/h2>\n<p><b>Informacje og\u00f3lne:<\/b><\/p>\n<ul>\n<li>Rodzaj: <b>dysza 1\/2&#8242;<\/b><\/li>\n<li>Materia\u0142: <b>tworzywo ABS<\/b><\/li>\n<li>Przeznaczenie: <b>do nawadniania<\/b><\/li>\n<\/ul>\n<\/section><\/div>\n<\/section>\n<section class=\"section\">\n<div class=\"item item-6\">\n<section class=\"image-item\">\n            <img decoding=\"async\" src=\"https:\/\/upload.cdn.baselinker.com\/products\/14476\/a9b9172bc066fec009afa8bd4a49f65a.jpg\" \/><br \/>\n        <\/section>\n<\/p><\/div>\n<div class=\"item item-6\">\n<section class=\"text-item\">\n<h2>Klasyczny regulowany pistolet do pryskania!<\/h2>\n<p>W tym sezonie zadbaj o sw\u00f3j ogr\u00f3d z praktycznym pistoletem natryskowy z mo\u017cliwo\u015bci\u0105 regulacji. Pistolet posiada <b>3 tryby nawadniania.<\/b><\/p>\n<ul>\n<li>Pistolet wykonano z <b>mocnego tworzywa ABS<\/b>, co b\u0119dzie owocowa\u0142o d\u0142ugim okresem u\u017cytkowania.<\/li>\n<li>Niewielki, por\u0119czny. Zajmuje ma\u0142o miejsca. Wyrazisty kolor sprawia, \u017ce trudno go &#8222;zgubi\u0107&#8221;<\/li>\n<\/ul>\n<\/section><\/div>\n<\/section>\n<section class=\"section\">\n<div class=\"item item-6\">\n<section class=\"image-item\">\n            <img decoding=\"async\" src=\"https:\/\/upload.cdn.baselinker.com\/products\/14476\/a9b9172bc066fec009afa8bd4a49f65a.jpg\" \/><br \/>\n        <\/section>\n<\/p><\/div>\n<div class=\"item item-6\">\n<section class=\"text-item\">\n<h2>\u2705 Dysza na w\u0105\u017c ogrodowy<\/h2>\n<p>Regulowana dysza zosta\u0142a wyposa\u017cona w<b> r\u00f3\u017cne tryby nawadniania<\/b>, co pozwala wybra\u0107 najbardziej odpowiedni tryb do ka\u017cdego rodzaju nasadze\u0144, jak r\u00f3wnie\u017c do czyszczenia.<\/p>\n<p><b>Trzy dost\u0119pne tryby nawadniania.<\/b><\/p>\n<ul>\n<li>strumie\u0144 twardy<\/li>\n<li>strumie\u0144 typu &#8222;mg\u0142a&#8221;<\/li>\n<li>strumie\u0144 sto\u017ckowy.<\/li>\n<\/ul>\n<\/section><\/div>\n<\/section>\n<section class=\"section\">\n<div class=\"item item-6\">\n<section class=\"image-item\">\n            <img decoding=\"async\" src=\"https:\/\/upload.cdn.baselinker.com\/products\/14476\/a9b9172bc066fec009afa8bd4a49f65a.jpg\" \/><br \/>\n        <\/section>\n<\/p><\/div>\n<div class=\"item item-6\">\n<section class=\"text-item\">\n<h2>Idealny pomocnik ka\u017cdego ogrodnika!<\/h2>\n<p>Pistolet natryskowy o bardzo przydatny<b> element wyposa\u017cenia ka\u017cdego w\u0142a\u015bciciele ogr\u00f3dka<\/b>. Sprawdzi si\u0119 zar\u00f3wno u dobrze do\u015bwiadczonych jak i dopiero zaczynaj\u0105cych swoj\u0105 przygod\u0119 z ogrodnictwem.\u00a0<\/p>\n<ul>\n<li>Sprz\u0119t <b>u\u0142atwi podlewania<\/b> wcze\u015bniej posadzonych kwiat\u00f3w. Prace przebiegn\u0105 szybko i sprawnie, a Ty b\u0119dziesz m\u00f3g\u0142 si\u0119 cieszy\u0107 czasem wolnym.<\/li>\n<li>Pistolet przyda si\u0119 <b>niezale\u017cnie od wielko\u015bci ogrodu.<\/b> Sprawdzi si\u0119 do podlewania rabatek kwiatowych, zielnik\u00f3w czy r\u00f3\u017cnego rodzaju krzew\u00f3w i nie tylko. Nada si\u0119 do nawadniania na terenach podmiejskich, parkach i skwerach.<\/li>\n<li>Mo\u017cna go r\u00f3wnie\u017c wykorzysta\u0107 jako<b> pomocnika przy czyszczeniu narz\u0119dzi ogrodowych, rower\u00f3w lub mycia samochodu. <\/b><\/li>\n<\/ul>\n<\/section><\/div>\n<\/section>\n","protected":false},"excerpt":{"rendered":"<p>ZRASZACZ WODY PISTOLET DYSZA NA W\u0104\u017b OGRODOWY Informacje og\u00f3lne: Rodzaj: dysza 1\/2&#8242; Materia\u0142: tworzywo ABS Przeznaczenie: do nawadniania Klasyczny regulowany pistolet do pryskania! W tym sezonie zadbaj o sw\u00f3j ogr\u00f3d z praktycznym pistoletem natryskowy z mo\u017cliwo\u015bci\u0105 regulacji. Pistolet posiada 3 tryby nawadniania. Pistolet wykonano z mocnego tworzywa ABS, co b\u0119dzie owocowa\u0142o d\u0142ugim okresem u\u017cytkowania. Niewielki,<br \/><a class=\"more-link\" href=\"https:\/\/bobimarket.pl\/index.php\/produkt\/zraszacz-wody-pistolet-dysza-na-waz-ogrodowy-2\/\"><br \/>\n        Czytaj wi\u0119cej<span class=\"screen-reader-text\"> &#8222;ZRASZACZ WODY PISTOLET DYSZA NA W\u0104\u017b OGRODOWY&#8221;<\/span><\/a><\/p>\n","protected":false},"featured_media":90536,"template":"","meta":[],"product_cat":[8228],"product_tag":[],"yoast_head":"<!-- This site is optimized with the Yoast SEO plugin v21.0 - https:\/\/yoast.com\/wordpress\/plugins\/seo\/ -->\n<title>ZRASZACZ WODY PISTOLET DYSZA NA W\u0104\u017b OGRODOWY - BOBIMARKET.pl - Remontuj i urz\u0105dzaj z nami<\/title>\n<meta name=\"robots\" content=\"index, follow, max-snippet:-1, max-image-preview:large, max-video-preview:-1\" \/>\n<link rel=\"canonical\" href=\"https:\/\/bobimarket.pl\/index.php\/produkt\/zraszacz-wody-pistolet-dysza-na-waz-ogrodowy-2\/\" \/>\n<meta property=\"og:locale\" content=\"pl_PL\" \/>\n<meta property=\"og:type\" content=\"article\" \/>\n<meta property=\"og:title\" content=\"ZRASZACZ WODY PISTOLET DYSZA NA W\u0104\u017b OGRODOWY - BOBIMARKET.pl - Remontuj i urz\u0105dzaj z nami\" \/>\n<meta property=\"og:description\" content=\"ZRASZACZ WODY PISTOLET DYSZA NA W\u0104\u017b OGRODOWY Informacje og\u00f3lne: Rodzaj: dysza 1\/2&#8242; Materia\u0142: tworzywo ABS Przeznaczenie: do nawadniania Klasyczny regulowany pistolet do pryskania! W tym sezonie zadbaj o sw\u00f3j ogr\u00f3d z praktycznym pistoletem natryskowy z mo\u017cliwo\u015bci\u0105 regulacji. Pistolet posiada 3 tryby nawadniania. Pistolet wykonano z mocnego tworzywa ABS, co b\u0119dzie owocowa\u0142o d\u0142ugim okresem u\u017cytkowania. Niewielki,     Czytaj wi\u0119cej &quot;ZRASZACZ WODY PISTOLET DYSZA NA W\u0104\u017b OGRODOWY&quot;\" \/>\n<meta property=\"og:url\" content=\"https:\/\/bobimarket.pl\/index.php\/produkt\/zraszacz-wody-pistolet-dysza-na-waz-ogrodowy-2\/\" \/>\n<meta property=\"og:site_name\" content=\"BOBIMARKET.pl - Remontuj i urz\u0105dzaj z nami\" \/>\n<meta property=\"article:modified_time\" content=\"2025-02-27T15:32:53+00:00\" \/>\n<meta property=\"og:image\" content=\"https:\/\/upload.cdn.baselinker.com\/products\/14476\/a9b9172bc066fec009afa8bd4a49f65a.jpg\" \/>\n<meta name=\"twitter:card\" content=\"summary_large_image\" \/>\n<meta name=\"twitter:label1\" content=\"Szacowany czas czytania\" \/>\n\t<meta name=\"twitter:data1\" content=\"1 minuta\" \/>\n<script type=\"application\/ld+json\" class=\"yoast-schema-graph\">{\"@context\":\"https:\/\/schema.org\",\"@graph\":[{\"@type\":\"WebPage\",\"@id\":\"https:\/\/bobimarket.pl\/index.php\/produkt\/zraszacz-wody-pistolet-dysza-na-waz-ogrodowy-2\/\",\"url\":\"https:\/\/bobimarket.pl\/index.php\/produkt\/zraszacz-wody-pistolet-dysza-na-waz-ogrodowy-2\/\",\"name\":\"ZRASZACZ WODY PISTOLET DYSZA NA W\u0104\u017b OGRODOWY - BOBIMARKET.pl - Remontuj i urz\u0105dzaj z nami\",\"isPartOf\":{\"@id\":\"https:\/\/bobimarket.pl\/#website\"},\"datePublished\":\"2023-08-30T04:30:55+00:00\",\"dateModified\":\"2025-02-27T15:32:53+00:00\",\"breadcrumb\":{\"@id\":\"https:\/\/bobimarket.pl\/index.php\/produkt\/zraszacz-wody-pistolet-dysza-na-waz-ogrodowy-2\/#breadcrumb\"},\"inLanguage\":\"pl-PL\",\"potentialAction\":[{\"@type\":\"ReadAction\",\"target\":[\"https:\/\/bobimarket.pl\/index.php\/produkt\/zraszacz-wody-pistolet-dysza-na-waz-ogrodowy-2\/\"]}]},{\"@type\":\"BreadcrumbList\",\"@id\":\"https:\/\/bobimarket.pl\/index.php\/produkt\/zraszacz-wody-pistolet-dysza-na-waz-ogrodowy-2\/#breadcrumb\",\"itemListElement\":[{\"@type\":\"ListItem\",\"position\":1,\"name\":\"Strona g\u0142\u00f3wna\",\"item\":\"https:\/\/bobimarket.pl\/\"},{\"@type\":\"ListItem\",\"position\":2,\"name\":\"Sklep\",\"item\":\"https:\/\/bobimarket.pl\/index.php\/shop\/\"},{\"@type\":\"ListItem\",\"position\":3,\"name\":\"ZRASZACZ WODY PISTOLET DYSZA NA W\u0104\u017b OGRODOWY\"}]},{\"@type\":\"WebSite\",\"@id\":\"https:\/\/bobimarket.pl\/#website\",\"url\":\"https:\/\/bobimarket.pl\/\",\"name\":\"BOBIMARKET.pl - Remontuj i urz\u0105dzaj z nami\",\"description\":\"Remontuj i urz\u0105dzaj z nami\",\"publisher\":{\"@id\":\"https:\/\/bobimarket.pl\/#organization\"},\"potentialAction\":[{\"@type\":\"SearchAction\",\"target\":{\"@type\":\"EntryPoint\",\"urlTemplate\":\"https:\/\/bobimarket.pl\/?s={search_term_string}\"},\"query-input\":\"required name=search_term_string\"}],\"inLanguage\":\"pl-PL\"},{\"@type\":\"Organization\",\"@id\":\"https:\/\/bobimarket.pl\/#organization\",\"name\":\"BOBIMARKET.pl\",\"url\":\"https:\/\/bobimarket.pl\/\",\"logo\":{\"@type\":\"ImageObject\",\"inLanguage\":\"pl-PL\",\"@id\":\"https:\/\/bobimarket.pl\/#\/schema\/logo\/image\/\",\"url\":\"https:\/\/bobimarket.pl\/wp-content\/uploads\/2021\/11\/slogan.png\",\"contentUrl\":\"https:\/\/bobimarket.pl\/wp-content\/uploads\/2021\/11\/slogan.png\",\"width\":2000,\"height\":384,\"caption\":\"BOBIMARKET.pl\"},\"image\":{\"@id\":\"https:\/\/bobimarket.pl\/#\/schema\/logo\/image\/\"}}]}<\/script>\n<!-- \/ Yoast SEO plugin. -->","yoast_head_json":{"title":"ZRASZACZ WODY PISTOLET DYSZA NA W\u0104\u017b OGRODOWY - BOBIMARKET.pl - Remontuj i urz\u0105dzaj z nami","robots":{"index":"index","follow":"follow","max-snippet":"max-snippet:-1","max-image-preview":"max-image-preview:large","max-video-preview":"max-video-preview:-1"},"canonical":"https:\/\/bobimarket.pl\/index.php\/produkt\/zraszacz-wody-pistolet-dysza-na-waz-ogrodowy-2\/","og_locale":"pl_PL","og_type":"article","og_title":"ZRASZACZ WODY PISTOLET DYSZA NA W\u0104\u017b OGRODOWY - BOBIMARKET.pl - Remontuj i urz\u0105dzaj z nami","og_description":"ZRASZACZ WODY PISTOLET DYSZA NA W\u0104\u017b OGRODOWY Informacje og\u00f3lne: Rodzaj: dysza 1\/2&#8242; Materia\u0142: tworzywo ABS Przeznaczenie: do nawadniania Klasyczny regulowany pistolet do pryskania! W tym sezonie zadbaj o sw\u00f3j ogr\u00f3d z praktycznym pistoletem natryskowy z mo\u017cliwo\u015bci\u0105 regulacji. Pistolet posiada 3 tryby nawadniania. Pistolet wykonano z mocnego tworzywa ABS, co b\u0119dzie owocowa\u0142o d\u0142ugim okresem u\u017cytkowania. Niewielki,     Czytaj wi\u0119cej \"ZRASZACZ WODY PISTOLET DYSZA NA W\u0104\u017b OGRODOWY\"","og_url":"https:\/\/bobimarket.pl\/index.php\/produkt\/zraszacz-wody-pistolet-dysza-na-waz-ogrodowy-2\/","og_site_name":"BOBIMARKET.pl - Remontuj i urz\u0105dzaj z nami","article_modified_time":"2025-02-27T15:32:53+00:00","og_image":[{"url":"https:\/\/upload.cdn.baselinker.com\/products\/14476\/a9b9172bc066fec009afa8bd4a49f65a.jpg"}],"twitter_card":"summary_large_image","twitter_misc":{"Szacowany czas czytania":"1 minuta"},"schema":{"@context":"https:\/\/schema.org","@graph":[{"@type":"WebPage","@id":"https:\/\/bobimarket.pl\/index.php\/produkt\/zraszacz-wody-pistolet-dysza-na-waz-ogrodowy-2\/","url":"https:\/\/bobimarket.pl\/index.php\/produkt\/zraszacz-wody-pistolet-dysza-na-waz-ogrodowy-2\/","name":"ZRASZACZ WODY PISTOLET DYSZA NA W\u0104\u017b OGRODOWY - BOBIMARKET.pl - Remontuj i urz\u0105dzaj z nami","isPartOf":{"@id":"https:\/\/bobimarket.pl\/#website"},"datePublished":"2023-08-30T04:30:55+00:00","dateModified":"2025-02-27T15:32:53+00:00","breadcrumb":{"@id":"https:\/\/bobimarket.pl\/index.php\/produkt\/zraszacz-wody-pistolet-dysza-na-waz-ogrodowy-2\/#breadcrumb"},"inLanguage":"pl-PL","potentialAction":[{"@type":"ReadAction","target":["https:\/\/bobimarket.pl\/index.php\/produkt\/zraszacz-wody-pistolet-dysza-na-waz-ogrodowy-2\/"]}]},{"@type":"BreadcrumbList","@id":"https:\/\/bobimarket.pl\/index.php\/produkt\/zraszacz-wody-pistolet-dysza-na-waz-ogrodowy-2\/#breadcrumb","itemListElement":[{"@type":"ListItem","position":1,"name":"Strona g\u0142\u00f3wna","item":"https:\/\/bobimarket.pl\/"},{"@type":"ListItem","position":2,"name":"Sklep","item":"https:\/\/bobimarket.pl\/index.php\/shop\/"},{"@type":"ListItem","position":3,"name":"ZRASZACZ WODY PISTOLET DYSZA NA W\u0104\u017b OGRODOWY"}]},{"@type":"WebSite","@id":"https:\/\/bobimarket.pl\/#website","url":"https:\/\/bobimarket.pl\/","name":"BOBIMARKET.pl - Remontuj i urz\u0105dzaj z nami","description":"Remontuj i urz\u0105dzaj z nami","publisher":{"@id":"https:\/\/bobimarket.pl\/#organization"},"potentialAction":[{"@type":"SearchAction","target":{"@type":"EntryPoint","urlTemplate":"https:\/\/bobimarket.pl\/?s={search_term_string}"},"query-input":"required name=search_term_string"}],"inLanguage":"pl-PL"},{"@type":"Organization","@id":"https:\/\/bobimarket.pl\/#organization","name":"BOBIMARKET.pl","url":"https:\/\/bobimarket.pl\/","logo":{"@type":"ImageObject","inLanguage":"pl-PL","@id":"https:\/\/bobimarket.pl\/#\/schema\/logo\/image\/","url":"https:\/\/bobimarket.pl\/wp-content\/uploads\/2021\/11\/slogan.png","contentUrl":"https:\/\/bobimarket.pl\/wp-content\/uploads\/2021\/11\/slogan.png","width":2000,"height":384,"caption":"BOBIMARKET.pl"},"image":{"@id":"https:\/\/bobimarket.pl\/#\/schema\/logo\/image\/"}}]}},"_links":{"self":[{"href":"https:\/\/bobimarket.pl\/index.php\/wp-json\/wp\/v2\/product\/90537"}],"collection":[{"href":"https:\/\/bobimarket.pl\/index.php\/wp-json\/wp\/v2\/product"}],"about":[{"href":"https:\/\/bobimarket.pl\/index.php\/wp-json\/wp\/v2\/types\/product"}],"wp:featuredmedia":[{"embeddable":true,"href":"https:\/\/bobimarket.pl\/index.php\/wp-json\/wp\/v2\/media\/90536"}],"wp:attachment":[{"href":"https:\/\/bobimarket.pl\/index.php\/wp-json\/wp\/v2\/media?parent=90537"}],"wp:term":[{"taxonomy":"product_cat","embeddable":true,"href":"https:\/\/bobimarket.pl\/index.php\/wp-json\/wp\/v2\/product_cat?post=90537"},{"taxonomy":"product_tag","embeddable":true,"href":"https:\/\/bobimarket.pl\/index.php\/wp-json\/wp\/v2\/product_tag?post=90537"}],"curies":[{"name":"wp","href":"https:\/\/api.w.org\/{rel}","templated":true}]}}