{"id":90547,"date":"2023-08-30T04:31:28","date_gmt":"2023-08-30T04:31:28","guid":{"rendered":"https:\/\/bobimarket.pl\/index.php\/produkt\/waz-ogrodowy-wzmocniony-4-warstwy-1-2-50-m\/"},"modified":"2025-02-27T15:33:08","modified_gmt":"2025-02-27T15:33:08","slug":"waz-ogrodowy-wzmocniony-4-warstwy-1-2-50-m","status":"publish","type":"product","link":"https:\/\/bobimarket.pl\/index.php\/produkt\/waz-ogrodowy-wzmocniony-4-warstwy-1-2-50-m\/","title":{"rendered":"W\u0104\u017b OGRODOWY WZMOCNIONY 4 WARSTWY 1\/2&#8243; 50 m"},"content":{"rendered":"<section class=\"section\">\n<div class=\"item item-6\">\n<section class=\"image-item\">\n            <img decoding=\"async\" src=\"https:\/\/upload.cdn.baselinker.com\/products\/14476\/89fcf6941281c43596ecbbd1894ad1e0.jpg\" \/><br \/>\n        <\/section>\n<\/p><\/div>\n<div class=\"item item-6\">\n<section class=\"text-item\">\n<h2>W\u0104\u017b OGRODOWY WZMOCNIONY 4 WARSTWY 1\/2&#8243; 50 m<\/h2>\n<p><b>Informacje og\u00f3lne:<\/b><\/p>\n<ul>\n<li>D\u0142ugo\u015b\u0107: <b>50 metr\u00f3w<\/b><\/li>\n<li>\u015arednica: <b>1\/2<\/b><\/li>\n<li>Materia\u0142: <b>elastyczne PCV<\/b><\/li>\n<li>Ci\u015bnienie robocze: <b>8 bar (przy 20\u00b0C)<\/b><\/li>\n<li>Ci\u015bnienie zerwania:<b> 24 bar (przy 20\u00b0C)<\/b><\/li>\n<li>Zakres temperatur: <b>od -10\u00b0C do +60\u00b0C<\/b><\/li>\n<\/ul>\n<\/section><\/div>\n<\/section>\n<section class=\"section\">\n<div class=\"item item-6\">\n<section class=\"image-item\">\n            <img decoding=\"async\" src=\"https:\/\/upload.cdn.baselinker.com\/products\/14476\/49d185dfbc3e07037da00b35e8816195.jpg\" \/><br \/>\n        <\/section>\n<\/p><\/div>\n<div class=\"item item-6\">\n<section class=\"text-item\">\n<h2>Podstawowe elementy system\u00f3w nawadniaj\u0105cych ogrody!<\/h2>\n<p>Wysokiej jako\u015bci w\u0105\u017c ogrodowy o d\u0142ugo\u015bci<b> 50 metr\u00f3w.<\/b> Wykonany z elastycznego PVC na bazie zawiesiny polichlorku winylu, wzmocniony wzmocnieniem tekstylnym. Z jego pomoc\u0105 z \u0142atwo\u015bci\u0105 dotrzesz z wod\u0105 do najdalszych zak\u0105tk\u00f3w ogrodu bez konieczno\u015bci d\u017awigania konewek czy wiader.<\/p>\n<ul>\n<li>Wyposa\u017cony w <b>4 warstwy<\/b>, co gwarantuje zwi\u0119kszon\u0105 odporno\u015b\u0107 na uszczelnianie i rozwarstwianie.<\/li>\n<li>W\u0105\u017c jest <b>elastyczny i odporny<\/b> na du\u017cy zakres temperatur, co zapewnia komfortow\u0105 prac\u0119 w ka\u017cdych warunkach. B\u0119dzie Ci s\u0142u\u017cy\u0142 nie tylko w sezonie letnim.<\/li>\n<li>Produkt<b> przyjazny dla \u015brodowiska<\/b> &#8211; nie zawiera kadmu, baru, ftalan\u00f3w.<\/li>\n<\/ul>\n<\/section><\/div>\n<\/section>\n<section class=\"section\">\n<div class=\"item item-6\">\n<section class=\"image-item\">\n            <img decoding=\"async\" src=\"https:\/\/upload.cdn.baselinker.com\/products\/14476\/49d185dfbc3e07037da00b35e8816195.jpg\" \/><br \/>\n        <\/section>\n<\/p><\/div>\n<div class=\"item item-6\">\n<section class=\"text-item\">\n<h2>Idealny pomocnik ka\u017cdego ogrodnika i nie tylko !<\/h2>\n<p>W\u0105\u017c jest bardzo przydatny<b> element wyposa\u017cenia ka\u017cdego w\u0142a\u015bciciele ogr\u00f3dka, dzia\u0142ki lub sadu<\/b>. Sprawdzi si\u0119 zar\u00f3wno u dobrze do\u015bwiadczonych jak i dopiero zaczynaj\u0105cych swoj\u0105 przygod\u0119 z ogrodnictwem.<\/p>\n<ul>\n<li>W\u0105\u017c przeznaczony jest <b>do transportowania wody<\/b> w ogrodzie oraz do <b>podlewania ro\u015blin<\/b>. Z jego pomoc\u0105 z \u0142atwo\u015bci przeprowadzisz wszelkie prace ogrodnicze i nie tylko.<\/li>\n<li>Przyda si\u0119 <b>niezale\u017cnie od wielko\u015bci ogrodu.<\/b> Sprawdzi si\u0119 do podlewania rabatek kwiatowych, zielnik\u00f3w czy r\u00f3\u017cnego rodzaju krzew\u00f3w i nie tylko. Nada si\u0119 do nawadniania na terenach podmiejskich, parkach i skwerach.<\/li>\n<li>Mo\u017cna go r\u00f3wnie\u017c wykorzysta\u0107 <b>podczas prac porz\u0105dkowych np.\u00a0<\/b> czyszczeniu narz\u0119dzi ogrodowych, roweru, mycia samochodu itp.<\/li>\n<\/ul>\n<\/section><\/div>\n<\/section>\n<section class=\"section\">\n<div class=\"item item-6\">\n<section class=\"image-item\">\n            <img decoding=\"async\" src=\"https:\/\/upload.cdn.baselinker.com\/products\/14476\/49d185dfbc3e07037da00b35e8816195.jpg\" \/><br \/>\n        <\/section>\n<\/p><\/div>\n<div class=\"item item-6\">\n<section class=\"text-item\">\n<p><b>\u2705 Solidny i praktyczny w\u0105\u017c ogrodowy!<\/b><\/p>\n<ul>\n<li>Elastyczny, ale przy tym wytrzyma\u0142y<\/li>\n<li>\u0141atwy i szybki w monta\u017cu<\/li>\n<li>Odporny na promieniowanie UV<\/li>\n<li>Odporny na osadzanie glon\u00f3w wewn\u0105trz w\u0119\u017ca<\/li>\n<li>Zakres temperatur roboczych\u00a0 od -10 \u00b0C do 60 \u00b0C<\/li>\n<li>Przyjazny dla \u015brodowiska<\/li>\n<\/ul>\n<\/section><\/div>\n<\/section>\n","protected":false},"excerpt":{"rendered":"<p>W\u0104\u017b OGRODOWY WZMOCNIONY 4 WARSTWY 1\/2&#8243; 50 m Informacje og\u00f3lne: D\u0142ugo\u015b\u0107: 50 metr\u00f3w \u015arednica: 1\/2 Materia\u0142: elastyczne PCV Ci\u015bnienie robocze: 8 bar (przy 20\u00b0C) Ci\u015bnienie zerwania: 24 bar (przy 20\u00b0C) Zakres temperatur: od -10\u00b0C do +60\u00b0C Podstawowe elementy system\u00f3w nawadniaj\u0105cych ogrody! Wysokiej jako\u015bci w\u0105\u017c ogrodowy o d\u0142ugo\u015bci 50 metr\u00f3w. Wykonany z elastycznego PVC na bazie<br \/><a class=\"more-link\" href=\"https:\/\/bobimarket.pl\/index.php\/produkt\/waz-ogrodowy-wzmocniony-4-warstwy-1-2-50-m\/\"><br \/>\n        Czytaj wi\u0119cej<span class=\"screen-reader-text\"> &#8222;W\u0104\u017b OGRODOWY WZMOCNIONY 4 WARSTWY 1\/2&#8243; 50 m&#8221;<\/span><\/a><\/p>\n","protected":false},"featured_media":90545,"template":"","meta":[],"product_cat":[8230],"product_tag":[],"yoast_head":"<!-- This site is optimized with the Yoast SEO plugin v21.0 - https:\/\/yoast.com\/wordpress\/plugins\/seo\/ -->\n<title>W\u0104\u017b OGRODOWY WZMOCNIONY 4 WARSTWY 1\/2&quot; 50 m - BOBIMARKET.pl - Remontuj i urz\u0105dzaj z nami<\/title>\n<meta name=\"robots\" content=\"index, follow, max-snippet:-1, max-image-preview:large, max-video-preview:-1\" \/>\n<link rel=\"canonical\" href=\"https:\/\/bobimarket.pl\/index.php\/produkt\/waz-ogrodowy-wzmocniony-4-warstwy-1-2-50-m\/\" \/>\n<meta property=\"og:locale\" content=\"pl_PL\" \/>\n<meta property=\"og:type\" content=\"article\" \/>\n<meta property=\"og:title\" content=\"W\u0104\u017b OGRODOWY WZMOCNIONY 4 WARSTWY 1\/2&quot; 50 m - BOBIMARKET.pl - Remontuj i urz\u0105dzaj z nami\" \/>\n<meta property=\"og:description\" content=\"W\u0104\u017b OGRODOWY WZMOCNIONY 4 WARSTWY 1\/2&#8243; 50 m Informacje og\u00f3lne: D\u0142ugo\u015b\u0107: 50 metr\u00f3w \u015arednica: 1\/2 Materia\u0142: elastyczne PCV Ci\u015bnienie robocze: 8 bar (przy 20\u00b0C) Ci\u015bnienie zerwania: 24 bar (przy 20\u00b0C) Zakres temperatur: od -10\u00b0C do +60\u00b0C Podstawowe elementy system\u00f3w nawadniaj\u0105cych ogrody! Wysokiej jako\u015bci w\u0105\u017c ogrodowy o d\u0142ugo\u015bci 50 metr\u00f3w. Wykonany z elastycznego PVC na bazie     Czytaj wi\u0119cej &quot;W\u0104\u017b OGRODOWY WZMOCNIONY 4 WARSTWY 1\/2&#8243; 50 m&quot;\" \/>\n<meta property=\"og:url\" content=\"https:\/\/bobimarket.pl\/index.php\/produkt\/waz-ogrodowy-wzmocniony-4-warstwy-1-2-50-m\/\" \/>\n<meta property=\"og:site_name\" content=\"BOBIMARKET.pl - Remontuj i urz\u0105dzaj z nami\" \/>\n<meta property=\"article:modified_time\" content=\"2025-02-27T15:33:08+00:00\" \/>\n<meta property=\"og:image\" content=\"https:\/\/upload.cdn.baselinker.com\/products\/14476\/89fcf6941281c43596ecbbd1894ad1e0.jpg\" \/>\n<meta name=\"twitter:card\" content=\"summary_large_image\" \/>\n<meta name=\"twitter:label1\" content=\"Szacowany czas czytania\" \/>\n\t<meta name=\"twitter:data1\" content=\"1 minuta\" \/>\n<script type=\"application\/ld+json\" class=\"yoast-schema-graph\">{\"@context\":\"https:\/\/schema.org\",\"@graph\":[{\"@type\":\"WebPage\",\"@id\":\"https:\/\/bobimarket.pl\/index.php\/produkt\/waz-ogrodowy-wzmocniony-4-warstwy-1-2-50-m\/\",\"url\":\"https:\/\/bobimarket.pl\/index.php\/produkt\/waz-ogrodowy-wzmocniony-4-warstwy-1-2-50-m\/\",\"name\":\"W\u0104\u017b OGRODOWY WZMOCNIONY 4 WARSTWY 1\/2\\\" 50 m - BOBIMARKET.pl - Remontuj i urz\u0105dzaj z nami\",\"isPartOf\":{\"@id\":\"https:\/\/bobimarket.pl\/#website\"},\"datePublished\":\"2023-08-30T04:31:28+00:00\",\"dateModified\":\"2025-02-27T15:33:08+00:00\",\"breadcrumb\":{\"@id\":\"https:\/\/bobimarket.pl\/index.php\/produkt\/waz-ogrodowy-wzmocniony-4-warstwy-1-2-50-m\/#breadcrumb\"},\"inLanguage\":\"pl-PL\",\"potentialAction\":[{\"@type\":\"ReadAction\",\"target\":[\"https:\/\/bobimarket.pl\/index.php\/produkt\/waz-ogrodowy-wzmocniony-4-warstwy-1-2-50-m\/\"]}]},{\"@type\":\"BreadcrumbList\",\"@id\":\"https:\/\/bobimarket.pl\/index.php\/produkt\/waz-ogrodowy-wzmocniony-4-warstwy-1-2-50-m\/#breadcrumb\",\"itemListElement\":[{\"@type\":\"ListItem\",\"position\":1,\"name\":\"Strona g\u0142\u00f3wna\",\"item\":\"https:\/\/bobimarket.pl\/\"},{\"@type\":\"ListItem\",\"position\":2,\"name\":\"Sklep\",\"item\":\"https:\/\/bobimarket.pl\/index.php\/shop\/\"},{\"@type\":\"ListItem\",\"position\":3,\"name\":\"W\u0104\u017b OGRODOWY WZMOCNIONY 4 WARSTWY 1\/2&#8243; 50 m\"}]},{\"@type\":\"WebSite\",\"@id\":\"https:\/\/bobimarket.pl\/#website\",\"url\":\"https:\/\/bobimarket.pl\/\",\"name\":\"BOBIMARKET.pl - Remontuj i urz\u0105dzaj z nami\",\"description\":\"Remontuj i urz\u0105dzaj z nami\",\"publisher\":{\"@id\":\"https:\/\/bobimarket.pl\/#organization\"},\"potentialAction\":[{\"@type\":\"SearchAction\",\"target\":{\"@type\":\"EntryPoint\",\"urlTemplate\":\"https:\/\/bobimarket.pl\/?s={search_term_string}\"},\"query-input\":\"required name=search_term_string\"}],\"inLanguage\":\"pl-PL\"},{\"@type\":\"Organization\",\"@id\":\"https:\/\/bobimarket.pl\/#organization\",\"name\":\"BOBIMARKET.pl\",\"url\":\"https:\/\/bobimarket.pl\/\",\"logo\":{\"@type\":\"ImageObject\",\"inLanguage\":\"pl-PL\",\"@id\":\"https:\/\/bobimarket.pl\/#\/schema\/logo\/image\/\",\"url\":\"https:\/\/bobimarket.pl\/wp-content\/uploads\/2021\/11\/slogan.png\",\"contentUrl\":\"https:\/\/bobimarket.pl\/wp-content\/uploads\/2021\/11\/slogan.png\",\"width\":2000,\"height\":384,\"caption\":\"BOBIMARKET.pl\"},\"image\":{\"@id\":\"https:\/\/bobimarket.pl\/#\/schema\/logo\/image\/\"}}]}<\/script>\n<!-- \/ Yoast SEO plugin. -->","yoast_head_json":{"title":"W\u0104\u017b OGRODOWY WZMOCNIONY 4 WARSTWY 1\/2\" 50 m - BOBIMARKET.pl - Remontuj i urz\u0105dzaj z nami","robots":{"index":"index","follow":"follow","max-snippet":"max-snippet:-1","max-image-preview":"max-image-preview:large","max-video-preview":"max-video-preview:-1"},"canonical":"https:\/\/bobimarket.pl\/index.php\/produkt\/waz-ogrodowy-wzmocniony-4-warstwy-1-2-50-m\/","og_locale":"pl_PL","og_type":"article","og_title":"W\u0104\u017b OGRODOWY WZMOCNIONY 4 WARSTWY 1\/2\" 50 m - BOBIMARKET.pl - Remontuj i urz\u0105dzaj z nami","og_description":"W\u0104\u017b OGRODOWY WZMOCNIONY 4 WARSTWY 1\/2&#8243; 50 m Informacje og\u00f3lne: D\u0142ugo\u015b\u0107: 50 metr\u00f3w \u015arednica: 1\/2 Materia\u0142: elastyczne PCV Ci\u015bnienie robocze: 8 bar (przy 20\u00b0C) Ci\u015bnienie zerwania: 24 bar (przy 20\u00b0C) Zakres temperatur: od -10\u00b0C do +60\u00b0C Podstawowe elementy system\u00f3w nawadniaj\u0105cych ogrody! Wysokiej jako\u015bci w\u0105\u017c ogrodowy o d\u0142ugo\u015bci 50 metr\u00f3w. Wykonany z elastycznego PVC na bazie     Czytaj wi\u0119cej \"W\u0104\u017b OGRODOWY WZMOCNIONY 4 WARSTWY 1\/2&#8243; 50 m\"","og_url":"https:\/\/bobimarket.pl\/index.php\/produkt\/waz-ogrodowy-wzmocniony-4-warstwy-1-2-50-m\/","og_site_name":"BOBIMARKET.pl - Remontuj i urz\u0105dzaj z nami","article_modified_time":"2025-02-27T15:33:08+00:00","og_image":[{"url":"https:\/\/upload.cdn.baselinker.com\/products\/14476\/89fcf6941281c43596ecbbd1894ad1e0.jpg"}],"twitter_card":"summary_large_image","twitter_misc":{"Szacowany czas czytania":"1 minuta"},"schema":{"@context":"https:\/\/schema.org","@graph":[{"@type":"WebPage","@id":"https:\/\/bobimarket.pl\/index.php\/produkt\/waz-ogrodowy-wzmocniony-4-warstwy-1-2-50-m\/","url":"https:\/\/bobimarket.pl\/index.php\/produkt\/waz-ogrodowy-wzmocniony-4-warstwy-1-2-50-m\/","name":"W\u0104\u017b OGRODOWY WZMOCNIONY 4 WARSTWY 1\/2\" 50 m - BOBIMARKET.pl - Remontuj i urz\u0105dzaj z nami","isPartOf":{"@id":"https:\/\/bobimarket.pl\/#website"},"datePublished":"2023-08-30T04:31:28+00:00","dateModified":"2025-02-27T15:33:08+00:00","breadcrumb":{"@id":"https:\/\/bobimarket.pl\/index.php\/produkt\/waz-ogrodowy-wzmocniony-4-warstwy-1-2-50-m\/#breadcrumb"},"inLanguage":"pl-PL","potentialAction":[{"@type":"ReadAction","target":["https:\/\/bobimarket.pl\/index.php\/produkt\/waz-ogrodowy-wzmocniony-4-warstwy-1-2-50-m\/"]}]},{"@type":"BreadcrumbList","@id":"https:\/\/bobimarket.pl\/index.php\/produkt\/waz-ogrodowy-wzmocniony-4-warstwy-1-2-50-m\/#breadcrumb","itemListElement":[{"@type":"ListItem","position":1,"name":"Strona g\u0142\u00f3wna","item":"https:\/\/bobimarket.pl\/"},{"@type":"ListItem","position":2,"name":"Sklep","item":"https:\/\/bobimarket.pl\/index.php\/shop\/"},{"@type":"ListItem","position":3,"name":"W\u0104\u017b OGRODOWY WZMOCNIONY 4 WARSTWY 1\/2&#8243; 50 m"}]},{"@type":"WebSite","@id":"https:\/\/bobimarket.pl\/#website","url":"https:\/\/bobimarket.pl\/","name":"BOBIMARKET.pl - Remontuj i urz\u0105dzaj z nami","description":"Remontuj i urz\u0105dzaj z nami","publisher":{"@id":"https:\/\/bobimarket.pl\/#organization"},"potentialAction":[{"@type":"SearchAction","target":{"@type":"EntryPoint","urlTemplate":"https:\/\/bobimarket.pl\/?s={search_term_string}"},"query-input":"required name=search_term_string"}],"inLanguage":"pl-PL"},{"@type":"Organization","@id":"https:\/\/bobimarket.pl\/#organization","name":"BOBIMARKET.pl","url":"https:\/\/bobimarket.pl\/","logo":{"@type":"ImageObject","inLanguage":"pl-PL","@id":"https:\/\/bobimarket.pl\/#\/schema\/logo\/image\/","url":"https:\/\/bobimarket.pl\/wp-content\/uploads\/2021\/11\/slogan.png","contentUrl":"https:\/\/bobimarket.pl\/wp-content\/uploads\/2021\/11\/slogan.png","width":2000,"height":384,"caption":"BOBIMARKET.pl"},"image":{"@id":"https:\/\/bobimarket.pl\/#\/schema\/logo\/image\/"}}]}},"_links":{"self":[{"href":"https:\/\/bobimarket.pl\/index.php\/wp-json\/wp\/v2\/product\/90547"}],"collection":[{"href":"https:\/\/bobimarket.pl\/index.php\/wp-json\/wp\/v2\/product"}],"about":[{"href":"https:\/\/bobimarket.pl\/index.php\/wp-json\/wp\/v2\/types\/product"}],"wp:featuredmedia":[{"embeddable":true,"href":"https:\/\/bobimarket.pl\/index.php\/wp-json\/wp\/v2\/media\/90545"}],"wp:attachment":[{"href":"https:\/\/bobimarket.pl\/index.php\/wp-json\/wp\/v2\/media?parent=90547"}],"wp:term":[{"taxonomy":"product_cat","embeddable":true,"href":"https:\/\/bobimarket.pl\/index.php\/wp-json\/wp\/v2\/product_cat?post=90547"},{"taxonomy":"product_tag","embeddable":true,"href":"https:\/\/bobimarket.pl\/index.php\/wp-json\/wp\/v2\/product_tag?post=90547"}],"curies":[{"name":"wp","href":"https:\/\/api.w.org\/{rel}","templated":true}]}}