{"id":90553,"date":"2023-08-30T04:31:47","date_gmt":"2023-08-30T04:31:47","guid":{"rendered":"https:\/\/bobimarket.pl\/index.php\/produkt\/widly-ogrodowe-do-kopania-kompostu-6-zebow\/"},"modified":"2025-02-27T15:33:15","modified_gmt":"2025-02-27T15:33:15","slug":"widly-ogrodowe-do-kopania-kompostu-6-zebow","status":"publish","type":"product","link":"https:\/\/bobimarket.pl\/index.php\/produkt\/widly-ogrodowe-do-kopania-kompostu-6-zebow\/","title":{"rendered":"WID\u0141Y OGRODOWE DO KOPANIA KOMPOSTU 6 Z\u0118B\u00d3W"},"content":{"rendered":"<section class=\"section\">\n<div class=\"item item-6\">\n<section class=\"image-item\">\n            <img decoding=\"async\" src=\"https:\/\/upload.cdn.baselinker.com\/products\/14476\/b082409016c9fc9f0cbd750b0ab2a0f4.jpg\" \/><br \/>\n        <\/section>\n<\/p><\/div>\n<div class=\"item item-6\">\n<section class=\"text-item\">\n<h2>WID\u0141Y OGRODOWE DO KOPANIA KOMPOSTU 6 Z\u0118B\u00d3W<\/h2>\n<p><b>Informacje og\u00f3lne:<\/b><\/p>\n<ul>\n<li>Ilo\u015b\u0107 z\u0119b\u00f3w: <b>6<\/b><\/li>\n<li>Szeroko\u015b\u0107 robocza:<b> 190 mm<\/b><\/li>\n<li>\u015arednica trzonka: +\/- 4 cm<\/li>\n<li>Materia\u0142: stali spr\u0119\u017cynowa metod\u0105 kucia<\/li>\n<li>Bez trzona<\/li>\n<\/ul>\n<\/section><\/div>\n<\/section>\n<section class=\"section\">\n<div class=\"item item-6\">\n<section class=\"image-item\">\n            <img decoding=\"async\" src=\"https:\/\/upload.cdn.baselinker.com\/products\/14476\/0aa5d7cb3d8e7565922ce7361924a65f.jpg\" \/><br \/>\n        <\/section>\n<\/p><\/div>\n<div class=\"item item-6\">\n<section class=\"text-item\">\n<h2>Idealne wid\u0142y do prac w ogrodzie o ka\u017cdej porze roku!<\/h2>\n<p>Praktyczne i solidne wid\u0142y , kt\u00f3ra przydadz\u0105 si\u0119 o ka\u017cdej porze roku. W sezonie letnim pomog\u0105 w dbaniu o grz\u0105dki, a w sezonie jesiennym przydadz\u0105 si\u0119 to porz\u0105dkowania ogrodu.\u00a0<\/p>\n<ul>\n<li><b>Wytrzyma\u0142e i solidnie<\/b> wykonane, co b\u0119dzie owocowa\u0142o d\u0142ugim okresem u\u017cytkowania. Narz\u0119dzie jest wykonane ze stali spr\u0119\u017cynowej metod\u0105 kucia, dzi\u0119ki czemu maj\u0105 d\u0142ug\u0105 \u017cywotno\u015b\u0107. Pow\u0142oka proszka sprawia, \u017ce s\u0105 o<b>dporne na korozj\u0119.<\/b><\/li>\n<li><b>Lekkie i por\u0119czne.<\/b> Dodatkowo z \u0142atwo\u015bci\u0105 zamontujesz do nich uniwersalny trzonek, kt\u00f3ry mo\u017cesz dobra\u0107 do swojego wzrostu i potrzeb. Wej\u015bcie na trzonek na kszta\u0142t sto\u017cna i srednic\u0119 oko\u0142o 4 cm.<\/li>\n<\/ul>\n<\/section><\/div>\n<\/section>\n<section class=\"section\">\n<div class=\"item item-6\">\n<section class=\"image-item\">\n            <img decoding=\"async\" src=\"https:\/\/upload.cdn.baselinker.com\/products\/14476\/0aa5d7cb3d8e7565922ce7361924a65f.jpg\" \/><br \/>\n        <\/section>\n<\/p><\/div>\n<div class=\"item item-6\">\n<section class=\"text-item\">\n<h1>Pomocnik przy pracach w ogrodzie!<\/h1>\n<p>Wid\u0142y sprawdz\u0105 si\u0119 podczas przeprowadzania wszelkich prac w ogrodzie, dzia\u0142ce lub sadzie. Twoja praca b\u0119dzie przebiega\u0142a sprawnie i szybko.<\/p>\n<p>\u2705 Wid\u0142y ogrodowe wyposa\u017cone w 6 z\u0119b\u00f3w doskonale sprawdz\u0105 si\u0119 <b>do kopania do\u0142\u00f3w, przesadzania ro\u015blin itp.<\/b> Du\u017ca powierzchnia robocza u\u0142atwia i przy\u015bpiesza wykonywane prace.<\/p>\n<p>\u2705 Z ich pomoc\u0105 b\u0119dziesz m\u00f3g\u0142 r\u00f3wnie\u017c <b>przerzuca\u0107 siano<\/b> czy skoszon\u0105 traw\u0119. Mo\u017cesz dodatkowo u\u017cy\u0107 wide\u0142 do podania ro\u015blinnej paszy zwierz\u0119tom czy <b>rozrzucenia obornika.<\/b><\/p>\n<p>\u2705 Mog\u0105 zosta\u0107 wykorzystane <b>do pozbycia si\u0119 obumar\u0142ych korzeni,<\/b> chwast\u00f3w, a tak\u017ce dla <b>spulchnenia gleby. <\/b>Tr\u00f3jk\u0105tny profil z\u0119ba zapewnia odporno\u015b\u0107 narz\u0119dzia na obci\u0105\u017cenia zginaj\u0105ce.<\/p>\n<\/section><\/div>\n<\/section>\n<section class=\"section\">\n<div class=\"item item-12\">\n<section class=\"text-item\">\n<h1>Tego lata zadbaj\u00a0 o sw\u00f3j ogr\u00f3d z wielofunkcyjnymi wid\u0142ami!<\/h1>\n<\/section><\/div>\n<\/section>\n","protected":false},"excerpt":{"rendered":"<p>WID\u0141Y OGRODOWE DO KOPANIA KOMPOSTU 6 Z\u0118B\u00d3W Informacje og\u00f3lne: Ilo\u015b\u0107 z\u0119b\u00f3w: 6 Szeroko\u015b\u0107 robocza: 190 mm \u015arednica trzonka: +\/- 4 cm Materia\u0142: stali spr\u0119\u017cynowa metod\u0105 kucia Bez trzona Idealne wid\u0142y do prac w ogrodzie o ka\u017cdej porze roku! Praktyczne i solidne wid\u0142y , kt\u00f3ra przydadz\u0105 si\u0119 o ka\u017cdej porze roku. W sezonie letnim pomog\u0105 w<br \/><a class=\"more-link\" href=\"https:\/\/bobimarket.pl\/index.php\/produkt\/widly-ogrodowe-do-kopania-kompostu-6-zebow\/\"><br \/>\n        Czytaj wi\u0119cej<span class=\"screen-reader-text\"> &#8222;WID\u0141Y OGRODOWE DO KOPANIA KOMPOSTU 6 Z\u0118B\u00d3W&#8221;<\/span><\/a><\/p>\n","protected":false},"featured_media":90551,"template":"","meta":[],"product_cat":[8166],"product_tag":[],"yoast_head":"<!-- This site is optimized with the Yoast SEO plugin v21.0 - https:\/\/yoast.com\/wordpress\/plugins\/seo\/ -->\n<title>WID\u0141Y OGRODOWE DO KOPANIA KOMPOSTU 6 Z\u0118B\u00d3W - BOBIMARKET.pl - Remontuj i urz\u0105dzaj z nami<\/title>\n<meta name=\"robots\" content=\"index, follow, max-snippet:-1, max-image-preview:large, max-video-preview:-1\" \/>\n<link rel=\"canonical\" href=\"https:\/\/bobimarket.pl\/index.php\/produkt\/widly-ogrodowe-do-kopania-kompostu-6-zebow\/\" \/>\n<meta property=\"og:locale\" content=\"pl_PL\" \/>\n<meta property=\"og:type\" content=\"article\" \/>\n<meta property=\"og:title\" content=\"WID\u0141Y OGRODOWE DO KOPANIA KOMPOSTU 6 Z\u0118B\u00d3W - BOBIMARKET.pl - Remontuj i urz\u0105dzaj z nami\" \/>\n<meta property=\"og:description\" content=\"WID\u0141Y OGRODOWE DO KOPANIA KOMPOSTU 6 Z\u0118B\u00d3W Informacje og\u00f3lne: Ilo\u015b\u0107 z\u0119b\u00f3w: 6 Szeroko\u015b\u0107 robocza: 190 mm \u015arednica trzonka: +\/- 4 cm Materia\u0142: stali spr\u0119\u017cynowa metod\u0105 kucia Bez trzona Idealne wid\u0142y do prac w ogrodzie o ka\u017cdej porze roku! Praktyczne i solidne wid\u0142y , kt\u00f3ra przydadz\u0105 si\u0119 o ka\u017cdej porze roku. W sezonie letnim pomog\u0105 w     Czytaj wi\u0119cej &quot;WID\u0141Y OGRODOWE DO KOPANIA KOMPOSTU 6 Z\u0118B\u00d3W&quot;\" \/>\n<meta property=\"og:url\" content=\"https:\/\/bobimarket.pl\/index.php\/produkt\/widly-ogrodowe-do-kopania-kompostu-6-zebow\/\" \/>\n<meta property=\"og:site_name\" content=\"BOBIMARKET.pl - Remontuj i urz\u0105dzaj z nami\" \/>\n<meta property=\"article:modified_time\" content=\"2025-02-27T15:33:15+00:00\" \/>\n<meta property=\"og:image\" content=\"https:\/\/upload.cdn.baselinker.com\/products\/14476\/b082409016c9fc9f0cbd750b0ab2a0f4.jpg\" \/>\n<meta name=\"twitter:card\" content=\"summary_large_image\" \/>\n<meta name=\"twitter:label1\" content=\"Szacowany czas czytania\" \/>\n\t<meta name=\"twitter:data1\" content=\"1 minuta\" \/>\n<script type=\"application\/ld+json\" class=\"yoast-schema-graph\">{\"@context\":\"https:\/\/schema.org\",\"@graph\":[{\"@type\":\"WebPage\",\"@id\":\"https:\/\/bobimarket.pl\/index.php\/produkt\/widly-ogrodowe-do-kopania-kompostu-6-zebow\/\",\"url\":\"https:\/\/bobimarket.pl\/index.php\/produkt\/widly-ogrodowe-do-kopania-kompostu-6-zebow\/\",\"name\":\"WID\u0141Y OGRODOWE DO KOPANIA KOMPOSTU 6 Z\u0118B\u00d3W - BOBIMARKET.pl - Remontuj i urz\u0105dzaj z nami\",\"isPartOf\":{\"@id\":\"https:\/\/bobimarket.pl\/#website\"},\"datePublished\":\"2023-08-30T04:31:47+00:00\",\"dateModified\":\"2025-02-27T15:33:15+00:00\",\"breadcrumb\":{\"@id\":\"https:\/\/bobimarket.pl\/index.php\/produkt\/widly-ogrodowe-do-kopania-kompostu-6-zebow\/#breadcrumb\"},\"inLanguage\":\"pl-PL\",\"potentialAction\":[{\"@type\":\"ReadAction\",\"target\":[\"https:\/\/bobimarket.pl\/index.php\/produkt\/widly-ogrodowe-do-kopania-kompostu-6-zebow\/\"]}]},{\"@type\":\"BreadcrumbList\",\"@id\":\"https:\/\/bobimarket.pl\/index.php\/produkt\/widly-ogrodowe-do-kopania-kompostu-6-zebow\/#breadcrumb\",\"itemListElement\":[{\"@type\":\"ListItem\",\"position\":1,\"name\":\"Strona g\u0142\u00f3wna\",\"item\":\"https:\/\/bobimarket.pl\/\"},{\"@type\":\"ListItem\",\"position\":2,\"name\":\"Sklep\",\"item\":\"https:\/\/bobimarket.pl\/index.php\/shop\/\"},{\"@type\":\"ListItem\",\"position\":3,\"name\":\"WID\u0141Y OGRODOWE DO KOPANIA KOMPOSTU 6 Z\u0118B\u00d3W\"}]},{\"@type\":\"WebSite\",\"@id\":\"https:\/\/bobimarket.pl\/#website\",\"url\":\"https:\/\/bobimarket.pl\/\",\"name\":\"BOBIMARKET.pl - Remontuj i urz\u0105dzaj z nami\",\"description\":\"Remontuj i urz\u0105dzaj z nami\",\"publisher\":{\"@id\":\"https:\/\/bobimarket.pl\/#organization\"},\"potentialAction\":[{\"@type\":\"SearchAction\",\"target\":{\"@type\":\"EntryPoint\",\"urlTemplate\":\"https:\/\/bobimarket.pl\/?s={search_term_string}\"},\"query-input\":\"required name=search_term_string\"}],\"inLanguage\":\"pl-PL\"},{\"@type\":\"Organization\",\"@id\":\"https:\/\/bobimarket.pl\/#organization\",\"name\":\"BOBIMARKET.pl\",\"url\":\"https:\/\/bobimarket.pl\/\",\"logo\":{\"@type\":\"ImageObject\",\"inLanguage\":\"pl-PL\",\"@id\":\"https:\/\/bobimarket.pl\/#\/schema\/logo\/image\/\",\"url\":\"https:\/\/bobimarket.pl\/wp-content\/uploads\/2021\/11\/slogan.png\",\"contentUrl\":\"https:\/\/bobimarket.pl\/wp-content\/uploads\/2021\/11\/slogan.png\",\"width\":2000,\"height\":384,\"caption\":\"BOBIMARKET.pl\"},\"image\":{\"@id\":\"https:\/\/bobimarket.pl\/#\/schema\/logo\/image\/\"}}]}<\/script>\n<!-- \/ Yoast SEO plugin. -->","yoast_head_json":{"title":"WID\u0141Y OGRODOWE DO KOPANIA KOMPOSTU 6 Z\u0118B\u00d3W - BOBIMARKET.pl - Remontuj i urz\u0105dzaj z nami","robots":{"index":"index","follow":"follow","max-snippet":"max-snippet:-1","max-image-preview":"max-image-preview:large","max-video-preview":"max-video-preview:-1"},"canonical":"https:\/\/bobimarket.pl\/index.php\/produkt\/widly-ogrodowe-do-kopania-kompostu-6-zebow\/","og_locale":"pl_PL","og_type":"article","og_title":"WID\u0141Y OGRODOWE DO KOPANIA KOMPOSTU 6 Z\u0118B\u00d3W - BOBIMARKET.pl - Remontuj i urz\u0105dzaj z nami","og_description":"WID\u0141Y OGRODOWE DO KOPANIA KOMPOSTU 6 Z\u0118B\u00d3W Informacje og\u00f3lne: Ilo\u015b\u0107 z\u0119b\u00f3w: 6 Szeroko\u015b\u0107 robocza: 190 mm \u015arednica trzonka: +\/- 4 cm Materia\u0142: stali spr\u0119\u017cynowa metod\u0105 kucia Bez trzona Idealne wid\u0142y do prac w ogrodzie o ka\u017cdej porze roku! Praktyczne i solidne wid\u0142y , kt\u00f3ra przydadz\u0105 si\u0119 o ka\u017cdej porze roku. W sezonie letnim pomog\u0105 w     Czytaj wi\u0119cej \"WID\u0141Y OGRODOWE DO KOPANIA KOMPOSTU 6 Z\u0118B\u00d3W\"","og_url":"https:\/\/bobimarket.pl\/index.php\/produkt\/widly-ogrodowe-do-kopania-kompostu-6-zebow\/","og_site_name":"BOBIMARKET.pl - Remontuj i urz\u0105dzaj z nami","article_modified_time":"2025-02-27T15:33:15+00:00","og_image":[{"url":"https:\/\/upload.cdn.baselinker.com\/products\/14476\/b082409016c9fc9f0cbd750b0ab2a0f4.jpg"}],"twitter_card":"summary_large_image","twitter_misc":{"Szacowany czas czytania":"1 minuta"},"schema":{"@context":"https:\/\/schema.org","@graph":[{"@type":"WebPage","@id":"https:\/\/bobimarket.pl\/index.php\/produkt\/widly-ogrodowe-do-kopania-kompostu-6-zebow\/","url":"https:\/\/bobimarket.pl\/index.php\/produkt\/widly-ogrodowe-do-kopania-kompostu-6-zebow\/","name":"WID\u0141Y OGRODOWE DO KOPANIA KOMPOSTU 6 Z\u0118B\u00d3W - BOBIMARKET.pl - Remontuj i urz\u0105dzaj z nami","isPartOf":{"@id":"https:\/\/bobimarket.pl\/#website"},"datePublished":"2023-08-30T04:31:47+00:00","dateModified":"2025-02-27T15:33:15+00:00","breadcrumb":{"@id":"https:\/\/bobimarket.pl\/index.php\/produkt\/widly-ogrodowe-do-kopania-kompostu-6-zebow\/#breadcrumb"},"inLanguage":"pl-PL","potentialAction":[{"@type":"ReadAction","target":["https:\/\/bobimarket.pl\/index.php\/produkt\/widly-ogrodowe-do-kopania-kompostu-6-zebow\/"]}]},{"@type":"BreadcrumbList","@id":"https:\/\/bobimarket.pl\/index.php\/produkt\/widly-ogrodowe-do-kopania-kompostu-6-zebow\/#breadcrumb","itemListElement":[{"@type":"ListItem","position":1,"name":"Strona g\u0142\u00f3wna","item":"https:\/\/bobimarket.pl\/"},{"@type":"ListItem","position":2,"name":"Sklep","item":"https:\/\/bobimarket.pl\/index.php\/shop\/"},{"@type":"ListItem","position":3,"name":"WID\u0141Y OGRODOWE DO KOPANIA KOMPOSTU 6 Z\u0118B\u00d3W"}]},{"@type":"WebSite","@id":"https:\/\/bobimarket.pl\/#website","url":"https:\/\/bobimarket.pl\/","name":"BOBIMARKET.pl - Remontuj i urz\u0105dzaj z nami","description":"Remontuj i urz\u0105dzaj z nami","publisher":{"@id":"https:\/\/bobimarket.pl\/#organization"},"potentialAction":[{"@type":"SearchAction","target":{"@type":"EntryPoint","urlTemplate":"https:\/\/bobimarket.pl\/?s={search_term_string}"},"query-input":"required name=search_term_string"}],"inLanguage":"pl-PL"},{"@type":"Organization","@id":"https:\/\/bobimarket.pl\/#organization","name":"BOBIMARKET.pl","url":"https:\/\/bobimarket.pl\/","logo":{"@type":"ImageObject","inLanguage":"pl-PL","@id":"https:\/\/bobimarket.pl\/#\/schema\/logo\/image\/","url":"https:\/\/bobimarket.pl\/wp-content\/uploads\/2021\/11\/slogan.png","contentUrl":"https:\/\/bobimarket.pl\/wp-content\/uploads\/2021\/11\/slogan.png","width":2000,"height":384,"caption":"BOBIMARKET.pl"},"image":{"@id":"https:\/\/bobimarket.pl\/#\/schema\/logo\/image\/"}}]}},"_links":{"self":[{"href":"https:\/\/bobimarket.pl\/index.php\/wp-json\/wp\/v2\/product\/90553"}],"collection":[{"href":"https:\/\/bobimarket.pl\/index.php\/wp-json\/wp\/v2\/product"}],"about":[{"href":"https:\/\/bobimarket.pl\/index.php\/wp-json\/wp\/v2\/types\/product"}],"wp:featuredmedia":[{"embeddable":true,"href":"https:\/\/bobimarket.pl\/index.php\/wp-json\/wp\/v2\/media\/90551"}],"wp:attachment":[{"href":"https:\/\/bobimarket.pl\/index.php\/wp-json\/wp\/v2\/media?parent=90553"}],"wp:term":[{"taxonomy":"product_cat","embeddable":true,"href":"https:\/\/bobimarket.pl\/index.php\/wp-json\/wp\/v2\/product_cat?post=90553"},{"taxonomy":"product_tag","embeddable":true,"href":"https:\/\/bobimarket.pl\/index.php\/wp-json\/wp\/v2\/product_tag?post=90553"}],"curies":[{"name":"wp","href":"https:\/\/api.w.org\/{rel}","templated":true}]}}