{"id":90557,"date":"2023-08-30T04:32:00","date_gmt":"2023-08-30T04:32:00","guid":{"rendered":"https:\/\/bobimarket.pl\/index.php\/produkt\/zraszacz-ogrodowy-wbijany-do-weza\/"},"modified":"2025-02-27T15:33:23","modified_gmt":"2025-02-27T15:33:23","slug":"zraszacz-ogrodowy-wbijany-do-weza","status":"publish","type":"product","link":"https:\/\/bobimarket.pl\/index.php\/produkt\/zraszacz-ogrodowy-wbijany-do-weza\/","title":{"rendered":"ZRASZACZ OGRODOWY WBIJANY DO W\u0118\u017bA"},"content":{"rendered":"<section class=\"section\">\n<div class=\"item item-6\">\n<section class=\"image-item\">\n            <img decoding=\"async\" src=\"https:\/\/upload.cdn.baselinker.com\/products\/14476\/842ca4706111f3c046c35621ff7690da.jpg\" \/><br \/>\n        <\/section>\n<\/p><\/div>\n<div class=\"item item-6\">\n<section class=\"text-item\">\n<h2>ZRASZACZ OGRODOWY WBIJANY DO W\u0118\u017bA<\/h2>\n<p><b>Informacje og\u00f3lne:<\/b><\/p>\n<ul>\n<li>D\u0142ugo\u015bc ca\u0142kowita:<b> 19,5 cm <\/b><\/li>\n<li>D\u0142ugo\u015b\u0107 szpilki:<b> 12 cm <\/b><\/li>\n<li>Materia\u0142:<b> tworzywo ABS<\/b><\/li>\n<li>Rodzaj:<b> zraszacz<\/b><\/li>\n<\/ul>\n<\/section><\/div>\n<\/section>\n<section class=\"section\">\n<div class=\"item item-12\">\n<section class=\"image-item\">\n            <img decoding=\"async\" src=\"https:\/\/upload.cdn.baselinker.com\/products\/14476\/842ca4706111f3c046c35621ff7690da.jpg\" \/><br \/>\n        <\/section>\n<\/p><\/div>\n<\/section>\n<section class=\"section\">\n<div class=\"item item-12\">\n<section class=\"text-item\">\n<h2>Klasyczny i funkcjonalny zraszacz ogrodowy!<\/h2>\n<p>Prosty zraszacz do ogrodu wbijany na kolec.. Solidny i przede wszystkim prosty i wygodny w obs\u0142udze. Zraszacz wykonano z <b>mocnego tworzywa ABS i<\/b> co b\u0119dzie owocowa\u0142o d\u0142ugim okresem u\u017cytkowania.<\/p>\n<ul>\n<li>Szpilka umo\u017cliwia wbicie zraszacza w dowolnym wybranym miejscu.<\/li>\n<\/ul>\n<\/section><\/div>\n<\/section>\n<section class=\"section\">\n<div class=\"item item-12\">\n<section class=\"text-item\">\n<h2>Idealny pomocnik ka\u017cdego ogrodnika!<\/h2>\n<p>\u2705 Zraszacz stosuje si\u0119 do <b>podlewania <\/b>trawnik\u00f3w, krzew\u00f3w i ro\u015blin w warzywniaku. Sprawdzi si\u0119 podczas podlewania wi\u0119kszych powierzchni. Zraszacz mo\u017cna zamontowa\u0107 w dowolnie wybranym miejscu.\u00a0Stosowany g\u0142\u00f3wnie w systemach nawadniania na terenach przydomowych.<\/p>\n<\/section><\/div>\n<\/section>\n<section class=\"section\">\n<div class=\"item item-12\">\n<section class=\"image-item\">\n            <img decoding=\"async\" src=\"https:\/\/upload.cdn.baselinker.com\/products\/14476\/842ca4706111f3c046c35621ff7690da.jpg\" \/><br \/>\n        <\/section>\n<\/p><\/div>\n<\/section>\n","protected":false},"excerpt":{"rendered":"<p>ZRASZACZ OGRODOWY WBIJANY DO W\u0118\u017bA Informacje og\u00f3lne: D\u0142ugo\u015bc ca\u0142kowita: 19,5 cm D\u0142ugo\u015b\u0107 szpilki: 12 cm Materia\u0142: tworzywo ABS Rodzaj: zraszacz Klasyczny i funkcjonalny zraszacz ogrodowy! Prosty zraszacz do ogrodu wbijany na kolec.. Solidny i przede wszystkim prosty i wygodny w obs\u0142udze. Zraszacz wykonano z mocnego tworzywa ABS i co b\u0119dzie owocowa\u0142o d\u0142ugim okresem u\u017cytkowania. Szpilka<br \/><a class=\"more-link\" href=\"https:\/\/bobimarket.pl\/index.php\/produkt\/zraszacz-ogrodowy-wbijany-do-weza\/\"><br \/>\n        Czytaj wi\u0119cej<span class=\"screen-reader-text\"> &#8222;ZRASZACZ OGRODOWY WBIJANY DO W\u0118\u017bA&#8221;<\/span><\/a><\/p>\n","protected":false},"featured_media":90556,"template":"","meta":[],"product_cat":[8228],"product_tag":[],"yoast_head":"<!-- This site is optimized with the Yoast SEO plugin v21.0 - https:\/\/yoast.com\/wordpress\/plugins\/seo\/ -->\n<title>ZRASZACZ OGRODOWY WBIJANY DO W\u0118\u017bA - BOBIMARKET.pl - Remontuj i urz\u0105dzaj z nami<\/title>\n<meta name=\"robots\" content=\"index, follow, max-snippet:-1, max-image-preview:large, max-video-preview:-1\" \/>\n<link rel=\"canonical\" href=\"https:\/\/bobimarket.pl\/index.php\/produkt\/zraszacz-ogrodowy-wbijany-do-weza\/\" \/>\n<meta property=\"og:locale\" content=\"pl_PL\" \/>\n<meta property=\"og:type\" content=\"article\" \/>\n<meta property=\"og:title\" content=\"ZRASZACZ OGRODOWY WBIJANY DO W\u0118\u017bA - BOBIMARKET.pl - Remontuj i urz\u0105dzaj z nami\" \/>\n<meta property=\"og:description\" content=\"ZRASZACZ OGRODOWY WBIJANY DO W\u0118\u017bA Informacje og\u00f3lne: D\u0142ugo\u015bc ca\u0142kowita: 19,5 cm D\u0142ugo\u015b\u0107 szpilki: 12 cm Materia\u0142: tworzywo ABS Rodzaj: zraszacz Klasyczny i funkcjonalny zraszacz ogrodowy! Prosty zraszacz do ogrodu wbijany na kolec.. Solidny i przede wszystkim prosty i wygodny w obs\u0142udze. Zraszacz wykonano z mocnego tworzywa ABS i co b\u0119dzie owocowa\u0142o d\u0142ugim okresem u\u017cytkowania. Szpilka     Czytaj wi\u0119cej &quot;ZRASZACZ OGRODOWY WBIJANY DO W\u0118\u017bA&quot;\" \/>\n<meta property=\"og:url\" content=\"https:\/\/bobimarket.pl\/index.php\/produkt\/zraszacz-ogrodowy-wbijany-do-weza\/\" \/>\n<meta property=\"og:site_name\" content=\"BOBIMARKET.pl - Remontuj i urz\u0105dzaj z nami\" \/>\n<meta property=\"article:modified_time\" content=\"2025-02-27T15:33:23+00:00\" \/>\n<meta property=\"og:image\" content=\"https:\/\/upload.cdn.baselinker.com\/products\/14476\/842ca4706111f3c046c35621ff7690da.jpg\" \/>\n<meta name=\"twitter:card\" content=\"summary_large_image\" \/>\n<meta name=\"twitter:label1\" content=\"Szacowany czas czytania\" \/>\n\t<meta name=\"twitter:data1\" content=\"1 minuta\" \/>\n<script type=\"application\/ld+json\" class=\"yoast-schema-graph\">{\"@context\":\"https:\/\/schema.org\",\"@graph\":[{\"@type\":\"WebPage\",\"@id\":\"https:\/\/bobimarket.pl\/index.php\/produkt\/zraszacz-ogrodowy-wbijany-do-weza\/\",\"url\":\"https:\/\/bobimarket.pl\/index.php\/produkt\/zraszacz-ogrodowy-wbijany-do-weza\/\",\"name\":\"ZRASZACZ OGRODOWY WBIJANY DO W\u0118\u017bA - BOBIMARKET.pl - Remontuj i urz\u0105dzaj z nami\",\"isPartOf\":{\"@id\":\"https:\/\/bobimarket.pl\/#website\"},\"datePublished\":\"2023-08-30T04:32:00+00:00\",\"dateModified\":\"2025-02-27T15:33:23+00:00\",\"breadcrumb\":{\"@id\":\"https:\/\/bobimarket.pl\/index.php\/produkt\/zraszacz-ogrodowy-wbijany-do-weza\/#breadcrumb\"},\"inLanguage\":\"pl-PL\",\"potentialAction\":[{\"@type\":\"ReadAction\",\"target\":[\"https:\/\/bobimarket.pl\/index.php\/produkt\/zraszacz-ogrodowy-wbijany-do-weza\/\"]}]},{\"@type\":\"BreadcrumbList\",\"@id\":\"https:\/\/bobimarket.pl\/index.php\/produkt\/zraszacz-ogrodowy-wbijany-do-weza\/#breadcrumb\",\"itemListElement\":[{\"@type\":\"ListItem\",\"position\":1,\"name\":\"Strona g\u0142\u00f3wna\",\"item\":\"https:\/\/bobimarket.pl\/\"},{\"@type\":\"ListItem\",\"position\":2,\"name\":\"Sklep\",\"item\":\"https:\/\/bobimarket.pl\/index.php\/shop\/\"},{\"@type\":\"ListItem\",\"position\":3,\"name\":\"ZRASZACZ OGRODOWY WBIJANY DO W\u0118\u017bA\"}]},{\"@type\":\"WebSite\",\"@id\":\"https:\/\/bobimarket.pl\/#website\",\"url\":\"https:\/\/bobimarket.pl\/\",\"name\":\"BOBIMARKET.pl - Remontuj i urz\u0105dzaj z nami\",\"description\":\"Remontuj i urz\u0105dzaj z nami\",\"publisher\":{\"@id\":\"https:\/\/bobimarket.pl\/#organization\"},\"potentialAction\":[{\"@type\":\"SearchAction\",\"target\":{\"@type\":\"EntryPoint\",\"urlTemplate\":\"https:\/\/bobimarket.pl\/?s={search_term_string}\"},\"query-input\":\"required name=search_term_string\"}],\"inLanguage\":\"pl-PL\"},{\"@type\":\"Organization\",\"@id\":\"https:\/\/bobimarket.pl\/#organization\",\"name\":\"BOBIMARKET.pl\",\"url\":\"https:\/\/bobimarket.pl\/\",\"logo\":{\"@type\":\"ImageObject\",\"inLanguage\":\"pl-PL\",\"@id\":\"https:\/\/bobimarket.pl\/#\/schema\/logo\/image\/\",\"url\":\"https:\/\/bobimarket.pl\/wp-content\/uploads\/2021\/11\/slogan.png\",\"contentUrl\":\"https:\/\/bobimarket.pl\/wp-content\/uploads\/2021\/11\/slogan.png\",\"width\":2000,\"height\":384,\"caption\":\"BOBIMARKET.pl\"},\"image\":{\"@id\":\"https:\/\/bobimarket.pl\/#\/schema\/logo\/image\/\"}}]}<\/script>\n<!-- \/ Yoast SEO plugin. -->","yoast_head_json":{"title":"ZRASZACZ OGRODOWY WBIJANY DO W\u0118\u017bA - BOBIMARKET.pl - Remontuj i urz\u0105dzaj z nami","robots":{"index":"index","follow":"follow","max-snippet":"max-snippet:-1","max-image-preview":"max-image-preview:large","max-video-preview":"max-video-preview:-1"},"canonical":"https:\/\/bobimarket.pl\/index.php\/produkt\/zraszacz-ogrodowy-wbijany-do-weza\/","og_locale":"pl_PL","og_type":"article","og_title":"ZRASZACZ OGRODOWY WBIJANY DO W\u0118\u017bA - BOBIMARKET.pl - Remontuj i urz\u0105dzaj z nami","og_description":"ZRASZACZ OGRODOWY WBIJANY DO W\u0118\u017bA Informacje og\u00f3lne: D\u0142ugo\u015bc ca\u0142kowita: 19,5 cm D\u0142ugo\u015b\u0107 szpilki: 12 cm Materia\u0142: tworzywo ABS Rodzaj: zraszacz Klasyczny i funkcjonalny zraszacz ogrodowy! Prosty zraszacz do ogrodu wbijany na kolec.. Solidny i przede wszystkim prosty i wygodny w obs\u0142udze. Zraszacz wykonano z mocnego tworzywa ABS i co b\u0119dzie owocowa\u0142o d\u0142ugim okresem u\u017cytkowania. Szpilka     Czytaj wi\u0119cej \"ZRASZACZ OGRODOWY WBIJANY DO W\u0118\u017bA\"","og_url":"https:\/\/bobimarket.pl\/index.php\/produkt\/zraszacz-ogrodowy-wbijany-do-weza\/","og_site_name":"BOBIMARKET.pl - Remontuj i urz\u0105dzaj z nami","article_modified_time":"2025-02-27T15:33:23+00:00","og_image":[{"url":"https:\/\/upload.cdn.baselinker.com\/products\/14476\/842ca4706111f3c046c35621ff7690da.jpg"}],"twitter_card":"summary_large_image","twitter_misc":{"Szacowany czas czytania":"1 minuta"},"schema":{"@context":"https:\/\/schema.org","@graph":[{"@type":"WebPage","@id":"https:\/\/bobimarket.pl\/index.php\/produkt\/zraszacz-ogrodowy-wbijany-do-weza\/","url":"https:\/\/bobimarket.pl\/index.php\/produkt\/zraszacz-ogrodowy-wbijany-do-weza\/","name":"ZRASZACZ OGRODOWY WBIJANY DO W\u0118\u017bA - BOBIMARKET.pl - Remontuj i urz\u0105dzaj z nami","isPartOf":{"@id":"https:\/\/bobimarket.pl\/#website"},"datePublished":"2023-08-30T04:32:00+00:00","dateModified":"2025-02-27T15:33:23+00:00","breadcrumb":{"@id":"https:\/\/bobimarket.pl\/index.php\/produkt\/zraszacz-ogrodowy-wbijany-do-weza\/#breadcrumb"},"inLanguage":"pl-PL","potentialAction":[{"@type":"ReadAction","target":["https:\/\/bobimarket.pl\/index.php\/produkt\/zraszacz-ogrodowy-wbijany-do-weza\/"]}]},{"@type":"BreadcrumbList","@id":"https:\/\/bobimarket.pl\/index.php\/produkt\/zraszacz-ogrodowy-wbijany-do-weza\/#breadcrumb","itemListElement":[{"@type":"ListItem","position":1,"name":"Strona g\u0142\u00f3wna","item":"https:\/\/bobimarket.pl\/"},{"@type":"ListItem","position":2,"name":"Sklep","item":"https:\/\/bobimarket.pl\/index.php\/shop\/"},{"@type":"ListItem","position":3,"name":"ZRASZACZ OGRODOWY WBIJANY DO W\u0118\u017bA"}]},{"@type":"WebSite","@id":"https:\/\/bobimarket.pl\/#website","url":"https:\/\/bobimarket.pl\/","name":"BOBIMARKET.pl - Remontuj i urz\u0105dzaj z nami","description":"Remontuj i urz\u0105dzaj z nami","publisher":{"@id":"https:\/\/bobimarket.pl\/#organization"},"potentialAction":[{"@type":"SearchAction","target":{"@type":"EntryPoint","urlTemplate":"https:\/\/bobimarket.pl\/?s={search_term_string}"},"query-input":"required name=search_term_string"}],"inLanguage":"pl-PL"},{"@type":"Organization","@id":"https:\/\/bobimarket.pl\/#organization","name":"BOBIMARKET.pl","url":"https:\/\/bobimarket.pl\/","logo":{"@type":"ImageObject","inLanguage":"pl-PL","@id":"https:\/\/bobimarket.pl\/#\/schema\/logo\/image\/","url":"https:\/\/bobimarket.pl\/wp-content\/uploads\/2021\/11\/slogan.png","contentUrl":"https:\/\/bobimarket.pl\/wp-content\/uploads\/2021\/11\/slogan.png","width":2000,"height":384,"caption":"BOBIMARKET.pl"},"image":{"@id":"https:\/\/bobimarket.pl\/#\/schema\/logo\/image\/"}}]}},"_links":{"self":[{"href":"https:\/\/bobimarket.pl\/index.php\/wp-json\/wp\/v2\/product\/90557"}],"collection":[{"href":"https:\/\/bobimarket.pl\/index.php\/wp-json\/wp\/v2\/product"}],"about":[{"href":"https:\/\/bobimarket.pl\/index.php\/wp-json\/wp\/v2\/types\/product"}],"wp:featuredmedia":[{"embeddable":true,"href":"https:\/\/bobimarket.pl\/index.php\/wp-json\/wp\/v2\/media\/90556"}],"wp:attachment":[{"href":"https:\/\/bobimarket.pl\/index.php\/wp-json\/wp\/v2\/media?parent=90557"}],"wp:term":[{"taxonomy":"product_cat","embeddable":true,"href":"https:\/\/bobimarket.pl\/index.php\/wp-json\/wp\/v2\/product_cat?post=90557"},{"taxonomy":"product_tag","embeddable":true,"href":"https:\/\/bobimarket.pl\/index.php\/wp-json\/wp\/v2\/product_tag?post=90557"}],"curies":[{"name":"wp","href":"https:\/\/api.w.org\/{rel}","templated":true}]}}