{"id":90592,"date":"2023-08-30T04:35:24","date_gmt":"2023-08-30T04:35:24","guid":{"rendered":"https:\/\/bobimarket.pl\/index.php\/produkt\/zylka-tnaca-do-kosy-podkaszarki-gwiazda-30mmx15m\/"},"modified":"2025-02-27T15:33:46","modified_gmt":"2025-02-27T15:33:46","slug":"zylka-tnaca-do-kosy-podkaszarki-gwiazda-30mmx15m","status":"publish","type":"product","link":"https:\/\/bobimarket.pl\/index.php\/produkt\/zylka-tnaca-do-kosy-podkaszarki-gwiazda-30mmx15m\/","title":{"rendered":"\u017bY\u0141KA TN\u0104CA DO KOSY PODKASZARKI GWIAZDA 3,0mmx15M"},"content":{"rendered":"<section class=\"section\">\n<div class=\"item item-12\">\n<section class=\"text-item\">\n<h2>\u017bY\u0141KA TN\u0104CA DO KOSY PODKASZARKI GWIAZDA 3,0mmx15M<\/h2>\n<p><b>Informacje og\u00f3lne:<\/b><\/p>\n<ul>\n<li>\u015arednica:<b> 3,0 mm<\/b><\/li>\n<li>D\u0142ugo\u015b\u0107:<b> 15 m<\/b><\/li>\n<li>Przekr\u00f3j linki:<b> gwiazda <\/b><\/li>\n<\/ul>\n<h2>UWAGA!<\/h2>\n<p>Kolor \u017cy\u0142ki mo\u017ce si\u0119 r\u00f3\u017cni\u0107 w zale\u017cno\u015bci od dostawy! Kolor wybieramy losowo.<\/p>\n<\/section><\/div>\n<\/section>\n<section class=\"section\">\n<div class=\"item item-12\">\n<section class=\"image-item\">\n            <img decoding=\"async\" src=\"https:\/\/upload.cdn.baselinker.com\/products\/14476\/c4390315a9194711c12ca0a88d82d42e.jpg\" \/><br \/>\n        <\/section>\n<\/p><\/div>\n<\/section>\n<section class=\"section\">\n<div class=\"item item-12\">\n<section class=\"text-item\">\n<h2>Wysoka wydajno\u015b\u0107 koszenia!<\/h2>\n<p>\u017by\u0142ka przeznaczona<b> do kos i podkaszarek<\/b>. Produkt wykonany z materia\u0142\u00f3w, kt\u00f3re charakteryzuj\u0105 si\u0119 <b>wytrzyma\u0142o\u015bci\u0105 na \u015bcieranie<\/b>. \u017by\u0142ki o grubo\u015bci powy\u017cej 2,7 mm idealnie sprawdz\u0105 si\u0119 przy ci\u0119ciu drobnej trawy i niewielkich ro\u015blin. Poradz\u0105 sobie r\u00f3wnie\u017c z chwastami lub przy koszeniu zaro\u015bli.<\/p>\n<p>\u2705 \u017by\u0142ka tn\u0105ca jest niezwykle praktycznym i ekonomicznym rozwi\u0105zaniem s\u0142u\u017c\u0105cym do ci\u0119cia ro\u015blin lub koszenia.<\/p>\n<ul>\n<li><b>Prosty monta\u017c<\/b> produktu w urz\u0105dzeniu. \u017by\u0142k\u0119 nale\u017cy umie\u015bci\u0107 w podkaszarce lub kosie.<\/li>\n<li><b>Przekr\u00f3j gwie\u017adzisty<\/b> to najostrzejszy wariant. Gwarantuje\u00a0 \u017cy\u0142ce agresywn\u0105 i precyzyjn\u0105 charakterystyk\u0119 ci\u0119cia. Sprawdzi si\u0119 przy\u00a0 estetycznym koszeniu delikatnej trawy, jak i przy koszeniu grubszych i twardszych ro\u015blin.<\/li>\n<\/ul>\n<\/section><\/div>\n<\/section>\n<section class=\"section\">\n<div class=\"item item-12\">\n<section class=\"image-item\">\n            <img decoding=\"async\" src=\"https:\/\/upload.cdn.baselinker.com\/products\/14476\/586752048799fdfdfa84556fbad2e91b.jpg\" \/><br \/>\n        <\/section>\n<\/p><\/div>\n<\/section>\n<section class=\"section\">\n<div class=\"item item-12\">\n<section class=\"text-item\">\n<p><b>\u2705 Zastosowanie:<\/b><\/p>\n<p>\u017by\u0142ka to niewielki, ale bardzo istotny element. Od jej jako\u015bci zale\u017cy szybko\u015b\u0107 i efektywno\u015b\u0107 wykonywanej pracy. Nasz \u017cy\u0142ka z link\u0105 doskonale nada, aby<b> idealnie wyr\u00f3wna\u0107 trawnik lub pozby\u0107 si\u0119 natr\u0119tnych chwast\u00f3w. <\/b><\/p>\n<ul>\n<li>Sprawdzi si\u0119 do regularnego koszenie przydomowych trawnik\u00f3w, pozostawiaj\u0105c g\u0142adk\u0105 lini\u0119 ci\u0119cia.<\/li>\n<li>Nadaje si\u0119 r\u00f3wnie\u017c do wykaszanie trawnik\u00f3w o \u015brednim poziomie zachwaszczenia lub wykaszanie wysokich traw, zaro\u015bli lub \u0142\u0105k.<\/li>\n<\/ul>\n<\/section><\/div>\n<\/section>\n<section class=\"section\">\n<div class=\"item item-12\">\n<section class=\"text-item\">\n<h1>Dost\u0119pne s\u0105 \u017cy\u0142ki o r\u00f3\u017cnych rozmiarach, aby u\u0142atwi\u0107 dopasowanie idealnego produktu.<\/h1>\n<\/section><\/div>\n<\/section>\n<section class=\"section\">\n<div class=\"item item-12\">\n<section class=\"image-item\">\n            <img decoding=\"async\" src=\"https:\/\/upload.cdn.baselinker.com\/products\/14476\/769e99b4c521f456cb23556d2fe26831.jpg\" \/><br \/>\n        <\/section>\n<\/p><\/div>\n<\/section>\n","protected":false},"excerpt":{"rendered":"<p>\u017bY\u0141KA TN\u0104CA DO KOSY PODKASZARKI GWIAZDA 3,0mmx15M Informacje og\u00f3lne: \u015arednica: 3,0 mm D\u0142ugo\u015b\u0107: 15 m Przekr\u00f3j linki: gwiazda UWAGA! Kolor \u017cy\u0142ki mo\u017ce si\u0119 r\u00f3\u017cni\u0107 w zale\u017cno\u015bci od dostawy! Kolor wybieramy losowo. Wysoka wydajno\u015b\u0107 koszenia! \u017by\u0142ka przeznaczona do kos i podkaszarek. Produkt wykonany z materia\u0142\u00f3w, kt\u00f3re charakteryzuj\u0105 si\u0119 wytrzyma\u0142o\u015bci\u0105 na \u015bcieranie. \u017by\u0142ki o grubo\u015bci powy\u017cej 2,7<br \/><a class=\"more-link\" href=\"https:\/\/bobimarket.pl\/index.php\/produkt\/zylka-tnaca-do-kosy-podkaszarki-gwiazda-30mmx15m\/\"><br \/>\n        Czytaj wi\u0119cej<span class=\"screen-reader-text\"> &#8222;\u017bY\u0141KA TN\u0104CA DO KOSY PODKASZARKI GWIAZDA 3,0mmx15M&#8221;<\/span><\/a><\/p>\n","protected":false},"featured_media":90587,"template":"","meta":[],"product_cat":[8365],"product_tag":[],"yoast_head":"<!-- This site is optimized with the Yoast SEO plugin v21.0 - https:\/\/yoast.com\/wordpress\/plugins\/seo\/ -->\n<title>\u017bY\u0141KA TN\u0104CA DO KOSY PODKASZARKI GWIAZDA 3,0mmx15M - BOBIMARKET.pl - Remontuj i urz\u0105dzaj z nami<\/title>\n<meta name=\"robots\" content=\"index, follow, max-snippet:-1, max-image-preview:large, max-video-preview:-1\" \/>\n<link rel=\"canonical\" href=\"https:\/\/bobimarket.pl\/index.php\/produkt\/zylka-tnaca-do-kosy-podkaszarki-gwiazda-30mmx15m\/\" \/>\n<meta property=\"og:locale\" content=\"pl_PL\" \/>\n<meta property=\"og:type\" content=\"article\" \/>\n<meta property=\"og:title\" content=\"\u017bY\u0141KA TN\u0104CA DO KOSY PODKASZARKI GWIAZDA 3,0mmx15M - BOBIMARKET.pl - Remontuj i urz\u0105dzaj z nami\" \/>\n<meta property=\"og:description\" content=\"\u017bY\u0141KA TN\u0104CA DO KOSY PODKASZARKI GWIAZDA 3,0mmx15M Informacje og\u00f3lne: \u015arednica: 3,0 mm D\u0142ugo\u015b\u0107: 15 m Przekr\u00f3j linki: gwiazda UWAGA! Kolor \u017cy\u0142ki mo\u017ce si\u0119 r\u00f3\u017cni\u0107 w zale\u017cno\u015bci od dostawy! Kolor wybieramy losowo. Wysoka wydajno\u015b\u0107 koszenia! \u017by\u0142ka przeznaczona do kos i podkaszarek. Produkt wykonany z materia\u0142\u00f3w, kt\u00f3re charakteryzuj\u0105 si\u0119 wytrzyma\u0142o\u015bci\u0105 na \u015bcieranie. \u017by\u0142ki o grubo\u015bci powy\u017cej 2,7     Czytaj wi\u0119cej &quot;\u017bY\u0141KA TN\u0104CA DO KOSY PODKASZARKI GWIAZDA 3,0mmx15M&quot;\" \/>\n<meta property=\"og:url\" content=\"https:\/\/bobimarket.pl\/index.php\/produkt\/zylka-tnaca-do-kosy-podkaszarki-gwiazda-30mmx15m\/\" \/>\n<meta property=\"og:site_name\" content=\"BOBIMARKET.pl - Remontuj i urz\u0105dzaj z nami\" \/>\n<meta property=\"article:modified_time\" content=\"2025-02-27T15:33:46+00:00\" \/>\n<meta property=\"og:image\" content=\"https:\/\/upload.cdn.baselinker.com\/products\/14476\/c4390315a9194711c12ca0a88d82d42e.jpg\" \/>\n<meta name=\"twitter:card\" content=\"summary_large_image\" \/>\n<meta name=\"twitter:label1\" content=\"Szacowany czas czytania\" \/>\n\t<meta name=\"twitter:data1\" content=\"1 minuta\" \/>\n<script type=\"application\/ld+json\" class=\"yoast-schema-graph\">{\"@context\":\"https:\/\/schema.org\",\"@graph\":[{\"@type\":\"WebPage\",\"@id\":\"https:\/\/bobimarket.pl\/index.php\/produkt\/zylka-tnaca-do-kosy-podkaszarki-gwiazda-30mmx15m\/\",\"url\":\"https:\/\/bobimarket.pl\/index.php\/produkt\/zylka-tnaca-do-kosy-podkaszarki-gwiazda-30mmx15m\/\",\"name\":\"\u017bY\u0141KA TN\u0104CA DO KOSY PODKASZARKI GWIAZDA 3,0mmx15M - BOBIMARKET.pl - Remontuj i urz\u0105dzaj z nami\",\"isPartOf\":{\"@id\":\"https:\/\/bobimarket.pl\/#website\"},\"datePublished\":\"2023-08-30T04:35:24+00:00\",\"dateModified\":\"2025-02-27T15:33:46+00:00\",\"breadcrumb\":{\"@id\":\"https:\/\/bobimarket.pl\/index.php\/produkt\/zylka-tnaca-do-kosy-podkaszarki-gwiazda-30mmx15m\/#breadcrumb\"},\"inLanguage\":\"pl-PL\",\"potentialAction\":[{\"@type\":\"ReadAction\",\"target\":[\"https:\/\/bobimarket.pl\/index.php\/produkt\/zylka-tnaca-do-kosy-podkaszarki-gwiazda-30mmx15m\/\"]}]},{\"@type\":\"BreadcrumbList\",\"@id\":\"https:\/\/bobimarket.pl\/index.php\/produkt\/zylka-tnaca-do-kosy-podkaszarki-gwiazda-30mmx15m\/#breadcrumb\",\"itemListElement\":[{\"@type\":\"ListItem\",\"position\":1,\"name\":\"Strona g\u0142\u00f3wna\",\"item\":\"https:\/\/bobimarket.pl\/\"},{\"@type\":\"ListItem\",\"position\":2,\"name\":\"Sklep\",\"item\":\"https:\/\/bobimarket.pl\/index.php\/shop\/\"},{\"@type\":\"ListItem\",\"position\":3,\"name\":\"\u017bY\u0141KA TN\u0104CA DO KOSY PODKASZARKI GWIAZDA 3,0mmx15M\"}]},{\"@type\":\"WebSite\",\"@id\":\"https:\/\/bobimarket.pl\/#website\",\"url\":\"https:\/\/bobimarket.pl\/\",\"name\":\"BOBIMARKET.pl - Remontuj i urz\u0105dzaj z nami\",\"description\":\"Remontuj i urz\u0105dzaj z nami\",\"publisher\":{\"@id\":\"https:\/\/bobimarket.pl\/#organization\"},\"potentialAction\":[{\"@type\":\"SearchAction\",\"target\":{\"@type\":\"EntryPoint\",\"urlTemplate\":\"https:\/\/bobimarket.pl\/?s={search_term_string}\"},\"query-input\":\"required name=search_term_string\"}],\"inLanguage\":\"pl-PL\"},{\"@type\":\"Organization\",\"@id\":\"https:\/\/bobimarket.pl\/#organization\",\"name\":\"BOBIMARKET.pl\",\"url\":\"https:\/\/bobimarket.pl\/\",\"logo\":{\"@type\":\"ImageObject\",\"inLanguage\":\"pl-PL\",\"@id\":\"https:\/\/bobimarket.pl\/#\/schema\/logo\/image\/\",\"url\":\"https:\/\/bobimarket.pl\/wp-content\/uploads\/2021\/11\/slogan.png\",\"contentUrl\":\"https:\/\/bobimarket.pl\/wp-content\/uploads\/2021\/11\/slogan.png\",\"width\":2000,\"height\":384,\"caption\":\"BOBIMARKET.pl\"},\"image\":{\"@id\":\"https:\/\/bobimarket.pl\/#\/schema\/logo\/image\/\"}}]}<\/script>\n<!-- \/ Yoast SEO plugin. -->","yoast_head_json":{"title":"\u017bY\u0141KA TN\u0104CA DO KOSY PODKASZARKI GWIAZDA 3,0mmx15M - BOBIMARKET.pl - Remontuj i urz\u0105dzaj z nami","robots":{"index":"index","follow":"follow","max-snippet":"max-snippet:-1","max-image-preview":"max-image-preview:large","max-video-preview":"max-video-preview:-1"},"canonical":"https:\/\/bobimarket.pl\/index.php\/produkt\/zylka-tnaca-do-kosy-podkaszarki-gwiazda-30mmx15m\/","og_locale":"pl_PL","og_type":"article","og_title":"\u017bY\u0141KA TN\u0104CA DO KOSY PODKASZARKI GWIAZDA 3,0mmx15M - BOBIMARKET.pl - Remontuj i urz\u0105dzaj z nami","og_description":"\u017bY\u0141KA TN\u0104CA DO KOSY PODKASZARKI GWIAZDA 3,0mmx15M Informacje og\u00f3lne: \u015arednica: 3,0 mm D\u0142ugo\u015b\u0107: 15 m Przekr\u00f3j linki: gwiazda UWAGA! Kolor \u017cy\u0142ki mo\u017ce si\u0119 r\u00f3\u017cni\u0107 w zale\u017cno\u015bci od dostawy! Kolor wybieramy losowo. Wysoka wydajno\u015b\u0107 koszenia! \u017by\u0142ka przeznaczona do kos i podkaszarek. Produkt wykonany z materia\u0142\u00f3w, kt\u00f3re charakteryzuj\u0105 si\u0119 wytrzyma\u0142o\u015bci\u0105 na \u015bcieranie. \u017by\u0142ki o grubo\u015bci powy\u017cej 2,7     Czytaj wi\u0119cej \"\u017bY\u0141KA TN\u0104CA DO KOSY PODKASZARKI GWIAZDA 3,0mmx15M\"","og_url":"https:\/\/bobimarket.pl\/index.php\/produkt\/zylka-tnaca-do-kosy-podkaszarki-gwiazda-30mmx15m\/","og_site_name":"BOBIMARKET.pl - Remontuj i urz\u0105dzaj z nami","article_modified_time":"2025-02-27T15:33:46+00:00","og_image":[{"url":"https:\/\/upload.cdn.baselinker.com\/products\/14476\/c4390315a9194711c12ca0a88d82d42e.jpg"}],"twitter_card":"summary_large_image","twitter_misc":{"Szacowany czas czytania":"1 minuta"},"schema":{"@context":"https:\/\/schema.org","@graph":[{"@type":"WebPage","@id":"https:\/\/bobimarket.pl\/index.php\/produkt\/zylka-tnaca-do-kosy-podkaszarki-gwiazda-30mmx15m\/","url":"https:\/\/bobimarket.pl\/index.php\/produkt\/zylka-tnaca-do-kosy-podkaszarki-gwiazda-30mmx15m\/","name":"\u017bY\u0141KA TN\u0104CA DO KOSY PODKASZARKI GWIAZDA 3,0mmx15M - BOBIMARKET.pl - Remontuj i urz\u0105dzaj z nami","isPartOf":{"@id":"https:\/\/bobimarket.pl\/#website"},"datePublished":"2023-08-30T04:35:24+00:00","dateModified":"2025-02-27T15:33:46+00:00","breadcrumb":{"@id":"https:\/\/bobimarket.pl\/index.php\/produkt\/zylka-tnaca-do-kosy-podkaszarki-gwiazda-30mmx15m\/#breadcrumb"},"inLanguage":"pl-PL","potentialAction":[{"@type":"ReadAction","target":["https:\/\/bobimarket.pl\/index.php\/produkt\/zylka-tnaca-do-kosy-podkaszarki-gwiazda-30mmx15m\/"]}]},{"@type":"BreadcrumbList","@id":"https:\/\/bobimarket.pl\/index.php\/produkt\/zylka-tnaca-do-kosy-podkaszarki-gwiazda-30mmx15m\/#breadcrumb","itemListElement":[{"@type":"ListItem","position":1,"name":"Strona g\u0142\u00f3wna","item":"https:\/\/bobimarket.pl\/"},{"@type":"ListItem","position":2,"name":"Sklep","item":"https:\/\/bobimarket.pl\/index.php\/shop\/"},{"@type":"ListItem","position":3,"name":"\u017bY\u0141KA TN\u0104CA DO KOSY PODKASZARKI GWIAZDA 3,0mmx15M"}]},{"@type":"WebSite","@id":"https:\/\/bobimarket.pl\/#website","url":"https:\/\/bobimarket.pl\/","name":"BOBIMARKET.pl - Remontuj i urz\u0105dzaj z nami","description":"Remontuj i urz\u0105dzaj z nami","publisher":{"@id":"https:\/\/bobimarket.pl\/#organization"},"potentialAction":[{"@type":"SearchAction","target":{"@type":"EntryPoint","urlTemplate":"https:\/\/bobimarket.pl\/?s={search_term_string}"},"query-input":"required name=search_term_string"}],"inLanguage":"pl-PL"},{"@type":"Organization","@id":"https:\/\/bobimarket.pl\/#organization","name":"BOBIMARKET.pl","url":"https:\/\/bobimarket.pl\/","logo":{"@type":"ImageObject","inLanguage":"pl-PL","@id":"https:\/\/bobimarket.pl\/#\/schema\/logo\/image\/","url":"https:\/\/bobimarket.pl\/wp-content\/uploads\/2021\/11\/slogan.png","contentUrl":"https:\/\/bobimarket.pl\/wp-content\/uploads\/2021\/11\/slogan.png","width":2000,"height":384,"caption":"BOBIMARKET.pl"},"image":{"@id":"https:\/\/bobimarket.pl\/#\/schema\/logo\/image\/"}}]}},"_links":{"self":[{"href":"https:\/\/bobimarket.pl\/index.php\/wp-json\/wp\/v2\/product\/90592"}],"collection":[{"href":"https:\/\/bobimarket.pl\/index.php\/wp-json\/wp\/v2\/product"}],"about":[{"href":"https:\/\/bobimarket.pl\/index.php\/wp-json\/wp\/v2\/types\/product"}],"wp:featuredmedia":[{"embeddable":true,"href":"https:\/\/bobimarket.pl\/index.php\/wp-json\/wp\/v2\/media\/90587"}],"wp:attachment":[{"href":"https:\/\/bobimarket.pl\/index.php\/wp-json\/wp\/v2\/media?parent=90592"}],"wp:term":[{"taxonomy":"product_cat","embeddable":true,"href":"https:\/\/bobimarket.pl\/index.php\/wp-json\/wp\/v2\/product_cat?post=90592"},{"taxonomy":"product_tag","embeddable":true,"href":"https:\/\/bobimarket.pl\/index.php\/wp-json\/wp\/v2\/product_tag?post=90592"}],"curies":[{"name":"wp","href":"https:\/\/api.w.org\/{rel}","templated":true}]}}