{"id":90632,"date":"2023-08-30T04:38:55","date_gmt":"2023-08-30T04:38:55","guid":{"rendered":"https:\/\/bobimarket.pl\/index.php\/produkt\/ostrza-do-noza-wymienne-lamane-25-mm-10-szt\/"},"modified":"2025-02-27T15:34:12","modified_gmt":"2025-02-27T15:34:12","slug":"ostrza-do-noza-wymienne-lamane-25-mm-10-szt","status":"publish","type":"product","link":"https:\/\/bobimarket.pl\/index.php\/produkt\/ostrza-do-noza-wymienne-lamane-25-mm-10-szt\/","title":{"rendered":"OSTRZA DO NO\u017bA WYMIENNE \u0141AMANE 25 MM 10 SZT"},"content":{"rendered":"<section class=\"section\">\n<div class=\"item item-6\">\n<section class=\"image-item\">\n            <img decoding=\"async\" src=\"https:\/\/upload.cdn.baselinker.com\/products\/14476\/dcebd57eb6fd0ab5944ba662337ac237.jpg\" \/><br \/>\n        <\/section>\n<\/p><\/div>\n<div class=\"item item-6\">\n<section class=\"text-item\">\n<h1>OSTRZA DO NO\u017bA WYMIENNE \u0141AMANE 25MM 10 SZT<\/h1>\n<p><b>Dane techniczne:<\/b><\/p>\n<ul>\n<li>Rozmiar:<b> 25 mm<\/b><\/li>\n<li>Materia\u0142: <b>stal SK4<\/b><\/li>\n<li>Szlif trzyfazowy<\/li>\n<li>Opakowanie zawiera <b>10 szt.<\/b><\/li>\n<li>6 segment\u00f3w roboczych<\/li>\n<li>Plastikowe opakowanie<\/li>\n<\/ul>\n<\/section><\/div>\n<\/section>\n<section class=\"section\">\n<div class=\"item item-6\">\n<section class=\"image-item\">\n            <img decoding=\"async\" src=\"https:\/\/upload.cdn.baselinker.com\/products\/14476\/b85d571f6ea6a131b4fee883c5bfe297.jpg\" \/><br \/>\n        <\/section>\n<\/p><\/div>\n<div class=\"item item-6\">\n<section class=\"text-item\">\n<p><b>Klasyczne wymienne ostrza do no\u017ca!<\/b><\/p>\n<p>Solidne wymienne ostrza do no\u017cy wykonane se stali SK4. Ostrza te charakteryzuj\u0105 si\u0119 podwy\u017cszon\u0105 jako\u015bci\u0105 i ostro\u015bci\u0105.<\/p>\n<ul>\n<li>Wyposa\u017cone w<b> 6 segment\u00f3w roboczych<\/b> &#8211; zu\u017cyty segment nale\u017cy od\u0142ama\u0107, aby otrzyma\u0107 now\u0105 ostr\u0105 kraw\u0119d\u017a tn\u0105c\u0105.<\/li>\n<li><b>Uko\u015bne zako\u0144czenie<\/b> u\u0142atwia precyzyjne ci\u0119cie.<\/li>\n<li>Ostrza znajduj\u0105cych si\u0119 w wygodny plastikowym opakowaniu, u\u0142awiaj\u0105cym przechowywanie. Zestaw zawiera <b>10 szt. ostrzy.<\/b><\/li>\n<\/ul>\n<\/section><\/div>\n<\/section>\n<section class=\"section\">\n<div class=\"item item-6\">\n<section class=\"image-item\">\n            <img decoding=\"async\" src=\"https:\/\/upload.cdn.baselinker.com\/products\/14476\/ba099b9eae9e8ec030712b74c0f6bc57.jpg\" \/><br \/>\n        <\/section>\n<\/p><\/div>\n<div class=\"item item-6\">\n<section class=\"text-item\">\n<p><b>\u2705 Zastosowanie:<\/b><\/p>\n<p>\u0141amane ostrza segmentowe maj\u0105 wszechstronne zastosowanie. \u015awietnie sprawdz\u0105 si\u0119 do ci\u0119cia mi\u0119kkich materia\u0142\u00f3w ( np. kartonu, papieru, korka, sznurk\u00f3w, ta\u015bmy, tkaniny, styropian).<\/p>\n<p>Sprawdz\u0105 si\u0119 podczas wszelkich prac:<\/p>\n<ul>\n<li>w warsztacie<\/li>\n<li>budowlanych<\/li>\n<li>wyko\u0144czeniowych<\/li>\n<li>remontowych<\/li>\n<li>artystycznych i DIY<\/li>\n<li>na magazynach<\/li>\n<\/ul>\n<\/section><\/div>\n<\/section>\n","protected":false},"excerpt":{"rendered":"<p>OSTRZA DO NO\u017bA WYMIENNE \u0141AMANE 25MM 10 SZT Dane techniczne: Rozmiar: 25 mm Materia\u0142: stal SK4 Szlif trzyfazowy Opakowanie zawiera 10 szt. 6 segment\u00f3w roboczych Plastikowe opakowanie Klasyczne wymienne ostrza do no\u017ca! Solidne wymienne ostrza do no\u017cy wykonane se stali SK4. Ostrza te charakteryzuj\u0105 si\u0119 podwy\u017cszon\u0105 jako\u015bci\u0105 i ostro\u015bci\u0105. Wyposa\u017cone w 6 segment\u00f3w roboczych &#8211;<br \/><a class=\"more-link\" href=\"https:\/\/bobimarket.pl\/index.php\/produkt\/ostrza-do-noza-wymienne-lamane-25-mm-10-szt\/\"><br \/>\n        Czytaj wi\u0119cej<span class=\"screen-reader-text\"> &#8222;OSTRZA DO NO\u017bA WYMIENNE \u0141AMANE 25 MM 10 SZT&#8221;<\/span><\/a><\/p>\n","protected":false},"featured_media":90628,"template":"","meta":[],"product_cat":[8259],"product_tag":[],"yoast_head":"<!-- This site is optimized with the Yoast SEO plugin v21.0 - https:\/\/yoast.com\/wordpress\/plugins\/seo\/ -->\n<title>OSTRZA DO NO\u017bA WYMIENNE \u0141AMANE 25 MM 10 SZT - BOBIMARKET.pl - Remontuj i urz\u0105dzaj z nami<\/title>\n<meta name=\"robots\" content=\"index, follow, max-snippet:-1, max-image-preview:large, max-video-preview:-1\" \/>\n<link rel=\"canonical\" href=\"https:\/\/bobimarket.pl\/index.php\/produkt\/ostrza-do-noza-wymienne-lamane-25-mm-10-szt\/\" \/>\n<meta property=\"og:locale\" content=\"pl_PL\" \/>\n<meta property=\"og:type\" content=\"article\" \/>\n<meta property=\"og:title\" content=\"OSTRZA DO NO\u017bA WYMIENNE \u0141AMANE 25 MM 10 SZT - BOBIMARKET.pl - Remontuj i urz\u0105dzaj z nami\" \/>\n<meta property=\"og:description\" content=\"OSTRZA DO NO\u017bA WYMIENNE \u0141AMANE 25MM 10 SZT Dane techniczne: Rozmiar: 25 mm Materia\u0142: stal SK4 Szlif trzyfazowy Opakowanie zawiera 10 szt. 6 segment\u00f3w roboczych Plastikowe opakowanie Klasyczne wymienne ostrza do no\u017ca! Solidne wymienne ostrza do no\u017cy wykonane se stali SK4. Ostrza te charakteryzuj\u0105 si\u0119 podwy\u017cszon\u0105 jako\u015bci\u0105 i ostro\u015bci\u0105. Wyposa\u017cone w 6 segment\u00f3w roboczych &#8211;     Czytaj wi\u0119cej &quot;OSTRZA DO NO\u017bA WYMIENNE \u0141AMANE 25 MM 10 SZT&quot;\" \/>\n<meta property=\"og:url\" content=\"https:\/\/bobimarket.pl\/index.php\/produkt\/ostrza-do-noza-wymienne-lamane-25-mm-10-szt\/\" \/>\n<meta property=\"og:site_name\" content=\"BOBIMARKET.pl - Remontuj i urz\u0105dzaj z nami\" \/>\n<meta property=\"article:modified_time\" content=\"2025-02-27T15:34:12+00:00\" \/>\n<meta property=\"og:image\" content=\"https:\/\/upload.cdn.baselinker.com\/products\/14476\/dcebd57eb6fd0ab5944ba662337ac237.jpg\" \/>\n<meta name=\"twitter:card\" content=\"summary_large_image\" \/>\n<meta name=\"twitter:label1\" content=\"Szacowany czas czytania\" \/>\n\t<meta name=\"twitter:data1\" content=\"1 minuta\" \/>\n<script type=\"application\/ld+json\" class=\"yoast-schema-graph\">{\"@context\":\"https:\/\/schema.org\",\"@graph\":[{\"@type\":\"WebPage\",\"@id\":\"https:\/\/bobimarket.pl\/index.php\/produkt\/ostrza-do-noza-wymienne-lamane-25-mm-10-szt\/\",\"url\":\"https:\/\/bobimarket.pl\/index.php\/produkt\/ostrza-do-noza-wymienne-lamane-25-mm-10-szt\/\",\"name\":\"OSTRZA DO NO\u017bA WYMIENNE \u0141AMANE 25 MM 10 SZT - BOBIMARKET.pl - Remontuj i urz\u0105dzaj z nami\",\"isPartOf\":{\"@id\":\"https:\/\/bobimarket.pl\/#website\"},\"datePublished\":\"2023-08-30T04:38:55+00:00\",\"dateModified\":\"2025-02-27T15:34:12+00:00\",\"breadcrumb\":{\"@id\":\"https:\/\/bobimarket.pl\/index.php\/produkt\/ostrza-do-noza-wymienne-lamane-25-mm-10-szt\/#breadcrumb\"},\"inLanguage\":\"pl-PL\",\"potentialAction\":[{\"@type\":\"ReadAction\",\"target\":[\"https:\/\/bobimarket.pl\/index.php\/produkt\/ostrza-do-noza-wymienne-lamane-25-mm-10-szt\/\"]}]},{\"@type\":\"BreadcrumbList\",\"@id\":\"https:\/\/bobimarket.pl\/index.php\/produkt\/ostrza-do-noza-wymienne-lamane-25-mm-10-szt\/#breadcrumb\",\"itemListElement\":[{\"@type\":\"ListItem\",\"position\":1,\"name\":\"Strona g\u0142\u00f3wna\",\"item\":\"https:\/\/bobimarket.pl\/\"},{\"@type\":\"ListItem\",\"position\":2,\"name\":\"Sklep\",\"item\":\"https:\/\/bobimarket.pl\/index.php\/shop\/\"},{\"@type\":\"ListItem\",\"position\":3,\"name\":\"OSTRZA DO NO\u017bA WYMIENNE \u0141AMANE 25 MM 10 SZT\"}]},{\"@type\":\"WebSite\",\"@id\":\"https:\/\/bobimarket.pl\/#website\",\"url\":\"https:\/\/bobimarket.pl\/\",\"name\":\"BOBIMARKET.pl - Remontuj i urz\u0105dzaj z nami\",\"description\":\"Remontuj i urz\u0105dzaj z nami\",\"publisher\":{\"@id\":\"https:\/\/bobimarket.pl\/#organization\"},\"potentialAction\":[{\"@type\":\"SearchAction\",\"target\":{\"@type\":\"EntryPoint\",\"urlTemplate\":\"https:\/\/bobimarket.pl\/?s={search_term_string}\"},\"query-input\":\"required name=search_term_string\"}],\"inLanguage\":\"pl-PL\"},{\"@type\":\"Organization\",\"@id\":\"https:\/\/bobimarket.pl\/#organization\",\"name\":\"BOBIMARKET.pl\",\"url\":\"https:\/\/bobimarket.pl\/\",\"logo\":{\"@type\":\"ImageObject\",\"inLanguage\":\"pl-PL\",\"@id\":\"https:\/\/bobimarket.pl\/#\/schema\/logo\/image\/\",\"url\":\"https:\/\/bobimarket.pl\/wp-content\/uploads\/2021\/11\/slogan.png\",\"contentUrl\":\"https:\/\/bobimarket.pl\/wp-content\/uploads\/2021\/11\/slogan.png\",\"width\":2000,\"height\":384,\"caption\":\"BOBIMARKET.pl\"},\"image\":{\"@id\":\"https:\/\/bobimarket.pl\/#\/schema\/logo\/image\/\"}}]}<\/script>\n<!-- \/ Yoast SEO plugin. -->","yoast_head_json":{"title":"OSTRZA DO NO\u017bA WYMIENNE \u0141AMANE 25 MM 10 SZT - BOBIMARKET.pl - Remontuj i urz\u0105dzaj z nami","robots":{"index":"index","follow":"follow","max-snippet":"max-snippet:-1","max-image-preview":"max-image-preview:large","max-video-preview":"max-video-preview:-1"},"canonical":"https:\/\/bobimarket.pl\/index.php\/produkt\/ostrza-do-noza-wymienne-lamane-25-mm-10-szt\/","og_locale":"pl_PL","og_type":"article","og_title":"OSTRZA DO NO\u017bA WYMIENNE \u0141AMANE 25 MM 10 SZT - BOBIMARKET.pl - Remontuj i urz\u0105dzaj z nami","og_description":"OSTRZA DO NO\u017bA WYMIENNE \u0141AMANE 25MM 10 SZT Dane techniczne: Rozmiar: 25 mm Materia\u0142: stal SK4 Szlif trzyfazowy Opakowanie zawiera 10 szt. 6 segment\u00f3w roboczych Plastikowe opakowanie Klasyczne wymienne ostrza do no\u017ca! Solidne wymienne ostrza do no\u017cy wykonane se stali SK4. Ostrza te charakteryzuj\u0105 si\u0119 podwy\u017cszon\u0105 jako\u015bci\u0105 i ostro\u015bci\u0105. Wyposa\u017cone w 6 segment\u00f3w roboczych &#8211;     Czytaj wi\u0119cej \"OSTRZA DO NO\u017bA WYMIENNE \u0141AMANE 25 MM 10 SZT\"","og_url":"https:\/\/bobimarket.pl\/index.php\/produkt\/ostrza-do-noza-wymienne-lamane-25-mm-10-szt\/","og_site_name":"BOBIMARKET.pl - Remontuj i urz\u0105dzaj z nami","article_modified_time":"2025-02-27T15:34:12+00:00","og_image":[{"url":"https:\/\/upload.cdn.baselinker.com\/products\/14476\/dcebd57eb6fd0ab5944ba662337ac237.jpg"}],"twitter_card":"summary_large_image","twitter_misc":{"Szacowany czas czytania":"1 minuta"},"schema":{"@context":"https:\/\/schema.org","@graph":[{"@type":"WebPage","@id":"https:\/\/bobimarket.pl\/index.php\/produkt\/ostrza-do-noza-wymienne-lamane-25-mm-10-szt\/","url":"https:\/\/bobimarket.pl\/index.php\/produkt\/ostrza-do-noza-wymienne-lamane-25-mm-10-szt\/","name":"OSTRZA DO NO\u017bA WYMIENNE \u0141AMANE 25 MM 10 SZT - BOBIMARKET.pl - Remontuj i urz\u0105dzaj z nami","isPartOf":{"@id":"https:\/\/bobimarket.pl\/#website"},"datePublished":"2023-08-30T04:38:55+00:00","dateModified":"2025-02-27T15:34:12+00:00","breadcrumb":{"@id":"https:\/\/bobimarket.pl\/index.php\/produkt\/ostrza-do-noza-wymienne-lamane-25-mm-10-szt\/#breadcrumb"},"inLanguage":"pl-PL","potentialAction":[{"@type":"ReadAction","target":["https:\/\/bobimarket.pl\/index.php\/produkt\/ostrza-do-noza-wymienne-lamane-25-mm-10-szt\/"]}]},{"@type":"BreadcrumbList","@id":"https:\/\/bobimarket.pl\/index.php\/produkt\/ostrza-do-noza-wymienne-lamane-25-mm-10-szt\/#breadcrumb","itemListElement":[{"@type":"ListItem","position":1,"name":"Strona g\u0142\u00f3wna","item":"https:\/\/bobimarket.pl\/"},{"@type":"ListItem","position":2,"name":"Sklep","item":"https:\/\/bobimarket.pl\/index.php\/shop\/"},{"@type":"ListItem","position":3,"name":"OSTRZA DO NO\u017bA WYMIENNE \u0141AMANE 25 MM 10 SZT"}]},{"@type":"WebSite","@id":"https:\/\/bobimarket.pl\/#website","url":"https:\/\/bobimarket.pl\/","name":"BOBIMARKET.pl - Remontuj i urz\u0105dzaj z nami","description":"Remontuj i urz\u0105dzaj z nami","publisher":{"@id":"https:\/\/bobimarket.pl\/#organization"},"potentialAction":[{"@type":"SearchAction","target":{"@type":"EntryPoint","urlTemplate":"https:\/\/bobimarket.pl\/?s={search_term_string}"},"query-input":"required name=search_term_string"}],"inLanguage":"pl-PL"},{"@type":"Organization","@id":"https:\/\/bobimarket.pl\/#organization","name":"BOBIMARKET.pl","url":"https:\/\/bobimarket.pl\/","logo":{"@type":"ImageObject","inLanguage":"pl-PL","@id":"https:\/\/bobimarket.pl\/#\/schema\/logo\/image\/","url":"https:\/\/bobimarket.pl\/wp-content\/uploads\/2021\/11\/slogan.png","contentUrl":"https:\/\/bobimarket.pl\/wp-content\/uploads\/2021\/11\/slogan.png","width":2000,"height":384,"caption":"BOBIMARKET.pl"},"image":{"@id":"https:\/\/bobimarket.pl\/#\/schema\/logo\/image\/"}}]}},"_links":{"self":[{"href":"https:\/\/bobimarket.pl\/index.php\/wp-json\/wp\/v2\/product\/90632"}],"collection":[{"href":"https:\/\/bobimarket.pl\/index.php\/wp-json\/wp\/v2\/product"}],"about":[{"href":"https:\/\/bobimarket.pl\/index.php\/wp-json\/wp\/v2\/types\/product"}],"wp:featuredmedia":[{"embeddable":true,"href":"https:\/\/bobimarket.pl\/index.php\/wp-json\/wp\/v2\/media\/90628"}],"wp:attachment":[{"href":"https:\/\/bobimarket.pl\/index.php\/wp-json\/wp\/v2\/media?parent=90632"}],"wp:term":[{"taxonomy":"product_cat","embeddable":true,"href":"https:\/\/bobimarket.pl\/index.php\/wp-json\/wp\/v2\/product_cat?post=90632"},{"taxonomy":"product_tag","embeddable":true,"href":"https:\/\/bobimarket.pl\/index.php\/wp-json\/wp\/v2\/product_tag?post=90632"}],"curies":[{"name":"wp","href":"https:\/\/api.w.org\/{rel}","templated":true}]}}