{"id":90649,"date":"2023-08-30T04:39:44","date_gmt":"2023-08-30T04:39:44","guid":{"rendered":"https:\/\/bobimarket.pl\/index.php\/produkt\/stojak-na-recznik-papierowy-kuchenny-papier-metal\/"},"modified":"2025-02-27T15:34:27","modified_gmt":"2025-02-27T15:34:27","slug":"stojak-na-recznik-papierowy-kuchenny-papier-metal","status":"publish","type":"product","link":"https:\/\/bobimarket.pl\/index.php\/produkt\/stojak-na-recznik-papierowy-kuchenny-papier-metal\/","title":{"rendered":"STOJAK NA R\u0118CZNIK PAPIEROWY KUCHENNY PAPIER METAL"},"content":{"rendered":"<section class=\"section\">\n<div class=\"item item-6\">\n<section class=\"text-item\">\n<h2>STOJAK NA R\u0118CZNIK PAPIEROWY KUCHENNY PAPIER METAL<\/h2>\n<p><b>Informacje og\u00f3lne: <\/b><\/p>\n<ul>\n<li>Szczero\u015b\u0107 ca\u0142kowita: <b>15,5 cm <\/b><\/li>\n<li>\u015arednica miejsca na papier:<b> 13,5<\/b><\/li>\n<li>Wysoko\u015b\u0107 ca\u0142kowita:<b> 27 cm <\/b><\/li>\n<li>Materia\u0142:<b> metal<\/b><\/li>\n<li>Kolor:<b> czarny <\/b><\/li>\n<\/ul>\n<\/section><\/div>\n<div class=\"item item-6\">\n<section class=\"image-item\">\n                <img decoding=\"async\" src=\"https:\/\/upload.cdn.baselinker.com\/products\/14476\/5b57ead631eb0356ef23f7211946571a.jpg\"><br \/>\n            <\/section>\n<\/p><\/div>\n<\/section>\n<section class=\"section\">\n<div class=\"item item-6\">\n<section class=\"image-item\">\n                <img decoding=\"async\" src=\"https:\/\/upload.cdn.baselinker.com\/products\/14476\/bafb0700bec3f36ae559682caa40d47a.jpg\"><br \/>\n            <\/section>\n<\/p><\/div>\n<div class=\"item item-6\">\n<section class=\"text-item\">\n<h2>Minimalistyczny gad\u017cet do Twojego domu!<\/h2>\n<p>Elegancki i klasyczny stojak na <b>r\u0119cznik kuchenny. <\/b>Wykonany <b>z metalu pokryty czarn\u0105 farb\u0105<\/b>.&nbsp; Elegancki design oraz \u0142adne wykonanie sprawi\u0105 \u017ce \u0142atwo wkomponuj\u0119 si\u0119 w ka\u017cde wn\u0119trze.<\/p>\n<ul>\n<li>Praktyczny i funkcjonalny element wyposa\u017cenia.<\/li>\n<li>Idealnie wkomponuje si\u0119 w ka\u017cde wn\u0119trze.<\/li>\n<li>Solidnie wykonany i stabilny.<\/li>\n<\/ul>\n<\/section><\/div>\n<\/section>\n<section class=\"section\">\n<div class=\"item item-6\">\n<section class=\"text-item\">\n<h2>Dodaj charakteru swojej kuchni!<\/h2>\n<p>Elegancki i praktyczny<b> dodatek do ka\u017cdej kuchni<\/b>, kt\u00f3ry b\u0119dzie idealnie komponowa\u0142 si\u0119 z reszt\u0105 element\u00f3w wyposa\u017cenia. Stojak jest lekki i por\u0119czny, w \u0142atwy spos\u00f3b mo\u017cesz go przenie\u015b\u0107 w dowolnie wybrane miejsc.<\/p>\n<p>\u2705 Stojak uzupe\u0142niony o r\u0119cznik papierowy to <b>doskonali pomocnicy<\/b> podczas wykonywania codziennych czynno\u015bci.&nbsp; Pomog\u0105 <b>w utrzymaniu czysto\u015bci<\/b> na blacie kuchennym. Przydadz\u0105 si\u0119 podczas gotowania, mycia naczy\u0144 lub innych prac porz\u0105dkowych.<\/p>\n<p>\u2705 Stojak stanowi <b>u\u0142atwienie w \u017cyciu codziennym<\/b>. Ponadto mo\u017ce s\u0142u\u017cy\u0107 jako element dekoracyjny.<\/p>\n<\/section><\/div>\n<div class=\"item item-6\">\n<section class=\"image-item\">\n                <img decoding=\"async\" src=\"https:\/\/upload.cdn.baselinker.com\/products\/14476\/8d33287b8c66b86699bb2c76e438453f.jpg\"><br \/>\n            <\/section>\n<\/p><\/div>\n<\/section>\n","protected":false},"excerpt":{"rendered":"<p>STOJAK NA R\u0118CZNIK PAPIEROWY KUCHENNY PAPIER METAL Informacje og\u00f3lne: Szczero\u015b\u0107 ca\u0142kowita: 15,5 cm \u015arednica miejsca na papier: 13,5 Wysoko\u015b\u0107 ca\u0142kowita: 27 cm Materia\u0142: metal Kolor: czarny Minimalistyczny gad\u017cet do Twojego domu! Elegancki i klasyczny stojak na r\u0119cznik kuchenny. Wykonany z metalu pokryty czarn\u0105 farb\u0105.&nbsp; Elegancki design oraz \u0142adne wykonanie sprawi\u0105 \u017ce \u0142atwo wkomponuj\u0119 si\u0119 w<br \/><a class=\"more-link\" href=\"https:\/\/bobimarket.pl\/index.php\/produkt\/stojak-na-recznik-papierowy-kuchenny-papier-metal\/\"><br \/>\n        Czytaj wi\u0119cej<span class=\"screen-reader-text\"> &#8222;STOJAK NA R\u0118CZNIK PAPIEROWY KUCHENNY PAPIER METAL&#8221;<\/span><\/a><\/p>\n","protected":false},"featured_media":90645,"template":"","meta":[],"product_cat":[8096],"product_tag":[],"yoast_head":"<!-- This site is optimized with the Yoast SEO plugin v21.0 - https:\/\/yoast.com\/wordpress\/plugins\/seo\/ -->\n<title>STOJAK NA R\u0118CZNIK PAPIEROWY KUCHENNY PAPIER METAL - BOBIMARKET.pl - Remontuj i urz\u0105dzaj z nami<\/title>\n<meta name=\"robots\" content=\"index, follow, max-snippet:-1, max-image-preview:large, max-video-preview:-1\" \/>\n<link rel=\"canonical\" href=\"https:\/\/bobimarket.pl\/index.php\/produkt\/stojak-na-recznik-papierowy-kuchenny-papier-metal\/\" \/>\n<meta property=\"og:locale\" content=\"pl_PL\" \/>\n<meta property=\"og:type\" content=\"article\" \/>\n<meta property=\"og:title\" content=\"STOJAK NA R\u0118CZNIK PAPIEROWY KUCHENNY PAPIER METAL - BOBIMARKET.pl - Remontuj i urz\u0105dzaj z nami\" \/>\n<meta property=\"og:description\" content=\"STOJAK NA R\u0118CZNIK PAPIEROWY KUCHENNY PAPIER METAL Informacje og\u00f3lne: Szczero\u015b\u0107 ca\u0142kowita: 15,5 cm \u015arednica miejsca na papier: 13,5 Wysoko\u015b\u0107 ca\u0142kowita: 27 cm Materia\u0142: metal Kolor: czarny Minimalistyczny gad\u017cet do Twojego domu! Elegancki i klasyczny stojak na r\u0119cznik kuchenny. Wykonany z metalu pokryty czarn\u0105 farb\u0105.&nbsp; Elegancki design oraz \u0142adne wykonanie sprawi\u0105 \u017ce \u0142atwo wkomponuj\u0119 si\u0119 w     Czytaj wi\u0119cej &quot;STOJAK NA R\u0118CZNIK PAPIEROWY KUCHENNY PAPIER METAL&quot;\" \/>\n<meta property=\"og:url\" content=\"https:\/\/bobimarket.pl\/index.php\/produkt\/stojak-na-recznik-papierowy-kuchenny-papier-metal\/\" \/>\n<meta property=\"og:site_name\" content=\"BOBIMARKET.pl - Remontuj i urz\u0105dzaj z nami\" \/>\n<meta property=\"article:modified_time\" content=\"2025-02-27T15:34:27+00:00\" \/>\n<meta property=\"og:image\" content=\"https:\/\/upload.cdn.baselinker.com\/products\/14476\/5b57ead631eb0356ef23f7211946571a.jpg\" \/>\n<meta name=\"twitter:card\" content=\"summary_large_image\" \/>\n<meta name=\"twitter:label1\" content=\"Szacowany czas czytania\" \/>\n\t<meta name=\"twitter:data1\" content=\"1 minuta\" \/>\n<script type=\"application\/ld+json\" class=\"yoast-schema-graph\">{\"@context\":\"https:\/\/schema.org\",\"@graph\":[{\"@type\":\"WebPage\",\"@id\":\"https:\/\/bobimarket.pl\/index.php\/produkt\/stojak-na-recznik-papierowy-kuchenny-papier-metal\/\",\"url\":\"https:\/\/bobimarket.pl\/index.php\/produkt\/stojak-na-recznik-papierowy-kuchenny-papier-metal\/\",\"name\":\"STOJAK NA R\u0118CZNIK PAPIEROWY KUCHENNY PAPIER METAL - BOBIMARKET.pl - Remontuj i urz\u0105dzaj z nami\",\"isPartOf\":{\"@id\":\"https:\/\/bobimarket.pl\/#website\"},\"datePublished\":\"2023-08-30T04:39:44+00:00\",\"dateModified\":\"2025-02-27T15:34:27+00:00\",\"breadcrumb\":{\"@id\":\"https:\/\/bobimarket.pl\/index.php\/produkt\/stojak-na-recznik-papierowy-kuchenny-papier-metal\/#breadcrumb\"},\"inLanguage\":\"pl-PL\",\"potentialAction\":[{\"@type\":\"ReadAction\",\"target\":[\"https:\/\/bobimarket.pl\/index.php\/produkt\/stojak-na-recznik-papierowy-kuchenny-papier-metal\/\"]}]},{\"@type\":\"BreadcrumbList\",\"@id\":\"https:\/\/bobimarket.pl\/index.php\/produkt\/stojak-na-recznik-papierowy-kuchenny-papier-metal\/#breadcrumb\",\"itemListElement\":[{\"@type\":\"ListItem\",\"position\":1,\"name\":\"Strona g\u0142\u00f3wna\",\"item\":\"https:\/\/bobimarket.pl\/\"},{\"@type\":\"ListItem\",\"position\":2,\"name\":\"Sklep\",\"item\":\"https:\/\/bobimarket.pl\/index.php\/shop\/\"},{\"@type\":\"ListItem\",\"position\":3,\"name\":\"STOJAK NA R\u0118CZNIK PAPIEROWY KUCHENNY PAPIER METAL\"}]},{\"@type\":\"WebSite\",\"@id\":\"https:\/\/bobimarket.pl\/#website\",\"url\":\"https:\/\/bobimarket.pl\/\",\"name\":\"BOBIMARKET.pl - Remontuj i urz\u0105dzaj z nami\",\"description\":\"Remontuj i urz\u0105dzaj z nami\",\"publisher\":{\"@id\":\"https:\/\/bobimarket.pl\/#organization\"},\"potentialAction\":[{\"@type\":\"SearchAction\",\"target\":{\"@type\":\"EntryPoint\",\"urlTemplate\":\"https:\/\/bobimarket.pl\/?s={search_term_string}\"},\"query-input\":\"required name=search_term_string\"}],\"inLanguage\":\"pl-PL\"},{\"@type\":\"Organization\",\"@id\":\"https:\/\/bobimarket.pl\/#organization\",\"name\":\"BOBIMARKET.pl\",\"url\":\"https:\/\/bobimarket.pl\/\",\"logo\":{\"@type\":\"ImageObject\",\"inLanguage\":\"pl-PL\",\"@id\":\"https:\/\/bobimarket.pl\/#\/schema\/logo\/image\/\",\"url\":\"https:\/\/bobimarket.pl\/wp-content\/uploads\/2021\/11\/slogan.png\",\"contentUrl\":\"https:\/\/bobimarket.pl\/wp-content\/uploads\/2021\/11\/slogan.png\",\"width\":2000,\"height\":384,\"caption\":\"BOBIMARKET.pl\"},\"image\":{\"@id\":\"https:\/\/bobimarket.pl\/#\/schema\/logo\/image\/\"}}]}<\/script>\n<!-- \/ Yoast SEO plugin. -->","yoast_head_json":{"title":"STOJAK NA R\u0118CZNIK PAPIEROWY KUCHENNY PAPIER METAL - BOBIMARKET.pl - Remontuj i urz\u0105dzaj z nami","robots":{"index":"index","follow":"follow","max-snippet":"max-snippet:-1","max-image-preview":"max-image-preview:large","max-video-preview":"max-video-preview:-1"},"canonical":"https:\/\/bobimarket.pl\/index.php\/produkt\/stojak-na-recznik-papierowy-kuchenny-papier-metal\/","og_locale":"pl_PL","og_type":"article","og_title":"STOJAK NA R\u0118CZNIK PAPIEROWY KUCHENNY PAPIER METAL - BOBIMARKET.pl - Remontuj i urz\u0105dzaj z nami","og_description":"STOJAK NA R\u0118CZNIK PAPIEROWY KUCHENNY PAPIER METAL Informacje og\u00f3lne: Szczero\u015b\u0107 ca\u0142kowita: 15,5 cm \u015arednica miejsca na papier: 13,5 Wysoko\u015b\u0107 ca\u0142kowita: 27 cm Materia\u0142: metal Kolor: czarny Minimalistyczny gad\u017cet do Twojego domu! Elegancki i klasyczny stojak na r\u0119cznik kuchenny. Wykonany z metalu pokryty czarn\u0105 farb\u0105.&nbsp; Elegancki design oraz \u0142adne wykonanie sprawi\u0105 \u017ce \u0142atwo wkomponuj\u0119 si\u0119 w     Czytaj wi\u0119cej \"STOJAK NA R\u0118CZNIK PAPIEROWY KUCHENNY PAPIER METAL\"","og_url":"https:\/\/bobimarket.pl\/index.php\/produkt\/stojak-na-recznik-papierowy-kuchenny-papier-metal\/","og_site_name":"BOBIMARKET.pl - Remontuj i urz\u0105dzaj z nami","article_modified_time":"2025-02-27T15:34:27+00:00","og_image":[{"url":"https:\/\/upload.cdn.baselinker.com\/products\/14476\/5b57ead631eb0356ef23f7211946571a.jpg"}],"twitter_card":"summary_large_image","twitter_misc":{"Szacowany czas czytania":"1 minuta"},"schema":{"@context":"https:\/\/schema.org","@graph":[{"@type":"WebPage","@id":"https:\/\/bobimarket.pl\/index.php\/produkt\/stojak-na-recznik-papierowy-kuchenny-papier-metal\/","url":"https:\/\/bobimarket.pl\/index.php\/produkt\/stojak-na-recznik-papierowy-kuchenny-papier-metal\/","name":"STOJAK NA R\u0118CZNIK PAPIEROWY KUCHENNY PAPIER METAL - BOBIMARKET.pl - Remontuj i urz\u0105dzaj z nami","isPartOf":{"@id":"https:\/\/bobimarket.pl\/#website"},"datePublished":"2023-08-30T04:39:44+00:00","dateModified":"2025-02-27T15:34:27+00:00","breadcrumb":{"@id":"https:\/\/bobimarket.pl\/index.php\/produkt\/stojak-na-recznik-papierowy-kuchenny-papier-metal\/#breadcrumb"},"inLanguage":"pl-PL","potentialAction":[{"@type":"ReadAction","target":["https:\/\/bobimarket.pl\/index.php\/produkt\/stojak-na-recznik-papierowy-kuchenny-papier-metal\/"]}]},{"@type":"BreadcrumbList","@id":"https:\/\/bobimarket.pl\/index.php\/produkt\/stojak-na-recznik-papierowy-kuchenny-papier-metal\/#breadcrumb","itemListElement":[{"@type":"ListItem","position":1,"name":"Strona g\u0142\u00f3wna","item":"https:\/\/bobimarket.pl\/"},{"@type":"ListItem","position":2,"name":"Sklep","item":"https:\/\/bobimarket.pl\/index.php\/shop\/"},{"@type":"ListItem","position":3,"name":"STOJAK NA R\u0118CZNIK PAPIEROWY KUCHENNY PAPIER METAL"}]},{"@type":"WebSite","@id":"https:\/\/bobimarket.pl\/#website","url":"https:\/\/bobimarket.pl\/","name":"BOBIMARKET.pl - Remontuj i urz\u0105dzaj z nami","description":"Remontuj i urz\u0105dzaj z nami","publisher":{"@id":"https:\/\/bobimarket.pl\/#organization"},"potentialAction":[{"@type":"SearchAction","target":{"@type":"EntryPoint","urlTemplate":"https:\/\/bobimarket.pl\/?s={search_term_string}"},"query-input":"required name=search_term_string"}],"inLanguage":"pl-PL"},{"@type":"Organization","@id":"https:\/\/bobimarket.pl\/#organization","name":"BOBIMARKET.pl","url":"https:\/\/bobimarket.pl\/","logo":{"@type":"ImageObject","inLanguage":"pl-PL","@id":"https:\/\/bobimarket.pl\/#\/schema\/logo\/image\/","url":"https:\/\/bobimarket.pl\/wp-content\/uploads\/2021\/11\/slogan.png","contentUrl":"https:\/\/bobimarket.pl\/wp-content\/uploads\/2021\/11\/slogan.png","width":2000,"height":384,"caption":"BOBIMARKET.pl"},"image":{"@id":"https:\/\/bobimarket.pl\/#\/schema\/logo\/image\/"}}]}},"_links":{"self":[{"href":"https:\/\/bobimarket.pl\/index.php\/wp-json\/wp\/v2\/product\/90649"}],"collection":[{"href":"https:\/\/bobimarket.pl\/index.php\/wp-json\/wp\/v2\/product"}],"about":[{"href":"https:\/\/bobimarket.pl\/index.php\/wp-json\/wp\/v2\/types\/product"}],"wp:featuredmedia":[{"embeddable":true,"href":"https:\/\/bobimarket.pl\/index.php\/wp-json\/wp\/v2\/media\/90645"}],"wp:attachment":[{"href":"https:\/\/bobimarket.pl\/index.php\/wp-json\/wp\/v2\/media?parent=90649"}],"wp:term":[{"taxonomy":"product_cat","embeddable":true,"href":"https:\/\/bobimarket.pl\/index.php\/wp-json\/wp\/v2\/product_cat?post=90649"},{"taxonomy":"product_tag","embeddable":true,"href":"https:\/\/bobimarket.pl\/index.php\/wp-json\/wp\/v2\/product_tag?post=90649"}],"curies":[{"name":"wp","href":"https:\/\/api.w.org\/{rel}","templated":true}]}}