{"id":90705,"date":"2023-08-30T04:43:07","date_gmt":"2023-08-30T04:43:07","guid":{"rendered":"https:\/\/bobimarket.pl\/index.php\/produkt\/opaski-zaciskowe-kablowe-czarne-7-2x380\/"},"modified":"2025-02-27T15:35:02","modified_gmt":"2025-02-27T15:35:02","slug":"opaski-zaciskowe-kablowe-czarne-7-2x380","status":"publish","type":"product","link":"https:\/\/bobimarket.pl\/index.php\/produkt\/opaski-zaciskowe-kablowe-czarne-7-2x380\/","title":{"rendered":"OPASKI ZACISKOWE KABLOWE CZARNE 7.2&#215;380"},"content":{"rendered":"<section class=\"section\">\n<div class=\"item item-6\">\n<section class=\"image-item\">\n            <img decoding=\"async\" src=\"https:\/\/upload.cdn.baselinker.com\/products\/14476\/a778dd92a1921b7da9f7fe2f69b69a61.jpg\" \/><br \/>\n        <\/section>\n<\/p><\/div>\n<div class=\"item item-6\">\n<section class=\"text-item\">\n<h2>OPASKI ZACISKOWE KABLOWE CZARNE 7.2&#215;380<\/h2>\n<p><b>Dane techniczne:<\/b><\/p>\n<ul>\n<li>Szeroko\u015b\u0107: <b>7,2<\/b> <b>mm<\/b><\/li>\n<li>D\u0142ugo\u015b\u0107:<b> 380 mm<\/b><\/li>\n<li>Kolor:<b> czarny<\/b><\/li>\n<li>Ilo\u015b\u0107:<b> 100 szt\u00a0<\/b>w opakowaniu<\/li>\n<li>Materia\u0142: <b>tworzywo<\/b><\/li>\n<li>\u015arednica wi\u0105zki: <b>4-100 mm<\/b><\/li>\n<li>Wytrzyma\u0142o\u015b\u0107: <b>55 kg<\/b><\/li>\n<li>Wytrzyma\u0142o\u015b\u0107 na UV<\/li>\n<li>Zapobiega erozji<\/li>\n<li>Odporno\u015b\u0107 na ciep\u0142o, CE, ROHS<\/li>\n<\/ul>\n<\/section><\/div>\n<\/section>\n<section class=\"section\">\n<div class=\"item item-6\">\n<section class=\"image-item\">\n            <img decoding=\"async\" src=\"https:\/\/upload.cdn.baselinker.com\/products\/14476\/53e8b6252746e3f1ddfeba8df85af32d.jpg\" \/><br \/>\n        <\/section>\n<\/p><\/div>\n<div class=\"item item-6\">\n<section class=\"text-item\">\n<h2>Niezb\u0119dny element wyposa\u017cenia ka\u017cdego domu, gara\u017cu i warsztatu!<\/h2>\n<p>Opaski kablowe maj\u0105 szerokie zastosowanie i na pewno nie b\u0119dziesz \u017ca\u0142owa\u0142 tego zakupu.\u00a0 Sprawdz\u0105 si\u0119 przy nag\u0142ych napraw i do prowizorycznych rozwi\u0105za\u0144. Wykorzystasz je w domu, ogrodzie, na biwakach itp.<\/p>\n<ul>\n<li>Umo\u017cliwiaj\u0105 sta\u0142e, trwa\u0142e \u0142\u0105czenie dw\u00f3ch przedmiot\u00f3w ze sob\u0105.<\/li>\n<li>Mechanizm zapadkowy zabezpiecza przed poluzowaniem.<\/li>\n<li>Otwarcie u\u015bcisku opaski jest praktycznie niemo\u017cliwe bez u\u017cycia np. no\u017cyczek<\/li>\n<\/ul>\n<p><b>Element, kt\u00f3ry w domy przyda si\u0119 zawsze!<\/b><\/p>\n<\/section><\/div>\n<\/section>\n<section class=\"section\">\n<div class=\"item item-6\">\n<section class=\"image-item\">\n            <img decoding=\"async\" src=\"https:\/\/upload.cdn.baselinker.com\/products\/14476\/3d921f667101ba3ffbbbf39044368a6f.jpg\" \/><br \/>\n        <\/section>\n<\/p><\/div>\n<div class=\"item item-6\">\n<section class=\"image-item\">\n            <img decoding=\"async\" src=\"https:\/\/upload.cdn.baselinker.com\/products\/14476\/a0006e9c9286a72321af1642fbfa7c9d.jpg\" \/><br \/>\n        <\/section>\n<\/p><\/div>\n<\/section>\n<section class=\"section\">\n<div class=\"item item-6\">\n<section class=\"image-item\">\n            <img decoding=\"async\" src=\"https:\/\/upload.cdn.baselinker.com\/products\/14476\/cfbda467eb3aaa5960fd619026f697cd.jpg\" \/><br \/>\n        <\/section>\n<\/p><\/div>\n<div class=\"item item-6\">\n<section class=\"image-item\">\n            <img decoding=\"async\" src=\"https:\/\/upload.cdn.baselinker.com\/products\/14476\/7f9e23c4f8dcc4f2c97bf17f7ffa4d75.jpg\" \/><br \/>\n        <\/section>\n<\/p><\/div>\n<\/section>\n<section class=\"section\">\n<div class=\"item item-12\">\n<section class=\"image-item\">\n            <img decoding=\"async\" src=\"https:\/\/upload.cdn.baselinker.com\/products\/14476\/3f32402dfc7da7156bf1b44d3b45a102.jpg\" \/><br \/>\n        <\/section>\n<\/p><\/div>\n<\/section>\n","protected":false},"excerpt":{"rendered":"<p>OPASKI ZACISKOWE KABLOWE CZARNE 7.2&#215;380 Dane techniczne: Szeroko\u015b\u0107: 7,2 mm D\u0142ugo\u015b\u0107: 380 mm Kolor: czarny Ilo\u015b\u0107: 100 szt\u00a0w opakowaniu Materia\u0142: tworzywo \u015arednica wi\u0105zki: 4-100 mm Wytrzyma\u0142o\u015b\u0107: 55 kg Wytrzyma\u0142o\u015b\u0107 na UV Zapobiega erozji Odporno\u015b\u0107 na ciep\u0142o, CE, ROHS Niezb\u0119dny element wyposa\u017cenia ka\u017cdego domu, gara\u017cu i warsztatu! Opaski kablowe maj\u0105 szerokie zastosowanie i na pewno nie<br \/><a class=\"more-link\" href=\"https:\/\/bobimarket.pl\/index.php\/produkt\/opaski-zaciskowe-kablowe-czarne-7-2x380\/\"><br \/>\n        Czytaj wi\u0119cej<span class=\"screen-reader-text\"> &#8222;OPASKI ZACISKOWE KABLOWE CZARNE 7.2&#215;380&#8221;<\/span><\/a><\/p>\n","protected":false},"featured_media":90698,"template":"","meta":[],"product_cat":[8082],"product_tag":[],"yoast_head":"<!-- This site is optimized with the Yoast SEO plugin v21.0 - https:\/\/yoast.com\/wordpress\/plugins\/seo\/ -->\n<title>OPASKI ZACISKOWE KABLOWE CZARNE 7.2x380 - BOBIMARKET.pl - Remontuj i urz\u0105dzaj z nami<\/title>\n<meta name=\"robots\" content=\"index, follow, max-snippet:-1, max-image-preview:large, max-video-preview:-1\" \/>\n<link rel=\"canonical\" href=\"https:\/\/bobimarket.pl\/index.php\/produkt\/opaski-zaciskowe-kablowe-czarne-7-2x380\/\" \/>\n<meta property=\"og:locale\" content=\"pl_PL\" \/>\n<meta property=\"og:type\" content=\"article\" \/>\n<meta property=\"og:title\" content=\"OPASKI ZACISKOWE KABLOWE CZARNE 7.2x380 - BOBIMARKET.pl - Remontuj i urz\u0105dzaj z nami\" \/>\n<meta property=\"og:description\" content=\"OPASKI ZACISKOWE KABLOWE CZARNE 7.2&#215;380 Dane techniczne: Szeroko\u015b\u0107: 7,2 mm D\u0142ugo\u015b\u0107: 380 mm Kolor: czarny Ilo\u015b\u0107: 100 szt\u00a0w opakowaniu Materia\u0142: tworzywo \u015arednica wi\u0105zki: 4-100 mm Wytrzyma\u0142o\u015b\u0107: 55 kg Wytrzyma\u0142o\u015b\u0107 na UV Zapobiega erozji Odporno\u015b\u0107 na ciep\u0142o, CE, ROHS Niezb\u0119dny element wyposa\u017cenia ka\u017cdego domu, gara\u017cu i warsztatu! Opaski kablowe maj\u0105 szerokie zastosowanie i na pewno nie     Czytaj wi\u0119cej &quot;OPASKI ZACISKOWE KABLOWE CZARNE 7.2&#215;380&quot;\" \/>\n<meta property=\"og:url\" content=\"https:\/\/bobimarket.pl\/index.php\/produkt\/opaski-zaciskowe-kablowe-czarne-7-2x380\/\" \/>\n<meta property=\"og:site_name\" content=\"BOBIMARKET.pl - Remontuj i urz\u0105dzaj z nami\" \/>\n<meta property=\"article:modified_time\" content=\"2025-02-27T15:35:02+00:00\" \/>\n<meta property=\"og:image\" content=\"https:\/\/upload.cdn.baselinker.com\/products\/14476\/a778dd92a1921b7da9f7fe2f69b69a61.jpg\" \/>\n<meta name=\"twitter:card\" content=\"summary_large_image\" \/>\n<meta name=\"twitter:label1\" content=\"Szacowany czas czytania\" \/>\n\t<meta name=\"twitter:data1\" content=\"1 minuta\" \/>\n<script type=\"application\/ld+json\" class=\"yoast-schema-graph\">{\"@context\":\"https:\/\/schema.org\",\"@graph\":[{\"@type\":\"WebPage\",\"@id\":\"https:\/\/bobimarket.pl\/index.php\/produkt\/opaski-zaciskowe-kablowe-czarne-7-2x380\/\",\"url\":\"https:\/\/bobimarket.pl\/index.php\/produkt\/opaski-zaciskowe-kablowe-czarne-7-2x380\/\",\"name\":\"OPASKI ZACISKOWE KABLOWE CZARNE 7.2x380 - BOBIMARKET.pl - Remontuj i urz\u0105dzaj z nami\",\"isPartOf\":{\"@id\":\"https:\/\/bobimarket.pl\/#website\"},\"datePublished\":\"2023-08-30T04:43:07+00:00\",\"dateModified\":\"2025-02-27T15:35:02+00:00\",\"breadcrumb\":{\"@id\":\"https:\/\/bobimarket.pl\/index.php\/produkt\/opaski-zaciskowe-kablowe-czarne-7-2x380\/#breadcrumb\"},\"inLanguage\":\"pl-PL\",\"potentialAction\":[{\"@type\":\"ReadAction\",\"target\":[\"https:\/\/bobimarket.pl\/index.php\/produkt\/opaski-zaciskowe-kablowe-czarne-7-2x380\/\"]}]},{\"@type\":\"BreadcrumbList\",\"@id\":\"https:\/\/bobimarket.pl\/index.php\/produkt\/opaski-zaciskowe-kablowe-czarne-7-2x380\/#breadcrumb\",\"itemListElement\":[{\"@type\":\"ListItem\",\"position\":1,\"name\":\"Strona g\u0142\u00f3wna\",\"item\":\"https:\/\/bobimarket.pl\/\"},{\"@type\":\"ListItem\",\"position\":2,\"name\":\"Sklep\",\"item\":\"https:\/\/bobimarket.pl\/index.php\/shop\/\"},{\"@type\":\"ListItem\",\"position\":3,\"name\":\"OPASKI ZACISKOWE KABLOWE CZARNE 7.2&#215;380\"}]},{\"@type\":\"WebSite\",\"@id\":\"https:\/\/bobimarket.pl\/#website\",\"url\":\"https:\/\/bobimarket.pl\/\",\"name\":\"BOBIMARKET.pl - Remontuj i urz\u0105dzaj z nami\",\"description\":\"Remontuj i urz\u0105dzaj z nami\",\"publisher\":{\"@id\":\"https:\/\/bobimarket.pl\/#organization\"},\"potentialAction\":[{\"@type\":\"SearchAction\",\"target\":{\"@type\":\"EntryPoint\",\"urlTemplate\":\"https:\/\/bobimarket.pl\/?s={search_term_string}\"},\"query-input\":\"required name=search_term_string\"}],\"inLanguage\":\"pl-PL\"},{\"@type\":\"Organization\",\"@id\":\"https:\/\/bobimarket.pl\/#organization\",\"name\":\"BOBIMARKET.pl\",\"url\":\"https:\/\/bobimarket.pl\/\",\"logo\":{\"@type\":\"ImageObject\",\"inLanguage\":\"pl-PL\",\"@id\":\"https:\/\/bobimarket.pl\/#\/schema\/logo\/image\/\",\"url\":\"https:\/\/bobimarket.pl\/wp-content\/uploads\/2021\/11\/slogan.png\",\"contentUrl\":\"https:\/\/bobimarket.pl\/wp-content\/uploads\/2021\/11\/slogan.png\",\"width\":2000,\"height\":384,\"caption\":\"BOBIMARKET.pl\"},\"image\":{\"@id\":\"https:\/\/bobimarket.pl\/#\/schema\/logo\/image\/\"}}]}<\/script>\n<!-- \/ Yoast SEO plugin. -->","yoast_head_json":{"title":"OPASKI ZACISKOWE KABLOWE CZARNE 7.2x380 - BOBIMARKET.pl - Remontuj i urz\u0105dzaj z nami","robots":{"index":"index","follow":"follow","max-snippet":"max-snippet:-1","max-image-preview":"max-image-preview:large","max-video-preview":"max-video-preview:-1"},"canonical":"https:\/\/bobimarket.pl\/index.php\/produkt\/opaski-zaciskowe-kablowe-czarne-7-2x380\/","og_locale":"pl_PL","og_type":"article","og_title":"OPASKI ZACISKOWE KABLOWE CZARNE 7.2x380 - BOBIMARKET.pl - Remontuj i urz\u0105dzaj z nami","og_description":"OPASKI ZACISKOWE KABLOWE CZARNE 7.2&#215;380 Dane techniczne: Szeroko\u015b\u0107: 7,2 mm D\u0142ugo\u015b\u0107: 380 mm Kolor: czarny Ilo\u015b\u0107: 100 szt\u00a0w opakowaniu Materia\u0142: tworzywo \u015arednica wi\u0105zki: 4-100 mm Wytrzyma\u0142o\u015b\u0107: 55 kg Wytrzyma\u0142o\u015b\u0107 na UV Zapobiega erozji Odporno\u015b\u0107 na ciep\u0142o, CE, ROHS Niezb\u0119dny element wyposa\u017cenia ka\u017cdego domu, gara\u017cu i warsztatu! Opaski kablowe maj\u0105 szerokie zastosowanie i na pewno nie     Czytaj wi\u0119cej \"OPASKI ZACISKOWE KABLOWE CZARNE 7.2&#215;380\"","og_url":"https:\/\/bobimarket.pl\/index.php\/produkt\/opaski-zaciskowe-kablowe-czarne-7-2x380\/","og_site_name":"BOBIMARKET.pl - Remontuj i urz\u0105dzaj z nami","article_modified_time":"2025-02-27T15:35:02+00:00","og_image":[{"url":"https:\/\/upload.cdn.baselinker.com\/products\/14476\/a778dd92a1921b7da9f7fe2f69b69a61.jpg"}],"twitter_card":"summary_large_image","twitter_misc":{"Szacowany czas czytania":"1 minuta"},"schema":{"@context":"https:\/\/schema.org","@graph":[{"@type":"WebPage","@id":"https:\/\/bobimarket.pl\/index.php\/produkt\/opaski-zaciskowe-kablowe-czarne-7-2x380\/","url":"https:\/\/bobimarket.pl\/index.php\/produkt\/opaski-zaciskowe-kablowe-czarne-7-2x380\/","name":"OPASKI ZACISKOWE KABLOWE CZARNE 7.2x380 - BOBIMARKET.pl - Remontuj i urz\u0105dzaj z nami","isPartOf":{"@id":"https:\/\/bobimarket.pl\/#website"},"datePublished":"2023-08-30T04:43:07+00:00","dateModified":"2025-02-27T15:35:02+00:00","breadcrumb":{"@id":"https:\/\/bobimarket.pl\/index.php\/produkt\/opaski-zaciskowe-kablowe-czarne-7-2x380\/#breadcrumb"},"inLanguage":"pl-PL","potentialAction":[{"@type":"ReadAction","target":["https:\/\/bobimarket.pl\/index.php\/produkt\/opaski-zaciskowe-kablowe-czarne-7-2x380\/"]}]},{"@type":"BreadcrumbList","@id":"https:\/\/bobimarket.pl\/index.php\/produkt\/opaski-zaciskowe-kablowe-czarne-7-2x380\/#breadcrumb","itemListElement":[{"@type":"ListItem","position":1,"name":"Strona g\u0142\u00f3wna","item":"https:\/\/bobimarket.pl\/"},{"@type":"ListItem","position":2,"name":"Sklep","item":"https:\/\/bobimarket.pl\/index.php\/shop\/"},{"@type":"ListItem","position":3,"name":"OPASKI ZACISKOWE KABLOWE CZARNE 7.2&#215;380"}]},{"@type":"WebSite","@id":"https:\/\/bobimarket.pl\/#website","url":"https:\/\/bobimarket.pl\/","name":"BOBIMARKET.pl - Remontuj i urz\u0105dzaj z nami","description":"Remontuj i urz\u0105dzaj z nami","publisher":{"@id":"https:\/\/bobimarket.pl\/#organization"},"potentialAction":[{"@type":"SearchAction","target":{"@type":"EntryPoint","urlTemplate":"https:\/\/bobimarket.pl\/?s={search_term_string}"},"query-input":"required name=search_term_string"}],"inLanguage":"pl-PL"},{"@type":"Organization","@id":"https:\/\/bobimarket.pl\/#organization","name":"BOBIMARKET.pl","url":"https:\/\/bobimarket.pl\/","logo":{"@type":"ImageObject","inLanguage":"pl-PL","@id":"https:\/\/bobimarket.pl\/#\/schema\/logo\/image\/","url":"https:\/\/bobimarket.pl\/wp-content\/uploads\/2021\/11\/slogan.png","contentUrl":"https:\/\/bobimarket.pl\/wp-content\/uploads\/2021\/11\/slogan.png","width":2000,"height":384,"caption":"BOBIMARKET.pl"},"image":{"@id":"https:\/\/bobimarket.pl\/#\/schema\/logo\/image\/"}}]}},"_links":{"self":[{"href":"https:\/\/bobimarket.pl\/index.php\/wp-json\/wp\/v2\/product\/90705"}],"collection":[{"href":"https:\/\/bobimarket.pl\/index.php\/wp-json\/wp\/v2\/product"}],"about":[{"href":"https:\/\/bobimarket.pl\/index.php\/wp-json\/wp\/v2\/types\/product"}],"wp:featuredmedia":[{"embeddable":true,"href":"https:\/\/bobimarket.pl\/index.php\/wp-json\/wp\/v2\/media\/90698"}],"wp:attachment":[{"href":"https:\/\/bobimarket.pl\/index.php\/wp-json\/wp\/v2\/media?parent=90705"}],"wp:term":[{"taxonomy":"product_cat","embeddable":true,"href":"https:\/\/bobimarket.pl\/index.php\/wp-json\/wp\/v2\/product_cat?post=90705"},{"taxonomy":"product_tag","embeddable":true,"href":"https:\/\/bobimarket.pl\/index.php\/wp-json\/wp\/v2\/product_tag?post=90705"}],"curies":[{"name":"wp","href":"https:\/\/api.w.org\/{rel}","templated":true}]}}