{"id":90749,"date":"2023-08-30T04:46:31","date_gmt":"2023-08-30T04:46:31","guid":{"rendered":"https:\/\/bobimarket.pl\/index.php\/produkt\/zestaw-do-nawadniania-ogrodu-zraszacz-68-el\/"},"modified":"2025-02-27T15:35:26","modified_gmt":"2025-02-27T15:35:26","slug":"zestaw-do-nawadniania-ogrodu-zraszacz-68-el","status":"publish","type":"product","link":"https:\/\/bobimarket.pl\/index.php\/produkt\/zestaw-do-nawadniania-ogrodu-zraszacz-68-el\/","title":{"rendered":"ZESTAW DO NAWADNIANIA OGRODU ZRASZACZ 68 el."},"content":{"rendered":"<section class=\"section\">\n<div class=\"item item-6\">\n<section class=\"image-item\">\n            <img decoding=\"async\" src=\"https:\/\/upload.cdn.baselinker.com\/products\/14476\/6e329d1669e0f1b5230c7f22dfe260b2.png\" \/><br \/>\n        <\/section>\n<\/p><\/div>\n<div class=\"item item-6\">\n<section class=\"text-item\">\n<h2>ZESTAW DO NAWADNIANIA OGRODU ZRASZACZ 68 el.<\/h2>\n<p><b>Informacje og\u00f3lne:\u00a0<\/b><\/p>\n<ul>\n<li>Materia\u0142:<b>\u00a0tworzywo<\/b><\/li>\n<li>Ilo\u015b\u0107 element\u00f3w: <b>68 element\u00f3w<\/b><\/li>\n<li>Przeznaczenie:<b> do nawadniania<\/b><\/li>\n<li>Zasi\u0119g zraszania dyszy: <b>80 cm<\/b><\/li>\n<li>Efekt delikatnej mgie\u0142ki.<\/li>\n<\/ul>\n<p><b>Zestaw sk\u0142ada si\u0119 z 68 element\u00f3w: <\/b><\/p>\n<ul>\n<li>1 szt. w\u0119\u017ca ogrodowego o d\u0142ugo\u015bci 10 m\u00a0<\/li>\n<li>1 szt. przy\u0142\u0105cza do kranu<\/li>\n<li>1 szt. reduktora ci\u015bnienia<\/li>\n<li>15 element\u00f3w zraszaj\u0105cych<\/li>\n<li>1 szt. tr\u00f3jnika<\/li>\n<li>2 szt.\u00a0 za\u015blepki<\/li>\n<li>15 szt. mini szpilek<\/li>\n<li>15 szt. opasek zaciskowych<\/li>\n<li>15 szt. mocowania zraszaczy<\/li>\n<li>2 szt. mocowa\u0144 co w\u0119\u017ca<\/li>\n<\/ul>\n<\/section><\/div>\n<\/section>\n<section class=\"section\">\n<div class=\"item item-6\">\n<section class=\"image-item\">\n            <img decoding=\"async\" src=\"https:\/\/upload.cdn.baselinker.com\/products\/14476\/5552e7c7f27d4de94e87c353989b05c9.JPG\" \/><br \/>\n        <\/section>\n<\/p><\/div>\n<div class=\"item item-6\">\n<section class=\"text-item\">\n<h2>Zestaw do nawadniania idealny do Twojego ogrodu!<\/h2>\n<p>Specjalnie przygotowany zestaw do nawadniania. Idealnie sprawdzi si\u0119 <b>do nawadniania w skali mikro<\/b> czyli do nawadniana tarasu, balkonu lub niewielkich grz\u0105dek. Wszystko zale\u017cy jednak od konfiguracji uk\u0142adu.<\/p>\n<ul>\n<li>Znajduj\u0105cy si\u0119 w zestawie w\u0105\u017c <b>ma \u015brednic\u0119 6 mm<\/b>.<\/li>\n<li>W komplecie znajduje si\u0119 przy\u0142\u0105cze na kran oraz specjalna z\u0142\u0105czka umo\u017cliwiaj\u0105ca monta\u017c inne element montowane s\u0105 na wcisk.<\/li>\n<\/ul>\n<\/section><\/div>\n<\/section>\n<section class=\"section\">\n<div class=\"item item-6\">\n<section class=\"image-item\">\n            <img decoding=\"async\" src=\"https:\/\/upload.cdn.baselinker.com\/products\/14476\/99c3d14d2dd54a29016afbb5cd477900.jpg\" \/><br \/>\n        <\/section>\n<\/p><\/div>\n<div class=\"item item-6\">\n<section class=\"text-item\">\n<p><b>\u2705 15 element\u00f3w zraszaj\u0105cych<\/b>, tr\u00f3jnik oraz z\u0142\u0105czki umo\u017cliwiaj\u0105 rozga\u0142\u0119zienie w\u0119\u017ca<\/p>\n<p><b>\u2705 <\/b>Mini szpilki oraz opaski zaciskowe <b>u\u0142atwiaj\u0105 mocowanie<\/b> poszczeg\u00f3lnych element\u00f3w zestawu.<\/p>\n<p><b>\u2705 <\/b>Niewielka \u015brednica w\u0119\u017ca zapewnia <b>efekt delikatnej mgie\u0142ki<\/b> oraz nie wymaga du\u017cego ci\u015bnienia wody.<\/p>\n<p><b>\u2705<\/b> Zasi\u0119g zraszania jednej dyszy to oko\u0142o<b> 80 cm.<\/b><\/p>\n<\/section><\/div>\n<\/section>\n<section class=\"section\">\n<div class=\"item item-6\">\n<section class=\"image-item\">\n            <img decoding=\"async\" src=\"https:\/\/upload.cdn.baselinker.com\/products\/14476\/5552e7c7f27d4de94e87c353989b05c9.JPG\" \/><br \/>\n        <\/section>\n<\/p><\/div>\n<div class=\"item item-6\">\n<section class=\"text-item\">\n<p>Zestaw jest przede wszystkim prosty i wygodny w obs\u0142udze. Sprz\u0119t zosta\u0142 wyposa\u017cona w wszystkie potrzebne do monta\u017cu elementy. Poszczeg\u00f3lne elementy mo\u017cna\u00a0 u\u0142o\u017cy\u0107 w dowolny uk\u0142ad, kt\u00f3ry b\u0119dzie spe\u0142nia\u0142 nasze potrzeby.<\/p>\n<p><b>\u2705 ZASTOSOWANIE:<\/b><\/p>\n<p>System b\u0119dzie s\u0142u\u017cy\u0142 do nawadniania kwiat\u00f3w na balkonie lub tarasie. Sprawdzi si\u0119 r\u00f3wnie\u017c do niewielkich ogr\u00f3dk\u00f3w warzywnych lub rabatki.\u00a0<\/p>\n<h2>Podlewanie bez wysi\u0142ku i oszcz\u0119dno\u015b\u0107 czasu!<\/h2>\n<\/section><\/div>\n<\/section>\n","protected":false},"excerpt":{"rendered":"<p><\/p>\n","protected":false},"featured_media":90745,"template":"","meta":[],"product_cat":[8228],"product_tag":[],"yoast_head":"<!-- This site is optimized with the Yoast SEO plugin v21.0 - https:\/\/yoast.com\/wordpress\/plugins\/seo\/ -->\n<title>ZESTAW DO NAWADNIANIA OGRODU ZRASZACZ 68 el. - BOBIMARKET.pl - Remontuj i urz\u0105dzaj z nami<\/title>\n<meta name=\"robots\" content=\"index, follow, max-snippet:-1, max-image-preview:large, max-video-preview:-1\" \/>\n<link rel=\"canonical\" href=\"https:\/\/bobimarket.pl\/index.php\/produkt\/zestaw-do-nawadniania-ogrodu-zraszacz-68-el\/\" \/>\n<meta property=\"og:locale\" content=\"pl_PL\" \/>\n<meta property=\"og:type\" content=\"article\" \/>\n<meta property=\"og:title\" content=\"ZESTAW DO NAWADNIANIA OGRODU ZRASZACZ 68 el. - BOBIMARKET.pl - Remontuj i urz\u0105dzaj z nami\" \/>\n<meta property=\"og:url\" content=\"https:\/\/bobimarket.pl\/index.php\/produkt\/zestaw-do-nawadniania-ogrodu-zraszacz-68-el\/\" \/>\n<meta property=\"og:site_name\" content=\"BOBIMARKET.pl - Remontuj i urz\u0105dzaj z nami\" \/>\n<meta property=\"article:modified_time\" content=\"2025-02-27T15:35:26+00:00\" \/>\n<meta property=\"og:image\" content=\"https:\/\/upload.cdn.baselinker.com\/products\/14476\/6e329d1669e0f1b5230c7f22dfe260b2.png\" \/>\n<meta name=\"twitter:card\" content=\"summary_large_image\" \/>\n<meta name=\"twitter:label1\" content=\"Szacowany czas czytania\" \/>\n\t<meta name=\"twitter:data1\" content=\"1 minuta\" \/>\n<script type=\"application\/ld+json\" class=\"yoast-schema-graph\">{\"@context\":\"https:\/\/schema.org\",\"@graph\":[{\"@type\":\"WebPage\",\"@id\":\"https:\/\/bobimarket.pl\/index.php\/produkt\/zestaw-do-nawadniania-ogrodu-zraszacz-68-el\/\",\"url\":\"https:\/\/bobimarket.pl\/index.php\/produkt\/zestaw-do-nawadniania-ogrodu-zraszacz-68-el\/\",\"name\":\"ZESTAW DO NAWADNIANIA OGRODU ZRASZACZ 68 el. - BOBIMARKET.pl - Remontuj i urz\u0105dzaj z nami\",\"isPartOf\":{\"@id\":\"https:\/\/bobimarket.pl\/#website\"},\"datePublished\":\"2023-08-30T04:46:31+00:00\",\"dateModified\":\"2025-02-27T15:35:26+00:00\",\"breadcrumb\":{\"@id\":\"https:\/\/bobimarket.pl\/index.php\/produkt\/zestaw-do-nawadniania-ogrodu-zraszacz-68-el\/#breadcrumb\"},\"inLanguage\":\"pl-PL\",\"potentialAction\":[{\"@type\":\"ReadAction\",\"target\":[\"https:\/\/bobimarket.pl\/index.php\/produkt\/zestaw-do-nawadniania-ogrodu-zraszacz-68-el\/\"]}]},{\"@type\":\"BreadcrumbList\",\"@id\":\"https:\/\/bobimarket.pl\/index.php\/produkt\/zestaw-do-nawadniania-ogrodu-zraszacz-68-el\/#breadcrumb\",\"itemListElement\":[{\"@type\":\"ListItem\",\"position\":1,\"name\":\"Strona g\u0142\u00f3wna\",\"item\":\"https:\/\/bobimarket.pl\/\"},{\"@type\":\"ListItem\",\"position\":2,\"name\":\"Sklep\",\"item\":\"https:\/\/bobimarket.pl\/index.php\/shop\/\"},{\"@type\":\"ListItem\",\"position\":3,\"name\":\"ZESTAW DO NAWADNIANIA OGRODU ZRASZACZ 68 el.\"}]},{\"@type\":\"WebSite\",\"@id\":\"https:\/\/bobimarket.pl\/#website\",\"url\":\"https:\/\/bobimarket.pl\/\",\"name\":\"BOBIMARKET.pl - Remontuj i urz\u0105dzaj z nami\",\"description\":\"Remontuj i urz\u0105dzaj z nami\",\"publisher\":{\"@id\":\"https:\/\/bobimarket.pl\/#organization\"},\"potentialAction\":[{\"@type\":\"SearchAction\",\"target\":{\"@type\":\"EntryPoint\",\"urlTemplate\":\"https:\/\/bobimarket.pl\/?s={search_term_string}\"},\"query-input\":\"required name=search_term_string\"}],\"inLanguage\":\"pl-PL\"},{\"@type\":\"Organization\",\"@id\":\"https:\/\/bobimarket.pl\/#organization\",\"name\":\"BOBIMARKET.pl\",\"url\":\"https:\/\/bobimarket.pl\/\",\"logo\":{\"@type\":\"ImageObject\",\"inLanguage\":\"pl-PL\",\"@id\":\"https:\/\/bobimarket.pl\/#\/schema\/logo\/image\/\",\"url\":\"https:\/\/bobimarket.pl\/wp-content\/uploads\/2021\/11\/slogan.png\",\"contentUrl\":\"https:\/\/bobimarket.pl\/wp-content\/uploads\/2021\/11\/slogan.png\",\"width\":2000,\"height\":384,\"caption\":\"BOBIMARKET.pl\"},\"image\":{\"@id\":\"https:\/\/bobimarket.pl\/#\/schema\/logo\/image\/\"}}]}<\/script>\n<!-- \/ Yoast SEO plugin. -->","yoast_head_json":{"title":"ZESTAW DO NAWADNIANIA OGRODU ZRASZACZ 68 el. - BOBIMARKET.pl - Remontuj i urz\u0105dzaj z nami","robots":{"index":"index","follow":"follow","max-snippet":"max-snippet:-1","max-image-preview":"max-image-preview:large","max-video-preview":"max-video-preview:-1"},"canonical":"https:\/\/bobimarket.pl\/index.php\/produkt\/zestaw-do-nawadniania-ogrodu-zraszacz-68-el\/","og_locale":"pl_PL","og_type":"article","og_title":"ZESTAW DO NAWADNIANIA OGRODU ZRASZACZ 68 el. - BOBIMARKET.pl - Remontuj i urz\u0105dzaj z nami","og_url":"https:\/\/bobimarket.pl\/index.php\/produkt\/zestaw-do-nawadniania-ogrodu-zraszacz-68-el\/","og_site_name":"BOBIMARKET.pl - Remontuj i urz\u0105dzaj z nami","article_modified_time":"2025-02-27T15:35:26+00:00","og_image":[{"url":"https:\/\/upload.cdn.baselinker.com\/products\/14476\/6e329d1669e0f1b5230c7f22dfe260b2.png"}],"twitter_card":"summary_large_image","twitter_misc":{"Szacowany czas czytania":"1 minuta"},"schema":{"@context":"https:\/\/schema.org","@graph":[{"@type":"WebPage","@id":"https:\/\/bobimarket.pl\/index.php\/produkt\/zestaw-do-nawadniania-ogrodu-zraszacz-68-el\/","url":"https:\/\/bobimarket.pl\/index.php\/produkt\/zestaw-do-nawadniania-ogrodu-zraszacz-68-el\/","name":"ZESTAW DO NAWADNIANIA OGRODU ZRASZACZ 68 el. - BOBIMARKET.pl - Remontuj i urz\u0105dzaj z nami","isPartOf":{"@id":"https:\/\/bobimarket.pl\/#website"},"datePublished":"2023-08-30T04:46:31+00:00","dateModified":"2025-02-27T15:35:26+00:00","breadcrumb":{"@id":"https:\/\/bobimarket.pl\/index.php\/produkt\/zestaw-do-nawadniania-ogrodu-zraszacz-68-el\/#breadcrumb"},"inLanguage":"pl-PL","potentialAction":[{"@type":"ReadAction","target":["https:\/\/bobimarket.pl\/index.php\/produkt\/zestaw-do-nawadniania-ogrodu-zraszacz-68-el\/"]}]},{"@type":"BreadcrumbList","@id":"https:\/\/bobimarket.pl\/index.php\/produkt\/zestaw-do-nawadniania-ogrodu-zraszacz-68-el\/#breadcrumb","itemListElement":[{"@type":"ListItem","position":1,"name":"Strona g\u0142\u00f3wna","item":"https:\/\/bobimarket.pl\/"},{"@type":"ListItem","position":2,"name":"Sklep","item":"https:\/\/bobimarket.pl\/index.php\/shop\/"},{"@type":"ListItem","position":3,"name":"ZESTAW DO NAWADNIANIA OGRODU ZRASZACZ 68 el."}]},{"@type":"WebSite","@id":"https:\/\/bobimarket.pl\/#website","url":"https:\/\/bobimarket.pl\/","name":"BOBIMARKET.pl - Remontuj i urz\u0105dzaj z nami","description":"Remontuj i urz\u0105dzaj z nami","publisher":{"@id":"https:\/\/bobimarket.pl\/#organization"},"potentialAction":[{"@type":"SearchAction","target":{"@type":"EntryPoint","urlTemplate":"https:\/\/bobimarket.pl\/?s={search_term_string}"},"query-input":"required name=search_term_string"}],"inLanguage":"pl-PL"},{"@type":"Organization","@id":"https:\/\/bobimarket.pl\/#organization","name":"BOBIMARKET.pl","url":"https:\/\/bobimarket.pl\/","logo":{"@type":"ImageObject","inLanguage":"pl-PL","@id":"https:\/\/bobimarket.pl\/#\/schema\/logo\/image\/","url":"https:\/\/bobimarket.pl\/wp-content\/uploads\/2021\/11\/slogan.png","contentUrl":"https:\/\/bobimarket.pl\/wp-content\/uploads\/2021\/11\/slogan.png","width":2000,"height":384,"caption":"BOBIMARKET.pl"},"image":{"@id":"https:\/\/bobimarket.pl\/#\/schema\/logo\/image\/"}}]}},"_links":{"self":[{"href":"https:\/\/bobimarket.pl\/index.php\/wp-json\/wp\/v2\/product\/90749"}],"collection":[{"href":"https:\/\/bobimarket.pl\/index.php\/wp-json\/wp\/v2\/product"}],"about":[{"href":"https:\/\/bobimarket.pl\/index.php\/wp-json\/wp\/v2\/types\/product"}],"wp:featuredmedia":[{"embeddable":true,"href":"https:\/\/bobimarket.pl\/index.php\/wp-json\/wp\/v2\/media\/90745"}],"wp:attachment":[{"href":"https:\/\/bobimarket.pl\/index.php\/wp-json\/wp\/v2\/media?parent=90749"}],"wp:term":[{"taxonomy":"product_cat","embeddable":true,"href":"https:\/\/bobimarket.pl\/index.php\/wp-json\/wp\/v2\/product_cat?post=90749"},{"taxonomy":"product_tag","embeddable":true,"href":"https:\/\/bobimarket.pl\/index.php\/wp-json\/wp\/v2\/product_tag?post=90749"}],"curies":[{"name":"wp","href":"https:\/\/api.w.org\/{rel}","templated":true}]}}