{"id":90896,"date":"2023-08-30T04:59:07","date_gmt":"2023-08-30T04:59:07","guid":{"rendered":"https:\/\/bobimarket.pl\/index.php\/produkt\/pedzel-malarski-do-impregnatow-bejc-lazur-oleju-2\/"},"modified":"2025-02-27T15:36:47","modified_gmt":"2025-02-27T15:36:47","slug":"pedzel-malarski-do-impregnatow-bejc-lazur-oleju-2","status":"publish","type":"product","link":"https:\/\/bobimarket.pl\/index.php\/produkt\/pedzel-malarski-do-impregnatow-bejc-lazur-oleju-2\/","title":{"rendered":"P\u0118DZEL MALARSKI do IMPREGNAT\u00d3W BEJC LAZUR OLEJU 2&#8242;"},"content":{"rendered":"<section class=\"section\">\n<div class=\"item item-6\">\n<section class=\"image-item\">\n            <img decoding=\"async\" src=\"https:\/\/upload.cdn.baselinker.com\/products\/14476\/a56c25263dc7de954a3c46a0df3a06fe.jpg\" \/><br \/>\n        <\/section>\n<\/p><\/div>\n<div class=\"item item-6\">\n<section class=\"text-item\">\n<h2>P\u0118DZEL MALARSKI do IMPREGNAT\u00d3W BEJC LAZUR OLEJU 2&#8242;<\/h2>\n<p>Informacje og\u00f3lne;<\/p>\n<ul>\n<li>Rozmiar: <b>2&#8242; ( 50 mm)<\/b><\/li>\n<li>D\u0142ugo\u015b\u0107 ca\u0142kowita:<b> 230 mm<\/b><\/li>\n<li>D\u0142ugo\u015b\u0107 w\u0142osia:<b> 55 mm<\/b><\/li>\n<li>Uchwyt: <b>drewniany<\/b><\/li>\n<li>W\u0142osie: <b>mieszanka naturalnej szczeciny z w\u0142osiem poliestrowym<\/b><\/li>\n<li>Przeznaczenie: <b>do lakierobejc, impregnat\u00f3w do drewna, farb i lakier\u00f3w wodorozcie\u0144czalnych<\/b><\/li>\n<\/ul>\n<p>Uniwersalny p\u0119dzel malarski calowy. R\u0105czk\u0119 wykonano z <b>drewna. <\/b>Wyprofilowany drewniany uchwyt jest dodatkowo <b>lakierowany<\/b>. G\u0119ste w\u0142osie p\u0119dzla wyprodukowano z <b>wysokiej jako\u015bci mieszanki<\/b> naturalnej szczeciny z w\u0142osiem poliestrowym.<\/p>\n<\/section><\/div>\n<\/section>\n<section class=\"section\">\n<div class=\"item item-6\">\n<section class=\"image-item\">\n            <img decoding=\"async\" src=\"https:\/\/upload.cdn.baselinker.com\/products\/14476\/f603a3a7d6fe5e672fac7ef9fe73f229.jpg\" \/><br \/>\n        <\/section>\n<\/p><\/div>\n<div class=\"item item-6\">\n<section class=\"text-item\">\n<p><b>\u2705 ZASTOSOWANIE:<\/b><\/p>\n<p>P\u0119dzel ma uniwersalne zastosowanie. Solidne wykonanie p\u0119dzla przek\u0142ada si\u0119 na <b>komfort i szybko\u015b\u0107 wykonywanej pracy.<\/b> P\u0119dzel charakteryzuje si\u0119 w\u0105skim w\u0142osiem, z powodzeniem mo\u017ce s\u0142u\u017cy\u0107 <b>do precyzyjnego nak\u0142adania<\/b> farb i lakier\u00f3w na r\u00f3\u017cnych powierzchniach.<\/p>\n<p><b>\u2705 Produkt jest przystosowany do:<\/b><\/p>\n<ul>\n<li>lakierobejc,<\/li>\n<li>impregnat\u00f3w do drewna,<\/li>\n<li>farb i lakier\u00f3w wodorozcie\u0144czalnych.<\/li>\n<\/ul>\n<p><b>Sprawd\u017a r\u00f3wnie\u017c inne p\u0119dzle dost\u0119pne w naszym sklepie.<\/b><\/p>\n<\/section><\/div>\n<\/section>\n<section class=\"section\">\n<div class=\"item item-12\">\n<section class=\"image-item\">\n            <img decoding=\"async\" src=\"https:\/\/upload.cdn.baselinker.com\/products\/14476\/029c9b7e048bb47ab9eb90111ac2b931.jpg\" \/><br \/>\n        <\/section>\n<\/p><\/div>\n<\/section>\n<section class=\"section\">\n<div class=\"item item-12\">\n<section class=\"image-item\">\n            <img decoding=\"async\" src=\"https:\/\/upload.cdn.baselinker.com\/products\/14476\/f7c434421bc5d0f67f8b9fa93ad4c9e2.jpg\" \/><br \/>\n        <\/section>\n<\/p><\/div>\n<\/section>\n","protected":false},"excerpt":{"rendered":"<p>P\u0118DZEL MALARSKI do IMPREGNAT\u00d3W BEJC LAZUR OLEJU 2&#8242; Informacje og\u00f3lne; Rozmiar: 2&#8242; ( 50 mm) D\u0142ugo\u015b\u0107 ca\u0142kowita: 230 mm D\u0142ugo\u015b\u0107 w\u0142osia: 55 mm Uchwyt: drewniany W\u0142osie: mieszanka naturalnej szczeciny z w\u0142osiem poliestrowym Przeznaczenie: do lakierobejc, impregnat\u00f3w do drewna, farb i lakier\u00f3w wodorozcie\u0144czalnych Uniwersalny p\u0119dzel malarski calowy. R\u0105czk\u0119 wykonano z drewna. Wyprofilowany drewniany uchwyt jest dodatkowo<br \/><a class=\"more-link\" href=\"https:\/\/bobimarket.pl\/index.php\/produkt\/pedzel-malarski-do-impregnatow-bejc-lazur-oleju-2\/\"><br \/>\n        Czytaj wi\u0119cej<span class=\"screen-reader-text\"> &#8222;P\u0118DZEL MALARSKI do IMPREGNAT\u00d3W BEJC LAZUR OLEJU 2&#8242;&#8221;<\/span><\/a><\/p>\n","protected":false},"featured_media":90887,"template":"","meta":[],"product_cat":[8132],"product_tag":[],"yoast_head":"<!-- This site is optimized with the Yoast SEO plugin v21.0 - https:\/\/yoast.com\/wordpress\/plugins\/seo\/ -->\n<title>P\u0118DZEL MALARSKI do IMPREGNAT\u00d3W BEJC LAZUR OLEJU 2&#039; - BOBIMARKET.pl - Remontuj i urz\u0105dzaj z nami<\/title>\n<meta name=\"robots\" content=\"index, follow, max-snippet:-1, max-image-preview:large, max-video-preview:-1\" \/>\n<link rel=\"canonical\" href=\"https:\/\/bobimarket.pl\/index.php\/produkt\/pedzel-malarski-do-impregnatow-bejc-lazur-oleju-2\/\" \/>\n<meta property=\"og:locale\" content=\"pl_PL\" \/>\n<meta property=\"og:type\" content=\"article\" \/>\n<meta property=\"og:title\" content=\"P\u0118DZEL MALARSKI do IMPREGNAT\u00d3W BEJC LAZUR OLEJU 2&#039; - BOBIMARKET.pl - Remontuj i urz\u0105dzaj z nami\" \/>\n<meta property=\"og:description\" content=\"P\u0118DZEL MALARSKI do IMPREGNAT\u00d3W BEJC LAZUR OLEJU 2&#8242; Informacje og\u00f3lne; Rozmiar: 2&#8242; ( 50 mm) D\u0142ugo\u015b\u0107 ca\u0142kowita: 230 mm D\u0142ugo\u015b\u0107 w\u0142osia: 55 mm Uchwyt: drewniany W\u0142osie: mieszanka naturalnej szczeciny z w\u0142osiem poliestrowym Przeznaczenie: do lakierobejc, impregnat\u00f3w do drewna, farb i lakier\u00f3w wodorozcie\u0144czalnych Uniwersalny p\u0119dzel malarski calowy. R\u0105czk\u0119 wykonano z drewna. Wyprofilowany drewniany uchwyt jest dodatkowo     Czytaj wi\u0119cej &quot;P\u0118DZEL MALARSKI do IMPREGNAT\u00d3W BEJC LAZUR OLEJU 2&#8242;&quot;\" \/>\n<meta property=\"og:url\" content=\"https:\/\/bobimarket.pl\/index.php\/produkt\/pedzel-malarski-do-impregnatow-bejc-lazur-oleju-2\/\" \/>\n<meta property=\"og:site_name\" content=\"BOBIMARKET.pl - Remontuj i urz\u0105dzaj z nami\" \/>\n<meta property=\"article:modified_time\" content=\"2025-02-27T15:36:47+00:00\" \/>\n<meta property=\"og:image\" content=\"https:\/\/upload.cdn.baselinker.com\/products\/14476\/a56c25263dc7de954a3c46a0df3a06fe.jpg\" \/>\n<meta name=\"twitter:card\" content=\"summary_large_image\" \/>\n<meta name=\"twitter:label1\" content=\"Szacowany czas czytania\" \/>\n\t<meta name=\"twitter:data1\" content=\"1 minuta\" \/>\n<script type=\"application\/ld+json\" class=\"yoast-schema-graph\">{\"@context\":\"https:\/\/schema.org\",\"@graph\":[{\"@type\":\"WebPage\",\"@id\":\"https:\/\/bobimarket.pl\/index.php\/produkt\/pedzel-malarski-do-impregnatow-bejc-lazur-oleju-2\/\",\"url\":\"https:\/\/bobimarket.pl\/index.php\/produkt\/pedzel-malarski-do-impregnatow-bejc-lazur-oleju-2\/\",\"name\":\"P\u0118DZEL MALARSKI do IMPREGNAT\u00d3W BEJC LAZUR OLEJU 2' - BOBIMARKET.pl - Remontuj i urz\u0105dzaj z nami\",\"isPartOf\":{\"@id\":\"https:\/\/bobimarket.pl\/#website\"},\"datePublished\":\"2023-08-30T04:59:07+00:00\",\"dateModified\":\"2025-02-27T15:36:47+00:00\",\"breadcrumb\":{\"@id\":\"https:\/\/bobimarket.pl\/index.php\/produkt\/pedzel-malarski-do-impregnatow-bejc-lazur-oleju-2\/#breadcrumb\"},\"inLanguage\":\"pl-PL\",\"potentialAction\":[{\"@type\":\"ReadAction\",\"target\":[\"https:\/\/bobimarket.pl\/index.php\/produkt\/pedzel-malarski-do-impregnatow-bejc-lazur-oleju-2\/\"]}]},{\"@type\":\"BreadcrumbList\",\"@id\":\"https:\/\/bobimarket.pl\/index.php\/produkt\/pedzel-malarski-do-impregnatow-bejc-lazur-oleju-2\/#breadcrumb\",\"itemListElement\":[{\"@type\":\"ListItem\",\"position\":1,\"name\":\"Strona g\u0142\u00f3wna\",\"item\":\"https:\/\/bobimarket.pl\/\"},{\"@type\":\"ListItem\",\"position\":2,\"name\":\"Sklep\",\"item\":\"https:\/\/bobimarket.pl\/index.php\/shop\/\"},{\"@type\":\"ListItem\",\"position\":3,\"name\":\"P\u0118DZEL MALARSKI do IMPREGNAT\u00d3W BEJC LAZUR OLEJU 2&#8242;\"}]},{\"@type\":\"WebSite\",\"@id\":\"https:\/\/bobimarket.pl\/#website\",\"url\":\"https:\/\/bobimarket.pl\/\",\"name\":\"BOBIMARKET.pl - Remontuj i urz\u0105dzaj z nami\",\"description\":\"Remontuj i urz\u0105dzaj z nami\",\"publisher\":{\"@id\":\"https:\/\/bobimarket.pl\/#organization\"},\"potentialAction\":[{\"@type\":\"SearchAction\",\"target\":{\"@type\":\"EntryPoint\",\"urlTemplate\":\"https:\/\/bobimarket.pl\/?s={search_term_string}\"},\"query-input\":\"required name=search_term_string\"}],\"inLanguage\":\"pl-PL\"},{\"@type\":\"Organization\",\"@id\":\"https:\/\/bobimarket.pl\/#organization\",\"name\":\"BOBIMARKET.pl\",\"url\":\"https:\/\/bobimarket.pl\/\",\"logo\":{\"@type\":\"ImageObject\",\"inLanguage\":\"pl-PL\",\"@id\":\"https:\/\/bobimarket.pl\/#\/schema\/logo\/image\/\",\"url\":\"https:\/\/bobimarket.pl\/wp-content\/uploads\/2021\/11\/slogan.png\",\"contentUrl\":\"https:\/\/bobimarket.pl\/wp-content\/uploads\/2021\/11\/slogan.png\",\"width\":2000,\"height\":384,\"caption\":\"BOBIMARKET.pl\"},\"image\":{\"@id\":\"https:\/\/bobimarket.pl\/#\/schema\/logo\/image\/\"}}]}<\/script>\n<!-- \/ Yoast SEO plugin. -->","yoast_head_json":{"title":"P\u0118DZEL MALARSKI do IMPREGNAT\u00d3W BEJC LAZUR OLEJU 2' - BOBIMARKET.pl - Remontuj i urz\u0105dzaj z nami","robots":{"index":"index","follow":"follow","max-snippet":"max-snippet:-1","max-image-preview":"max-image-preview:large","max-video-preview":"max-video-preview:-1"},"canonical":"https:\/\/bobimarket.pl\/index.php\/produkt\/pedzel-malarski-do-impregnatow-bejc-lazur-oleju-2\/","og_locale":"pl_PL","og_type":"article","og_title":"P\u0118DZEL MALARSKI do IMPREGNAT\u00d3W BEJC LAZUR OLEJU 2' - BOBIMARKET.pl - Remontuj i urz\u0105dzaj z nami","og_description":"P\u0118DZEL MALARSKI do IMPREGNAT\u00d3W BEJC LAZUR OLEJU 2&#8242; Informacje og\u00f3lne; Rozmiar: 2&#8242; ( 50 mm) D\u0142ugo\u015b\u0107 ca\u0142kowita: 230 mm D\u0142ugo\u015b\u0107 w\u0142osia: 55 mm Uchwyt: drewniany W\u0142osie: mieszanka naturalnej szczeciny z w\u0142osiem poliestrowym Przeznaczenie: do lakierobejc, impregnat\u00f3w do drewna, farb i lakier\u00f3w wodorozcie\u0144czalnych Uniwersalny p\u0119dzel malarski calowy. R\u0105czk\u0119 wykonano z drewna. Wyprofilowany drewniany uchwyt jest dodatkowo     Czytaj wi\u0119cej \"P\u0118DZEL MALARSKI do IMPREGNAT\u00d3W BEJC LAZUR OLEJU 2&#8242;\"","og_url":"https:\/\/bobimarket.pl\/index.php\/produkt\/pedzel-malarski-do-impregnatow-bejc-lazur-oleju-2\/","og_site_name":"BOBIMARKET.pl - Remontuj i urz\u0105dzaj z nami","article_modified_time":"2025-02-27T15:36:47+00:00","og_image":[{"url":"https:\/\/upload.cdn.baselinker.com\/products\/14476\/a56c25263dc7de954a3c46a0df3a06fe.jpg"}],"twitter_card":"summary_large_image","twitter_misc":{"Szacowany czas czytania":"1 minuta"},"schema":{"@context":"https:\/\/schema.org","@graph":[{"@type":"WebPage","@id":"https:\/\/bobimarket.pl\/index.php\/produkt\/pedzel-malarski-do-impregnatow-bejc-lazur-oleju-2\/","url":"https:\/\/bobimarket.pl\/index.php\/produkt\/pedzel-malarski-do-impregnatow-bejc-lazur-oleju-2\/","name":"P\u0118DZEL MALARSKI do IMPREGNAT\u00d3W BEJC LAZUR OLEJU 2' - BOBIMARKET.pl - Remontuj i urz\u0105dzaj z nami","isPartOf":{"@id":"https:\/\/bobimarket.pl\/#website"},"datePublished":"2023-08-30T04:59:07+00:00","dateModified":"2025-02-27T15:36:47+00:00","breadcrumb":{"@id":"https:\/\/bobimarket.pl\/index.php\/produkt\/pedzel-malarski-do-impregnatow-bejc-lazur-oleju-2\/#breadcrumb"},"inLanguage":"pl-PL","potentialAction":[{"@type":"ReadAction","target":["https:\/\/bobimarket.pl\/index.php\/produkt\/pedzel-malarski-do-impregnatow-bejc-lazur-oleju-2\/"]}]},{"@type":"BreadcrumbList","@id":"https:\/\/bobimarket.pl\/index.php\/produkt\/pedzel-malarski-do-impregnatow-bejc-lazur-oleju-2\/#breadcrumb","itemListElement":[{"@type":"ListItem","position":1,"name":"Strona g\u0142\u00f3wna","item":"https:\/\/bobimarket.pl\/"},{"@type":"ListItem","position":2,"name":"Sklep","item":"https:\/\/bobimarket.pl\/index.php\/shop\/"},{"@type":"ListItem","position":3,"name":"P\u0118DZEL MALARSKI do IMPREGNAT\u00d3W BEJC LAZUR OLEJU 2&#8242;"}]},{"@type":"WebSite","@id":"https:\/\/bobimarket.pl\/#website","url":"https:\/\/bobimarket.pl\/","name":"BOBIMARKET.pl - Remontuj i urz\u0105dzaj z nami","description":"Remontuj i urz\u0105dzaj z nami","publisher":{"@id":"https:\/\/bobimarket.pl\/#organization"},"potentialAction":[{"@type":"SearchAction","target":{"@type":"EntryPoint","urlTemplate":"https:\/\/bobimarket.pl\/?s={search_term_string}"},"query-input":"required name=search_term_string"}],"inLanguage":"pl-PL"},{"@type":"Organization","@id":"https:\/\/bobimarket.pl\/#organization","name":"BOBIMARKET.pl","url":"https:\/\/bobimarket.pl\/","logo":{"@type":"ImageObject","inLanguage":"pl-PL","@id":"https:\/\/bobimarket.pl\/#\/schema\/logo\/image\/","url":"https:\/\/bobimarket.pl\/wp-content\/uploads\/2021\/11\/slogan.png","contentUrl":"https:\/\/bobimarket.pl\/wp-content\/uploads\/2021\/11\/slogan.png","width":2000,"height":384,"caption":"BOBIMARKET.pl"},"image":{"@id":"https:\/\/bobimarket.pl\/#\/schema\/logo\/image\/"}}]}},"_links":{"self":[{"href":"https:\/\/bobimarket.pl\/index.php\/wp-json\/wp\/v2\/product\/90896"}],"collection":[{"href":"https:\/\/bobimarket.pl\/index.php\/wp-json\/wp\/v2\/product"}],"about":[{"href":"https:\/\/bobimarket.pl\/index.php\/wp-json\/wp\/v2\/types\/product"}],"wp:featuredmedia":[{"embeddable":true,"href":"https:\/\/bobimarket.pl\/index.php\/wp-json\/wp\/v2\/media\/90887"}],"wp:attachment":[{"href":"https:\/\/bobimarket.pl\/index.php\/wp-json\/wp\/v2\/media?parent=90896"}],"wp:term":[{"taxonomy":"product_cat","embeddable":true,"href":"https:\/\/bobimarket.pl\/index.php\/wp-json\/wp\/v2\/product_cat?post=90896"},{"taxonomy":"product_tag","embeddable":true,"href":"https:\/\/bobimarket.pl\/index.php\/wp-json\/wp\/v2\/product_tag?post=90896"}],"curies":[{"name":"wp","href":"https:\/\/api.w.org\/{rel}","templated":true}]}}