{"id":90931,"date":"2023-08-30T05:01:33","date_gmt":"2023-08-30T05:01:33","guid":{"rendered":"https:\/\/bobimarket.pl\/index.php\/produkt\/organizer-do-lodowki-pojemnik-do-przechowywania-2\/"},"modified":"2025-10-01T19:16:32","modified_gmt":"2025-10-01T19:16:32","slug":"organizer-do-lodowki-pojemnik-do-przechowywania-2","status":"publish","type":"product","link":"https:\/\/bobimarket.pl\/index.php\/produkt\/organizer-do-lodowki-pojemnik-do-przechowywania-2\/","title":{"rendered":"ORGANIZER DO LOD\u00d3WKI POJEMNIK DO PRZECHOWYWANIA"},"content":{"rendered":"<section class=\"section\">\n<div class=\"item item-6\">\n<section class=\"image-item\">\n<\/section><\/div>\n<div class=\"item item-6\">\n<section class=\"text-item\">\n<h2>ORGANIZER DO LOD\u00d3WKI POJEMNIK DO PRZECHOWYWANIA<\/h2>\n<p><b>Dane techniczne:<\/b><\/p>\n<ul>\n<li>Szeroko\u015b\u0107: <b>12,8 cm<\/b><\/li>\n<li>D\u0142ugo\u015b\u0107:<b> 29,5 cm<\/b><\/li>\n<li>Wymiary dna:<b> 9,8 x 26<\/b><\/li>\n<li>Wysoko\u015b\u0107: <b>17 cm<\/b><\/li>\n<li>Materia\u0142: <b>tworzywo<\/b><\/li>\n<\/ul>\n<\/section><\/div>\n<\/section>\n<section class=\"section\">\n<div class=\"item item-6\">\n<section class=\"image-item\">\n            <img decoding=\"async\" src=\"https:\/\/upload.cdn.baselinker.com\/products\/14476\/28defba5a188b52cc9dd307002b13ece.jpeg\" \/><br \/>\n        <\/section>\n<\/p><\/div>\n<div class=\"item item-6\">\n<section class=\"text-item\">\n<h2>Proste i funkcjonalne rozwi\u0105zanie do Twojego domu! Pozwoli Ci w \u0142atwy spos\u00f3b zadba\u0107 o porz\u0105dek!<\/h2>\n<p>Wielofunkcyjny i praktyczny prostok\u0105tny organizer kuchenny. Wykonany z wysokiej jako\u015bci tworzywa, co b\u0119dzie skutkowa\u0142o d\u0142ugim okresem u\u017cytkowania.<\/p>\n<p>\u2705 Pojemnik idealnie nadaje si\u0119 do przechowywania warzyw, owoc\u00f3w i innych produkt\u00f3w spo\u017cywczych w lod\u00f3wce. Sprawi, \u017ce w \u0142atwy spos\u00f3b zorganizujesz i zaoszcz\u0119dzisz miejsce w lod\u00f3wce.<\/p>\n<p>\u2705 Organizer mo\u017ce r\u00f3wnie\u017c pos\u0142u\u017cy\u0107 do przechowywania r\u00f3\u017cnego rodzaju innych przedmiot\u00f3w i drobiazg\u00f3w np. w \u0142azience, garderobie lub pokoju dzieci\u0119cym.<\/p>\n<\/section><\/div>\n<\/section>\n<section class=\"section\">\n<div class=\"item item-6\">\n<section class=\"image-item\">\n            <img decoding=\"async\" src=\"https:\/\/upload.cdn.baselinker.com\/products\/14476\/a954de7e814065583f556f0e1821e602.jpeg\" \/><br \/>\n        <\/section>\n<\/p><\/div>\n<div class=\"item item-6\">\n<section class=\"text-item\">\n<p>Je\u017celi chcesz zapanowa\u0107 na chaosem w domu ten pojemnik jest idealny dla Ciebie! Pozwoli Ci w \u0142atwy spos\u00f3b zadba\u0107 o porz\u0105dek w kuchni lub innych pomieszczeniach!<\/p>\n<p><b>\u2705 Posiada wiele praktycznych zalet:<\/b><\/p>\n<ul>\n<li>Nie t\u0142ucze si\u0119, jest odporny na uszkodzenia<\/li>\n<li>Jest wielofunkcyjny, nadaje si\u0119 do przechowywania wielu r\u00f3\u017cnego rodzaju przedmiot\u00f3w<\/li>\n<li>\u0141atwy do utrzymania w czysto\u015bci<\/li>\n<li>Jest prze\u017aroczysty, doskonale wida\u0107 jego zawarto\u015b\u0107.<\/li>\n<\/ul>\n<\/section><\/div>\n<\/section>\n<section class=\"section\">\n<div class=\"item item-12\">\n<section class=\"image-item\">\n            <img decoding=\"async\" src=\"https:\/\/upload.cdn.baselinker.com\/products\/14476\/28defba5a188b52cc9dd307002b13ece.jpeg\" \/><br \/>\n        <\/section>\n<\/p><\/div>\n<\/section>\n","protected":false},"excerpt":{"rendered":"<p>ORGANIZER DO LOD\u00d3WKI POJEMNIK DO PRZECHOWYWANIA Dane techniczne: Szeroko\u015b\u0107: 12,8 cm D\u0142ugo\u015b\u0107: 29,5 cm Wymiary dna: 9,8 x 26 Wysoko\u015b\u0107: 17 cm Materia\u0142: tworzywo Proste i funkcjonalne rozwi\u0105zanie do Twojego domu! Pozwoli Ci w \u0142atwy spos\u00f3b zadba\u0107 o porz\u0105dek! Wielofunkcyjny i praktyczny prostok\u0105tny organizer kuchenny. Wykonany z wysokiej jako\u015bci tworzywa, co b\u0119dzie skutkowa\u0142o d\u0142ugim okresem<br \/><a class=\"more-link\" href=\"https:\/\/bobimarket.pl\/index.php\/produkt\/organizer-do-lodowki-pojemnik-do-przechowywania-2\/\"><br \/>\n        Czytaj wi\u0119cej<span class=\"screen-reader-text\"> &#8222;ORGANIZER DO LOD\u00d3WKI POJEMNIK DO PRZECHOWYWANIA&#8221;<\/span><\/a><\/p>\n","protected":false},"featured_media":90926,"template":"","meta":[],"product_cat":[8070],"product_tag":[],"yoast_head":"<!-- This site is optimized with the Yoast SEO plugin v21.0 - https:\/\/yoast.com\/wordpress\/plugins\/seo\/ -->\n<title>ORGANIZER DO LOD\u00d3WKI POJEMNIK DO PRZECHOWYWANIA - BOBIMARKET.pl - Remontuj i urz\u0105dzaj z nami<\/title>\n<meta name=\"robots\" content=\"index, follow, max-snippet:-1, max-image-preview:large, max-video-preview:-1\" \/>\n<link rel=\"canonical\" href=\"https:\/\/bobimarket.pl\/index.php\/produkt\/organizer-do-lodowki-pojemnik-do-przechowywania-2\/\" \/>\n<meta property=\"og:locale\" content=\"pl_PL\" \/>\n<meta property=\"og:type\" content=\"article\" \/>\n<meta property=\"og:title\" content=\"ORGANIZER DO LOD\u00d3WKI POJEMNIK DO PRZECHOWYWANIA - BOBIMARKET.pl - Remontuj i urz\u0105dzaj z nami\" \/>\n<meta property=\"og:description\" content=\"ORGANIZER DO LOD\u00d3WKI POJEMNIK DO PRZECHOWYWANIA Dane techniczne: Szeroko\u015b\u0107: 12,8 cm D\u0142ugo\u015b\u0107: 29,5 cm Wymiary dna: 9,8 x 26 Wysoko\u015b\u0107: 17 cm Materia\u0142: tworzywo Proste i funkcjonalne rozwi\u0105zanie do Twojego domu! Pozwoli Ci w \u0142atwy spos\u00f3b zadba\u0107 o porz\u0105dek! Wielofunkcyjny i praktyczny prostok\u0105tny organizer kuchenny. Wykonany z wysokiej jako\u015bci tworzywa, co b\u0119dzie skutkowa\u0142o d\u0142ugim okresem     Czytaj wi\u0119cej &quot;ORGANIZER DO LOD\u00d3WKI POJEMNIK DO PRZECHOWYWANIA&quot;\" \/>\n<meta property=\"og:url\" content=\"https:\/\/bobimarket.pl\/index.php\/produkt\/organizer-do-lodowki-pojemnik-do-przechowywania-2\/\" \/>\n<meta property=\"og:site_name\" content=\"BOBIMARKET.pl - Remontuj i urz\u0105dzaj z nami\" \/>\n<meta property=\"article:modified_time\" content=\"2025-10-01T19:16:32+00:00\" \/>\n<meta property=\"og:image\" content=\"https:\/\/upload.cdn.baselinker.com\/products\/14476\/28defba5a188b52cc9dd307002b13ece.jpeg\" \/>\n<meta name=\"twitter:card\" content=\"summary_large_image\" \/>\n<meta name=\"twitter:label1\" content=\"Szacowany czas czytania\" \/>\n\t<meta name=\"twitter:data1\" content=\"1 minuta\" \/>\n<script type=\"application\/ld+json\" class=\"yoast-schema-graph\">{\"@context\":\"https:\/\/schema.org\",\"@graph\":[{\"@type\":\"WebPage\",\"@id\":\"https:\/\/bobimarket.pl\/index.php\/produkt\/organizer-do-lodowki-pojemnik-do-przechowywania-2\/\",\"url\":\"https:\/\/bobimarket.pl\/index.php\/produkt\/organizer-do-lodowki-pojemnik-do-przechowywania-2\/\",\"name\":\"ORGANIZER DO LOD\u00d3WKI POJEMNIK DO PRZECHOWYWANIA - BOBIMARKET.pl - Remontuj i urz\u0105dzaj z nami\",\"isPartOf\":{\"@id\":\"https:\/\/bobimarket.pl\/#website\"},\"datePublished\":\"2023-08-30T05:01:33+00:00\",\"dateModified\":\"2025-10-01T19:16:32+00:00\",\"breadcrumb\":{\"@id\":\"https:\/\/bobimarket.pl\/index.php\/produkt\/organizer-do-lodowki-pojemnik-do-przechowywania-2\/#breadcrumb\"},\"inLanguage\":\"pl-PL\",\"potentialAction\":[{\"@type\":\"ReadAction\",\"target\":[\"https:\/\/bobimarket.pl\/index.php\/produkt\/organizer-do-lodowki-pojemnik-do-przechowywania-2\/\"]}]},{\"@type\":\"BreadcrumbList\",\"@id\":\"https:\/\/bobimarket.pl\/index.php\/produkt\/organizer-do-lodowki-pojemnik-do-przechowywania-2\/#breadcrumb\",\"itemListElement\":[{\"@type\":\"ListItem\",\"position\":1,\"name\":\"Strona g\u0142\u00f3wna\",\"item\":\"https:\/\/bobimarket.pl\/\"},{\"@type\":\"ListItem\",\"position\":2,\"name\":\"Sklep\",\"item\":\"https:\/\/bobimarket.pl\/index.php\/shop\/\"},{\"@type\":\"ListItem\",\"position\":3,\"name\":\"ORGANIZER DO LOD\u00d3WKI POJEMNIK DO PRZECHOWYWANIA\"}]},{\"@type\":\"WebSite\",\"@id\":\"https:\/\/bobimarket.pl\/#website\",\"url\":\"https:\/\/bobimarket.pl\/\",\"name\":\"BOBIMARKET.pl - Remontuj i urz\u0105dzaj z nami\",\"description\":\"Remontuj i urz\u0105dzaj z nami\",\"publisher\":{\"@id\":\"https:\/\/bobimarket.pl\/#organization\"},\"potentialAction\":[{\"@type\":\"SearchAction\",\"target\":{\"@type\":\"EntryPoint\",\"urlTemplate\":\"https:\/\/bobimarket.pl\/?s={search_term_string}\"},\"query-input\":\"required name=search_term_string\"}],\"inLanguage\":\"pl-PL\"},{\"@type\":\"Organization\",\"@id\":\"https:\/\/bobimarket.pl\/#organization\",\"name\":\"BOBIMARKET.pl\",\"url\":\"https:\/\/bobimarket.pl\/\",\"logo\":{\"@type\":\"ImageObject\",\"inLanguage\":\"pl-PL\",\"@id\":\"https:\/\/bobimarket.pl\/#\/schema\/logo\/image\/\",\"url\":\"https:\/\/bobimarket.pl\/wp-content\/uploads\/2021\/11\/slogan.png\",\"contentUrl\":\"https:\/\/bobimarket.pl\/wp-content\/uploads\/2021\/11\/slogan.png\",\"width\":2000,\"height\":384,\"caption\":\"BOBIMARKET.pl\"},\"image\":{\"@id\":\"https:\/\/bobimarket.pl\/#\/schema\/logo\/image\/\"}}]}<\/script>\n<!-- \/ Yoast SEO plugin. -->","yoast_head_json":{"title":"ORGANIZER DO LOD\u00d3WKI POJEMNIK DO PRZECHOWYWANIA - BOBIMARKET.pl - Remontuj i urz\u0105dzaj z nami","robots":{"index":"index","follow":"follow","max-snippet":"max-snippet:-1","max-image-preview":"max-image-preview:large","max-video-preview":"max-video-preview:-1"},"canonical":"https:\/\/bobimarket.pl\/index.php\/produkt\/organizer-do-lodowki-pojemnik-do-przechowywania-2\/","og_locale":"pl_PL","og_type":"article","og_title":"ORGANIZER DO LOD\u00d3WKI POJEMNIK DO PRZECHOWYWANIA - BOBIMARKET.pl - Remontuj i urz\u0105dzaj z nami","og_description":"ORGANIZER DO LOD\u00d3WKI POJEMNIK DO PRZECHOWYWANIA Dane techniczne: Szeroko\u015b\u0107: 12,8 cm D\u0142ugo\u015b\u0107: 29,5 cm Wymiary dna: 9,8 x 26 Wysoko\u015b\u0107: 17 cm Materia\u0142: tworzywo Proste i funkcjonalne rozwi\u0105zanie do Twojego domu! Pozwoli Ci w \u0142atwy spos\u00f3b zadba\u0107 o porz\u0105dek! Wielofunkcyjny i praktyczny prostok\u0105tny organizer kuchenny. Wykonany z wysokiej jako\u015bci tworzywa, co b\u0119dzie skutkowa\u0142o d\u0142ugim okresem     Czytaj wi\u0119cej \"ORGANIZER DO LOD\u00d3WKI POJEMNIK DO PRZECHOWYWANIA\"","og_url":"https:\/\/bobimarket.pl\/index.php\/produkt\/organizer-do-lodowki-pojemnik-do-przechowywania-2\/","og_site_name":"BOBIMARKET.pl - Remontuj i urz\u0105dzaj z nami","article_modified_time":"2025-10-01T19:16:32+00:00","og_image":[{"url":"https:\/\/upload.cdn.baselinker.com\/products\/14476\/28defba5a188b52cc9dd307002b13ece.jpeg"}],"twitter_card":"summary_large_image","twitter_misc":{"Szacowany czas czytania":"1 minuta"},"schema":{"@context":"https:\/\/schema.org","@graph":[{"@type":"WebPage","@id":"https:\/\/bobimarket.pl\/index.php\/produkt\/organizer-do-lodowki-pojemnik-do-przechowywania-2\/","url":"https:\/\/bobimarket.pl\/index.php\/produkt\/organizer-do-lodowki-pojemnik-do-przechowywania-2\/","name":"ORGANIZER DO LOD\u00d3WKI POJEMNIK DO PRZECHOWYWANIA - BOBIMARKET.pl - Remontuj i urz\u0105dzaj z nami","isPartOf":{"@id":"https:\/\/bobimarket.pl\/#website"},"datePublished":"2023-08-30T05:01:33+00:00","dateModified":"2025-10-01T19:16:32+00:00","breadcrumb":{"@id":"https:\/\/bobimarket.pl\/index.php\/produkt\/organizer-do-lodowki-pojemnik-do-przechowywania-2\/#breadcrumb"},"inLanguage":"pl-PL","potentialAction":[{"@type":"ReadAction","target":["https:\/\/bobimarket.pl\/index.php\/produkt\/organizer-do-lodowki-pojemnik-do-przechowywania-2\/"]}]},{"@type":"BreadcrumbList","@id":"https:\/\/bobimarket.pl\/index.php\/produkt\/organizer-do-lodowki-pojemnik-do-przechowywania-2\/#breadcrumb","itemListElement":[{"@type":"ListItem","position":1,"name":"Strona g\u0142\u00f3wna","item":"https:\/\/bobimarket.pl\/"},{"@type":"ListItem","position":2,"name":"Sklep","item":"https:\/\/bobimarket.pl\/index.php\/shop\/"},{"@type":"ListItem","position":3,"name":"ORGANIZER DO LOD\u00d3WKI POJEMNIK DO PRZECHOWYWANIA"}]},{"@type":"WebSite","@id":"https:\/\/bobimarket.pl\/#website","url":"https:\/\/bobimarket.pl\/","name":"BOBIMARKET.pl - Remontuj i urz\u0105dzaj z nami","description":"Remontuj i urz\u0105dzaj z nami","publisher":{"@id":"https:\/\/bobimarket.pl\/#organization"},"potentialAction":[{"@type":"SearchAction","target":{"@type":"EntryPoint","urlTemplate":"https:\/\/bobimarket.pl\/?s={search_term_string}"},"query-input":"required name=search_term_string"}],"inLanguage":"pl-PL"},{"@type":"Organization","@id":"https:\/\/bobimarket.pl\/#organization","name":"BOBIMARKET.pl","url":"https:\/\/bobimarket.pl\/","logo":{"@type":"ImageObject","inLanguage":"pl-PL","@id":"https:\/\/bobimarket.pl\/#\/schema\/logo\/image\/","url":"https:\/\/bobimarket.pl\/wp-content\/uploads\/2021\/11\/slogan.png","contentUrl":"https:\/\/bobimarket.pl\/wp-content\/uploads\/2021\/11\/slogan.png","width":2000,"height":384,"caption":"BOBIMARKET.pl"},"image":{"@id":"https:\/\/bobimarket.pl\/#\/schema\/logo\/image\/"}}]}},"_links":{"self":[{"href":"https:\/\/bobimarket.pl\/index.php\/wp-json\/wp\/v2\/product\/90931"}],"collection":[{"href":"https:\/\/bobimarket.pl\/index.php\/wp-json\/wp\/v2\/product"}],"about":[{"href":"https:\/\/bobimarket.pl\/index.php\/wp-json\/wp\/v2\/types\/product"}],"wp:featuredmedia":[{"embeddable":true,"href":"https:\/\/bobimarket.pl\/index.php\/wp-json\/wp\/v2\/media\/90926"}],"wp:attachment":[{"href":"https:\/\/bobimarket.pl\/index.php\/wp-json\/wp\/v2\/media?parent=90931"}],"wp:term":[{"taxonomy":"product_cat","embeddable":true,"href":"https:\/\/bobimarket.pl\/index.php\/wp-json\/wp\/v2\/product_cat?post=90931"},{"taxonomy":"product_tag","embeddable":true,"href":"https:\/\/bobimarket.pl\/index.php\/wp-json\/wp\/v2\/product_tag?post=90931"}],"curies":[{"name":"wp","href":"https:\/\/api.w.org\/{rel}","templated":true}]}}