{"id":90965,"date":"2023-08-30T05:04:32","date_gmt":"2023-08-30T05:04:32","guid":{"rendered":"https:\/\/bobimarket.pl\/index.php\/produkt\/kuchenka-turystyczna-przenosna-palnik-14kw\/"},"modified":"2025-02-27T15:37:34","modified_gmt":"2025-02-27T15:37:34","slug":"kuchenka-turystyczna-przenosna-palnik-14kw","status":"publish","type":"product","link":"https:\/\/bobimarket.pl\/index.php\/produkt\/kuchenka-turystyczna-przenosna-palnik-14kw\/","title":{"rendered":"KUCHENKA TURYSTYCZNA PRZENO\u015aNA PALNIK 1,4kW"},"content":{"rendered":"<section class=\"section\">\n<div class=\"item item-6\">\n<section class=\"image-item\">\n            <img decoding=\"async\" src=\"https:\/\/upload.cdn.baselinker.com\/products\/14476\/d08810952fbb47912840ec754e65bdf8.jpg\" \/><br \/>\n        <\/section>\n<\/p><\/div>\n<div class=\"item item-6\">\n<section class=\"text-item\">\n<h2>KUCHENKA TURYSTYCZNA PRZENO\u015aNA PALNIK 1,4kW<\/h2>\n<p><b>Dane techniczne:<\/b><\/p>\n<ul>\n<li>Moc: <b>1,4 KW<\/b><\/li>\n<li>Materia\u0142: <b>stal, mied\u017a <\/b><\/li>\n<li>Rodzaj paliwa: <b>propan-butan<\/b><\/li>\n<li>Wymiary produktu:\u00a0 <b>21 x 20 x 2,5 cm <\/b><\/li>\n<\/ul>\n<\/section><\/div>\n<\/section>\n<section class=\"section\">\n<div class=\"item item-6\">\n<section class=\"image-item\">\n            <img decoding=\"async\" src=\"https:\/\/upload.cdn.baselinker.com\/products\/14476\/30ae24275cbade7e9273154d59ee538f.jpg\" \/><br \/>\n        <\/section>\n<\/p><\/div>\n<div class=\"item item-6\">\n<section class=\"text-item\">\n<h2>Lekka, niezwykle prosta i wygodna w u\u017cytkowaniu kuchenka turystyczna<\/h2>\n<p>Kuchenka turystyczna z pojedynczym palnikiem przeznaczona do u\u017cytku zewn\u0119trznego. Odporna na zmienne warunki atmosferyczne &#8211; produkt wykonany ze stali nierdzewnej i miedzi.<\/p>\n<ul>\n<li>Zasilana gazem sprawia, \u017ce jest kompaktowa i mo\u017ce by\u0107 u\u017cywana na ma\u0142ej przestrzeni. Dodatkowo jest ekonomiczna.<\/li>\n<li>Niewielki rozmiar sprawia, \u017ce jest \u0142atwa w transporcie. Mo\u017cna j\u0105 \u0142atwo przenosi\u0107 z miejsca na miejsce i zabiera\u0107 ze sob\u0105 na r\u00f3\u017cnego rodzaju wyjazdy.<\/li>\n<\/ul>\n<\/section><\/div>\n<\/section>\n<section class=\"section\">\n<div class=\"item item-6\">\n<section class=\"image-item\">\n            <img decoding=\"async\" src=\"https:\/\/upload.cdn.baselinker.com\/products\/14476\/06958d39209b3cf873511aebf49c7a04.jpg\" \/><br \/>\n        <\/section>\n<\/p><\/div>\n<div class=\"item item-6\">\n<section class=\"text-item\">\n<p>Przeno\u015bna kuchenka gazowa idealnie sprawdzi si\u0119 podczas turystycznych wycieczek lub biwak\u00f3w. Umo\u017cliwia przyrz\u0105dzenie ciep\u0142ego posi\u0142ki w plenerze.<\/p>\n<p><b>\u2705<\/b><b> Sprz\u0119t posiada wiele zalet:<\/b><\/p>\n<ul>\n<li>Jest lekka i \u0142atwa w transporcie.<\/li>\n<li>Nie zajmuje du\u017co miejsca.<\/li>\n<li>\u0141atwy monta\u017c, bez konieczno\u015bci u\u017cywania reduktor\u00f3w<\/li>\n<\/ul>\n<\/section><\/div>\n<\/section>\n","protected":false},"excerpt":{"rendered":"<p>KUCHENKA TURYSTYCZNA PRZENO\u015aNA PALNIK 1,4kW Dane techniczne: Moc: 1,4 KW Materia\u0142: stal, mied\u017a Rodzaj paliwa: propan-butan Wymiary produktu:\u00a0 21 x 20 x 2,5 cm Lekka, niezwykle prosta i wygodna w u\u017cytkowaniu kuchenka turystyczna Kuchenka turystyczna z pojedynczym palnikiem przeznaczona do u\u017cytku zewn\u0119trznego. Odporna na zmienne warunki atmosferyczne &#8211; produkt wykonany ze stali nierdzewnej i miedzi.<br \/><a class=\"more-link\" href=\"https:\/\/bobimarket.pl\/index.php\/produkt\/kuchenka-turystyczna-przenosna-palnik-14kw\/\"><br \/>\n        Czytaj wi\u0119cej<span class=\"screen-reader-text\"> &#8222;KUCHENKA TURYSTYCZNA PRZENO\u015aNA PALNIK 1,4kW&#8221;<\/span><\/a><\/p>\n","protected":false},"featured_media":90962,"template":"","meta":[],"product_cat":[8153],"product_tag":[],"yoast_head":"<!-- This site is optimized with the Yoast SEO plugin v21.0 - https:\/\/yoast.com\/wordpress\/plugins\/seo\/ -->\n<title>KUCHENKA TURYSTYCZNA PRZENO\u015aNA PALNIK 1,4kW - BOBIMARKET.pl - Remontuj i urz\u0105dzaj z nami<\/title>\n<meta name=\"robots\" content=\"index, follow, max-snippet:-1, max-image-preview:large, max-video-preview:-1\" \/>\n<link rel=\"canonical\" href=\"https:\/\/bobimarket.pl\/index.php\/produkt\/kuchenka-turystyczna-przenosna-palnik-14kw\/\" \/>\n<meta property=\"og:locale\" content=\"pl_PL\" \/>\n<meta property=\"og:type\" content=\"article\" \/>\n<meta property=\"og:title\" content=\"KUCHENKA TURYSTYCZNA PRZENO\u015aNA PALNIK 1,4kW - BOBIMARKET.pl - Remontuj i urz\u0105dzaj z nami\" \/>\n<meta property=\"og:description\" content=\"KUCHENKA TURYSTYCZNA PRZENO\u015aNA PALNIK 1,4kW Dane techniczne: Moc: 1,4 KW Materia\u0142: stal, mied\u017a Rodzaj paliwa: propan-butan Wymiary produktu:\u00a0 21 x 20 x 2,5 cm Lekka, niezwykle prosta i wygodna w u\u017cytkowaniu kuchenka turystyczna Kuchenka turystyczna z pojedynczym palnikiem przeznaczona do u\u017cytku zewn\u0119trznego. Odporna na zmienne warunki atmosferyczne &#8211; produkt wykonany ze stali nierdzewnej i miedzi.     Czytaj wi\u0119cej &quot;KUCHENKA TURYSTYCZNA PRZENO\u015aNA PALNIK 1,4kW&quot;\" \/>\n<meta property=\"og:url\" content=\"https:\/\/bobimarket.pl\/index.php\/produkt\/kuchenka-turystyczna-przenosna-palnik-14kw\/\" \/>\n<meta property=\"og:site_name\" content=\"BOBIMARKET.pl - Remontuj i urz\u0105dzaj z nami\" \/>\n<meta property=\"article:modified_time\" content=\"2025-02-27T15:37:34+00:00\" \/>\n<meta property=\"og:image\" content=\"https:\/\/upload.cdn.baselinker.com\/products\/14476\/d08810952fbb47912840ec754e65bdf8.jpg\" \/>\n<meta name=\"twitter:card\" content=\"summary_large_image\" \/>\n<meta name=\"twitter:label1\" content=\"Szacowany czas czytania\" \/>\n\t<meta name=\"twitter:data1\" content=\"1 minuta\" \/>\n<script type=\"application\/ld+json\" class=\"yoast-schema-graph\">{\"@context\":\"https:\/\/schema.org\",\"@graph\":[{\"@type\":\"WebPage\",\"@id\":\"https:\/\/bobimarket.pl\/index.php\/produkt\/kuchenka-turystyczna-przenosna-palnik-14kw\/\",\"url\":\"https:\/\/bobimarket.pl\/index.php\/produkt\/kuchenka-turystyczna-przenosna-palnik-14kw\/\",\"name\":\"KUCHENKA TURYSTYCZNA PRZENO\u015aNA PALNIK 1,4kW - BOBIMARKET.pl - Remontuj i urz\u0105dzaj z nami\",\"isPartOf\":{\"@id\":\"https:\/\/bobimarket.pl\/#website\"},\"datePublished\":\"2023-08-30T05:04:32+00:00\",\"dateModified\":\"2025-02-27T15:37:34+00:00\",\"breadcrumb\":{\"@id\":\"https:\/\/bobimarket.pl\/index.php\/produkt\/kuchenka-turystyczna-przenosna-palnik-14kw\/#breadcrumb\"},\"inLanguage\":\"pl-PL\",\"potentialAction\":[{\"@type\":\"ReadAction\",\"target\":[\"https:\/\/bobimarket.pl\/index.php\/produkt\/kuchenka-turystyczna-przenosna-palnik-14kw\/\"]}]},{\"@type\":\"BreadcrumbList\",\"@id\":\"https:\/\/bobimarket.pl\/index.php\/produkt\/kuchenka-turystyczna-przenosna-palnik-14kw\/#breadcrumb\",\"itemListElement\":[{\"@type\":\"ListItem\",\"position\":1,\"name\":\"Strona g\u0142\u00f3wna\",\"item\":\"https:\/\/bobimarket.pl\/\"},{\"@type\":\"ListItem\",\"position\":2,\"name\":\"Sklep\",\"item\":\"https:\/\/bobimarket.pl\/index.php\/shop\/\"},{\"@type\":\"ListItem\",\"position\":3,\"name\":\"KUCHENKA TURYSTYCZNA PRZENO\u015aNA PALNIK 1,4kW\"}]},{\"@type\":\"WebSite\",\"@id\":\"https:\/\/bobimarket.pl\/#website\",\"url\":\"https:\/\/bobimarket.pl\/\",\"name\":\"BOBIMARKET.pl - Remontuj i urz\u0105dzaj z nami\",\"description\":\"Remontuj i urz\u0105dzaj z nami\",\"publisher\":{\"@id\":\"https:\/\/bobimarket.pl\/#organization\"},\"potentialAction\":[{\"@type\":\"SearchAction\",\"target\":{\"@type\":\"EntryPoint\",\"urlTemplate\":\"https:\/\/bobimarket.pl\/?s={search_term_string}\"},\"query-input\":\"required name=search_term_string\"}],\"inLanguage\":\"pl-PL\"},{\"@type\":\"Organization\",\"@id\":\"https:\/\/bobimarket.pl\/#organization\",\"name\":\"BOBIMARKET.pl\",\"url\":\"https:\/\/bobimarket.pl\/\",\"logo\":{\"@type\":\"ImageObject\",\"inLanguage\":\"pl-PL\",\"@id\":\"https:\/\/bobimarket.pl\/#\/schema\/logo\/image\/\",\"url\":\"https:\/\/bobimarket.pl\/wp-content\/uploads\/2021\/11\/slogan.png\",\"contentUrl\":\"https:\/\/bobimarket.pl\/wp-content\/uploads\/2021\/11\/slogan.png\",\"width\":2000,\"height\":384,\"caption\":\"BOBIMARKET.pl\"},\"image\":{\"@id\":\"https:\/\/bobimarket.pl\/#\/schema\/logo\/image\/\"}}]}<\/script>\n<!-- \/ Yoast SEO plugin. -->","yoast_head_json":{"title":"KUCHENKA TURYSTYCZNA PRZENO\u015aNA PALNIK 1,4kW - BOBIMARKET.pl - Remontuj i urz\u0105dzaj z nami","robots":{"index":"index","follow":"follow","max-snippet":"max-snippet:-1","max-image-preview":"max-image-preview:large","max-video-preview":"max-video-preview:-1"},"canonical":"https:\/\/bobimarket.pl\/index.php\/produkt\/kuchenka-turystyczna-przenosna-palnik-14kw\/","og_locale":"pl_PL","og_type":"article","og_title":"KUCHENKA TURYSTYCZNA PRZENO\u015aNA PALNIK 1,4kW - BOBIMARKET.pl - Remontuj i urz\u0105dzaj z nami","og_description":"KUCHENKA TURYSTYCZNA PRZENO\u015aNA PALNIK 1,4kW Dane techniczne: Moc: 1,4 KW Materia\u0142: stal, mied\u017a Rodzaj paliwa: propan-butan Wymiary produktu:\u00a0 21 x 20 x 2,5 cm Lekka, niezwykle prosta i wygodna w u\u017cytkowaniu kuchenka turystyczna Kuchenka turystyczna z pojedynczym palnikiem przeznaczona do u\u017cytku zewn\u0119trznego. Odporna na zmienne warunki atmosferyczne &#8211; produkt wykonany ze stali nierdzewnej i miedzi.     Czytaj wi\u0119cej \"KUCHENKA TURYSTYCZNA PRZENO\u015aNA PALNIK 1,4kW\"","og_url":"https:\/\/bobimarket.pl\/index.php\/produkt\/kuchenka-turystyczna-przenosna-palnik-14kw\/","og_site_name":"BOBIMARKET.pl - Remontuj i urz\u0105dzaj z nami","article_modified_time":"2025-02-27T15:37:34+00:00","og_image":[{"url":"https:\/\/upload.cdn.baselinker.com\/products\/14476\/d08810952fbb47912840ec754e65bdf8.jpg"}],"twitter_card":"summary_large_image","twitter_misc":{"Szacowany czas czytania":"1 minuta"},"schema":{"@context":"https:\/\/schema.org","@graph":[{"@type":"WebPage","@id":"https:\/\/bobimarket.pl\/index.php\/produkt\/kuchenka-turystyczna-przenosna-palnik-14kw\/","url":"https:\/\/bobimarket.pl\/index.php\/produkt\/kuchenka-turystyczna-przenosna-palnik-14kw\/","name":"KUCHENKA TURYSTYCZNA PRZENO\u015aNA PALNIK 1,4kW - BOBIMARKET.pl - Remontuj i urz\u0105dzaj z nami","isPartOf":{"@id":"https:\/\/bobimarket.pl\/#website"},"datePublished":"2023-08-30T05:04:32+00:00","dateModified":"2025-02-27T15:37:34+00:00","breadcrumb":{"@id":"https:\/\/bobimarket.pl\/index.php\/produkt\/kuchenka-turystyczna-przenosna-palnik-14kw\/#breadcrumb"},"inLanguage":"pl-PL","potentialAction":[{"@type":"ReadAction","target":["https:\/\/bobimarket.pl\/index.php\/produkt\/kuchenka-turystyczna-przenosna-palnik-14kw\/"]}]},{"@type":"BreadcrumbList","@id":"https:\/\/bobimarket.pl\/index.php\/produkt\/kuchenka-turystyczna-przenosna-palnik-14kw\/#breadcrumb","itemListElement":[{"@type":"ListItem","position":1,"name":"Strona g\u0142\u00f3wna","item":"https:\/\/bobimarket.pl\/"},{"@type":"ListItem","position":2,"name":"Sklep","item":"https:\/\/bobimarket.pl\/index.php\/shop\/"},{"@type":"ListItem","position":3,"name":"KUCHENKA TURYSTYCZNA PRZENO\u015aNA PALNIK 1,4kW"}]},{"@type":"WebSite","@id":"https:\/\/bobimarket.pl\/#website","url":"https:\/\/bobimarket.pl\/","name":"BOBIMARKET.pl - Remontuj i urz\u0105dzaj z nami","description":"Remontuj i urz\u0105dzaj z nami","publisher":{"@id":"https:\/\/bobimarket.pl\/#organization"},"potentialAction":[{"@type":"SearchAction","target":{"@type":"EntryPoint","urlTemplate":"https:\/\/bobimarket.pl\/?s={search_term_string}"},"query-input":"required name=search_term_string"}],"inLanguage":"pl-PL"},{"@type":"Organization","@id":"https:\/\/bobimarket.pl\/#organization","name":"BOBIMARKET.pl","url":"https:\/\/bobimarket.pl\/","logo":{"@type":"ImageObject","inLanguage":"pl-PL","@id":"https:\/\/bobimarket.pl\/#\/schema\/logo\/image\/","url":"https:\/\/bobimarket.pl\/wp-content\/uploads\/2021\/11\/slogan.png","contentUrl":"https:\/\/bobimarket.pl\/wp-content\/uploads\/2021\/11\/slogan.png","width":2000,"height":384,"caption":"BOBIMARKET.pl"},"image":{"@id":"https:\/\/bobimarket.pl\/#\/schema\/logo\/image\/"}}]}},"_links":{"self":[{"href":"https:\/\/bobimarket.pl\/index.php\/wp-json\/wp\/v2\/product\/90965"}],"collection":[{"href":"https:\/\/bobimarket.pl\/index.php\/wp-json\/wp\/v2\/product"}],"about":[{"href":"https:\/\/bobimarket.pl\/index.php\/wp-json\/wp\/v2\/types\/product"}],"wp:featuredmedia":[{"embeddable":true,"href":"https:\/\/bobimarket.pl\/index.php\/wp-json\/wp\/v2\/media\/90962"}],"wp:attachment":[{"href":"https:\/\/bobimarket.pl\/index.php\/wp-json\/wp\/v2\/media?parent=90965"}],"wp:term":[{"taxonomy":"product_cat","embeddable":true,"href":"https:\/\/bobimarket.pl\/index.php\/wp-json\/wp\/v2\/product_cat?post=90965"},{"taxonomy":"product_tag","embeddable":true,"href":"https:\/\/bobimarket.pl\/index.php\/wp-json\/wp\/v2\/product_tag?post=90965"}],"curies":[{"name":"wp","href":"https:\/\/api.w.org\/{rel}","templated":true}]}}