{"id":91002,"date":"2023-08-30T05:07:39","date_gmt":"2023-08-30T05:07:39","guid":{"rendered":"https:\/\/bobimarket.pl\/index.php\/produkt\/wkretarka-akumulatorowa-wkretak-wiertla-bity-24szt\/"},"modified":"2025-02-27T15:38:00","modified_gmt":"2025-02-27T15:38:00","slug":"wkretarka-akumulatorowa-wkretak-wiertla-bity-24szt","status":"publish","type":"product","link":"https:\/\/bobimarket.pl\/index.php\/produkt\/wkretarka-akumulatorowa-wkretak-wiertla-bity-24szt\/","title":{"rendered":"WKR\u0118TARKA AKUMULATOROWA WKR\u0118TAK WIERT\u0141A BITY 24szt"},"content":{"rendered":"<section class=\"section\">\n<div class=\"item item-6\">\n<section class=\"image-item\">\n            <img decoding=\"async\" src=\"https:\/\/upload.cdn.baselinker.com\/products\/14476\/eadc594459385e9ff1972933ec54cddd.jpg\" \/><br \/>\n        <\/section>\n<\/p><\/div>\n<div class=\"item item-6\">\n<section class=\"text-item\">\n<h2>WKR\u0118TARKA AKUMULATOROWA WKR\u0118TAK WIERT\u0141A BITY 24szt<\/h2>\n<p><b>Dane techniczne:<\/b><\/p>\n<ul>\n<li>Napi\u0119cie akumulatora: 3,6 V<\/li>\n<li>Pr\u0119dko\u015b\u0107 obrotowa: 0-150 obr\/min<\/li>\n<li>Maksymalny moment obrotowy: 3 Nm<\/li>\n<li>Pojemno\u015b\u0107 akumulatora: 1,3 Ah<\/li>\n<li>Bateria: Litowo-jonowa<\/li>\n<li>Czas \u0142adowania: 3-5 h<\/li>\n<li>Napi\u0119cie zasilaj\u0105ce \u0142adowark\u0119: 220-230 V<\/li>\n<li>W zestawie bity 24 szt.<\/li>\n<li>Wkr\u0119tak akumulatorowy 3,6 V, 24 szt bit\u00f3w<\/li>\n<li>Wymiary wkr\u0119taka: ok 130 x 145 x 35 mm<\/li>\n<\/ul>\n<\/section><\/div>\n<\/section>\n<section class=\"section\">\n<div class=\"item item-6\">\n<section class=\"image-item\">\n            <img decoding=\"async\" src=\"https:\/\/upload.cdn.baselinker.com\/products\/14476\/d478c19bd3f3fd90cd9d532eaaa122cb.jpg\" \/><br \/>\n        <\/section>\n<\/p><\/div>\n<div class=\"item item-6\">\n<section class=\"text-item\">\n<h2>Ma\u0142y i por\u0119czny wkr\u0119tak akumulatorowy do lekkich prac domowych.<\/h2>\n<p>Wkr\u0119tak akumulatorowy z dodatkowymi elementami b\u0119dzie si\u0119 idealnie nadawa\u0142 dla ka\u017cdego majsterkowicza. W zestawie znajduje si\u0119 25 element\u00f3w, kt\u00f3re pozwol\u0105 na wykonanie prostych prac domowych w \u0142atwy i przyjemny spos\u00f3b.<\/p>\n<p><b>\u2705 W zestawie a\u017c 25 element\u00f3w:<\/b><\/p>\n<ul>\n<li>1 szt. x wkr\u0119taka akumulatorowego<\/li>\n<li>3 szt x\u00a0 wiert\u0142a<\/li>\n<li>1 szt. x przed\u0142u\u017cka\u00a0<\/li>\n<li>20 szt. x bit<\/li>\n<\/ul>\n<\/section><\/div>\n<\/section>\n<section class=\"section\">\n<div class=\"item item-6\">\n<section class=\"image-item\">\n            <img decoding=\"async\" src=\"https:\/\/upload.cdn.baselinker.com\/products\/14476\/130f6c05adbeec501d0b39982c957c8d.jpg\" \/><br \/>\n        <\/section>\n<\/p><\/div>\n<div class=\"item item-6\">\n<section class=\"text-item\">\n<p>\u2705<b> Niewielkie wymiary<\/b> narz\u0119dzie sprawiaj\u0105, \u017ce jest ono niezwykle por\u0119czne. Wkr\u0119tark\u0119 mo\u017cna u\u017cy\u0107 w trudno dost\u0119pnych miejscach.\u00a0 Dodatkowo jej przechowywanie nie jest problematyczne.<\/p>\n<p>\u2705 Wkr\u0119tarka posiada<b> wska\u017anika na\u0142adowania baterii<\/b>. Z \u0142atwo\u015bci\u0105 mo\u017cemy kontrolowa\u0107 poziom na\u0142adowania i w odpowiednim momencie pod\u0142\u0105czy\u0107 sprz\u0119t do \u0142adowarki.<\/p>\n<p>\u2705 W sk\u0142ad zestawy wchodz\u0105 dodatkowe elementy. Bity, przed\u0142u\u017cka oraz wiert\u0142a stanowi\u0105 doskona\u0142e uzupe\u0142nienie wkr\u0119tarki i tworz\u0105 razem idealny komplet.<\/p>\n<\/section><\/div>\n<\/section>\n<section class=\"section\">\n<div class=\"item item-6\">\n<section class=\"image-item\">\n            <img decoding=\"async\" src=\"https:\/\/upload.cdn.baselinker.com\/products\/14476\/d478c19bd3f3fd90cd9d532eaaa122cb.jpg\" \/><br \/>\n        <\/section>\n<\/p><\/div>\n<div class=\"item item-6\">\n<section class=\"text-item\">\n<h2>W zestawie a\u017c 25 element\u00f3w:<\/h2>\n<p><b>\u2705 1 szt. x wkr\u0119tarka akumulatorowa<\/b><\/p>\n<p><b>\u2705 3 szt. wierte\u0142 HSS <\/b><\/p>\n<ul>\n<li>\u015arednica wiert\u0142a:<b> 3,0 <\/b><b>mm<\/b><\/li>\n<li>\u015arednica wiert\u0142a:<b> 2,5 <\/b><b>mm<\/b><\/li>\n<li>\u015arednica wiert\u0142a:<b> 2,0 <\/b><b>mm<\/b><\/li>\n<\/ul>\n<p><b>\u2705 1 szt. przed\u0142u\u017cki ( adaptera) <\/b><\/p>\n<p><b>\u2705 20 szt. bit\u00f3w\u00a0 <\/b><\/p>\n<ul>\n<li>bit przed\u0142u\u017cany PH2<\/li>\n<li>bit przed\u0142u\u017cany rowkowy 4<\/li>\n<li>bit rowkowy 3<\/li>\n<li>bit rowkowy 3<\/li>\n<li>bit rowkowy 4<\/li>\n<li>bit rowkowy 4,5<\/li>\n<li>bit H1,5<\/li>\n<li>bit H4<\/li>\n<li>bit PH0<\/li>\n<li>bit PH1<\/li>\n<li>bit PH2<\/li>\n<li>bit PH2<\/li>\n<li>bit PH3<\/li>\n<li>bit PZ3<\/li>\n<li>bit T8<\/li>\n<li>bit T10<\/li>\n<li>bit T15<\/li>\n<li>bit T20<\/li>\n<li>bit PZ0<\/li>\n<li>bit PZ2<\/li>\n<\/ul>\n<\/section><\/div>\n<\/section>\n","protected":false},"excerpt":{"rendered":"<p>WKR\u0118TARKA AKUMULATOROWA WKR\u0118TAK WIERT\u0141A BITY 24szt Dane techniczne: Napi\u0119cie akumulatora: 3,6 V Pr\u0119dko\u015b\u0107 obrotowa: 0-150 obr\/min Maksymalny moment obrotowy: 3 Nm Pojemno\u015b\u0107 akumulatora: 1,3 Ah Bateria: Litowo-jonowa Czas \u0142adowania: 3-5 h Napi\u0119cie zasilaj\u0105ce \u0142adowark\u0119: 220-230 V W zestawie bity 24 szt. Wkr\u0119tak akumulatorowy 3,6 V, 24 szt bit\u00f3w Wymiary wkr\u0119taka: ok 130 x 145 x<br \/><a class=\"more-link\" href=\"https:\/\/bobimarket.pl\/index.php\/produkt\/wkretarka-akumulatorowa-wkretak-wiertla-bity-24szt\/\"><br \/>\n        Czytaj wi\u0119cej<span class=\"screen-reader-text\"> &#8222;WKR\u0118TARKA AKUMULATOROWA WKR\u0118TAK WIERT\u0141A BITY 24szt&#8221;<\/span><\/a><\/p>\n","protected":false},"featured_media":90999,"template":"","meta":[],"product_cat":[8162],"product_tag":[],"yoast_head":"<!-- This site is optimized with the Yoast SEO plugin v21.0 - https:\/\/yoast.com\/wordpress\/plugins\/seo\/ -->\n<title>WKR\u0118TARKA AKUMULATOROWA WKR\u0118TAK WIERT\u0141A BITY 24szt - BOBIMARKET.pl - Remontuj i urz\u0105dzaj z nami<\/title>\n<meta name=\"robots\" content=\"index, follow, max-snippet:-1, max-image-preview:large, max-video-preview:-1\" \/>\n<link rel=\"canonical\" href=\"https:\/\/bobimarket.pl\/index.php\/produkt\/wkretarka-akumulatorowa-wkretak-wiertla-bity-24szt\/\" \/>\n<meta property=\"og:locale\" content=\"pl_PL\" \/>\n<meta property=\"og:type\" content=\"article\" \/>\n<meta property=\"og:title\" content=\"WKR\u0118TARKA AKUMULATOROWA WKR\u0118TAK WIERT\u0141A BITY 24szt - BOBIMARKET.pl - Remontuj i urz\u0105dzaj z nami\" \/>\n<meta property=\"og:description\" content=\"WKR\u0118TARKA AKUMULATOROWA WKR\u0118TAK WIERT\u0141A BITY 24szt Dane techniczne: Napi\u0119cie akumulatora: 3,6 V Pr\u0119dko\u015b\u0107 obrotowa: 0-150 obr\/min Maksymalny moment obrotowy: 3 Nm Pojemno\u015b\u0107 akumulatora: 1,3 Ah Bateria: Litowo-jonowa Czas \u0142adowania: 3-5 h Napi\u0119cie zasilaj\u0105ce \u0142adowark\u0119: 220-230 V W zestawie bity 24 szt. Wkr\u0119tak akumulatorowy 3,6 V, 24 szt bit\u00f3w Wymiary wkr\u0119taka: ok 130 x 145 x     Czytaj wi\u0119cej &quot;WKR\u0118TARKA AKUMULATOROWA WKR\u0118TAK WIERT\u0141A BITY 24szt&quot;\" \/>\n<meta property=\"og:url\" content=\"https:\/\/bobimarket.pl\/index.php\/produkt\/wkretarka-akumulatorowa-wkretak-wiertla-bity-24szt\/\" \/>\n<meta property=\"og:site_name\" content=\"BOBIMARKET.pl - Remontuj i urz\u0105dzaj z nami\" \/>\n<meta property=\"article:modified_time\" content=\"2025-02-27T15:38:00+00:00\" \/>\n<meta property=\"og:image\" content=\"https:\/\/upload.cdn.baselinker.com\/products\/14476\/eadc594459385e9ff1972933ec54cddd.jpg\" \/>\n<meta name=\"twitter:card\" content=\"summary_large_image\" \/>\n<meta name=\"twitter:label1\" content=\"Szacowany czas czytania\" \/>\n\t<meta name=\"twitter:data1\" content=\"1 minuta\" \/>\n<script type=\"application\/ld+json\" class=\"yoast-schema-graph\">{\"@context\":\"https:\/\/schema.org\",\"@graph\":[{\"@type\":\"WebPage\",\"@id\":\"https:\/\/bobimarket.pl\/index.php\/produkt\/wkretarka-akumulatorowa-wkretak-wiertla-bity-24szt\/\",\"url\":\"https:\/\/bobimarket.pl\/index.php\/produkt\/wkretarka-akumulatorowa-wkretak-wiertla-bity-24szt\/\",\"name\":\"WKR\u0118TARKA AKUMULATOROWA WKR\u0118TAK WIERT\u0141A BITY 24szt - BOBIMARKET.pl - Remontuj i urz\u0105dzaj z nami\",\"isPartOf\":{\"@id\":\"https:\/\/bobimarket.pl\/#website\"},\"datePublished\":\"2023-08-30T05:07:39+00:00\",\"dateModified\":\"2025-02-27T15:38:00+00:00\",\"breadcrumb\":{\"@id\":\"https:\/\/bobimarket.pl\/index.php\/produkt\/wkretarka-akumulatorowa-wkretak-wiertla-bity-24szt\/#breadcrumb\"},\"inLanguage\":\"pl-PL\",\"potentialAction\":[{\"@type\":\"ReadAction\",\"target\":[\"https:\/\/bobimarket.pl\/index.php\/produkt\/wkretarka-akumulatorowa-wkretak-wiertla-bity-24szt\/\"]}]},{\"@type\":\"BreadcrumbList\",\"@id\":\"https:\/\/bobimarket.pl\/index.php\/produkt\/wkretarka-akumulatorowa-wkretak-wiertla-bity-24szt\/#breadcrumb\",\"itemListElement\":[{\"@type\":\"ListItem\",\"position\":1,\"name\":\"Strona g\u0142\u00f3wna\",\"item\":\"https:\/\/bobimarket.pl\/\"},{\"@type\":\"ListItem\",\"position\":2,\"name\":\"Sklep\",\"item\":\"https:\/\/bobimarket.pl\/index.php\/shop\/\"},{\"@type\":\"ListItem\",\"position\":3,\"name\":\"WKR\u0118TARKA AKUMULATOROWA WKR\u0118TAK WIERT\u0141A BITY 24szt\"}]},{\"@type\":\"WebSite\",\"@id\":\"https:\/\/bobimarket.pl\/#website\",\"url\":\"https:\/\/bobimarket.pl\/\",\"name\":\"BOBIMARKET.pl - Remontuj i urz\u0105dzaj z nami\",\"description\":\"Remontuj i urz\u0105dzaj z nami\",\"publisher\":{\"@id\":\"https:\/\/bobimarket.pl\/#organization\"},\"potentialAction\":[{\"@type\":\"SearchAction\",\"target\":{\"@type\":\"EntryPoint\",\"urlTemplate\":\"https:\/\/bobimarket.pl\/?s={search_term_string}\"},\"query-input\":\"required name=search_term_string\"}],\"inLanguage\":\"pl-PL\"},{\"@type\":\"Organization\",\"@id\":\"https:\/\/bobimarket.pl\/#organization\",\"name\":\"BOBIMARKET.pl\",\"url\":\"https:\/\/bobimarket.pl\/\",\"logo\":{\"@type\":\"ImageObject\",\"inLanguage\":\"pl-PL\",\"@id\":\"https:\/\/bobimarket.pl\/#\/schema\/logo\/image\/\",\"url\":\"https:\/\/bobimarket.pl\/wp-content\/uploads\/2021\/11\/slogan.png\",\"contentUrl\":\"https:\/\/bobimarket.pl\/wp-content\/uploads\/2021\/11\/slogan.png\",\"width\":2000,\"height\":384,\"caption\":\"BOBIMARKET.pl\"},\"image\":{\"@id\":\"https:\/\/bobimarket.pl\/#\/schema\/logo\/image\/\"}}]}<\/script>\n<!-- \/ Yoast SEO plugin. -->","yoast_head_json":{"title":"WKR\u0118TARKA AKUMULATOROWA WKR\u0118TAK WIERT\u0141A BITY 24szt - BOBIMARKET.pl - Remontuj i urz\u0105dzaj z nami","robots":{"index":"index","follow":"follow","max-snippet":"max-snippet:-1","max-image-preview":"max-image-preview:large","max-video-preview":"max-video-preview:-1"},"canonical":"https:\/\/bobimarket.pl\/index.php\/produkt\/wkretarka-akumulatorowa-wkretak-wiertla-bity-24szt\/","og_locale":"pl_PL","og_type":"article","og_title":"WKR\u0118TARKA AKUMULATOROWA WKR\u0118TAK WIERT\u0141A BITY 24szt - BOBIMARKET.pl - Remontuj i urz\u0105dzaj z nami","og_description":"WKR\u0118TARKA AKUMULATOROWA WKR\u0118TAK WIERT\u0141A BITY 24szt Dane techniczne: Napi\u0119cie akumulatora: 3,6 V Pr\u0119dko\u015b\u0107 obrotowa: 0-150 obr\/min Maksymalny moment obrotowy: 3 Nm Pojemno\u015b\u0107 akumulatora: 1,3 Ah Bateria: Litowo-jonowa Czas \u0142adowania: 3-5 h Napi\u0119cie zasilaj\u0105ce \u0142adowark\u0119: 220-230 V W zestawie bity 24 szt. Wkr\u0119tak akumulatorowy 3,6 V, 24 szt bit\u00f3w Wymiary wkr\u0119taka: ok 130 x 145 x     Czytaj wi\u0119cej \"WKR\u0118TARKA AKUMULATOROWA WKR\u0118TAK WIERT\u0141A BITY 24szt\"","og_url":"https:\/\/bobimarket.pl\/index.php\/produkt\/wkretarka-akumulatorowa-wkretak-wiertla-bity-24szt\/","og_site_name":"BOBIMARKET.pl - Remontuj i urz\u0105dzaj z nami","article_modified_time":"2025-02-27T15:38:00+00:00","og_image":[{"url":"https:\/\/upload.cdn.baselinker.com\/products\/14476\/eadc594459385e9ff1972933ec54cddd.jpg"}],"twitter_card":"summary_large_image","twitter_misc":{"Szacowany czas czytania":"1 minuta"},"schema":{"@context":"https:\/\/schema.org","@graph":[{"@type":"WebPage","@id":"https:\/\/bobimarket.pl\/index.php\/produkt\/wkretarka-akumulatorowa-wkretak-wiertla-bity-24szt\/","url":"https:\/\/bobimarket.pl\/index.php\/produkt\/wkretarka-akumulatorowa-wkretak-wiertla-bity-24szt\/","name":"WKR\u0118TARKA AKUMULATOROWA WKR\u0118TAK WIERT\u0141A BITY 24szt - BOBIMARKET.pl - Remontuj i urz\u0105dzaj z nami","isPartOf":{"@id":"https:\/\/bobimarket.pl\/#website"},"datePublished":"2023-08-30T05:07:39+00:00","dateModified":"2025-02-27T15:38:00+00:00","breadcrumb":{"@id":"https:\/\/bobimarket.pl\/index.php\/produkt\/wkretarka-akumulatorowa-wkretak-wiertla-bity-24szt\/#breadcrumb"},"inLanguage":"pl-PL","potentialAction":[{"@type":"ReadAction","target":["https:\/\/bobimarket.pl\/index.php\/produkt\/wkretarka-akumulatorowa-wkretak-wiertla-bity-24szt\/"]}]},{"@type":"BreadcrumbList","@id":"https:\/\/bobimarket.pl\/index.php\/produkt\/wkretarka-akumulatorowa-wkretak-wiertla-bity-24szt\/#breadcrumb","itemListElement":[{"@type":"ListItem","position":1,"name":"Strona g\u0142\u00f3wna","item":"https:\/\/bobimarket.pl\/"},{"@type":"ListItem","position":2,"name":"Sklep","item":"https:\/\/bobimarket.pl\/index.php\/shop\/"},{"@type":"ListItem","position":3,"name":"WKR\u0118TARKA AKUMULATOROWA WKR\u0118TAK WIERT\u0141A BITY 24szt"}]},{"@type":"WebSite","@id":"https:\/\/bobimarket.pl\/#website","url":"https:\/\/bobimarket.pl\/","name":"BOBIMARKET.pl - Remontuj i urz\u0105dzaj z nami","description":"Remontuj i urz\u0105dzaj z nami","publisher":{"@id":"https:\/\/bobimarket.pl\/#organization"},"potentialAction":[{"@type":"SearchAction","target":{"@type":"EntryPoint","urlTemplate":"https:\/\/bobimarket.pl\/?s={search_term_string}"},"query-input":"required name=search_term_string"}],"inLanguage":"pl-PL"},{"@type":"Organization","@id":"https:\/\/bobimarket.pl\/#organization","name":"BOBIMARKET.pl","url":"https:\/\/bobimarket.pl\/","logo":{"@type":"ImageObject","inLanguage":"pl-PL","@id":"https:\/\/bobimarket.pl\/#\/schema\/logo\/image\/","url":"https:\/\/bobimarket.pl\/wp-content\/uploads\/2021\/11\/slogan.png","contentUrl":"https:\/\/bobimarket.pl\/wp-content\/uploads\/2021\/11\/slogan.png","width":2000,"height":384,"caption":"BOBIMARKET.pl"},"image":{"@id":"https:\/\/bobimarket.pl\/#\/schema\/logo\/image\/"}}]}},"_links":{"self":[{"href":"https:\/\/bobimarket.pl\/index.php\/wp-json\/wp\/v2\/product\/91002"}],"collection":[{"href":"https:\/\/bobimarket.pl\/index.php\/wp-json\/wp\/v2\/product"}],"about":[{"href":"https:\/\/bobimarket.pl\/index.php\/wp-json\/wp\/v2\/types\/product"}],"wp:featuredmedia":[{"embeddable":true,"href":"https:\/\/bobimarket.pl\/index.php\/wp-json\/wp\/v2\/media\/90999"}],"wp:attachment":[{"href":"https:\/\/bobimarket.pl\/index.php\/wp-json\/wp\/v2\/media?parent=91002"}],"wp:term":[{"taxonomy":"product_cat","embeddable":true,"href":"https:\/\/bobimarket.pl\/index.php\/wp-json\/wp\/v2\/product_cat?post=91002"},{"taxonomy":"product_tag","embeddable":true,"href":"https:\/\/bobimarket.pl\/index.php\/wp-json\/wp\/v2\/product_tag?post=91002"}],"curies":[{"name":"wp","href":"https:\/\/api.w.org\/{rel}","templated":true}]}}